{"id":78121,"date":"2023-06-29T10:39:08","date_gmt":"2023-06-29T17:39:08","guid":{"rendered":"https:\/\/www.act.com\/?page_id=78121"},"modified":"2024-01-22T15:52:56","modified_gmt":"2024-01-22T22:52:56","slug":"mises-a-jour-act-v25-francais","status":"publish","type":"page","link":"https:\/\/products.act.com\/fr\/mises-a-jour-act-v25-francais\/","title":{"rendered":"Mises \u00e0 jour Act! v25 | Fran\u00e7ais"},"content":{"rendered":"\t\t<div data-elementor-type=\"wp-page\" data-elementor-id=\"78121\" class=\"elementor elementor-78121 elementor-78026\" data-elementor-post-type=\"page\">\n\t\t\t\t\t\t<section class=\"elementor-section elementor-top-section elementor-element elementor-element-4a53e01 topSctGlb elementor-section-boxed elementor-section-height-default elementor-section-height-default\" data-id=\"4a53e01\" data-element_type=\"section\" data-settings=\"{&quot;background_background&quot;:&quot;gradient&quot;}\">\n\t\t\t\t\t\t\t<div class=\"elementor-background-overlay\"><\/div>\n\t\t\t\t\t\t\t<div class=\"elementor-container elementor-column-gap-default\">\n\t\t\t\t\t<div class=\"elementor-column elementor-col-100 elementor-top-column elementor-element elementor-element-5f019c5\" data-id=\"5f019c5\" data-element_type=\"column\" data-settings=\"{&quot;background_background&quot;:&quot;classic&quot;}\">\n\t\t\t<div class=\"elementor-widget-wrap elementor-element-populated\">\n\t\t\t\t\t\t<section class=\"elementor-section elementor-inner-section elementor-element elementor-element-4919147 elementor-section-boxed elementor-section-height-default elementor-section-height-default\" data-id=\"4919147\" data-element_type=\"section\">\n\t\t\t\t\t\t<div class=\"elementor-container elementor-column-gap-default\">\n\t\t\t\t\t<div class=\"elementor-column elementor-col-100 elementor-inner-column elementor-element elementor-element-3a21164\" data-id=\"3a21164\" data-element_type=\"column\">\n\t\t\t<div class=\"elementor-widget-wrap elementor-element-populated\">\n\t\t\t\t\t\t<div class=\"elementor-element elementor-element-b3e88e2 elementor-widget elementor-widget-heading\" data-id=\"b3e88e2\" data-element_type=\"widget\" data-widget_type=\"heading.default\">\n\t\t\t\t<div class=\"elementor-widget-container\">\n\t\t\t<style>\/*! elementor - v3.20.0 - 26-03-2024 *\/\n.elementor-heading-title{padding:0;margin:0;line-height:1}.elementor-widget-heading .elementor-heading-title[class*=elementor-size-]>a{color:inherit;font-size:inherit;line-height:inherit}.elementor-widget-heading .elementor-heading-title.elementor-size-small{font-size:15px}.elementor-widget-heading .elementor-heading-title.elementor-size-medium{font-size:19px}.elementor-widget-heading .elementor-heading-title.elementor-size-large{font-size:29px}.elementor-widget-heading .elementor-heading-title.elementor-size-xl{font-size:39px}.elementor-widget-heading .elementor-heading-title.elementor-size-xxl{font-size:59px}<\/style><h1 class=\"elementor-heading-title elementor-size-default\">T\u00e9l\u00e9chargements Act! v25 (\u00e9dition fran\u00e7aise)<\/h1>\t\t<\/div>\n\t\t\t\t<\/div>\n\t\t\t\t\t<\/div>\n\t\t<\/div>\n\t\t\t\t\t<\/div>\n\t\t<\/section>\n\t\t\t\t\t<\/div>\n\t\t<\/div>\n\t\t\t\t\t<\/div>\n\t\t<\/section>\n\t\t\t\t<section class=\"elementor-section elementor-top-section elementor-element elementor-element-1a33c97 elementor-section-boxed elementor-section-height-default elementor-section-height-default\" data-id=\"1a33c97\" data-element_type=\"section\">\n\t\t\t\t\t\t<div class=\"elementor-container elementor-column-gap-default\">\n\t\t\t\t\t<div class=\"elementor-column elementor-col-100 elementor-top-column elementor-element elementor-element-5d375ba\" data-id=\"5d375ba\" data-element_type=\"column\">\n\t\t\t<div class=\"elementor-widget-wrap elementor-element-populated\">\n\t\t\t\t\t\t<div class=\"elementor-element elementor-element-61ac572 elementor-widget elementor-widget-text-editor\" data-id=\"61ac572\" data-element_type=\"widget\" data-widget_type=\"text-editor.default\">\n\t\t\t\t<div class=\"elementor-widget-container\">\n\t\t\t<style>\/*! elementor - v3.20.0 - 26-03-2024 *\/\n.elementor-widget-text-editor.elementor-drop-cap-view-stacked .elementor-drop-cap{background-color:#69727d;color:#fff}.elementor-widget-text-editor.elementor-drop-cap-view-framed .elementor-drop-cap{color:#69727d;border:3px solid;background-color:transparent}.elementor-widget-text-editor:not(.elementor-drop-cap-view-default) .elementor-drop-cap{margin-top:8px}.elementor-widget-text-editor:not(.elementor-drop-cap-view-default) .elementor-drop-cap-letter{width:1em;height:1em}.elementor-widget-text-editor .elementor-drop-cap{float:left;text-align:center;line-height:1;font-size:50px}.elementor-widget-text-editor .elementor-drop-cap-letter{display:inline-block}<\/style>\t\t\t\t<section class=\"sf_cols bg_blue\">\n<div class=\"sf_colsOut container\">\n<div id=\"PageLayout_C001_Col00\" class=\"sf_colsIn\">\n<div class=\"sfContentBlock\">\n<h1><strong style=\"font-size: 16px; color: #484848;\">Note :<\/strong><span style=\"font-size: 16px; font-weight: 300; color: #484848;\"> Les Hot Fixes pour Act! v25 s\u2019appliquent \u00e0 Act! Premium et fonctionnent pour toutes les localisations inclus l\u2019Europe, le Royaume-Uni, l\u2019Australie, le Canada, les \u00c9tats-Unis et l\u2019Am\u00e9rique latine. Les mises \u00e0 jour sont cumulatives, t\u00e9l\u00e9chargez la version la plus r\u00e9cente pour mettre \u00e0 jour votre version d\u2019Act!.<\/span><\/h1>\n<p><b>Si vous utilisez Act! sur Windows Vista ou Windows Server 2008<\/b>, <a href=\"https:\/\/support.microsoft.com\/en-us\/topic\/you-cannot-run-an-application-that-is-signed-with-a-sha-256-certificate-on-a-computer-that-is-running-windows-vista-sp2-or-windows-server-2008-sp2-ecdb9ce8-43e9-0406-cf0d-73e5e210f45b\">veuillez suivre ce lien<\/a> et installer la mise \u00e0 jour pour les installateurs utilisant des certificats de type SHA2.<\/p>\n<\/div>\n<\/div>\n<\/div>\n<\/section>\t\t\t\t\t\t<\/div>\n\t\t\t\t<\/div>\n\t\t\t\t<div class=\"elementor-element elementor-element-65513b2 elementor-widget elementor-widget-heading\" data-id=\"65513b2\" data-element_type=\"widget\" data-widget_type=\"heading.default\">\n\t\t\t\t<div class=\"elementor-widget-container\">\n\t\t\t<h2 class=\"elementor-heading-title elementor-size-default\">Mises \u00e0 jour\n<\/h2>\t\t<\/div>\n\t\t\t\t<\/div>\n\t\t\t\t<div class=\"elementor-element elementor-element-2ad9c07 oew-table-mobile-header-column elementor-widget elementor-widget-oew-table\" data-id=\"2ad9c07\" data-element_type=\"widget\" data-widget_type=\"oew-table.default\">\n\t\t\t\t<div class=\"elementor-widget-container\">\n\t\t\t\n\t\t<table class=\"oew-table oew-table-odd\">\n\n\t\t\t\n\t\t\t\t<thead>\n\t\t\t\t\t<tr class=\"oew-table-row\">\n\n\t\t\t\t\t\t<th class=\"oew-table-cell elementor-repeater-item-b3de213\"><span class=\"oew-table-text\"><span class=\"oew-table-text-inner\">Date \t<\/span><\/span><\/th><th class=\"oew-table-cell elementor-repeater-item-b3de213 oew-table-cell elementor-repeater-item-760182b\"><span class=\"oew-table-text oew-table-text\"><span class=\"oew-table-text-inner\">TITRE<\/span><\/span><\/th><th class=\"oew-table-cell elementor-repeater-item-b3de213 oew-table-cell elementor-repeater-item-760182b oew-table-cell elementor-repeater-item-cf2cd4d\"><span class=\"oew-table-text oew-table-text oew-table-text\"><span class=\"oew-table-text-inner\">NOM DU FICHIER\t<\/span><\/span><\/th><th class=\"oew-table-cell elementor-repeater-item-b3de213 oew-table-cell elementor-repeater-item-760182b oew-table-cell elementor-repeater-item-cf2cd4d oew-table-cell elementor-repeater-item-be6ef7a\"><span class=\"oew-table-text oew-table-text oew-table-text oew-table-text\"><span class=\"oew-table-text-inner\">TAILLE<\/span><\/span><\/th><th class=\"oew-table-cell elementor-repeater-item-b3de213 oew-table-cell elementor-repeater-item-760182b oew-table-cell elementor-repeater-item-cf2cd4d oew-table-cell elementor-repeater-item-be6ef7a oew-table-cell elementor-repeater-item-c3b1669\"><span class=\"oew-table-text oew-table-text oew-table-text oew-table-text oew-table-text\"><span class=\"oew-table-text-inner\"><\/span><\/span><\/th><th class=\"oew-table-cell elementor-repeater-item-b3de213 oew-table-cell elementor-repeater-item-760182b oew-table-cell elementor-repeater-item-cf2cd4d oew-table-cell elementor-repeater-item-be6ef7a oew-table-cell elementor-repeater-item-c3b1669 oew-table-cell elementor-repeater-item-2f94aaa\"><span class=\"oew-table-text oew-table-text oew-table-text oew-table-text oew-table-text oew-table-text\"><span class=\"oew-table-text-inner\"><\/span><\/span><\/th>\n\t\t\t\t\t<\/tr>\n\n\t\t\t\t<\/thead>\n\n\t\t\t\n\t\t\t\t<tbody>\n\n\t\t\t\t\t\n\t\t\t\t\t\t<tr class=\"oew-table-row elementor-repeater-item-2d1337c\"><td class=\"oew-table-cell elementor-repeater-item-08f7c4e\" data-title=\"Date \t\"><span class=\"oew-table-text\"><span class=\"oew-table-text-inner\">23\/1\/2024<\/span><\/span><\/td><td class=\"oew-table-cell elementor-repeater-item-2e04015\" data-title=\"TITRE\"><span class=\"oew-table-text\"><span class=\"oew-table-text-inner\">Act! v25.2 Update 1<\/span><\/span><\/td><td class=\"oew-table-cell elementor-repeater-item-4022ff8\" data-title=\"NOM DU FICHIER\t\"><span class=\"oew-table-text\"><span class=\"oew-table-text-inner\">act2502update1.exe<\/span><\/span><\/td><td class=\"oew-table-cell elementor-repeater-item-c224636\" data-title=\"TAILLE\"><span class=\"oew-table-text\"><span class=\"oew-table-text-inner\">813 KB<\/span><\/span><\/td><td class=\"oew-table-cell elementor-repeater-item-b7e0151 btn_download\"><a href=\"https:\/\/cdn.updates.swiftpage.act.com\/updates\/25.2\/act2502update1.exe\" target=\"_blank\" class=\"oew-table-text\"><span class=\"oew-table-text-inner\">T\u00e9l\u00e9charger<\/span><\/a><\/td><\/tr><tr class=\"oew-table-row elementor-repeater-item-62e95e8\"><td class=\"oew-table-cell elementor-repeater-item-3136a2b\" data-title=\"Date \t\"><span class=\"oew-table-text\"><span class=\"oew-table-text-inner\">7\/8\/2023<\/span><\/span><\/td><td class=\"oew-table-cell elementor-repeater-item-53936a0\" data-title=\"TITRE\"><span class=\"oew-table-text\"><span class=\"oew-table-text-inner\">Act! v25 Update 3<\/span><\/span><\/td><td class=\"oew-table-cell elementor-repeater-item-ef16731\" data-title=\"NOM DU FICHIER\t\"><span class=\"oew-table-text\"><span class=\"oew-table-text-inner\">act2500update3.exe<\/span><\/span><\/td><td class=\"oew-table-cell elementor-repeater-item-f49a249\" data-title=\"TAILLE\"><span class=\"oew-table-text\"><span class=\"oew-table-text-inner\">33.9 MB<\/span><\/span><\/td><td class=\"oew-table-cell elementor-repeater-item-ecdaabe btn_download\"><a href=\"https:\/\/cdn.updates.swiftpage.act.com\/updates\/25.0\/act2500update3.exe\" target=\"_blank\" class=\"oew-table-text\"><span class=\"oew-table-text-inner\">T\u00e9l\u00e9charger<\/span><\/a><\/td><\/tr><tr class=\"oew-table-row elementor-repeater-item-93cb0d8\"><td class=\"oew-table-cell elementor-repeater-item-db87c33\" data-title=\"Date \t\"><span class=\"oew-table-text\"><span class=\"oew-table-text-inner\">6\/7\/2023<\/span><\/span><\/td><td class=\"oew-table-cell elementor-repeater-item-feeec9e\" data-title=\"TITRE\"><span class=\"oew-table-text\"><span class=\"oew-table-text-inner\">Act! v25 Update 2<\/span><\/span><\/td><td class=\"oew-table-cell elementor-repeater-item-9e4af57\" data-title=\"NOM DU FICHIER\t\"><span class=\"oew-table-text\"><span class=\"oew-table-text-inner\">act2500update2.exe<\/span><\/span><\/td><td class=\"oew-table-cell elementor-repeater-item-4eea225\" data-title=\"TAILLE\"><span class=\"oew-table-text\"><span class=\"oew-table-text-inner\">20.1 MB<\/span><\/span><\/td><td class=\"oew-table-cell elementor-repeater-item-af4b62f btn_download\"><a href=\"https:\/\/cdn.updates.swiftpage.act.com\/updates\/25.0\/act2500update2.exe\" target=\"_blank\" class=\"oew-table-text\"><span class=\"oew-table-text-inner\">T\u00e9l\u00e9charger<\/span><\/a><\/td><\/tr><tr class=\"oew-table-row elementor-repeater-item-6010ba0\"><\/tr><tr class=\"oew-table-row elementor-repeater-item-73fdf92\"><\/tr><tr class=\"oew-table-row elementor-repeater-item-68d3796\"><td class=\"oew-table-cell elementor-repeater-item-d8a58e8\" data-title=\"Date \t\"><span class=\"oew-table-text\"><span class=\"oew-table-text-inner\">29\/6\/2023<\/span><\/span><\/td><td class=\"oew-table-cell elementor-repeater-item-fd5c868\" data-title=\"TITRE\"><span class=\"oew-table-text\"><span class=\"oew-table-text-inner\">Act! v25 Update 1<\/span><\/span><\/td><td class=\"oew-table-cell elementor-repeater-item-856c1f4\" data-title=\"NOM DU FICHIER\t\"><span class=\"oew-table-text\"><span class=\"oew-table-text-inner\">act2500update1.exe<\/span><\/span><\/td><td class=\"oew-table-cell elementor-repeater-item-fa90f10\" data-title=\"TAILLE\"><span class=\"oew-table-text\"><span class=\"oew-table-text-inner\">17.8 MB<\/span><\/span><\/td><td class=\"oew-table-cell elementor-repeater-item-825ebff btn_download\"><a href=\"https:\/\/cdn.updates.swiftpage.act.com\/updates\/25.0\/act2500update1.exe\" target=\"_blank\" class=\"oew-table-text\"><span class=\"oew-table-text-inner\">T\u00e9l\u00e9charger<\/span><\/a><\/td><\/tr><tr class=\"oew-table-row elementor-repeater-item-8f23302\">\n\t\t\t\t\t<\/tr>\n\n\t\t\t\t<\/tbody>\n\n\t\t\t\n\t\t<\/table>\n\n\t\t\t<\/div>\n\t\t\t\t<\/div>\n\t\t\t\t\t<\/div>\n\t\t<\/div>\n\t\t\t\t\t<\/div>\n\t\t<\/section>\n\t\t\t\t<\/div>\n\t\t","protected":false},"excerpt":{"rendered":"<p>T\u00e9l\u00e9chargements Act! v25 (\u00e9dition fran\u00e7aise) Note : Les Hot Fixes pour Act! v25 s\u2019appliquent \u00e0 Act! Premium et fonctionnent pour toutes les localisations inclus l\u2019Europe, le Royaume-Uni, l\u2019Australie, le Canada, les \u00c9tats-Unis et l\u2019Am\u00e9rique latine. Les mises \u00e0 jour sont cumulatives, t\u00e9l\u00e9chargez la version la plus r\u00e9cente pour mettre \u00e0 jour votre version d\u2019Act!. Si [&hellip;]<\/p>\n","protected":false},"author":9,"featured_media":0,"parent":0,"menu_order":0,"comment_status":"closed","ping_status":"closed","template":"elementor_header_footer","meta":{"_acf_changed":false,"content-type":"","inline_featured_image":false,"footnotes":""},"categories":[],"tags":[],"folder":[],"acf":[],"yoast_head":"<!-- This site is optimized with the Yoast SEO Premium plugin v22.2 (Yoast SEO v22.4) - https:\/\/yoast.com\/wordpress\/plugins\/seo\/ -->\n<title>Mises \u00e0 jour Act! v25 | Fran\u00e7ais - Act!<\/title>\n<meta name=\"robots\" content=\"noindex, follow, max-snippet:-1, max-image-preview:large, max-video-preview:-1\" \/>\n<meta property=\"og:locale\" content=\"fr_FR\" \/>\n<meta property=\"og:type\" content=\"article\" \/>\n<meta property=\"og:title\" content=\"Mises \u00e0 jour Act! v25 | Fran\u00e7ais\" \/>\n<meta property=\"og:description\" content=\"T\u00e9l\u00e9chargements Act! v25 (\u00e9dition fran\u00e7aise) Note : Les Hot Fixes pour Act! v25 s\u2019appliquent \u00e0 Act! Premium et fonctionnent pour toutes les localisations inclus l\u2019Europe, le Royaume-Uni, l\u2019Australie, le Canada, les \u00c9tats-Unis et l\u2019Am\u00e9rique latine. Les mises \u00e0 jour sont cumulatives, t\u00e9l\u00e9chargez la version la plus r\u00e9cente pour mettre \u00e0 jour votre version d\u2019Act!. Si [&hellip;]\" \/>\n<meta property=\"og:url\" content=\"https:\/\/products.act.com\/fr\/mises-a-jour-act-v25-francais\/\" \/>\n<meta property=\"og:site_name\" content=\"Act!\" \/>\n<meta property=\"article:modified_time\" content=\"2024-01-22T22:52:56+00:00\" \/>\n<meta name=\"twitter:card\" content=\"summary_large_image\" \/>\n<meta name=\"twitter:label1\" content=\"Est. reading time\" \/>\n\t<meta name=\"twitter:data1\" content=\"1 minute\" \/>\n<script type=\"application\/ld+json\" class=\"yoast-schema-graph\">{\"@context\":\"https:\/\/schema.org\",\"@graph\":[{\"@type\":\"WebPage\",\"@id\":\"https:\/\/products.act.com\/fr\/mises-a-jour-act-v25-francais\/\",\"url\":\"https:\/\/products.act.com\/fr\/mises-a-jour-act-v25-francais\/\",\"name\":\"Mises \u00e0 jour Act! v25 | Fran\u00e7ais - Act!\",\"isPartOf\":{\"@id\":\"https:\/\/products.act.com\/fr\/#website\"},\"datePublished\":\"2023-06-29T17:39:08+00:00\",\"dateModified\":\"2024-01-22T22:52:56+00:00\",\"breadcrumb\":{\"@id\":\"https:\/\/products.act.com\/fr\/mises-a-jour-act-v25-francais\/#breadcrumb\"},\"inLanguage\":\"fr-FR\",\"potentialAction\":[{\"@type\":\"ReadAction\",\"target\":[\"https:\/\/products.act.com\/fr\/mises-a-jour-act-v25-francais\/\"]}]},{\"@type\":\"BreadcrumbList\",\"@id\":\"https:\/\/products.act.com\/fr\/mises-a-jour-act-v25-francais\/#breadcrumb\",\"itemListElement\":[{\"@type\":\"ListItem\",\"position\":1,\"name\":\"Home\",\"item\":\"https:\/\/products.act.com\/fr\/\"},{\"@type\":\"ListItem\",\"position\":2,\"name\":\"Mises \u00e0 jour Act! v25 | Fran\u00e7ais\"}]},{\"@type\":\"WebSite\",\"@id\":\"https:\/\/products.act.com\/fr\/#website\",\"url\":\"https:\/\/products.act.com\/fr\/\",\"name\":\"Act!\",\"description\":\"CRM &amp; Marketing Automation in One\",\"publisher\":{\"@id\":\"https:\/\/products.act.com\/fr\/#organization\"},\"potentialAction\":[{\"@type\":\"SearchAction\",\"target\":{\"@type\":\"EntryPoint\",\"urlTemplate\":\"https:\/\/products.act.com\/fr\/?s={search_term_string}\"},\"query-input\":\"required name=search_term_string\"}],\"inLanguage\":\"fr-FR\"},{\"@type\":\"Organization\",\"@id\":\"https:\/\/products.act.com\/fr\/#organization\",\"name\":\"Act!\",\"url\":\"https:\/\/products.act.com\/fr\/\",\"logo\":{\"@type\":\"ImageObject\",\"inLanguage\":\"fr-FR\",\"@id\":\"https:\/\/products.act.com\/fr\/#\/schema\/logo\/image\/\",\"url\":\"https:\/\/products.act.com\/wp-content\/uploads\/2021\/07\/logo_fe5000.png\",\"contentUrl\":\"https:\/\/products.act.com\/wp-content\/uploads\/2021\/07\/logo_fe5000.png\",\"width\":120,\"height\":120,\"caption\":\"Act!\"},\"image\":{\"@id\":\"https:\/\/products.act.com\/fr\/#\/schema\/logo\/image\/\"}}]}<\/script>\n<!-- \/ Yoast SEO Premium plugin. -->","yoast_head_json":{"title":"Mises \u00e0 jour Act! v25 | Fran\u00e7ais - Act!","robots":{"index":"noindex","follow":"follow","max-snippet":"max-snippet:-1","max-image-preview":"max-image-preview:large","max-video-preview":"max-video-preview:-1"},"og_locale":"fr_FR","og_type":"article","og_title":"Mises \u00e0 jour Act! v25 | Fran\u00e7ais","og_description":"T\u00e9l\u00e9chargements Act! v25 (\u00e9dition fran\u00e7aise) Note : Les Hot Fixes pour Act! v25 s\u2019appliquent \u00e0 Act! Premium et fonctionnent pour toutes les localisations inclus l\u2019Europe, le Royaume-Uni, l\u2019Australie, le Canada, les \u00c9tats-Unis et l\u2019Am\u00e9rique latine. Les mises \u00e0 jour sont cumulatives, t\u00e9l\u00e9chargez la version la plus r\u00e9cente pour mettre \u00e0 jour votre version d\u2019Act!. Si [&hellip;]","og_url":"https:\/\/products.act.com\/fr\/mises-a-jour-act-v25-francais\/","og_site_name":"Act!","article_modified_time":"2024-01-22T22:52:56+00:00","twitter_card":"summary_large_image","twitter_misc":{"Est. reading time":"1 minute"},"schema":{"@context":"https:\/\/schema.org","@graph":[{"@type":"WebPage","@id":"https:\/\/products.act.com\/fr\/mises-a-jour-act-v25-francais\/","url":"https:\/\/products.act.com\/fr\/mises-a-jour-act-v25-francais\/","name":"Mises \u00e0 jour Act! v25 | Fran\u00e7ais - Act!","isPartOf":{"@id":"https:\/\/products.act.com\/fr\/#website"},"datePublished":"2023-06-29T17:39:08+00:00","dateModified":"2024-01-22T22:52:56+00:00","breadcrumb":{"@id":"https:\/\/products.act.com\/fr\/mises-a-jour-act-v25-francais\/#breadcrumb"},"inLanguage":"fr-FR","potentialAction":[{"@type":"ReadAction","target":["https:\/\/products.act.com\/fr\/mises-a-jour-act-v25-francais\/"]}]},{"@type":"BreadcrumbList","@id":"https:\/\/products.act.com\/fr\/mises-a-jour-act-v25-francais\/#breadcrumb","itemListElement":[{"@type":"ListItem","position":1,"name":"Home","item":"https:\/\/products.act.com\/fr\/"},{"@type":"ListItem","position":2,"name":"Mises \u00e0 jour Act! v25 | Fran\u00e7ais"}]},{"@type":"WebSite","@id":"https:\/\/products.act.com\/fr\/#website","url":"https:\/\/products.act.com\/fr\/","name":"Act!","description":"CRM &amp; Marketing Automation in One","publisher":{"@id":"https:\/\/products.act.com\/fr\/#organization"},"potentialAction":[{"@type":"SearchAction","target":{"@type":"EntryPoint","urlTemplate":"https:\/\/products.act.com\/fr\/?s={search_term_string}"},"query-input":"required name=search_term_string"}],"inLanguage":"fr-FR"},{"@type":"Organization","@id":"https:\/\/products.act.com\/fr\/#organization","name":"Act!","url":"https:\/\/products.act.com\/fr\/","logo":{"@type":"ImageObject","inLanguage":"fr-FR","@id":"https:\/\/products.act.com\/fr\/#\/schema\/logo\/image\/","url":"https:\/\/products.act.com\/wp-content\/uploads\/2021\/07\/logo_fe5000.png","contentUrl":"https:\/\/products.act.com\/wp-content\/uploads\/2021\/07\/logo_fe5000.png","width":120,"height":120,"caption":"Act!"},"image":{"@id":"https:\/\/products.act.com\/fr\/#\/schema\/logo\/image\/"}}]}},"_links":{"self":[{"href":"https:\/\/products.act.com\/fr\/wp-json\/wp\/v2\/pages\/78121"}],"collection":[{"href":"https:\/\/products.act.com\/fr\/wp-json\/wp\/v2\/pages"}],"about":[{"href":"https:\/\/products.act.com\/fr\/wp-json\/wp\/v2\/types\/page"}],"author":[{"embeddable":true,"href":"https:\/\/products.act.com\/fr\/wp-json\/wp\/v2\/users\/9"}],"replies":[{"embeddable":true,"href":"https:\/\/products.act.com\/fr\/wp-json\/wp\/v2\/comments?post=78121"}],"version-history":[{"count":0,"href":"https:\/\/products.act.com\/fr\/wp-json\/wp\/v2\/pages\/78121\/revisions"}],"wp:attachment":[{"href":"https:\/\/products.act.com\/fr\/wp-json\/wp\/v2\/media?parent=78121"}],"wp:term":[{"taxonomy":"category","embeddable":true,"href":"https:\/\/products.act.com\/fr\/wp-json\/wp\/v2\/categories?post=78121"},{"taxonomy":"post_tag","embeddable":true,"href":"https:\/\/products.act.com\/fr\/wp-json\/wp\/v2\/tags?post=78121"},{"taxonomy":"folder","embeddable":true,"href":"https:\/\/products.act.com\/fr\/wp-json\/wp\/v2\/folder?post=78121"}],"curies":[{"name":"wp","href":"https:\/\/api.w.org\/{rel}","templated":true}]}}