{"id":70777,"date":"2022-12-14T17:47:18","date_gmt":"2022-12-15T00:47:18","guid":{"rendered":"https:\/\/www.act.com\/welcome-drawer-us-trial\/"},"modified":"2025-06-04T08:04:59","modified_gmt":"2025-06-04T15:04:59","slug":"welcome-drawer-fr-trial","status":"publish","type":"page","link":"https:\/\/products.act.com\/fr\/inproduct\/welcome-drawer-fr-trial\/","title":{"rendered":"Inproduct FR Welcome Page Drawer &#8211; Trial"},"content":{"rendered":"\t\t<div data-elementor-type=\"wp-page\" data-elementor-id=\"70777\" class=\"elementor elementor-70777 elementor-70677\" data-elementor-post-type=\"page\">\n\t\t\t\t\t\t<section class=\"elementor-section elementor-top-section elementor-element elementor-element-045ec06 elementor-section-boxed elementor-section-height-default elementor-section-height-default\" data-id=\"045ec06\" data-element_type=\"section\" data-settings=\"{&quot;background_background&quot;:&quot;classic&quot;}\">\n\t\t\t\t\t\t<div class=\"elementor-container elementor-column-gap-default\">\n\t\t\t\t\t<div class=\"elementor-column elementor-col-100 elementor-top-column elementor-element elementor-element-3c4a0d5\" data-id=\"3c4a0d5\" data-element_type=\"column\">\n\t\t\t<div class=\"elementor-widget-wrap elementor-element-populated\">\n\t\t\t\t\t\t<div class=\"elementor-element elementor-element-d2139dd elementor-widget elementor-widget-heading\" data-id=\"d2139dd\" data-element_type=\"widget\" data-widget_type=\"heading.default\">\n\t\t\t\t<div class=\"elementor-widget-container\">\n\t\t\t<style>\/*! elementor - v3.20.0 - 26-03-2024 *\/\n.elementor-heading-title{padding:0;margin:0;line-height:1}.elementor-widget-heading .elementor-heading-title[class*=elementor-size-]>a{color:inherit;font-size:inherit;line-height:inherit}.elementor-widget-heading .elementor-heading-title.elementor-size-small{font-size:15px}.elementor-widget-heading .elementor-heading-title.elementor-size-medium{font-size:19px}.elementor-widget-heading .elementor-heading-title.elementor-size-large{font-size:29px}.elementor-widget-heading .elementor-heading-title.elementor-size-xl{font-size:39px}.elementor-widget-heading .elementor-heading-title.elementor-size-xxl{font-size:59px}<\/style><h2 class=\"elementor-heading-title elementor-size-default\">Nouveaut\u00e9s<\/h2>\t\t<\/div>\n\t\t\t\t<\/div>\n\t\t\t\t<section class=\"elementor-section elementor-inner-section elementor-element elementor-element-bd90ca7 elementor-section-boxed elementor-section-height-default elementor-section-height-default\" data-id=\"bd90ca7\" data-element_type=\"section\" data-settings=\"{&quot;background_background&quot;:&quot;classic&quot;}\">\n\t\t\t\t\t\t<div class=\"elementor-container elementor-column-gap-default\">\n\t\t\t\t\t<div class=\"elementor-column elementor-col-100 elementor-inner-column elementor-element elementor-element-f304a67\" data-id=\"f304a67\" data-element_type=\"column\">\n\t\t\t<div class=\"elementor-widget-wrap elementor-element-populated\">\n\t\t\t\t\t\t<div class=\"elementor-element elementor-element-2c913bb elementor-widget elementor-widget-heading\" data-id=\"2c913bb\" data-element_type=\"widget\" data-widget_type=\"heading.default\">\n\t\t\t\t<div class=\"elementor-widget-container\">\n\t\t\t<h2 class=\"elementor-heading-title elementor-size-default\">Bienvenue chez Act!<\/h2>\t\t<\/div>\n\t\t\t\t<\/div>\n\t\t\t\t<div class=\"elementor-element elementor-element-c91f560 elementor-widget elementor-widget-text-editor\" data-id=\"c91f560\" data-element_type=\"widget\" data-widget_type=\"text-editor.default\">\n\t\t\t\t<div class=\"elementor-widget-container\">\n\t\t\t<style>\/*! elementor - v3.20.0 - 26-03-2024 *\/\n.elementor-widget-text-editor.elementor-drop-cap-view-stacked .elementor-drop-cap{background-color:#69727d;color:#fff}.elementor-widget-text-editor.elementor-drop-cap-view-framed .elementor-drop-cap{color:#69727d;border:3px solid;background-color:transparent}.elementor-widget-text-editor:not(.elementor-drop-cap-view-default) .elementor-drop-cap{margin-top:8px}.elementor-widget-text-editor:not(.elementor-drop-cap-view-default) .elementor-drop-cap-letter{width:1em;height:1em}.elementor-widget-text-editor .elementor-drop-cap{float:left;text-align:center;line-height:1;font-size:50px}.elementor-widget-text-editor .elementor-drop-cap-letter{display:inline-block}<\/style>\t\t\t\t<p>Voici une vid\u00e9o avec quelques conseils pour vous aider \u00e0 bien d\u00e9marrer (sous-titres en fran\u00e7ais disponibles).<\/p>\t\t\t\t\t\t<\/div>\n\t\t\t\t<\/div>\n\t\t\t\t<div class=\"elementor-element elementor-element-d23086b elementor-widget elementor-widget-image\" data-id=\"d23086b\" data-element_type=\"widget\" data-widget_type=\"image.default\">\n\t\t\t\t<div class=\"elementor-widget-container\">\n\t\t\t<style>\/*! elementor - v3.20.0 - 26-03-2024 *\/\n.elementor-widget-image{text-align:center}.elementor-widget-image a{display:inline-block}.elementor-widget-image a img[src$=\".svg\"]{width:48px}.elementor-widget-image img{vertical-align:middle;display:inline-block}<\/style>\t\t\t\t\t\t\t\t\t\t\t<a href=\"https:\/\/training-act.com\/act\/act-lib-cloud\/?courseId=getting_started&#038;videoId=1\" target=\"_blank\">\n\t\t\t\t\t\t\t<img fetchpriority=\"high\" decoding=\"async\" width=\"800\" height=\"450\" src=\"https:\/\/products.act.com\/wp-content\/uploads\/vidThumb_DiscoveringActCloud.png\" class=\"attachment-large size-large wp-image-70754\" alt=\"thumbnail of video &quot;Discovering Act! Cloud&quot; with an act logo in the center\" srcset=\"https:\/\/products.act.com\/wp-content\/uploads\/vidThumb_DiscoveringActCloud.png 800w, https:\/\/products.act.com\/wp-content\/uploads\/vidThumb_DiscoveringActCloud-300x169.png 300w, https:\/\/products.act.com\/wp-content\/uploads\/vidThumb_DiscoveringActCloud-768x432.png 768w\" sizes=\"(max-width: 800px) 100vw, 800px\" \/>\t\t\t\t\t\t\t\t<\/a>\n\t\t\t\t\t\t\t\t\t\t\t\t\t<\/div>\n\t\t\t\t<\/div>\n\t\t\t\t<div class=\"elementor-element elementor-element-4e353f5 elementor-widget elementor-widget-text-editor\" data-id=\"4e353f5\" data-element_type=\"widget\" data-widget_type=\"text-editor.default\">\n\t\t\t\t<div class=\"elementor-widget-container\">\n\t\t\t\t\t\t\t<p>Vous pouvez \u00e9galement consulter ce <a href=\"https:\/\/www.act.com\/fr\/ressources\/guide-de-prise-en-main\/\" target=\"_blank\" rel=\"noopener\">guide de prise en main<\/a> avec des instructions \u00e9tape par \u00e9tape pour bien commencer. Pour plus d\u2019information, d\u2019autre ressources sont disponible plus bas, elles vous aideront \u00e0 mieux tirer parti de votre essai.<\/p>\t\t\t\t\t\t<\/div>\n\t\t\t\t<\/div>\n\t\t\t\t\t<\/div>\n\t\t<\/div>\n\t\t\t\t\t<\/div>\n\t\t<\/section>\n\t\t\t\t<section class=\"elementor-section elementor-inner-section elementor-element elementor-element-78759a3 elementor-section-boxed elementor-section-height-default elementor-section-height-default\" data-id=\"78759a3\" data-element_type=\"section\" data-settings=\"{&quot;background_background&quot;:&quot;classic&quot;}\">\n\t\t\t\t\t\t<div class=\"elementor-container elementor-column-gap-default\">\n\t\t\t\t\t<div class=\"elementor-column elementor-col-100 elementor-inner-column elementor-element elementor-element-dff0894\" data-id=\"dff0894\" data-element_type=\"column\">\n\t\t\t<div class=\"elementor-widget-wrap elementor-element-populated\">\n\t\t\t\t\t\t<div class=\"elementor-element elementor-element-a23d7e0 elementor-widget elementor-widget-heading\" data-id=\"a23d7e0\" data-element_type=\"widget\" data-widget_type=\"heading.default\">\n\t\t\t\t<div class=\"elementor-widget-container\">\n\t\t\t<h2 class=\"elementor-heading-title elementor-size-default\">Importer des donn\u00e9es dans Act!<\/h2>\t\t<\/div>\n\t\t\t\t<\/div>\n\t\t\t\t<div class=\"elementor-element elementor-element-97315e1 elementor-widget elementor-widget-image\" data-id=\"97315e1\" data-element_type=\"widget\" data-widget_type=\"image.default\">\n\t\t\t\t<div class=\"elementor-widget-container\">\n\t\t\t\t\t\t\t\t\t\t\t\t\t\t<a href=\"https:\/\/www.youtube.com\/watch?v=L210oE_s7fs&#038;feature=youtu.be\" target=\"_blank\">\n\t\t\t\t\t\t\t<img decoding=\"async\" width=\"800\" height=\"450\" src=\"https:\/\/products.act.com\/wp-content\/uploads\/vidThumb_ImportingData.png\" class=\"attachment-large size-large wp-image-70761\" alt=\"thumbnail of importing data video with an act! logo in the center\" srcset=\"https:\/\/products.act.com\/wp-content\/uploads\/vidThumb_ImportingData.png 800w, https:\/\/products.act.com\/wp-content\/uploads\/vidThumb_ImportingData-300x169.png 300w, https:\/\/products.act.com\/wp-content\/uploads\/vidThumb_ImportingData-768x432.png 768w\" sizes=\"(max-width: 800px) 100vw, 800px\" \/>\t\t\t\t\t\t\t\t<\/a>\n\t\t\t\t\t\t\t\t\t\t\t\t\t<\/div>\n\t\t\t\t<\/div>\n\t\t\t\t<div class=\"elementor-element elementor-element-25292a9 elementor-widget elementor-widget-text-editor\" data-id=\"25292a9\" data-element_type=\"widget\" data-widget_type=\"text-editor.default\">\n\t\t\t\t<div class=\"elementor-widget-container\">\n\t\t\t\t\t\t\t<p><span style=\"font-size: 12px; font-weight: 300;\">Vous avez des contacts \u00e0 importer depuis un fichier .CSV ou Excel ? Voici un tutoriel vid\u00e9o \u00e9tape par \u00e9tape pour vous guider dans ce processus (sous-titres en fran\u00e7ais disponibles).<\/span><\/p>\t\t\t\t\t\t<\/div>\n\t\t\t\t<\/div>\n\t\t\t\t\t<\/div>\n\t\t<\/div>\n\t\t\t\t\t<\/div>\n\t\t<\/section>\n\t\t\t\t<section class=\"elementor-section elementor-inner-section elementor-element elementor-element-ad0224b elementor-section-boxed elementor-section-height-default elementor-section-height-default\" data-id=\"ad0224b\" data-element_type=\"section\" data-settings=\"{&quot;background_background&quot;:&quot;classic&quot;}\">\n\t\t\t\t\t\t<div class=\"elementor-container elementor-column-gap-default\">\n\t\t\t\t\t<div class=\"elementor-column elementor-col-100 elementor-inner-column elementor-element elementor-element-d1ae566\" data-id=\"d1ae566\" data-element_type=\"column\">\n\t\t\t<div class=\"elementor-widget-wrap elementor-element-populated\">\n\t\t\t\t\t\t<div class=\"elementor-element elementor-element-6e54802 elementor-widget elementor-widget-heading\" data-id=\"6e54802\" data-element_type=\"widget\" data-widget_type=\"heading.default\">\n\t\t\t\t<div class=\"elementor-widget-container\">\n\t\t\t<h2 class=\"elementor-heading-title elementor-size-default\">Besoin d'aide ?<\/h2>\t\t<\/div>\n\t\t\t\t<\/div>\n\t\t\t\t<div class=\"elementor-element elementor-element-8263ffb elementor-widget elementor-widget-text-editor\" data-id=\"8263ffb\" data-element_type=\"widget\" data-widget_type=\"text-editor.default\">\n\t\t\t\t<div class=\"elementor-widget-container\">\n\t\t\t\t\t\t\t<p>Voici quelques ressources suppl\u00e9mentaires pour vous aider \u00e0 naviguer dans Act! et \u00e0 trouver des r\u00e9ponses aux questions les plus fr\u00e9quemment pos\u00e9es :<\/p><ul><li><a href=\"https:\/\/support.act.com\/s\/?language=fr\" target=\"_blank\" rel=\"noopener\">Base de connaissances Act!<\/a><\/li><li><a href=\"https:\/\/support.act.com\/s\/topic\/0TO3j00000126JxGAI\/getting-started?language=fr\" target=\"_blank\" rel=\"noopener\">Articles pour bien d\u00e9marrer<\/a><\/li><li><a href=\"https:\/\/www.act.com\/fr\/ressources\/premiers-pas-act-crm\/\" target=\"_blank\" rel=\"noopener\">Premiers pas avec Act!<\/a><\/li><li><a href=\"https:\/\/training-act.com\/act\/act-lib-cloud\/?courseId=getting_started&amp;\" target=\"_blank\" rel=\"noopener\">Vid\u00e9os de formation<\/a><\/li><li><a href=\"https:\/\/www.act.com\/fr\/ressources\/tutoriels-saas\/\" target=\"_blank\" rel=\"noopener\">Tutoriels<\/a><\/li><\/ul>\t\t\t\t\t\t<\/div>\n\t\t\t\t<\/div>\n\t\t\t\t\t<\/div>\n\t\t<\/div>\n\t\t\t\t\t<\/div>\n\t\t<\/section>\n\t\t\t\t<section class=\"elementor-section elementor-inner-section elementor-element elementor-element-34c901b elementor-section-boxed elementor-section-height-default elementor-section-height-default\" data-id=\"34c901b\" data-element_type=\"section\" data-settings=\"{&quot;background_background&quot;:&quot;classic&quot;}\">\n\t\t\t\t\t\t<div class=\"elementor-container elementor-column-gap-default\">\n\t\t\t\t\t<div class=\"elementor-column elementor-col-100 elementor-inner-column elementor-element elementor-element-e347557\" data-id=\"e347557\" data-element_type=\"column\">\n\t\t\t<div class=\"elementor-widget-wrap elementor-element-populated\">\n\t\t\t\t\t\t<div class=\"elementor-element elementor-element-68d76b7 elementor-widget elementor-widget-heading\" data-id=\"68d76b7\" data-element_type=\"widget\" data-widget_type=\"heading.default\">\n\t\t\t\t<div class=\"elementor-widget-container\">\n\t\t\t<h2 class=\"elementor-heading-title elementor-size-default\">Pr\u00eat \u00e0 acheter ?<\/h2>\t\t<\/div>\n\t\t\t\t<\/div>\n\t\t\t\t<div class=\"elementor-element elementor-element-5c1cd27 elementor-widget elementor-widget-text-editor\" data-id=\"5c1cd27\" data-element_type=\"widget\" data-widget_type=\"text-editor.default\">\n\t\t\t\t<div class=\"elementor-widget-container\">\n\t\t\t\t\t\t\t<p>Vous avez des questions ? Contactez-nous et discutez avec nous d\u00e8s aujourd&#8217;hui.<br \/><a href=\"mailto:vente@act.com\" target=\"_blank\" rel=\"noopener\">Contactez-nous<\/a>, ou contactez votre consultant certifi\u00e9 Act!.<\/p>\t\t\t\t\t\t<\/div>\n\t\t\t\t<\/div>\n\t\t\t\t\t<\/div>\n\t\t<\/div>\n\t\t\t\t\t<\/div>\n\t\t<\/section>\n\t\t\t\t\t<\/div>\n\t\t<\/div>\n\t\t\t\t\t<\/div>\n\t\t<\/section>\n\t\t\t\t<\/div>\n\t\t","protected":false},"excerpt":{"rendered":"<p>Nouveaut\u00e9s Bienvenue chez Act! Voici une vid\u00e9o avec quelques conseils pour vous aider \u00e0 bien d\u00e9marrer (sous-titres en fran\u00e7ais disponibles). Vous pouvez \u00e9galement consulter ce guide de prise en main avec des instructions \u00e9tape par \u00e9tape pour bien commencer. Pour plus d\u2019information, d\u2019autre ressources sont disponible plus bas, elles vous aideront \u00e0 mieux tirer parti [&hellip;]<\/p>\n","protected":false},"author":9,"featured_media":0,"parent":41630,"menu_order":0,"comment_status":"closed","ping_status":"closed","template":"templates\/landing.php","meta":{"_acf_changed":false,"content-type":"","inline_featured_image":false,"footnotes":""},"categories":[],"tags":[],"folder":[],"acf":[],"yoast_head":"<!-- This site is optimized with the Yoast SEO Premium plugin v22.2 (Yoast SEO v22.4) - https:\/\/yoast.com\/wordpress\/plugins\/seo\/ -->\n<title>Inproduct FR Welcome Page Drawer - Trial - Act!<\/title>\n<meta name=\"robots\" content=\"noindex, nofollow\" \/>\n<meta property=\"og:locale\" content=\"fr_FR\" \/>\n<meta property=\"og:type\" content=\"article\" \/>\n<meta property=\"og:title\" content=\"Inproduct FR Welcome Page Drawer - Trial\" \/>\n<meta property=\"og:description\" content=\"Nouveaut\u00e9s Bienvenue chez Act! Voici une vid\u00e9o avec quelques conseils pour vous aider \u00e0 bien d\u00e9marrer (sous-titres en fran\u00e7ais disponibles). Vous pouvez \u00e9galement consulter ce guide de prise en main avec des instructions \u00e9tape par \u00e9tape pour bien commencer. Pour plus d\u2019information, d\u2019autre ressources sont disponible plus bas, elles vous aideront \u00e0 mieux tirer parti [&hellip;]\" \/>\n<meta property=\"og:url\" content=\"https:\/\/products.act.com\/fr\/inproduct\/welcome-drawer-fr-trial\/\" \/>\n<meta property=\"og:site_name\" content=\"Act!\" \/>\n<meta property=\"article:modified_time\" content=\"2025-06-04T15:04:59+00:00\" \/>\n<meta property=\"og:image\" content=\"https:\/\/products.act.com\/wp-content\/uploads\/vidThumb_DiscoveringActCloud.png\" \/>\n<meta name=\"twitter:card\" content=\"summary_large_image\" \/>\n<meta name=\"twitter:label1\" content=\"Est. reading time\" \/>\n\t<meta name=\"twitter:data1\" content=\"2 minutes\" \/>\n<script type=\"application\/ld+json\" class=\"yoast-schema-graph\">{\"@context\":\"https:\/\/schema.org\",\"@graph\":[{\"@type\":\"WebPage\",\"@id\":\"https:\/\/products.act.com\/fr\/inproduct\/welcome-drawer-fr-trial\/\",\"url\":\"https:\/\/products.act.com\/fr\/inproduct\/welcome-drawer-fr-trial\/\",\"name\":\"Inproduct FR Welcome Page Drawer - Trial - Act!\",\"isPartOf\":{\"@id\":\"https:\/\/products.act.com\/fr\/#website\"},\"primaryImageOfPage\":{\"@id\":\"https:\/\/products.act.com\/fr\/inproduct\/welcome-drawer-fr-trial\/#primaryimage\"},\"image\":{\"@id\":\"https:\/\/products.act.com\/fr\/inproduct\/welcome-drawer-fr-trial\/#primaryimage\"},\"thumbnailUrl\":\"https:\/\/products.act.com\/wp-content\/uploads\/vidThumb_DiscoveringActCloud.png\",\"datePublished\":\"2022-12-15T00:47:18+00:00\",\"dateModified\":\"2025-06-04T15:04:59+00:00\",\"breadcrumb\":{\"@id\":\"https:\/\/products.act.com\/fr\/inproduct\/welcome-drawer-fr-trial\/#breadcrumb\"},\"inLanguage\":\"fr-FR\",\"potentialAction\":[{\"@type\":\"ReadAction\",\"target\":[\"https:\/\/products.act.com\/fr\/inproduct\/welcome-drawer-fr-trial\/\"]}]},{\"@type\":\"ImageObject\",\"inLanguage\":\"fr-FR\",\"@id\":\"https:\/\/products.act.com\/fr\/inproduct\/welcome-drawer-fr-trial\/#primaryimage\",\"url\":\"https:\/\/products.act.com\/wp-content\/uploads\/vidThumb_DiscoveringActCloud.png\",\"contentUrl\":\"https:\/\/products.act.com\/wp-content\/uploads\/vidThumb_DiscoveringActCloud.png\"},{\"@type\":\"BreadcrumbList\",\"@id\":\"https:\/\/products.act.com\/fr\/inproduct\/welcome-drawer-fr-trial\/#breadcrumb\",\"itemListElement\":[{\"@type\":\"ListItem\",\"position\":1,\"name\":\"Home\",\"item\":\"https:\/\/products.act.com\/fr\/\"},{\"@type\":\"ListItem\",\"position\":2,\"name\":\"Inproduct\",\"item\":\"https:\/\/products.act.com\/fr\/inproduct\/\"},{\"@type\":\"ListItem\",\"position\":3,\"name\":\"Inproduct FR Welcome Page Drawer &#8211; Trial\"}]},{\"@type\":\"WebSite\",\"@id\":\"https:\/\/products.act.com\/fr\/#website\",\"url\":\"https:\/\/products.act.com\/fr\/\",\"name\":\"Act!\",\"description\":\"CRM &amp; Marketing Automation in One\",\"publisher\":{\"@id\":\"https:\/\/products.act.com\/fr\/#organization\"},\"potentialAction\":[{\"@type\":\"SearchAction\",\"target\":{\"@type\":\"EntryPoint\",\"urlTemplate\":\"https:\/\/products.act.com\/fr\/?s={search_term_string}\"},\"query-input\":\"required name=search_term_string\"}],\"inLanguage\":\"fr-FR\"},{\"@type\":\"Organization\",\"@id\":\"https:\/\/products.act.com\/fr\/#organization\",\"name\":\"Act!\",\"url\":\"https:\/\/products.act.com\/fr\/\",\"logo\":{\"@type\":\"ImageObject\",\"inLanguage\":\"fr-FR\",\"@id\":\"https:\/\/products.act.com\/fr\/#\/schema\/logo\/image\/\",\"url\":\"https:\/\/products.act.com\/wp-content\/uploads\/2021\/07\/logo_fe5000.png\",\"contentUrl\":\"https:\/\/products.act.com\/wp-content\/uploads\/2021\/07\/logo_fe5000.png\",\"width\":120,\"height\":120,\"caption\":\"Act!\"},\"image\":{\"@id\":\"https:\/\/products.act.com\/fr\/#\/schema\/logo\/image\/\"}}]}<\/script>\n<!-- \/ Yoast SEO Premium plugin. -->","yoast_head_json":{"title":"Inproduct FR Welcome Page Drawer - Trial - Act!","robots":{"index":"noindex","follow":"nofollow"},"og_locale":"fr_FR","og_type":"article","og_title":"Inproduct FR Welcome Page Drawer - Trial","og_description":"Nouveaut\u00e9s Bienvenue chez Act! Voici une vid\u00e9o avec quelques conseils pour vous aider \u00e0 bien d\u00e9marrer (sous-titres en fran\u00e7ais disponibles). Vous pouvez \u00e9galement consulter ce guide de prise en main avec des instructions \u00e9tape par \u00e9tape pour bien commencer. Pour plus d\u2019information, d\u2019autre ressources sont disponible plus bas, elles vous aideront \u00e0 mieux tirer parti [&hellip;]","og_url":"https:\/\/products.act.com\/fr\/inproduct\/welcome-drawer-fr-trial\/","og_site_name":"Act!","article_modified_time":"2025-06-04T15:04:59+00:00","og_image":[{"url":"https:\/\/products.act.com\/wp-content\/uploads\/vidThumb_DiscoveringActCloud.png"}],"twitter_card":"summary_large_image","twitter_misc":{"Est. reading time":"2 minutes"},"schema":{"@context":"https:\/\/schema.org","@graph":[{"@type":"WebPage","@id":"https:\/\/products.act.com\/fr\/inproduct\/welcome-drawer-fr-trial\/","url":"https:\/\/products.act.com\/fr\/inproduct\/welcome-drawer-fr-trial\/","name":"Inproduct FR Welcome Page Drawer - Trial - Act!","isPartOf":{"@id":"https:\/\/products.act.com\/fr\/#website"},"primaryImageOfPage":{"@id":"https:\/\/products.act.com\/fr\/inproduct\/welcome-drawer-fr-trial\/#primaryimage"},"image":{"@id":"https:\/\/products.act.com\/fr\/inproduct\/welcome-drawer-fr-trial\/#primaryimage"},"thumbnailUrl":"https:\/\/products.act.com\/wp-content\/uploads\/vidThumb_DiscoveringActCloud.png","datePublished":"2022-12-15T00:47:18+00:00","dateModified":"2025-06-04T15:04:59+00:00","breadcrumb":{"@id":"https:\/\/products.act.com\/fr\/inproduct\/welcome-drawer-fr-trial\/#breadcrumb"},"inLanguage":"fr-FR","potentialAction":[{"@type":"ReadAction","target":["https:\/\/products.act.com\/fr\/inproduct\/welcome-drawer-fr-trial\/"]}]},{"@type":"ImageObject","inLanguage":"fr-FR","@id":"https:\/\/products.act.com\/fr\/inproduct\/welcome-drawer-fr-trial\/#primaryimage","url":"https:\/\/products.act.com\/wp-content\/uploads\/vidThumb_DiscoveringActCloud.png","contentUrl":"https:\/\/products.act.com\/wp-content\/uploads\/vidThumb_DiscoveringActCloud.png"},{"@type":"BreadcrumbList","@id":"https:\/\/products.act.com\/fr\/inproduct\/welcome-drawer-fr-trial\/#breadcrumb","itemListElement":[{"@type":"ListItem","position":1,"name":"Home","item":"https:\/\/products.act.com\/fr\/"},{"@type":"ListItem","position":2,"name":"Inproduct","item":"https:\/\/products.act.com\/fr\/inproduct\/"},{"@type":"ListItem","position":3,"name":"Inproduct FR Welcome Page Drawer &#8211; Trial"}]},{"@type":"WebSite","@id":"https:\/\/products.act.com\/fr\/#website","url":"https:\/\/products.act.com\/fr\/","name":"Act!","description":"CRM &amp; Marketing Automation in One","publisher":{"@id":"https:\/\/products.act.com\/fr\/#organization"},"potentialAction":[{"@type":"SearchAction","target":{"@type":"EntryPoint","urlTemplate":"https:\/\/products.act.com\/fr\/?s={search_term_string}"},"query-input":"required name=search_term_string"}],"inLanguage":"fr-FR"},{"@type":"Organization","@id":"https:\/\/products.act.com\/fr\/#organization","name":"Act!","url":"https:\/\/products.act.com\/fr\/","logo":{"@type":"ImageObject","inLanguage":"fr-FR","@id":"https:\/\/products.act.com\/fr\/#\/schema\/logo\/image\/","url":"https:\/\/products.act.com\/wp-content\/uploads\/2021\/07\/logo_fe5000.png","contentUrl":"https:\/\/products.act.com\/wp-content\/uploads\/2021\/07\/logo_fe5000.png","width":120,"height":120,"caption":"Act!"},"image":{"@id":"https:\/\/products.act.com\/fr\/#\/schema\/logo\/image\/"}}]}},"_links":{"self":[{"href":"https:\/\/products.act.com\/fr\/wp-json\/wp\/v2\/pages\/70777"}],"collection":[{"href":"https:\/\/products.act.com\/fr\/wp-json\/wp\/v2\/pages"}],"about":[{"href":"https:\/\/products.act.com\/fr\/wp-json\/wp\/v2\/types\/page"}],"author":[{"embeddable":true,"href":"https:\/\/products.act.com\/fr\/wp-json\/wp\/v2\/users\/9"}],"replies":[{"embeddable":true,"href":"https:\/\/products.act.com\/fr\/wp-json\/wp\/v2\/comments?post=70777"}],"version-history":[{"count":15,"href":"https:\/\/products.act.com\/fr\/wp-json\/wp\/v2\/pages\/70777\/revisions"}],"predecessor-version":[{"id":86344,"href":"https:\/\/products.act.com\/fr\/wp-json\/wp\/v2\/pages\/70777\/revisions\/86344"}],"up":[{"embeddable":true,"href":"https:\/\/products.act.com\/fr\/wp-json\/wp\/v2\/pages\/41630"}],"wp:attachment":[{"href":"https:\/\/products.act.com\/fr\/wp-json\/wp\/v2\/media?parent=70777"}],"wp:term":[{"taxonomy":"category","embeddable":true,"href":"https:\/\/products.act.com\/fr\/wp-json\/wp\/v2\/categories?post=70777"},{"taxonomy":"post_tag","embeddable":true,"href":"https:\/\/products.act.com\/fr\/wp-json\/wp\/v2\/tags?post=70777"},{"taxonomy":"folder","embeddable":true,"href":"https:\/\/products.act.com\/fr\/wp-json\/wp\/v2\/folder?post=70777"}],"curies":[{"name":"wp","href":"https:\/\/api.w.org\/{rel}","templated":true}]}}