{"id":46805,"date":"2022-01-27T12:18:41","date_gmt":"2022-01-27T05:18:41","guid":{"rendered":"https:\/\/act.com\/?page_id=46805"},"modified":"2023-01-18T12:50:49","modified_gmt":"2023-01-18T19:50:49","slug":"wp-thank-you","status":"publish","type":"page","link":"https:\/\/products.act.com\/fr\/livres-blancs\/sept-etapes-pour-reussir-vos-ventes\/wp-thank-you\/","title":{"rendered":"Merci"},"content":{"rendered":"\t\t<div data-elementor-type=\"wp-page\" data-elementor-id=\"46805\" class=\"elementor elementor-46805\" data-elementor-post-type=\"page\">\n\t\t\t\t\t\t<section class=\"elementor-section elementor-top-section elementor-element elementor-element-b547800 topSctGlb elementor-section-boxed elementor-section-height-default elementor-section-height-default\" data-id=\"b547800\" data-element_type=\"section\" data-settings=\"{&quot;background_background&quot;:&quot;gradient&quot;}\">\n\t\t\t\t\t\t\t<div class=\"elementor-background-overlay\"><\/div>\n\t\t\t\t\t\t\t<div class=\"elementor-container elementor-column-gap-default\">\n\t\t\t\t\t<div class=\"elementor-column elementor-col-100 elementor-top-column elementor-element elementor-element-395d9d3\" data-id=\"395d9d3\" data-element_type=\"column\" data-settings=\"{&quot;background_background&quot;:&quot;classic&quot;}\">\n\t\t\t<div class=\"elementor-widget-wrap elementor-element-populated\">\n\t\t\t\t\t\t<div class=\"elementor-element elementor-element-de9e3ca elementor-widget elementor-widget-heading\" data-id=\"de9e3ca\" data-element_type=\"widget\" data-widget_type=\"heading.default\">\n\t\t\t\t<div class=\"elementor-widget-container\">\n\t\t\t<style>\/*! elementor - v3.20.0 - 26-03-2024 *\/\n.elementor-heading-title{padding:0;margin:0;line-height:1}.elementor-widget-heading .elementor-heading-title[class*=elementor-size-]>a{color:inherit;font-size:inherit;line-height:inherit}.elementor-widget-heading .elementor-heading-title.elementor-size-small{font-size:15px}.elementor-widget-heading .elementor-heading-title.elementor-size-medium{font-size:19px}.elementor-widget-heading .elementor-heading-title.elementor-size-large{font-size:29px}.elementor-widget-heading .elementor-heading-title.elementor-size-xl{font-size:39px}.elementor-widget-heading .elementor-heading-title.elementor-size-xxl{font-size:59px}<\/style><h1 class=\"elementor-heading-title elementor-size-default\">Merci !<\/h1>\t\t<\/div>\n\t\t\t\t<\/div>\n\t\t\t\t<div class=\"elementor-element elementor-element-3f7255b elementor-widget elementor-widget-text-editor\" data-id=\"3f7255b\" data-element_type=\"widget\" data-widget_type=\"text-editor.default\">\n\t\t\t\t<div class=\"elementor-widget-container\">\n\t\t\t<style>\/*! elementor - v3.20.0 - 26-03-2024 *\/\n.elementor-widget-text-editor.elementor-drop-cap-view-stacked .elementor-drop-cap{background-color:#69727d;color:#fff}.elementor-widget-text-editor.elementor-drop-cap-view-framed .elementor-drop-cap{color:#69727d;border:3px solid;background-color:transparent}.elementor-widget-text-editor:not(.elementor-drop-cap-view-default) .elementor-drop-cap{margin-top:8px}.elementor-widget-text-editor:not(.elementor-drop-cap-view-default) .elementor-drop-cap-letter{width:1em;height:1em}.elementor-widget-text-editor .elementor-drop-cap{float:left;text-align:center;line-height:1;font-size:50px}.elementor-widget-text-editor .elementor-drop-cap-letter{display:inline-block}<\/style>\t\t\t\t<p>Votre guide est pr\u00eat \u00e0 \u00eatre t\u00e9l\u00e9charg\u00e9 :<\/p>\t\t\t\t\t\t<\/div>\n\t\t\t\t<\/div>\n\t\t\t\t<div class=\"elementor-element elementor-element-c979085 elementor-align-center elementor-widget elementor-widget-button\" data-id=\"c979085\" data-element_type=\"widget\" data-widget_type=\"button.default\">\n\t\t\t\t<div class=\"elementor-widget-container\">\n\t\t\t\t\t<div class=\"elementor-button-wrapper\">\n\t\t\t<a class=\"elementor-button elementor-button-link elementor-size-md\" href=\"https:\/\/www.act.com\/uploads\/docs\/fr\/seven-steps-to-successful-selling_fr.pdf\" target=\"_blank\">\n\t\t\t\t\t\t<span class=\"elementor-button-content-wrapper\">\n\t\t\t\t\t\t<span class=\"elementor-button-text\">T\u00e9l\u00e9charger le guide<\/span>\n\t\t<\/span>\n\t\t\t\t\t<\/a>\n\t\t<\/div>\n\t\t\t\t<\/div>\n\t\t\t\t<\/div>\n\t\t\t\t\t<\/div>\n\t\t<\/div>\n\t\t\t\t\t<\/div>\n\t\t<\/section>\n\t\t\t\t<section class=\"elementor-section elementor-top-section elementor-element elementor-element-1fd2a63 elementor-section-boxed elementor-section-height-default elementor-section-height-default\" data-id=\"1fd2a63\" data-element_type=\"section\">\n\t\t\t\t\t\t<div class=\"elementor-container elementor-column-gap-default\">\n\t\t\t\t\t<div class=\"elementor-column elementor-col-100 elementor-top-column elementor-element elementor-element-4944fb3\" data-id=\"4944fb3\" data-element_type=\"column\">\n\t\t\t<div class=\"elementor-widget-wrap elementor-element-populated\">\n\t\t\t\t\t\t<section class=\"elementor-section elementor-inner-section elementor-element elementor-element-eacce77 elementor-section-boxed elementor-section-height-default elementor-section-height-default\" data-id=\"eacce77\" data-element_type=\"section\">\n\t\t\t\t\t\t<div class=\"elementor-container elementor-column-gap-default\">\n\t\t\t\t\t<div class=\"elementor-column elementor-col-50 elementor-inner-column elementor-element elementor-element-b1bd7c2\" data-id=\"b1bd7c2\" data-element_type=\"column\">\n\t\t\t<div class=\"elementor-widget-wrap elementor-element-populated\">\n\t\t\t\t\t\t<div class=\"elementor-element elementor-element-a8200be elementor-widget elementor-widget-text-editor\" data-id=\"a8200be\" data-element_type=\"widget\" data-widget_type=\"text-editor.default\">\n\t\t\t\t<div class=\"elementor-widget-container\">\n\t\t\t\t\t\t\t<h2>Le saviez-vous ?<\/h2>\n<p>Act! est la solution \u00e0 laquelle les entrepreneurs, commerciaux, TPE et PME font confiance depuis plus de 30 ans. Pr\u00e9sent sur le march\u00e9 du CRM depuis le d\u00e9but, Act! est rapidement devenu leader, avec plus de six millions d&#8217;utilisateurs dans plus de 100 pays. Vous ne trouverez pas de logiciel plus efficace pour accompagner vos activit\u00e9s.<\/p>\n<br>\n\t\t\t\t\t\t<\/div>\n\t\t\t\t<\/div>\n\t\t\t\t<div class=\"elementor-element elementor-element-a4a3ff7 elementor-widget elementor-widget-button\" data-id=\"a4a3ff7\" data-element_type=\"widget\" data-widget_type=\"button.default\">\n\t\t\t\t<div class=\"elementor-widget-container\">\n\t\t\t\t\t<div class=\"elementor-button-wrapper\">\n\t\t\t<a class=\"elementor-button elementor-button-link elementor-size-md\" href=\"https:\/\/www.act.com\/fr\/essai\/act\/\">\n\t\t\t\t\t\t<span class=\"elementor-button-content-wrapper\">\n\t\t\t\t\t\t<span class=\"elementor-button-text\">Essayez Act!<\/span>\n\t\t<\/span>\n\t\t\t\t\t<\/a>\n\t\t<\/div>\n\t\t\t\t<\/div>\n\t\t\t\t<\/div>\n\t\t\t\t\t<\/div>\n\t\t<\/div>\n\t\t\t\t<div class=\"elementor-column elementor-col-50 elementor-inner-column elementor-element elementor-element-b9b9c96\" data-id=\"b9b9c96\" data-element_type=\"column\">\n\t\t\t<div class=\"elementor-widget-wrap elementor-element-populated\">\n\t\t\t\t\t\t<div class=\"elementor-element elementor-element-5c57528 elementor-widget elementor-widget-image\" data-id=\"5c57528\" data-element_type=\"widget\" data-widget_type=\"image.default\">\n\t\t\t\t<div class=\"elementor-widget-container\">\n\t\t\t<style>\/*! elementor - v3.20.0 - 26-03-2024 *\/\n.elementor-widget-image{text-align:center}.elementor-widget-image a{display:inline-block}.elementor-widget-image a img[src$=\".svg\"]{width:48px}.elementor-widget-image img{vertical-align:middle;display:inline-block}<\/style>\t\t\t\t\t\t\t\t\t\t<img fetchpriority=\"high\" decoding=\"async\" width=\"300\" height=\"205\" src=\"https:\/\/products.act.com\/wp-content\/uploads\/2021\/12\/image002.png\" class=\"attachment-full size-full wp-image-41535\" alt=\"\" \/>\t\t\t\t\t\t\t\t\t\t\t\t\t<\/div>\n\t\t\t\t<\/div>\n\t\t\t\t\t<\/div>\n\t\t<\/div>\n\t\t\t\t\t<\/div>\n\t\t<\/section>\n\t\t\t\t\t<\/div>\n\t\t<\/div>\n\t\t\t\t\t<\/div>\n\t\t<\/section>\n\t\t\t\t<section class=\"elementor-section elementor-top-section elementor-element elementor-element-295a797 elementor-section-boxed elementor-section-height-default elementor-section-height-default\" data-id=\"295a797\" data-element_type=\"section\" data-settings=\"{&quot;background_background&quot;:&quot;classic&quot;}\">\n\t\t\t\t\t\t<div class=\"elementor-container elementor-column-gap-default\">\n\t\t\t\t\t<div class=\"elementor-column elementor-col-100 elementor-top-column elementor-element elementor-element-ac3a72d\" data-id=\"ac3a72d\" data-element_type=\"column\">\n\t\t\t<div class=\"elementor-widget-wrap elementor-element-populated\">\n\t\t\t\t\t\t<section class=\"elementor-section elementor-inner-section elementor-element elementor-element-dad40eb elementor-section-boxed elementor-section-height-default elementor-section-height-default\" data-id=\"dad40eb\" data-element_type=\"section\">\n\t\t\t\t\t\t<div class=\"elementor-container elementor-column-gap-default\">\n\t\t\t\t\t<div class=\"elementor-column elementor-col-100 elementor-inner-column elementor-element elementor-element-c523cf6\" data-id=\"c523cf6\" data-element_type=\"column\">\n\t\t\t<div class=\"elementor-widget-wrap elementor-element-populated\">\n\t\t\t\t\t\t<div class=\"elementor-element elementor-element-4d707ca elementor-widget elementor-widget-heading\" data-id=\"4d707ca\" data-element_type=\"widget\" data-widget_type=\"heading.default\">\n\t\t\t\t<div class=\"elementor-widget-container\">\n\t\t\t<h2 class=\"elementor-heading-title elementor-size-default\">R\u00e9sultats optimaux. Investissement minimal.<\/h2>\t\t<\/div>\n\t\t\t\t<\/div>\n\t\t\t\t<div class=\"elementor-element elementor-element-c022bc9 elementor-widget elementor-widget-text-editor\" data-id=\"c022bc9\" data-element_type=\"widget\" data-widget_type=\"text-editor.default\">\n\t\t\t\t<div class=\"elementor-widget-container\">\n\t\t\t\t\t\t\t<p>Pr\u00eat \u00e0 passer \u00e0 l&#8217;action ?<\/p>\t\t\t\t\t\t<\/div>\n\t\t\t\t<\/div>\n\t\t\t\t<div class=\"elementor-element elementor-element-690fc3c elementor-align-center elementor-widget elementor-widget-button\" data-id=\"690fc3c\" data-element_type=\"widget\" data-widget_type=\"button.default\">\n\t\t\t\t<div class=\"elementor-widget-container\">\n\t\t\t\t\t<div class=\"elementor-button-wrapper\">\n\t\t\t<a class=\"elementor-button elementor-button-link elementor-size-sm\" href=\"https:\/\/www.act.com\/fr\/essai\/act\/\" target=\"_blank\">\n\t\t\t\t\t\t<span class=\"elementor-button-content-wrapper\">\n\t\t\t\t\t\t<span class=\"elementor-button-text\">Essayez Act!<\/span>\n\t\t<\/span>\n\t\t\t\t\t<\/a>\n\t\t<\/div>\n\t\t\t\t<\/div>\n\t\t\t\t<\/div>\n\t\t\t\t\t<\/div>\n\t\t<\/div>\n\t\t\t\t\t<\/div>\n\t\t<\/section>\n\t\t\t\t\t<\/div>\n\t\t<\/div>\n\t\t\t\t\t<\/div>\n\t\t<\/section>\n\t\t\t\t<\/div>\n\t\t","protected":false},"excerpt":{"rendered":"<p>Merci ! Votre guide est pr\u00eat \u00e0 \u00eatre t\u00e9l\u00e9charg\u00e9 : T\u00e9l\u00e9charger le guide Le saviez-vous ? Act! est la solution \u00e0 laquelle les entrepreneurs, commerciaux, TPE et PME font confiance depuis plus de 30 ans. Pr\u00e9sent sur le march\u00e9 du CRM depuis le d\u00e9but, Act! est rapidement devenu leader, avec plus de six millions d&#8217;utilisateurs [&hellip;]<\/p>\n","protected":false},"author":4,"featured_media":0,"parent":45953,"menu_order":0,"comment_status":"closed","ping_status":"closed","template":"elementor_header_footer","meta":{"_acf_changed":false,"content-type":"","inline_featured_image":false,"footnotes":""},"categories":[],"tags":[],"folder":[],"acf":[],"yoast_head":"<!-- This site is optimized with the Yoast SEO Premium plugin v22.2 (Yoast SEO v22.4) - https:\/\/yoast.com\/wordpress\/plugins\/seo\/ -->\n<title>Merci - Act!<\/title>\n<meta name=\"robots\" content=\"noindex, follow, max-snippet:-1, max-image-preview:large, max-video-preview:-1\" \/>\n<meta property=\"og:locale\" content=\"fr_FR\" \/>\n<meta property=\"og:type\" content=\"article\" \/>\n<meta property=\"og:title\" content=\"Merci\" \/>\n<meta property=\"og:description\" content=\"Merci ! Votre guide est pr\u00eat \u00e0 \u00eatre t\u00e9l\u00e9charg\u00e9 : T\u00e9l\u00e9charger le guide Le saviez-vous ? Act! est la solution \u00e0 laquelle les entrepreneurs, commerciaux, TPE et PME font confiance depuis plus de 30 ans. Pr\u00e9sent sur le march\u00e9 du CRM depuis le d\u00e9but, Act! est rapidement devenu leader, avec plus de six millions d&#8217;utilisateurs [&hellip;]\" \/>\n<meta property=\"og:url\" content=\"https:\/\/products.act.com\/fr\/livres-blancs\/sept-etapes-pour-reussir-vos-ventes\/wp-thank-you\/\" \/>\n<meta property=\"og:site_name\" content=\"Act!\" \/>\n<meta property=\"article:modified_time\" content=\"2023-01-18T19:50:49+00:00\" \/>\n<meta property=\"og:image\" content=\"https:\/\/dev-inproduct.pantheonsite.io\/uploads\/2021\/12\/image002.png\" \/>\n<meta name=\"twitter:card\" content=\"summary_large_image\" \/>\n<meta name=\"twitter:label1\" content=\"Est. reading time\" \/>\n\t<meta name=\"twitter:data1\" content=\"1 minute\" \/>\n<script type=\"application\/ld+json\" class=\"yoast-schema-graph\">{\"@context\":\"https:\/\/schema.org\",\"@graph\":[{\"@type\":\"WebPage\",\"@id\":\"https:\/\/products.act.com\/fr\/livres-blancs\/sept-etapes-pour-reussir-vos-ventes\/wp-thank-you\/\",\"url\":\"https:\/\/products.act.com\/fr\/livres-blancs\/sept-etapes-pour-reussir-vos-ventes\/wp-thank-you\/\",\"name\":\"Merci - Act!\",\"isPartOf\":{\"@id\":\"https:\/\/products.act.com\/fr\/#website\"},\"primaryImageOfPage\":{\"@id\":\"https:\/\/products.act.com\/fr\/livres-blancs\/sept-etapes-pour-reussir-vos-ventes\/wp-thank-you\/#primaryimage\"},\"image\":{\"@id\":\"https:\/\/products.act.com\/fr\/livres-blancs\/sept-etapes-pour-reussir-vos-ventes\/wp-thank-you\/#primaryimage\"},\"thumbnailUrl\":\"https:\/\/dev-inproduct.pantheonsite.io\/uploads\/2021\/12\/image002.png\",\"datePublished\":\"2022-01-27T05:18:41+00:00\",\"dateModified\":\"2023-01-18T19:50:49+00:00\",\"breadcrumb\":{\"@id\":\"https:\/\/products.act.com\/fr\/livres-blancs\/sept-etapes-pour-reussir-vos-ventes\/wp-thank-you\/#breadcrumb\"},\"inLanguage\":\"fr-FR\",\"potentialAction\":[{\"@type\":\"ReadAction\",\"target\":[\"https:\/\/products.act.com\/fr\/livres-blancs\/sept-etapes-pour-reussir-vos-ventes\/wp-thank-you\/\"]}]},{\"@type\":\"ImageObject\",\"inLanguage\":\"fr-FR\",\"@id\":\"https:\/\/products.act.com\/fr\/livres-blancs\/sept-etapes-pour-reussir-vos-ventes\/wp-thank-you\/#primaryimage\",\"url\":\"https:\/\/dev-inproduct.pantheonsite.io\/uploads\/2021\/12\/image002.png\",\"contentUrl\":\"https:\/\/dev-inproduct.pantheonsite.io\/uploads\/2021\/12\/image002.png\"},{\"@type\":\"BreadcrumbList\",\"@id\":\"https:\/\/products.act.com\/fr\/livres-blancs\/sept-etapes-pour-reussir-vos-ventes\/wp-thank-you\/#breadcrumb\",\"itemListElement\":[{\"@type\":\"ListItem\",\"position\":1,\"name\":\"Home\",\"item\":\"https:\/\/products.act.com\/fr\/\"},{\"@type\":\"ListItem\",\"position\":2,\"name\":\"Livres Blancs Gratuits | Act!\",\"item\":\"http:\/\/products.act.com\/fr\/livres-blancs\/\"},{\"@type\":\"ListItem\",\"position\":3,\"name\":\"Sept \u00e9tapes pour r\u00e9ussir vos ventes| Livre Blanc Act!\",\"item\":\"http:\/\/products.act.com\/fr\/livres-blancs\/sept-etapes-pour-reussir-vos-ventes\/\"},{\"@type\":\"ListItem\",\"position\":4,\"name\":\"Merci\"}]},{\"@type\":\"WebSite\",\"@id\":\"https:\/\/products.act.com\/fr\/#website\",\"url\":\"https:\/\/products.act.com\/fr\/\",\"name\":\"Act!\",\"description\":\"CRM &amp; Marketing Automation in One\",\"publisher\":{\"@id\":\"https:\/\/products.act.com\/fr\/#organization\"},\"potentialAction\":[{\"@type\":\"SearchAction\",\"target\":{\"@type\":\"EntryPoint\",\"urlTemplate\":\"https:\/\/products.act.com\/fr\/?s={search_term_string}\"},\"query-input\":\"required name=search_term_string\"}],\"inLanguage\":\"fr-FR\"},{\"@type\":\"Organization\",\"@id\":\"https:\/\/products.act.com\/fr\/#organization\",\"name\":\"Act!\",\"url\":\"https:\/\/products.act.com\/fr\/\",\"logo\":{\"@type\":\"ImageObject\",\"inLanguage\":\"fr-FR\",\"@id\":\"https:\/\/products.act.com\/fr\/#\/schema\/logo\/image\/\",\"url\":\"https:\/\/products.act.com\/wp-content\/uploads\/2021\/07\/logo_fe5000.png\",\"contentUrl\":\"https:\/\/products.act.com\/wp-content\/uploads\/2021\/07\/logo_fe5000.png\",\"width\":120,\"height\":120,\"caption\":\"Act!\"},\"image\":{\"@id\":\"https:\/\/products.act.com\/fr\/#\/schema\/logo\/image\/\"}}]}<\/script>\n<!-- \/ Yoast SEO Premium plugin. -->","yoast_head_json":{"title":"Merci - Act!","robots":{"index":"noindex","follow":"follow","max-snippet":"max-snippet:-1","max-image-preview":"max-image-preview:large","max-video-preview":"max-video-preview:-1"},"og_locale":"fr_FR","og_type":"article","og_title":"Merci","og_description":"Merci ! Votre guide est pr\u00eat \u00e0 \u00eatre t\u00e9l\u00e9charg\u00e9 : T\u00e9l\u00e9charger le guide Le saviez-vous ? Act! est la solution \u00e0 laquelle les entrepreneurs, commerciaux, TPE et PME font confiance depuis plus de 30 ans. Pr\u00e9sent sur le march\u00e9 du CRM depuis le d\u00e9but, Act! est rapidement devenu leader, avec plus de six millions d&#8217;utilisateurs [&hellip;]","og_url":"https:\/\/products.act.com\/fr\/livres-blancs\/sept-etapes-pour-reussir-vos-ventes\/wp-thank-you\/","og_site_name":"Act!","article_modified_time":"2023-01-18T19:50:49+00:00","og_image":[{"url":"https:\/\/dev-inproduct.pantheonsite.io\/uploads\/2021\/12\/image002.png"}],"twitter_card":"summary_large_image","twitter_misc":{"Est. reading time":"1 minute"},"schema":{"@context":"https:\/\/schema.org","@graph":[{"@type":"WebPage","@id":"https:\/\/products.act.com\/fr\/livres-blancs\/sept-etapes-pour-reussir-vos-ventes\/wp-thank-you\/","url":"https:\/\/products.act.com\/fr\/livres-blancs\/sept-etapes-pour-reussir-vos-ventes\/wp-thank-you\/","name":"Merci - Act!","isPartOf":{"@id":"https:\/\/products.act.com\/fr\/#website"},"primaryImageOfPage":{"@id":"https:\/\/products.act.com\/fr\/livres-blancs\/sept-etapes-pour-reussir-vos-ventes\/wp-thank-you\/#primaryimage"},"image":{"@id":"https:\/\/products.act.com\/fr\/livres-blancs\/sept-etapes-pour-reussir-vos-ventes\/wp-thank-you\/#primaryimage"},"thumbnailUrl":"https:\/\/dev-inproduct.pantheonsite.io\/uploads\/2021\/12\/image002.png","datePublished":"2022-01-27T05:18:41+00:00","dateModified":"2023-01-18T19:50:49+00:00","breadcrumb":{"@id":"https:\/\/products.act.com\/fr\/livres-blancs\/sept-etapes-pour-reussir-vos-ventes\/wp-thank-you\/#breadcrumb"},"inLanguage":"fr-FR","potentialAction":[{"@type":"ReadAction","target":["https:\/\/products.act.com\/fr\/livres-blancs\/sept-etapes-pour-reussir-vos-ventes\/wp-thank-you\/"]}]},{"@type":"ImageObject","inLanguage":"fr-FR","@id":"https:\/\/products.act.com\/fr\/livres-blancs\/sept-etapes-pour-reussir-vos-ventes\/wp-thank-you\/#primaryimage","url":"https:\/\/dev-inproduct.pantheonsite.io\/uploads\/2021\/12\/image002.png","contentUrl":"https:\/\/dev-inproduct.pantheonsite.io\/uploads\/2021\/12\/image002.png"},{"@type":"BreadcrumbList","@id":"https:\/\/products.act.com\/fr\/livres-blancs\/sept-etapes-pour-reussir-vos-ventes\/wp-thank-you\/#breadcrumb","itemListElement":[{"@type":"ListItem","position":1,"name":"Home","item":"https:\/\/products.act.com\/fr\/"},{"@type":"ListItem","position":2,"name":"Livres Blancs Gratuits | Act!","item":"http:\/\/products.act.com\/fr\/livres-blancs\/"},{"@type":"ListItem","position":3,"name":"Sept \u00e9tapes pour r\u00e9ussir vos ventes| Livre Blanc Act!","item":"http:\/\/products.act.com\/fr\/livres-blancs\/sept-etapes-pour-reussir-vos-ventes\/"},{"@type":"ListItem","position":4,"name":"Merci"}]},{"@type":"WebSite","@id":"https:\/\/products.act.com\/fr\/#website","url":"https:\/\/products.act.com\/fr\/","name":"Act!","description":"CRM &amp; Marketing Automation in One","publisher":{"@id":"https:\/\/products.act.com\/fr\/#organization"},"potentialAction":[{"@type":"SearchAction","target":{"@type":"EntryPoint","urlTemplate":"https:\/\/products.act.com\/fr\/?s={search_term_string}"},"query-input":"required name=search_term_string"}],"inLanguage":"fr-FR"},{"@type":"Organization","@id":"https:\/\/products.act.com\/fr\/#organization","name":"Act!","url":"https:\/\/products.act.com\/fr\/","logo":{"@type":"ImageObject","inLanguage":"fr-FR","@id":"https:\/\/products.act.com\/fr\/#\/schema\/logo\/image\/","url":"https:\/\/products.act.com\/wp-content\/uploads\/2021\/07\/logo_fe5000.png","contentUrl":"https:\/\/products.act.com\/wp-content\/uploads\/2021\/07\/logo_fe5000.png","width":120,"height":120,"caption":"Act!"},"image":{"@id":"https:\/\/products.act.com\/fr\/#\/schema\/logo\/image\/"}}]}},"_links":{"self":[{"href":"https:\/\/products.act.com\/fr\/wp-json\/wp\/v2\/pages\/46805"}],"collection":[{"href":"https:\/\/products.act.com\/fr\/wp-json\/wp\/v2\/pages"}],"about":[{"href":"https:\/\/products.act.com\/fr\/wp-json\/wp\/v2\/types\/page"}],"author":[{"embeddable":true,"href":"https:\/\/products.act.com\/fr\/wp-json\/wp\/v2\/users\/4"}],"replies":[{"embeddable":true,"href":"https:\/\/products.act.com\/fr\/wp-json\/wp\/v2\/comments?post=46805"}],"version-history":[{"count":0,"href":"https:\/\/products.act.com\/fr\/wp-json\/wp\/v2\/pages\/46805\/revisions"}],"up":[{"embeddable":true,"href":"https:\/\/products.act.com\/fr\/wp-json\/wp\/v2\/pages\/45953"}],"wp:attachment":[{"href":"https:\/\/products.act.com\/fr\/wp-json\/wp\/v2\/media?parent=46805"}],"wp:term":[{"taxonomy":"category","embeddable":true,"href":"https:\/\/products.act.com\/fr\/wp-json\/wp\/v2\/categories?post=46805"},{"taxonomy":"post_tag","embeddable":true,"href":"https:\/\/products.act.com\/fr\/wp-json\/wp\/v2\/tags?post=46805"},{"taxonomy":"folder","embeddable":true,"href":"https:\/\/products.act.com\/fr\/wp-json\/wp\/v2\/folder?post=46805"}],"curies":[{"name":"wp","href":"https:\/\/api.w.org\/{rel}","templated":true}]}}