{"id":45220,"date":"2022-01-19T12:35:29","date_gmt":"2022-01-19T05:35:29","guid":{"rendered":"https:\/\/act.com\/?page_id=45220"},"modified":"2023-01-18T13:02:57","modified_gmt":"2023-01-18T20:02:57","slug":"a-lire-avant-d-installer-act","status":"publish","type":"page","link":"https:\/\/products.act.com\/fr\/lp\/a-lire-avant-d-installer-act\/","title":{"rendered":"Customer Notice &#8211; Act! Activation &#038; Registration"},"content":{"rendered":"\t\t<div data-elementor-type=\"wp-page\" data-elementor-id=\"45220\" class=\"elementor elementor-45220\" data-elementor-post-type=\"page\">\n\t\t\t\t\t\t<section class=\"elementor-section elementor-top-section elementor-element elementor-element-1aeb32df topSctGlb elementor-section-boxed elementor-section-height-default elementor-section-height-default\" data-id=\"1aeb32df\" data-element_type=\"section\" data-settings=\"{&quot;background_background&quot;:&quot;gradient&quot;}\">\n\t\t\t\t\t\t\t<div class=\"elementor-background-overlay\"><\/div>\n\t\t\t\t\t\t\t<div class=\"elementor-container elementor-column-gap-default\">\n\t\t\t\t\t<div class=\"elementor-column elementor-col-100 elementor-top-column elementor-element elementor-element-51dd7ab8\" data-id=\"51dd7ab8\" data-element_type=\"column\" data-settings=\"{&quot;background_background&quot;:&quot;classic&quot;}\">\n\t\t\t<div class=\"elementor-widget-wrap elementor-element-populated\">\n\t\t\t\t\t\t<section class=\"elementor-section elementor-inner-section elementor-element elementor-element-5c898ee8 elementor-section-boxed elementor-section-height-default elementor-section-height-default\" data-id=\"5c898ee8\" data-element_type=\"section\">\n\t\t\t\t\t\t<div class=\"elementor-container elementor-column-gap-default\">\n\t\t\t\t\t<div class=\"elementor-column elementor-col-100 elementor-inner-column elementor-element elementor-element-16bce60e\" data-id=\"16bce60e\" data-element_type=\"column\">\n\t\t\t<div class=\"elementor-widget-wrap elementor-element-populated\">\n\t\t\t\t\t\t<div class=\"elementor-element elementor-element-155f6aa9 elementor-widget elementor-widget-heading\" data-id=\"155f6aa9\" data-element_type=\"widget\" data-widget_type=\"heading.default\">\n\t\t\t\t<div class=\"elementor-widget-container\">\n\t\t\t<style>\/*! elementor - v3.20.0 - 26-03-2024 *\/\n.elementor-heading-title{padding:0;margin:0;line-height:1}.elementor-widget-heading .elementor-heading-title[class*=elementor-size-]>a{color:inherit;font-size:inherit;line-height:inherit}.elementor-widget-heading .elementor-heading-title.elementor-size-small{font-size:15px}.elementor-widget-heading .elementor-heading-title.elementor-size-medium{font-size:19px}.elementor-widget-heading .elementor-heading-title.elementor-size-large{font-size:29px}.elementor-widget-heading .elementor-heading-title.elementor-size-xl{font-size:39px}.elementor-widget-heading .elementor-heading-title.elementor-size-xxl{font-size:59px}<\/style><h1 class=\"elementor-heading-title elementor-size-default\">\u00c0 lire avant d\u2019installer Act!<\/h1>\t\t<\/div>\n\t\t\t\t<\/div>\n\t\t\t\t\t<\/div>\n\t\t<\/div>\n\t\t\t\t\t<\/div>\n\t\t<\/section>\n\t\t\t\t\t<\/div>\n\t\t<\/div>\n\t\t\t\t\t<\/div>\n\t\t<\/section>\n\t\t\t\t<section class=\"elementor-section elementor-top-section elementor-element elementor-element-6fb455 elementor-section-boxed elementor-section-height-default elementor-section-height-default\" data-id=\"6fb455\" data-element_type=\"section\">\n\t\t\t\t\t\t<div class=\"elementor-container elementor-column-gap-default\">\n\t\t\t\t\t<div class=\"elementor-column elementor-col-100 elementor-top-column elementor-element elementor-element-4d8858c1\" data-id=\"4d8858c1\" data-element_type=\"column\">\n\t\t\t<div class=\"elementor-widget-wrap elementor-element-populated\">\n\t\t\t\t\t\t<section class=\"elementor-section elementor-inner-section elementor-element elementor-element-77abf59f elementor-section-boxed elementor-section-height-default elementor-section-height-default\" data-id=\"77abf59f\" data-element_type=\"section\">\n\t\t\t\t\t\t<div class=\"elementor-container elementor-column-gap-default\">\n\t\t\t\t\t<div class=\"elementor-column elementor-col-100 elementor-inner-column elementor-element elementor-element-c695928\" data-id=\"c695928\" data-element_type=\"column\">\n\t\t\t<div class=\"elementor-widget-wrap elementor-element-populated\">\n\t\t\t\t\t\t<div class=\"elementor-element elementor-element-7a0794c9 elementor-widget elementor-widget-text-editor\" data-id=\"7a0794c9\" data-element_type=\"widget\" data-widget_type=\"text-editor.default\">\n\t\t\t\t<div class=\"elementor-widget-container\">\n\t\t\t<style>\/*! elementor - v3.20.0 - 26-03-2024 *\/\n.elementor-widget-text-editor.elementor-drop-cap-view-stacked .elementor-drop-cap{background-color:#69727d;color:#fff}.elementor-widget-text-editor.elementor-drop-cap-view-framed .elementor-drop-cap{color:#69727d;border:3px solid;background-color:transparent}.elementor-widget-text-editor:not(.elementor-drop-cap-view-default) .elementor-drop-cap{margin-top:8px}.elementor-widget-text-editor:not(.elementor-drop-cap-view-default) .elementor-drop-cap-letter{width:1em;height:1em}.elementor-widget-text-editor .elementor-drop-cap{float:left;text-align:center;line-height:1;font-size:50px}.elementor-widget-text-editor .elementor-drop-cap-letter{display:inline-block}<\/style>\t\t\t\t<div class=\"sfContentBlock\"><div class=\"sfContentBlock\"><p>Lors du processus d\u2019installation et d\u2019inscription, il est conseill\u00e9 d&#8217;avoir acc\u00e8s \u00e0 une connexion internet suffisamment fiable pour permettre \u00e0 l\u2019application Act! de v\u00e9rifier et valider votre num\u00e9ro de s\u00e9rie et la r\u00e9f\u00e9rence de version Act!.<\/p><p>Pourquoi le syst\u00e8me Act! a-t-il besoin de ces informations ?<\/p><ul><li>Ce processus de validation du num\u00e9ro de s\u00e9rie ou de licence est indispensable pour permettre \u00e0 votre application Act! de fonctionner au-del\u00e0 des 30 jours d\u2019essai.<\/li><li>Il permettra \u00e9galement \u00e0 Act! de vous notifier des \u00e9ventuelles mises \u00e0 jour critiques \u00e0 installer sur votre application et qui peuvent notamment concerner la s\u00e9curit\u00e9 de votre installation. Enfin, cela nous permet de vous envoyer des mises \u00e0 jour et communications concernant votre version sp\u00e9cifique de Act!<\/li><li>Donn\u00e9es d\u2019activation\/d\u2019inscription \u2013 Vos donn\u00e9es, y compris concernant votre inscription, sont obtenues et utilis\u00e9es selon les conditions pr\u00e9cis\u00e9es par le contrat et conform\u00e9ment \u00e0 nos politiques de confidentialit\u00e9 accessible ici :\u00a0<a href=\"https:\/\/www.act.com\/legal\/privacy-policy\/\">https:\/\/www.act.com\/en-uk\/privacy-policy<\/a>.<\/li><\/ul><h4>\u00a0<\/h4><h4><strong>Par l\u2019installation de votre nouvelle version de Act! (indispensable pour utiliser le produit), vous consentez \u00e0 partager vos informations avec Act!.<\/strong><\/h4><p>Les seules informations que vous nous enverrez \u00e0 Act ! sont les suivantes :<\/p><ul><li>Num\u00e9ro de s\u00e9rie ou d\u2019inscription<\/li><li>R\u00e9f\u00e9rence de la version d\u2019Act! install\u00e9e<\/li><li>Identifiant unique de votre ordinateur (MAC)<\/li><\/ul><\/div><\/div>\t\t\t\t\t\t<\/div>\n\t\t\t\t<\/div>\n\t\t\t\t\t<\/div>\n\t\t<\/div>\n\t\t\t\t\t<\/div>\n\t\t<\/section>\n\t\t\t\t\t<\/div>\n\t\t<\/div>\n\t\t\t\t\t<\/div>\n\t\t<\/section>\n\t\t\t\t<section class=\"elementor-section elementor-top-section elementor-element elementor-element-6fb538cb elementor-section-boxed elementor-section-height-default elementor-section-height-default\" data-id=\"6fb538cb\" data-element_type=\"section\" data-settings=\"{&quot;background_background&quot;:&quot;gradient&quot;}\">\n\t\t\t\t\t\t<div class=\"elementor-container elementor-column-gap-default\">\n\t\t\t\t\t<div class=\"elementor-column elementor-col-100 elementor-top-column elementor-element elementor-element-1f1b0beb\" data-id=\"1f1b0beb\" data-element_type=\"column\">\n\t\t\t<div class=\"elementor-widget-wrap elementor-element-populated\">\n\t\t\t\t\t\t<div class=\"elementor-element elementor-element-39d069f6 elementor-widget elementor-widget-heading\" data-id=\"39d069f6\" data-element_type=\"widget\" data-widget_type=\"heading.default\">\n\t\t\t\t<div class=\"elementor-widget-container\">\n\t\t\t<h2 class=\"elementor-heading-title elementor-size-default\">R\u00e9sultats optimaux. Investissement minimal.<\/h2>\t\t<\/div>\n\t\t\t\t<\/div>\n\t\t\t\t<div class=\"elementor-element elementor-element-57827bf9 elementor-widget elementor-widget-text-editor\" data-id=\"57827bf9\" data-element_type=\"widget\" data-widget_type=\"text-editor.default\">\n\t\t\t\t<div class=\"elementor-widget-container\">\n\t\t\t\t\t\t\t<p>Pr\u00eat \u00e0 passer \u00e0 l&#8217;action ?<\/p>\t\t\t\t\t\t<\/div>\n\t\t\t\t<\/div>\n\t\t\t\t<div class=\"elementor-element elementor-element-23253950 elementor-align-center elementor-widget elementor-widget-button\" data-id=\"23253950\" data-element_type=\"widget\" data-widget_type=\"button.default\">\n\t\t\t\t<div class=\"elementor-widget-container\">\n\t\t\t\t\t<div class=\"elementor-button-wrapper\">\n\t\t\t<a class=\"elementor-button elementor-button-link elementor-size-sm\" href=\"https:\/\/www.act.com\/fr\/essai\/act\/\">\n\t\t\t\t\t\t<span class=\"elementor-button-content-wrapper\">\n\t\t\t\t\t\t<span class=\"elementor-button-text\">Essayez Act!<\/span>\n\t\t<\/span>\n\t\t\t\t\t<\/a>\n\t\t<\/div>\n\t\t\t\t<\/div>\n\t\t\t\t<\/div>\n\t\t\t\t\t<\/div>\n\t\t<\/div>\n\t\t\t\t\t<\/div>\n\t\t<\/section>\n\t\t\t\t<\/div>\n\t\t","protected":false},"excerpt":{"rendered":"<p>\u00c0 lire avant d\u2019installer Act! Lors du processus d\u2019installation et d\u2019inscription, il est conseill\u00e9 d&#8217;avoir acc\u00e8s \u00e0 une connexion internet suffisamment fiable pour permettre \u00e0 l\u2019application Act! de v\u00e9rifier et valider votre num\u00e9ro de s\u00e9rie et la r\u00e9f\u00e9rence de version Act!. Pourquoi le syst\u00e8me Act! a-t-il besoin de ces informations ? Ce processus de validation [&hellip;]<\/p>\n","protected":false},"author":4,"featured_media":0,"parent":42723,"menu_order":0,"comment_status":"closed","ping_status":"closed","template":"elementor_header_footer","meta":{"_acf_changed":false,"content-type":"","inline_featured_image":false,"footnotes":""},"categories":[],"tags":[],"folder":[],"acf":[],"yoast_head":"<!-- This site is optimized with the Yoast SEO Premium plugin v22.2 (Yoast SEO v22.4) - https:\/\/yoast.com\/wordpress\/plugins\/seo\/ -->\n<title>Customer Notice - Act! Activation &amp; Registration - Act!<\/title>\n<meta name=\"robots\" content=\"noindex, follow, max-snippet:-1, max-image-preview:large, max-video-preview:-1\" \/>\n<meta property=\"og:locale\" content=\"fr_FR\" \/>\n<meta property=\"og:type\" content=\"article\" \/>\n<meta property=\"og:title\" content=\"Customer Notice - Act! Activation &amp; Registration\" \/>\n<meta property=\"og:description\" content=\"\u00c0 lire avant d\u2019installer Act! Lors du processus d\u2019installation et d\u2019inscription, il est conseill\u00e9 d&#8217;avoir acc\u00e8s \u00e0 une connexion internet suffisamment fiable pour permettre \u00e0 l\u2019application Act! de v\u00e9rifier et valider votre num\u00e9ro de s\u00e9rie et la r\u00e9f\u00e9rence de version Act!. Pourquoi le syst\u00e8me Act! a-t-il besoin de ces informations ? Ce processus de validation [&hellip;]\" \/>\n<meta property=\"og:url\" content=\"https:\/\/products.act.com\/fr\/lp\/a-lire-avant-d-installer-act\/\" \/>\n<meta property=\"og:site_name\" content=\"Act!\" \/>\n<meta property=\"article:modified_time\" content=\"2023-01-18T20:02:57+00:00\" \/>\n<meta name=\"twitter:card\" content=\"summary_large_image\" \/>\n<meta name=\"twitter:label1\" content=\"Est. reading time\" \/>\n\t<meta name=\"twitter:data1\" content=\"2 minutes\" \/>\n<script type=\"application\/ld+json\" class=\"yoast-schema-graph\">{\"@context\":\"https:\/\/schema.org\",\"@graph\":[{\"@type\":\"WebPage\",\"@id\":\"https:\/\/products.act.com\/fr\/lp\/a-lire-avant-d-installer-act\/\",\"url\":\"https:\/\/products.act.com\/fr\/lp\/a-lire-avant-d-installer-act\/\",\"name\":\"Customer Notice - Act! Activation & Registration - Act!\",\"isPartOf\":{\"@id\":\"https:\/\/products.act.com\/fr\/#website\"},\"datePublished\":\"2022-01-19T05:35:29+00:00\",\"dateModified\":\"2023-01-18T20:02:57+00:00\",\"breadcrumb\":{\"@id\":\"https:\/\/products.act.com\/fr\/lp\/a-lire-avant-d-installer-act\/#breadcrumb\"},\"inLanguage\":\"fr-FR\",\"potentialAction\":[{\"@type\":\"ReadAction\",\"target\":[\"https:\/\/products.act.com\/fr\/lp\/a-lire-avant-d-installer-act\/\"]}]},{\"@type\":\"BreadcrumbList\",\"@id\":\"https:\/\/products.act.com\/fr\/lp\/a-lire-avant-d-installer-act\/#breadcrumb\",\"itemListElement\":[{\"@type\":\"ListItem\",\"position\":1,\"name\":\"Home\",\"item\":\"https:\/\/products.act.com\/fr\/\"},{\"@type\":\"ListItem\",\"position\":2,\"name\":\"D\u00e9couvrez Act! v20\",\"item\":\"http:\/\/products.act.com\/fr\/lp\/\"},{\"@type\":\"ListItem\",\"position\":3,\"name\":\"Customer Notice &#8211; Act! Activation &#038; Registration\"}]},{\"@type\":\"WebSite\",\"@id\":\"https:\/\/products.act.com\/fr\/#website\",\"url\":\"https:\/\/products.act.com\/fr\/\",\"name\":\"Act!\",\"description\":\"CRM &amp; Marketing Automation in One\",\"publisher\":{\"@id\":\"https:\/\/products.act.com\/fr\/#organization\"},\"potentialAction\":[{\"@type\":\"SearchAction\",\"target\":{\"@type\":\"EntryPoint\",\"urlTemplate\":\"https:\/\/products.act.com\/fr\/?s={search_term_string}\"},\"query-input\":\"required name=search_term_string\"}],\"inLanguage\":\"fr-FR\"},{\"@type\":\"Organization\",\"@id\":\"https:\/\/products.act.com\/fr\/#organization\",\"name\":\"Act!\",\"url\":\"https:\/\/products.act.com\/fr\/\",\"logo\":{\"@type\":\"ImageObject\",\"inLanguage\":\"fr-FR\",\"@id\":\"https:\/\/products.act.com\/fr\/#\/schema\/logo\/image\/\",\"url\":\"https:\/\/products.act.com\/wp-content\/uploads\/2021\/07\/logo_fe5000.png\",\"contentUrl\":\"https:\/\/products.act.com\/wp-content\/uploads\/2021\/07\/logo_fe5000.png\",\"width\":120,\"height\":120,\"caption\":\"Act!\"},\"image\":{\"@id\":\"https:\/\/products.act.com\/fr\/#\/schema\/logo\/image\/\"}}]}<\/script>\n<!-- \/ Yoast SEO Premium plugin. -->","yoast_head_json":{"title":"Customer Notice - Act! Activation & Registration - Act!","robots":{"index":"noindex","follow":"follow","max-snippet":"max-snippet:-1","max-image-preview":"max-image-preview:large","max-video-preview":"max-video-preview:-1"},"og_locale":"fr_FR","og_type":"article","og_title":"Customer Notice - Act! Activation & Registration","og_description":"\u00c0 lire avant d\u2019installer Act! Lors du processus d\u2019installation et d\u2019inscription, il est conseill\u00e9 d&#8217;avoir acc\u00e8s \u00e0 une connexion internet suffisamment fiable pour permettre \u00e0 l\u2019application Act! de v\u00e9rifier et valider votre num\u00e9ro de s\u00e9rie et la r\u00e9f\u00e9rence de version Act!. Pourquoi le syst\u00e8me Act! a-t-il besoin de ces informations ? Ce processus de validation [&hellip;]","og_url":"https:\/\/products.act.com\/fr\/lp\/a-lire-avant-d-installer-act\/","og_site_name":"Act!","article_modified_time":"2023-01-18T20:02:57+00:00","twitter_card":"summary_large_image","twitter_misc":{"Est. reading time":"2 minutes"},"schema":{"@context":"https:\/\/schema.org","@graph":[{"@type":"WebPage","@id":"https:\/\/products.act.com\/fr\/lp\/a-lire-avant-d-installer-act\/","url":"https:\/\/products.act.com\/fr\/lp\/a-lire-avant-d-installer-act\/","name":"Customer Notice - Act! Activation & Registration - Act!","isPartOf":{"@id":"https:\/\/products.act.com\/fr\/#website"},"datePublished":"2022-01-19T05:35:29+00:00","dateModified":"2023-01-18T20:02:57+00:00","breadcrumb":{"@id":"https:\/\/products.act.com\/fr\/lp\/a-lire-avant-d-installer-act\/#breadcrumb"},"inLanguage":"fr-FR","potentialAction":[{"@type":"ReadAction","target":["https:\/\/products.act.com\/fr\/lp\/a-lire-avant-d-installer-act\/"]}]},{"@type":"BreadcrumbList","@id":"https:\/\/products.act.com\/fr\/lp\/a-lire-avant-d-installer-act\/#breadcrumb","itemListElement":[{"@type":"ListItem","position":1,"name":"Home","item":"https:\/\/products.act.com\/fr\/"},{"@type":"ListItem","position":2,"name":"D\u00e9couvrez Act! v20","item":"http:\/\/products.act.com\/fr\/lp\/"},{"@type":"ListItem","position":3,"name":"Customer Notice &#8211; Act! Activation &#038; Registration"}]},{"@type":"WebSite","@id":"https:\/\/products.act.com\/fr\/#website","url":"https:\/\/products.act.com\/fr\/","name":"Act!","description":"CRM &amp; Marketing Automation in One","publisher":{"@id":"https:\/\/products.act.com\/fr\/#organization"},"potentialAction":[{"@type":"SearchAction","target":{"@type":"EntryPoint","urlTemplate":"https:\/\/products.act.com\/fr\/?s={search_term_string}"},"query-input":"required name=search_term_string"}],"inLanguage":"fr-FR"},{"@type":"Organization","@id":"https:\/\/products.act.com\/fr\/#organization","name":"Act!","url":"https:\/\/products.act.com\/fr\/","logo":{"@type":"ImageObject","inLanguage":"fr-FR","@id":"https:\/\/products.act.com\/fr\/#\/schema\/logo\/image\/","url":"https:\/\/products.act.com\/wp-content\/uploads\/2021\/07\/logo_fe5000.png","contentUrl":"https:\/\/products.act.com\/wp-content\/uploads\/2021\/07\/logo_fe5000.png","width":120,"height":120,"caption":"Act!"},"image":{"@id":"https:\/\/products.act.com\/fr\/#\/schema\/logo\/image\/"}}]}},"_links":{"self":[{"href":"https:\/\/products.act.com\/fr\/wp-json\/wp\/v2\/pages\/45220"}],"collection":[{"href":"https:\/\/products.act.com\/fr\/wp-json\/wp\/v2\/pages"}],"about":[{"href":"https:\/\/products.act.com\/fr\/wp-json\/wp\/v2\/types\/page"}],"author":[{"embeddable":true,"href":"https:\/\/products.act.com\/fr\/wp-json\/wp\/v2\/users\/4"}],"replies":[{"embeddable":true,"href":"https:\/\/products.act.com\/fr\/wp-json\/wp\/v2\/comments?post=45220"}],"version-history":[{"count":0,"href":"https:\/\/products.act.com\/fr\/wp-json\/wp\/v2\/pages\/45220\/revisions"}],"up":[{"embeddable":true,"href":"https:\/\/products.act.com\/fr\/wp-json\/wp\/v2\/pages\/42723"}],"wp:attachment":[{"href":"https:\/\/products.act.com\/fr\/wp-json\/wp\/v2\/media?parent=45220"}],"wp:term":[{"taxonomy":"category","embeddable":true,"href":"https:\/\/products.act.com\/fr\/wp-json\/wp\/v2\/categories?post=45220"},{"taxonomy":"post_tag","embeddable":true,"href":"https:\/\/products.act.com\/fr\/wp-json\/wp\/v2\/tags?post=45220"},{"taxonomy":"folder","embeddable":true,"href":"https:\/\/products.act.com\/fr\/wp-json\/wp\/v2\/folder?post=45220"}],"curies":[{"name":"wp","href":"https:\/\/api.w.org\/{rel}","templated":true}]}}