{"id":42912,"date":"2021-12-29T11:39:03","date_gmt":"2021-12-29T11:39:03","guid":{"rendered":"https:\/\/act.com\/?page_id=42912"},"modified":"2023-01-18T13:50:47","modified_gmt":"2023-01-18T20:50:47","slug":"inscription-partenaire-act","status":"publish","type":"page","link":"https:\/\/products.act.com\/fr\/partenaires\/inscription-partenaire-act\/","title":{"rendered":"Inscription partenaire act"},"content":{"rendered":"\t\t<div data-elementor-type=\"wp-page\" data-elementor-id=\"42912\" class=\"elementor elementor-42912\" data-elementor-post-type=\"page\">\n\t\t\t\t\t\t<section class=\"elementor-section elementor-top-section elementor-element elementor-element-9bb3715 topSctGlb elementor-section-boxed elementor-section-height-default elementor-section-height-default\" data-id=\"9bb3715\" data-element_type=\"section\" data-settings=\"{&quot;background_background&quot;:&quot;gradient&quot;}\">\n\t\t\t\t\t\t\t<div class=\"elementor-background-overlay\"><\/div>\n\t\t\t\t\t\t\t<div class=\"elementor-container elementor-column-gap-default\">\n\t\t\t\t\t<div class=\"elementor-column elementor-col-100 elementor-top-column elementor-element elementor-element-06b0b44\" data-id=\"06b0b44\" data-element_type=\"column\" data-settings=\"{&quot;background_background&quot;:&quot;classic&quot;}\">\n\t\t\t<div class=\"elementor-widget-wrap elementor-element-populated\">\n\t\t\t\t\t\t<div class=\"elementor-element elementor-element-b0a4605 https:\/\/www.act.com\/fr\/partenaires\/devenir-acc\/ elementor-widget elementor-widget-heading\" data-id=\"b0a4605\" data-element_type=\"widget\" data-widget_type=\"heading.default\">\n\t\t\t\t<div class=\"elementor-widget-container\">\n\t\t\t<style>\/*! elementor - v3.20.0 - 26-03-2024 *\/\n.elementor-heading-title{padding:0;margin:0;line-height:1}.elementor-widget-heading .elementor-heading-title[class*=elementor-size-]>a{color:inherit;font-size:inherit;line-height:inherit}.elementor-widget-heading .elementor-heading-title.elementor-size-small{font-size:15px}.elementor-widget-heading .elementor-heading-title.elementor-size-medium{font-size:19px}.elementor-widget-heading .elementor-heading-title.elementor-size-large{font-size:29px}.elementor-widget-heading .elementor-heading-title.elementor-size-xl{font-size:39px}.elementor-widget-heading .elementor-heading-title.elementor-size-xxl{font-size:59px}<\/style><h2 class=\"elementor-heading-title elementor-size-default\">Devenez un partenaire Act!<\/h2>\t\t<\/div>\n\t\t\t\t<\/div>\n\t\t\t\t\t<\/div>\n\t\t<\/div>\n\t\t\t\t\t<\/div>\n\t\t<\/section>\n\t\t\t\t<section class=\"elementor-section elementor-top-section elementor-element elementor-element-e6a7c43 elementor-section-boxed elementor-section-height-default elementor-section-height-default\" data-id=\"e6a7c43\" data-element_type=\"section\">\n\t\t\t\t\t\t<div class=\"elementor-container elementor-column-gap-default\">\n\t\t\t\t\t<div class=\"elementor-column elementor-col-100 elementor-top-column elementor-element elementor-element-f35fe4b\" data-id=\"f35fe4b\" data-element_type=\"column\">\n\t\t\t<div class=\"elementor-widget-wrap elementor-element-populated\">\n\t\t\t\t\t\t<section class=\"elementor-section elementor-inner-section elementor-element elementor-element-788d68d elementor-section-boxed elementor-section-height-default elementor-section-height-default\" data-id=\"788d68d\" data-element_type=\"section\">\n\t\t\t\t\t\t<div class=\"elementor-container elementor-column-gap-default\">\n\t\t\t\t\t<div class=\"elementor-column elementor-col-100 elementor-inner-column elementor-element elementor-element-40dd979\" data-id=\"40dd979\" data-element_type=\"column\">\n\t\t\t<div class=\"elementor-widget-wrap elementor-element-populated\">\n\t\t\t\t\t\t<div class=\"elementor-element elementor-element-2572103 elementor-widget elementor-widget-heading\" data-id=\"2572103\" data-element_type=\"widget\" data-widget_type=\"heading.default\">\n\t\t\t\t<div class=\"elementor-widget-container\">\n\t\t\t<h2 class=\"elementor-heading-title elementor-size-default\">Pr\u00e9sentation du programme<\/h2>\t\t<\/div>\n\t\t\t\t<\/div>\n\t\t\t\t<div class=\"elementor-element elementor-element-251b068 elementor-widget elementor-widget-text-editor\" data-id=\"251b068\" data-element_type=\"widget\" data-widget_type=\"text-editor.default\">\n\t\t\t\t<div class=\"elementor-widget-container\">\n\t\t\t<style>\/*! elementor - v3.20.0 - 26-03-2024 *\/\n.elementor-widget-text-editor.elementor-drop-cap-view-stacked .elementor-drop-cap{background-color:#69727d;color:#fff}.elementor-widget-text-editor.elementor-drop-cap-view-framed .elementor-drop-cap{color:#69727d;border:3px solid;background-color:transparent}.elementor-widget-text-editor:not(.elementor-drop-cap-view-default) .elementor-drop-cap{margin-top:8px}.elementor-widget-text-editor:not(.elementor-drop-cap-view-default) .elementor-drop-cap-letter{width:1em;height:1em}.elementor-widget-text-editor .elementor-drop-cap{float:left;text-align:center;line-height:1;font-size:50px}.elementor-widget-text-editor .elementor-drop-cap-letter{display:inline-block}<\/style>\t\t\t\t<p>Participez au programme de partenaires Act! pour obtenir la certification vous donnant droit de proposer des services de vente, d\u2019installation et d\u2019assistance Act!. Profitez de taux de commission in\u00e9galables dans le secteur : faites d\u2019Act! votre activit\u00e9 principale ou compl\u00e9tez votre offre de prestations en conseil pour plus de r\u00e9ussite.<\/p><p>Si vous souhaitez devenir partenaire Act!, parlez-en \u00e0 votre service commercial pour d\u00e9couvrir les avantages du programme et la d\u00e9marche \u00e0 suivre pour r\u00e9ussir en tant que partenaire Act!.\u00a0<a href=\"mailto:partenaires-france@act.com\">Contactez-nous<\/a><\/p>\t\t\t\t\t\t<\/div>\n\t\t\t\t<\/div>\n\t\t\t\t<div class=\"elementor-element elementor-element-a98ed75 elementor-widget elementor-widget-heading\" data-id=\"a98ed75\" data-element_type=\"widget\" data-widget_type=\"heading.default\">\n\t\t\t\t<div class=\"elementor-widget-container\">\n\t\t\t<h3 class=\"elementor-heading-title elementor-size-default\">Avantages<\/h3>\t\t<\/div>\n\t\t\t\t<\/div>\n\t\t\t\t<div class=\"elementor-element elementor-element-723253f elementor-widget elementor-widget-text-editor\" data-id=\"723253f\" data-element_type=\"widget\" data-widget_type=\"text-editor.default\">\n\t\t\t\t<div class=\"elementor-widget-container\">\n\t\t\t\t\t\t\t<ul><li>Assistance technique prioritaire<\/li><li>Licences non revendables Act! \u00e0 chaque nouvelle sortie.<\/li><li>Acc\u00e8s \u00e0 la Communaut\u00e9 en ligne Act! pour b\u00e9n\u00e9ficier de l\u2019actu produit et vente Act!, de l\u2019assistance marketing et de collaborations techniques. Vous pouvez m\u00eame participer aux forums pour \u00e9changer avec d\u2019autres partenaires commerciaux<\/li><li>Versions b\u00eata des nouvelles versions et possibilit\u00e9 de vous impliquer et de donner votre avis sur Act! au cours du cycle de d\u00e9veloppement.<\/li><li>Vos coordonn\u00e9es professionnelles sur le site www.act.com pour gagner en visibilit\u00e9 et permettre aux clients de vous trouver facilement.<\/li><li>Assistance pr\u00e9vente<\/li><li>Formation produit et certifications annuelles<\/li><li>Service commercial d\u00e9di\u00e9<\/li><\/ul>\t\t\t\t\t\t<\/div>\n\t\t\t\t<\/div>\n\t\t\t\t\t<\/div>\n\t\t<\/div>\n\t\t\t\t\t<\/div>\n\t\t<\/section>\n\t\t\t\t\t<\/div>\n\t\t<\/div>\n\t\t\t\t\t<\/div>\n\t\t<\/section>\n\t\t\t\t<section class=\"elementor-section elementor-top-section elementor-element elementor-element-d688016 elementor-section-boxed elementor-section-height-default elementor-section-height-default\" data-id=\"d688016\" data-element_type=\"section\" data-settings=\"{&quot;background_background&quot;:&quot;classic&quot;}\">\n\t\t\t\t\t\t\t<div class=\"elementor-background-overlay\"><\/div>\n\t\t\t\t\t\t\t<div class=\"elementor-container elementor-column-gap-default\">\n\t\t\t\t\t<div class=\"elementor-column elementor-col-100 elementor-top-column elementor-element elementor-element-f9707a7\" data-id=\"f9707a7\" data-element_type=\"column\" data-settings=\"{&quot;background_background&quot;:&quot;classic&quot;}\">\n\t\t\t<div class=\"elementor-widget-wrap elementor-element-populated\">\n\t\t\t\t\t\t<div class=\"elementor-element elementor-element-88c86d4 elementor-widget elementor-widget-heading\" data-id=\"88c86d4\" data-element_type=\"widget\" data-widget_type=\"heading.default\">\n\t\t\t\t<div class=\"elementor-widget-container\">\n\t\t\t<h3 class=\"elementor-heading-title elementor-size-default\">Vous souhaitez devenir partenaire Act! ?<\/h3>\t\t<\/div>\n\t\t\t\t<\/div>\n\t\t\t\t<div class=\"elementor-element elementor-element-41b8b80 elementor-align-center Contactez_bttn elementor-widget elementor-widget-button\" data-id=\"41b8b80\" data-element_type=\"widget\" data-widget_type=\"button.default\">\n\t\t\t\t<div class=\"elementor-widget-container\">\n\t\t\t\t\t<div class=\"elementor-button-wrapper\">\n\t\t\t<a class=\"elementor-button elementor-button-link elementor-size-sm\" href=\"mailto:partenaires-france@act.com\" target=\"_blank\">\n\t\t\t\t\t\t<span class=\"elementor-button-content-wrapper\">\n\t\t\t\t\t\t<span class=\"elementor-button-text\">Contactez-nous<\/span>\n\t\t<\/span>\n\t\t\t\t\t<\/a>\n\t\t<\/div>\n\t\t\t\t<\/div>\n\t\t\t\t<\/div>\n\t\t\t\t\t<\/div>\n\t\t<\/div>\n\t\t\t\t\t<\/div>\n\t\t<\/section>\n\t\t\t\t<\/div>\n\t\t","protected":false},"excerpt":{"rendered":"<p>Devenez un partenaire Act! Pr\u00e9sentation du programme Participez au programme de partenaires Act! pour obtenir la certification vous donnant droit de proposer des services de vente, d\u2019installation et d\u2019assistance Act!. Profitez de taux de commission in\u00e9galables dans le secteur : faites d\u2019Act! votre activit\u00e9 principale ou compl\u00e9tez votre offre de prestations en conseil pour plus [&hellip;]<\/p>\n","protected":false},"author":4,"featured_media":0,"parent":41588,"menu_order":0,"comment_status":"closed","ping_status":"closed","template":"elementor_header_footer","meta":{"_acf_changed":false,"content-type":"","inline_featured_image":false,"footnotes":""},"categories":[],"tags":[],"folder":[],"acf":[],"yoast_head":"<!-- This site is optimized with the Yoast SEO Premium plugin v22.2 (Yoast SEO v22.4) - https:\/\/yoast.com\/wordpress\/plugins\/seo\/ -->\n<title>Devenez un partenaire r\u00e9seau Act! | Inscrivez-vous<\/title>\n<meta name=\"description\" content=\"Programme de certification des partenaires r\u00e9seau Act!. Proposez des services de vente, d\u2019installation et d\u2019assistance Act!.\" \/>\n<meta name=\"robots\" content=\"noindex, follow, max-snippet:-1, max-image-preview:large, max-video-preview:-1\" \/>\n<meta property=\"og:locale\" content=\"fr_FR\" \/>\n<meta property=\"og:type\" content=\"article\" \/>\n<meta property=\"og:title\" content=\"Inscription partenaire act\" \/>\n<meta property=\"og:description\" content=\"Programme de certification des partenaires r\u00e9seau Act!. Proposez des services de vente, d\u2019installation et d\u2019assistance Act!.\" \/>\n<meta property=\"og:url\" content=\"https:\/\/products.act.com\/fr\/partenaires\/inscription-partenaire-act\/\" \/>\n<meta property=\"og:site_name\" content=\"Act!\" \/>\n<meta property=\"article:modified_time\" content=\"2023-01-18T20:50:47+00:00\" \/>\n<meta name=\"twitter:card\" content=\"summary_large_image\" \/>\n<meta name=\"twitter:label1\" content=\"Est. reading time\" \/>\n\t<meta name=\"twitter:data1\" content=\"1 minute\" \/>\n<script type=\"application\/ld+json\" class=\"yoast-schema-graph\">{\"@context\":\"https:\/\/schema.org\",\"@graph\":[{\"@type\":\"WebPage\",\"@id\":\"https:\/\/products.act.com\/fr\/partenaires\/inscription-partenaire-act\/\",\"url\":\"https:\/\/products.act.com\/fr\/partenaires\/inscription-partenaire-act\/\",\"name\":\"Devenez un partenaire r\u00e9seau Act! | Inscrivez-vous\",\"isPartOf\":{\"@id\":\"https:\/\/products.act.com\/fr\/#website\"},\"datePublished\":\"2021-12-29T11:39:03+00:00\",\"dateModified\":\"2023-01-18T20:50:47+00:00\",\"description\":\"Programme de certification des partenaires r\u00e9seau Act!. Proposez des services de vente, d\u2019installation et d\u2019assistance Act!.\",\"breadcrumb\":{\"@id\":\"https:\/\/products.act.com\/fr\/partenaires\/inscription-partenaire-act\/#breadcrumb\"},\"inLanguage\":\"fr-FR\",\"potentialAction\":[{\"@type\":\"ReadAction\",\"target\":[\"https:\/\/products.act.com\/fr\/partenaires\/inscription-partenaire-act\/\"]}]},{\"@type\":\"BreadcrumbList\",\"@id\":\"https:\/\/products.act.com\/fr\/partenaires\/inscription-partenaire-act\/#breadcrumb\",\"itemListElement\":[{\"@type\":\"ListItem\",\"position\":1,\"name\":\"Home\",\"item\":\"https:\/\/products.act.com\/fr\/\"},{\"@type\":\"ListItem\",\"position\":2,\"name\":\"Partnenaires Act!\",\"item\":\"http:\/\/products.act.com\/fr\/?page_id=3303\"},{\"@type\":\"ListItem\",\"position\":3,\"name\":\"Inscription partenaire act\"}]},{\"@type\":\"WebSite\",\"@id\":\"https:\/\/products.act.com\/fr\/#website\",\"url\":\"https:\/\/products.act.com\/fr\/\",\"name\":\"Act!\",\"description\":\"CRM &amp; Marketing Automation in One\",\"publisher\":{\"@id\":\"https:\/\/products.act.com\/fr\/#organization\"},\"potentialAction\":[{\"@type\":\"SearchAction\",\"target\":{\"@type\":\"EntryPoint\",\"urlTemplate\":\"https:\/\/products.act.com\/fr\/?s={search_term_string}\"},\"query-input\":\"required name=search_term_string\"}],\"inLanguage\":\"fr-FR\"},{\"@type\":\"Organization\",\"@id\":\"https:\/\/products.act.com\/fr\/#organization\",\"name\":\"Act!\",\"url\":\"https:\/\/products.act.com\/fr\/\",\"logo\":{\"@type\":\"ImageObject\",\"inLanguage\":\"fr-FR\",\"@id\":\"https:\/\/products.act.com\/fr\/#\/schema\/logo\/image\/\",\"url\":\"https:\/\/products.act.com\/wp-content\/uploads\/2021\/07\/logo_fe5000.png\",\"contentUrl\":\"https:\/\/products.act.com\/wp-content\/uploads\/2021\/07\/logo_fe5000.png\",\"width\":120,\"height\":120,\"caption\":\"Act!\"},\"image\":{\"@id\":\"https:\/\/products.act.com\/fr\/#\/schema\/logo\/image\/\"}}]}<\/script>\n<!-- \/ Yoast SEO Premium plugin. -->","yoast_head_json":{"title":"Devenez un partenaire r\u00e9seau Act! | Inscrivez-vous","description":"Programme de certification des partenaires r\u00e9seau Act!. Proposez des services de vente, d\u2019installation et d\u2019assistance Act!.","robots":{"index":"noindex","follow":"follow","max-snippet":"max-snippet:-1","max-image-preview":"max-image-preview:large","max-video-preview":"max-video-preview:-1"},"og_locale":"fr_FR","og_type":"article","og_title":"Inscription partenaire act","og_description":"Programme de certification des partenaires r\u00e9seau Act!. Proposez des services de vente, d\u2019installation et d\u2019assistance Act!.","og_url":"https:\/\/products.act.com\/fr\/partenaires\/inscription-partenaire-act\/","og_site_name":"Act!","article_modified_time":"2023-01-18T20:50:47+00:00","twitter_card":"summary_large_image","twitter_misc":{"Est. reading time":"1 minute"},"schema":{"@context":"https:\/\/schema.org","@graph":[{"@type":"WebPage","@id":"https:\/\/products.act.com\/fr\/partenaires\/inscription-partenaire-act\/","url":"https:\/\/products.act.com\/fr\/partenaires\/inscription-partenaire-act\/","name":"Devenez un partenaire r\u00e9seau Act! | Inscrivez-vous","isPartOf":{"@id":"https:\/\/products.act.com\/fr\/#website"},"datePublished":"2021-12-29T11:39:03+00:00","dateModified":"2023-01-18T20:50:47+00:00","description":"Programme de certification des partenaires r\u00e9seau Act!. Proposez des services de vente, d\u2019installation et d\u2019assistance Act!.","breadcrumb":{"@id":"https:\/\/products.act.com\/fr\/partenaires\/inscription-partenaire-act\/#breadcrumb"},"inLanguage":"fr-FR","potentialAction":[{"@type":"ReadAction","target":["https:\/\/products.act.com\/fr\/partenaires\/inscription-partenaire-act\/"]}]},{"@type":"BreadcrumbList","@id":"https:\/\/products.act.com\/fr\/partenaires\/inscription-partenaire-act\/#breadcrumb","itemListElement":[{"@type":"ListItem","position":1,"name":"Home","item":"https:\/\/products.act.com\/fr\/"},{"@type":"ListItem","position":2,"name":"Partnenaires Act!","item":"http:\/\/products.act.com\/fr\/?page_id=3303"},{"@type":"ListItem","position":3,"name":"Inscription partenaire act"}]},{"@type":"WebSite","@id":"https:\/\/products.act.com\/fr\/#website","url":"https:\/\/products.act.com\/fr\/","name":"Act!","description":"CRM &amp; Marketing Automation in One","publisher":{"@id":"https:\/\/products.act.com\/fr\/#organization"},"potentialAction":[{"@type":"SearchAction","target":{"@type":"EntryPoint","urlTemplate":"https:\/\/products.act.com\/fr\/?s={search_term_string}"},"query-input":"required name=search_term_string"}],"inLanguage":"fr-FR"},{"@type":"Organization","@id":"https:\/\/products.act.com\/fr\/#organization","name":"Act!","url":"https:\/\/products.act.com\/fr\/","logo":{"@type":"ImageObject","inLanguage":"fr-FR","@id":"https:\/\/products.act.com\/fr\/#\/schema\/logo\/image\/","url":"https:\/\/products.act.com\/wp-content\/uploads\/2021\/07\/logo_fe5000.png","contentUrl":"https:\/\/products.act.com\/wp-content\/uploads\/2021\/07\/logo_fe5000.png","width":120,"height":120,"caption":"Act!"},"image":{"@id":"https:\/\/products.act.com\/fr\/#\/schema\/logo\/image\/"}}]}},"_links":{"self":[{"href":"https:\/\/products.act.com\/fr\/wp-json\/wp\/v2\/pages\/42912"}],"collection":[{"href":"https:\/\/products.act.com\/fr\/wp-json\/wp\/v2\/pages"}],"about":[{"href":"https:\/\/products.act.com\/fr\/wp-json\/wp\/v2\/types\/page"}],"author":[{"embeddable":true,"href":"https:\/\/products.act.com\/fr\/wp-json\/wp\/v2\/users\/4"}],"replies":[{"embeddable":true,"href":"https:\/\/products.act.com\/fr\/wp-json\/wp\/v2\/comments?post=42912"}],"version-history":[{"count":0,"href":"https:\/\/products.act.com\/fr\/wp-json\/wp\/v2\/pages\/42912\/revisions"}],"up":[{"embeddable":true,"href":"https:\/\/products.act.com\/fr\/wp-json\/wp\/v2\/pages\/41588"}],"wp:attachment":[{"href":"https:\/\/products.act.com\/fr\/wp-json\/wp\/v2\/media?parent=42912"}],"wp:term":[{"taxonomy":"category","embeddable":true,"href":"https:\/\/products.act.com\/fr\/wp-json\/wp\/v2\/categories?post=42912"},{"taxonomy":"post_tag","embeddable":true,"href":"https:\/\/products.act.com\/fr\/wp-json\/wp\/v2\/tags?post=42912"},{"taxonomy":"folder","embeddable":true,"href":"https:\/\/products.act.com\/fr\/wp-json\/wp\/v2\/folder?post=42912"}],"curies":[{"name":"wp","href":"https:\/\/api.w.org\/{rel}","templated":true}]}}