{"id":42832,"date":"2021-12-29T10:08:46","date_gmt":"2021-12-29T10:08:46","guid":{"rendered":"https:\/\/act.com\/?page_id=42832"},"modified":"2023-01-18T13:44:46","modified_gmt":"2023-01-18T20:44:46","slug":"devenir-acc","status":"publish","type":"page","link":"https:\/\/products.act.com\/fr\/partenaires\/devenir-acc\/","title":{"rendered":"Devenir acc"},"content":{"rendered":"\t\t<div data-elementor-type=\"wp-page\" data-elementor-id=\"42832\" class=\"elementor elementor-42832\" data-elementor-post-type=\"page\">\n\t\t\t\t\t\t<section class=\"elementor-section elementor-top-section elementor-element elementor-element-6926f2ef topSctGlb elementor-section-boxed elementor-section-height-default elementor-section-height-default\" data-id=\"6926f2ef\" data-element_type=\"section\" data-settings=\"{&quot;background_background&quot;:&quot;gradient&quot;}\">\n\t\t\t\t\t\t\t<div class=\"elementor-background-overlay\"><\/div>\n\t\t\t\t\t\t\t<div class=\"elementor-container elementor-column-gap-default\">\n\t\t\t\t\t<div class=\"elementor-column elementor-col-100 elementor-top-column elementor-element elementor-element-2053ba9b\" data-id=\"2053ba9b\" data-element_type=\"column\" data-settings=\"{&quot;background_background&quot;:&quot;classic&quot;}\">\n\t\t\t<div class=\"elementor-widget-wrap elementor-element-populated\">\n\t\t\t\t\t\t<div class=\"elementor-element elementor-element-4f986ce8 elementor-widget elementor-widget-heading\" data-id=\"4f986ce8\" data-element_type=\"widget\" data-widget_type=\"heading.default\">\n\t\t\t\t<div class=\"elementor-widget-container\">\n\t\t\t<style>\/*! elementor - v3.20.0 - 26-03-2024 *\/\n.elementor-heading-title{padding:0;margin:0;line-height:1}.elementor-widget-heading .elementor-heading-title[class*=elementor-size-]>a{color:inherit;font-size:inherit;line-height:inherit}.elementor-widget-heading .elementor-heading-title.elementor-size-small{font-size:15px}.elementor-widget-heading .elementor-heading-title.elementor-size-medium{font-size:19px}.elementor-widget-heading .elementor-heading-title.elementor-size-large{font-size:29px}.elementor-widget-heading .elementor-heading-title.elementor-size-xl{font-size:39px}.elementor-widget-heading .elementor-heading-title.elementor-size-xxl{font-size:59px}<\/style><h2 class=\"elementor-heading-title elementor-size-default\">Devenir Consultant Certifi\u00e9 Act!<\/h2>\t\t<\/div>\n\t\t\t\t<\/div>\n\t\t\t\t\t<\/div>\n\t\t<\/div>\n\t\t\t\t\t<\/div>\n\t\t<\/section>\n\t\t\t\t<section class=\"elementor-section elementor-top-section elementor-element elementor-element-3bc63f6e elementor-section-boxed elementor-section-height-default elementor-section-height-default\" data-id=\"3bc63f6e\" data-element_type=\"section\">\n\t\t\t\t\t\t<div class=\"elementor-container elementor-column-gap-default\">\n\t\t\t\t\t<div class=\"elementor-column elementor-col-100 elementor-top-column elementor-element elementor-element-2c2359d9\" data-id=\"2c2359d9\" data-element_type=\"column\">\n\t\t\t<div class=\"elementor-widget-wrap elementor-element-populated\">\n\t\t\t\t\t\t<section class=\"elementor-section elementor-inner-section elementor-element elementor-element-39af3177 elementor-section-boxed elementor-section-height-default elementor-section-height-default\" data-id=\"39af3177\" data-element_type=\"section\">\n\t\t\t\t\t\t<div class=\"elementor-container elementor-column-gap-default\">\n\t\t\t\t\t<div class=\"elementor-column elementor-col-100 elementor-inner-column elementor-element elementor-element-10103eba\" data-id=\"10103eba\" data-element_type=\"column\">\n\t\t\t<div class=\"elementor-widget-wrap elementor-element-populated\">\n\t\t\t\t\t\t<div class=\"elementor-element elementor-element-25d9a3f2 elementor-widget elementor-widget-heading\" data-id=\"25d9a3f2\" data-element_type=\"widget\" data-widget_type=\"heading.default\">\n\t\t\t\t<div class=\"elementor-widget-container\">\n\t\t\t<h2 class=\"elementor-heading-title elementor-size-default\">Pr\u00e9sentation du programme<\/h2>\t\t<\/div>\n\t\t\t\t<\/div>\n\t\t\t\t<div class=\"elementor-element elementor-element-2be82b7 elementor-widget elementor-widget-text-editor\" data-id=\"2be82b7\" data-element_type=\"widget\" data-widget_type=\"text-editor.default\">\n\t\t\t\t<div class=\"elementor-widget-container\">\n\t\t\t<style>\/*! elementor - v3.20.0 - 26-03-2024 *\/\n.elementor-widget-text-editor.elementor-drop-cap-view-stacked .elementor-drop-cap{background-color:#69727d;color:#fff}.elementor-widget-text-editor.elementor-drop-cap-view-framed .elementor-drop-cap{color:#69727d;border:3px solid;background-color:transparent}.elementor-widget-text-editor:not(.elementor-drop-cap-view-default) .elementor-drop-cap{margin-top:8px}.elementor-widget-text-editor:not(.elementor-drop-cap-view-default) .elementor-drop-cap-letter{width:1em;height:1em}.elementor-widget-text-editor .elementor-drop-cap{float:left;text-align:center;line-height:1;font-size:50px}.elementor-widget-text-editor .elementor-drop-cap-letter{display:inline-block}<\/style>\t\t\t\t<p>Inscrivez-vous \u00e0 notre programme de Consultants Certifi\u00e9s Act! (ACC) pour obtenir la certification qui vous donne le droit de vendre, d\u2019installer et de proposer un service d\u2019assistance Act!. Profitez de taux de commission in\u00e9galables dans le secteur : faites d\u2019Act! votre activit\u00e9 principale ou compl\u00e9tez votre offre de prestations en conseil pour plus de r\u00e9ussite. Vous souhaitez devenir Consultant Certifi\u00e9 Act! ? Parlez-en \u00e0 votre service commercial pour d\u00e9couvrir tous les avantages du programme ainsi que la d\u00e9marche \u00e0 suivre pour devenir Consultant Certifi\u00e9 Act! et faire r\u00e9ussir votre activit\u00e9.\u00a0<a href=\"mailto:partenaires-france@act.com\">Contactez-nous<\/a>.<\/p>\t\t\t\t\t\t<\/div>\n\t\t\t\t<\/div>\n\t\t\t\t<div class=\"elementor-element elementor-element-712ffe7 elementor-widget elementor-widget-heading\" data-id=\"712ffe7\" data-element_type=\"widget\" data-widget_type=\"heading.default\">\n\t\t\t\t<div class=\"elementor-widget-container\">\n\t\t\t<h3 class=\"elementor-heading-title elementor-size-default\">Avantages ACC<\/h3>\t\t<\/div>\n\t\t\t\t<\/div>\n\t\t\t\t<div class=\"elementor-element elementor-element-366cb06 elementor-widget elementor-widget-text-editor\" data-id=\"366cb06\" data-element_type=\"widget\" data-widget_type=\"text-editor.default\">\n\t\t\t\t<div class=\"elementor-widget-container\">\n\t\t\t\t\t\t\t<ul><li>Assistance technique prioritaire.<\/li><li>Licences NFR (non revendables) Act! \u00e0 chaque nouvelle sortie.<\/li><li>Acc\u00e8s \u00e0 la Communaut\u00e9 en ligne Act! pour des nouvelles sur les produits et ventes Act!, l\u2019assistance marketing et la collaboration technique. Vous pouvez \u00e9galement participer aux forums pour communiquer avec vos coll\u00e8gues de la communaut\u00e9 de partenaires commerciaux.<\/li><li>Versions b\u00eata des nouvelles versions et possibilit\u00e9 de vous impliquer et de donner votre avis sur Act! au cours du cycle de d\u00e9veloppement.<\/li><li>Vos coordonn\u00e9es professionnelles r\u00e9pertori\u00e9es sur le site www.act.com pour gagner en visibilit\u00e9 et permettre aux clients de vous trouver facilement.<\/li><li>Assistance pr\u00e9vente<\/li><li>Formation produit et certifications annuelles.<\/li><li>Service commercial d\u00e9di\u00e9.<\/li><\/ul>\t\t\t\t\t\t<\/div>\n\t\t\t\t<\/div>\n\t\t\t\t\t<\/div>\n\t\t<\/div>\n\t\t\t\t\t<\/div>\n\t\t<\/section>\n\t\t\t\t\t<\/div>\n\t\t<\/div>\n\t\t\t\t\t<\/div>\n\t\t<\/section>\n\t\t\t\t<section class=\"elementor-section elementor-top-section elementor-element elementor-element-2c7e86f7 elementor-section-boxed elementor-section-height-default elementor-section-height-default\" data-id=\"2c7e86f7\" data-element_type=\"section\" data-settings=\"{&quot;background_background&quot;:&quot;classic&quot;}\">\n\t\t\t\t\t\t\t<div class=\"elementor-background-overlay\"><\/div>\n\t\t\t\t\t\t\t<div class=\"elementor-container elementor-column-gap-default\">\n\t\t\t\t\t<div class=\"elementor-column elementor-col-100 elementor-top-column elementor-element elementor-element-40ca786e\" data-id=\"40ca786e\" data-element_type=\"column\" data-settings=\"{&quot;background_background&quot;:&quot;classic&quot;}\">\n\t\t\t<div class=\"elementor-widget-wrap elementor-element-populated\">\n\t\t\t\t\t\t<div class=\"elementor-element elementor-element-3da474d3 elementor-widget elementor-widget-heading\" data-id=\"3da474d3\" data-element_type=\"widget\" data-widget_type=\"heading.default\">\n\t\t\t\t<div class=\"elementor-widget-container\">\n\t\t\t<h3 class=\"elementor-heading-title elementor-size-default\">Vous souhaitez devenir Consultant Certifi\u00e9 Act! ?<\/h3>\t\t<\/div>\n\t\t\t\t<\/div>\n\t\t\t\t<div class=\"elementor-element elementor-element-7e09a23d elementor-align-center Contactez_bttn elementor-widget elementor-widget-button\" data-id=\"7e09a23d\" data-element_type=\"widget\" data-widget_type=\"button.default\">\n\t\t\t\t<div class=\"elementor-widget-container\">\n\t\t\t\t\t<div class=\"elementor-button-wrapper\">\n\t\t\t<a class=\"elementor-button elementor-button-link elementor-size-sm\" href=\"mailto:partenaires-france@act.com\" target=\"_blank\">\n\t\t\t\t\t\t<span class=\"elementor-button-content-wrapper\">\n\t\t\t\t\t\t<span class=\"elementor-button-text\">Contactez-nous<\/span>\n\t\t<\/span>\n\t\t\t\t\t<\/a>\n\t\t<\/div>\n\t\t\t\t<\/div>\n\t\t\t\t<\/div>\n\t\t\t\t\t<\/div>\n\t\t<\/div>\n\t\t\t\t\t<\/div>\n\t\t<\/section>\n\t\t\t\t<\/div>\n\t\t","protected":false},"excerpt":{"rendered":"<p>Devenir Consultant Certifi\u00e9 Act! Pr\u00e9sentation du programme Inscrivez-vous \u00e0 notre programme de Consultants Certifi\u00e9s Act! (ACC) pour obtenir la certification qui vous donne le droit de vendre, d\u2019installer et de proposer un service d\u2019assistance Act!. Profitez de taux de commission in\u00e9galables dans le secteur : faites d\u2019Act! votre activit\u00e9 principale ou compl\u00e9tez votre offre de [&hellip;]<\/p>\n","protected":false},"author":4,"featured_media":0,"parent":41588,"menu_order":0,"comment_status":"closed","ping_status":"closed","template":"elementor_header_footer","meta":{"_acf_changed":false,"content-type":"","inline_featured_image":false,"footnotes":""},"categories":[],"tags":[],"folder":[],"acf":[],"yoast_head":"<!-- This site is optimized with the Yoast SEO Premium plugin v22.2 (Yoast SEO v22.4) - https:\/\/yoast.com\/wordpress\/plugins\/seo\/ -->\n<title>Devenir un Consultant Certifi\u00e9 Act!<\/title>\n<meta name=\"robots\" content=\"noindex, follow, max-snippet:-1, max-image-preview:large, max-video-preview:-1\" \/>\n<meta property=\"og:locale\" content=\"fr_FR\" \/>\n<meta property=\"og:type\" content=\"article\" \/>\n<meta property=\"og:title\" content=\"Devenir acc\" \/>\n<meta property=\"og:description\" content=\"Devenir Consultant Certifi\u00e9 Act! Pr\u00e9sentation du programme Inscrivez-vous \u00e0 notre programme de Consultants Certifi\u00e9s Act! (ACC) pour obtenir la certification qui vous donne le droit de vendre, d\u2019installer et de proposer un service d\u2019assistance Act!. Profitez de taux de commission in\u00e9galables dans le secteur : faites d\u2019Act! votre activit\u00e9 principale ou compl\u00e9tez votre offre de [&hellip;]\" \/>\n<meta property=\"og:url\" content=\"https:\/\/products.act.com\/fr\/partenaires\/devenir-acc\/\" \/>\n<meta property=\"og:site_name\" content=\"Act!\" \/>\n<meta property=\"article:modified_time\" content=\"2023-01-18T20:44:46+00:00\" \/>\n<meta name=\"twitter:card\" content=\"summary_large_image\" \/>\n<meta name=\"twitter:label1\" content=\"Est. reading time\" \/>\n\t<meta name=\"twitter:data1\" content=\"2 minutes\" \/>\n<script type=\"application\/ld+json\" class=\"yoast-schema-graph\">{\"@context\":\"https:\/\/schema.org\",\"@graph\":[{\"@type\":\"WebPage\",\"@id\":\"https:\/\/products.act.com\/fr\/partenaires\/devenir-acc\/\",\"url\":\"https:\/\/products.act.com\/fr\/partenaires\/devenir-acc\/\",\"name\":\"Devenir un Consultant Certifi\u00e9 Act!\",\"isPartOf\":{\"@id\":\"https:\/\/products.act.com\/fr\/#website\"},\"datePublished\":\"2021-12-29T10:08:46+00:00\",\"dateModified\":\"2023-01-18T20:44:46+00:00\",\"breadcrumb\":{\"@id\":\"https:\/\/products.act.com\/fr\/partenaires\/devenir-acc\/#breadcrumb\"},\"inLanguage\":\"fr-FR\",\"potentialAction\":[{\"@type\":\"ReadAction\",\"target\":[\"https:\/\/products.act.com\/fr\/partenaires\/devenir-acc\/\"]}]},{\"@type\":\"BreadcrumbList\",\"@id\":\"https:\/\/products.act.com\/fr\/partenaires\/devenir-acc\/#breadcrumb\",\"itemListElement\":[{\"@type\":\"ListItem\",\"position\":1,\"name\":\"Home\",\"item\":\"https:\/\/products.act.com\/fr\/\"},{\"@type\":\"ListItem\",\"position\":2,\"name\":\"Partnenaires Act!\",\"item\":\"http:\/\/products.act.com\/fr\/?page_id=3303\"},{\"@type\":\"ListItem\",\"position\":3,\"name\":\"Devenir acc\"}]},{\"@type\":\"WebSite\",\"@id\":\"https:\/\/products.act.com\/fr\/#website\",\"url\":\"https:\/\/products.act.com\/fr\/\",\"name\":\"Act!\",\"description\":\"CRM &amp; Marketing Automation in One\",\"publisher\":{\"@id\":\"https:\/\/products.act.com\/fr\/#organization\"},\"potentialAction\":[{\"@type\":\"SearchAction\",\"target\":{\"@type\":\"EntryPoint\",\"urlTemplate\":\"https:\/\/products.act.com\/fr\/?s={search_term_string}\"},\"query-input\":\"required name=search_term_string\"}],\"inLanguage\":\"fr-FR\"},{\"@type\":\"Organization\",\"@id\":\"https:\/\/products.act.com\/fr\/#organization\",\"name\":\"Act!\",\"url\":\"https:\/\/products.act.com\/fr\/\",\"logo\":{\"@type\":\"ImageObject\",\"inLanguage\":\"fr-FR\",\"@id\":\"https:\/\/products.act.com\/fr\/#\/schema\/logo\/image\/\",\"url\":\"https:\/\/products.act.com\/wp-content\/uploads\/2021\/07\/logo_fe5000.png\",\"contentUrl\":\"https:\/\/products.act.com\/wp-content\/uploads\/2021\/07\/logo_fe5000.png\",\"width\":120,\"height\":120,\"caption\":\"Act!\"},\"image\":{\"@id\":\"https:\/\/products.act.com\/fr\/#\/schema\/logo\/image\/\"}}]}<\/script>\n<!-- \/ Yoast SEO Premium plugin. -->","yoast_head_json":{"title":"Devenir un Consultant Certifi\u00e9 Act!","robots":{"index":"noindex","follow":"follow","max-snippet":"max-snippet:-1","max-image-preview":"max-image-preview:large","max-video-preview":"max-video-preview:-1"},"og_locale":"fr_FR","og_type":"article","og_title":"Devenir acc","og_description":"Devenir Consultant Certifi\u00e9 Act! Pr\u00e9sentation du programme Inscrivez-vous \u00e0 notre programme de Consultants Certifi\u00e9s Act! (ACC) pour obtenir la certification qui vous donne le droit de vendre, d\u2019installer et de proposer un service d\u2019assistance Act!. Profitez de taux de commission in\u00e9galables dans le secteur : faites d\u2019Act! votre activit\u00e9 principale ou compl\u00e9tez votre offre de [&hellip;]","og_url":"https:\/\/products.act.com\/fr\/partenaires\/devenir-acc\/","og_site_name":"Act!","article_modified_time":"2023-01-18T20:44:46+00:00","twitter_card":"summary_large_image","twitter_misc":{"Est. reading time":"2 minutes"},"schema":{"@context":"https:\/\/schema.org","@graph":[{"@type":"WebPage","@id":"https:\/\/products.act.com\/fr\/partenaires\/devenir-acc\/","url":"https:\/\/products.act.com\/fr\/partenaires\/devenir-acc\/","name":"Devenir un Consultant Certifi\u00e9 Act!","isPartOf":{"@id":"https:\/\/products.act.com\/fr\/#website"},"datePublished":"2021-12-29T10:08:46+00:00","dateModified":"2023-01-18T20:44:46+00:00","breadcrumb":{"@id":"https:\/\/products.act.com\/fr\/partenaires\/devenir-acc\/#breadcrumb"},"inLanguage":"fr-FR","potentialAction":[{"@type":"ReadAction","target":["https:\/\/products.act.com\/fr\/partenaires\/devenir-acc\/"]}]},{"@type":"BreadcrumbList","@id":"https:\/\/products.act.com\/fr\/partenaires\/devenir-acc\/#breadcrumb","itemListElement":[{"@type":"ListItem","position":1,"name":"Home","item":"https:\/\/products.act.com\/fr\/"},{"@type":"ListItem","position":2,"name":"Partnenaires Act!","item":"http:\/\/products.act.com\/fr\/?page_id=3303"},{"@type":"ListItem","position":3,"name":"Devenir acc"}]},{"@type":"WebSite","@id":"https:\/\/products.act.com\/fr\/#website","url":"https:\/\/products.act.com\/fr\/","name":"Act!","description":"CRM &amp; Marketing Automation in One","publisher":{"@id":"https:\/\/products.act.com\/fr\/#organization"},"potentialAction":[{"@type":"SearchAction","target":{"@type":"EntryPoint","urlTemplate":"https:\/\/products.act.com\/fr\/?s={search_term_string}"},"query-input":"required name=search_term_string"}],"inLanguage":"fr-FR"},{"@type":"Organization","@id":"https:\/\/products.act.com\/fr\/#organization","name":"Act!","url":"https:\/\/products.act.com\/fr\/","logo":{"@type":"ImageObject","inLanguage":"fr-FR","@id":"https:\/\/products.act.com\/fr\/#\/schema\/logo\/image\/","url":"https:\/\/products.act.com\/wp-content\/uploads\/2021\/07\/logo_fe5000.png","contentUrl":"https:\/\/products.act.com\/wp-content\/uploads\/2021\/07\/logo_fe5000.png","width":120,"height":120,"caption":"Act!"},"image":{"@id":"https:\/\/products.act.com\/fr\/#\/schema\/logo\/image\/"}}]}},"_links":{"self":[{"href":"https:\/\/products.act.com\/fr\/wp-json\/wp\/v2\/pages\/42832"}],"collection":[{"href":"https:\/\/products.act.com\/fr\/wp-json\/wp\/v2\/pages"}],"about":[{"href":"https:\/\/products.act.com\/fr\/wp-json\/wp\/v2\/types\/page"}],"author":[{"embeddable":true,"href":"https:\/\/products.act.com\/fr\/wp-json\/wp\/v2\/users\/4"}],"replies":[{"embeddable":true,"href":"https:\/\/products.act.com\/fr\/wp-json\/wp\/v2\/comments?post=42832"}],"version-history":[{"count":0,"href":"https:\/\/products.act.com\/fr\/wp-json\/wp\/v2\/pages\/42832\/revisions"}],"up":[{"embeddable":true,"href":"https:\/\/products.act.com\/fr\/wp-json\/wp\/v2\/pages\/41588"}],"wp:attachment":[{"href":"https:\/\/products.act.com\/fr\/wp-json\/wp\/v2\/media?parent=42832"}],"wp:term":[{"taxonomy":"category","embeddable":true,"href":"https:\/\/products.act.com\/fr\/wp-json\/wp\/v2\/categories?post=42832"},{"taxonomy":"post_tag","embeddable":true,"href":"https:\/\/products.act.com\/fr\/wp-json\/wp\/v2\/tags?post=42832"},{"taxonomy":"folder","embeddable":true,"href":"https:\/\/products.act.com\/fr\/wp-json\/wp\/v2\/folder?post=42832"}],"curies":[{"name":"wp","href":"https:\/\/api.w.org\/{rel}","templated":true}]}}