{"id":42771,"date":"2021-12-29T06:55:45","date_gmt":"2021-12-29T06:55:45","guid":{"rendered":"https:\/\/act.com\/?page_id=42771"},"modified":"2023-01-18T11:24:05","modified_gmt":"2023-01-18T18:24:05","slug":"welcome","status":"publish","type":"page","link":"https:\/\/products.act.com\/fr\/inproduct\/v16\/welcome\/","title":{"rendered":"Welcome"},"content":{"rendered":"\t\t<div data-elementor-type=\"wp-page\" data-elementor-id=\"42771\" class=\"elementor elementor-42771\" data-elementor-post-type=\"page\">\n\t\t\t\t\t\t<section class=\"elementor-section elementor-top-section elementor-element elementor-element-22065c1 elementor-section-full_width elementor-section-height-default elementor-section-height-default\" data-id=\"22065c1\" data-element_type=\"section\">\n\t\t\t\t\t\t<div class=\"elementor-container elementor-column-gap-default\">\n\t\t\t\t\t<div class=\"elementor-column elementor-col-33 elementor-top-column elementor-element elementor-element-df40df9\" data-id=\"df40df9\" data-element_type=\"column\">\n\t\t\t<div class=\"elementor-widget-wrap elementor-element-populated\">\n\t\t\t\t\t\t<div class=\"elementor-element elementor-element-9daf54c v16_onprem elementor-widget elementor-widget-heading\" data-id=\"9daf54c\" data-element_type=\"widget\" data-widget_type=\"heading.default\">\n\t\t\t\t<div class=\"elementor-widget-container\">\n\t\t\t<style>\/*! elementor - v3.20.0 - 26-03-2024 *\/\n.elementor-heading-title{padding:0;margin:0;line-height:1}.elementor-widget-heading .elementor-heading-title[class*=elementor-size-]>a{color:inherit;font-size:inherit;line-height:inherit}.elementor-widget-heading .elementor-heading-title.elementor-size-small{font-size:15px}.elementor-widget-heading .elementor-heading-title.elementor-size-medium{font-size:19px}.elementor-widget-heading .elementor-heading-title.elementor-size-large{font-size:29px}.elementor-widget-heading .elementor-heading-title.elementor-size-xl{font-size:39px}.elementor-widget-heading .elementor-heading-title.elementor-size-xxl{font-size:59px}<\/style><h2 class=\"elementor-heading-title elementor-size-default\">Noveaut\u00e9s Act! v20<\/h2>\t\t<\/div>\n\t\t\t\t<\/div>\n\t\t\t\t<div class=\"elementor-element elementor-element-d2fc6b2 elementor-widget elementor-widget-text-editor\" data-id=\"d2fc6b2\" data-element_type=\"widget\" data-widget_type=\"text-editor.default\">\n\t\t\t\t<div class=\"elementor-widget-container\">\n\t\t\t<style>\/*! elementor - v3.20.0 - 26-03-2024 *\/\n.elementor-widget-text-editor.elementor-drop-cap-view-stacked .elementor-drop-cap{background-color:#69727d;color:#fff}.elementor-widget-text-editor.elementor-drop-cap-view-framed .elementor-drop-cap{color:#69727d;border:3px solid;background-color:transparent}.elementor-widget-text-editor:not(.elementor-drop-cap-view-default) .elementor-drop-cap{margin-top:8px}.elementor-widget-text-editor:not(.elementor-drop-cap-view-default) .elementor-drop-cap-letter{width:1em;height:1em}.elementor-widget-text-editor .elementor-drop-cap{float:left;text-align:center;line-height:1;font-size:50px}.elementor-widget-text-editor .elementor-drop-cap-letter{display:inline-block}<\/style>\t\t\t\t<p>Tableaux d&#8217;analyse interactifs*<\/p><p>Am\u00e9liorations Act! emarketing<\/p><p>Compatible avec Chrome\u2122 pour Mac*<\/p><p><a href=\"https:\/\/www.act.com\/fr\/produits\/nouveautes\/\" target=\"_blank\" rel=\"noopener\">En savoir plus<\/a><\/p><p><em>* Avec Act! Premium uniquement.<\/em><\/p>\t\t\t\t\t\t<\/div>\n\t\t\t\t<\/div>\n\t\t\t\t\t<\/div>\n\t\t<\/div>\n\t\t\t\t<div class=\"elementor-column elementor-col-33 elementor-top-column elementor-element elementor-element-e9fe243\" data-id=\"e9fe243\" data-element_type=\"column\">\n\t\t\t<div class=\"elementor-widget-wrap elementor-element-populated\">\n\t\t\t\t\t\t<div class=\"elementor-element elementor-element-abaec2c v16_onprem elementor-widget elementor-widget-heading\" data-id=\"abaec2c\" data-element_type=\"widget\" data-widget_type=\"heading.default\">\n\t\t\t\t<div class=\"elementor-widget-container\">\n\t\t\t<h2 class=\"elementor-heading-title elementor-size-default\">Essai gratuit<\/h2>\t\t<\/div>\n\t\t\t\t<\/div>\n\t\t\t\t<div class=\"elementor-element elementor-element-bc4817f elementor-widget elementor-widget-text-editor\" data-id=\"bc4817f\" data-element_type=\"widget\" data-widget_type=\"text-editor.default\">\n\t\t\t\t<div class=\"elementor-widget-container\">\n\t\t\t\t\t\t\t<p>Essayez la derni\u00e8re version d&#8217;Act! en ligne, sans t\u00e9l\u00e9chargement ni installation requis.<\/p><p><a href=\"https:\/\/www.act.com\/fr\/essai\/act\/\" target=\"_blank\" rel=\"noopener\">Essayer le nouveau Act! pendant 14 jours<\/a><\/p>\t\t\t\t\t\t<\/div>\n\t\t\t\t<\/div>\n\t\t\t\t\t<\/div>\n\t\t<\/div>\n\t\t\t\t<div class=\"elementor-column elementor-col-33 elementor-top-column elementor-element elementor-element-f549d5c\" data-id=\"f549d5c\" data-element_type=\"column\">\n\t\t\t<div class=\"elementor-widget-wrap elementor-element-populated\">\n\t\t\t\t\t\t<div class=\"elementor-element elementor-element-5c3ca62 v16_onprem elementor-widget elementor-widget-heading\" data-id=\"5c3ca62\" data-element_type=\"widget\" data-widget_type=\"heading.default\">\n\t\t\t\t<div class=\"elementor-widget-container\">\n\t\t\t<h2 class=\"elementor-heading-title elementor-size-default\">Ressources Act!<\/h2>\t\t<\/div>\n\t\t\t\t<\/div>\n\t\t\t\t<div class=\"elementor-element elementor-element-fe06e8a sec03_link elementor-widget elementor-widget-text-editor\" data-id=\"fe06e8a\" data-element_type=\"widget\" data-widget_type=\"text-editor.default\">\n\t\t\t\t<div class=\"elementor-widget-container\">\n\t\t\t\t\t\t\t<p>Acc\u00e9dez au\u00a0<a href=\"\/fr\/ressources\/act\/\" target=\"_blank\" rel=\"noopener\">Centre de ressources Act!<\/a><\/p><p>Acc\u00e9dez aux\u00a0<a href=\"\/fr\/ressources\/documentation\/\" target=\"_blank\" rel=\"noopener\">guides utilisateurs Act!<\/a><\/p><p>Trouvez les r\u00e9ponses \u00e0 vos questions sur la\u00a0<a href=\"https:\/\/help.act.com\/s\/?language=fr\/\" target=\"_blank\" rel=\"noopener\">Base de connaissance Act!<\/a><\/p>\t\t\t\t\t\t<\/div>\n\t\t\t\t<\/div>\n\t\t\t\t\t<\/div>\n\t\t<\/div>\n\t\t\t\t\t<\/div>\n\t\t<\/section>\n\t\t\t\t<\/div>\n\t\t","protected":false},"excerpt":{"rendered":"<p>Noveaut\u00e9s Act! v20 Tableaux d&#8217;analyse interactifs* Am\u00e9liorations Act! emarketing Compatible avec Chrome\u2122 pour Mac* En savoir plus * Avec Act! Premium uniquement. Essai gratuit Essayez la derni\u00e8re version d&#8217;Act! en ligne, sans t\u00e9l\u00e9chargement ni installation requis. Essayer le nouveau Act! pendant 14 jours Ressources Act! Acc\u00e9dez au\u00a0Centre de ressources Act! Acc\u00e9dez aux\u00a0guides utilisateurs Act! Trouvez [&hellip;]<\/p>\n","protected":false},"author":4,"featured_media":0,"parent":42770,"menu_order":0,"comment_status":"closed","ping_status":"closed","template":"elementor_header_footer","meta":{"_acf_changed":false,"content-type":"","inline_featured_image":false,"footnotes":""},"categories":[],"tags":[],"folder":[],"acf":[],"yoast_head":"<!-- This site is optimized with the Yoast SEO Premium plugin v22.2 (Yoast SEO v22.4) - https:\/\/yoast.com\/wordpress\/plugins\/seo\/ -->\n<title>Bienvenue sur Act!<\/title>\n<meta name=\"robots\" content=\"noindex, follow, max-snippet:-1, max-image-preview:large, max-video-preview:-1\" \/>\n<meta property=\"og:locale\" content=\"fr_FR\" \/>\n<meta property=\"og:type\" content=\"article\" \/>\n<meta property=\"og:title\" content=\"Welcome\" \/>\n<meta property=\"og:description\" content=\"Noveaut\u00e9s Act! v20 Tableaux d&#8217;analyse interactifs* Am\u00e9liorations Act! emarketing Compatible avec Chrome\u2122 pour Mac* En savoir plus * Avec Act! Premium uniquement. Essai gratuit Essayez la derni\u00e8re version d&#8217;Act! en ligne, sans t\u00e9l\u00e9chargement ni installation requis. Essayer le nouveau Act! pendant 14 jours Ressources Act! Acc\u00e9dez au\u00a0Centre de ressources Act! Acc\u00e9dez aux\u00a0guides utilisateurs Act! Trouvez [&hellip;]\" \/>\n<meta property=\"og:url\" content=\"https:\/\/products.act.com\/fr\/inproduct\/v16\/welcome\/\" \/>\n<meta property=\"og:site_name\" content=\"Act!\" \/>\n<meta property=\"article:modified_time\" content=\"2023-01-18T18:24:05+00:00\" \/>\n<meta name=\"twitter:card\" content=\"summary_large_image\" \/>\n<meta name=\"twitter:label1\" content=\"Est. reading time\" \/>\n\t<meta name=\"twitter:data1\" content=\"1 minute\" \/>\n<script type=\"application\/ld+json\" class=\"yoast-schema-graph\">{\"@context\":\"https:\/\/schema.org\",\"@graph\":[{\"@type\":\"WebPage\",\"@id\":\"https:\/\/products.act.com\/fr\/inproduct\/v16\/welcome\/\",\"url\":\"https:\/\/products.act.com\/fr\/inproduct\/v16\/welcome\/\",\"name\":\"Bienvenue sur Act!\",\"isPartOf\":{\"@id\":\"https:\/\/products.act.com\/fr\/#website\"},\"datePublished\":\"2021-12-29T06:55:45+00:00\",\"dateModified\":\"2023-01-18T18:24:05+00:00\",\"breadcrumb\":{\"@id\":\"https:\/\/products.act.com\/fr\/inproduct\/v16\/welcome\/#breadcrumb\"},\"inLanguage\":\"fr-FR\",\"potentialAction\":[{\"@type\":\"ReadAction\",\"target\":[\"https:\/\/products.act.com\/fr\/inproduct\/v16\/welcome\/\"]}]},{\"@type\":\"BreadcrumbList\",\"@id\":\"https:\/\/products.act.com\/fr\/inproduct\/v16\/welcome\/#breadcrumb\",\"itemListElement\":[{\"@type\":\"ListItem\",\"position\":1,\"name\":\"Home\",\"item\":\"https:\/\/products.act.com\/fr\/\"},{\"@type\":\"ListItem\",\"position\":2,\"name\":\"Inproduct\",\"item\":\"https:\/\/products.act.com\/fr\/inproduct\/\"},{\"@type\":\"ListItem\",\"position\":3,\"name\":\"v16\",\"item\":\"https:\/\/products.act.com\/fr\/inproduct\/v16\/\"},{\"@type\":\"ListItem\",\"position\":4,\"name\":\"Welcome\"}]},{\"@type\":\"WebSite\",\"@id\":\"https:\/\/products.act.com\/fr\/#website\",\"url\":\"https:\/\/products.act.com\/fr\/\",\"name\":\"Act!\",\"description\":\"CRM &amp; Marketing Automation in One\",\"publisher\":{\"@id\":\"https:\/\/products.act.com\/fr\/#organization\"},\"potentialAction\":[{\"@type\":\"SearchAction\",\"target\":{\"@type\":\"EntryPoint\",\"urlTemplate\":\"https:\/\/products.act.com\/fr\/?s={search_term_string}\"},\"query-input\":\"required name=search_term_string\"}],\"inLanguage\":\"fr-FR\"},{\"@type\":\"Organization\",\"@id\":\"https:\/\/products.act.com\/fr\/#organization\",\"name\":\"Act!\",\"url\":\"https:\/\/products.act.com\/fr\/\",\"logo\":{\"@type\":\"ImageObject\",\"inLanguage\":\"fr-FR\",\"@id\":\"https:\/\/products.act.com\/fr\/#\/schema\/logo\/image\/\",\"url\":\"https:\/\/products.act.com\/wp-content\/uploads\/2021\/07\/logo_fe5000.png\",\"contentUrl\":\"https:\/\/products.act.com\/wp-content\/uploads\/2021\/07\/logo_fe5000.png\",\"width\":120,\"height\":120,\"caption\":\"Act!\"},\"image\":{\"@id\":\"https:\/\/products.act.com\/fr\/#\/schema\/logo\/image\/\"}}]}<\/script>\n<!-- \/ Yoast SEO Premium plugin. -->","yoast_head_json":{"title":"Bienvenue sur Act!","robots":{"index":"noindex","follow":"follow","max-snippet":"max-snippet:-1","max-image-preview":"max-image-preview:large","max-video-preview":"max-video-preview:-1"},"og_locale":"fr_FR","og_type":"article","og_title":"Welcome","og_description":"Noveaut\u00e9s Act! v20 Tableaux d&#8217;analyse interactifs* Am\u00e9liorations Act! emarketing Compatible avec Chrome\u2122 pour Mac* En savoir plus * Avec Act! Premium uniquement. Essai gratuit Essayez la derni\u00e8re version d&#8217;Act! en ligne, sans t\u00e9l\u00e9chargement ni installation requis. Essayer le nouveau Act! pendant 14 jours Ressources Act! Acc\u00e9dez au\u00a0Centre de ressources Act! Acc\u00e9dez aux\u00a0guides utilisateurs Act! Trouvez [&hellip;]","og_url":"https:\/\/products.act.com\/fr\/inproduct\/v16\/welcome\/","og_site_name":"Act!","article_modified_time":"2023-01-18T18:24:05+00:00","twitter_card":"summary_large_image","twitter_misc":{"Est. reading time":"1 minute"},"schema":{"@context":"https:\/\/schema.org","@graph":[{"@type":"WebPage","@id":"https:\/\/products.act.com\/fr\/inproduct\/v16\/welcome\/","url":"https:\/\/products.act.com\/fr\/inproduct\/v16\/welcome\/","name":"Bienvenue sur Act!","isPartOf":{"@id":"https:\/\/products.act.com\/fr\/#website"},"datePublished":"2021-12-29T06:55:45+00:00","dateModified":"2023-01-18T18:24:05+00:00","breadcrumb":{"@id":"https:\/\/products.act.com\/fr\/inproduct\/v16\/welcome\/#breadcrumb"},"inLanguage":"fr-FR","potentialAction":[{"@type":"ReadAction","target":["https:\/\/products.act.com\/fr\/inproduct\/v16\/welcome\/"]}]},{"@type":"BreadcrumbList","@id":"https:\/\/products.act.com\/fr\/inproduct\/v16\/welcome\/#breadcrumb","itemListElement":[{"@type":"ListItem","position":1,"name":"Home","item":"https:\/\/products.act.com\/fr\/"},{"@type":"ListItem","position":2,"name":"Inproduct","item":"https:\/\/products.act.com\/fr\/inproduct\/"},{"@type":"ListItem","position":3,"name":"v16","item":"https:\/\/products.act.com\/fr\/inproduct\/v16\/"},{"@type":"ListItem","position":4,"name":"Welcome"}]},{"@type":"WebSite","@id":"https:\/\/products.act.com\/fr\/#website","url":"https:\/\/products.act.com\/fr\/","name":"Act!","description":"CRM &amp; Marketing Automation in One","publisher":{"@id":"https:\/\/products.act.com\/fr\/#organization"},"potentialAction":[{"@type":"SearchAction","target":{"@type":"EntryPoint","urlTemplate":"https:\/\/products.act.com\/fr\/?s={search_term_string}"},"query-input":"required name=search_term_string"}],"inLanguage":"fr-FR"},{"@type":"Organization","@id":"https:\/\/products.act.com\/fr\/#organization","name":"Act!","url":"https:\/\/products.act.com\/fr\/","logo":{"@type":"ImageObject","inLanguage":"fr-FR","@id":"https:\/\/products.act.com\/fr\/#\/schema\/logo\/image\/","url":"https:\/\/products.act.com\/wp-content\/uploads\/2021\/07\/logo_fe5000.png","contentUrl":"https:\/\/products.act.com\/wp-content\/uploads\/2021\/07\/logo_fe5000.png","width":120,"height":120,"caption":"Act!"},"image":{"@id":"https:\/\/products.act.com\/fr\/#\/schema\/logo\/image\/"}}]}},"_links":{"self":[{"href":"https:\/\/products.act.com\/fr\/wp-json\/wp\/v2\/pages\/42771"}],"collection":[{"href":"https:\/\/products.act.com\/fr\/wp-json\/wp\/v2\/pages"}],"about":[{"href":"https:\/\/products.act.com\/fr\/wp-json\/wp\/v2\/types\/page"}],"author":[{"embeddable":true,"href":"https:\/\/products.act.com\/fr\/wp-json\/wp\/v2\/users\/4"}],"replies":[{"embeddable":true,"href":"https:\/\/products.act.com\/fr\/wp-json\/wp\/v2\/comments?post=42771"}],"version-history":[{"count":0,"href":"https:\/\/products.act.com\/fr\/wp-json\/wp\/v2\/pages\/42771\/revisions"}],"up":[{"embeddable":true,"href":"https:\/\/products.act.com\/fr\/wp-json\/wp\/v2\/pages\/42770"}],"wp:attachment":[{"href":"https:\/\/products.act.com\/fr\/wp-json\/wp\/v2\/media?parent=42771"}],"wp:term":[{"taxonomy":"category","embeddable":true,"href":"https:\/\/products.act.com\/fr\/wp-json\/wp\/v2\/categories?post=42771"},{"taxonomy":"post_tag","embeddable":true,"href":"https:\/\/products.act.com\/fr\/wp-json\/wp\/v2\/tags?post=42771"},{"taxonomy":"folder","embeddable":true,"href":"https:\/\/products.act.com\/fr\/wp-json\/wp\/v2\/folder?post=42771"}],"curies":[{"name":"wp","href":"https:\/\/api.w.org\/{rel}","templated":true}]}}