{"id":42515,"date":"2021-12-28T07:28:30","date_gmt":"2021-12-28T07:28:30","guid":{"rendered":"https:\/\/act.com\/?page_id=42515"},"modified":"2023-01-19T13:19:15","modified_gmt":"2023-01-19T20:19:15","slug":"act-premium-v18","status":"publish","type":"page","link":"https:\/\/products.act.com\/fr\/ressources\/telechargements\/act-premium-v18\/","title":{"rendered":"Mises \u00e0 jour Act! Premium v18 | Fran\u00e7ais"},"content":{"rendered":"\t\t<div data-elementor-type=\"wp-page\" data-elementor-id=\"42515\" class=\"elementor elementor-42515\" data-elementor-post-type=\"page\">\n\t\t\t\t\t\t<section class=\"elementor-section elementor-top-section elementor-element elementor-element-5d00dac topSctGlb elementor-section-boxed elementor-section-height-default elementor-section-height-default\" data-id=\"5d00dac\" data-element_type=\"section\" data-settings=\"{&quot;background_background&quot;:&quot;gradient&quot;}\">\n\t\t\t\t\t\t\t<div class=\"elementor-background-overlay\"><\/div>\n\t\t\t\t\t\t\t<div class=\"elementor-container elementor-column-gap-default\">\n\t\t\t\t\t<div class=\"elementor-column elementor-col-100 elementor-top-column elementor-element elementor-element-b76871c\" data-id=\"b76871c\" data-element_type=\"column\" data-settings=\"{&quot;background_background&quot;:&quot;classic&quot;}\">\n\t\t\t<div class=\"elementor-widget-wrap elementor-element-populated\">\n\t\t\t\t\t\t<section class=\"elementor-section elementor-inner-section elementor-element elementor-element-3826bc4 elementor-section-boxed elementor-section-height-default elementor-section-height-default\" data-id=\"3826bc4\" data-element_type=\"section\">\n\t\t\t\t\t\t<div class=\"elementor-container elementor-column-gap-default\">\n\t\t\t\t\t<div class=\"elementor-column elementor-col-100 elementor-inner-column elementor-element elementor-element-dd07239\" data-id=\"dd07239\" data-element_type=\"column\">\n\t\t\t<div class=\"elementor-widget-wrap elementor-element-populated\">\n\t\t\t\t\t\t<div class=\"elementor-element elementor-element-caea415 elementor-widget elementor-widget-heading\" data-id=\"caea415\" data-element_type=\"widget\" data-widget_type=\"heading.default\">\n\t\t\t\t<div class=\"elementor-widget-container\">\n\t\t\t<style>\/*! elementor - v3.20.0 - 26-03-2024 *\/\n.elementor-heading-title{padding:0;margin:0;line-height:1}.elementor-widget-heading .elementor-heading-title[class*=elementor-size-]>a{color:inherit;font-size:inherit;line-height:inherit}.elementor-widget-heading .elementor-heading-title.elementor-size-small{font-size:15px}.elementor-widget-heading .elementor-heading-title.elementor-size-medium{font-size:19px}.elementor-widget-heading .elementor-heading-title.elementor-size-large{font-size:29px}.elementor-widget-heading .elementor-heading-title.elementor-size-xl{font-size:39px}.elementor-widget-heading .elementor-heading-title.elementor-size-xxl{font-size:59px}<\/style><h1 class=\"elementor-heading-title elementor-size-default\">T\u00e9l\u00e9chargements Act! Premium et Web v18\n(\u00e9dition fran\u00e7aise)<\/h1>\t\t<\/div>\n\t\t\t\t<\/div>\n\t\t\t\t<div class=\"elementor-element elementor-element-b1a4293 elementor-widget elementor-widget-text-editor\" data-id=\"b1a4293\" data-element_type=\"widget\" data-widget_type=\"text-editor.default\">\n\t\t\t\t<div class=\"elementor-widget-container\">\n\t\t\t<style>\/*! elementor - v3.20.0 - 26-03-2024 *\/\n.elementor-widget-text-editor.elementor-drop-cap-view-stacked .elementor-drop-cap{background-color:#69727d;color:#fff}.elementor-widget-text-editor.elementor-drop-cap-view-framed .elementor-drop-cap{color:#69727d;border:3px solid;background-color:transparent}.elementor-widget-text-editor:not(.elementor-drop-cap-view-default) .elementor-drop-cap{margin-top:8px}.elementor-widget-text-editor:not(.elementor-drop-cap-view-default) .elementor-drop-cap-letter{width:1em;height:1em}.elementor-widget-text-editor .elementor-drop-cap{float:left;text-align:center;line-height:1;font-size:50px}.elementor-widget-text-editor .elementor-drop-cap-letter{display:inline-block}<\/style>\t\t\t\t<p>Veuillez consulter la <a href=\"https:\/\/help.act.com\/s\/article\/What-Issues-Have-Been-Fixed-in-Act-Updates-prem?language=fr\/\" target=\"_blank\" rel=\"noopener\">Base de connaissances<\/a> pour en savoir plus sur le contenu des mises \u00e0 jour.<\/p>\t\t\t\t\t\t<\/div>\n\t\t\t\t<\/div>\n\t\t\t\t\t<\/div>\n\t\t<\/div>\n\t\t\t\t\t<\/div>\n\t\t<\/section>\n\t\t\t\t\t<\/div>\n\t\t<\/div>\n\t\t\t\t\t<\/div>\n\t\t<\/section>\n\t\t\t\t<section class=\"elementor-section elementor-top-section elementor-element elementor-element-785064e custom-hot-fixes elementor-section-boxed elementor-section-height-default elementor-section-height-default\" data-id=\"785064e\" data-element_type=\"section\">\n\t\t\t\t\t\t<div class=\"elementor-container elementor-column-gap-default\">\n\t\t\t\t\t<div class=\"elementor-column elementor-col-100 elementor-top-column elementor-element elementor-element-6a3094b\" data-id=\"6a3094b\" data-element_type=\"column\">\n\t\t\t<div class=\"elementor-widget-wrap elementor-element-populated\">\n\t\t\t\t\t\t<div class=\"elementor-element elementor-element-9b42238 elementor-widget elementor-widget-heading\" data-id=\"9b42238\" data-element_type=\"widget\" data-widget_type=\"heading.default\">\n\t\t\t\t<div class=\"elementor-widget-container\">\n\t\t\t<h2 class=\"elementor-heading-title elementor-size-default\">Mises \u00e0 jour<\/h2>\t\t<\/div>\n\t\t\t\t<\/div>\n\t\t\t\t<div class=\"elementor-element elementor-element-fabf3a5 elementor-widget elementor-widget-text-editor\" data-id=\"fabf3a5\" data-element_type=\"widget\" data-widget_type=\"text-editor.default\">\n\t\t\t\t<div class=\"elementor-widget-container\">\n\t\t\t\t\t\t\t<p><strong>Si vous utilisez Act! sur Windows Vista ou Windows Server 2008<\/strong>,\u00a0<a href=\"https:\/\/support.microsoft.com\/en-us\/topic\/you-cannot-run-an-application-that-is-signed-with-a-sha-256-certificate-on-a-computer-that-is-running-windows-vista-sp2-or-windows-server-2008-sp2-ecdb9ce8-43e9-0406-cf0d-73e5e210f45b\" target=\"_blank\" rel=\"noopener\">veuillez suivre ce lien\u00a0<\/a>et installer la mise \u00e0 jour pour les installateurs utilisant des certificats de type SHA2.<\/p>\t\t\t\t\t\t<\/div>\n\t\t\t\t<\/div>\n\t\t\t\t<div class=\"elementor-element elementor-element-1f716d6 elementor-widget elementor-widget-text-editor\" data-id=\"1f716d6\" data-element_type=\"widget\" data-widget_type=\"text-editor.default\">\n\t\t\t\t<div class=\"elementor-widget-container\">\n\t\t\t\t\t\t\t<p>Veuillez consulter les\u00a0<a href=\"https:\/\/help.act.com\/s\/article\/How-to-install-Act-Pro-or-Premium-v18-prem?language=fr\/\" target=\"blank\">notes relatives \u00e0 l\u2019installation<\/a>\u00a0avant de t\u00e9l\u00e9charger et d\u2019installer les mises \u00e0 jour.<\/p>\t\t\t\t\t\t<\/div>\n\t\t\t\t<\/div>\n\t\t\t\t<div class=\"elementor-element elementor-element-8e16c14 elementor-widget elementor-widget-html\" data-id=\"8e16c14\" data-element_type=\"widget\" data-widget_type=\"html.default\">\n\t\t\t\t<div class=\"elementor-widget-container\">\n\t\t\t<table class=\"downloadTable\" cellpadding=\"0\" cellspacing=\"0\" border=\"0\">\n        <tbody><tr>\n          <th>Date<\/th>\n          <th>Titre<\/th>\n          <th>Nom du fichier<\/th>\n          <th>Taille<\/th>\n          <th><\/th>\n        <\/tr>\n       \n        <tr>\n          <td>09\/01\/2019<\/td>\n          <td>Act! v18.2 Update 7<\/td>\n          <td>Act1820update7.exe<\/td>\n          <td>15.6 MB<\/td>\n            <td><a href=\"http:\/\/CDN.updates.swiftpage.act.com\/updates\/18.2\/act1820update7.exe\"><span class=\"button btnDefault\">T\u00e9l\u00e9charger<\/span><\/a><\/td>\n      \t<\/tr>\n    \n        <tr>\n          <td>14\/07\/2017<\/td>\n          <td>Act! 18.2 Update 6<\/td>\n          <td>act1820update6.exe<\/td>\n          <td>11.7 MB<\/td>\n            <td><a href=\"http:\/\/cdn.updates.swiftpage.act.com\/updates\/18.2\/act1820update6.exe\"><span class=\"button btnDefault\">T\u00e9l\u00e9charger<\/span><\/a><\/td>\n      \t<\/tr>\n    \n        <tr>\n          <td>02\/05\/2017<\/td>\n          <td>Act! 18.2 Update 5<\/td>\n          <td>act1820update5.exe<\/td>\n          <td>11.6 MB<\/td>\n            <td><a href=\"http:\/\/cdn.updates.swiftpage.act.com\/updates\/18.2\/act1820update5.exe\"><span class=\"button btnDefault\">T\u00e9l\u00e9charger<\/span><\/a><\/td>\n      \t<\/tr>\n    \n        <tr>\n          <td>23\/09\/2016<\/td>\n          <td>Act! 18.2 Update 4<\/td>\n          <td>act1820update4.exe<\/td>\n          <td>11.7 MB<\/td>\n            <td><a href=\"http:\/\/cdn.updates.swiftpage.act.com\/updates\/18.2\/act1820update4.exe\"><span class=\"button btnDefault\">T\u00e9l\u00e9charger<\/span><\/a><\/td>\n      \t<\/tr>\n    \n        <tr>\n          <td>11\/08\/2016<\/td>\n          <td>Act! 18.2 Update 2<\/td>\n          <td>act1820update2.exe<\/td>\n          <td>11.4 MB<\/td>\n            <td><a href=\"http:\/\/cdn.updates.swiftpage.act.com\/updates\/18.2\/act1820update2.exe\"><span class=\"button btnDefault\">T\u00e9l\u00e9charger<\/span><\/a><\/td>\n      \t<\/tr>\n    \n        <tr>\n          <td>11\/08\/2016<\/td>\n          <td>Act! 18.1 Update 5<\/td>\n          <td>act1810update5.exe<\/td>\n          <td>316 MB<\/td>\n            <td><a href=\"http:\/\/cdn.updates.swiftpage.act.com\/updates\/18.1\/act1810update5.exe\"><span class=\"button btnDefault\">T\u00e9l\u00e9charger<\/span><\/a><\/td>\n      \t<\/tr>\n    \n        <tr>\n          <td>22\/07\/2016<\/td>\n          <td>Act! Premium v18 SP2 Update - FR<\/td>\n          <td>actprem_1820x53_FR.exe<\/td>\n          <td>399 MB<\/td>\n            <td><a href=\"http:\/\/dl.act.com\/182\/FR\/actprem_1820x53_FR_updt.exe\"><span class=\"button btnDefault\">T\u00e9l\u00e9charger<\/span><\/a><\/td>\n      \t<\/tr>\n    \n        <tr>\n          <td>22\/07\/2016<\/td>\n          <td>Act! Premium for Web v18 SP2 Update - FR<\/td>\n          <td>actweb_1820x53_FR.exe<\/td>\n          <td>329 MB<\/td>\n            <td><a href=\"http:\/\/dl.act.com\/182\/FR\/actweb_1820x53_FR.exe\"><span class=\"button btnDefault\">T\u00e9l\u00e9charger<\/span><\/a><\/td>\n      \t<\/tr>\n    \n        <tr>\n          <td>09\/05\/2016<\/td>\n          <td>Act! Premium v18.1 Update 3<\/td>\n          <td>act1810update3.exe<\/td>\n          <td>316MB<\/td>\n            <td><a href=\"http:\/\/CDN.updates.swiftpage.act.com\/updates\/18.1\/act1810update3.exe\"><span class=\"button btnDefault\">T\u00e9l\u00e9charger<\/span><\/a><\/td>\n      \t<\/tr>\n    \n      <\/tbody><\/table>\t\t<\/div>\n\t\t\t\t<\/div>\n\t\t\t\t\t<\/div>\n\t\t<\/div>\n\t\t\t\t\t<\/div>\n\t\t<\/section>\n\t\t\t\t<\/div>\n\t\t","protected":false},"excerpt":{"rendered":"<p>T\u00e9l\u00e9chargements Act! Premium et Web v18 (\u00e9dition fran\u00e7aise) Veuillez consulter la Base de connaissances pour en savoir plus sur le contenu des mises \u00e0 jour. Mises \u00e0 jour Si vous utilisez Act! sur Windows Vista ou Windows Server 2008,\u00a0veuillez suivre ce lien\u00a0et installer la mise \u00e0 jour pour les installateurs utilisant des certificats de type [&hellip;]<\/p>\n","protected":false},"author":4,"featured_media":0,"parent":42076,"menu_order":0,"comment_status":"closed","ping_status":"closed","template":"elementor_header_footer","meta":{"_acf_changed":false,"content-type":"","inline_featured_image":false,"footnotes":""},"categories":[],"tags":[],"folder":[],"acf":[],"yoast_head":"<!-- This site is optimized with the Yoast SEO Premium plugin v22.2 (Yoast SEO v22.4) - https:\/\/yoast.com\/wordpress\/plugins\/seo\/ -->\n<title>Mises \u00e0 jour Act! Premium v18 | Fran\u00e7ais<\/title>\n<meta name=\"description\" content=\"T\u00e9l\u00e9chargements Act! Premium et Web v18 (\u00e9dition fran\u00e7aise)\" \/>\n<meta name=\"robots\" content=\"noindex, follow, max-snippet:-1, max-image-preview:large, max-video-preview:-1\" \/>\n<meta property=\"og:locale\" content=\"fr_FR\" \/>\n<meta property=\"og:type\" content=\"article\" \/>\n<meta property=\"og:title\" content=\"Mises \u00e0 jour Act! Premium v18 | Fran\u00e7ais\" \/>\n<meta property=\"og:description\" content=\"T\u00e9l\u00e9chargements Act! Premium et Web v18 (\u00e9dition fran\u00e7aise)\" \/>\n<meta property=\"og:url\" content=\"https:\/\/products.act.com\/fr\/ressources\/telechargements\/act-premium-v18\/\" \/>\n<meta property=\"og:site_name\" content=\"Act!\" \/>\n<meta property=\"article:modified_time\" content=\"2023-01-19T20:19:15+00:00\" \/>\n<meta name=\"twitter:card\" content=\"summary_large_image\" \/>\n<meta name=\"twitter:label1\" content=\"Est. reading time\" \/>\n\t<meta name=\"twitter:data1\" content=\"1 minute\" \/>\n<script type=\"application\/ld+json\" class=\"yoast-schema-graph\">{\"@context\":\"https:\/\/schema.org\",\"@graph\":[{\"@type\":\"WebPage\",\"@id\":\"https:\/\/products.act.com\/fr\/ressources\/telechargements\/act-premium-v18\/\",\"url\":\"https:\/\/products.act.com\/fr\/ressources\/telechargements\/act-premium-v18\/\",\"name\":\"Mises \u00e0 jour Act! Premium v18 | Fran\u00e7ais\",\"isPartOf\":{\"@id\":\"https:\/\/products.act.com\/fr\/#website\"},\"datePublished\":\"2021-12-28T07:28:30+00:00\",\"dateModified\":\"2023-01-19T20:19:15+00:00\",\"description\":\"T\u00e9l\u00e9chargements Act! Premium et Web v18 (\u00e9dition fran\u00e7aise)\",\"breadcrumb\":{\"@id\":\"https:\/\/products.act.com\/fr\/ressources\/telechargements\/act-premium-v18\/#breadcrumb\"},\"inLanguage\":\"fr-FR\",\"potentialAction\":[{\"@type\":\"ReadAction\",\"target\":[\"https:\/\/products.act.com\/fr\/ressources\/telechargements\/act-premium-v18\/\"]}]},{\"@type\":\"BreadcrumbList\",\"@id\":\"https:\/\/products.act.com\/fr\/ressources\/telechargements\/act-premium-v18\/#breadcrumb\",\"itemListElement\":[{\"@type\":\"ListItem\",\"position\":1,\"name\":\"Home\",\"item\":\"https:\/\/products.act.com\/fr\/\"},{\"@type\":\"ListItem\",\"position\":2,\"name\":\"Ressources client et Support Act! | Act! CRM\",\"item\":\"http:\/\/products.act.com\/fr\/resources\/\"},{\"@type\":\"ListItem\",\"position\":3,\"name\":\"Telechargements\",\"item\":\"http:\/\/products.act.com\/fr\/ressources\/telechargements\/\"},{\"@type\":\"ListItem\",\"position\":4,\"name\":\"Mises \u00e0 jour Act! Premium v18 | Fran\u00e7ais\"}]},{\"@type\":\"WebSite\",\"@id\":\"https:\/\/products.act.com\/fr\/#website\",\"url\":\"https:\/\/products.act.com\/fr\/\",\"name\":\"Act!\",\"description\":\"CRM &amp; Marketing Automation in One\",\"publisher\":{\"@id\":\"https:\/\/products.act.com\/fr\/#organization\"},\"potentialAction\":[{\"@type\":\"SearchAction\",\"target\":{\"@type\":\"EntryPoint\",\"urlTemplate\":\"https:\/\/products.act.com\/fr\/?s={search_term_string}\"},\"query-input\":\"required name=search_term_string\"}],\"inLanguage\":\"fr-FR\"},{\"@type\":\"Organization\",\"@id\":\"https:\/\/products.act.com\/fr\/#organization\",\"name\":\"Act!\",\"url\":\"https:\/\/products.act.com\/fr\/\",\"logo\":{\"@type\":\"ImageObject\",\"inLanguage\":\"fr-FR\",\"@id\":\"https:\/\/products.act.com\/fr\/#\/schema\/logo\/image\/\",\"url\":\"https:\/\/products.act.com\/wp-content\/uploads\/2021\/07\/logo_fe5000.png\",\"contentUrl\":\"https:\/\/products.act.com\/wp-content\/uploads\/2021\/07\/logo_fe5000.png\",\"width\":120,\"height\":120,\"caption\":\"Act!\"},\"image\":{\"@id\":\"https:\/\/products.act.com\/fr\/#\/schema\/logo\/image\/\"}}]}<\/script>\n<!-- \/ Yoast SEO Premium plugin. -->","yoast_head_json":{"title":"Mises \u00e0 jour Act! Premium v18 | Fran\u00e7ais","description":"T\u00e9l\u00e9chargements Act! Premium et Web v18 (\u00e9dition fran\u00e7aise)","robots":{"index":"noindex","follow":"follow","max-snippet":"max-snippet:-1","max-image-preview":"max-image-preview:large","max-video-preview":"max-video-preview:-1"},"og_locale":"fr_FR","og_type":"article","og_title":"Mises \u00e0 jour Act! Premium v18 | Fran\u00e7ais","og_description":"T\u00e9l\u00e9chargements Act! Premium et Web v18 (\u00e9dition fran\u00e7aise)","og_url":"https:\/\/products.act.com\/fr\/ressources\/telechargements\/act-premium-v18\/","og_site_name":"Act!","article_modified_time":"2023-01-19T20:19:15+00:00","twitter_card":"summary_large_image","twitter_misc":{"Est. reading time":"1 minute"},"schema":{"@context":"https:\/\/schema.org","@graph":[{"@type":"WebPage","@id":"https:\/\/products.act.com\/fr\/ressources\/telechargements\/act-premium-v18\/","url":"https:\/\/products.act.com\/fr\/ressources\/telechargements\/act-premium-v18\/","name":"Mises \u00e0 jour Act! Premium v18 | Fran\u00e7ais","isPartOf":{"@id":"https:\/\/products.act.com\/fr\/#website"},"datePublished":"2021-12-28T07:28:30+00:00","dateModified":"2023-01-19T20:19:15+00:00","description":"T\u00e9l\u00e9chargements Act! Premium et Web v18 (\u00e9dition fran\u00e7aise)","breadcrumb":{"@id":"https:\/\/products.act.com\/fr\/ressources\/telechargements\/act-premium-v18\/#breadcrumb"},"inLanguage":"fr-FR","potentialAction":[{"@type":"ReadAction","target":["https:\/\/products.act.com\/fr\/ressources\/telechargements\/act-premium-v18\/"]}]},{"@type":"BreadcrumbList","@id":"https:\/\/products.act.com\/fr\/ressources\/telechargements\/act-premium-v18\/#breadcrumb","itemListElement":[{"@type":"ListItem","position":1,"name":"Home","item":"https:\/\/products.act.com\/fr\/"},{"@type":"ListItem","position":2,"name":"Ressources client et Support Act! | Act! CRM","item":"http:\/\/products.act.com\/fr\/resources\/"},{"@type":"ListItem","position":3,"name":"Telechargements","item":"http:\/\/products.act.com\/fr\/ressources\/telechargements\/"},{"@type":"ListItem","position":4,"name":"Mises \u00e0 jour Act! Premium v18 | Fran\u00e7ais"}]},{"@type":"WebSite","@id":"https:\/\/products.act.com\/fr\/#website","url":"https:\/\/products.act.com\/fr\/","name":"Act!","description":"CRM &amp; Marketing Automation in One","publisher":{"@id":"https:\/\/products.act.com\/fr\/#organization"},"potentialAction":[{"@type":"SearchAction","target":{"@type":"EntryPoint","urlTemplate":"https:\/\/products.act.com\/fr\/?s={search_term_string}"},"query-input":"required name=search_term_string"}],"inLanguage":"fr-FR"},{"@type":"Organization","@id":"https:\/\/products.act.com\/fr\/#organization","name":"Act!","url":"https:\/\/products.act.com\/fr\/","logo":{"@type":"ImageObject","inLanguage":"fr-FR","@id":"https:\/\/products.act.com\/fr\/#\/schema\/logo\/image\/","url":"https:\/\/products.act.com\/wp-content\/uploads\/2021\/07\/logo_fe5000.png","contentUrl":"https:\/\/products.act.com\/wp-content\/uploads\/2021\/07\/logo_fe5000.png","width":120,"height":120,"caption":"Act!"},"image":{"@id":"https:\/\/products.act.com\/fr\/#\/schema\/logo\/image\/"}}]}},"_links":{"self":[{"href":"https:\/\/products.act.com\/fr\/wp-json\/wp\/v2\/pages\/42515"}],"collection":[{"href":"https:\/\/products.act.com\/fr\/wp-json\/wp\/v2\/pages"}],"about":[{"href":"https:\/\/products.act.com\/fr\/wp-json\/wp\/v2\/types\/page"}],"author":[{"embeddable":true,"href":"https:\/\/products.act.com\/fr\/wp-json\/wp\/v2\/users\/4"}],"replies":[{"embeddable":true,"href":"https:\/\/products.act.com\/fr\/wp-json\/wp\/v2\/comments?post=42515"}],"version-history":[{"count":0,"href":"https:\/\/products.act.com\/fr\/wp-json\/wp\/v2\/pages\/42515\/revisions"}],"up":[{"embeddable":true,"href":"https:\/\/products.act.com\/fr\/wp-json\/wp\/v2\/pages\/42076"}],"wp:attachment":[{"href":"https:\/\/products.act.com\/fr\/wp-json\/wp\/v2\/media?parent=42515"}],"wp:term":[{"taxonomy":"category","embeddable":true,"href":"https:\/\/products.act.com\/fr\/wp-json\/wp\/v2\/categories?post=42515"},{"taxonomy":"post_tag","embeddable":true,"href":"https:\/\/products.act.com\/fr\/wp-json\/wp\/v2\/tags?post=42515"},{"taxonomy":"folder","embeddable":true,"href":"https:\/\/products.act.com\/fr\/wp-json\/wp\/v2\/folder?post=42515"}],"curies":[{"name":"wp","href":"https:\/\/api.w.org\/{rel}","templated":true}]}}