{"id":42514,"date":"2021-12-28T07:22:37","date_gmt":"2021-12-28T07:22:37","guid":{"rendered":"https:\/\/act.com\/?page_id=42514"},"modified":"2023-01-19T13:15:25","modified_gmt":"2023-01-19T20:15:25","slug":"act-premium-v16","status":"publish","type":"page","link":"https:\/\/products.act.com\/fr\/ressources\/telechargements\/act-premium-v16\/","title":{"rendered":"Mises \u00e0 jour Act! Premium v16 | Fran\u00e7ais"},"content":{"rendered":"\t\t<div data-elementor-type=\"wp-page\" data-elementor-id=\"42514\" class=\"elementor elementor-42514\" data-elementor-post-type=\"page\">\n\t\t\t\t\t\t<section class=\"elementor-section elementor-top-section elementor-element elementor-element-8b1f278 topSctGlb elementor-section-boxed elementor-section-height-default elementor-section-height-default\" data-id=\"8b1f278\" data-element_type=\"section\" data-settings=\"{&quot;background_background&quot;:&quot;gradient&quot;}\">\n\t\t\t\t\t\t\t<div class=\"elementor-background-overlay\"><\/div>\n\t\t\t\t\t\t\t<div class=\"elementor-container elementor-column-gap-default\">\n\t\t\t\t\t<div class=\"elementor-column elementor-col-100 elementor-top-column elementor-element elementor-element-7523fc3\" data-id=\"7523fc3\" data-element_type=\"column\" data-settings=\"{&quot;background_background&quot;:&quot;classic&quot;}\">\n\t\t\t<div class=\"elementor-widget-wrap elementor-element-populated\">\n\t\t\t\t\t\t<section class=\"elementor-section elementor-inner-section elementor-element elementor-element-15856bd elementor-section-boxed elementor-section-height-default elementor-section-height-default\" data-id=\"15856bd\" data-element_type=\"section\">\n\t\t\t\t\t\t<div class=\"elementor-container elementor-column-gap-default\">\n\t\t\t\t\t<div class=\"elementor-column elementor-col-100 elementor-inner-column elementor-element elementor-element-c327562\" data-id=\"c327562\" data-element_type=\"column\">\n\t\t\t<div class=\"elementor-widget-wrap elementor-element-populated\">\n\t\t\t\t\t\t<div class=\"elementor-element elementor-element-3dd4c35 elementor-widget elementor-widget-heading\" data-id=\"3dd4c35\" data-element_type=\"widget\" data-widget_type=\"heading.default\">\n\t\t\t\t<div class=\"elementor-widget-container\">\n\t\t\t<style>\/*! elementor - v3.20.0 - 26-03-2024 *\/\n.elementor-heading-title{padding:0;margin:0;line-height:1}.elementor-widget-heading .elementor-heading-title[class*=elementor-size-]>a{color:inherit;font-size:inherit;line-height:inherit}.elementor-widget-heading .elementor-heading-title.elementor-size-small{font-size:15px}.elementor-widget-heading .elementor-heading-title.elementor-size-medium{font-size:19px}.elementor-widget-heading .elementor-heading-title.elementor-size-large{font-size:29px}.elementor-widget-heading .elementor-heading-title.elementor-size-xl{font-size:39px}.elementor-widget-heading .elementor-heading-title.elementor-size-xxl{font-size:59px}<\/style><h1 class=\"elementor-heading-title elementor-size-default\">T\u00e9l\u00e9chargements Act! Premium et Web v16\n(\u00e9dition fran\u00e7aise)<\/h1>\t\t<\/div>\n\t\t\t\t<\/div>\n\t\t\t\t<div class=\"elementor-element elementor-element-8817cc1 elementor-widget elementor-widget-text-editor\" data-id=\"8817cc1\" data-element_type=\"widget\" data-widget_type=\"text-editor.default\">\n\t\t\t\t<div class=\"elementor-widget-container\">\n\t\t\t<style>\/*! elementor - v3.20.0 - 26-03-2024 *\/\n.elementor-widget-text-editor.elementor-drop-cap-view-stacked .elementor-drop-cap{background-color:#69727d;color:#fff}.elementor-widget-text-editor.elementor-drop-cap-view-framed .elementor-drop-cap{color:#69727d;border:3px solid;background-color:transparent}.elementor-widget-text-editor:not(.elementor-drop-cap-view-default) .elementor-drop-cap{margin-top:8px}.elementor-widget-text-editor:not(.elementor-drop-cap-view-default) .elementor-drop-cap-letter{width:1em;height:1em}.elementor-widget-text-editor .elementor-drop-cap{float:left;text-align:center;line-height:1;font-size:50px}.elementor-widget-text-editor .elementor-drop-cap-letter{display:inline-block}<\/style>\t\t\t\t<p>Note : Les Hot Fixes\/Correctifs ci-dessous s\u2019appliquent aux versions Act! Pro, Act! Premium et Act! Premium (web).<br \/>Veuillez consulter la <a href=\"https:\/\/help.act.com\/s\/article\/What-Issues-Have-Been-Fixed-in-Act-Updates-prem?language=fr\/\">Base de connaissances<\/a> pour en savoir plus sur le contenu des mises \u00e0 jour et correctifs.<\/p>\t\t\t\t\t\t<\/div>\n\t\t\t\t<\/div>\n\t\t\t\t\t<\/div>\n\t\t<\/div>\n\t\t\t\t\t<\/div>\n\t\t<\/section>\n\t\t\t\t\t<\/div>\n\t\t<\/div>\n\t\t\t\t\t<\/div>\n\t\t<\/section>\n\t\t\t\t<section class=\"elementor-section elementor-top-section elementor-element elementor-element-0c1f46c custom-hot-fixes elementor-section-boxed elementor-section-height-default elementor-section-height-default\" data-id=\"0c1f46c\" data-element_type=\"section\">\n\t\t\t\t\t\t<div class=\"elementor-container elementor-column-gap-default\">\n\t\t\t\t\t<div class=\"elementor-column elementor-col-100 elementor-top-column elementor-element elementor-element-d3212ee\" data-id=\"d3212ee\" data-element_type=\"column\">\n\t\t\t<div class=\"elementor-widget-wrap elementor-element-populated\">\n\t\t\t\t\t\t<div class=\"elementor-element elementor-element-2917b71 elementor-widget elementor-widget-heading\" data-id=\"2917b71\" data-element_type=\"widget\" data-widget_type=\"heading.default\">\n\t\t\t\t<div class=\"elementor-widget-container\">\n\t\t\t<h2 class=\"elementor-heading-title elementor-size-default\">Hot Fixes \/ Correctifs<\/h2>\t\t<\/div>\n\t\t\t\t<\/div>\n\t\t\t\t<div class=\"elementor-element elementor-element-29b7a21 elementor-widget elementor-widget-html\" data-id=\"29b7a21\" data-element_type=\"widget\" data-widget_type=\"html.default\">\n\t\t\t\t<div class=\"elementor-widget-container\">\n\t\t\t<table class=\"downloadTable\" cellpadding=\"0\" cellspacing=\"0\" border=\"0\">\n        <tbody><tr>\n          <th>Date<\/th>\n          <th>Titre<\/th>\n          <th>Nom du fichier<\/th>\n          <th>Taille<\/th>\n          <th><\/th>\n        <\/tr>\n       \n        <tr>\n          <td>17\/05\/2016<\/td>\n          <td>Act! v16 SP1 Hot Fix 3<\/td>\n          <td>ACT16SP1HF3.exe<\/td>\n          <td>\t1,590 KB<\/td>\n            <td><a href=\"http:\/\/cdn.act.dlm.swiftpage.com\/3324\/act16sp1hf3.exe\"><span class=\"button btnDefault\">T\u00e9l\u00e9charger<\/span><\/a><\/td>\n      \t<\/tr>\n    \n        <tr>\n          <td>09\/03\/2016<\/td>\n          <td>Act! v16.3 Hotfix 1<\/td>\n          <td>act16sp3hf1frde.exe<\/td>\n          <td>2.1 MB<\/td>\n            <td><a href=\"http:\/\/cdn.updates.swiftpage.act.com\/updates\/act16sp3hf1frde.exe?_ga=2.185076718.614496800.1640579786-1348167313.1635499773\"><span class=\"button btnDefault\">T\u00e9l\u00e9charger<\/span><\/a><\/td>\n      \t<\/tr>\n      <\/tbody><\/table>\t\t<\/div>\n\t\t\t\t<\/div>\n\t\t\t\t<div class=\"elementor-element elementor-element-6f2b03b custom-mises-jour elementor-widget elementor-widget-heading\" data-id=\"6f2b03b\" data-element_type=\"widget\" data-widget_type=\"heading.default\">\n\t\t\t\t<div class=\"elementor-widget-container\">\n\t\t\t<h2 class=\"elementor-heading-title elementor-size-default\">Mises \u00e0 jour<\/h2>\t\t<\/div>\n\t\t\t\t<\/div>\n\t\t\t\t<div class=\"elementor-element elementor-element-53a80cb elementor-widget elementor-widget-html\" data-id=\"53a80cb\" data-element_type=\"widget\" data-widget_type=\"html.default\">\n\t\t\t\t<div class=\"elementor-widget-container\">\n\t\t\t<table class=\"downloadTable\" cellpadding=\"0\" cellspacing=\"0\" border=\"0\">\n        <tbody><tr>\n          <th>Date<\/th>\n          <th>Titre<\/th>\n          <th>Nom du fichier<\/th>\n          <th>Taille<\/th>\n          <th><\/th>\n        <\/tr>\n       \n        <tr>\n          <td>13\/01\/2015<\/td>\n          <td>Act! Premium Web v16 SP2 Update \u2013 FR<\/td>\n          <td>act!-web-16-sp2x43-fr-update.exe<\/td>\n          <td>438 MB<\/td>\n            <td><a href=\"http:\/\/cdn.act.dlm.swiftpage.com\/3546\/act!-web-16-sp2x43-fr-updt.exe\"><span class=\"button btnDefault\">T\u00e9l\u00e9charger<\/span><\/a><\/td>\n      \t<\/tr>\n    \n        <tr>\n          <td>28\/07\/2014<\/td>\n          <td>Act! Premium Web v16 SP1 Update - FR<\/td>\n          <td>actpremiumweb_161_fr_update.exe<\/td>\n          <td>320 MB<\/td>\n            <td><a href=\"http:\/\/cdn.act.dlm.swiftpage.com\/3283\/actpremiumweb_161_fr_update.exe\"><span class=\"button btnDefault\">T\u00e9l\u00e9charger<\/span><\/a><\/td>\n      \t<\/tr>\n    \n        <tr>\n          <td>28\/07\/2014<\/td>\n          <td>Act! Premium v16 SP1 Update - FR<\/td>\n          <td>actpremium_161_fr_update.exe<\/td>\n          <td>423 MB<\/td>\n            <td><a href=\"http:\/\/cdn.act.dlm.swiftpage.com\/3281\/actpremium_161_fr_update.exe\"><span class=\"button btnDefault\">T\u00e9l\u00e9charger<\/span><\/a><\/td>\n      \t<\/tr>\n    \n        <tr>\n          <td>13\/01\/2015<\/td>\n          <td>Act! Premium v16 SP2 Update \u2013 FR<\/td>\n          <td>act!-prem-16-sp2x43-fr-update.exe<\/td>\n          <td>423 MB<\/td>\n            <td><a href=\"http:\/\/cdn.act.dlm.swiftpage.com\/3548\/act!-prem-16-sp2x43-fr-updt.exe\"><span class=\"button btnDefault\">T\u00e9l\u00e9charger<\/span><\/a><\/td>\n      \t<\/tr>\n    \n        <tr>\n          <td>17\/03\/2015<\/td>\n          <td>Act! Premium Web v16 SP3 Update \u2013 FR<\/td>\n          <td>actweb_v163x13_fr_updt.exe<\/td>\n          <td>119 MB<\/td>\n            <td><a href=\"http:\/\/cdn.act.dlm.swiftpage.com\/3717\/actweb_v163x13_fr_updt.exe\"><span class=\"button btnDefault\">T\u00e9l\u00e9charger<\/span><\/a><\/td>\n      \t<\/tr>\n    \n       \n         \n      <\/tbody><\/table>\t\t<\/div>\n\t\t\t\t<\/div>\n\t\t\t\t\t<\/div>\n\t\t<\/div>\n\t\t\t\t\t<\/div>\n\t\t<\/section>\n\t\t\t\t<\/div>\n\t\t","protected":false},"excerpt":{"rendered":"<p>T\u00e9l\u00e9chargements Act! Premium et Web v16 (\u00e9dition fran\u00e7aise) Note : Les Hot Fixes\/Correctifs ci-dessous s\u2019appliquent aux versions Act! Pro, Act! Premium et Act! Premium (web).Veuillez consulter la Base de connaissances pour en savoir plus sur le contenu des mises \u00e0 jour et correctifs. Hot Fixes \/ Correctifs Date Titre Nom du fichier Taille 17\/05\/2016 Act! [&hellip;]<\/p>\n","protected":false},"author":4,"featured_media":0,"parent":42076,"menu_order":0,"comment_status":"closed","ping_status":"closed","template":"elementor_header_footer","meta":{"_acf_changed":false,"content-type":"","inline_featured_image":false,"footnotes":""},"categories":[],"tags":[],"folder":[],"acf":[],"yoast_head":"<!-- This site is optimized with the Yoast SEO Premium plugin v22.2 (Yoast SEO v22.4) - https:\/\/yoast.com\/wordpress\/plugins\/seo\/ -->\n<title>Mises \u00e0 jour Act! Premium v16 | Fran\u00e7ais<\/title>\n<meta name=\"description\" content=\"T\u00e9l\u00e9chargements Act! Premium et Web v16(\u00e9dition fran\u00e7aise)\" \/>\n<meta name=\"robots\" content=\"noindex, follow, max-snippet:-1, max-image-preview:large, max-video-preview:-1\" \/>\n<meta property=\"og:locale\" content=\"fr_FR\" \/>\n<meta property=\"og:type\" content=\"article\" \/>\n<meta property=\"og:title\" content=\"Mises \u00e0 jour Act! Premium v16 | Fran\u00e7ais\" \/>\n<meta property=\"og:description\" content=\"T\u00e9l\u00e9chargements Act! Premium et Web v16(\u00e9dition fran\u00e7aise)\" \/>\n<meta property=\"og:url\" content=\"https:\/\/products.act.com\/fr\/ressources\/telechargements\/act-premium-v16\/\" \/>\n<meta property=\"og:site_name\" content=\"Act!\" \/>\n<meta property=\"article:modified_time\" content=\"2023-01-19T20:15:25+00:00\" \/>\n<meta name=\"twitter:card\" content=\"summary_large_image\" \/>\n<meta name=\"twitter:label1\" content=\"Est. reading time\" \/>\n\t<meta name=\"twitter:data1\" content=\"1 minute\" \/>\n<script type=\"application\/ld+json\" class=\"yoast-schema-graph\">{\"@context\":\"https:\/\/schema.org\",\"@graph\":[{\"@type\":\"WebPage\",\"@id\":\"https:\/\/products.act.com\/fr\/ressources\/telechargements\/act-premium-v16\/\",\"url\":\"https:\/\/products.act.com\/fr\/ressources\/telechargements\/act-premium-v16\/\",\"name\":\"Mises \u00e0 jour Act! Premium v16 | Fran\u00e7ais\",\"isPartOf\":{\"@id\":\"https:\/\/products.act.com\/fr\/#website\"},\"datePublished\":\"2021-12-28T07:22:37+00:00\",\"dateModified\":\"2023-01-19T20:15:25+00:00\",\"description\":\"T\u00e9l\u00e9chargements Act! Premium et Web v16(\u00e9dition fran\u00e7aise)\",\"breadcrumb\":{\"@id\":\"https:\/\/products.act.com\/fr\/ressources\/telechargements\/act-premium-v16\/#breadcrumb\"},\"inLanguage\":\"fr-FR\",\"potentialAction\":[{\"@type\":\"ReadAction\",\"target\":[\"https:\/\/products.act.com\/fr\/ressources\/telechargements\/act-premium-v16\/\"]}]},{\"@type\":\"BreadcrumbList\",\"@id\":\"https:\/\/products.act.com\/fr\/ressources\/telechargements\/act-premium-v16\/#breadcrumb\",\"itemListElement\":[{\"@type\":\"ListItem\",\"position\":1,\"name\":\"Home\",\"item\":\"https:\/\/products.act.com\/fr\/\"},{\"@type\":\"ListItem\",\"position\":2,\"name\":\"Ressources client et Support Act! | Act! CRM\",\"item\":\"http:\/\/products.act.com\/fr\/resources\/\"},{\"@type\":\"ListItem\",\"position\":3,\"name\":\"Telechargements\",\"item\":\"http:\/\/products.act.com\/fr\/ressources\/telechargements\/\"},{\"@type\":\"ListItem\",\"position\":4,\"name\":\"Mises \u00e0 jour Act! Premium v16 | Fran\u00e7ais\"}]},{\"@type\":\"WebSite\",\"@id\":\"https:\/\/products.act.com\/fr\/#website\",\"url\":\"https:\/\/products.act.com\/fr\/\",\"name\":\"Act!\",\"description\":\"CRM &amp; Marketing Automation in One\",\"publisher\":{\"@id\":\"https:\/\/products.act.com\/fr\/#organization\"},\"potentialAction\":[{\"@type\":\"SearchAction\",\"target\":{\"@type\":\"EntryPoint\",\"urlTemplate\":\"https:\/\/products.act.com\/fr\/?s={search_term_string}\"},\"query-input\":\"required name=search_term_string\"}],\"inLanguage\":\"fr-FR\"},{\"@type\":\"Organization\",\"@id\":\"https:\/\/products.act.com\/fr\/#organization\",\"name\":\"Act!\",\"url\":\"https:\/\/products.act.com\/fr\/\",\"logo\":{\"@type\":\"ImageObject\",\"inLanguage\":\"fr-FR\",\"@id\":\"https:\/\/products.act.com\/fr\/#\/schema\/logo\/image\/\",\"url\":\"https:\/\/products.act.com\/wp-content\/uploads\/2021\/07\/logo_fe5000.png\",\"contentUrl\":\"https:\/\/products.act.com\/wp-content\/uploads\/2021\/07\/logo_fe5000.png\",\"width\":120,\"height\":120,\"caption\":\"Act!\"},\"image\":{\"@id\":\"https:\/\/products.act.com\/fr\/#\/schema\/logo\/image\/\"}}]}<\/script>\n<!-- \/ Yoast SEO Premium plugin. -->","yoast_head_json":{"title":"Mises \u00e0 jour Act! Premium v16 | Fran\u00e7ais","description":"T\u00e9l\u00e9chargements Act! Premium et Web v16(\u00e9dition fran\u00e7aise)","robots":{"index":"noindex","follow":"follow","max-snippet":"max-snippet:-1","max-image-preview":"max-image-preview:large","max-video-preview":"max-video-preview:-1"},"og_locale":"fr_FR","og_type":"article","og_title":"Mises \u00e0 jour Act! Premium v16 | Fran\u00e7ais","og_description":"T\u00e9l\u00e9chargements Act! Premium et Web v16(\u00e9dition fran\u00e7aise)","og_url":"https:\/\/products.act.com\/fr\/ressources\/telechargements\/act-premium-v16\/","og_site_name":"Act!","article_modified_time":"2023-01-19T20:15:25+00:00","twitter_card":"summary_large_image","twitter_misc":{"Est. reading time":"1 minute"},"schema":{"@context":"https:\/\/schema.org","@graph":[{"@type":"WebPage","@id":"https:\/\/products.act.com\/fr\/ressources\/telechargements\/act-premium-v16\/","url":"https:\/\/products.act.com\/fr\/ressources\/telechargements\/act-premium-v16\/","name":"Mises \u00e0 jour Act! Premium v16 | Fran\u00e7ais","isPartOf":{"@id":"https:\/\/products.act.com\/fr\/#website"},"datePublished":"2021-12-28T07:22:37+00:00","dateModified":"2023-01-19T20:15:25+00:00","description":"T\u00e9l\u00e9chargements Act! Premium et Web v16(\u00e9dition fran\u00e7aise)","breadcrumb":{"@id":"https:\/\/products.act.com\/fr\/ressources\/telechargements\/act-premium-v16\/#breadcrumb"},"inLanguage":"fr-FR","potentialAction":[{"@type":"ReadAction","target":["https:\/\/products.act.com\/fr\/ressources\/telechargements\/act-premium-v16\/"]}]},{"@type":"BreadcrumbList","@id":"https:\/\/products.act.com\/fr\/ressources\/telechargements\/act-premium-v16\/#breadcrumb","itemListElement":[{"@type":"ListItem","position":1,"name":"Home","item":"https:\/\/products.act.com\/fr\/"},{"@type":"ListItem","position":2,"name":"Ressources client et Support Act! | Act! CRM","item":"http:\/\/products.act.com\/fr\/resources\/"},{"@type":"ListItem","position":3,"name":"Telechargements","item":"http:\/\/products.act.com\/fr\/ressources\/telechargements\/"},{"@type":"ListItem","position":4,"name":"Mises \u00e0 jour Act! Premium v16 | Fran\u00e7ais"}]},{"@type":"WebSite","@id":"https:\/\/products.act.com\/fr\/#website","url":"https:\/\/products.act.com\/fr\/","name":"Act!","description":"CRM &amp; Marketing Automation in One","publisher":{"@id":"https:\/\/products.act.com\/fr\/#organization"},"potentialAction":[{"@type":"SearchAction","target":{"@type":"EntryPoint","urlTemplate":"https:\/\/products.act.com\/fr\/?s={search_term_string}"},"query-input":"required name=search_term_string"}],"inLanguage":"fr-FR"},{"@type":"Organization","@id":"https:\/\/products.act.com\/fr\/#organization","name":"Act!","url":"https:\/\/products.act.com\/fr\/","logo":{"@type":"ImageObject","inLanguage":"fr-FR","@id":"https:\/\/products.act.com\/fr\/#\/schema\/logo\/image\/","url":"https:\/\/products.act.com\/wp-content\/uploads\/2021\/07\/logo_fe5000.png","contentUrl":"https:\/\/products.act.com\/wp-content\/uploads\/2021\/07\/logo_fe5000.png","width":120,"height":120,"caption":"Act!"},"image":{"@id":"https:\/\/products.act.com\/fr\/#\/schema\/logo\/image\/"}}]}},"_links":{"self":[{"href":"https:\/\/products.act.com\/fr\/wp-json\/wp\/v2\/pages\/42514"}],"collection":[{"href":"https:\/\/products.act.com\/fr\/wp-json\/wp\/v2\/pages"}],"about":[{"href":"https:\/\/products.act.com\/fr\/wp-json\/wp\/v2\/types\/page"}],"author":[{"embeddable":true,"href":"https:\/\/products.act.com\/fr\/wp-json\/wp\/v2\/users\/4"}],"replies":[{"embeddable":true,"href":"https:\/\/products.act.com\/fr\/wp-json\/wp\/v2\/comments?post=42514"}],"version-history":[{"count":0,"href":"https:\/\/products.act.com\/fr\/wp-json\/wp\/v2\/pages\/42514\/revisions"}],"up":[{"embeddable":true,"href":"https:\/\/products.act.com\/fr\/wp-json\/wp\/v2\/pages\/42076"}],"wp:attachment":[{"href":"https:\/\/products.act.com\/fr\/wp-json\/wp\/v2\/media?parent=42514"}],"wp:term":[{"taxonomy":"category","embeddable":true,"href":"https:\/\/products.act.com\/fr\/wp-json\/wp\/v2\/categories?post=42514"},{"taxonomy":"post_tag","embeddable":true,"href":"https:\/\/products.act.com\/fr\/wp-json\/wp\/v2\/tags?post=42514"},{"taxonomy":"folder","embeddable":true,"href":"https:\/\/products.act.com\/fr\/wp-json\/wp\/v2\/folder?post=42514"}],"curies":[{"name":"wp","href":"https:\/\/api.w.org\/{rel}","templated":true}]}}