{"id":42473,"date":"2021-12-28T05:36:00","date_gmt":"2021-12-28T05:36:00","guid":{"rendered":"https:\/\/act.com\/?page_id=42473"},"modified":"2023-01-18T09:50:11","modified_gmt":"2023-01-18T16:50:11","slug":"expiration-du-compte","status":"publish","type":"page","link":"https:\/\/products.act.com\/fr\/erreur\/expiration-du-compte\/","title":{"rendered":"Expiration du compte"},"content":{"rendered":"\t\t<div data-elementor-type=\"wp-page\" data-elementor-id=\"42473\" class=\"elementor elementor-42473\" data-elementor-post-type=\"page\">\n\t\t\t\t\t\t<section class=\"elementor-section elementor-top-section elementor-element elementor-element-a37b0e2 topSctGlb elementor-section-boxed elementor-section-height-default elementor-section-height-default\" data-id=\"a37b0e2\" data-element_type=\"section\" data-settings=\"{&quot;background_background&quot;:&quot;gradient&quot;}\">\n\t\t\t\t\t\t\t<div class=\"elementor-background-overlay\"><\/div>\n\t\t\t\t\t\t\t<div class=\"elementor-container elementor-column-gap-default\">\n\t\t\t\t\t<div class=\"elementor-column elementor-col-100 elementor-top-column elementor-element elementor-element-62a22fd\" data-id=\"62a22fd\" data-element_type=\"column\" data-settings=\"{&quot;background_background&quot;:&quot;classic&quot;}\">\n\t\t\t<div class=\"elementor-widget-wrap elementor-element-populated\">\n\t\t\t\t\t\t<section class=\"elementor-section elementor-inner-section elementor-element elementor-element-07ccf98 elementor-section-boxed elementor-section-height-default elementor-section-height-default\" data-id=\"07ccf98\" data-element_type=\"section\">\n\t\t\t\t\t\t<div class=\"elementor-container elementor-column-gap-default\">\n\t\t\t\t\t<div class=\"elementor-column elementor-col-100 elementor-inner-column elementor-element elementor-element-4d28a85\" data-id=\"4d28a85\" data-element_type=\"column\">\n\t\t\t<div class=\"elementor-widget-wrap elementor-element-populated\">\n\t\t\t\t\t\t<div class=\"elementor-element elementor-element-31d83af elementor-widget elementor-widget-heading\" data-id=\"31d83af\" data-element_type=\"widget\" data-widget_type=\"heading.default\">\n\t\t\t\t<div class=\"elementor-widget-container\">\n\t\t\t<style>\/*! elementor - v3.20.0 - 26-03-2024 *\/\n.elementor-heading-title{padding:0;margin:0;line-height:1}.elementor-widget-heading .elementor-heading-title[class*=elementor-size-]>a{color:inherit;font-size:inherit;line-height:inherit}.elementor-widget-heading .elementor-heading-title.elementor-size-small{font-size:15px}.elementor-widget-heading .elementor-heading-title.elementor-size-medium{font-size:19px}.elementor-widget-heading .elementor-heading-title.elementor-size-large{font-size:29px}.elementor-widget-heading .elementor-heading-title.elementor-size-xl{font-size:39px}.elementor-widget-heading .elementor-heading-title.elementor-size-xxl{font-size:59px}<\/style><h1 class=\"elementor-heading-title elementor-size-default\">Oups !<\/h1>\t\t<\/div>\n\t\t\t\t<\/div>\n\t\t\t\t\t<\/div>\n\t\t<\/div>\n\t\t\t\t\t<\/div>\n\t\t<\/section>\n\t\t\t\t\t<\/div>\n\t\t<\/div>\n\t\t\t\t\t<\/div>\n\t\t<\/section>\n\t\t\t\t<section class=\"elementor-section elementor-top-section elementor-element elementor-element-200d411 elementor-section-boxed elementor-section-height-default elementor-section-height-default\" data-id=\"200d411\" data-element_type=\"section\">\n\t\t\t\t\t\t<div class=\"elementor-container elementor-column-gap-default\">\n\t\t\t\t\t<div class=\"elementor-column elementor-col-100 elementor-top-column elementor-element elementor-element-0cd33d6\" data-id=\"0cd33d6\" data-element_type=\"column\">\n\t\t\t<div class=\"elementor-widget-wrap elementor-element-populated\">\n\t\t\t\t\t\t<section class=\"elementor-section elementor-inner-section elementor-element elementor-element-9d10876 elementor-section-boxed elementor-section-height-default elementor-section-height-default\" data-id=\"9d10876\" data-element_type=\"section\">\n\t\t\t\t\t\t<div class=\"elementor-container elementor-column-gap-default\">\n\t\t\t\t\t<div class=\"elementor-column elementor-col-100 elementor-inner-column elementor-element elementor-element-7657c1c\" data-id=\"7657c1c\" data-element_type=\"column\">\n\t\t\t<div class=\"elementor-widget-wrap elementor-element-populated\">\n\t\t\t\t\t\t<div class=\"elementor-element elementor-element-11d411f elementor-widget elementor-widget-text-editor\" data-id=\"11d411f\" data-element_type=\"widget\" data-widget_type=\"text-editor.default\">\n\t\t\t\t<div class=\"elementor-widget-container\">\n\t\t\t<style>\/*! elementor - v3.20.0 - 26-03-2024 *\/\n.elementor-widget-text-editor.elementor-drop-cap-view-stacked .elementor-drop-cap{background-color:#69727d;color:#fff}.elementor-widget-text-editor.elementor-drop-cap-view-framed .elementor-drop-cap{color:#69727d;border:3px solid;background-color:transparent}.elementor-widget-text-editor:not(.elementor-drop-cap-view-default) .elementor-drop-cap{margin-top:8px}.elementor-widget-text-editor:not(.elementor-drop-cap-view-default) .elementor-drop-cap-letter{width:1em;height:1em}.elementor-widget-text-editor .elementor-drop-cap{float:left;text-align:center;line-height:1;font-size:50px}.elementor-widget-text-editor .elementor-drop-cap-letter{display:inline-block}<\/style>\t\t\t\t<div class=\"sfContentBlock\"><div class=\"sfContentBlock\"><p>Il est impossible d\u2019acc\u00e9der \u00e0 ce compte Act! Premium Cloud pour cause de suspension du compte ou d\u2019expiration de l\u2019essai gratuit de 14 jours.<\/p><p>Pour pouvoir acc\u00e9der \u00e0 nouveau \u00e0 votre compte Act! Premium Cloud, veuillez nous appeler au 09 75 18 23 09 (France) \/ 078 483 840 (Belgique).<\/p><p>Si vous voulez continuer \u00e0 utiliser Act! Premium Cloud \u00e0 la fin de votre p\u00e9riode d\u2019essai, achetez le logiciel ou,\u00a0<a href=\"https:\/\/www.act.com\/fr\/essai\/act\/\" target=\"_blank\" rel=\"noopener\">appelez-nous<\/a>\u00a0au 09 75 18 23 09 (France) \/ 078 483 840 (Belgique).<\/p><\/div><\/div>\t\t\t\t\t\t<\/div>\n\t\t\t\t<\/div>\n\t\t\t\t\t<\/div>\n\t\t<\/div>\n\t\t\t\t\t<\/div>\n\t\t<\/section>\n\t\t\t\t\t<\/div>\n\t\t<\/div>\n\t\t\t\t\t<\/div>\n\t\t<\/section>\n\t\t\t\t<\/div>\n\t\t","protected":false},"excerpt":{"rendered":"<p>Oups ! Il est impossible d\u2019acc\u00e9der \u00e0 ce compte Act! Premium Cloud pour cause de suspension du compte ou d\u2019expiration de l\u2019essai gratuit de 14 jours. Pour pouvoir acc\u00e9der \u00e0 nouveau \u00e0 votre compte Act! Premium Cloud, veuillez nous appeler au 09 75 18 23 09 (France) \/ 078 483 840 (Belgique). Si vous voulez [&hellip;]<\/p>\n","protected":false},"author":4,"featured_media":0,"parent":42471,"menu_order":0,"comment_status":"closed","ping_status":"closed","template":"elementor_header_footer","meta":{"_acf_changed":false,"content-type":"","inline_featured_image":false,"footnotes":""},"categories":[],"tags":[],"folder":[],"acf":[],"yoast_head":"<!-- This site is optimized with the Yoast SEO Premium plugin v22.2 (Yoast SEO v22.4) - https:\/\/yoast.com\/wordpress\/plugins\/seo\/ -->\n<title>Expiration du compte - Act!<\/title>\n<meta name=\"robots\" content=\"noindex, follow, max-snippet:-1, max-image-preview:large, max-video-preview:-1\" \/>\n<meta property=\"og:locale\" content=\"fr_FR\" \/>\n<meta property=\"og:type\" content=\"article\" \/>\n<meta property=\"og:title\" content=\"Expiration du compte\" \/>\n<meta property=\"og:description\" content=\"Oups ! Il est impossible d\u2019acc\u00e9der \u00e0 ce compte Act! Premium Cloud pour cause de suspension du compte ou d\u2019expiration de l\u2019essai gratuit de 14 jours. Pour pouvoir acc\u00e9der \u00e0 nouveau \u00e0 votre compte Act! Premium Cloud, veuillez nous appeler au 09 75 18 23 09 (France) \/ 078 483 840 (Belgique). Si vous voulez [&hellip;]\" \/>\n<meta property=\"og:url\" content=\"https:\/\/products.act.com\/fr\/erreur\/expiration-du-compte\/\" \/>\n<meta property=\"og:site_name\" content=\"Act!\" \/>\n<meta property=\"article:modified_time\" content=\"2023-01-18T16:50:11+00:00\" \/>\n<meta name=\"twitter:card\" content=\"summary_large_image\" \/>\n<meta name=\"twitter:label1\" content=\"Est. reading time\" \/>\n\t<meta name=\"twitter:data1\" content=\"1 minute\" \/>\n<script type=\"application\/ld+json\" class=\"yoast-schema-graph\">{\"@context\":\"https:\/\/schema.org\",\"@graph\":[{\"@type\":\"WebPage\",\"@id\":\"https:\/\/products.act.com\/fr\/erreur\/expiration-du-compte\/\",\"url\":\"https:\/\/products.act.com\/fr\/erreur\/expiration-du-compte\/\",\"name\":\"Expiration du compte - Act!\",\"isPartOf\":{\"@id\":\"https:\/\/products.act.com\/fr\/#website\"},\"datePublished\":\"2021-12-28T05:36:00+00:00\",\"dateModified\":\"2023-01-18T16:50:11+00:00\",\"breadcrumb\":{\"@id\":\"https:\/\/products.act.com\/fr\/erreur\/expiration-du-compte\/#breadcrumb\"},\"inLanguage\":\"fr-FR\",\"potentialAction\":[{\"@type\":\"ReadAction\",\"target\":[\"https:\/\/products.act.com\/fr\/erreur\/expiration-du-compte\/\"]}]},{\"@type\":\"BreadcrumbList\",\"@id\":\"https:\/\/products.act.com\/fr\/erreur\/expiration-du-compte\/#breadcrumb\",\"itemListElement\":[{\"@type\":\"ListItem\",\"position\":1,\"name\":\"Home\",\"item\":\"https:\/\/products.act.com\/fr\/\"},{\"@type\":\"ListItem\",\"position\":2,\"name\":\"Erreur\",\"item\":\"http:\/\/products.act.com\/fr\/erreur\/\"},{\"@type\":\"ListItem\",\"position\":3,\"name\":\"Expiration du compte\"}]},{\"@type\":\"WebSite\",\"@id\":\"https:\/\/products.act.com\/fr\/#website\",\"url\":\"https:\/\/products.act.com\/fr\/\",\"name\":\"Act!\",\"description\":\"CRM &amp; Marketing Automation in One\",\"publisher\":{\"@id\":\"https:\/\/products.act.com\/fr\/#organization\"},\"potentialAction\":[{\"@type\":\"SearchAction\",\"target\":{\"@type\":\"EntryPoint\",\"urlTemplate\":\"https:\/\/products.act.com\/fr\/?s={search_term_string}\"},\"query-input\":\"required name=search_term_string\"}],\"inLanguage\":\"fr-FR\"},{\"@type\":\"Organization\",\"@id\":\"https:\/\/products.act.com\/fr\/#organization\",\"name\":\"Act!\",\"url\":\"https:\/\/products.act.com\/fr\/\",\"logo\":{\"@type\":\"ImageObject\",\"inLanguage\":\"fr-FR\",\"@id\":\"https:\/\/products.act.com\/fr\/#\/schema\/logo\/image\/\",\"url\":\"https:\/\/products.act.com\/wp-content\/uploads\/2021\/07\/logo_fe5000.png\",\"contentUrl\":\"https:\/\/products.act.com\/wp-content\/uploads\/2021\/07\/logo_fe5000.png\",\"width\":120,\"height\":120,\"caption\":\"Act!\"},\"image\":{\"@id\":\"https:\/\/products.act.com\/fr\/#\/schema\/logo\/image\/\"}}]}<\/script>\n<!-- \/ Yoast SEO Premium plugin. -->","yoast_head_json":{"title":"Expiration du compte - Act!","robots":{"index":"noindex","follow":"follow","max-snippet":"max-snippet:-1","max-image-preview":"max-image-preview:large","max-video-preview":"max-video-preview:-1"},"og_locale":"fr_FR","og_type":"article","og_title":"Expiration du compte","og_description":"Oups ! Il est impossible d\u2019acc\u00e9der \u00e0 ce compte Act! Premium Cloud pour cause de suspension du compte ou d\u2019expiration de l\u2019essai gratuit de 14 jours. Pour pouvoir acc\u00e9der \u00e0 nouveau \u00e0 votre compte Act! Premium Cloud, veuillez nous appeler au 09 75 18 23 09 (France) \/ 078 483 840 (Belgique). Si vous voulez [&hellip;]","og_url":"https:\/\/products.act.com\/fr\/erreur\/expiration-du-compte\/","og_site_name":"Act!","article_modified_time":"2023-01-18T16:50:11+00:00","twitter_card":"summary_large_image","twitter_misc":{"Est. reading time":"1 minute"},"schema":{"@context":"https:\/\/schema.org","@graph":[{"@type":"WebPage","@id":"https:\/\/products.act.com\/fr\/erreur\/expiration-du-compte\/","url":"https:\/\/products.act.com\/fr\/erreur\/expiration-du-compte\/","name":"Expiration du compte - Act!","isPartOf":{"@id":"https:\/\/products.act.com\/fr\/#website"},"datePublished":"2021-12-28T05:36:00+00:00","dateModified":"2023-01-18T16:50:11+00:00","breadcrumb":{"@id":"https:\/\/products.act.com\/fr\/erreur\/expiration-du-compte\/#breadcrumb"},"inLanguage":"fr-FR","potentialAction":[{"@type":"ReadAction","target":["https:\/\/products.act.com\/fr\/erreur\/expiration-du-compte\/"]}]},{"@type":"BreadcrumbList","@id":"https:\/\/products.act.com\/fr\/erreur\/expiration-du-compte\/#breadcrumb","itemListElement":[{"@type":"ListItem","position":1,"name":"Home","item":"https:\/\/products.act.com\/fr\/"},{"@type":"ListItem","position":2,"name":"Erreur","item":"http:\/\/products.act.com\/fr\/erreur\/"},{"@type":"ListItem","position":3,"name":"Expiration du compte"}]},{"@type":"WebSite","@id":"https:\/\/products.act.com\/fr\/#website","url":"https:\/\/products.act.com\/fr\/","name":"Act!","description":"CRM &amp; Marketing Automation in One","publisher":{"@id":"https:\/\/products.act.com\/fr\/#organization"},"potentialAction":[{"@type":"SearchAction","target":{"@type":"EntryPoint","urlTemplate":"https:\/\/products.act.com\/fr\/?s={search_term_string}"},"query-input":"required name=search_term_string"}],"inLanguage":"fr-FR"},{"@type":"Organization","@id":"https:\/\/products.act.com\/fr\/#organization","name":"Act!","url":"https:\/\/products.act.com\/fr\/","logo":{"@type":"ImageObject","inLanguage":"fr-FR","@id":"https:\/\/products.act.com\/fr\/#\/schema\/logo\/image\/","url":"https:\/\/products.act.com\/wp-content\/uploads\/2021\/07\/logo_fe5000.png","contentUrl":"https:\/\/products.act.com\/wp-content\/uploads\/2021\/07\/logo_fe5000.png","width":120,"height":120,"caption":"Act!"},"image":{"@id":"https:\/\/products.act.com\/fr\/#\/schema\/logo\/image\/"}}]}},"_links":{"self":[{"href":"https:\/\/products.act.com\/fr\/wp-json\/wp\/v2\/pages\/42473"}],"collection":[{"href":"https:\/\/products.act.com\/fr\/wp-json\/wp\/v2\/pages"}],"about":[{"href":"https:\/\/products.act.com\/fr\/wp-json\/wp\/v2\/types\/page"}],"author":[{"embeddable":true,"href":"https:\/\/products.act.com\/fr\/wp-json\/wp\/v2\/users\/4"}],"replies":[{"embeddable":true,"href":"https:\/\/products.act.com\/fr\/wp-json\/wp\/v2\/comments?post=42473"}],"version-history":[{"count":0,"href":"https:\/\/products.act.com\/fr\/wp-json\/wp\/v2\/pages\/42473\/revisions"}],"up":[{"embeddable":true,"href":"https:\/\/products.act.com\/fr\/wp-json\/wp\/v2\/pages\/42471"}],"wp:attachment":[{"href":"https:\/\/products.act.com\/fr\/wp-json\/wp\/v2\/media?parent=42473"}],"wp:term":[{"taxonomy":"category","embeddable":true,"href":"https:\/\/products.act.com\/fr\/wp-json\/wp\/v2\/categories?post=42473"},{"taxonomy":"post_tag","embeddable":true,"href":"https:\/\/products.act.com\/fr\/wp-json\/wp\/v2\/tags?post=42473"},{"taxonomy":"folder","embeddable":true,"href":"https:\/\/products.act.com\/fr\/wp-json\/wp\/v2\/folder?post=42473"}],"curies":[{"name":"wp","href":"https:\/\/api.w.org\/{rel}","templated":true}]}}