{"id":42223,"date":"2021-12-13T06:48:13","date_gmt":"2021-12-13T06:48:13","guid":{"rendered":"https:\/\/act.com\/obsolescence\/"},"modified":"2023-10-25T12:03:22","modified_gmt":"2023-10-25T19:03:22","slug":"obsolescence","status":"publish","type":"page","link":"https:\/\/products.act.com\/fr\/ressources\/obsolescence\/","title":{"rendered":"Tarification pr\u00e8f\u00e8rentielle et politique d&#8217;obsolescence Act!"},"content":{"rendered":"\t\t<div data-elementor-type=\"wp-page\" data-elementor-id=\"42223\" class=\"elementor elementor-42223\" data-elementor-post-type=\"page\">\n\t\t\t\t\t\t<section class=\"elementor-section elementor-top-section elementor-element elementor-element-7ca88f1c topSctGlb elementor-section-boxed elementor-section-height-default elementor-section-height-default\" data-id=\"7ca88f1c\" data-element_type=\"section\" data-settings=\"{&quot;background_background&quot;:&quot;gradient&quot;}\">\n\t\t\t\t\t\t\t<div class=\"elementor-background-overlay\"><\/div>\n\t\t\t\t\t\t\t<div class=\"elementor-container elementor-column-gap-default\">\n\t\t\t\t\t<div class=\"elementor-column elementor-col-100 elementor-top-column elementor-element elementor-element-2f506073\" data-id=\"2f506073\" data-element_type=\"column\" data-settings=\"{&quot;background_background&quot;:&quot;classic&quot;}\">\n\t\t\t<div class=\"elementor-widget-wrap elementor-element-populated\">\n\t\t\t\t\t\t<div class=\"elementor-element elementor-element-61b7646d elementor-widget elementor-widget-heading\" data-id=\"61b7646d\" data-element_type=\"widget\" data-widget_type=\"heading.default\">\n\t\t\t\t<div class=\"elementor-widget-container\">\n\t\t\t<style>\/*! elementor - v3.20.0 - 26-03-2024 *\/\n.elementor-heading-title{padding:0;margin:0;line-height:1}.elementor-widget-heading .elementor-heading-title[class*=elementor-size-]>a{color:inherit;font-size:inherit;line-height:inherit}.elementor-widget-heading .elementor-heading-title.elementor-size-small{font-size:15px}.elementor-widget-heading .elementor-heading-title.elementor-size-medium{font-size:19px}.elementor-widget-heading .elementor-heading-title.elementor-size-large{font-size:29px}.elementor-widget-heading .elementor-heading-title.elementor-size-xl{font-size:39px}.elementor-widget-heading .elementor-heading-title.elementor-size-xxl{font-size:59px}<\/style><h1 class=\"elementor-heading-title elementor-size-default\">Politiques d\u2019obsolescence<\/h1>\t\t<\/div>\n\t\t\t\t<\/div>\n\t\t\t\t\t<\/div>\n\t\t<\/div>\n\t\t\t\t\t<\/div>\n\t\t<\/section>\n\t\t\t\t<section class=\"elementor-section elementor-top-section elementor-element elementor-element-5f16a22 elementor-section-boxed elementor-section-height-default elementor-section-height-default\" data-id=\"5f16a22\" data-element_type=\"section\">\n\t\t\t\t\t\t<div class=\"elementor-container elementor-column-gap-default\">\n\t\t\t\t\t<div class=\"elementor-column elementor-col-100 elementor-top-column elementor-element elementor-element-522f0f5\" data-id=\"522f0f5\" data-element_type=\"column\">\n\t\t\t<div class=\"elementor-widget-wrap elementor-element-populated\">\n\t\t\t\t\t\t<div class=\"elementor-element elementor-element-eaddffc elementor-widget elementor-widget-text-editor\" data-id=\"eaddffc\" data-element_type=\"widget\" data-widget_type=\"text-editor.default\">\n\t\t\t\t<div class=\"elementor-widget-container\">\n\t\t\t<style>\/*! elementor - v3.20.0 - 26-03-2024 *\/\n.elementor-widget-text-editor.elementor-drop-cap-view-stacked .elementor-drop-cap{background-color:#69727d;color:#fff}.elementor-widget-text-editor.elementor-drop-cap-view-framed .elementor-drop-cap{color:#69727d;border:3px solid;background-color:transparent}.elementor-widget-text-editor:not(.elementor-drop-cap-view-default) .elementor-drop-cap{margin-top:8px}.elementor-widget-text-editor:not(.elementor-drop-cap-view-default) .elementor-drop-cap-letter{width:1em;height:1em}.elementor-widget-text-editor .elementor-drop-cap{float:left;text-align:center;line-height:1;font-size:50px}.elementor-widget-text-editor .elementor-drop-cap-letter{display:inline-block}<\/style>\t\t\t\t<p>Les politiques suivantes s\u2019appliquent uniquement \u00e0 la France et Belgique. Pour consulter les politiques des autres r\u00e9gions, suivre les liens ci-apr\u00e8s :<\/p><ul><li><a href=\"\/en-gb\/resources\/obsolescence-policy\" target=\"_blank\" rel=\"noopener\">GB, Irlande, Afrique du Sud et autres r\u00e9gions<\/a><\/li><li><a href=\"\/de\/hilfsmittel\/obsoleszenz-regelungen\/\" target=\"_blank\" rel=\"noopener\">Allemagne, Autriche et Suisse<\/a><\/li><li><a href=\"\/resources\/obsolescence-policy\/\" target=\"_blank\" rel=\"noopener\">Am\u00e9rique du Nord, Am\u00e9rique du Sud, Australie et Nouvelle Z\u00e9lande<\/a><\/li><\/ul>\t\t\t\t\t\t<\/div>\n\t\t\t\t<\/div>\n\t\t\t\t<div class=\"elementor-element elementor-element-c36e079 elementor-widget elementor-widget-heading\" data-id=\"c36e079\" data-element_type=\"widget\" data-widget_type=\"heading.default\">\n\t\t\t\t<div class=\"elementor-widget-container\">\n\t\t\t<h2 class=\"elementor-heading-title elementor-size-default\">Politique d'obsolescence pour le service d'assistance<\/h2>\t\t<\/div>\n\t\t\t\t<\/div>\n\t\t\t\t<div class=\"elementor-element elementor-element-abf22d7 elementor-widget elementor-widget-text-editor\" data-id=\"abf22d7\" data-element_type=\"widget\" data-widget_type=\"text-editor.default\">\n\t\t\t\t<div class=\"elementor-widget-container\">\n\t\t\t\t\t\t\t<p>La politique d&#8217;obsolescence de support d\u2019Act! d\u00e9taille la prise en charge de la version actuelle et des versions r\u00e9centes des produits Act!.<\/p>\n<p>La version actuelle recevra toutes les am\u00e9liorations de fonctionnalit\u00e9s, les service packs, les corrections, les am\u00e9liorations de s\u00e9curit\u00e9 et les mises \u00e0 jour de compatibilit\u00e9, tandis que les autres versions prises en charge recevront ces \u00e9l\u00e9ments principalement pour r\u00e9soudre les probl\u00e8mes pouvant entra\u00eener une perte ou une corruption des donn\u00e9es en raison d&#8217;un d\u00e9faut du produit, \u00e0 l&#8217;exclusion des probl\u00e8mes caus\u00e9s par une tierce partie ou due \u00e0 la n\u00e9gligence de l&#8217;utilisateur.<\/p>\n<p>Les versions non support\u00e9es ne re\u00e7oivent pas de mises \u00e0 jour, ne b\u00e9n\u00e9ficient donc pas des am\u00e9liorations de s\u00e9curit\u00e9 et des mises \u00e0 jour de compatibilit\u00e9, et ne sont pas \u00e9ligibles au support technique.&nbsp;Le support technique comprend l&#8217;installation, l&#8217;enregistrement, l&#8217;activation, la maintenance, la configuration et d&#8217;autres services de support fournis par Act!.<\/p>\n<p>Pour acc\u00e9der au support technique d&#8217;une version support\u00e9e, un abonnement actif est n\u00e9cessaire.<\/p>\t\t\t\t\t\t<\/div>\n\t\t\t\t<\/div>\n\t\t\t\t<div class=\"elementor-element elementor-element-14d6669 elementor-widget elementor-widget-text-editor\" data-id=\"14d6669\" data-element_type=\"widget\" data-widget_type=\"text-editor.default\">\n\t\t\t\t<div class=\"elementor-widget-container\">\n\t\t\t\t\t\t\t<p><strong>Avis important concernant une faille de s\u00e9curit\u00e9 d\u2019Act!. Des mises \u00e0 jour sont disponibles pour les versions prises en charge. <span style=\"text-decoration: underline;\"><a href=\"https:\/\/www.act.com\/fr\/avisimportant\/\">Voir les d\u00e9tails et les instructions<\/a><\/span>.<\/strong><\/p>\t\t\t\t\t\t<\/div>\n\t\t\t\t<\/div>\n\t\t\t\t<div class=\"elementor-element elementor-element-e5c5a90 elementor-widget elementor-widget-html\" data-id=\"e5c5a90\" data-element_type=\"widget\" data-widget_type=\"html.default\">\n\t\t\t\t<div class=\"elementor-widget-container\">\n\t\t\t<table class=\"documentation\">\n    <tbody>\n        <tr>\n            <th>Act! Premium v25, Act! Growth Suite v25<\/th>\n            <td class=\"importantnotice\">Jusqu'au 31\/07\/25<\/td>\n        <\/tr>\n        <tr>\n            <th>Act! Premium v24, Act! Growth Suite v24<\/th>\n            <td class=\"importantnotice\">Jusqu'au 31\/07\/24<\/td>\n        <\/tr>\n        <tr>\n            <th>Act! Premium v23, Act! Growth Suite v23<p>Remarque : les clients d'Act! Premium Cloud (h\u00e9berg\u00e9s par Act!) qui sont sur la version 23 (v23), seront pris en charge jusqu'au 31\/12\/23.<\/p>\n<\/th>\n            <td class=\"importantnotice\">Jusqu'au 31\/07\/23<\/td>\n        <\/tr>\n        <tr>\n            <th>Act! Premium v22, Act! Growth Suite v22<\/th>\n            <td class=\"importantnotice\">Jusqu'au 31\/03\/22<\/td>\n        <\/tr>\n        <tr class=\"even\">\n            <th>Act! Premium v21, Act! Growth Suite v21<\/th>\n            <td>Jusqu'au 30\/11\/21<\/td>\n        <\/tr>\n        <tr class=\"even\">\n            <th>Act! Pro v21, &amp; Act! Pro v22<\/th>\n            <td>Jusqu'au 30\/11\/21<\/td>\n        <\/tr>\n        <tr>\n            <th>Produits Act! v20<\/th>\n            <td>Jusqu'au 30\/11\/20<\/td>\n        <\/tr>\n        <tr class=\"even\">\n            <th>Produits Act! v19<\/th>\n            <td>Jusqu'au 30\/11\/19<\/td>\n        <\/tr>\n        <tr>\n            <th>Produits Act! v18<\/th>\n            <td>Jusqu'au 30\/11\/18<\/td>\n        <\/tr>\n        <tr class=\"even\">\n            <th>Produits Act! v17<\/th>\n            <td>Jusqu'au 30\/11\/17<\/td>\n        <\/tr>\n        <tr>\n            <th>Produits Act! v16<\/th>\n            <td>Jusqu'au 31\/03\/17<\/td>\n        <\/tr>\n        <tr class=\"even\">\n            <th>Produits Sage ACT! 2013 (15.x)<\/th>\n            <td>Jusqu'au 30\/11\/16 <\/td>\n        <\/tr>\n        <tr>\n            <th>Produits Sage ACT! 2012 (14.x)<\/th>\n            <td>Jusqu'au 31\/07\/16<\/td>\n        <\/tr>\n        <tr class=\"even\">\n            <th>Produits Sage ACT! 2011 (13.x)<\/th>\n            <td>Jusqu'au 30\/09\/15 <\/td>\n        <\/tr>\n        <tr>\n            <th>Produits ACT! par Sage 2010 (12.x)<\/th>\n            <td>Jusqu'au 31\/01\/15 <\/td>\n        <\/tr>\n        <tr class=\"even\">\n            <th>Produits ACT! par Sage 2009 (11.x)<\/th>\n            <td>Jusqu'au 31\/01\/14 <\/td>\n        <\/tr>\n        <tr>\n            <th>Produits ACT! par Sage 2008 (10.x)<\/th>\n            <td>Jusqu'au 31\/01\/14<\/td>\n        <\/tr>\n        <tr class=\"even\">\n            <th>Produits ACT! par Sage 2007 (9.x)<\/th>\n            <td>Jusqu'au 31\/01\/13<\/td>\n        <\/tr>\n        <tr>\n            <th>Produits ACT! 2006 (8.x)<\/th>\n            <td>Jusqu'au 31\/08\/10<\/td>\n        <\/tr>\n        <tr class=\"even\">\n            <th>Produits ACT! 2005 (7.x)<\/th>\n            <td>Jusqu'au 31\/08\/10<\/td>\n        <\/tr>\n        <tr>\n            <th>Produits ACT! v6<\/th>\n            <td>Jusqu'au 30\/09\/08<\/td>\n        <\/tr>\n    <\/tbody>\n<\/table>\t\t<\/div>\n\t\t\t\t<\/div>\n\t\t\t\t\t<\/div>\n\t\t<\/div>\n\t\t\t\t\t<\/div>\n\t\t<\/section>\n\t\t\t\t<section class=\"elementor-section elementor-top-section elementor-element elementor-element-9b9ba4b elementor-section-boxed elementor-section-height-default elementor-section-height-default\" data-id=\"9b9ba4b\" data-element_type=\"section\" data-settings=\"{&quot;background_background&quot;:&quot;classic&quot;}\">\n\t\t\t\t\t\t<div class=\"elementor-container elementor-column-gap-default\">\n\t\t\t\t\t<div class=\"elementor-column elementor-col-100 elementor-top-column elementor-element elementor-element-3032718\" data-id=\"3032718\" data-element_type=\"column\">\n\t\t\t<div class=\"elementor-widget-wrap elementor-element-populated\">\n\t\t\t\t\t\t<div class=\"elementor-element elementor-element-526031f elementor-widget elementor-widget-heading\" data-id=\"526031f\" data-element_type=\"widget\" data-widget_type=\"heading.default\">\n\t\t\t\t<div class=\"elementor-widget-container\">\n\t\t\t<h2 class=\"elementor-heading-title elementor-size-default\">R\u00e9sultats optimaux. Investissement minimal.<\/h2>\t\t<\/div>\n\t\t\t\t<\/div>\n\t\t\t\t<div class=\"elementor-element elementor-element-ca9e7d5 elementor-widget elementor-widget-heading\" data-id=\"ca9e7d5\" data-element_type=\"widget\" data-widget_type=\"heading.default\">\n\t\t\t\t<div class=\"elementor-widget-container\">\n\t\t\t<h3 class=\"elementor-heading-title elementor-size-default\">Pr\u00eat \u00e0 passer \u00e0 l'action ?<\/h3>\t\t<\/div>\n\t\t\t\t<\/div>\n\t\t\t\t<div class=\"elementor-element elementor-element-4d3dc9a elementor-align-center elementor-widget__width-auto elementor-widget elementor-widget-button\" data-id=\"4d3dc9a\" data-element_type=\"widget\" data-widget_type=\"button.default\">\n\t\t\t\t<div class=\"elementor-widget-container\">\n\t\t\t\t\t<div class=\"elementor-button-wrapper\">\n\t\t\t<a class=\"elementor-button elementor-button-link elementor-size-md\" href=\"https:\/\/www.act.com\/fr\/essai\/act\/\" target=\"_blank\">\n\t\t\t\t\t\t<span class=\"elementor-button-content-wrapper\">\n\t\t\t\t\t\t<span class=\"elementor-button-text\">Essayez Act!<\/span>\n\t\t<\/span>\n\t\t\t\t\t<\/a>\n\t\t<\/div>\n\t\t\t\t<\/div>\n\t\t\t\t<\/div>\n\t\t\t\t\t<\/div>\n\t\t<\/div>\n\t\t\t\t\t<\/div>\n\t\t<\/section>\n\t\t\t\t<\/div>\n\t\t","protected":false},"excerpt":{"rendered":"<p>Politiques d\u2019obsolescence Les politiques suivantes s\u2019appliquent uniquement \u00e0 la France et Belgique. Pour consulter les politiques des autres r\u00e9gions, suivre les liens ci-apr\u00e8s : GB, Irlande, Afrique du Sud et autres r\u00e9gions Allemagne, Autriche et Suisse Am\u00e9rique du Nord, Am\u00e9rique du Sud, Australie et Nouvelle Z\u00e9lande Politique d&#8217;obsolescence pour le service d&#8217;assistance La politique d&#8217;obsolescence [&hellip;]<\/p>\n","protected":false},"author":4,"featured_media":0,"parent":41333,"menu_order":0,"comment_status":"closed","ping_status":"closed","template":"elementor_header_footer","meta":{"_acf_changed":false,"content-type":"","inline_featured_image":false,"footnotes":""},"categories":[],"tags":[],"folder":[],"acf":[],"yoast_head":"<!-- This site is optimized with the Yoast SEO Premium plugin v22.2 (Yoast SEO v22.4) - https:\/\/yoast.com\/wordpress\/plugins\/seo\/ -->\n<title>Tarification pr\u00e9f\u00e9rentielle et politique d&#039;obsolescence Act!<\/title>\n<meta name=\"description\" content=\"Chaque produit a un cycle de vie. Consultez les versions support\u00e9es du logiciel Act! et leur dates de fin de commercialisation.\" \/>\n<meta name=\"robots\" content=\"noindex, follow, max-snippet:-1, max-image-preview:large, max-video-preview:-1\" \/>\n<meta property=\"og:locale\" content=\"fr_FR\" \/>\n<meta property=\"og:type\" content=\"article\" \/>\n<meta property=\"og:title\" content=\"Tarification pr\u00e8f\u00e8rentielle et politique d&#039;obsolescence Act!\" \/>\n<meta property=\"og:description\" content=\"Chaque produit a un cycle de vie. Consultez les versions support\u00e9es du logiciel Act! et leur dates de fin de commercialisation.\" \/>\n<meta property=\"og:url\" content=\"https:\/\/products.act.com\/fr\/ressources\/obsolescence\/\" \/>\n<meta property=\"og:site_name\" content=\"Act!\" \/>\n<meta property=\"article:modified_time\" content=\"2023-10-25T19:03:22+00:00\" \/>\n<meta name=\"twitter:card\" content=\"summary_large_image\" \/>\n<meta name=\"twitter:label1\" content=\"Est. reading time\" \/>\n\t<meta name=\"twitter:data1\" content=\"3 minutes\" \/>\n<script type=\"application\/ld+json\" class=\"yoast-schema-graph\">{\"@context\":\"https:\/\/schema.org\",\"@graph\":[{\"@type\":\"WebPage\",\"@id\":\"https:\/\/products.act.com\/fr\/ressources\/obsolescence\/\",\"url\":\"https:\/\/products.act.com\/fr\/ressources\/obsolescence\/\",\"name\":\"Tarification pr\u00e9f\u00e9rentielle et politique d'obsolescence Act!\",\"isPartOf\":{\"@id\":\"https:\/\/products.act.com\/fr\/#website\"},\"datePublished\":\"2021-12-13T06:48:13+00:00\",\"dateModified\":\"2023-10-25T19:03:22+00:00\",\"description\":\"Chaque produit a un cycle de vie. Consultez les versions support\u00e9es du logiciel Act! et leur dates de fin de commercialisation.\",\"breadcrumb\":{\"@id\":\"https:\/\/products.act.com\/fr\/ressources\/obsolescence\/#breadcrumb\"},\"inLanguage\":\"fr-FR\",\"potentialAction\":[{\"@type\":\"ReadAction\",\"target\":[\"https:\/\/products.act.com\/fr\/ressources\/obsolescence\/\"]}]},{\"@type\":\"BreadcrumbList\",\"@id\":\"https:\/\/products.act.com\/fr\/ressources\/obsolescence\/#breadcrumb\",\"itemListElement\":[{\"@type\":\"ListItem\",\"position\":1,\"name\":\"Home\",\"item\":\"https:\/\/products.act.com\/fr\/\"},{\"@type\":\"ListItem\",\"position\":2,\"name\":\"Ressources client et Support Act! | Act! CRM\",\"item\":\"http:\/\/products.act.com\/fr\/resources\/\"},{\"@type\":\"ListItem\",\"position\":3,\"name\":\"Tarification pr\u00e8f\u00e8rentielle et politique d&#8217;obsolescence Act!\"}]},{\"@type\":\"WebSite\",\"@id\":\"https:\/\/products.act.com\/fr\/#website\",\"url\":\"https:\/\/products.act.com\/fr\/\",\"name\":\"Act!\",\"description\":\"CRM &amp; Marketing Automation in One\",\"publisher\":{\"@id\":\"https:\/\/products.act.com\/fr\/#organization\"},\"potentialAction\":[{\"@type\":\"SearchAction\",\"target\":{\"@type\":\"EntryPoint\",\"urlTemplate\":\"https:\/\/products.act.com\/fr\/?s={search_term_string}\"},\"query-input\":\"required name=search_term_string\"}],\"inLanguage\":\"fr-FR\"},{\"@type\":\"Organization\",\"@id\":\"https:\/\/products.act.com\/fr\/#organization\",\"name\":\"Act!\",\"url\":\"https:\/\/products.act.com\/fr\/\",\"logo\":{\"@type\":\"ImageObject\",\"inLanguage\":\"fr-FR\",\"@id\":\"https:\/\/products.act.com\/fr\/#\/schema\/logo\/image\/\",\"url\":\"https:\/\/products.act.com\/wp-content\/uploads\/2021\/07\/logo_fe5000.png\",\"contentUrl\":\"https:\/\/products.act.com\/wp-content\/uploads\/2021\/07\/logo_fe5000.png\",\"width\":120,\"height\":120,\"caption\":\"Act!\"},\"image\":{\"@id\":\"https:\/\/products.act.com\/fr\/#\/schema\/logo\/image\/\"}}]}<\/script>\n<!-- \/ Yoast SEO Premium plugin. -->","yoast_head_json":{"title":"Tarification pr\u00e9f\u00e9rentielle et politique d'obsolescence Act!","description":"Chaque produit a un cycle de vie. Consultez les versions support\u00e9es du logiciel Act! et leur dates de fin de commercialisation.","robots":{"index":"noindex","follow":"follow","max-snippet":"max-snippet:-1","max-image-preview":"max-image-preview:large","max-video-preview":"max-video-preview:-1"},"og_locale":"fr_FR","og_type":"article","og_title":"Tarification pr\u00e8f\u00e8rentielle et politique d'obsolescence Act!","og_description":"Chaque produit a un cycle de vie. Consultez les versions support\u00e9es du logiciel Act! et leur dates de fin de commercialisation.","og_url":"https:\/\/products.act.com\/fr\/ressources\/obsolescence\/","og_site_name":"Act!","article_modified_time":"2023-10-25T19:03:22+00:00","twitter_card":"summary_large_image","twitter_misc":{"Est. reading time":"3 minutes"},"schema":{"@context":"https:\/\/schema.org","@graph":[{"@type":"WebPage","@id":"https:\/\/products.act.com\/fr\/ressources\/obsolescence\/","url":"https:\/\/products.act.com\/fr\/ressources\/obsolescence\/","name":"Tarification pr\u00e9f\u00e9rentielle et politique d'obsolescence Act!","isPartOf":{"@id":"https:\/\/products.act.com\/fr\/#website"},"datePublished":"2021-12-13T06:48:13+00:00","dateModified":"2023-10-25T19:03:22+00:00","description":"Chaque produit a un cycle de vie. Consultez les versions support\u00e9es du logiciel Act! et leur dates de fin de commercialisation.","breadcrumb":{"@id":"https:\/\/products.act.com\/fr\/ressources\/obsolescence\/#breadcrumb"},"inLanguage":"fr-FR","potentialAction":[{"@type":"ReadAction","target":["https:\/\/products.act.com\/fr\/ressources\/obsolescence\/"]}]},{"@type":"BreadcrumbList","@id":"https:\/\/products.act.com\/fr\/ressources\/obsolescence\/#breadcrumb","itemListElement":[{"@type":"ListItem","position":1,"name":"Home","item":"https:\/\/products.act.com\/fr\/"},{"@type":"ListItem","position":2,"name":"Ressources client et Support Act! | Act! CRM","item":"http:\/\/products.act.com\/fr\/resources\/"},{"@type":"ListItem","position":3,"name":"Tarification pr\u00e8f\u00e8rentielle et politique d&#8217;obsolescence Act!"}]},{"@type":"WebSite","@id":"https:\/\/products.act.com\/fr\/#website","url":"https:\/\/products.act.com\/fr\/","name":"Act!","description":"CRM &amp; Marketing Automation in One","publisher":{"@id":"https:\/\/products.act.com\/fr\/#organization"},"potentialAction":[{"@type":"SearchAction","target":{"@type":"EntryPoint","urlTemplate":"https:\/\/products.act.com\/fr\/?s={search_term_string}"},"query-input":"required name=search_term_string"}],"inLanguage":"fr-FR"},{"@type":"Organization","@id":"https:\/\/products.act.com\/fr\/#organization","name":"Act!","url":"https:\/\/products.act.com\/fr\/","logo":{"@type":"ImageObject","inLanguage":"fr-FR","@id":"https:\/\/products.act.com\/fr\/#\/schema\/logo\/image\/","url":"https:\/\/products.act.com\/wp-content\/uploads\/2021\/07\/logo_fe5000.png","contentUrl":"https:\/\/products.act.com\/wp-content\/uploads\/2021\/07\/logo_fe5000.png","width":120,"height":120,"caption":"Act!"},"image":{"@id":"https:\/\/products.act.com\/fr\/#\/schema\/logo\/image\/"}}]}},"_links":{"self":[{"href":"https:\/\/products.act.com\/fr\/wp-json\/wp\/v2\/pages\/42223"}],"collection":[{"href":"https:\/\/products.act.com\/fr\/wp-json\/wp\/v2\/pages"}],"about":[{"href":"https:\/\/products.act.com\/fr\/wp-json\/wp\/v2\/types\/page"}],"author":[{"embeddable":true,"href":"https:\/\/products.act.com\/fr\/wp-json\/wp\/v2\/users\/4"}],"replies":[{"embeddable":true,"href":"https:\/\/products.act.com\/fr\/wp-json\/wp\/v2\/comments?post=42223"}],"version-history":[{"count":0,"href":"https:\/\/products.act.com\/fr\/wp-json\/wp\/v2\/pages\/42223\/revisions"}],"up":[{"embeddable":true,"href":"https:\/\/products.act.com\/fr\/wp-json\/wp\/v2\/pages\/41333"}],"wp:attachment":[{"href":"https:\/\/products.act.com\/fr\/wp-json\/wp\/v2\/media?parent=42223"}],"wp:term":[{"taxonomy":"category","embeddable":true,"href":"https:\/\/products.act.com\/fr\/wp-json\/wp\/v2\/categories?post=42223"},{"taxonomy":"post_tag","embeddable":true,"href":"https:\/\/products.act.com\/fr\/wp-json\/wp\/v2\/tags?post=42223"},{"taxonomy":"folder","embeddable":true,"href":"https:\/\/products.act.com\/fr\/wp-json\/wp\/v2\/folder?post=42223"}],"curies":[{"name":"wp","href":"https:\/\/api.w.org\/{rel}","templated":true}]}}