{"id":42218,"date":"2021-12-24T09:53:03","date_gmt":"2021-12-24T09:53:03","guid":{"rendered":"https:\/\/act.com\/?page_id=42218"},"modified":"2023-01-25T09:22:54","modified_gmt":"2023-01-25T16:22:54","slug":"mise-en-route-act-emarketing","status":"publish","type":"page","link":"https:\/\/products.act.com\/fr\/ressources\/mise-en-route-act-emarketing\/","title":{"rendered":"Mise en route Act! emarketing"},"content":{"rendered":"\t\t<div data-elementor-type=\"wp-page\" data-elementor-id=\"42218\" class=\"elementor elementor-42218\" data-elementor-post-type=\"page\">\n\t\t\t\t\t\t<section class=\"elementor-section elementor-top-section elementor-element elementor-element-7e3ac6d9 topSctGlb elementor-section-boxed elementor-section-height-default elementor-section-height-default\" data-id=\"7e3ac6d9\" data-element_type=\"section\" data-settings=\"{&quot;background_background&quot;:&quot;gradient&quot;}\">\n\t\t\t\t\t\t\t<div class=\"elementor-background-overlay\"><\/div>\n\t\t\t\t\t\t\t<div class=\"elementor-container elementor-column-gap-default\">\n\t\t\t\t\t<div class=\"elementor-column elementor-col-100 elementor-top-column elementor-element elementor-element-68c0adb0\" data-id=\"68c0adb0\" data-element_type=\"column\" data-settings=\"{&quot;background_background&quot;:&quot;classic&quot;}\">\n\t\t\t<div class=\"elementor-widget-wrap elementor-element-populated\">\n\t\t\t\t\t\t<div class=\"elementor-element elementor-element-6411075e elementor-widget elementor-widget-heading\" data-id=\"6411075e\" data-element_type=\"widget\" data-widget_type=\"heading.default\">\n\t\t\t\t<div class=\"elementor-widget-container\">\n\t\t\t<style>\/*! elementor - v3.20.0 - 26-03-2024 *\/\n.elementor-heading-title{padding:0;margin:0;line-height:1}.elementor-widget-heading .elementor-heading-title[class*=elementor-size-]>a{color:inherit;font-size:inherit;line-height:inherit}.elementor-widget-heading .elementor-heading-title.elementor-size-small{font-size:15px}.elementor-widget-heading .elementor-heading-title.elementor-size-medium{font-size:19px}.elementor-widget-heading .elementor-heading-title.elementor-size-large{font-size:29px}.elementor-widget-heading .elementor-heading-title.elementor-size-xl{font-size:39px}.elementor-widget-heading .elementor-heading-title.elementor-size-xxl{font-size:59px}<\/style><h1 class=\"elementor-heading-title elementor-size-default\">Mise en route Act! emarketing<\/h1>\t\t<\/div>\n\t\t\t\t<\/div>\n\t\t\t\t\t<\/div>\n\t\t<\/div>\n\t\t\t\t\t<\/div>\n\t\t<\/section>\n\t\t\t\t<section class=\"elementor-section elementor-top-section elementor-element elementor-element-0cbaeac elementor-section-boxed elementor-section-height-default elementor-section-height-default\" data-id=\"0cbaeac\" data-element_type=\"section\">\n\t\t\t\t\t\t<div class=\"elementor-container elementor-column-gap-default\">\n\t\t\t\t\t<div class=\"elementor-column elementor-col-100 elementor-top-column elementor-element elementor-element-4972c76\" data-id=\"4972c76\" data-element_type=\"column\">\n\t\t\t<div class=\"elementor-widget-wrap elementor-element-populated\">\n\t\t\t\t\t\t<section class=\"elementor-section elementor-inner-section elementor-element elementor-element-e4ecb45 elementor-section-boxed elementor-section-height-default elementor-section-height-default\" data-id=\"e4ecb45\" data-element_type=\"section\">\n\t\t\t\t\t\t<div class=\"elementor-container elementor-column-gap-default\">\n\t\t\t\t\t<div class=\"elementor-column elementor-col-33 elementor-inner-column elementor-element elementor-element-be6268b\" data-id=\"be6268b\" data-element_type=\"column\">\n\t\t\t<div class=\"elementor-widget-wrap\">\n\t\t\t\t\t\t\t<\/div>\n\t\t<\/div>\n\t\t\t\t<div class=\"elementor-column elementor-col-33 elementor-inner-column elementor-element elementor-element-623a74c\" data-id=\"623a74c\" data-element_type=\"column\">\n\t\t\t<div class=\"elementor-widget-wrap elementor-element-populated\">\n\t\t\t\t\t\t<div class=\"elementor-element elementor-element-aedafd8 elementor-widget elementor-widget-heading\" data-id=\"aedafd8\" data-element_type=\"widget\" data-widget_type=\"heading.default\">\n\t\t\t\t<div class=\"elementor-widget-container\">\n\t\t\t<h2 class=\"elementor-heading-title elementor-size-default\">Qu\u2019est-ce qu\u2019Act! emarketing ?<\/h2>\t\t<\/div>\n\t\t\t\t<\/div>\n\t\t\t\t<div class=\"elementor-element elementor-element-fa900b4 elementor-widget elementor-widget-text-editor\" data-id=\"fa900b4\" data-element_type=\"widget\" data-widget_type=\"text-editor.default\">\n\t\t\t\t<div class=\"elementor-widget-container\">\n\t\t\t<style>\/*! elementor - v3.20.0 - 26-03-2024 *\/\n.elementor-widget-text-editor.elementor-drop-cap-view-stacked .elementor-drop-cap{background-color:#69727d;color:#fff}.elementor-widget-text-editor.elementor-drop-cap-view-framed .elementor-drop-cap{color:#69727d;border:3px solid;background-color:transparent}.elementor-widget-text-editor:not(.elementor-drop-cap-view-default) .elementor-drop-cap{margin-top:8px}.elementor-widget-text-editor:not(.elementor-drop-cap-view-default) .elementor-drop-cap-letter{width:1em;height:1em}.elementor-widget-text-editor .elementor-drop-cap{float:left;text-align:center;line-height:1;font-size:50px}.elementor-widget-text-editor .elementor-drop-cap-letter{display:inline-block}<\/style>\t\t\t\t<p>L\u2019email marketing reste la solution la plus \u00e9conomique d\u2019optimiser la croissance. Avec Act! emarketing, il est facile de cr\u00e9er, d\u2019envoyer et d\u2019analyser des campagnes professionnelles et optimis\u00e9es pour mobile dans Act! pour attirer de nouveaux prospects, augmenter votre visibilit\u00e9 et fid\u00e9liser vos clients.<\/p><p>Comme Act! emarketing est directement int\u00e9gr\u00e9 \u00e0 Act!, vous pouvez rapidement acc\u00e9der \u00e0 vos contacts et groupes pour d\u00e9velopper des listes cibl\u00e9es, afficher les r\u00e9sultats de campagne class\u00e9s par niveau d\u2019interaction et programmer des activit\u00e9s de suivi, puis retrouver les leads directement dans Act!&#8230;\u00a0<a href=\"\/fr\/produits\/act-emarketing\/\">D\u00e9couvrez comment Act! emarketing peut vous aider \u00e0 optimiser votre croissance<\/a>.<\/p>\t\t\t\t\t\t<\/div>\n\t\t\t\t<\/div>\n\t\t\t\t<div class=\"elementor-element elementor-element-73ac859 elementor-widget elementor-widget-heading\" data-id=\"73ac859\" data-element_type=\"widget\" data-widget_type=\"heading.default\">\n\t\t\t\t<div class=\"elementor-widget-container\">\n\t\t\t<h2 class=\"elementor-heading-title elementor-size-default\">Qu\u2019est-ce qu\u2019Act! emarketing ?<\/h2>\t\t<\/div>\n\t\t\t\t<\/div>\n\t\t\t\t<div class=\"elementor-element elementor-element-e3eadf4 elementor-widget elementor-widget-text-editor\" data-id=\"e3eadf4\" data-element_type=\"widget\" data-widget_type=\"text-editor.default\">\n\t\t\t\t<div class=\"elementor-widget-container\">\n\t\t\t\t\t\t\t<p>Suivez les \u00e9tapes suivantes pour vous connecter \u00e0 Act! emarketing et envoyer votre premier emailing :<br \/><strong><br \/>Vous utilisez une version d\u2019essai ?<\/strong>\u00a0Remplissez ce\u00a0<a href=\"https:\/\/www.act.com\/fr\/act-emarketing-login\/\">petit formulaire<\/a>\u00a0pour demander \u00e0 un sp\u00e9cialiste de configurer votre compte Act! emarketing.<\/p><p><strong>Vous \u00eates client Act! ?\u00a0\u00a0<\/strong>Si vous avez achet\u00e9 Act!, un compte Act! emarketing a automatiquement \u00e9t\u00e9 cr\u00e9\u00e9 pour vous. Pour vous connecter, vous devrez d\u2019abord r\u00e9initialiser votre mot de passe sur cette page :\u00a0https:\/\/login.spsend.com\/aem\/fr\/resetpassword\u00a0NB : Utilisez l\u2019adresse email associ\u00e9e \u00e0 votre compte Act! pour r\u00e9initialiser votre mot de passe.<\/p><div><div><div id=\"_com_1\">\u00a0<\/div><\/div><\/div><p><strong>En cas de probl\u00e8me,\u00a0<\/strong>envoyez un email \u00e0\u00a0<a href=\"mailto:support-france@swiftpage.com\">support-france@swiftpage.com<\/a>\u00a0et un repr\u00e9sentant Act! vous contactera.<\/p>\t\t\t\t\t\t<\/div>\n\t\t\t\t<\/div>\n\t\t\t\t\t<\/div>\n\t\t<\/div>\n\t\t\t\t<div class=\"elementor-column elementor-col-33 elementor-inner-column elementor-element elementor-element-6396a27\" data-id=\"6396a27\" data-element_type=\"column\">\n\t\t\t<div class=\"elementor-widget-wrap\">\n\t\t\t\t\t\t\t<\/div>\n\t\t<\/div>\n\t\t\t\t\t<\/div>\n\t\t<\/section>\n\t\t\t\t\t<\/div>\n\t\t<\/div>\n\t\t\t\t\t<\/div>\n\t\t<\/section>\n\t\t\t\t<\/div>\n\t\t","protected":false},"excerpt":{"rendered":"<p>Mise en route Act! emarketing Qu\u2019est-ce qu\u2019Act! emarketing ? L\u2019email marketing reste la solution la plus \u00e9conomique d\u2019optimiser la croissance. Avec Act! emarketing, il est facile de cr\u00e9er, d\u2019envoyer et d\u2019analyser des campagnes professionnelles et optimis\u00e9es pour mobile dans Act! pour attirer de nouveaux prospects, augmenter votre visibilit\u00e9 et fid\u00e9liser vos clients. Comme Act! emarketing [&hellip;]<\/p>\n","protected":false},"author":4,"featured_media":0,"parent":41333,"menu_order":0,"comment_status":"closed","ping_status":"closed","template":"","meta":{"_acf_changed":false,"content-type":"","inline_featured_image":false,"footnotes":""},"categories":[],"tags":[],"folder":[],"acf":[],"yoast_head":"<!-- This site is optimized with the Yoast SEO Premium plugin v22.2 (Yoast SEO v22.4) - https:\/\/yoast.com\/wordpress\/plugins\/seo\/ -->\n<title>Mise en route Act! emarketing<\/title>\n<meta name=\"description\" content=\"Avec Act! emarketing, il est facile de cr\u00e9er, d\u2019envoyer et d\u2019analyser des campagnes professionnelles. Ne perdez plus de temps !\" \/>\n<meta name=\"robots\" content=\"noindex, follow, max-snippet:-1, max-image-preview:large, max-video-preview:-1\" \/>\n<meta property=\"og:locale\" content=\"fr_FR\" \/>\n<meta property=\"og:type\" content=\"article\" \/>\n<meta property=\"og:title\" content=\"Mise en route Act! emarketing\" \/>\n<meta property=\"og:description\" content=\"Avec Act! emarketing, il est facile de cr\u00e9er, d\u2019envoyer et d\u2019analyser des campagnes professionnelles. Ne perdez plus de temps !\" \/>\n<meta property=\"og:url\" content=\"https:\/\/products.act.com\/fr\/ressources\/mise-en-route-act-emarketing\/\" \/>\n<meta property=\"og:site_name\" content=\"Act!\" \/>\n<meta property=\"article:modified_time\" content=\"2023-01-25T16:22:54+00:00\" \/>\n<meta name=\"twitter:card\" content=\"summary_large_image\" \/>\n<meta name=\"twitter:label1\" content=\"Est. reading time\" \/>\n\t<meta name=\"twitter:data1\" content=\"2 minutes\" \/>\n<script type=\"application\/ld+json\" class=\"yoast-schema-graph\">{\"@context\":\"https:\/\/schema.org\",\"@graph\":[{\"@type\":\"WebPage\",\"@id\":\"https:\/\/products.act.com\/fr\/ressources\/mise-en-route-act-emarketing\/\",\"url\":\"https:\/\/products.act.com\/fr\/ressources\/mise-en-route-act-emarketing\/\",\"name\":\"Mise en route Act! emarketing\",\"isPartOf\":{\"@id\":\"https:\/\/products.act.com\/fr\/#website\"},\"datePublished\":\"2021-12-24T09:53:03+00:00\",\"dateModified\":\"2023-01-25T16:22:54+00:00\",\"description\":\"Avec Act! emarketing, il est facile de cr\u00e9er, d\u2019envoyer et d\u2019analyser des campagnes professionnelles. Ne perdez plus de temps !\",\"breadcrumb\":{\"@id\":\"https:\/\/products.act.com\/fr\/ressources\/mise-en-route-act-emarketing\/#breadcrumb\"},\"inLanguage\":\"fr-FR\",\"potentialAction\":[{\"@type\":\"ReadAction\",\"target\":[\"https:\/\/products.act.com\/fr\/ressources\/mise-en-route-act-emarketing\/\"]}]},{\"@type\":\"BreadcrumbList\",\"@id\":\"https:\/\/products.act.com\/fr\/ressources\/mise-en-route-act-emarketing\/#breadcrumb\",\"itemListElement\":[{\"@type\":\"ListItem\",\"position\":1,\"name\":\"Home\",\"item\":\"https:\/\/products.act.com\/fr\/\"},{\"@type\":\"ListItem\",\"position\":2,\"name\":\"Ressources client et Support Act! | Act! CRM\",\"item\":\"http:\/\/products.act.com\/fr\/resources\/\"},{\"@type\":\"ListItem\",\"position\":3,\"name\":\"Mise en route Act! emarketing\"}]},{\"@type\":\"WebSite\",\"@id\":\"https:\/\/products.act.com\/fr\/#website\",\"url\":\"https:\/\/products.act.com\/fr\/\",\"name\":\"Act!\",\"description\":\"CRM &amp; Marketing Automation in One\",\"publisher\":{\"@id\":\"https:\/\/products.act.com\/fr\/#organization\"},\"potentialAction\":[{\"@type\":\"SearchAction\",\"target\":{\"@type\":\"EntryPoint\",\"urlTemplate\":\"https:\/\/products.act.com\/fr\/?s={search_term_string}\"},\"query-input\":\"required name=search_term_string\"}],\"inLanguage\":\"fr-FR\"},{\"@type\":\"Organization\",\"@id\":\"https:\/\/products.act.com\/fr\/#organization\",\"name\":\"Act!\",\"url\":\"https:\/\/products.act.com\/fr\/\",\"logo\":{\"@type\":\"ImageObject\",\"inLanguage\":\"fr-FR\",\"@id\":\"https:\/\/products.act.com\/fr\/#\/schema\/logo\/image\/\",\"url\":\"https:\/\/products.act.com\/wp-content\/uploads\/2021\/07\/logo_fe5000.png\",\"contentUrl\":\"https:\/\/products.act.com\/wp-content\/uploads\/2021\/07\/logo_fe5000.png\",\"width\":120,\"height\":120,\"caption\":\"Act!\"},\"image\":{\"@id\":\"https:\/\/products.act.com\/fr\/#\/schema\/logo\/image\/\"}}]}<\/script>\n<!-- \/ Yoast SEO Premium plugin. -->","yoast_head_json":{"title":"Mise en route Act! emarketing","description":"Avec Act! emarketing, il est facile de cr\u00e9er, d\u2019envoyer et d\u2019analyser des campagnes professionnelles. Ne perdez plus de temps !","robots":{"index":"noindex","follow":"follow","max-snippet":"max-snippet:-1","max-image-preview":"max-image-preview:large","max-video-preview":"max-video-preview:-1"},"og_locale":"fr_FR","og_type":"article","og_title":"Mise en route Act! emarketing","og_description":"Avec Act! emarketing, il est facile de cr\u00e9er, d\u2019envoyer et d\u2019analyser des campagnes professionnelles. Ne perdez plus de temps !","og_url":"https:\/\/products.act.com\/fr\/ressources\/mise-en-route-act-emarketing\/","og_site_name":"Act!","article_modified_time":"2023-01-25T16:22:54+00:00","twitter_card":"summary_large_image","twitter_misc":{"Est. reading time":"2 minutes"},"schema":{"@context":"https:\/\/schema.org","@graph":[{"@type":"WebPage","@id":"https:\/\/products.act.com\/fr\/ressources\/mise-en-route-act-emarketing\/","url":"https:\/\/products.act.com\/fr\/ressources\/mise-en-route-act-emarketing\/","name":"Mise en route Act! emarketing","isPartOf":{"@id":"https:\/\/products.act.com\/fr\/#website"},"datePublished":"2021-12-24T09:53:03+00:00","dateModified":"2023-01-25T16:22:54+00:00","description":"Avec Act! emarketing, il est facile de cr\u00e9er, d\u2019envoyer et d\u2019analyser des campagnes professionnelles. Ne perdez plus de temps !","breadcrumb":{"@id":"https:\/\/products.act.com\/fr\/ressources\/mise-en-route-act-emarketing\/#breadcrumb"},"inLanguage":"fr-FR","potentialAction":[{"@type":"ReadAction","target":["https:\/\/products.act.com\/fr\/ressources\/mise-en-route-act-emarketing\/"]}]},{"@type":"BreadcrumbList","@id":"https:\/\/products.act.com\/fr\/ressources\/mise-en-route-act-emarketing\/#breadcrumb","itemListElement":[{"@type":"ListItem","position":1,"name":"Home","item":"https:\/\/products.act.com\/fr\/"},{"@type":"ListItem","position":2,"name":"Ressources client et Support Act! | Act! CRM","item":"http:\/\/products.act.com\/fr\/resources\/"},{"@type":"ListItem","position":3,"name":"Mise en route Act! emarketing"}]},{"@type":"WebSite","@id":"https:\/\/products.act.com\/fr\/#website","url":"https:\/\/products.act.com\/fr\/","name":"Act!","description":"CRM &amp; Marketing Automation in One","publisher":{"@id":"https:\/\/products.act.com\/fr\/#organization"},"potentialAction":[{"@type":"SearchAction","target":{"@type":"EntryPoint","urlTemplate":"https:\/\/products.act.com\/fr\/?s={search_term_string}"},"query-input":"required name=search_term_string"}],"inLanguage":"fr-FR"},{"@type":"Organization","@id":"https:\/\/products.act.com\/fr\/#organization","name":"Act!","url":"https:\/\/products.act.com\/fr\/","logo":{"@type":"ImageObject","inLanguage":"fr-FR","@id":"https:\/\/products.act.com\/fr\/#\/schema\/logo\/image\/","url":"https:\/\/products.act.com\/wp-content\/uploads\/2021\/07\/logo_fe5000.png","contentUrl":"https:\/\/products.act.com\/wp-content\/uploads\/2021\/07\/logo_fe5000.png","width":120,"height":120,"caption":"Act!"},"image":{"@id":"https:\/\/products.act.com\/fr\/#\/schema\/logo\/image\/"}}]}},"_links":{"self":[{"href":"https:\/\/products.act.com\/fr\/wp-json\/wp\/v2\/pages\/42218"}],"collection":[{"href":"https:\/\/products.act.com\/fr\/wp-json\/wp\/v2\/pages"}],"about":[{"href":"https:\/\/products.act.com\/fr\/wp-json\/wp\/v2\/types\/page"}],"author":[{"embeddable":true,"href":"https:\/\/products.act.com\/fr\/wp-json\/wp\/v2\/users\/4"}],"replies":[{"embeddable":true,"href":"https:\/\/products.act.com\/fr\/wp-json\/wp\/v2\/comments?post=42218"}],"version-history":[{"count":0,"href":"https:\/\/products.act.com\/fr\/wp-json\/wp\/v2\/pages\/42218\/revisions"}],"up":[{"embeddable":true,"href":"https:\/\/products.act.com\/fr\/wp-json\/wp\/v2\/pages\/41333"}],"wp:attachment":[{"href":"https:\/\/products.act.com\/fr\/wp-json\/wp\/v2\/media?parent=42218"}],"wp:term":[{"taxonomy":"category","embeddable":true,"href":"https:\/\/products.act.com\/fr\/wp-json\/wp\/v2\/categories?post=42218"},{"taxonomy":"post_tag","embeddable":true,"href":"https:\/\/products.act.com\/fr\/wp-json\/wp\/v2\/tags?post=42218"},{"taxonomy":"folder","embeddable":true,"href":"https:\/\/products.act.com\/fr\/wp-json\/wp\/v2\/folder?post=42218"}],"curies":[{"name":"wp","href":"https:\/\/api.w.org\/{rel}","templated":true}]}}