{"id":42079,"date":"2021-12-23T09:32:17","date_gmt":"2021-12-23T09:32:17","guid":{"rendered":"https:\/\/act.com\/?page_id=42079"},"modified":"2023-01-20T10:18:03","modified_gmt":"2023-01-20T17:18:03","slug":"pro","status":"publish","type":"page","link":"https:\/\/products.act.com\/fr\/telechargement\/v16\/pro\/","title":{"rendered":"Pro"},"content":{"rendered":"\t\t<div data-elementor-type=\"wp-page\" data-elementor-id=\"42079\" class=\"elementor elementor-42079\" data-elementor-post-type=\"page\">\n\t\t\t\t\t\t<section class=\"elementor-section elementor-top-section elementor-element elementor-element-21f5067 topSctGlb elementor-section-boxed elementor-section-height-default elementor-section-height-default\" data-id=\"21f5067\" data-element_type=\"section\" data-settings=\"{&quot;background_background&quot;:&quot;gradient&quot;}\">\n\t\t\t\t\t\t\t<div class=\"elementor-background-overlay\"><\/div>\n\t\t\t\t\t\t\t<div class=\"elementor-container elementor-column-gap-default\">\n\t\t\t\t\t<div class=\"elementor-column elementor-col-100 elementor-top-column elementor-element elementor-element-521977b\" data-id=\"521977b\" data-element_type=\"column\" data-settings=\"{&quot;background_background&quot;:&quot;classic&quot;}\">\n\t\t\t<div class=\"elementor-widget-wrap elementor-element-populated\">\n\t\t\t\t\t\t<div class=\"elementor-element elementor-element-174390c elementor-widget elementor-widget-heading\" data-id=\"174390c\" data-element_type=\"widget\" data-widget_type=\"heading.default\">\n\t\t\t\t<div class=\"elementor-widget-container\">\n\t\t\t<style>\/*! elementor - v3.20.0 - 26-03-2024 *\/\n.elementor-heading-title{padding:0;margin:0;line-height:1}.elementor-widget-heading .elementor-heading-title[class*=elementor-size-]>a{color:inherit;font-size:inherit;line-height:inherit}.elementor-widget-heading .elementor-heading-title.elementor-size-small{font-size:15px}.elementor-widget-heading .elementor-heading-title.elementor-size-medium{font-size:19px}.elementor-widget-heading .elementor-heading-title.elementor-size-large{font-size:29px}.elementor-widget-heading .elementor-heading-title.elementor-size-xl{font-size:39px}.elementor-widget-heading .elementor-heading-title.elementor-size-xxl{font-size:59px}<\/style><h1 class=\"elementor-heading-title elementor-size-default\">T\u00e9l\u00e9chargementAct! Pro v16.<\/h1>\t\t<\/div>\n\t\t\t\t<\/div>\n\t\t\t\t\t<\/div>\n\t\t<\/div>\n\t\t\t\t\t<\/div>\n\t\t<\/section>\n\t\t\t\t<section class=\"elementor-section elementor-top-section elementor-element elementor-element-514ac22 elementor-section-boxed elementor-section-height-default elementor-section-height-default\" data-id=\"514ac22\" data-element_type=\"section\">\n\t\t\t\t\t\t<div class=\"elementor-container elementor-column-gap-default\">\n\t\t\t\t\t<div class=\"elementor-column elementor-col-100 elementor-top-column elementor-element elementor-element-23f38ac\" data-id=\"23f38ac\" data-element_type=\"column\">\n\t\t\t<div class=\"elementor-widget-wrap elementor-element-populated\">\n\t\t\t\t\t\t<div class=\"elementor-element elementor-element-3c72171 elementor-widget elementor-widget-text-editor\" data-id=\"3c72171\" data-element_type=\"widget\" data-widget_type=\"text-editor.default\">\n\t\t\t\t<div class=\"elementor-widget-container\">\n\t\t\t<style>\/*! elementor - v3.20.0 - 26-03-2024 *\/\n.elementor-widget-text-editor.elementor-drop-cap-view-stacked .elementor-drop-cap{background-color:#69727d;color:#fff}.elementor-widget-text-editor.elementor-drop-cap-view-framed .elementor-drop-cap{color:#69727d;border:3px solid;background-color:transparent}.elementor-widget-text-editor:not(.elementor-drop-cap-view-default) .elementor-drop-cap{margin-top:8px}.elementor-widget-text-editor:not(.elementor-drop-cap-view-default) .elementor-drop-cap-letter{width:1em;height:1em}.elementor-widget-text-editor .elementor-drop-cap{float:left;text-align:center;line-height:1;font-size:50px}.elementor-widget-text-editor .elementor-drop-cap-letter{display:inline-block}<\/style>\t\t\t\t<p><strong>Note :\u00a0Une fois t\u00e9l\u00e9charg\u00e9, les fichiers d\u2019installation Act! seront enregistr\u00e9s dans un emplacement par d\u00e9faut d\u00e9termin\u00e9 par votre version de Windows\u00ae. Le panneau d\u2019installation Act! s\u2019affichera automatiquement lorsque le t\u00e9l\u00e9chargement sera termin\u00e9.<\/strong><\/p>\t\t\t\t\t\t<\/div>\n\t\t\t\t<\/div>\n\t\t\t\t<div class=\"elementor-element elementor-element-5eac5b1 elementor-widget elementor-widget-text-editor\" data-id=\"5eac5b1\" data-element_type=\"widget\" data-widget_type=\"text-editor.default\">\n\t\t\t\t<div class=\"elementor-widget-container\">\n\t\t\t\t\t\t\t<p><strong>Veuillez\u00a0<\/strong>visiter\u00a0<a href=\"\/fr\/ressources\/documentation\/\" target=\"_blank\" rel=\"noopener\">configurations syst\u00e8mes requises pour Act! v16<\/a>\u00a0afin de vous assurer de la compatibilit\u00e9 de votre version Windows avec le logiciel Act!..<\/p><p><strong>Pour plus d\u2019information technique<\/strong>\u00a0consultez les articles de nos experts produit sur la\u00a0<a href=\"https:\/\/help.act.com\/s\/?language=fr\/\" target=\"_blank\" rel=\"noopener\">Base de connaissances Act!<\/a>.<\/p>\t\t\t\t\t\t<\/div>\n\t\t\t\t<\/div>\n\t\t\t\t\t<\/div>\n\t\t<\/div>\n\t\t\t\t\t<\/div>\n\t\t<\/section>\n\t\t\t\t<\/div>\n\t\t","protected":false},"excerpt":{"rendered":"<p>T\u00e9l\u00e9chargementAct! Pro v16. Note :\u00a0Une fois t\u00e9l\u00e9charg\u00e9, les fichiers d\u2019installation Act! seront enregistr\u00e9s dans un emplacement par d\u00e9faut d\u00e9termin\u00e9 par votre version de Windows\u00ae. Le panneau d\u2019installation Act! s\u2019affichera automatiquement lorsque le t\u00e9l\u00e9chargement sera termin\u00e9. Veuillez\u00a0visiter\u00a0configurations syst\u00e8mes requises pour Act! v16\u00a0afin de vous assurer de la compatibilit\u00e9 de votre version Windows avec le logiciel Act!.. [&hellip;]<\/p>\n","protected":false},"author":4,"featured_media":0,"parent":42078,"menu_order":0,"comment_status":"closed","ping_status":"closed","template":"elementor_header_footer","meta":{"_acf_changed":false,"content-type":"","inline_featured_image":false,"footnotes":""},"categories":[],"tags":[],"folder":[],"acf":[],"yoast_head":"<!-- This site is optimized with the Yoast SEO Premium plugin v22.2 (Yoast SEO v22.4) - https:\/\/yoast.com\/wordpress\/plugins\/seo\/ -->\n<title>T\u00e9l\u00e9chargement Act! Pro v16 | Fran\u00e7ais<\/title>\n<meta name=\"robots\" content=\"noindex, follow, max-snippet:-1, max-image-preview:large, max-video-preview:-1\" \/>\n<meta property=\"og:locale\" content=\"fr_FR\" \/>\n<meta property=\"og:type\" content=\"article\" \/>\n<meta property=\"og:title\" content=\"Pro\" \/>\n<meta property=\"og:description\" content=\"T\u00e9l\u00e9chargementAct! Pro v16. Note :\u00a0Une fois t\u00e9l\u00e9charg\u00e9, les fichiers d\u2019installation Act! seront enregistr\u00e9s dans un emplacement par d\u00e9faut d\u00e9termin\u00e9 par votre version de Windows\u00ae. Le panneau d\u2019installation Act! s\u2019affichera automatiquement lorsque le t\u00e9l\u00e9chargement sera termin\u00e9. Veuillez\u00a0visiter\u00a0configurations syst\u00e8mes requises pour Act! v16\u00a0afin de vous assurer de la compatibilit\u00e9 de votre version Windows avec le logiciel Act!.. [&hellip;]\" \/>\n<meta property=\"og:url\" content=\"https:\/\/products.act.com\/fr\/telechargement\/v16\/pro\/\" \/>\n<meta property=\"og:site_name\" content=\"Act!\" \/>\n<meta property=\"article:modified_time\" content=\"2023-01-20T17:18:03+00:00\" \/>\n<meta name=\"twitter:card\" content=\"summary_large_image\" \/>\n<meta name=\"twitter:label1\" content=\"Est. reading time\" \/>\n\t<meta name=\"twitter:data1\" content=\"1 minute\" \/>\n<script type=\"application\/ld+json\" class=\"yoast-schema-graph\">{\"@context\":\"https:\/\/schema.org\",\"@graph\":[{\"@type\":\"WebPage\",\"@id\":\"https:\/\/products.act.com\/fr\/telechargement\/v16\/pro\/\",\"url\":\"https:\/\/products.act.com\/fr\/telechargement\/v16\/pro\/\",\"name\":\"T\u00e9l\u00e9chargement Act! Pro v16 | Fran\u00e7ais\",\"isPartOf\":{\"@id\":\"https:\/\/products.act.com\/fr\/#website\"},\"datePublished\":\"2021-12-23T09:32:17+00:00\",\"dateModified\":\"2023-01-20T17:18:03+00:00\",\"breadcrumb\":{\"@id\":\"https:\/\/products.act.com\/fr\/telechargement\/v16\/pro\/#breadcrumb\"},\"inLanguage\":\"fr-FR\",\"potentialAction\":[{\"@type\":\"ReadAction\",\"target\":[\"https:\/\/products.act.com\/fr\/telechargement\/v16\/pro\/\"]}]},{\"@type\":\"BreadcrumbList\",\"@id\":\"https:\/\/products.act.com\/fr\/telechargement\/v16\/pro\/#breadcrumb\",\"itemListElement\":[{\"@type\":\"ListItem\",\"position\":1,\"name\":\"Home\",\"item\":\"https:\/\/products.act.com\/fr\/\"},{\"@type\":\"ListItem\",\"position\":2,\"name\":\"Telechargement\",\"item\":\"http:\/\/products.act.com\/fr\/telechargement\/\"},{\"@type\":\"ListItem\",\"position\":3,\"name\":\"v16\",\"item\":\"http:\/\/products.act.com\/fr\/telechargement\/v16\/\"},{\"@type\":\"ListItem\",\"position\":4,\"name\":\"Pro\"}]},{\"@type\":\"WebSite\",\"@id\":\"https:\/\/products.act.com\/fr\/#website\",\"url\":\"https:\/\/products.act.com\/fr\/\",\"name\":\"Act!\",\"description\":\"CRM &amp; Marketing Automation in One\",\"publisher\":{\"@id\":\"https:\/\/products.act.com\/fr\/#organization\"},\"potentialAction\":[{\"@type\":\"SearchAction\",\"target\":{\"@type\":\"EntryPoint\",\"urlTemplate\":\"https:\/\/products.act.com\/fr\/?s={search_term_string}\"},\"query-input\":\"required name=search_term_string\"}],\"inLanguage\":\"fr-FR\"},{\"@type\":\"Organization\",\"@id\":\"https:\/\/products.act.com\/fr\/#organization\",\"name\":\"Act!\",\"url\":\"https:\/\/products.act.com\/fr\/\",\"logo\":{\"@type\":\"ImageObject\",\"inLanguage\":\"fr-FR\",\"@id\":\"https:\/\/products.act.com\/fr\/#\/schema\/logo\/image\/\",\"url\":\"https:\/\/products.act.com\/wp-content\/uploads\/2021\/07\/logo_fe5000.png\",\"contentUrl\":\"https:\/\/products.act.com\/wp-content\/uploads\/2021\/07\/logo_fe5000.png\",\"width\":120,\"height\":120,\"caption\":\"Act!\"},\"image\":{\"@id\":\"https:\/\/products.act.com\/fr\/#\/schema\/logo\/image\/\"}}]}<\/script>\n<!-- \/ Yoast SEO Premium plugin. -->","yoast_head_json":{"title":"T\u00e9l\u00e9chargement Act! Pro v16 | Fran\u00e7ais","robots":{"index":"noindex","follow":"follow","max-snippet":"max-snippet:-1","max-image-preview":"max-image-preview:large","max-video-preview":"max-video-preview:-1"},"og_locale":"fr_FR","og_type":"article","og_title":"Pro","og_description":"T\u00e9l\u00e9chargementAct! Pro v16. Note :\u00a0Une fois t\u00e9l\u00e9charg\u00e9, les fichiers d\u2019installation Act! seront enregistr\u00e9s dans un emplacement par d\u00e9faut d\u00e9termin\u00e9 par votre version de Windows\u00ae. Le panneau d\u2019installation Act! s\u2019affichera automatiquement lorsque le t\u00e9l\u00e9chargement sera termin\u00e9. Veuillez\u00a0visiter\u00a0configurations syst\u00e8mes requises pour Act! v16\u00a0afin de vous assurer de la compatibilit\u00e9 de votre version Windows avec le logiciel Act!.. [&hellip;]","og_url":"https:\/\/products.act.com\/fr\/telechargement\/v16\/pro\/","og_site_name":"Act!","article_modified_time":"2023-01-20T17:18:03+00:00","twitter_card":"summary_large_image","twitter_misc":{"Est. reading time":"1 minute"},"schema":{"@context":"https:\/\/schema.org","@graph":[{"@type":"WebPage","@id":"https:\/\/products.act.com\/fr\/telechargement\/v16\/pro\/","url":"https:\/\/products.act.com\/fr\/telechargement\/v16\/pro\/","name":"T\u00e9l\u00e9chargement Act! Pro v16 | Fran\u00e7ais","isPartOf":{"@id":"https:\/\/products.act.com\/fr\/#website"},"datePublished":"2021-12-23T09:32:17+00:00","dateModified":"2023-01-20T17:18:03+00:00","breadcrumb":{"@id":"https:\/\/products.act.com\/fr\/telechargement\/v16\/pro\/#breadcrumb"},"inLanguage":"fr-FR","potentialAction":[{"@type":"ReadAction","target":["https:\/\/products.act.com\/fr\/telechargement\/v16\/pro\/"]}]},{"@type":"BreadcrumbList","@id":"https:\/\/products.act.com\/fr\/telechargement\/v16\/pro\/#breadcrumb","itemListElement":[{"@type":"ListItem","position":1,"name":"Home","item":"https:\/\/products.act.com\/fr\/"},{"@type":"ListItem","position":2,"name":"Telechargement","item":"http:\/\/products.act.com\/fr\/telechargement\/"},{"@type":"ListItem","position":3,"name":"v16","item":"http:\/\/products.act.com\/fr\/telechargement\/v16\/"},{"@type":"ListItem","position":4,"name":"Pro"}]},{"@type":"WebSite","@id":"https:\/\/products.act.com\/fr\/#website","url":"https:\/\/products.act.com\/fr\/","name":"Act!","description":"CRM &amp; Marketing Automation in One","publisher":{"@id":"https:\/\/products.act.com\/fr\/#organization"},"potentialAction":[{"@type":"SearchAction","target":{"@type":"EntryPoint","urlTemplate":"https:\/\/products.act.com\/fr\/?s={search_term_string}"},"query-input":"required name=search_term_string"}],"inLanguage":"fr-FR"},{"@type":"Organization","@id":"https:\/\/products.act.com\/fr\/#organization","name":"Act!","url":"https:\/\/products.act.com\/fr\/","logo":{"@type":"ImageObject","inLanguage":"fr-FR","@id":"https:\/\/products.act.com\/fr\/#\/schema\/logo\/image\/","url":"https:\/\/products.act.com\/wp-content\/uploads\/2021\/07\/logo_fe5000.png","contentUrl":"https:\/\/products.act.com\/wp-content\/uploads\/2021\/07\/logo_fe5000.png","width":120,"height":120,"caption":"Act!"},"image":{"@id":"https:\/\/products.act.com\/fr\/#\/schema\/logo\/image\/"}}]}},"_links":{"self":[{"href":"https:\/\/products.act.com\/fr\/wp-json\/wp\/v2\/pages\/42079"}],"collection":[{"href":"https:\/\/products.act.com\/fr\/wp-json\/wp\/v2\/pages"}],"about":[{"href":"https:\/\/products.act.com\/fr\/wp-json\/wp\/v2\/types\/page"}],"author":[{"embeddable":true,"href":"https:\/\/products.act.com\/fr\/wp-json\/wp\/v2\/users\/4"}],"replies":[{"embeddable":true,"href":"https:\/\/products.act.com\/fr\/wp-json\/wp\/v2\/comments?post=42079"}],"version-history":[{"count":0,"href":"https:\/\/products.act.com\/fr\/wp-json\/wp\/v2\/pages\/42079\/revisions"}],"up":[{"embeddable":true,"href":"https:\/\/products.act.com\/fr\/wp-json\/wp\/v2\/pages\/42078"}],"wp:attachment":[{"href":"https:\/\/products.act.com\/fr\/wp-json\/wp\/v2\/media?parent=42079"}],"wp:term":[{"taxonomy":"category","embeddable":true,"href":"https:\/\/products.act.com\/fr\/wp-json\/wp\/v2\/categories?post=42079"},{"taxonomy":"post_tag","embeddable":true,"href":"https:\/\/products.act.com\/fr\/wp-json\/wp\/v2\/tags?post=42079"},{"taxonomy":"folder","embeddable":true,"href":"https:\/\/products.act.com\/fr\/wp-json\/wp\/v2\/folder?post=42079"}],"curies":[{"name":"wp","href":"https:\/\/api.w.org\/{rel}","templated":true}]}}