{"id":42076,"date":"2021-12-23T08:17:02","date_gmt":"2021-12-23T08:17:02","guid":{"rendered":"https:\/\/act.com\/?page_id=42076"},"modified":"2023-06-29T14:50:29","modified_gmt":"2023-06-29T21:50:29","slug":"telechargements","status":"publish","type":"page","link":"https:\/\/products.act.com\/fr\/ressources\/telechargements\/","title":{"rendered":"Telechargements"},"content":{"rendered":"\t\t<div data-elementor-type=\"wp-page\" data-elementor-id=\"42076\" class=\"elementor elementor-42076\" data-elementor-post-type=\"page\">\n\t\t\t\t\t\t<section class=\"elementor-section elementor-top-section elementor-element elementor-element-f694dd1 topSctGlb elementor-section-boxed elementor-section-height-default elementor-section-height-default\" data-id=\"f694dd1\" data-element_type=\"section\" data-settings=\"{&quot;background_background&quot;:&quot;gradient&quot;}\">\n\t\t\t\t\t\t\t<div class=\"elementor-background-overlay\"><\/div>\n\t\t\t\t\t\t\t<div class=\"elementor-container elementor-column-gap-default\">\n\t\t\t\t\t<div class=\"elementor-column elementor-col-100 elementor-top-column elementor-element elementor-element-2236e54\" data-id=\"2236e54\" data-element_type=\"column\" data-settings=\"{&quot;background_background&quot;:&quot;classic&quot;}\">\n\t\t\t<div class=\"elementor-widget-wrap elementor-element-populated\">\n\t\t\t\t\t\t<div class=\"elementor-element elementor-element-9c6c189 elementor-widget elementor-widget-heading\" data-id=\"9c6c189\" data-element_type=\"widget\" data-widget_type=\"heading.default\">\n\t\t\t\t<div class=\"elementor-widget-container\">\n\t\t\t<style>\/*! elementor - v3.20.0 - 26-03-2024 *\/\n.elementor-heading-title{padding:0;margin:0;line-height:1}.elementor-widget-heading .elementor-heading-title[class*=elementor-size-]>a{color:inherit;font-size:inherit;line-height:inherit}.elementor-widget-heading .elementor-heading-title.elementor-size-small{font-size:15px}.elementor-widget-heading .elementor-heading-title.elementor-size-medium{font-size:19px}.elementor-widget-heading .elementor-heading-title.elementor-size-large{font-size:29px}.elementor-widget-heading .elementor-heading-title.elementor-size-xl{font-size:39px}.elementor-widget-heading .elementor-heading-title.elementor-size-xxl{font-size:59px}<\/style><h1 class=\"elementor-heading-title elementor-size-default\">Centre de t\u00e9l\u00e9chargement Act!<\/h1>\t\t<\/div>\n\t\t\t\t<\/div>\n\t\t\t\t<div class=\"elementor-element elementor-element-ca119ae elementor-widget elementor-widget-text-editor\" data-id=\"ca119ae\" data-element_type=\"widget\" data-widget_type=\"text-editor.default\">\n\t\t\t\t<div class=\"elementor-widget-container\">\n\t\t\t<style>\/*! elementor - v3.20.0 - 26-03-2024 *\/\n.elementor-widget-text-editor.elementor-drop-cap-view-stacked .elementor-drop-cap{background-color:#69727d;color:#fff}.elementor-widget-text-editor.elementor-drop-cap-view-framed .elementor-drop-cap{color:#69727d;border:3px solid;background-color:transparent}.elementor-widget-text-editor:not(.elementor-drop-cap-view-default) .elementor-drop-cap{margin-top:8px}.elementor-widget-text-editor:not(.elementor-drop-cap-view-default) .elementor-drop-cap-letter{width:1em;height:1em}.elementor-widget-text-editor .elementor-drop-cap{float:left;text-align:center;line-height:1;font-size:50px}.elementor-widget-text-editor .elementor-drop-cap-letter{display:inline-block}<\/style>\t\t\t\t<p>Utilisez les liens ci-dessous pour acc\u00e9der aux liens de t\u00e9l\u00e9chargement produit, mises \u00e0 jour, et correctifs.<\/p>\t\t\t\t\t\t<\/div>\n\t\t\t\t<\/div>\n\t\t\t\t\t<\/div>\n\t\t<\/div>\n\t\t\t\t\t<\/div>\n\t\t<\/section>\n\t\t\t\t<section class=\"elementor-section elementor-top-section elementor-element elementor-element-d06c71b elementor-section-boxed elementor-section-height-default elementor-section-height-default\" data-id=\"d06c71b\" data-element_type=\"section\">\n\t\t\t\t\t\t<div class=\"elementor-container elementor-column-gap-default\">\n\t\t\t\t\t<div class=\"elementor-column elementor-col-100 elementor-top-column elementor-element elementor-element-7e1b8af\" data-id=\"7e1b8af\" data-element_type=\"column\">\n\t\t\t<div class=\"elementor-widget-wrap elementor-element-populated\">\n\t\t\t\t\t\t<div class=\"elementor-element elementor-element-8dc0640 elementor-widget elementor-widget-text-editor\" data-id=\"8dc0640\" data-element_type=\"widget\" data-widget_type=\"text-editor.default\">\n\t\t\t\t<div class=\"elementor-widget-container\">\n\t\t\t\t\t\t\t<div class=\"sfContentBlock\">\n<h3><strong>T\u00e9l\u00e9chargement produit Act! \u2013 Fran\u00e7ais<\/strong><\/h3>\n<ul>\n \t<li><a href=\"\/fr\/mises-a-jour-act-v25-francais\">Act! v25<\/a><\/li>\n \t<li><a href=\"\/fr\/ressources\/telechargements\/act-v24-downloads\/\">Act! v24<\/a><\/li>\n \t<li><a href=\"\/fr\/ressources\/telechargements\/act-v23-downloads\/\">Act! v23<\/a><\/li>\n \t<li><a href=\"\/fr\/ressources\/telechargements\/act-v22-downloads\/\">Act! v22<\/a><\/li>\n \t<li><a href=\"\/fr\/ressources\/telechargements\/act-pro-v21-downloads\/\">Act! Pro v21<\/a><\/li>\n \t<li><a href=\"\/fr\/ressources\/telechargements\/act-premium-v21-downloads\/\">Act! Premium et Web v21<\/a><\/li>\n \t<li><a href=\"\/fr\/ressources\/telechargements\/act-pro-v20-downloads\/\">Act! Pro v20<\/a><\/li>\n \t<li><a href=\"\/fr\/ressources\/telechargements\/act-premium-v20-downloads\/\">Act! Premium et Web v20<\/a><\/li>\n \t<li><a href=\"\/fr\/ressources\/telechargements\/act-pro-v19\/\">Act! Pro v19 <\/a><\/li>\n \t<li><a href=\"\/fr\/ressources\/telechargements\/act-premium-v19\/\">Act! Premium et Web v19<\/a><\/li>\n \t<li><a href=\"\/fr\/ressources\/telechargements\/act-pro-v18\/\">Act! Pro v18 <\/a><\/li>\n \t<li><a href=\"\/fr\/ressources\/telechargements\/act-premium-v18\/\">Act! Premium et Web v18<\/a><\/li>\n \t<li><a href=\"\/fr\/ressources\/telechargements\/act-pro-v17\/\">Act! Pro v17 <\/a><\/li>\n \t<li><a href=\"\/fr\/ressources\/telechargements\/act-premium-v17\/\">Act! Premium et Web v17<\/a><\/li>\n \t<li><a href=\"\/fr\/ressources\/telechargements\/act-pro-v16\/\">Act! Pro v16 <\/a><\/li>\n \t<li><a href=\"\/fr\/ressources\/telechargements\/act-premium-v16\/\">Act! Premium et Web v16<\/a><\/li>\n<\/ul>\n<!--\n \t<li><a href=\"\/fr\/ressources\/telechargements\/sage-act-pro-2013\">Sage ACT! Pro 2013<\/a><\/li>\n \t<li><a href=\"\/fr\/ressources\/telechargements\/sage-act-premium-2013\">Sage ACT! Premium et Web 2013<\/a><\/li>\n-->\n<h3><strong>T\u00e9l\u00e9chargements produit dans d\u2019autres langues :<\/strong><\/h3>\n<ul>\n \t<li><a href=\"\/resources\/downloads\/\">Anglais (R\u00e9gion : Australie\/Asie-Pacifique)<\/a><\/li>\n \t<li><a href=\"\/resources\/downloads\/\">Anglais (R\u00e9gion : \u00c9tats-Unis et Canada)<\/a><\/li>\n \t<li><a href=\"\/resources\/downloads\/la\/\">Anglais (R\u00e9gion : Am\u00e9rique latine)<\/a><\/li>\n \t<li><a href=\"https:\/\/www.act.com\/en-gb\/resources\/downloads\/\">Anglais (R\u00e9gion : Royaume Uni)<\/a><\/li>\n \t<li><a href=\"https:\/\/www.act.com\/de\/hilfsmittel\/downloads\/\">Allemand<\/a><\/li>\n<\/ul>\n<\/div>\t\t\t\t\t\t<\/div>\n\t\t\t\t<\/div>\n\t\t\t\t\t<\/div>\n\t\t<\/div>\n\t\t\t\t\t<\/div>\n\t\t<\/section>\n\t\t\t\t<\/div>\n\t\t","protected":false},"excerpt":{"rendered":"<p>Centre de t\u00e9l\u00e9chargement Act! Utilisez les liens ci-dessous pour acc\u00e9der aux liens de t\u00e9l\u00e9chargement produit, mises \u00e0 jour, et correctifs. T\u00e9l\u00e9chargement produit Act! \u2013 Fran\u00e7ais Act! v25 Act! v24 Act! v23 Act! v22 Act! Pro v21 Act! Premium et Web v21 Act! Pro v20 Act! Premium et Web v20 Act! Pro v19 Act! Premium et [&hellip;]<\/p>\n","protected":false},"author":4,"featured_media":0,"parent":41333,"menu_order":0,"comment_status":"closed","ping_status":"closed","template":"elementor_header_footer","meta":{"_acf_changed":false,"content-type":"","inline_featured_image":false,"footnotes":""},"categories":[],"tags":[],"folder":[],"acf":[],"yoast_head":"<!-- This site is optimized with the Yoast SEO Premium plugin v22.2 (Yoast SEO v22.4) - https:\/\/yoast.com\/wordpress\/plugins\/seo\/ -->\n<title>Centre de t\u00e9l\u00e9chargement Act! | Fran\u00e7ais<\/title>\n<meta name=\"description\" content=\"T\u00e9l\u00e9charger les derniers correctifs et mises \u00e0 jour d&#039;Act! Pro et Act! Premium (Editions fran\u00e7aises).\" \/>\n<meta name=\"robots\" content=\"noindex, follow, max-snippet:-1, max-image-preview:large, max-video-preview:-1\" \/>\n<meta property=\"og:locale\" content=\"fr_FR\" \/>\n<meta property=\"og:type\" content=\"article\" \/>\n<meta property=\"og:title\" content=\"Telechargements\" \/>\n<meta property=\"og:description\" content=\"T\u00e9l\u00e9charger les derniers correctifs et mises \u00e0 jour d&#039;Act! Pro et Act! Premium (Editions fran\u00e7aises).\" \/>\n<meta property=\"og:url\" content=\"https:\/\/products.act.com\/fr\/ressources\/telechargements\/\" \/>\n<meta property=\"og:site_name\" content=\"Act!\" \/>\n<meta property=\"article:modified_time\" content=\"2023-06-29T21:50:29+00:00\" \/>\n<meta name=\"twitter:card\" content=\"summary_large_image\" \/>\n<meta name=\"twitter:label1\" content=\"Est. reading time\" \/>\n\t<meta name=\"twitter:data1\" content=\"1 minute\" \/>\n<script type=\"application\/ld+json\" class=\"yoast-schema-graph\">{\"@context\":\"https:\/\/schema.org\",\"@graph\":[{\"@type\":\"WebPage\",\"@id\":\"https:\/\/products.act.com\/fr\/ressources\/telechargements\/\",\"url\":\"https:\/\/products.act.com\/fr\/ressources\/telechargements\/\",\"name\":\"Centre de t\u00e9l\u00e9chargement Act! | Fran\u00e7ais\",\"isPartOf\":{\"@id\":\"https:\/\/products.act.com\/fr\/#website\"},\"datePublished\":\"2021-12-23T08:17:02+00:00\",\"dateModified\":\"2023-06-29T21:50:29+00:00\",\"description\":\"T\u00e9l\u00e9charger les derniers correctifs et mises \u00e0 jour d'Act! Pro et Act! Premium (Editions fran\u00e7aises).\",\"breadcrumb\":{\"@id\":\"https:\/\/products.act.com\/fr\/ressources\/telechargements\/#breadcrumb\"},\"inLanguage\":\"fr-FR\",\"potentialAction\":[{\"@type\":\"ReadAction\",\"target\":[\"https:\/\/products.act.com\/fr\/ressources\/telechargements\/\"]}]},{\"@type\":\"BreadcrumbList\",\"@id\":\"https:\/\/products.act.com\/fr\/ressources\/telechargements\/#breadcrumb\",\"itemListElement\":[{\"@type\":\"ListItem\",\"position\":1,\"name\":\"Home\",\"item\":\"https:\/\/products.act.com\/fr\/\"},{\"@type\":\"ListItem\",\"position\":2,\"name\":\"Ressources client et Support Act! | Act! CRM\",\"item\":\"http:\/\/products.act.com\/fr\/resources\/\"},{\"@type\":\"ListItem\",\"position\":3,\"name\":\"Telechargements\"}]},{\"@type\":\"WebSite\",\"@id\":\"https:\/\/products.act.com\/fr\/#website\",\"url\":\"https:\/\/products.act.com\/fr\/\",\"name\":\"Act!\",\"description\":\"CRM &amp; Marketing Automation in One\",\"publisher\":{\"@id\":\"https:\/\/products.act.com\/fr\/#organization\"},\"potentialAction\":[{\"@type\":\"SearchAction\",\"target\":{\"@type\":\"EntryPoint\",\"urlTemplate\":\"https:\/\/products.act.com\/fr\/?s={search_term_string}\"},\"query-input\":\"required name=search_term_string\"}],\"inLanguage\":\"fr-FR\"},{\"@type\":\"Organization\",\"@id\":\"https:\/\/products.act.com\/fr\/#organization\",\"name\":\"Act!\",\"url\":\"https:\/\/products.act.com\/fr\/\",\"logo\":{\"@type\":\"ImageObject\",\"inLanguage\":\"fr-FR\",\"@id\":\"https:\/\/products.act.com\/fr\/#\/schema\/logo\/image\/\",\"url\":\"https:\/\/products.act.com\/wp-content\/uploads\/2021\/07\/logo_fe5000.png\",\"contentUrl\":\"https:\/\/products.act.com\/wp-content\/uploads\/2021\/07\/logo_fe5000.png\",\"width\":120,\"height\":120,\"caption\":\"Act!\"},\"image\":{\"@id\":\"https:\/\/products.act.com\/fr\/#\/schema\/logo\/image\/\"}}]}<\/script>\n<!-- \/ Yoast SEO Premium plugin. -->","yoast_head_json":{"title":"Centre de t\u00e9l\u00e9chargement Act! | Fran\u00e7ais","description":"T\u00e9l\u00e9charger les derniers correctifs et mises \u00e0 jour d'Act! Pro et Act! Premium (Editions fran\u00e7aises).","robots":{"index":"noindex","follow":"follow","max-snippet":"max-snippet:-1","max-image-preview":"max-image-preview:large","max-video-preview":"max-video-preview:-1"},"og_locale":"fr_FR","og_type":"article","og_title":"Telechargements","og_description":"T\u00e9l\u00e9charger les derniers correctifs et mises \u00e0 jour d'Act! Pro et Act! Premium (Editions fran\u00e7aises).","og_url":"https:\/\/products.act.com\/fr\/ressources\/telechargements\/","og_site_name":"Act!","article_modified_time":"2023-06-29T21:50:29+00:00","twitter_card":"summary_large_image","twitter_misc":{"Est. reading time":"1 minute"},"schema":{"@context":"https:\/\/schema.org","@graph":[{"@type":"WebPage","@id":"https:\/\/products.act.com\/fr\/ressources\/telechargements\/","url":"https:\/\/products.act.com\/fr\/ressources\/telechargements\/","name":"Centre de t\u00e9l\u00e9chargement Act! | Fran\u00e7ais","isPartOf":{"@id":"https:\/\/products.act.com\/fr\/#website"},"datePublished":"2021-12-23T08:17:02+00:00","dateModified":"2023-06-29T21:50:29+00:00","description":"T\u00e9l\u00e9charger les derniers correctifs et mises \u00e0 jour d'Act! Pro et Act! Premium (Editions fran\u00e7aises).","breadcrumb":{"@id":"https:\/\/products.act.com\/fr\/ressources\/telechargements\/#breadcrumb"},"inLanguage":"fr-FR","potentialAction":[{"@type":"ReadAction","target":["https:\/\/products.act.com\/fr\/ressources\/telechargements\/"]}]},{"@type":"BreadcrumbList","@id":"https:\/\/products.act.com\/fr\/ressources\/telechargements\/#breadcrumb","itemListElement":[{"@type":"ListItem","position":1,"name":"Home","item":"https:\/\/products.act.com\/fr\/"},{"@type":"ListItem","position":2,"name":"Ressources client et Support Act! | Act! CRM","item":"http:\/\/products.act.com\/fr\/resources\/"},{"@type":"ListItem","position":3,"name":"Telechargements"}]},{"@type":"WebSite","@id":"https:\/\/products.act.com\/fr\/#website","url":"https:\/\/products.act.com\/fr\/","name":"Act!","description":"CRM &amp; Marketing Automation in One","publisher":{"@id":"https:\/\/products.act.com\/fr\/#organization"},"potentialAction":[{"@type":"SearchAction","target":{"@type":"EntryPoint","urlTemplate":"https:\/\/products.act.com\/fr\/?s={search_term_string}"},"query-input":"required name=search_term_string"}],"inLanguage":"fr-FR"},{"@type":"Organization","@id":"https:\/\/products.act.com\/fr\/#organization","name":"Act!","url":"https:\/\/products.act.com\/fr\/","logo":{"@type":"ImageObject","inLanguage":"fr-FR","@id":"https:\/\/products.act.com\/fr\/#\/schema\/logo\/image\/","url":"https:\/\/products.act.com\/wp-content\/uploads\/2021\/07\/logo_fe5000.png","contentUrl":"https:\/\/products.act.com\/wp-content\/uploads\/2021\/07\/logo_fe5000.png","width":120,"height":120,"caption":"Act!"},"image":{"@id":"https:\/\/products.act.com\/fr\/#\/schema\/logo\/image\/"}}]}},"_links":{"self":[{"href":"https:\/\/products.act.com\/fr\/wp-json\/wp\/v2\/pages\/42076"}],"collection":[{"href":"https:\/\/products.act.com\/fr\/wp-json\/wp\/v2\/pages"}],"about":[{"href":"https:\/\/products.act.com\/fr\/wp-json\/wp\/v2\/types\/page"}],"author":[{"embeddable":true,"href":"https:\/\/products.act.com\/fr\/wp-json\/wp\/v2\/users\/4"}],"replies":[{"embeddable":true,"href":"https:\/\/products.act.com\/fr\/wp-json\/wp\/v2\/comments?post=42076"}],"version-history":[{"count":0,"href":"https:\/\/products.act.com\/fr\/wp-json\/wp\/v2\/pages\/42076\/revisions"}],"up":[{"embeddable":true,"href":"https:\/\/products.act.com\/fr\/wp-json\/wp\/v2\/pages\/41333"}],"wp:attachment":[{"href":"https:\/\/products.act.com\/fr\/wp-json\/wp\/v2\/media?parent=42076"}],"wp:term":[{"taxonomy":"category","embeddable":true,"href":"https:\/\/products.act.com\/fr\/wp-json\/wp\/v2\/categories?post=42076"},{"taxonomy":"post_tag","embeddable":true,"href":"https:\/\/products.act.com\/fr\/wp-json\/wp\/v2\/tags?post=42076"},{"taxonomy":"folder","embeddable":true,"href":"https:\/\/products.act.com\/fr\/wp-json\/wp\/v2\/folder?post=42076"}],"curies":[{"name":"wp","href":"https:\/\/api.w.org\/{rel}","templated":true}]}}