{"id":41846,"date":"2021-12-22T08:13:08","date_gmt":"2021-12-22T08:13:08","guid":{"rendered":"https:\/\/act.com\/?page_id=41846"},"modified":"2023-01-19T12:32:01","modified_gmt":"2023-01-19T19:32:01","slug":"business-care","status":"publish","type":"page","link":"https:\/\/products.act.com\/fr\/ressources\/business-care\/","title":{"rendered":"Business Care pour Act!"},"content":{"rendered":"\t\t<div data-elementor-type=\"wp-page\" data-elementor-id=\"41846\" class=\"elementor elementor-41846\" data-elementor-post-type=\"page\">\n\t\t\t\t\t\t<section class=\"elementor-section elementor-top-section elementor-element elementor-element-55ce9adb topSctGlb elementor-section-boxed elementor-section-height-default elementor-section-height-default\" data-id=\"55ce9adb\" data-element_type=\"section\" data-settings=\"{&quot;background_background&quot;:&quot;gradient&quot;}\">\n\t\t\t\t\t\t\t<div class=\"elementor-background-overlay\"><\/div>\n\t\t\t\t\t\t\t<div class=\"elementor-container elementor-column-gap-default\">\n\t\t\t\t\t<div class=\"elementor-column elementor-col-100 elementor-top-column elementor-element elementor-element-77e7c212\" data-id=\"77e7c212\" data-element_type=\"column\" data-settings=\"{&quot;background_background&quot;:&quot;classic&quot;}\">\n\t\t\t<div class=\"elementor-widget-wrap elementor-element-populated\">\n\t\t\t\t\t\t<div class=\"elementor-element elementor-element-156b8548 elementor-widget elementor-widget-heading\" data-id=\"156b8548\" data-element_type=\"widget\" data-widget_type=\"heading.default\">\n\t\t\t\t<div class=\"elementor-widget-container\">\n\t\t\t<style>\/*! elementor - v3.20.0 - 26-03-2024 *\/\n.elementor-heading-title{padding:0;margin:0;line-height:1}.elementor-widget-heading .elementor-heading-title[class*=elementor-size-]>a{color:inherit;font-size:inherit;line-height:inherit}.elementor-widget-heading .elementor-heading-title.elementor-size-small{font-size:15px}.elementor-widget-heading .elementor-heading-title.elementor-size-medium{font-size:19px}.elementor-widget-heading .elementor-heading-title.elementor-size-large{font-size:29px}.elementor-widget-heading .elementor-heading-title.elementor-size-xl{font-size:39px}.elementor-widget-heading .elementor-heading-title.elementor-size-xxl{font-size:59px}<\/style><h1 class=\"elementor-heading-title elementor-size-default\">Act! Business Care<\/h1>\t\t<\/div>\n\t\t\t\t<\/div>\n\t\t\t\t\t<\/div>\n\t\t<\/div>\n\t\t\t\t\t<\/div>\n\t\t<\/section>\n\t\t\t\t<section class=\"elementor-section elementor-top-section elementor-element elementor-element-ad22d14 elementor-section-boxed elementor-section-height-default elementor-section-height-default\" data-id=\"ad22d14\" data-element_type=\"section\">\n\t\t\t\t\t\t<div class=\"elementor-container elementor-column-gap-default\">\n\t\t\t\t\t<div class=\"elementor-column elementor-col-100 elementor-top-column elementor-element elementor-element-18de630\" data-id=\"18de630\" data-element_type=\"column\">\n\t\t\t<div class=\"elementor-widget-wrap elementor-element-populated\">\n\t\t\t\t\t\t<div class=\"elementor-element elementor-element-120e454 elementor-widget elementor-widget-text-editor\" data-id=\"120e454\" data-element_type=\"widget\" data-widget_type=\"text-editor.default\">\n\t\t\t\t<div class=\"elementor-widget-container\">\n\t\t\t<style>\/*! elementor - v3.20.0 - 26-03-2024 *\/\n.elementor-widget-text-editor.elementor-drop-cap-view-stacked .elementor-drop-cap{background-color:#69727d;color:#fff}.elementor-widget-text-editor.elementor-drop-cap-view-framed .elementor-drop-cap{color:#69727d;border:3px solid;background-color:transparent}.elementor-widget-text-editor:not(.elementor-drop-cap-view-default) .elementor-drop-cap{margin-top:8px}.elementor-widget-text-editor:not(.elementor-drop-cap-view-default) .elementor-drop-cap-letter{width:1em;height:1em}.elementor-widget-text-editor .elementor-drop-cap{float:left;text-align:center;line-height:1;font-size:50px}.elementor-widget-text-editor .elementor-drop-cap-letter{display:inline-block}<\/style>\t\t\t\t<p>Act! Business Care a \u00e9t\u00e9 retir\u00e9 de la vente. Pour voir les diff\u00e9rentes options d\u2019assistance,\u00a0<a href=\"https:\/\/www.act.com\/fr\/ressources\/assistance-act-pro\/\">consulter la page Assistance<\/a>.<\/p><p>Les clients qui sont actuellement abonn\u00e9s \u00e0 Business Care continuent de b\u00e9n\u00e9ficier des avantages Business Care jusqu&#8217;\u00e0 expiration de leur contrat. Si vous avez des questions par rapport \u00e0 votre formule d&#8217;abonnement Business Care, appelez-nous au 09 75 18 23 09 ou contactez votre partenaire commercial.<\/p><p><a href=\"https:\/\/www.act.com\/fr\/ressources\/assistance-act-pro\/\">D\u00e9couvrir comment\u00a0<\/a>conserver tous les avantages Business Care apr\u00e8s l&#8217;expiration de votre contrat.<\/p>\t\t\t\t\t\t<\/div>\n\t\t\t\t<\/div>\n\t\t\t\t\t<\/div>\n\t\t<\/div>\n\t\t\t\t\t<\/div>\n\t\t<\/section>\n\t\t\t\t<section class=\"elementor-section elementor-top-section elementor-element elementor-element-4cb329d elementor-section-boxed elementor-section-height-default elementor-section-height-default\" data-id=\"4cb329d\" data-element_type=\"section\">\n\t\t\t\t\t\t<div class=\"elementor-container elementor-column-gap-default\">\n\t\t\t\t\t<div class=\"elementor-column elementor-col-100 elementor-top-column elementor-element elementor-element-00ae1b8\" data-id=\"00ae1b8\" data-element_type=\"column\">\n\t\t\t<div class=\"elementor-widget-wrap elementor-element-populated\">\n\t\t\t\t\t\t<div class=\"elementor-element elementor-element-281c24c elementor-widget elementor-widget-heading\" data-id=\"281c24c\" data-element_type=\"widget\" data-widget_type=\"heading.default\">\n\t\t\t\t<div class=\"elementor-widget-container\">\n\t\t\t<h2 class=\"elementor-heading-title elementor-size-default\">Les Plans Business Care<\/h2>\t\t<\/div>\n\t\t\t\t<\/div>\n\t\t\t\t\t<\/div>\n\t\t<\/div>\n\t\t\t\t\t<\/div>\n\t\t<\/section>\n\t\t\t\t<section class=\"elementor-section elementor-top-section elementor-element elementor-element-b31769e elementor-section-boxed elementor-section-height-default elementor-section-height-default\" data-id=\"b31769e\" data-element_type=\"section\">\n\t\t\t\t\t\t<div class=\"elementor-container elementor-column-gap-default\">\n\t\t\t\t\t<div class=\"elementor-column elementor-col-100 elementor-top-column elementor-element elementor-element-900e74d\" data-id=\"900e74d\" data-element_type=\"column\">\n\t\t\t<div class=\"elementor-widget-wrap elementor-element-populated\">\n\t\t\t\t\t\t<div class=\"elementor-element elementor-element-8be2436 elementor-widget elementor-widget-html\" data-id=\"8be2436\" data-element_type=\"widget\" data-widget_type=\"html.default\">\n\t\t\t\t<div class=\"elementor-widget-container\">\n\t\t\t<div class=\"bc_table\" style=\"margin: 0px auto;\">\r\n<table>\r\n    <tbody>\r\n        <tr>\r\n            <th>Innovation<\/th>\r\n            <th>Silver<\/th>\r\n            <th>Bronze<\/th>\r\n        <\/tr>\r\n        <tr>\r\n            <td>Plateforme et fonctionnalit\u00e9s am\u00e9lior\u00e9es<\/td>\r\n            <td><img decoding=\"async\" width=\"34\" height=\"34\" src=\"https:\/\/www.act.com\/images\/librariesprovider4\/default-album\/tick.png?sfvrsn=2\" alt=\"Yes\"><\/td>\r\n            <td><img decoding=\"async\" width=\"34\" height=\"34\" src=\"https:\/\/www.act.com\/images\/librariesprovider4\/default-album\/tick.png?sfvrsn=2\" alt=\"Yes\"><\/td>\r\n        <\/tr>\r\n    <\/tbody>\r\n<\/table>\r\n<table>\r\n    <tbody>\r\n        <tr>\r\n            <th>Tranquillit\u00e9 d'esprit<\/th>\r\n            <th>Silver<\/th>\r\n            <th>Bronze<\/th>\r\n        <\/tr>\r\n        <tr>\r\n            <td>Service d\u2019assistance \u00e0 la client\u00e8le<\/td>\r\n            <td><span>9h00 - 18h00 (lun-jeu)<br>\r\n            9h00 - 17h00 (ven)<\/span><\/td>\r\n            <td><span>\u2013<\/span><\/td>\r\n        <\/tr>\r\n        <tr>\r\n            <td>Service d\u2019acc\u00e8s \u00e0 distance<\/td>\r\n            <td><img decoding=\"async\" width=\"34\" height=\"34\" src=\"https:\/\/www.act.com\/images\/librariesprovider4\/default-album\/tick.png?sfvrsn=2\" alt=\"Yes\"><\/td>\r\n            <td><span>\u2013<\/span><\/td>\r\n        <\/tr>\r\n    <\/tbody>\r\n<\/table>\r\n<table>\r\n    <tbody>\r\n        <tr>\r\n            <th>Valeur s\u00fbre<\/th>\r\n            <th>Silver<\/th>\r\n            <th>Bronze<\/th>\r\n        <\/tr>\r\n        <tr>\r\n            <td>Act! emarketing<\/td>\r\n            <td><img decoding=\"async\" width=\"34\" height=\"34\" src=\"https:\/\/www.act.com\/images\/librariesprovider4\/default-album\/tick.png?sfvrsn=2\" alt=\"Yes\"><\/td>\r\n            <td><img decoding=\"async\" width=\"34\" height=\"34\" src=\"https:\/\/www.act.com\/images\/librariesprovider4\/default-album\/tick.png?sfvrsn=2\" alt=\"Yes\"><\/td>\r\n        <\/tr>\r\n        <tr>\r\n            <td>Act! Marketplace<\/td>\r\n            <td><img decoding=\"async\" width=\"34\" height=\"34\" src=\"https:\/\/www.act.com\/images\/librariesprovider4\/default-album\/tick.png?sfvrsn=2\" alt=\"Yes\"><\/td>\r\n            <td><img decoding=\"async\" width=\"34\" height=\"34\" src=\"https:\/\/www.act.com\/images\/librariesprovider4\/default-album\/tick.png?sfvrsn=2\" alt=\"Yes\"><\/td>\r\n        <\/tr>\r\n    <\/tbody>\r\n<\/table>\r\n<\/div>\t\t<\/div>\n\t\t\t\t<\/div>\n\t\t\t\t\t<\/div>\n\t\t<\/div>\n\t\t\t\t\t<\/div>\n\t\t<\/section>\n\t\t\t\t<\/div>\n\t\t","protected":false},"excerpt":{"rendered":"<p>Act! Business Care Act! Business Care a \u00e9t\u00e9 retir\u00e9 de la vente. Pour voir les diff\u00e9rentes options d\u2019assistance,\u00a0consulter la page Assistance. Les clients qui sont actuellement abonn\u00e9s \u00e0 Business Care continuent de b\u00e9n\u00e9ficier des avantages Business Care jusqu&#8217;\u00e0 expiration de leur contrat. Si vous avez des questions par rapport \u00e0 votre formule d&#8217;abonnement Business Care, [&hellip;]<\/p>\n","protected":false},"author":4,"featured_media":0,"parent":41333,"menu_order":0,"comment_status":"closed","ping_status":"closed","template":"elementor_header_footer","meta":{"_acf_changed":false,"content-type":"","inline_featured_image":false,"footnotes":""},"categories":[],"tags":[],"folder":[],"acf":[],"yoast_head":"<!-- This site is optimized with the Yoast SEO Premium plugin v22.2 (Yoast SEO v22.4) - https:\/\/yoast.com\/wordpress\/plugins\/seo\/ -->\n<title>Business Care pour Act!<\/title>\n<meta name=\"description\" content=\"Si vous avez des questions par rapport \u00e0 votre formule d\u2019abonnement Business Care, appelez-nous au 09 75 18 23 09.\" \/>\n<meta name=\"robots\" content=\"noindex, follow, max-snippet:-1, max-image-preview:large, max-video-preview:-1\" \/>\n<meta property=\"og:locale\" content=\"fr_FR\" \/>\n<meta property=\"og:type\" content=\"article\" \/>\n<meta property=\"og:title\" content=\"Business Care pour Act!\" \/>\n<meta property=\"og:description\" content=\"Si vous avez des questions par rapport \u00e0 votre formule d\u2019abonnement Business Care, appelez-nous au 09 75 18 23 09.\" \/>\n<meta property=\"og:url\" content=\"https:\/\/products.act.com\/fr\/ressources\/business-care\/\" \/>\n<meta property=\"og:site_name\" content=\"Act!\" \/>\n<meta property=\"article:modified_time\" content=\"2023-01-19T19:32:01+00:00\" \/>\n<meta property=\"og:image\" content=\"https:\/\/dev-inproduct.pantheonsite.io\/images\/librariesprovider4\/default-album\/tick.png?sfvrsn=2\" \/>\n<meta name=\"twitter:card\" content=\"summary_large_image\" \/>\n<meta name=\"twitter:label1\" content=\"Est. reading time\" \/>\n\t<meta name=\"twitter:data1\" content=\"3 minutes\" \/>\n<script type=\"application\/ld+json\" class=\"yoast-schema-graph\">{\"@context\":\"https:\/\/schema.org\",\"@graph\":[{\"@type\":\"WebPage\",\"@id\":\"https:\/\/products.act.com\/fr\/ressources\/business-care\/\",\"url\":\"https:\/\/products.act.com\/fr\/ressources\/business-care\/\",\"name\":\"Business Care pour Act!\",\"isPartOf\":{\"@id\":\"https:\/\/products.act.com\/fr\/#website\"},\"primaryImageOfPage\":{\"@id\":\"https:\/\/products.act.com\/fr\/ressources\/business-care\/#primaryimage\"},\"image\":{\"@id\":\"https:\/\/products.act.com\/fr\/ressources\/business-care\/#primaryimage\"},\"thumbnailUrl\":\"https:\/\/dev-inproduct.pantheonsite.io\/images\/librariesprovider4\/default-album\/tick.png?sfvrsn=2\",\"datePublished\":\"2021-12-22T08:13:08+00:00\",\"dateModified\":\"2023-01-19T19:32:01+00:00\",\"description\":\"Si vous avez des questions par rapport \u00e0 votre formule d\u2019abonnement Business Care, appelez-nous au 09 75 18 23 09.\",\"breadcrumb\":{\"@id\":\"https:\/\/products.act.com\/fr\/ressources\/business-care\/#breadcrumb\"},\"inLanguage\":\"fr-FR\",\"potentialAction\":[{\"@type\":\"ReadAction\",\"target\":[\"https:\/\/products.act.com\/fr\/ressources\/business-care\/\"]}]},{\"@type\":\"ImageObject\",\"inLanguage\":\"fr-FR\",\"@id\":\"https:\/\/products.act.com\/fr\/ressources\/business-care\/#primaryimage\",\"url\":\"https:\/\/dev-inproduct.pantheonsite.io\/images\/librariesprovider4\/default-album\/tick.png?sfvrsn=2\",\"contentUrl\":\"https:\/\/dev-inproduct.pantheonsite.io\/images\/librariesprovider4\/default-album\/tick.png?sfvrsn=2\"},{\"@type\":\"BreadcrumbList\",\"@id\":\"https:\/\/products.act.com\/fr\/ressources\/business-care\/#breadcrumb\",\"itemListElement\":[{\"@type\":\"ListItem\",\"position\":1,\"name\":\"Home\",\"item\":\"https:\/\/products.act.com\/fr\/\"},{\"@type\":\"ListItem\",\"position\":2,\"name\":\"Ressources client et Support Act! | Act! CRM\",\"item\":\"http:\/\/products.act.com\/fr\/resources\/\"},{\"@type\":\"ListItem\",\"position\":3,\"name\":\"Business Care pour Act!\"}]},{\"@type\":\"WebSite\",\"@id\":\"https:\/\/products.act.com\/fr\/#website\",\"url\":\"https:\/\/products.act.com\/fr\/\",\"name\":\"Act!\",\"description\":\"CRM &amp; Marketing Automation in One\",\"publisher\":{\"@id\":\"https:\/\/products.act.com\/fr\/#organization\"},\"potentialAction\":[{\"@type\":\"SearchAction\",\"target\":{\"@type\":\"EntryPoint\",\"urlTemplate\":\"https:\/\/products.act.com\/fr\/?s={search_term_string}\"},\"query-input\":\"required name=search_term_string\"}],\"inLanguage\":\"fr-FR\"},{\"@type\":\"Organization\",\"@id\":\"https:\/\/products.act.com\/fr\/#organization\",\"name\":\"Act!\",\"url\":\"https:\/\/products.act.com\/fr\/\",\"logo\":{\"@type\":\"ImageObject\",\"inLanguage\":\"fr-FR\",\"@id\":\"https:\/\/products.act.com\/fr\/#\/schema\/logo\/image\/\",\"url\":\"https:\/\/products.act.com\/wp-content\/uploads\/2021\/07\/logo_fe5000.png\",\"contentUrl\":\"https:\/\/products.act.com\/wp-content\/uploads\/2021\/07\/logo_fe5000.png\",\"width\":120,\"height\":120,\"caption\":\"Act!\"},\"image\":{\"@id\":\"https:\/\/products.act.com\/fr\/#\/schema\/logo\/image\/\"}}]}<\/script>\n<!-- \/ Yoast SEO Premium plugin. -->","yoast_head_json":{"title":"Business Care pour Act!","description":"Si vous avez des questions par rapport \u00e0 votre formule d\u2019abonnement Business Care, appelez-nous au 09 75 18 23 09.","robots":{"index":"noindex","follow":"follow","max-snippet":"max-snippet:-1","max-image-preview":"max-image-preview:large","max-video-preview":"max-video-preview:-1"},"og_locale":"fr_FR","og_type":"article","og_title":"Business Care pour Act!","og_description":"Si vous avez des questions par rapport \u00e0 votre formule d\u2019abonnement Business Care, appelez-nous au 09 75 18 23 09.","og_url":"https:\/\/products.act.com\/fr\/ressources\/business-care\/","og_site_name":"Act!","article_modified_time":"2023-01-19T19:32:01+00:00","og_image":[{"url":"https:\/\/dev-inproduct.pantheonsite.io\/images\/librariesprovider4\/default-album\/tick.png?sfvrsn=2"}],"twitter_card":"summary_large_image","twitter_misc":{"Est. reading time":"3 minutes"},"schema":{"@context":"https:\/\/schema.org","@graph":[{"@type":"WebPage","@id":"https:\/\/products.act.com\/fr\/ressources\/business-care\/","url":"https:\/\/products.act.com\/fr\/ressources\/business-care\/","name":"Business Care pour Act!","isPartOf":{"@id":"https:\/\/products.act.com\/fr\/#website"},"primaryImageOfPage":{"@id":"https:\/\/products.act.com\/fr\/ressources\/business-care\/#primaryimage"},"image":{"@id":"https:\/\/products.act.com\/fr\/ressources\/business-care\/#primaryimage"},"thumbnailUrl":"https:\/\/dev-inproduct.pantheonsite.io\/images\/librariesprovider4\/default-album\/tick.png?sfvrsn=2","datePublished":"2021-12-22T08:13:08+00:00","dateModified":"2023-01-19T19:32:01+00:00","description":"Si vous avez des questions par rapport \u00e0 votre formule d\u2019abonnement Business Care, appelez-nous au 09 75 18 23 09.","breadcrumb":{"@id":"https:\/\/products.act.com\/fr\/ressources\/business-care\/#breadcrumb"},"inLanguage":"fr-FR","potentialAction":[{"@type":"ReadAction","target":["https:\/\/products.act.com\/fr\/ressources\/business-care\/"]}]},{"@type":"ImageObject","inLanguage":"fr-FR","@id":"https:\/\/products.act.com\/fr\/ressources\/business-care\/#primaryimage","url":"https:\/\/dev-inproduct.pantheonsite.io\/images\/librariesprovider4\/default-album\/tick.png?sfvrsn=2","contentUrl":"https:\/\/dev-inproduct.pantheonsite.io\/images\/librariesprovider4\/default-album\/tick.png?sfvrsn=2"},{"@type":"BreadcrumbList","@id":"https:\/\/products.act.com\/fr\/ressources\/business-care\/#breadcrumb","itemListElement":[{"@type":"ListItem","position":1,"name":"Home","item":"https:\/\/products.act.com\/fr\/"},{"@type":"ListItem","position":2,"name":"Ressources client et Support Act! | Act! CRM","item":"http:\/\/products.act.com\/fr\/resources\/"},{"@type":"ListItem","position":3,"name":"Business Care pour Act!"}]},{"@type":"WebSite","@id":"https:\/\/products.act.com\/fr\/#website","url":"https:\/\/products.act.com\/fr\/","name":"Act!","description":"CRM &amp; Marketing Automation in One","publisher":{"@id":"https:\/\/products.act.com\/fr\/#organization"},"potentialAction":[{"@type":"SearchAction","target":{"@type":"EntryPoint","urlTemplate":"https:\/\/products.act.com\/fr\/?s={search_term_string}"},"query-input":"required name=search_term_string"}],"inLanguage":"fr-FR"},{"@type":"Organization","@id":"https:\/\/products.act.com\/fr\/#organization","name":"Act!","url":"https:\/\/products.act.com\/fr\/","logo":{"@type":"ImageObject","inLanguage":"fr-FR","@id":"https:\/\/products.act.com\/fr\/#\/schema\/logo\/image\/","url":"https:\/\/products.act.com\/wp-content\/uploads\/2021\/07\/logo_fe5000.png","contentUrl":"https:\/\/products.act.com\/wp-content\/uploads\/2021\/07\/logo_fe5000.png","width":120,"height":120,"caption":"Act!"},"image":{"@id":"https:\/\/products.act.com\/fr\/#\/schema\/logo\/image\/"}}]}},"_links":{"self":[{"href":"https:\/\/products.act.com\/fr\/wp-json\/wp\/v2\/pages\/41846"}],"collection":[{"href":"https:\/\/products.act.com\/fr\/wp-json\/wp\/v2\/pages"}],"about":[{"href":"https:\/\/products.act.com\/fr\/wp-json\/wp\/v2\/types\/page"}],"author":[{"embeddable":true,"href":"https:\/\/products.act.com\/fr\/wp-json\/wp\/v2\/users\/4"}],"replies":[{"embeddable":true,"href":"https:\/\/products.act.com\/fr\/wp-json\/wp\/v2\/comments?post=41846"}],"version-history":[{"count":0,"href":"https:\/\/products.act.com\/fr\/wp-json\/wp\/v2\/pages\/41846\/revisions"}],"up":[{"embeddable":true,"href":"https:\/\/products.act.com\/fr\/wp-json\/wp\/v2\/pages\/41333"}],"wp:attachment":[{"href":"https:\/\/products.act.com\/fr\/wp-json\/wp\/v2\/media?parent=41846"}],"wp:term":[{"taxonomy":"category","embeddable":true,"href":"https:\/\/products.act.com\/fr\/wp-json\/wp\/v2\/categories?post=41846"},{"taxonomy":"post_tag","embeddable":true,"href":"https:\/\/products.act.com\/fr\/wp-json\/wp\/v2\/tags?post=41846"},{"taxonomy":"folder","embeddable":true,"href":"https:\/\/products.act.com\/fr\/wp-json\/wp\/v2\/folder?post=41846"}],"curies":[{"name":"wp","href":"https:\/\/api.w.org\/{rel}","templated":true}]}}