{"id":41501,"date":"2021-12-20T11:52:49","date_gmt":"2021-12-20T11:52:49","guid":{"rendered":"https:\/\/act.com\/?page_id=41501"},"modified":"2023-01-19T11:50:48","modified_gmt":"2023-01-19T18:50:48","slug":"v20","status":"publish","type":"page","link":"https:\/\/products.act.com\/fr\/produits\/systeme\/v20\/","title":{"rendered":"v20"},"content":{"rendered":"\t\t<div data-elementor-type=\"wp-page\" data-elementor-id=\"41501\" class=\"elementor elementor-41501\" data-elementor-post-type=\"page\">\n\t\t\t\t\t\t<section class=\"elementor-section elementor-top-section elementor-element elementor-element-919e72e topSctGlb elementor-section-boxed elementor-section-height-default elementor-section-height-default\" data-id=\"919e72e\" data-element_type=\"section\" data-settings=\"{&quot;background_background&quot;:&quot;classic&quot;}\">\n\t\t\t\t\t\t<div class=\"elementor-container elementor-column-gap-default\">\n\t\t\t\t\t<div class=\"elementor-column elementor-col-100 elementor-top-column elementor-element elementor-element-24e6f37\" data-id=\"24e6f37\" data-element_type=\"column\">\n\t\t\t<div class=\"elementor-widget-wrap elementor-element-populated\">\n\t\t\t\t\t\t<div class=\"elementor-element elementor-element-8c5f663 elementor-widget elementor-widget-heading\" data-id=\"8c5f663\" data-element_type=\"widget\" data-widget_type=\"heading.default\">\n\t\t\t\t<div class=\"elementor-widget-container\">\n\t\t\t<style>\/*! elementor - v3.20.0 - 26-03-2024 *\/\n.elementor-heading-title{padding:0;margin:0;line-height:1}.elementor-widget-heading .elementor-heading-title[class*=elementor-size-]>a{color:inherit;font-size:inherit;line-height:inherit}.elementor-widget-heading .elementor-heading-title.elementor-size-small{font-size:15px}.elementor-widget-heading .elementor-heading-title.elementor-size-medium{font-size:19px}.elementor-widget-heading .elementor-heading-title.elementor-size-large{font-size:29px}.elementor-widget-heading .elementor-heading-title.elementor-size-xl{font-size:39px}.elementor-widget-heading .elementor-heading-title.elementor-size-xxl{font-size:59px}<\/style><h1 class=\"elementor-heading-title elementor-size-default\">Pr\u00e9requis syst\u00e8me pour Act! v20<\/h1>\t\t<\/div>\n\t\t\t\t<\/div>\n\t\t\t\t\t<\/div>\n\t\t<\/div>\n\t\t\t\t\t<\/div>\n\t\t<\/section>\n\t\t\t\t<section class=\"elementor-section elementor-top-section elementor-element elementor-element-31892f9 elementor-section-boxed elementor-section-height-default elementor-section-height-default\" data-id=\"31892f9\" data-element_type=\"section\">\n\t\t\t\t\t\t<div class=\"elementor-container elementor-column-gap-default\">\n\t\t\t\t\t<div class=\"elementor-column elementor-col-100 elementor-top-column elementor-element elementor-element-ed0a111\" data-id=\"ed0a111\" data-element_type=\"column\">\n\t\t\t<div class=\"elementor-widget-wrap elementor-element-populated\">\n\t\t\t\t\t\t<div class=\"elementor-element elementor-element-0b3ecfa elementor-widget elementor-widget-text-editor\" data-id=\"0b3ecfa\" data-element_type=\"widget\" data-widget_type=\"text-editor.default\">\n\t\t\t\t<div class=\"elementor-widget-container\">\n\t\t\t<style>\/*! elementor - v3.20.0 - 26-03-2024 *\/\n.elementor-widget-text-editor.elementor-drop-cap-view-stacked .elementor-drop-cap{background-color:#69727d;color:#fff}.elementor-widget-text-editor.elementor-drop-cap-view-framed .elementor-drop-cap{color:#69727d;border:3px solid;background-color:transparent}.elementor-widget-text-editor:not(.elementor-drop-cap-view-default) .elementor-drop-cap{margin-top:8px}.elementor-widget-text-editor:not(.elementor-drop-cap-view-default) .elementor-drop-cap-letter{width:1em;height:1em}.elementor-widget-text-editor .elementor-drop-cap{float:left;text-align:center;line-height:1;font-size:50px}.elementor-widget-text-editor .elementor-drop-cap-letter{display:inline-block}<\/style>\t\t\t\t<p>Tous les requis minimum sont bas\u00e9s sur un environnement avec un utilisateur unique (un ordinateur qui acc\u00e8de \u00e0 une base de donnes locale). Dans un environnement multi-utilisateurs, Act! Pro est con\u00e7u pour fonctionner jusqu\u2019\u00e0 10 utilisateurs. Votre syst\u00e8me doit \u00eatre conforme aux configurations minimum requises afin de b\u00e9n\u00e9ficier de notre support technique.<\/p><ul><li><a href=\"https:\/\/www.act.com\/fr\/produits\/systeme\/v20\/pro\/\">Act! Pro v20<\/a><\/li><li><a href=\"https:\/\/www.act.com\/fr\/produits\/systeme\/v20\/premium\/\">Act! Premium v20<\/a><\/li><\/ul><p>Pour Act! v19\u00a0<a href=\"https:\/\/www.act.com\/produits\/systeme\/v19\/\">cliquer ici<\/a>.<\/p><p>Pour Act! v18\u00a0<a href=\"https:\/\/www.act.com\/produits\/systeme\/v18\/\">cliquer ici<\/a>.<\/p><p>Pour Act! v17\u00a0<a href=\"https:\/\/www.act.com\/produits\/systeme\/v17\/\">cliquer ici<\/a>.<\/p>\t\t\t\t\t\t<\/div>\n\t\t\t\t<\/div>\n\t\t\t\t\t<\/div>\n\t\t<\/div>\n\t\t\t\t\t<\/div>\n\t\t<\/section>\n\t\t\t\t<\/div>\n\t\t","protected":false},"excerpt":{"rendered":"<p>Pr\u00e9requis syst\u00e8me pour Act! v20 Tous les requis minimum sont bas\u00e9s sur un environnement avec un utilisateur unique (un ordinateur qui acc\u00e8de \u00e0 une base de donnes locale). Dans un environnement multi-utilisateurs, Act! Pro est con\u00e7u pour fonctionner jusqu\u2019\u00e0 10 utilisateurs. Votre syst\u00e8me doit \u00eatre conforme aux configurations minimum requises afin de b\u00e9n\u00e9ficier de notre [&hellip;]<\/p>\n","protected":false},"author":4,"featured_media":0,"parent":41481,"menu_order":0,"comment_status":"closed","ping_status":"closed","template":"elementor_header_footer","meta":{"_acf_changed":false,"content-type":"","inline_featured_image":false,"footnotes":""},"categories":[],"tags":[],"folder":[],"acf":[],"yoast_head":"<!-- This site is optimized with the Yoast SEO Premium plugin v22.2 (Yoast SEO v22.4) - https:\/\/yoast.com\/wordpress\/plugins\/seo\/ -->\n<title>v20 - Act!<\/title>\n<meta name=\"robots\" content=\"noindex, follow, max-snippet:-1, max-image-preview:large, max-video-preview:-1\" \/>\n<meta property=\"og:locale\" content=\"fr_FR\" \/>\n<meta property=\"og:type\" content=\"article\" \/>\n<meta property=\"og:title\" content=\"v20\" \/>\n<meta property=\"og:description\" content=\"Pr\u00e9requis syst\u00e8me pour Act! v20 Tous les requis minimum sont bas\u00e9s sur un environnement avec un utilisateur unique (un ordinateur qui acc\u00e8de \u00e0 une base de donnes locale). Dans un environnement multi-utilisateurs, Act! Pro est con\u00e7u pour fonctionner jusqu\u2019\u00e0 10 utilisateurs. Votre syst\u00e8me doit \u00eatre conforme aux configurations minimum requises afin de b\u00e9n\u00e9ficier de notre [&hellip;]\" \/>\n<meta property=\"og:url\" content=\"https:\/\/products.act.com\/fr\/produits\/systeme\/v20\/\" \/>\n<meta property=\"og:site_name\" content=\"Act!\" \/>\n<meta property=\"article:modified_time\" content=\"2023-01-19T18:50:48+00:00\" \/>\n<meta name=\"twitter:card\" content=\"summary_large_image\" \/>\n<meta name=\"twitter:label1\" content=\"Est. reading time\" \/>\n\t<meta name=\"twitter:data1\" content=\"1 minute\" \/>\n<script type=\"application\/ld+json\" class=\"yoast-schema-graph\">{\"@context\":\"https:\/\/schema.org\",\"@graph\":[{\"@type\":\"WebPage\",\"@id\":\"https:\/\/products.act.com\/fr\/produits\/systeme\/v20\/\",\"url\":\"https:\/\/products.act.com\/fr\/produits\/systeme\/v20\/\",\"name\":\"v20 - Act!\",\"isPartOf\":{\"@id\":\"https:\/\/products.act.com\/fr\/#website\"},\"datePublished\":\"2021-12-20T11:52:49+00:00\",\"dateModified\":\"2023-01-19T18:50:48+00:00\",\"breadcrumb\":{\"@id\":\"https:\/\/products.act.com\/fr\/produits\/systeme\/v20\/#breadcrumb\"},\"inLanguage\":\"fr-FR\",\"potentialAction\":[{\"@type\":\"ReadAction\",\"target\":[\"https:\/\/products.act.com\/fr\/produits\/systeme\/v20\/\"]}]},{\"@type\":\"BreadcrumbList\",\"@id\":\"https:\/\/products.act.com\/fr\/produits\/systeme\/v20\/#breadcrumb\",\"itemListElement\":[{\"@type\":\"ListItem\",\"position\":1,\"name\":\"Home\",\"item\":\"https:\/\/products.act.com\/fr\/\"},{\"@type\":\"ListItem\",\"position\":2,\"name\":\"Produits\",\"item\":\"http:\/\/products.act.com\/fr\/products\/\"},{\"@type\":\"ListItem\",\"position\":3,\"name\":\"Systeme\",\"item\":\"http:\/\/products.act.com\/fr\/produits\/systeme\/\"},{\"@type\":\"ListItem\",\"position\":4,\"name\":\"v20\"}]},{\"@type\":\"WebSite\",\"@id\":\"https:\/\/products.act.com\/fr\/#website\",\"url\":\"https:\/\/products.act.com\/fr\/\",\"name\":\"Act!\",\"description\":\"CRM &amp; Marketing Automation in One\",\"publisher\":{\"@id\":\"https:\/\/products.act.com\/fr\/#organization\"},\"potentialAction\":[{\"@type\":\"SearchAction\",\"target\":{\"@type\":\"EntryPoint\",\"urlTemplate\":\"https:\/\/products.act.com\/fr\/?s={search_term_string}\"},\"query-input\":\"required name=search_term_string\"}],\"inLanguage\":\"fr-FR\"},{\"@type\":\"Organization\",\"@id\":\"https:\/\/products.act.com\/fr\/#organization\",\"name\":\"Act!\",\"url\":\"https:\/\/products.act.com\/fr\/\",\"logo\":{\"@type\":\"ImageObject\",\"inLanguage\":\"fr-FR\",\"@id\":\"https:\/\/products.act.com\/fr\/#\/schema\/logo\/image\/\",\"url\":\"https:\/\/products.act.com\/wp-content\/uploads\/2021\/07\/logo_fe5000.png\",\"contentUrl\":\"https:\/\/products.act.com\/wp-content\/uploads\/2021\/07\/logo_fe5000.png\",\"width\":120,\"height\":120,\"caption\":\"Act!\"},\"image\":{\"@id\":\"https:\/\/products.act.com\/fr\/#\/schema\/logo\/image\/\"}}]}<\/script>\n<!-- \/ Yoast SEO Premium plugin. -->","yoast_head_json":{"title":"v20 - Act!","robots":{"index":"noindex","follow":"follow","max-snippet":"max-snippet:-1","max-image-preview":"max-image-preview:large","max-video-preview":"max-video-preview:-1"},"og_locale":"fr_FR","og_type":"article","og_title":"v20","og_description":"Pr\u00e9requis syst\u00e8me pour Act! v20 Tous les requis minimum sont bas\u00e9s sur un environnement avec un utilisateur unique (un ordinateur qui acc\u00e8de \u00e0 une base de donnes locale). Dans un environnement multi-utilisateurs, Act! Pro est con\u00e7u pour fonctionner jusqu\u2019\u00e0 10 utilisateurs. Votre syst\u00e8me doit \u00eatre conforme aux configurations minimum requises afin de b\u00e9n\u00e9ficier de notre [&hellip;]","og_url":"https:\/\/products.act.com\/fr\/produits\/systeme\/v20\/","og_site_name":"Act!","article_modified_time":"2023-01-19T18:50:48+00:00","twitter_card":"summary_large_image","twitter_misc":{"Est. reading time":"1 minute"},"schema":{"@context":"https:\/\/schema.org","@graph":[{"@type":"WebPage","@id":"https:\/\/products.act.com\/fr\/produits\/systeme\/v20\/","url":"https:\/\/products.act.com\/fr\/produits\/systeme\/v20\/","name":"v20 - Act!","isPartOf":{"@id":"https:\/\/products.act.com\/fr\/#website"},"datePublished":"2021-12-20T11:52:49+00:00","dateModified":"2023-01-19T18:50:48+00:00","breadcrumb":{"@id":"https:\/\/products.act.com\/fr\/produits\/systeme\/v20\/#breadcrumb"},"inLanguage":"fr-FR","potentialAction":[{"@type":"ReadAction","target":["https:\/\/products.act.com\/fr\/produits\/systeme\/v20\/"]}]},{"@type":"BreadcrumbList","@id":"https:\/\/products.act.com\/fr\/produits\/systeme\/v20\/#breadcrumb","itemListElement":[{"@type":"ListItem","position":1,"name":"Home","item":"https:\/\/products.act.com\/fr\/"},{"@type":"ListItem","position":2,"name":"Produits","item":"http:\/\/products.act.com\/fr\/products\/"},{"@type":"ListItem","position":3,"name":"Systeme","item":"http:\/\/products.act.com\/fr\/produits\/systeme\/"},{"@type":"ListItem","position":4,"name":"v20"}]},{"@type":"WebSite","@id":"https:\/\/products.act.com\/fr\/#website","url":"https:\/\/products.act.com\/fr\/","name":"Act!","description":"CRM &amp; Marketing Automation in One","publisher":{"@id":"https:\/\/products.act.com\/fr\/#organization"},"potentialAction":[{"@type":"SearchAction","target":{"@type":"EntryPoint","urlTemplate":"https:\/\/products.act.com\/fr\/?s={search_term_string}"},"query-input":"required name=search_term_string"}],"inLanguage":"fr-FR"},{"@type":"Organization","@id":"https:\/\/products.act.com\/fr\/#organization","name":"Act!","url":"https:\/\/products.act.com\/fr\/","logo":{"@type":"ImageObject","inLanguage":"fr-FR","@id":"https:\/\/products.act.com\/fr\/#\/schema\/logo\/image\/","url":"https:\/\/products.act.com\/wp-content\/uploads\/2021\/07\/logo_fe5000.png","contentUrl":"https:\/\/products.act.com\/wp-content\/uploads\/2021\/07\/logo_fe5000.png","width":120,"height":120,"caption":"Act!"},"image":{"@id":"https:\/\/products.act.com\/fr\/#\/schema\/logo\/image\/"}}]}},"_links":{"self":[{"href":"https:\/\/products.act.com\/fr\/wp-json\/wp\/v2\/pages\/41501"}],"collection":[{"href":"https:\/\/products.act.com\/fr\/wp-json\/wp\/v2\/pages"}],"about":[{"href":"https:\/\/products.act.com\/fr\/wp-json\/wp\/v2\/types\/page"}],"author":[{"embeddable":true,"href":"https:\/\/products.act.com\/fr\/wp-json\/wp\/v2\/users\/4"}],"replies":[{"embeddable":true,"href":"https:\/\/products.act.com\/fr\/wp-json\/wp\/v2\/comments?post=41501"}],"version-history":[{"count":0,"href":"https:\/\/products.act.com\/fr\/wp-json\/wp\/v2\/pages\/41501\/revisions"}],"up":[{"embeddable":true,"href":"https:\/\/products.act.com\/fr\/wp-json\/wp\/v2\/pages\/41481"}],"wp:attachment":[{"href":"https:\/\/products.act.com\/fr\/wp-json\/wp\/v2\/media?parent=41501"}],"wp:term":[{"taxonomy":"category","embeddable":true,"href":"https:\/\/products.act.com\/fr\/wp-json\/wp\/v2\/categories?post=41501"},{"taxonomy":"post_tag","embeddable":true,"href":"https:\/\/products.act.com\/fr\/wp-json\/wp\/v2\/tags?post=41501"},{"taxonomy":"folder","embeddable":true,"href":"https:\/\/products.act.com\/fr\/wp-json\/wp\/v2\/folder?post=41501"}],"curies":[{"name":"wp","href":"https:\/\/api.w.org\/{rel}","templated":true}]}}