{"id":41487,"date":"2021-12-20T11:27:53","date_gmt":"2021-12-20T11:27:53","guid":{"rendered":"https:\/\/act.com\/?page_id=41487"},"modified":"2023-01-19T11:55:09","modified_gmt":"2023-01-19T18:55:09","slug":"prerequis-systeme-act-pro-v21","status":"publish","type":"page","link":"https:\/\/products.act.com\/fr\/produits\/systeme\/v21\/prerequis-systeme-act-pro-v21\/","title":{"rendered":"Pr\u00e9requis syst\u00e8me Act! Pro v21"},"content":{"rendered":"\t\t<div data-elementor-type=\"wp-page\" data-elementor-id=\"41487\" class=\"elementor elementor-41487\" data-elementor-post-type=\"page\">\n\t\t\t\t\t\t<section class=\"elementor-section elementor-top-section elementor-element elementor-element-cf6129f topSctGlb elementor-section-boxed elementor-section-height-default elementor-section-height-default\" data-id=\"cf6129f\" data-element_type=\"section\" data-settings=\"{&quot;background_background&quot;:&quot;gradient&quot;}\">\n\t\t\t\t\t\t\t<div class=\"elementor-background-overlay\"><\/div>\n\t\t\t\t\t\t\t<div class=\"elementor-container elementor-column-gap-default\">\n\t\t\t\t\t<div class=\"elementor-column elementor-col-100 elementor-top-column elementor-element elementor-element-f140fbc\" data-id=\"f140fbc\" data-element_type=\"column\" data-settings=\"{&quot;background_background&quot;:&quot;classic&quot;}\">\n\t\t\t<div class=\"elementor-widget-wrap elementor-element-populated\">\n\t\t\t\t\t\t<div class=\"elementor-element elementor-element-603988b elementor-widget elementor-widget-heading\" data-id=\"603988b\" data-element_type=\"widget\" data-widget_type=\"heading.default\">\n\t\t\t\t<div class=\"elementor-widget-container\">\n\t\t\t<style>\/*! elementor - v3.20.0 - 26-03-2024 *\/\n.elementor-heading-title{padding:0;margin:0;line-height:1}.elementor-widget-heading .elementor-heading-title[class*=elementor-size-]>a{color:inherit;font-size:inherit;line-height:inherit}.elementor-widget-heading .elementor-heading-title.elementor-size-small{font-size:15px}.elementor-widget-heading .elementor-heading-title.elementor-size-medium{font-size:19px}.elementor-widget-heading .elementor-heading-title.elementor-size-large{font-size:29px}.elementor-widget-heading .elementor-heading-title.elementor-size-xl{font-size:39px}.elementor-widget-heading .elementor-heading-title.elementor-size-xxl{font-size:59px}<\/style><h1 class=\"elementor-heading-title elementor-size-default\">Pr\u00e9requis syst\u00e8me pour Act! Pro v21<\/h1>\t\t<\/div>\n\t\t\t\t<\/div>\n\t\t\t\t\t<\/div>\n\t\t<\/div>\n\t\t\t\t\t<\/div>\n\t\t<\/section>\n\t\t\t\t<section class=\"elementor-section elementor-top-section elementor-element elementor-element-59d92cb elementor-section-boxed elementor-section-height-default elementor-section-height-default\" data-id=\"59d92cb\" data-element_type=\"section\">\n\t\t\t\t\t\t<div class=\"elementor-container elementor-column-gap-default\">\n\t\t\t\t\t<div class=\"elementor-column elementor-col-100 elementor-top-column elementor-element elementor-element-cd5ecde\" data-id=\"cd5ecde\" data-element_type=\"column\">\n\t\t\t<div class=\"elementor-widget-wrap elementor-element-populated\">\n\t\t\t\t\t\t<div class=\"elementor-element elementor-element-44dea1a elementor-widget elementor-widget-text-editor\" data-id=\"44dea1a\" data-element_type=\"widget\" data-widget_type=\"text-editor.default\">\n\t\t\t\t<div class=\"elementor-widget-container\">\n\t\t\t<style>\/*! elementor - v3.20.0 - 26-03-2024 *\/\n.elementor-widget-text-editor.elementor-drop-cap-view-stacked .elementor-drop-cap{background-color:#69727d;color:#fff}.elementor-widget-text-editor.elementor-drop-cap-view-framed .elementor-drop-cap{color:#69727d;border:3px solid;background-color:transparent}.elementor-widget-text-editor:not(.elementor-drop-cap-view-default) .elementor-drop-cap{margin-top:8px}.elementor-widget-text-editor:not(.elementor-drop-cap-view-default) .elementor-drop-cap-letter{width:1em;height:1em}.elementor-widget-text-editor .elementor-drop-cap{float:left;text-align:center;line-height:1;font-size:50px}.elementor-widget-text-editor .elementor-drop-cap-letter{display:inline-block}<\/style>\t\t\t\t<p>Toutes les configurations syst\u00e8me minimales sont indiqu\u00e9es pour un environnement \u00e0 un seul utilisateur (un ordinateur ayant acc\u00e8s \u00e0 la base de donn\u00e9es locale). Dans un contexte d&#8217;environnement partag\u00e9, Act! Pro est con\u00e7u pour int\u00e9grer une \u00e9quipe de 5 utilisateurs, quant \u00e0 Act! Premium, il peut supporter plus de 10 utilisateurs. Les configurations syst\u00e8me de serveur recommand\u00e9es sont indiqu\u00e9es pour un environnement de plus d&#8217;un seul utilisateur. Pour vous enregistrer en tant que client et pour activer votre compte vous devez acheter une licence Act! par utilisateur. Votre syst\u00e8me doit r\u00e9pondre aux configurations minimales pour pouvoir b\u00e9n\u00e9ficier de l&#8217;assistance technique.<\/p>\t\t\t\t\t\t<\/div>\n\t\t\t\t<\/div>\n\t\t\t\t\t<\/div>\n\t\t<\/div>\n\t\t\t\t\t<\/div>\n\t\t<\/section>\n\t\t\t\t<section class=\"elementor-section elementor-top-section elementor-element elementor-element-5bf8dcb elementor-section-boxed elementor-section-height-default elementor-section-height-default\" data-id=\"5bf8dcb\" data-element_type=\"section\" data-settings=\"{&quot;background_background&quot;:&quot;classic&quot;}\">\n\t\t\t\t\t\t<div class=\"elementor-container elementor-column-gap-default\">\n\t\t\t\t\t<div class=\"elementor-column elementor-col-100 elementor-top-column elementor-element elementor-element-12ee8d6\" data-id=\"12ee8d6\" data-element_type=\"column\">\n\t\t\t<div class=\"elementor-widget-wrap elementor-element-populated\">\n\t\t\t\t\t\t<section class=\"elementor-section elementor-inner-section elementor-element elementor-element-5a333a2 elementor-section-boxed elementor-section-height-default elementor-section-height-default\" data-id=\"5a333a2\" data-element_type=\"section\">\n\t\t\t\t\t\t<div class=\"elementor-container elementor-column-gap-default\">\n\t\t\t\t\t<div class=\"elementor-column elementor-col-50 elementor-inner-column elementor-element elementor-element-b6db8ff\" data-id=\"b6db8ff\" data-element_type=\"column\">\n\t\t\t<div class=\"elementor-widget-wrap elementor-element-populated\">\n\t\t\t\t\t\t<div class=\"elementor-element elementor-element-788ec12 elementor-widget elementor-widget-heading\" data-id=\"788ec12\" data-element_type=\"widget\" data-widget_type=\"heading.default\">\n\t\t\t\t<div class=\"elementor-widget-container\">\n\t\t\t<h2 class=\"elementor-heading-title elementor-size-default\">                    Configurations syst\u00e8me1 :\n<\/h2>\t\t<\/div>\n\t\t\t\t<\/div>\n\t\t\t\t\t<\/div>\n\t\t<\/div>\n\t\t\t\t<div class=\"elementor-column elementor-col-50 elementor-inner-column elementor-element elementor-element-172dd7b\" data-id=\"172dd7b\" data-element_type=\"column\">\n\t\t\t<div class=\"elementor-widget-wrap elementor-element-populated\">\n\t\t\t\t\t\t<div class=\"elementor-element elementor-element-0397f4d elementor-widget elementor-widget-text-editor\" data-id=\"0397f4d\" data-element_type=\"widget\" data-widget_type=\"text-editor.default\">\n\t\t\t\t<div class=\"elementor-widget-container\">\n\t\t\t\t\t\t\t<ul><li>2 Go disponible sur le disque dur<sup>2<\/sup><\/li><li>SVGA (1024&#215;768) ou moniteur de r\u00e9solution sup\u00e9rieure<\/li><li>Connexion internet<\/li><li>2 Go de m\u00e9moire, 4Go pour les syst\u00e8mes d&#8217;exploitation 64-bit<\/li><li>Processeur 1.8GHz<\/li><li>Carte d&#8217;interface r\u00e9seau<\/li><li>Service des mises \u00e0 jour Microsoft activ\u00e9<\/li><\/ul>\t\t\t\t\t\t<\/div>\n\t\t\t\t<\/div>\n\t\t\t\t\t<\/div>\n\t\t<\/div>\n\t\t\t\t\t<\/div>\n\t\t<\/section>\n\t\t\t\t\t<\/div>\n\t\t<\/div>\n\t\t\t\t\t<\/div>\n\t\t<\/section>\n\t\t\t\t<section class=\"elementor-section elementor-top-section elementor-element elementor-element-1499e9f elementor-section-boxed elementor-section-height-default elementor-section-height-default\" data-id=\"1499e9f\" data-element_type=\"section\" data-settings=\"{&quot;background_background&quot;:&quot;classic&quot;}\">\n\t\t\t\t\t\t<div class=\"elementor-container elementor-column-gap-default\">\n\t\t\t\t\t<div class=\"elementor-column elementor-col-100 elementor-top-column elementor-element elementor-element-ea2e1ea\" data-id=\"ea2e1ea\" data-element_type=\"column\">\n\t\t\t<div class=\"elementor-widget-wrap elementor-element-populated\">\n\t\t\t\t\t\t<section class=\"elementor-section elementor-inner-section elementor-element elementor-element-1f56d3c elementor-section-boxed elementor-section-height-default elementor-section-height-default\" data-id=\"1f56d3c\" data-element_type=\"section\">\n\t\t\t\t\t\t<div class=\"elementor-container elementor-column-gap-default\">\n\t\t\t\t\t<div class=\"elementor-column elementor-col-50 elementor-inner-column elementor-element elementor-element-d39a544\" data-id=\"d39a544\" data-element_type=\"column\">\n\t\t\t<div class=\"elementor-widget-wrap elementor-element-populated\">\n\t\t\t\t\t\t<div class=\"elementor-element elementor-element-c7afe41 elementor-widget elementor-widget-heading\" data-id=\"c7afe41\" data-element_type=\"widget\" data-widget_type=\"heading.default\">\n\t\t\t\t<div class=\"elementor-widget-container\">\n\t\t\t<h2 class=\"elementor-heading-title elementor-size-default\">Compatible avec :<\/h2>\t\t<\/div>\n\t\t\t\t<\/div>\n\t\t\t\t\t<\/div>\n\t\t<\/div>\n\t\t\t\t<div class=\"elementor-column elementor-col-50 elementor-inner-column elementor-element elementor-element-42a9fca\" data-id=\"42a9fca\" data-element_type=\"column\">\n\t\t\t<div class=\"elementor-widget-wrap elementor-element-populated\">\n\t\t\t\t\t\t<div class=\"elementor-element elementor-element-df79ecb elementor-widget elementor-widget-text-editor\" data-id=\"df79ecb\" data-element_type=\"widget\" data-widget_type=\"text-editor.default\">\n\t\t\t\t<div class=\"elementor-widget-container\">\n\t\t\t\t\t\t\t<ul><li>Microsoft\u00ae Office 2019, 2016 et 2013 (support pour Office 2019 n\u00e9cessite Act! v21.1)<\/li><li>Microsoft\u00ae Exchange and Office 365 pour la synchronisation des contacts et du calendrier<\/li><li>Internet Mail SMTP\/POP3<sup>3<\/sup><\/li><\/ul>\t\t\t\t\t\t<\/div>\n\t\t\t\t<\/div>\n\t\t\t\t\t<\/div>\n\t\t<\/div>\n\t\t\t\t\t<\/div>\n\t\t<\/section>\n\t\t\t\t\t<\/div>\n\t\t<\/div>\n\t\t\t\t\t<\/div>\n\t\t<\/section>\n\t\t\t\t<section class=\"elementor-section elementor-top-section elementor-element elementor-element-8b45e08 elementor-section-boxed elementor-section-height-default elementor-section-height-default\" data-id=\"8b45e08\" data-element_type=\"section\" data-settings=\"{&quot;background_background&quot;:&quot;classic&quot;}\">\n\t\t\t\t\t\t<div class=\"elementor-container elementor-column-gap-default\">\n\t\t\t\t\t<div class=\"elementor-column elementor-col-100 elementor-top-column elementor-element elementor-element-eb84075\" data-id=\"eb84075\" data-element_type=\"column\">\n\t\t\t<div class=\"elementor-widget-wrap elementor-element-populated\">\n\t\t\t\t\t\t<section class=\"elementor-section elementor-inner-section elementor-element elementor-element-6899421 elementor-section-boxed elementor-section-height-default elementor-section-height-default\" data-id=\"6899421\" data-element_type=\"section\">\n\t\t\t\t\t\t<div class=\"elementor-container elementor-column-gap-default\">\n\t\t\t\t\t<div class=\"elementor-column elementor-col-50 elementor-inner-column elementor-element elementor-element-43f17b8\" data-id=\"43f17b8\" data-element_type=\"column\">\n\t\t\t<div class=\"elementor-widget-wrap elementor-element-populated\">\n\t\t\t\t\t\t<div class=\"elementor-element elementor-element-5b45a4e elementor-widget elementor-widget-heading\" data-id=\"5b45a4e\" data-element_type=\"widget\" data-widget_type=\"heading.default\">\n\t\t\t\t<div class=\"elementor-widget-container\">\n\t\t\t<h2 class=\"elementor-heading-title elementor-size-default\">Syst\u00e8mes d'exploitation compatibles4:<\/h2>\t\t<\/div>\n\t\t\t\t<\/div>\n\t\t\t\t\t<\/div>\n\t\t<\/div>\n\t\t\t\t<div class=\"elementor-column elementor-col-50 elementor-inner-column elementor-element elementor-element-a26f1b7\" data-id=\"a26f1b7\" data-element_type=\"column\">\n\t\t\t<div class=\"elementor-widget-wrap elementor-element-populated\">\n\t\t\t\t\t\t<div class=\"elementor-element elementor-element-9e0aaac elementor-widget elementor-widget-text-editor\" data-id=\"9e0aaac\" data-element_type=\"widget\" data-widget_type=\"text-editor.default\">\n\t\t\t\t<div class=\"elementor-widget-container\">\n\t\t\t\t\t\t\t<ul><li>Windows Server 2019 (64-bit) (support pour Windows Server 2019 n\u00e9cessite Act! v21.1)<\/li><li>Windows Server 2008 R2 (64-bit)<sup>5<\/sup><\/li><li>Windows Server 2012\u00a0(64-bit)<\/li><li>Windows Server 2012\u00a0R2\u00a0(64-bit)<\/li><li>Windows Server 2016 (64-bit)<\/li><li>Windows 7 SP1 (32-bit et 64-bit)<\/li><li>Windows 8.1 (32-bit et 64-bit)<\/li><li>Windows 8.1 Pro (32-bit et 64-bit)<\/li><li>Windows 8.1 Enterprise (32-bit et 64-bit)<\/li><li>Windows 10<\/li><\/ul>\t\t\t\t\t\t<\/div>\n\t\t\t\t<\/div>\n\t\t\t\t\t<\/div>\n\t\t<\/div>\n\t\t\t\t\t<\/div>\n\t\t<\/section>\n\t\t\t\t\t<\/div>\n\t\t<\/div>\n\t\t\t\t\t<\/div>\n\t\t<\/section>\n\t\t\t\t<section class=\"elementor-section elementor-top-section elementor-element elementor-element-ad0292f elementor-section-boxed elementor-section-height-default elementor-section-height-default\" data-id=\"ad0292f\" data-element_type=\"section\" data-settings=\"{&quot;background_background&quot;:&quot;classic&quot;}\">\n\t\t\t\t\t\t<div class=\"elementor-container elementor-column-gap-default\">\n\t\t\t\t\t<div class=\"elementor-column elementor-col-100 elementor-top-column elementor-element elementor-element-ee988c1\" data-id=\"ee988c1\" data-element_type=\"column\">\n\t\t\t<div class=\"elementor-widget-wrap elementor-element-populated\">\n\t\t\t\t\t\t<section class=\"elementor-section elementor-inner-section elementor-element elementor-element-4c75541 elementor-section-boxed elementor-section-height-default elementor-section-height-default\" data-id=\"4c75541\" data-element_type=\"section\">\n\t\t\t\t\t\t<div class=\"elementor-container elementor-column-gap-default\">\n\t\t\t\t\t<div class=\"elementor-column elementor-col-50 elementor-inner-column elementor-element elementor-element-263acf0\" data-id=\"263acf0\" data-element_type=\"column\">\n\t\t\t<div class=\"elementor-widget-wrap elementor-element-populated\">\n\t\t\t\t\t\t<div class=\"elementor-element elementor-element-316a14b elementor-widget elementor-widget-heading\" data-id=\"316a14b\" data-element_type=\"widget\" data-widget_type=\"heading.default\">\n\t\t\t\t<div class=\"elementor-widget-container\">\n\t\t\t<h2 class=\"elementor-heading-title elementor-size-default\">Serveur de base de donn\u00e9es :<\/h2>\t\t<\/div>\n\t\t\t\t<\/div>\n\t\t\t\t\t<\/div>\n\t\t<\/div>\n\t\t\t\t<div class=\"elementor-column elementor-col-50 elementor-inner-column elementor-element elementor-element-5ab4289\" data-id=\"5ab4289\" data-element_type=\"column\">\n\t\t\t<div class=\"elementor-widget-wrap elementor-element-populated\">\n\t\t\t\t\t\t<div class=\"elementor-element elementor-element-8a25bbc elementor-widget elementor-widget-text-editor\" data-id=\"8a25bbc\" data-element_type=\"widget\" data-widget_type=\"text-editor.default\">\n\t\t\t\t<div class=\"elementor-widget-container\">\n\t\t\t\t\t\t\t<p>Act! Pro utilise SQL Server 2014 Express ou votre installation existante de SQL Server 2008 R2 ou d\u2019une version plus r\u00e9cente.\u00a0\u00a0Si vous d\u00e9sirez utiliser une version diff\u00e9rente de SQL Server, veuillez consulter la documentation Microsoft pour les conditions sp\u00e9cifiques de cette version.<\/p>\t\t\t\t\t\t<\/div>\n\t\t\t\t<\/div>\n\t\t\t\t\t<\/div>\n\t\t<\/div>\n\t\t\t\t\t<\/div>\n\t\t<\/section>\n\t\t\t\t\t<\/div>\n\t\t<\/div>\n\t\t\t\t\t<\/div>\n\t\t<\/section>\n\t\t\t\t<\/div>\n\t\t","protected":false},"excerpt":{"rendered":"<p>Pr\u00e9requis syst\u00e8me pour Act! Pro v21 Toutes les configurations syst\u00e8me minimales sont indiqu\u00e9es pour un environnement \u00e0 un seul utilisateur (un ordinateur ayant acc\u00e8s \u00e0 la base de donn\u00e9es locale). Dans un contexte d&#8217;environnement partag\u00e9, Act! Pro est con\u00e7u pour int\u00e9grer une \u00e9quipe de 5 utilisateurs, quant \u00e0 Act! Premium, il peut supporter plus de [&hellip;]<\/p>\n","protected":false},"author":4,"featured_media":0,"parent":41486,"menu_order":0,"comment_status":"closed","ping_status":"closed","template":"elementor_header_footer","meta":{"_acf_changed":false,"content-type":"","inline_featured_image":false,"footnotes":""},"categories":[],"tags":[],"folder":[],"acf":[],"yoast_head":"<!-- This site is optimized with the Yoast SEO Premium plugin v22.2 (Yoast SEO v22.4) - https:\/\/yoast.com\/wordpress\/plugins\/seo\/ -->\n<title>Pr\u00e9requis syst\u00e8me Act! Pro v21<\/title>\n<meta name=\"robots\" content=\"noindex, follow, max-snippet:-1, max-image-preview:large, max-video-preview:-1\" \/>\n<meta property=\"og:locale\" content=\"fr_FR\" \/>\n<meta property=\"og:type\" content=\"article\" \/>\n<meta property=\"og:title\" content=\"Pr\u00e9requis syst\u00e8me Act! Pro v21\" \/>\n<meta property=\"og:description\" content=\"Pr\u00e9requis syst\u00e8me pour Act! Pro v21 Toutes les configurations syst\u00e8me minimales sont indiqu\u00e9es pour un environnement \u00e0 un seul utilisateur (un ordinateur ayant acc\u00e8s \u00e0 la base de donn\u00e9es locale). Dans un contexte d&#8217;environnement partag\u00e9, Act! Pro est con\u00e7u pour int\u00e9grer une \u00e9quipe de 5 utilisateurs, quant \u00e0 Act! Premium, il peut supporter plus de [&hellip;]\" \/>\n<meta property=\"og:url\" content=\"https:\/\/products.act.com\/fr\/produits\/systeme\/v21\/prerequis-systeme-act-pro-v21\/\" \/>\n<meta property=\"og:site_name\" content=\"Act!\" \/>\n<meta property=\"article:modified_time\" content=\"2023-01-19T18:55:09+00:00\" \/>\n<meta name=\"twitter:card\" content=\"summary_large_image\" \/>\n<meta name=\"twitter:label1\" content=\"Est. reading time\" \/>\n\t<meta name=\"twitter:data1\" content=\"2 minutes\" \/>\n<script type=\"application\/ld+json\" class=\"yoast-schema-graph\">{\"@context\":\"https:\/\/schema.org\",\"@graph\":[{\"@type\":\"WebPage\",\"@id\":\"https:\/\/products.act.com\/fr\/produits\/systeme\/v21\/prerequis-systeme-act-pro-v21\/\",\"url\":\"https:\/\/products.act.com\/fr\/produits\/systeme\/v21\/prerequis-systeme-act-pro-v21\/\",\"name\":\"Pr\u00e9requis syst\u00e8me Act! Pro v21\",\"isPartOf\":{\"@id\":\"https:\/\/products.act.com\/fr\/#website\"},\"datePublished\":\"2021-12-20T11:27:53+00:00\",\"dateModified\":\"2023-01-19T18:55:09+00:00\",\"breadcrumb\":{\"@id\":\"https:\/\/products.act.com\/fr\/produits\/systeme\/v21\/prerequis-systeme-act-pro-v21\/#breadcrumb\"},\"inLanguage\":\"fr-FR\",\"potentialAction\":[{\"@type\":\"ReadAction\",\"target\":[\"https:\/\/products.act.com\/fr\/produits\/systeme\/v21\/prerequis-systeme-act-pro-v21\/\"]}]},{\"@type\":\"BreadcrumbList\",\"@id\":\"https:\/\/products.act.com\/fr\/produits\/systeme\/v21\/prerequis-systeme-act-pro-v21\/#breadcrumb\",\"itemListElement\":[{\"@type\":\"ListItem\",\"position\":1,\"name\":\"Home\",\"item\":\"https:\/\/products.act.com\/fr\/\"},{\"@type\":\"ListItem\",\"position\":2,\"name\":\"Produits\",\"item\":\"http:\/\/products.act.com\/fr\/products\/\"},{\"@type\":\"ListItem\",\"position\":3,\"name\":\"Systeme\",\"item\":\"http:\/\/products.act.com\/fr\/produits\/systeme\/\"},{\"@type\":\"ListItem\",\"position\":4,\"name\":\"v21\",\"item\":\"http:\/\/products.act.com\/fr\/produits\/systeme\/v21\/\"},{\"@type\":\"ListItem\",\"position\":5,\"name\":\"Pr\u00e9requis syst\u00e8me Act! Pro v21\"}]},{\"@type\":\"WebSite\",\"@id\":\"https:\/\/products.act.com\/fr\/#website\",\"url\":\"https:\/\/products.act.com\/fr\/\",\"name\":\"Act!\",\"description\":\"CRM &amp; Marketing Automation in One\",\"publisher\":{\"@id\":\"https:\/\/products.act.com\/fr\/#organization\"},\"potentialAction\":[{\"@type\":\"SearchAction\",\"target\":{\"@type\":\"EntryPoint\",\"urlTemplate\":\"https:\/\/products.act.com\/fr\/?s={search_term_string}\"},\"query-input\":\"required name=search_term_string\"}],\"inLanguage\":\"fr-FR\"},{\"@type\":\"Organization\",\"@id\":\"https:\/\/products.act.com\/fr\/#organization\",\"name\":\"Act!\",\"url\":\"https:\/\/products.act.com\/fr\/\",\"logo\":{\"@type\":\"ImageObject\",\"inLanguage\":\"fr-FR\",\"@id\":\"https:\/\/products.act.com\/fr\/#\/schema\/logo\/image\/\",\"url\":\"https:\/\/products.act.com\/wp-content\/uploads\/2021\/07\/logo_fe5000.png\",\"contentUrl\":\"https:\/\/products.act.com\/wp-content\/uploads\/2021\/07\/logo_fe5000.png\",\"width\":120,\"height\":120,\"caption\":\"Act!\"},\"image\":{\"@id\":\"https:\/\/products.act.com\/fr\/#\/schema\/logo\/image\/\"}}]}<\/script>\n<!-- \/ Yoast SEO Premium plugin. -->","yoast_head_json":{"title":"Pr\u00e9requis syst\u00e8me Act! Pro v21","robots":{"index":"noindex","follow":"follow","max-snippet":"max-snippet:-1","max-image-preview":"max-image-preview:large","max-video-preview":"max-video-preview:-1"},"og_locale":"fr_FR","og_type":"article","og_title":"Pr\u00e9requis syst\u00e8me Act! Pro v21","og_description":"Pr\u00e9requis syst\u00e8me pour Act! Pro v21 Toutes les configurations syst\u00e8me minimales sont indiqu\u00e9es pour un environnement \u00e0 un seul utilisateur (un ordinateur ayant acc\u00e8s \u00e0 la base de donn\u00e9es locale). Dans un contexte d&#8217;environnement partag\u00e9, Act! Pro est con\u00e7u pour int\u00e9grer une \u00e9quipe de 5 utilisateurs, quant \u00e0 Act! Premium, il peut supporter plus de [&hellip;]","og_url":"https:\/\/products.act.com\/fr\/produits\/systeme\/v21\/prerequis-systeme-act-pro-v21\/","og_site_name":"Act!","article_modified_time":"2023-01-19T18:55:09+00:00","twitter_card":"summary_large_image","twitter_misc":{"Est. reading time":"2 minutes"},"schema":{"@context":"https:\/\/schema.org","@graph":[{"@type":"WebPage","@id":"https:\/\/products.act.com\/fr\/produits\/systeme\/v21\/prerequis-systeme-act-pro-v21\/","url":"https:\/\/products.act.com\/fr\/produits\/systeme\/v21\/prerequis-systeme-act-pro-v21\/","name":"Pr\u00e9requis syst\u00e8me Act! Pro v21","isPartOf":{"@id":"https:\/\/products.act.com\/fr\/#website"},"datePublished":"2021-12-20T11:27:53+00:00","dateModified":"2023-01-19T18:55:09+00:00","breadcrumb":{"@id":"https:\/\/products.act.com\/fr\/produits\/systeme\/v21\/prerequis-systeme-act-pro-v21\/#breadcrumb"},"inLanguage":"fr-FR","potentialAction":[{"@type":"ReadAction","target":["https:\/\/products.act.com\/fr\/produits\/systeme\/v21\/prerequis-systeme-act-pro-v21\/"]}]},{"@type":"BreadcrumbList","@id":"https:\/\/products.act.com\/fr\/produits\/systeme\/v21\/prerequis-systeme-act-pro-v21\/#breadcrumb","itemListElement":[{"@type":"ListItem","position":1,"name":"Home","item":"https:\/\/products.act.com\/fr\/"},{"@type":"ListItem","position":2,"name":"Produits","item":"http:\/\/products.act.com\/fr\/products\/"},{"@type":"ListItem","position":3,"name":"Systeme","item":"http:\/\/products.act.com\/fr\/produits\/systeme\/"},{"@type":"ListItem","position":4,"name":"v21","item":"http:\/\/products.act.com\/fr\/produits\/systeme\/v21\/"},{"@type":"ListItem","position":5,"name":"Pr\u00e9requis syst\u00e8me Act! Pro v21"}]},{"@type":"WebSite","@id":"https:\/\/products.act.com\/fr\/#website","url":"https:\/\/products.act.com\/fr\/","name":"Act!","description":"CRM &amp; Marketing Automation in One","publisher":{"@id":"https:\/\/products.act.com\/fr\/#organization"},"potentialAction":[{"@type":"SearchAction","target":{"@type":"EntryPoint","urlTemplate":"https:\/\/products.act.com\/fr\/?s={search_term_string}"},"query-input":"required name=search_term_string"}],"inLanguage":"fr-FR"},{"@type":"Organization","@id":"https:\/\/products.act.com\/fr\/#organization","name":"Act!","url":"https:\/\/products.act.com\/fr\/","logo":{"@type":"ImageObject","inLanguage":"fr-FR","@id":"https:\/\/products.act.com\/fr\/#\/schema\/logo\/image\/","url":"https:\/\/products.act.com\/wp-content\/uploads\/2021\/07\/logo_fe5000.png","contentUrl":"https:\/\/products.act.com\/wp-content\/uploads\/2021\/07\/logo_fe5000.png","width":120,"height":120,"caption":"Act!"},"image":{"@id":"https:\/\/products.act.com\/fr\/#\/schema\/logo\/image\/"}}]}},"_links":{"self":[{"href":"https:\/\/products.act.com\/fr\/wp-json\/wp\/v2\/pages\/41487"}],"collection":[{"href":"https:\/\/products.act.com\/fr\/wp-json\/wp\/v2\/pages"}],"about":[{"href":"https:\/\/products.act.com\/fr\/wp-json\/wp\/v2\/types\/page"}],"author":[{"embeddable":true,"href":"https:\/\/products.act.com\/fr\/wp-json\/wp\/v2\/users\/4"}],"replies":[{"embeddable":true,"href":"https:\/\/products.act.com\/fr\/wp-json\/wp\/v2\/comments?post=41487"}],"version-history":[{"count":0,"href":"https:\/\/products.act.com\/fr\/wp-json\/wp\/v2\/pages\/41487\/revisions"}],"up":[{"embeddable":true,"href":"https:\/\/products.act.com\/fr\/wp-json\/wp\/v2\/pages\/41486"}],"wp:attachment":[{"href":"https:\/\/products.act.com\/fr\/wp-json\/wp\/v2\/media?parent=41487"}],"wp:term":[{"taxonomy":"category","embeddable":true,"href":"https:\/\/products.act.com\/fr\/wp-json\/wp\/v2\/categories?post=41487"},{"taxonomy":"post_tag","embeddable":true,"href":"https:\/\/products.act.com\/fr\/wp-json\/wp\/v2\/tags?post=41487"},{"taxonomy":"folder","embeddable":true,"href":"https:\/\/products.act.com\/fr\/wp-json\/wp\/v2\/folder?post=41487"}],"curies":[{"name":"wp","href":"https:\/\/api.w.org\/{rel}","templated":true}]}}