{"id":41486,"date":"2021-12-20T11:26:27","date_gmt":"2021-12-20T11:26:27","guid":{"rendered":"https:\/\/act.com\/?page_id=41486"},"modified":"2023-01-19T11:53:11","modified_gmt":"2023-01-19T18:53:11","slug":"v21","status":"publish","type":"page","link":"https:\/\/products.act.com\/fr\/produits\/systeme\/v21\/","title":{"rendered":"v21"},"content":{"rendered":"\t\t<div data-elementor-type=\"wp-page\" data-elementor-id=\"41486\" class=\"elementor elementor-41486\" data-elementor-post-type=\"page\">\n\t\t\t\t\t\t<section class=\"elementor-section elementor-top-section elementor-element elementor-element-967932b topSctGlb elementor-section-boxed elementor-section-height-default elementor-section-height-default\" data-id=\"967932b\" data-element_type=\"section\" data-settings=\"{&quot;background_background&quot;:&quot;gradient&quot;}\">\n\t\t\t\t\t\t\t<div class=\"elementor-background-overlay\"><\/div>\n\t\t\t\t\t\t\t<div class=\"elementor-container elementor-column-gap-default\">\n\t\t\t\t\t<div class=\"elementor-column elementor-col-100 elementor-top-column elementor-element elementor-element-fa9bb11\" data-id=\"fa9bb11\" data-element_type=\"column\" data-settings=\"{&quot;background_background&quot;:&quot;classic&quot;}\">\n\t\t\t<div class=\"elementor-widget-wrap elementor-element-populated\">\n\t\t\t\t\t\t<div class=\"elementor-element elementor-element-e5cce51 elementor-widget elementor-widget-heading\" data-id=\"e5cce51\" data-element_type=\"widget\" data-widget_type=\"heading.default\">\n\t\t\t\t<div class=\"elementor-widget-container\">\n\t\t\t<style>\/*! elementor - v3.20.0 - 26-03-2024 *\/\n.elementor-heading-title{padding:0;margin:0;line-height:1}.elementor-widget-heading .elementor-heading-title[class*=elementor-size-]>a{color:inherit;font-size:inherit;line-height:inherit}.elementor-widget-heading .elementor-heading-title.elementor-size-small{font-size:15px}.elementor-widget-heading .elementor-heading-title.elementor-size-medium{font-size:19px}.elementor-widget-heading .elementor-heading-title.elementor-size-large{font-size:29px}.elementor-widget-heading .elementor-heading-title.elementor-size-xl{font-size:39px}.elementor-widget-heading .elementor-heading-title.elementor-size-xxl{font-size:59px}<\/style><h1 class=\"elementor-heading-title elementor-size-default\">Pr\u00e9requis syst\u00e8me pour Act! v21<\/h1>\t\t<\/div>\n\t\t\t\t<\/div>\n\t\t\t\t\t<\/div>\n\t\t<\/div>\n\t\t\t\t\t<\/div>\n\t\t<\/section>\n\t\t\t\t<section class=\"elementor-section elementor-top-section elementor-element elementor-element-aef86d9 elementor-section-boxed elementor-section-height-default elementor-section-height-default\" data-id=\"aef86d9\" data-element_type=\"section\">\n\t\t\t\t\t\t<div class=\"elementor-container elementor-column-gap-default\">\n\t\t\t\t\t<div class=\"elementor-column elementor-col-100 elementor-top-column elementor-element elementor-element-15e2fd8\" data-id=\"15e2fd8\" data-element_type=\"column\">\n\t\t\t<div class=\"elementor-widget-wrap elementor-element-populated\">\n\t\t\t\t\t\t<div class=\"elementor-element elementor-element-b533ea1 elementor-widget elementor-widget-text-editor\" data-id=\"b533ea1\" data-element_type=\"widget\" data-widget_type=\"text-editor.default\">\n\t\t\t\t<div class=\"elementor-widget-container\">\n\t\t\t<style>\/*! elementor - v3.20.0 - 26-03-2024 *\/\n.elementor-widget-text-editor.elementor-drop-cap-view-stacked .elementor-drop-cap{background-color:#69727d;color:#fff}.elementor-widget-text-editor.elementor-drop-cap-view-framed .elementor-drop-cap{color:#69727d;border:3px solid;background-color:transparent}.elementor-widget-text-editor:not(.elementor-drop-cap-view-default) .elementor-drop-cap{margin-top:8px}.elementor-widget-text-editor:not(.elementor-drop-cap-view-default) .elementor-drop-cap-letter{width:1em;height:1em}.elementor-widget-text-editor .elementor-drop-cap{float:left;text-align:center;line-height:1;font-size:50px}.elementor-widget-text-editor .elementor-drop-cap-letter{display:inline-block}<\/style>\t\t\t\t<p>Tous les requis minimum sont bas\u00e9s sur un environnement avec un utilisateur unique (un ordinateur qui acc\u00e8de \u00e0 une base de donnes locale) et ne repr\u00e9sentent pas les pr\u00e9requis n\u00e9cessaires \u00e0 des performances optimales pour plus d\u2019un utilisateur. L\u2019inscription et l\u2019activation client sont obligatoires. Votre syst\u00e8me doit \u00eatre conforme aux configurations minimum requises afin de b\u00e9n\u00e9ficier de notre support technique.<br \/><br \/>Voir les pr\u00e9requis syst\u00e8me pour la Suite Croissance Act!, Act! CRM et Act! Premium v21\u00a0<a href=\"https:\/\/www.act.com\/fr\/produits\/systeme\/v21\/act-premium-v21-system-requirements\/\" target=\"_blank\" rel=\"noopener\">ici<\/a>.<\/p><p>Voir les pr\u00e9requis syst\u00e8me pour Act! Pro v21\u00a0<a href=\"https:\/\/www.act.com\/fr\/produits\/systeme\/v21\/prerequis-systeme-act-pro-v21\/\" target=\"_blank\" rel=\"noopener\">ici<\/a>.<\/p><p>Besoin des pr\u00e9requis syst\u00e8me pour Act! v20?\u00a0<a href=\"https:\/\/www.act.com\/fr\/produits\/systeme\/v20\/\" target=\"_blank\" rel=\"noopener\">Cliquez ici\u00a0<\/a><\/p>\t\t\t\t\t\t<\/div>\n\t\t\t\t<\/div>\n\t\t\t\t\t<\/div>\n\t\t<\/div>\n\t\t\t\t\t<\/div>\n\t\t<\/section>\n\t\t\t\t<\/div>\n\t\t","protected":false},"excerpt":{"rendered":"<p>Pr\u00e9requis syst\u00e8me pour Act! v21 Tous les requis minimum sont bas\u00e9s sur un environnement avec un utilisateur unique (un ordinateur qui acc\u00e8de \u00e0 une base de donnes locale) et ne repr\u00e9sentent pas les pr\u00e9requis n\u00e9cessaires \u00e0 des performances optimales pour plus d\u2019un utilisateur. L\u2019inscription et l\u2019activation client sont obligatoires. Votre syst\u00e8me doit \u00eatre conforme aux [&hellip;]<\/p>\n","protected":false},"author":4,"featured_media":0,"parent":41481,"menu_order":0,"comment_status":"closed","ping_status":"closed","template":"elementor_header_footer","meta":{"_acf_changed":false,"content-type":"","inline_featured_image":false,"footnotes":""},"categories":[],"tags":[],"folder":[],"acf":[],"yoast_head":"<!-- This site is optimized with the Yoast SEO Premium plugin v22.2 (Yoast SEO v22.4) - https:\/\/yoast.com\/wordpress\/plugins\/seo\/ -->\n<title>Pr\u00e9requis syst\u00e8me Act! v21 | Act! CRM France<\/title>\n<meta name=\"robots\" content=\"noindex, follow, max-snippet:-1, max-image-preview:large, max-video-preview:-1\" \/>\n<meta property=\"og:locale\" content=\"fr_FR\" \/>\n<meta property=\"og:type\" content=\"article\" \/>\n<meta property=\"og:title\" content=\"v21\" \/>\n<meta property=\"og:description\" content=\"Pr\u00e9requis syst\u00e8me pour Act! v21 Tous les requis minimum sont bas\u00e9s sur un environnement avec un utilisateur unique (un ordinateur qui acc\u00e8de \u00e0 une base de donnes locale) et ne repr\u00e9sentent pas les pr\u00e9requis n\u00e9cessaires \u00e0 des performances optimales pour plus d\u2019un utilisateur. L\u2019inscription et l\u2019activation client sont obligatoires. Votre syst\u00e8me doit \u00eatre conforme aux [&hellip;]\" \/>\n<meta property=\"og:url\" content=\"https:\/\/products.act.com\/fr\/produits\/systeme\/v21\/\" \/>\n<meta property=\"og:site_name\" content=\"Act!\" \/>\n<meta property=\"article:modified_time\" content=\"2023-01-19T18:53:11+00:00\" \/>\n<meta name=\"twitter:card\" content=\"summary_large_image\" \/>\n<meta name=\"twitter:label1\" content=\"Est. reading time\" \/>\n\t<meta name=\"twitter:data1\" content=\"1 minute\" \/>\n<script type=\"application\/ld+json\" class=\"yoast-schema-graph\">{\"@context\":\"https:\/\/schema.org\",\"@graph\":[{\"@type\":\"WebPage\",\"@id\":\"https:\/\/products.act.com\/fr\/produits\/systeme\/v21\/\",\"url\":\"https:\/\/products.act.com\/fr\/produits\/systeme\/v21\/\",\"name\":\"Pr\u00e9requis syst\u00e8me Act! v21 | Act! CRM France\",\"isPartOf\":{\"@id\":\"https:\/\/products.act.com\/fr\/#website\"},\"datePublished\":\"2021-12-20T11:26:27+00:00\",\"dateModified\":\"2023-01-19T18:53:11+00:00\",\"breadcrumb\":{\"@id\":\"https:\/\/products.act.com\/fr\/produits\/systeme\/v21\/#breadcrumb\"},\"inLanguage\":\"fr-FR\",\"potentialAction\":[{\"@type\":\"ReadAction\",\"target\":[\"https:\/\/products.act.com\/fr\/produits\/systeme\/v21\/\"]}]},{\"@type\":\"BreadcrumbList\",\"@id\":\"https:\/\/products.act.com\/fr\/produits\/systeme\/v21\/#breadcrumb\",\"itemListElement\":[{\"@type\":\"ListItem\",\"position\":1,\"name\":\"Home\",\"item\":\"https:\/\/products.act.com\/fr\/\"},{\"@type\":\"ListItem\",\"position\":2,\"name\":\"Produits\",\"item\":\"http:\/\/products.act.com\/fr\/products\/\"},{\"@type\":\"ListItem\",\"position\":3,\"name\":\"Systeme\",\"item\":\"http:\/\/products.act.com\/fr\/produits\/systeme\/\"},{\"@type\":\"ListItem\",\"position\":4,\"name\":\"v21\"}]},{\"@type\":\"WebSite\",\"@id\":\"https:\/\/products.act.com\/fr\/#website\",\"url\":\"https:\/\/products.act.com\/fr\/\",\"name\":\"Act!\",\"description\":\"CRM &amp; Marketing Automation in One\",\"publisher\":{\"@id\":\"https:\/\/products.act.com\/fr\/#organization\"},\"potentialAction\":[{\"@type\":\"SearchAction\",\"target\":{\"@type\":\"EntryPoint\",\"urlTemplate\":\"https:\/\/products.act.com\/fr\/?s={search_term_string}\"},\"query-input\":\"required name=search_term_string\"}],\"inLanguage\":\"fr-FR\"},{\"@type\":\"Organization\",\"@id\":\"https:\/\/products.act.com\/fr\/#organization\",\"name\":\"Act!\",\"url\":\"https:\/\/products.act.com\/fr\/\",\"logo\":{\"@type\":\"ImageObject\",\"inLanguage\":\"fr-FR\",\"@id\":\"https:\/\/products.act.com\/fr\/#\/schema\/logo\/image\/\",\"url\":\"https:\/\/products.act.com\/wp-content\/uploads\/2021\/07\/logo_fe5000.png\",\"contentUrl\":\"https:\/\/products.act.com\/wp-content\/uploads\/2021\/07\/logo_fe5000.png\",\"width\":120,\"height\":120,\"caption\":\"Act!\"},\"image\":{\"@id\":\"https:\/\/products.act.com\/fr\/#\/schema\/logo\/image\/\"}}]}<\/script>\n<!-- \/ Yoast SEO Premium plugin. -->","yoast_head_json":{"title":"Pr\u00e9requis syst\u00e8me Act! v21 | Act! CRM France","robots":{"index":"noindex","follow":"follow","max-snippet":"max-snippet:-1","max-image-preview":"max-image-preview:large","max-video-preview":"max-video-preview:-1"},"og_locale":"fr_FR","og_type":"article","og_title":"v21","og_description":"Pr\u00e9requis syst\u00e8me pour Act! v21 Tous les requis minimum sont bas\u00e9s sur un environnement avec un utilisateur unique (un ordinateur qui acc\u00e8de \u00e0 une base de donnes locale) et ne repr\u00e9sentent pas les pr\u00e9requis n\u00e9cessaires \u00e0 des performances optimales pour plus d\u2019un utilisateur. L\u2019inscription et l\u2019activation client sont obligatoires. Votre syst\u00e8me doit \u00eatre conforme aux [&hellip;]","og_url":"https:\/\/products.act.com\/fr\/produits\/systeme\/v21\/","og_site_name":"Act!","article_modified_time":"2023-01-19T18:53:11+00:00","twitter_card":"summary_large_image","twitter_misc":{"Est. reading time":"1 minute"},"schema":{"@context":"https:\/\/schema.org","@graph":[{"@type":"WebPage","@id":"https:\/\/products.act.com\/fr\/produits\/systeme\/v21\/","url":"https:\/\/products.act.com\/fr\/produits\/systeme\/v21\/","name":"Pr\u00e9requis syst\u00e8me Act! v21 | Act! CRM France","isPartOf":{"@id":"https:\/\/products.act.com\/fr\/#website"},"datePublished":"2021-12-20T11:26:27+00:00","dateModified":"2023-01-19T18:53:11+00:00","breadcrumb":{"@id":"https:\/\/products.act.com\/fr\/produits\/systeme\/v21\/#breadcrumb"},"inLanguage":"fr-FR","potentialAction":[{"@type":"ReadAction","target":["https:\/\/products.act.com\/fr\/produits\/systeme\/v21\/"]}]},{"@type":"BreadcrumbList","@id":"https:\/\/products.act.com\/fr\/produits\/systeme\/v21\/#breadcrumb","itemListElement":[{"@type":"ListItem","position":1,"name":"Home","item":"https:\/\/products.act.com\/fr\/"},{"@type":"ListItem","position":2,"name":"Produits","item":"http:\/\/products.act.com\/fr\/products\/"},{"@type":"ListItem","position":3,"name":"Systeme","item":"http:\/\/products.act.com\/fr\/produits\/systeme\/"},{"@type":"ListItem","position":4,"name":"v21"}]},{"@type":"WebSite","@id":"https:\/\/products.act.com\/fr\/#website","url":"https:\/\/products.act.com\/fr\/","name":"Act!","description":"CRM &amp; Marketing Automation in One","publisher":{"@id":"https:\/\/products.act.com\/fr\/#organization"},"potentialAction":[{"@type":"SearchAction","target":{"@type":"EntryPoint","urlTemplate":"https:\/\/products.act.com\/fr\/?s={search_term_string}"},"query-input":"required name=search_term_string"}],"inLanguage":"fr-FR"},{"@type":"Organization","@id":"https:\/\/products.act.com\/fr\/#organization","name":"Act!","url":"https:\/\/products.act.com\/fr\/","logo":{"@type":"ImageObject","inLanguage":"fr-FR","@id":"https:\/\/products.act.com\/fr\/#\/schema\/logo\/image\/","url":"https:\/\/products.act.com\/wp-content\/uploads\/2021\/07\/logo_fe5000.png","contentUrl":"https:\/\/products.act.com\/wp-content\/uploads\/2021\/07\/logo_fe5000.png","width":120,"height":120,"caption":"Act!"},"image":{"@id":"https:\/\/products.act.com\/fr\/#\/schema\/logo\/image\/"}}]}},"_links":{"self":[{"href":"https:\/\/products.act.com\/fr\/wp-json\/wp\/v2\/pages\/41486"}],"collection":[{"href":"https:\/\/products.act.com\/fr\/wp-json\/wp\/v2\/pages"}],"about":[{"href":"https:\/\/products.act.com\/fr\/wp-json\/wp\/v2\/types\/page"}],"author":[{"embeddable":true,"href":"https:\/\/products.act.com\/fr\/wp-json\/wp\/v2\/users\/4"}],"replies":[{"embeddable":true,"href":"https:\/\/products.act.com\/fr\/wp-json\/wp\/v2\/comments?post=41486"}],"version-history":[{"count":0,"href":"https:\/\/products.act.com\/fr\/wp-json\/wp\/v2\/pages\/41486\/revisions"}],"up":[{"embeddable":true,"href":"https:\/\/products.act.com\/fr\/wp-json\/wp\/v2\/pages\/41481"}],"wp:attachment":[{"href":"https:\/\/products.act.com\/fr\/wp-json\/wp\/v2\/media?parent=41486"}],"wp:term":[{"taxonomy":"category","embeddable":true,"href":"https:\/\/products.act.com\/fr\/wp-json\/wp\/v2\/categories?post=41486"},{"taxonomy":"post_tag","embeddable":true,"href":"https:\/\/products.act.com\/fr\/wp-json\/wp\/v2\/tags?post=41486"},{"taxonomy":"folder","embeddable":true,"href":"https:\/\/products.act.com\/fr\/wp-json\/wp\/v2\/folder?post=41486"}],"curies":[{"name":"wp","href":"https:\/\/api.w.org\/{rel}","templated":true}]}}