{"id":41383,"date":"2021-12-20T07:49:21","date_gmt":"2021-12-20T07:49:21","guid":{"rendered":"https:\/\/act.com\/?page_id=41383"},"modified":"2023-01-19T11:58:15","modified_gmt":"2023-01-19T18:58:15","slug":"quelles-differences-entre-erp-et-crm","status":"publish","type":"page","link":"https:\/\/products.act.com\/fr\/quelles-differences-entre-erp-et-crm\/","title":{"rendered":"Quelles diff\u00e9rences entre ERP et CRM"},"content":{"rendered":"\t\t<div data-elementor-type=\"wp-page\" data-elementor-id=\"41383\" class=\"elementor elementor-41383\" data-elementor-post-type=\"page\">\n\t\t\t\t\t\t<section class=\"elementor-section elementor-top-section elementor-element elementor-element-6aca45b topSctGlb elementor-section-boxed elementor-section-height-default elementor-section-height-default\" data-id=\"6aca45b\" data-element_type=\"section\" data-settings=\"{&quot;background_background&quot;:&quot;classic&quot;}\">\n\t\t\t\t\t\t<div class=\"elementor-container elementor-column-gap-default\">\n\t\t\t\t\t<div class=\"elementor-column elementor-col-100 elementor-top-column elementor-element elementor-element-c4797eb\" data-id=\"c4797eb\" data-element_type=\"column\">\n\t\t\t<div class=\"elementor-widget-wrap elementor-element-populated\">\n\t\t\t\t\t\t<div class=\"elementor-element elementor-element-8af6810 elementor-widget elementor-widget-heading\" data-id=\"8af6810\" data-element_type=\"widget\" data-widget_type=\"heading.default\">\n\t\t\t\t<div class=\"elementor-widget-container\">\n\t\t\t<style>\/*! elementor - v3.20.0 - 26-03-2024 *\/\n.elementor-heading-title{padding:0;margin:0;line-height:1}.elementor-widget-heading .elementor-heading-title[class*=elementor-size-]>a{color:inherit;font-size:inherit;line-height:inherit}.elementor-widget-heading .elementor-heading-title.elementor-size-small{font-size:15px}.elementor-widget-heading .elementor-heading-title.elementor-size-medium{font-size:19px}.elementor-widget-heading .elementor-heading-title.elementor-size-large{font-size:29px}.elementor-widget-heading .elementor-heading-title.elementor-size-xl{font-size:39px}.elementor-widget-heading .elementor-heading-title.elementor-size-xxl{font-size:59px}<\/style><h1 class=\"elementor-heading-title elementor-size-default\">Quelles diff\u00e9rences entre ERP et CRM ?<\/h1>\t\t<\/div>\n\t\t\t\t<\/div>\n\t\t\t\t\t<\/div>\n\t\t<\/div>\n\t\t\t\t\t<\/div>\n\t\t<\/section>\n\t\t\t\t<section class=\"elementor-section elementor-top-section elementor-element elementor-element-9bbb208 elementor-section-boxed elementor-section-height-default elementor-section-height-default\" data-id=\"9bbb208\" data-element_type=\"section\">\n\t\t\t\t\t\t<div class=\"elementor-container elementor-column-gap-default\">\n\t\t\t\t\t<div class=\"elementor-column elementor-col-100 elementor-top-column elementor-element elementor-element-a4a9c81\" data-id=\"a4a9c81\" data-element_type=\"column\">\n\t\t\t<div class=\"elementor-widget-wrap elementor-element-populated\">\n\t\t\t\t\t\t<div class=\"elementor-element elementor-element-bc28225 elementor-widget elementor-widget-text-editor\" data-id=\"bc28225\" data-element_type=\"widget\" data-widget_type=\"text-editor.default\">\n\t\t\t\t<div class=\"elementor-widget-container\">\n\t\t\t<style>\/*! elementor - v3.20.0 - 26-03-2024 *\/\n.elementor-widget-text-editor.elementor-drop-cap-view-stacked .elementor-drop-cap{background-color:#69727d;color:#fff}.elementor-widget-text-editor.elementor-drop-cap-view-framed .elementor-drop-cap{color:#69727d;border:3px solid;background-color:transparent}.elementor-widget-text-editor:not(.elementor-drop-cap-view-default) .elementor-drop-cap{margin-top:8px}.elementor-widget-text-editor:not(.elementor-drop-cap-view-default) .elementor-drop-cap-letter{width:1em;height:1em}.elementor-widget-text-editor .elementor-drop-cap{float:left;text-align:center;line-height:1;font-size:50px}.elementor-widget-text-editor .elementor-drop-cap-letter{display:inline-block}<\/style>\t\t\t\t<div class=\"sfContentBlock\"><p>Les solutions CRM et ERP se ressemblent \u00e0 bien des niveaux, vu qu\u2019elles servent toutes les deux \u00e0 optimiser la productivit\u00e9 et la profitabilit\u00e9 des entreprises. Dans certaines infrastructures, il y a un chevauchement important entre les deux syst\u00e8mes et dans d\u2019autres, le CRM fonctionne m\u00eame de pair avec l\u2019ERP. Pour les entreprises qui sont encore en train de peser le pour et le contre, il vaut mieux les envisager comme deux applications ind\u00e9pendantes.<\/p><p><strong>Comme son nom l\u2019indique, un logiciel CRM (Customer Relationship Management)\u00a0<\/strong>sert \u00e0 g\u00e9rer la relation client\u00a0; il permet aux entreprises d\u2019enregistrer, d&#8217;organiser et d\u2019analyser toutes leurs donn\u00e9es client. Il peut \u00eatre utilis\u00e9 par les services vente, marketing, recherche et d\u00e9veloppement commercial d&#8217;une entreprise tout au long du cycle de vie client. En g\u00e9n\u00e9ral, un outil CRM inclut :<\/p><ul><li><strong>Int\u00e9gration marketing et automatisation<\/strong>\u00a0: un CRM est un outil polyvalent qui sert \u00e0 g\u00e9rer les leads ou prospects, envoyer des campagnes d\u2019emailing \u00e0 diff\u00e9rents segments de client\u00e8le, analyser les r\u00e9sultats des campagnes marketing&#8230;<\/li><\/ul><ul><li><strong>Gestion des ventes et automatisation<\/strong>\u00a0: un CRM permet d\u2019avoir une vision du pipeline commercial en temps r\u00e9el et facilite les pr\u00e9visions de vente.<\/li><\/ul><ul><li><strong>Automatisation du service client\u00a0<\/strong>: certains CRM ont des fonctions de r\u00e9ponse vocale interactive, de routage ou de suivi des appels.<\/li><\/ul><ul><li><strong>Automatisation du service d\u2019assistance<\/strong>\u00a0: avec des fonctionnalit\u00e9s d\u2019assistance en libre-service et de gestion de tickets.<\/li><\/ul><ul><li><strong>Reporting et tableaux de bord<\/strong>\u00a0: un logiciel CRM permet \u00e9galement de cr\u00e9er des rapports d\u00e9taill\u00e9s et un tableau de bord personnalisable pour afficher des indicateurs de performance et des statistiques importantes.<\/li><\/ul><p><strong>Un logiciel ERP (Entreprise Resource Planning) sert, quant \u00e0 lui, \u00e0 planifier les ressources d\u2019entreprise<\/strong>\u00a0; il s\u2019agit d\u2019une technologie qui int\u00e8gre plusieurs fonctions de gestion, dont\u00a0<em>la gestion de la relation client<\/em>, mais aussi la comptabilit\u00e9, les ressources humaines et les stocks. Avec certains fournisseurs, il est possible de cr\u00e9er un logiciel ERP personnalis\u00e9 tandis que d&#8217;autres proposent une gamme de produits avec diff\u00e9rentes fonctionnalit\u00e9s. Un syst\u00e8me ERP comprend normalement les fonctions suivantes :<\/p><ul><li><strong>Sous-syst\u00e8me de comptabilit\u00e9<\/strong>\u00a0pour la gestion des op\u00e9rations financi\u00e8res, factures etc.<\/li><\/ul><ul><li><strong>Stocks<\/strong>\u00a0: informations en temps r\u00e9el sur les produits et les marchandises en stock.<\/li><\/ul><ul><li><strong>CRM<\/strong>\u00a0: les syst\u00e8mes ERP incluent un nombre limit\u00e9 de fonctionnalit\u00e9s CRM.<\/li><\/ul><ul><li><strong>Sous-syst\u00e8me de fabrication.<\/strong><\/li><\/ul><ul><li><strong>Business intelligence<\/strong>\u00a0: les syst\u00e8mes ERP modernes ont des fonctionnalit\u00e9s d\u2019aide \u00e0 la d\u00e9cision int\u00e9gr\u00e9es.<\/li><\/ul><ul><li><strong>Sous-syst\u00e8me de cha\u00eene d&#8217;approvisionnement et de livraison.<\/strong><\/li><\/ul><p>Les syst\u00e8mes ERP sont souvent \u00e9quip\u00e9s de fonctionnalit\u00e9s CRM mais ils n\u2019ont pas les fonctions d&#8217;analyse, les rapports et les tableaux de bord personnalisables int\u00e9gr\u00e9s aux syst\u00e8mes CRM modernes. Si vous h\u00e9sitez encore entre plusieurs technologies pour votre entreprise, posez-vous la question suivante : \u00ab Est-ce que mes employ\u00e9s sont satisfaits de la plupart des fonctionnalit\u00e9s comprises dans l\u2019ERP (comptabilit\u00e9, RH, cha\u00eene d&#8217;approvisionnement etc) ? Si vous r\u00e9pondez oui, il vous faut simplement un nouveau logiciel CRM. Par contre, si c\u2019est non, il est pr\u00e9f\u00e9rable d\u2019opter pour un syst\u00e8me ERP personnalisable qui r\u00e9pondra mieux aux besoins de votre entreprise. Si certaines fonctionnalit\u00e9s CRM efficaces manquent \u00e0 votre syst\u00e8me ERP, vous pouvez acheter un CRM en plus (si vous avez le budget) sachant que la plupart des syst\u00e8mes ERP modernes s&#8217;int\u00e8grent parfaitement aux syst\u00e8mes CRM.<\/p><\/div><div class=\"sfContentBlock\"><h4><strong>En savoir plus sur le CRM :<\/strong><\/h4><ul class=\"list\"><li><a href=\"https:\/\/www.act.com\/fr\/definition-du-crm\/\">D\u00e9finition du CRM<\/a><\/li><li><a href=\"https:\/\/www.act.com\/fr\/definition-du-crm\/\">Une br\u00e8ve histoire du CRM<\/a><\/li><li><a href=\"https:\/\/www.act.com\/fr\/quest-ce-quune-base-de-donnees-crm\/\">Qu&#8217;est-ce qu&#8217;une base de donn\u00e9es CRM ?<\/a><\/li><li><a href=\"https:\/\/www.act.com\/fr\/comment-choisir-un-crm\/\">Comment choisir la meilleure solution CRM pour votre entreprise<\/a><\/li><li><a href=\"https:\/\/www.act.com\/fr\/temoignages\/\">T\u00e9moignages clients<\/a><\/li><\/ul><\/div>\t\t\t\t\t\t<\/div>\n\t\t\t\t<\/div>\n\t\t\t\t\t<\/div>\n\t\t<\/div>\n\t\t\t\t\t<\/div>\n\t\t<\/section>\n\t\t\t\t<section class=\"elementor-section elementor-top-section elementor-element elementor-element-cbd1aaa elementor-section-boxed elementor-section-height-default elementor-section-height-default\" data-id=\"cbd1aaa\" data-element_type=\"section\" data-settings=\"{&quot;background_background&quot;:&quot;classic&quot;}\">\n\t\t\t\t\t\t<div class=\"elementor-container elementor-column-gap-default\">\n\t\t\t\t\t<div class=\"elementor-column elementor-col-100 elementor-top-column elementor-element elementor-element-d60f92b\" data-id=\"d60f92b\" data-element_type=\"column\">\n\t\t\t<div class=\"elementor-widget-wrap elementor-element-populated\">\n\t\t\t\t\t\t<section class=\"elementor-section elementor-inner-section elementor-element elementor-element-ed55454 elementor-section-boxed elementor-section-height-default elementor-section-height-default\" data-id=\"ed55454\" data-element_type=\"section\">\n\t\t\t\t\t\t<div class=\"elementor-container elementor-column-gap-default\">\n\t\t\t\t\t<div class=\"elementor-column elementor-col-100 elementor-inner-column elementor-element elementor-element-b128298\" data-id=\"b128298\" data-element_type=\"column\">\n\t\t\t<div class=\"elementor-widget-wrap elementor-element-populated\">\n\t\t\t\t\t\t<div class=\"elementor-element elementor-element-599ee4a elementor-widget elementor-widget-heading\" data-id=\"599ee4a\" data-element_type=\"widget\" data-widget_type=\"heading.default\">\n\t\t\t\t<div class=\"elementor-widget-container\">\n\t\t\t<h2 class=\"elementor-heading-title elementor-size-default\">R\u00e9sultats optimaux. Investissement minimal.<\/h2>\t\t<\/div>\n\t\t\t\t<\/div>\n\t\t\t\t<div class=\"elementor-element elementor-element-b44a49c elementor-widget elementor-widget-text-editor\" data-id=\"b44a49c\" data-element_type=\"widget\" data-widget_type=\"text-editor.default\">\n\t\t\t\t<div class=\"elementor-widget-container\">\n\t\t\t\t\t\t\t<p>Pr\u00eat \u00e0 passer \u00e0 l&#8217;action ?<\/p>\t\t\t\t\t\t<\/div>\n\t\t\t\t<\/div>\n\t\t\t\t<div class=\"elementor-element elementor-element-d1171ba elementor-align-center elementor-widget elementor-widget-button\" data-id=\"d1171ba\" data-element_type=\"widget\" data-widget_type=\"button.default\">\n\t\t\t\t<div class=\"elementor-widget-container\">\n\t\t\t\t\t<div class=\"elementor-button-wrapper\">\n\t\t\t<a class=\"elementor-button elementor-button-link elementor-size-sm\" href=\"https:\/\/www.act.com\/fr\/essai\/act\/\" target=\"_blank\">\n\t\t\t\t\t\t<span class=\"elementor-button-content-wrapper\">\n\t\t\t\t\t\t<span class=\"elementor-button-text\">Essayez Act!<\/span>\n\t\t<\/span>\n\t\t\t\t\t<\/a>\n\t\t<\/div>\n\t\t\t\t<\/div>\n\t\t\t\t<\/div>\n\t\t\t\t\t<\/div>\n\t\t<\/div>\n\t\t\t\t\t<\/div>\n\t\t<\/section>\n\t\t\t\t\t<\/div>\n\t\t<\/div>\n\t\t\t\t\t<\/div>\n\t\t<\/section>\n\t\t\t\t<\/div>\n\t\t","protected":false},"excerpt":{"rendered":"<p>Quelles diff\u00e9rences entre ERP et CRM ? Les solutions CRM et ERP se ressemblent \u00e0 bien des niveaux, vu qu\u2019elles servent toutes les deux \u00e0 optimiser la productivit\u00e9 et la profitabilit\u00e9 des entreprises. Dans certaines infrastructures, il y a un chevauchement important entre les deux syst\u00e8mes et dans d\u2019autres, le CRM fonctionne m\u00eame de pair [&hellip;]<\/p>\n","protected":false},"author":4,"featured_media":0,"parent":0,"menu_order":0,"comment_status":"closed","ping_status":"closed","template":"elementor_header_footer","meta":{"_acf_changed":false,"content-type":"","inline_featured_image":false,"footnotes":""},"categories":[],"tags":[],"folder":[],"acf":[],"yoast_head":"<!-- This site is optimized with the Yoast SEO Premium plugin v22.2 (Yoast SEO v22.4) - https:\/\/yoast.com\/wordpress\/plugins\/seo\/ -->\n<title>Quelles diff\u00e9rences entre ERP et CRM\u00a0<\/title>\n<meta name=\"description\" content=\"Lisez cet article pour d\u00e9couvrir les ressemblances et les diff\u00e9rences entre CRM et ERP afin d&#039;en tirer avantage pour votre PME.\" \/>\n<meta name=\"robots\" content=\"noindex, follow, max-snippet:-1, max-image-preview:large, max-video-preview:-1\" \/>\n<meta property=\"og:locale\" content=\"fr_FR\" \/>\n<meta property=\"og:type\" content=\"article\" \/>\n<meta property=\"og:title\" content=\"Quelles diff\u00e9rences entre ERP et CRM\" \/>\n<meta property=\"og:description\" content=\"Lisez cet article pour d\u00e9couvrir les ressemblances et les diff\u00e9rences entre CRM et ERP afin d&#039;en tirer avantage pour votre PME.\" \/>\n<meta property=\"og:url\" content=\"https:\/\/products.act.com\/fr\/quelles-differences-entre-erp-et-crm\/\" \/>\n<meta property=\"og:site_name\" content=\"Act!\" \/>\n<meta property=\"article:modified_time\" content=\"2023-01-19T18:58:15+00:00\" \/>\n<meta name=\"twitter:card\" content=\"summary_large_image\" \/>\n<meta name=\"twitter:label1\" content=\"Est. reading time\" \/>\n\t<meta name=\"twitter:data1\" content=\"3 minutes\" \/>\n<script type=\"application\/ld+json\" class=\"yoast-schema-graph\">{\"@context\":\"https:\/\/schema.org\",\"@graph\":[{\"@type\":\"WebPage\",\"@id\":\"https:\/\/products.act.com\/fr\/quelles-differences-entre-erp-et-crm\/\",\"url\":\"https:\/\/products.act.com\/fr\/quelles-differences-entre-erp-et-crm\/\",\"name\":\"Quelles diff\u00e9rences entre ERP et CRM\u00a0\",\"isPartOf\":{\"@id\":\"https:\/\/products.act.com\/fr\/#website\"},\"datePublished\":\"2021-12-20T07:49:21+00:00\",\"dateModified\":\"2023-01-19T18:58:15+00:00\",\"description\":\"Lisez cet article pour d\u00e9couvrir les ressemblances et les diff\u00e9rences entre CRM et ERP afin d'en tirer avantage pour votre PME.\",\"breadcrumb\":{\"@id\":\"https:\/\/products.act.com\/fr\/quelles-differences-entre-erp-et-crm\/#breadcrumb\"},\"inLanguage\":\"fr-FR\",\"potentialAction\":[{\"@type\":\"ReadAction\",\"target\":[\"https:\/\/products.act.com\/fr\/quelles-differences-entre-erp-et-crm\/\"]}]},{\"@type\":\"BreadcrumbList\",\"@id\":\"https:\/\/products.act.com\/fr\/quelles-differences-entre-erp-et-crm\/#breadcrumb\",\"itemListElement\":[{\"@type\":\"ListItem\",\"position\":1,\"name\":\"Home\",\"item\":\"https:\/\/products.act.com\/fr\/\"},{\"@type\":\"ListItem\",\"position\":2,\"name\":\"Quelles diff\u00e9rences entre ERP et CRM\"}]},{\"@type\":\"WebSite\",\"@id\":\"https:\/\/products.act.com\/fr\/#website\",\"url\":\"https:\/\/products.act.com\/fr\/\",\"name\":\"Act!\",\"description\":\"CRM &amp; Marketing Automation in One\",\"publisher\":{\"@id\":\"https:\/\/products.act.com\/fr\/#organization\"},\"potentialAction\":[{\"@type\":\"SearchAction\",\"target\":{\"@type\":\"EntryPoint\",\"urlTemplate\":\"https:\/\/products.act.com\/fr\/?s={search_term_string}\"},\"query-input\":\"required name=search_term_string\"}],\"inLanguage\":\"fr-FR\"},{\"@type\":\"Organization\",\"@id\":\"https:\/\/products.act.com\/fr\/#organization\",\"name\":\"Act!\",\"url\":\"https:\/\/products.act.com\/fr\/\",\"logo\":{\"@type\":\"ImageObject\",\"inLanguage\":\"fr-FR\",\"@id\":\"https:\/\/products.act.com\/fr\/#\/schema\/logo\/image\/\",\"url\":\"https:\/\/products.act.com\/wp-content\/uploads\/2021\/07\/logo_fe5000.png\",\"contentUrl\":\"https:\/\/products.act.com\/wp-content\/uploads\/2021\/07\/logo_fe5000.png\",\"width\":120,\"height\":120,\"caption\":\"Act!\"},\"image\":{\"@id\":\"https:\/\/products.act.com\/fr\/#\/schema\/logo\/image\/\"}}]}<\/script>\n<!-- \/ Yoast SEO Premium plugin. -->","yoast_head_json":{"title":"Quelles diff\u00e9rences entre ERP et CRM\u00a0","description":"Lisez cet article pour d\u00e9couvrir les ressemblances et les diff\u00e9rences entre CRM et ERP afin d'en tirer avantage pour votre PME.","robots":{"index":"noindex","follow":"follow","max-snippet":"max-snippet:-1","max-image-preview":"max-image-preview:large","max-video-preview":"max-video-preview:-1"},"og_locale":"fr_FR","og_type":"article","og_title":"Quelles diff\u00e9rences entre ERP et CRM","og_description":"Lisez cet article pour d\u00e9couvrir les ressemblances et les diff\u00e9rences entre CRM et ERP afin d'en tirer avantage pour votre PME.","og_url":"https:\/\/products.act.com\/fr\/quelles-differences-entre-erp-et-crm\/","og_site_name":"Act!","article_modified_time":"2023-01-19T18:58:15+00:00","twitter_card":"summary_large_image","twitter_misc":{"Est. reading time":"3 minutes"},"schema":{"@context":"https:\/\/schema.org","@graph":[{"@type":"WebPage","@id":"https:\/\/products.act.com\/fr\/quelles-differences-entre-erp-et-crm\/","url":"https:\/\/products.act.com\/fr\/quelles-differences-entre-erp-et-crm\/","name":"Quelles diff\u00e9rences entre ERP et CRM\u00a0","isPartOf":{"@id":"https:\/\/products.act.com\/fr\/#website"},"datePublished":"2021-12-20T07:49:21+00:00","dateModified":"2023-01-19T18:58:15+00:00","description":"Lisez cet article pour d\u00e9couvrir les ressemblances et les diff\u00e9rences entre CRM et ERP afin d'en tirer avantage pour votre PME.","breadcrumb":{"@id":"https:\/\/products.act.com\/fr\/quelles-differences-entre-erp-et-crm\/#breadcrumb"},"inLanguage":"fr-FR","potentialAction":[{"@type":"ReadAction","target":["https:\/\/products.act.com\/fr\/quelles-differences-entre-erp-et-crm\/"]}]},{"@type":"BreadcrumbList","@id":"https:\/\/products.act.com\/fr\/quelles-differences-entre-erp-et-crm\/#breadcrumb","itemListElement":[{"@type":"ListItem","position":1,"name":"Home","item":"https:\/\/products.act.com\/fr\/"},{"@type":"ListItem","position":2,"name":"Quelles diff\u00e9rences entre ERP et CRM"}]},{"@type":"WebSite","@id":"https:\/\/products.act.com\/fr\/#website","url":"https:\/\/products.act.com\/fr\/","name":"Act!","description":"CRM &amp; Marketing Automation in One","publisher":{"@id":"https:\/\/products.act.com\/fr\/#organization"},"potentialAction":[{"@type":"SearchAction","target":{"@type":"EntryPoint","urlTemplate":"https:\/\/products.act.com\/fr\/?s={search_term_string}"},"query-input":"required name=search_term_string"}],"inLanguage":"fr-FR"},{"@type":"Organization","@id":"https:\/\/products.act.com\/fr\/#organization","name":"Act!","url":"https:\/\/products.act.com\/fr\/","logo":{"@type":"ImageObject","inLanguage":"fr-FR","@id":"https:\/\/products.act.com\/fr\/#\/schema\/logo\/image\/","url":"https:\/\/products.act.com\/wp-content\/uploads\/2021\/07\/logo_fe5000.png","contentUrl":"https:\/\/products.act.com\/wp-content\/uploads\/2021\/07\/logo_fe5000.png","width":120,"height":120,"caption":"Act!"},"image":{"@id":"https:\/\/products.act.com\/fr\/#\/schema\/logo\/image\/"}}]}},"_links":{"self":[{"href":"https:\/\/products.act.com\/fr\/wp-json\/wp\/v2\/pages\/41383"}],"collection":[{"href":"https:\/\/products.act.com\/fr\/wp-json\/wp\/v2\/pages"}],"about":[{"href":"https:\/\/products.act.com\/fr\/wp-json\/wp\/v2\/types\/page"}],"author":[{"embeddable":true,"href":"https:\/\/products.act.com\/fr\/wp-json\/wp\/v2\/users\/4"}],"replies":[{"embeddable":true,"href":"https:\/\/products.act.com\/fr\/wp-json\/wp\/v2\/comments?post=41383"}],"version-history":[{"count":0,"href":"https:\/\/products.act.com\/fr\/wp-json\/wp\/v2\/pages\/41383\/revisions"}],"wp:attachment":[{"href":"https:\/\/products.act.com\/fr\/wp-json\/wp\/v2\/media?parent=41383"}],"wp:term":[{"taxonomy":"category","embeddable":true,"href":"https:\/\/products.act.com\/fr\/wp-json\/wp\/v2\/categories?post=41383"},{"taxonomy":"post_tag","embeddable":true,"href":"https:\/\/products.act.com\/fr\/wp-json\/wp\/v2\/tags?post=41383"},{"taxonomy":"folder","embeddable":true,"href":"https:\/\/products.act.com\/fr\/wp-json\/wp\/v2\/folder?post=41383"}],"curies":[{"name":"wp","href":"https:\/\/api.w.org\/{rel}","templated":true}]}}