{"id":41205,"date":"2021-12-17T06:48:54","date_gmt":"2021-12-17T06:48:54","guid":{"rendered":"https:\/\/act.com\/?page_id=41205"},"modified":"2023-01-13T18:51:07","modified_gmt":"2023-01-14T01:51:07","slug":"ama-14-jours-essai-gratuit-succes","status":"publish","type":"page","link":"https:\/\/products.act.com\/fr\/ama-14-jours-essai-gratuit-succes\/","title":{"rendered":"F\u00e9licitations !"},"content":{"rendered":"\t\t<div data-elementor-type=\"wp-page\" data-elementor-id=\"41205\" class=\"elementor elementor-41205\" data-elementor-post-type=\"page\">\n\t\t\t\t\t\t<section class=\"elementor-section elementor-top-section elementor-element elementor-element-f9348e9 topSctGlb elementor-section-boxed elementor-section-height-default elementor-section-height-default\" data-id=\"f9348e9\" data-element_type=\"section\" data-settings=\"{&quot;background_background&quot;:&quot;classic&quot;}\">\n\t\t\t\t\t\t\t<div class=\"elementor-background-overlay\"><\/div>\n\t\t\t\t\t\t\t<div class=\"elementor-container elementor-column-gap-default\">\n\t\t\t\t\t<div class=\"elementor-column elementor-col-100 elementor-top-column elementor-element elementor-element-ab423e5\" data-id=\"ab423e5\" data-element_type=\"column\" data-settings=\"{&quot;background_background&quot;:&quot;classic&quot;}\">\n\t\t\t<div class=\"elementor-widget-wrap elementor-element-populated\">\n\t\t\t\t\t\t<div class=\"elementor-element elementor-element-04297e4 elementor-widget elementor-widget-heading\" data-id=\"04297e4\" data-element_type=\"widget\" data-widget_type=\"heading.default\">\n\t\t\t\t<div class=\"elementor-widget-container\">\n\t\t\t<style>\/*! elementor - v3.20.0 - 26-03-2024 *\/\n.elementor-heading-title{padding:0;margin:0;line-height:1}.elementor-widget-heading .elementor-heading-title[class*=elementor-size-]>a{color:inherit;font-size:inherit;line-height:inherit}.elementor-widget-heading .elementor-heading-title.elementor-size-small{font-size:15px}.elementor-widget-heading .elementor-heading-title.elementor-size-medium{font-size:19px}.elementor-widget-heading .elementor-heading-title.elementor-size-large{font-size:29px}.elementor-widget-heading .elementor-heading-title.elementor-size-xl{font-size:39px}.elementor-widget-heading .elementor-heading-title.elementor-size-xxl{font-size:59px}<\/style><h1 class=\"elementor-heading-title elementor-size-default\">F\u00e9licitations !<\/h1>\t\t<\/div>\n\t\t\t\t<\/div>\n\t\t\t\t<div class=\"elementor-element elementor-element-16d8ad0 elementor-widget elementor-widget-text-editor\" data-id=\"16d8ad0\" data-element_type=\"widget\" data-widget_type=\"text-editor.default\">\n\t\t\t\t<div class=\"elementor-widget-container\">\n\t\t\t<style>\/*! elementor - v3.20.0 - 26-03-2024 *\/\n.elementor-widget-text-editor.elementor-drop-cap-view-stacked .elementor-drop-cap{background-color:#69727d;color:#fff}.elementor-widget-text-editor.elementor-drop-cap-view-framed .elementor-drop-cap{color:#69727d;border:3px solid;background-color:transparent}.elementor-widget-text-editor:not(.elementor-drop-cap-view-default) .elementor-drop-cap{margin-top:8px}.elementor-widget-text-editor:not(.elementor-drop-cap-view-default) .elementor-drop-cap-letter{width:1em;height:1em}.elementor-widget-text-editor .elementor-drop-cap{float:left;text-align:center;line-height:1;font-size:50px}.elementor-widget-text-editor .elementor-drop-cap-letter{display:inline-block}<\/style>\t\t\t\t<p>Vous venez de cr\u00e9er votre compte Act! Marketing Automation avec succ\u00e8s, vous disposez maintenant de 14 jours d\u2019essai gratuit. Pour commencer, fermez puis ouvrez \u00e0 nouveau votre base de donn\u00e9es Act! et dirigez-vous vers l\u2019onglet Act! Marketing Automation.<\/p><p>Pour bien d\u00e9marrer, t\u00e9l\u00e9chargez le <strong>Guide de d\u00e9marrage en 5 \u00e9tapes Act! Marketing Automation<\/strong><\/p>\t\t\t\t\t\t<\/div>\n\t\t\t\t<\/div>\n\t\t\t\t<div class=\"elementor-element elementor-element-6df1565 elementor-align-center elementor-widget elementor-widget-button\" data-id=\"6df1565\" data-element_type=\"widget\" data-widget_type=\"button.default\">\n\t\t\t\t<div class=\"elementor-widget-container\">\n\t\t\t\t\t<div class=\"elementor-button-wrapper\">\n\t\t\t<a class=\"elementor-button elementor-button-link elementor-size-sm\" href=\"https:\/\/www.act.com\/uploads\/docs\/fr\/guide_de%CC%81marrage_5_e%CC%81tapes_ama_fr.pdf\">\n\t\t\t\t\t\t<span class=\"elementor-button-content-wrapper\">\n\t\t\t\t\t\t<span class=\"elementor-button-text\">T\u00e9l\u00e9charger le guide<\/span>\n\t\t<\/span>\n\t\t\t\t\t<\/a>\n\t\t<\/div>\n\t\t\t\t<\/div>\n\t\t\t\t<\/div>\n\t\t\t\t\t<\/div>\n\t\t<\/div>\n\t\t\t\t\t<\/div>\n\t\t<\/section>\n\t\t\t\t<\/div>\n\t\t","protected":false},"excerpt":{"rendered":"<p>F\u00e9licitations ! Vous venez de cr\u00e9er votre compte Act! Marketing Automation avec succ\u00e8s, vous disposez maintenant de 14 jours d\u2019essai gratuit. Pour commencer, fermez puis ouvrez \u00e0 nouveau votre base de donn\u00e9es Act! et dirigez-vous vers l\u2019onglet Act! Marketing Automation. Pour bien d\u00e9marrer, t\u00e9l\u00e9chargez le Guide de d\u00e9marrage en 5 \u00e9tapes Act! Marketing Automation T\u00e9l\u00e9charger [&hellip;]<\/p>\n","protected":false},"author":4,"featured_media":0,"parent":0,"menu_order":0,"comment_status":"closed","ping_status":"closed","template":"elementor_header_footer","meta":{"_acf_changed":false,"content-type":"","inline_featured_image":false,"footnotes":""},"categories":[],"tags":[],"folder":[],"acf":[],"yoast_head":"<!-- This site is optimized with the Yoast SEO Premium plugin v22.2 (Yoast SEO v22.4) - https:\/\/yoast.com\/wordpress\/plugins\/seo\/ -->\n<title>F\u00e9licitations ! - Act!<\/title>\n<meta name=\"robots\" content=\"noindex, follow, max-snippet:-1, max-image-preview:large, max-video-preview:-1\" \/>\n<meta property=\"og:locale\" content=\"fr_FR\" \/>\n<meta property=\"og:type\" content=\"article\" \/>\n<meta property=\"og:title\" content=\"F\u00e9licitations !\" \/>\n<meta property=\"og:description\" content=\"F\u00e9licitations ! Vous venez de cr\u00e9er votre compte Act! Marketing Automation avec succ\u00e8s, vous disposez maintenant de 14 jours d\u2019essai gratuit. Pour commencer, fermez puis ouvrez \u00e0 nouveau votre base de donn\u00e9es Act! et dirigez-vous vers l\u2019onglet Act! Marketing Automation. Pour bien d\u00e9marrer, t\u00e9l\u00e9chargez le Guide de d\u00e9marrage en 5 \u00e9tapes Act! Marketing Automation T\u00e9l\u00e9charger [&hellip;]\" \/>\n<meta property=\"og:url\" content=\"https:\/\/products.act.com\/fr\/ama-14-jours-essai-gratuit-succes\/\" \/>\n<meta property=\"og:site_name\" content=\"Act!\" \/>\n<meta property=\"article:modified_time\" content=\"2023-01-14T01:51:07+00:00\" \/>\n<meta name=\"twitter:card\" content=\"summary_large_image\" \/>\n<meta name=\"twitter:label1\" content=\"Est. reading time\" \/>\n\t<meta name=\"twitter:data1\" content=\"1 minute\" \/>\n<script type=\"application\/ld+json\" class=\"yoast-schema-graph\">{\"@context\":\"https:\/\/schema.org\",\"@graph\":[{\"@type\":\"WebPage\",\"@id\":\"https:\/\/products.act.com\/fr\/ama-14-jours-essai-gratuit-succes\/\",\"url\":\"https:\/\/products.act.com\/fr\/ama-14-jours-essai-gratuit-succes\/\",\"name\":\"F\u00e9licitations ! - Act!\",\"isPartOf\":{\"@id\":\"https:\/\/products.act.com\/fr\/#website\"},\"datePublished\":\"2021-12-17T06:48:54+00:00\",\"dateModified\":\"2023-01-14T01:51:07+00:00\",\"breadcrumb\":{\"@id\":\"https:\/\/products.act.com\/fr\/ama-14-jours-essai-gratuit-succes\/#breadcrumb\"},\"inLanguage\":\"fr-FR\",\"potentialAction\":[{\"@type\":\"ReadAction\",\"target\":[\"https:\/\/products.act.com\/fr\/ama-14-jours-essai-gratuit-succes\/\"]}]},{\"@type\":\"BreadcrumbList\",\"@id\":\"https:\/\/products.act.com\/fr\/ama-14-jours-essai-gratuit-succes\/#breadcrumb\",\"itemListElement\":[{\"@type\":\"ListItem\",\"position\":1,\"name\":\"Home\",\"item\":\"https:\/\/products.act.com\/fr\/\"},{\"@type\":\"ListItem\",\"position\":2,\"name\":\"F\u00e9licitations !\"}]},{\"@type\":\"WebSite\",\"@id\":\"https:\/\/products.act.com\/fr\/#website\",\"url\":\"https:\/\/products.act.com\/fr\/\",\"name\":\"Act!\",\"description\":\"CRM &amp; Marketing Automation in One\",\"publisher\":{\"@id\":\"https:\/\/products.act.com\/fr\/#organization\"},\"potentialAction\":[{\"@type\":\"SearchAction\",\"target\":{\"@type\":\"EntryPoint\",\"urlTemplate\":\"https:\/\/products.act.com\/fr\/?s={search_term_string}\"},\"query-input\":\"required name=search_term_string\"}],\"inLanguage\":\"fr-FR\"},{\"@type\":\"Organization\",\"@id\":\"https:\/\/products.act.com\/fr\/#organization\",\"name\":\"Act!\",\"url\":\"https:\/\/products.act.com\/fr\/\",\"logo\":{\"@type\":\"ImageObject\",\"inLanguage\":\"fr-FR\",\"@id\":\"https:\/\/products.act.com\/fr\/#\/schema\/logo\/image\/\",\"url\":\"https:\/\/products.act.com\/wp-content\/uploads\/2021\/07\/logo_fe5000.png\",\"contentUrl\":\"https:\/\/products.act.com\/wp-content\/uploads\/2021\/07\/logo_fe5000.png\",\"width\":120,\"height\":120,\"caption\":\"Act!\"},\"image\":{\"@id\":\"https:\/\/products.act.com\/fr\/#\/schema\/logo\/image\/\"}}]}<\/script>\n<!-- \/ Yoast SEO Premium plugin. -->","yoast_head_json":{"title":"F\u00e9licitations ! - Act!","robots":{"index":"noindex","follow":"follow","max-snippet":"max-snippet:-1","max-image-preview":"max-image-preview:large","max-video-preview":"max-video-preview:-1"},"og_locale":"fr_FR","og_type":"article","og_title":"F\u00e9licitations !","og_description":"F\u00e9licitations ! Vous venez de cr\u00e9er votre compte Act! Marketing Automation avec succ\u00e8s, vous disposez maintenant de 14 jours d\u2019essai gratuit. Pour commencer, fermez puis ouvrez \u00e0 nouveau votre base de donn\u00e9es Act! et dirigez-vous vers l\u2019onglet Act! Marketing Automation. Pour bien d\u00e9marrer, t\u00e9l\u00e9chargez le Guide de d\u00e9marrage en 5 \u00e9tapes Act! Marketing Automation T\u00e9l\u00e9charger [&hellip;]","og_url":"https:\/\/products.act.com\/fr\/ama-14-jours-essai-gratuit-succes\/","og_site_name":"Act!","article_modified_time":"2023-01-14T01:51:07+00:00","twitter_card":"summary_large_image","twitter_misc":{"Est. reading time":"1 minute"},"schema":{"@context":"https:\/\/schema.org","@graph":[{"@type":"WebPage","@id":"https:\/\/products.act.com\/fr\/ama-14-jours-essai-gratuit-succes\/","url":"https:\/\/products.act.com\/fr\/ama-14-jours-essai-gratuit-succes\/","name":"F\u00e9licitations ! - Act!","isPartOf":{"@id":"https:\/\/products.act.com\/fr\/#website"},"datePublished":"2021-12-17T06:48:54+00:00","dateModified":"2023-01-14T01:51:07+00:00","breadcrumb":{"@id":"https:\/\/products.act.com\/fr\/ama-14-jours-essai-gratuit-succes\/#breadcrumb"},"inLanguage":"fr-FR","potentialAction":[{"@type":"ReadAction","target":["https:\/\/products.act.com\/fr\/ama-14-jours-essai-gratuit-succes\/"]}]},{"@type":"BreadcrumbList","@id":"https:\/\/products.act.com\/fr\/ama-14-jours-essai-gratuit-succes\/#breadcrumb","itemListElement":[{"@type":"ListItem","position":1,"name":"Home","item":"https:\/\/products.act.com\/fr\/"},{"@type":"ListItem","position":2,"name":"F\u00e9licitations !"}]},{"@type":"WebSite","@id":"https:\/\/products.act.com\/fr\/#website","url":"https:\/\/products.act.com\/fr\/","name":"Act!","description":"CRM &amp; Marketing Automation in One","publisher":{"@id":"https:\/\/products.act.com\/fr\/#organization"},"potentialAction":[{"@type":"SearchAction","target":{"@type":"EntryPoint","urlTemplate":"https:\/\/products.act.com\/fr\/?s={search_term_string}"},"query-input":"required name=search_term_string"}],"inLanguage":"fr-FR"},{"@type":"Organization","@id":"https:\/\/products.act.com\/fr\/#organization","name":"Act!","url":"https:\/\/products.act.com\/fr\/","logo":{"@type":"ImageObject","inLanguage":"fr-FR","@id":"https:\/\/products.act.com\/fr\/#\/schema\/logo\/image\/","url":"https:\/\/products.act.com\/wp-content\/uploads\/2021\/07\/logo_fe5000.png","contentUrl":"https:\/\/products.act.com\/wp-content\/uploads\/2021\/07\/logo_fe5000.png","width":120,"height":120,"caption":"Act!"},"image":{"@id":"https:\/\/products.act.com\/fr\/#\/schema\/logo\/image\/"}}]}},"_links":{"self":[{"href":"https:\/\/products.act.com\/fr\/wp-json\/wp\/v2\/pages\/41205"}],"collection":[{"href":"https:\/\/products.act.com\/fr\/wp-json\/wp\/v2\/pages"}],"about":[{"href":"https:\/\/products.act.com\/fr\/wp-json\/wp\/v2\/types\/page"}],"author":[{"embeddable":true,"href":"https:\/\/products.act.com\/fr\/wp-json\/wp\/v2\/users\/4"}],"replies":[{"embeddable":true,"href":"https:\/\/products.act.com\/fr\/wp-json\/wp\/v2\/comments?post=41205"}],"version-history":[{"count":0,"href":"https:\/\/products.act.com\/fr\/wp-json\/wp\/v2\/pages\/41205\/revisions"}],"wp:attachment":[{"href":"https:\/\/products.act.com\/fr\/wp-json\/wp\/v2\/media?parent=41205"}],"wp:term":[{"taxonomy":"category","embeddable":true,"href":"https:\/\/products.act.com\/fr\/wp-json\/wp\/v2\/categories?post=41205"},{"taxonomy":"post_tag","embeddable":true,"href":"https:\/\/products.act.com\/fr\/wp-json\/wp\/v2\/tags?post=41205"},{"taxonomy":"folder","embeddable":true,"href":"https:\/\/products.act.com\/fr\/wp-json\/wp\/v2\/folder?post=41205"}],"curies":[{"name":"wp","href":"https:\/\/api.w.org\/{rel}","templated":true}]}}