{"id":40583,"date":"2021-12-13T05:58:41","date_gmt":"2021-12-13T05:58:41","guid":{"rendered":"https:\/\/act.com\/?page_id=40583"},"modified":"2023-01-20T11:24:40","modified_gmt":"2023-01-20T18:24:40","slug":"download-act-v20","status":"publish","type":"page","link":"https:\/\/products.act.com\/fr-ca\/download-act-v20\/","title":{"rendered":"T\u00e9l\u00e9chargements Act! v20"},"content":{"rendered":"\t\t<div data-elementor-type=\"wp-page\" data-elementor-id=\"40583\" class=\"elementor elementor-40583\" data-elementor-post-type=\"page\">\n\t\t\t\t\t\t<section class=\"elementor-section elementor-top-section elementor-element elementor-element-1b445234 topSctGlb elementor-section-boxed elementor-section-height-default elementor-section-height-default\" data-id=\"1b445234\" data-element_type=\"section\" data-settings=\"{&quot;background_background&quot;:&quot;gradient&quot;}\">\n\t\t\t\t\t\t\t<div class=\"elementor-background-overlay\"><\/div>\n\t\t\t\t\t\t\t<div class=\"elementor-container elementor-column-gap-default\">\n\t\t\t\t\t<div class=\"elementor-column elementor-col-100 elementor-top-column elementor-element elementor-element-432dee35\" data-id=\"432dee35\" data-element_type=\"column\" data-settings=\"{&quot;background_background&quot;:&quot;classic&quot;}\">\n\t\t\t<div class=\"elementor-widget-wrap elementor-element-populated\">\n\t\t\t\t\t\t<div class=\"elementor-element elementor-element-5f5fcc73 elementor-widget elementor-widget-heading\" data-id=\"5f5fcc73\" data-element_type=\"widget\" data-widget_type=\"heading.default\">\n\t\t\t\t<div class=\"elementor-widget-container\">\n\t\t\t<style>\/*! elementor - v3.20.0 - 26-03-2024 *\/\n.elementor-heading-title{padding:0;margin:0;line-height:1}.elementor-widget-heading .elementor-heading-title[class*=elementor-size-]>a{color:inherit;font-size:inherit;line-height:inherit}.elementor-widget-heading .elementor-heading-title.elementor-size-small{font-size:15px}.elementor-widget-heading .elementor-heading-title.elementor-size-medium{font-size:19px}.elementor-widget-heading .elementor-heading-title.elementor-size-large{font-size:29px}.elementor-widget-heading .elementor-heading-title.elementor-size-xl{font-size:39px}.elementor-widget-heading .elementor-heading-title.elementor-size-xxl{font-size:59px}<\/style><h1 class=\"elementor-heading-title elementor-size-default\">T\u00e9l\u00e9chargements Act! v20<\/h1>\t\t<\/div>\n\t\t\t\t<\/div>\n\t\t\t\t\t<\/div>\n\t\t<\/div>\n\t\t\t\t\t<\/div>\n\t\t<\/section>\n\t\t\t\t<section class=\"elementor-section elementor-top-section elementor-element elementor-element-8e37430 elementor-section-boxed elementor-section-height-default elementor-section-height-default\" data-id=\"8e37430\" data-element_type=\"section\">\n\t\t\t\t\t\t<div class=\"elementor-container elementor-column-gap-default\">\n\t\t\t\t\t<div class=\"elementor-column elementor-col-100 elementor-top-column elementor-element elementor-element-24d358d\" data-id=\"24d358d\" data-element_type=\"column\">\n\t\t\t<div class=\"elementor-widget-wrap elementor-element-populated\">\n\t\t\t\t\t\t<div class=\"elementor-element elementor-element-a3abc01 elementor-widget elementor-widget-text-editor\" data-id=\"a3abc01\" data-element_type=\"widget\" data-widget_type=\"text-editor.default\">\n\t\t\t\t<div class=\"elementor-widget-container\">\n\t\t\t<style>\/*! elementor - v3.20.0 - 26-03-2024 *\/\n.elementor-widget-text-editor.elementor-drop-cap-view-stacked .elementor-drop-cap{background-color:#69727d;color:#fff}.elementor-widget-text-editor.elementor-drop-cap-view-framed .elementor-drop-cap{color:#69727d;border:3px solid;background-color:transparent}.elementor-widget-text-editor:not(.elementor-drop-cap-view-default) .elementor-drop-cap{margin-top:8px}.elementor-widget-text-editor:not(.elementor-drop-cap-view-default) .elementor-drop-cap-letter{width:1em;height:1em}.elementor-widget-text-editor .elementor-drop-cap{float:left;text-align:center;line-height:1;font-size:50px}.elementor-widget-text-editor .elementor-drop-cap-letter{display:inline-block}<\/style>\t\t\t\t<ul><li><strong>Act! Pro v20.0.9 (475 MB)<\/strong>\u00a0<a href=\"http:\/\/dl.act.com\/200\/CF\/actpro_2000x10_CF_1.exe\">T\u00e9l\u00e9charger<\/a><\/li><li><strong>Act! Premium v20.0.9 (666 MB)<\/strong>\u00a0<a href=\"http:\/\/dl.act.com\/200\/CF\/actprem_2000x10_CF_1.exe\">T\u00e9l\u00e9charger<\/a><\/li><li><strong>Act! Premium Web<\/strong>\u00a0<strong>v20.0.9 (1,004 MB)<\/strong>\u00a0<a href=\"http:\/\/dl.act.com\/200\/CF\/actweb_2000x10_CF_1.exe\">T\u00e9l\u00e9charger<\/a><\/li><\/ul><p>\u00a0<\/p>\t\t\t\t\t\t<\/div>\n\t\t\t\t<\/div>\n\t\t\t\t\t<\/div>\n\t\t<\/div>\n\t\t\t\t\t<\/div>\n\t\t<\/section>\n\t\t\t\t<\/div>\n\t\t","protected":false},"excerpt":{"rendered":"<p>T\u00e9l\u00e9chargements Act! v20 Act! Pro v20.0.9 (475 MB)\u00a0T\u00e9l\u00e9charger Act! Premium v20.0.9 (666 MB)\u00a0T\u00e9l\u00e9charger Act! Premium Web\u00a0v20.0.9 (1,004 MB)\u00a0T\u00e9l\u00e9charger \u00a0<\/p>\n","protected":false},"author":4,"featured_media":0,"parent":0,"menu_order":0,"comment_status":"closed","ping_status":"closed","template":"elementor_header_footer","meta":{"_acf_changed":false,"content-type":"","inline_featured_image":false,"footnotes":""},"categories":[],"tags":[],"folder":[301],"acf":[],"yoast_head":"<!-- This site is optimized with the Yoast SEO Premium plugin v22.2 (Yoast SEO v22.4) - https:\/\/yoast.com\/wordpress\/plugins\/seo\/ -->\n<title>T\u00e9l\u00e9chargements Act! v20 | Act! Canada<\/title>\n<meta name=\"robots\" content=\"noindex, follow, max-snippet:-1, max-image-preview:large, max-video-preview:-1\" \/>\n<meta property=\"og:locale\" content=\"fr_CA\" \/>\n<meta property=\"og:type\" content=\"article\" \/>\n<meta property=\"og:title\" content=\"T\u00e9l\u00e9chargements Act! v20\" \/>\n<meta property=\"og:description\" content=\"T\u00e9l\u00e9chargements Act! v20 Act! Pro v20.0.9 (475 MB)\u00a0T\u00e9l\u00e9charger Act! Premium v20.0.9 (666 MB)\u00a0T\u00e9l\u00e9charger Act! Premium Web\u00a0v20.0.9 (1,004 MB)\u00a0T\u00e9l\u00e9charger \u00a0\" \/>\n<meta property=\"og:url\" content=\"https:\/\/products.act.com\/fr-ca\/download-act-v20\/\" \/>\n<meta property=\"og:site_name\" content=\"Act!\" \/>\n<meta property=\"article:modified_time\" content=\"2023-01-20T18:24:40+00:00\" \/>\n<meta name=\"twitter:card\" content=\"summary_large_image\" \/>\n<meta name=\"twitter:label1\" content=\"Est. reading time\" \/>\n\t<meta name=\"twitter:data1\" content=\"1 minute\" \/>\n<script type=\"application\/ld+json\" class=\"yoast-schema-graph\">{\"@context\":\"https:\/\/schema.org\",\"@graph\":[{\"@type\":\"WebPage\",\"@id\":\"https:\/\/products.act.com\/fr-ca\/download-act-v20\/\",\"url\":\"https:\/\/products.act.com\/fr-ca\/download-act-v20\/\",\"name\":\"T\u00e9l\u00e9chargements Act! v20 | Act! Canada\",\"isPartOf\":{\"@id\":\"https:\/\/products.act.com\/fr-ca\/#website\"},\"datePublished\":\"2021-12-13T05:58:41+00:00\",\"dateModified\":\"2023-01-20T18:24:40+00:00\",\"breadcrumb\":{\"@id\":\"https:\/\/products.act.com\/fr-ca\/download-act-v20\/#breadcrumb\"},\"inLanguage\":\"fr-CA\",\"potentialAction\":[{\"@type\":\"ReadAction\",\"target\":[\"https:\/\/products.act.com\/fr-ca\/download-act-v20\/\"]}]},{\"@type\":\"BreadcrumbList\",\"@id\":\"https:\/\/products.act.com\/fr-ca\/download-act-v20\/#breadcrumb\",\"itemListElement\":[{\"@type\":\"ListItem\",\"position\":1,\"name\":\"Home\",\"item\":\"http:\/\/products.act.com\/fr-ca\/\"},{\"@type\":\"ListItem\",\"position\":2,\"name\":\"T\u00e9l\u00e9chargements Act! v20\"}]},{\"@type\":\"WebSite\",\"@id\":\"https:\/\/products.act.com\/fr-ca\/#website\",\"url\":\"https:\/\/products.act.com\/fr-ca\/\",\"name\":\"Act!\",\"description\":\"CRM &amp; Marketing Automation in One\",\"publisher\":{\"@id\":\"https:\/\/products.act.com\/fr-ca\/#organization\"},\"potentialAction\":[{\"@type\":\"SearchAction\",\"target\":{\"@type\":\"EntryPoint\",\"urlTemplate\":\"https:\/\/products.act.com\/fr-ca\/?s={search_term_string}\"},\"query-input\":\"required name=search_term_string\"}],\"inLanguage\":\"fr-CA\"},{\"@type\":\"Organization\",\"@id\":\"https:\/\/products.act.com\/fr-ca\/#organization\",\"name\":\"Act!\",\"url\":\"https:\/\/products.act.com\/fr-ca\/\",\"logo\":{\"@type\":\"ImageObject\",\"inLanguage\":\"fr-CA\",\"@id\":\"https:\/\/products.act.com\/fr-ca\/#\/schema\/logo\/image\/\",\"url\":\"https:\/\/products.act.com\/wp-content\/uploads\/2021\/07\/logo_fe5000.png\",\"contentUrl\":\"https:\/\/products.act.com\/wp-content\/uploads\/2021\/07\/logo_fe5000.png\",\"width\":120,\"height\":120,\"caption\":\"Act!\"},\"image\":{\"@id\":\"https:\/\/products.act.com\/fr-ca\/#\/schema\/logo\/image\/\"}}]}<\/script>\n<!-- \/ Yoast SEO Premium plugin. -->","yoast_head_json":{"title":"T\u00e9l\u00e9chargements Act! v20 | Act! Canada","robots":{"index":"noindex","follow":"follow","max-snippet":"max-snippet:-1","max-image-preview":"max-image-preview:large","max-video-preview":"max-video-preview:-1"},"og_locale":"fr_CA","og_type":"article","og_title":"T\u00e9l\u00e9chargements Act! v20","og_description":"T\u00e9l\u00e9chargements Act! v20 Act! Pro v20.0.9 (475 MB)\u00a0T\u00e9l\u00e9charger Act! Premium v20.0.9 (666 MB)\u00a0T\u00e9l\u00e9charger Act! Premium Web\u00a0v20.0.9 (1,004 MB)\u00a0T\u00e9l\u00e9charger \u00a0","og_url":"https:\/\/products.act.com\/fr-ca\/download-act-v20\/","og_site_name":"Act!","article_modified_time":"2023-01-20T18:24:40+00:00","twitter_card":"summary_large_image","twitter_misc":{"Est. reading time":"1 minute"},"schema":{"@context":"https:\/\/schema.org","@graph":[{"@type":"WebPage","@id":"https:\/\/products.act.com\/fr-ca\/download-act-v20\/","url":"https:\/\/products.act.com\/fr-ca\/download-act-v20\/","name":"T\u00e9l\u00e9chargements Act! v20 | Act! Canada","isPartOf":{"@id":"https:\/\/products.act.com\/fr-ca\/#website"},"datePublished":"2021-12-13T05:58:41+00:00","dateModified":"2023-01-20T18:24:40+00:00","breadcrumb":{"@id":"https:\/\/products.act.com\/fr-ca\/download-act-v20\/#breadcrumb"},"inLanguage":"fr-CA","potentialAction":[{"@type":"ReadAction","target":["https:\/\/products.act.com\/fr-ca\/download-act-v20\/"]}]},{"@type":"BreadcrumbList","@id":"https:\/\/products.act.com\/fr-ca\/download-act-v20\/#breadcrumb","itemListElement":[{"@type":"ListItem","position":1,"name":"Home","item":"http:\/\/products.act.com\/fr-ca\/"},{"@type":"ListItem","position":2,"name":"T\u00e9l\u00e9chargements Act! v20"}]},{"@type":"WebSite","@id":"https:\/\/products.act.com\/fr-ca\/#website","url":"https:\/\/products.act.com\/fr-ca\/","name":"Act!","description":"CRM &amp; Marketing Automation in One","publisher":{"@id":"https:\/\/products.act.com\/fr-ca\/#organization"},"potentialAction":[{"@type":"SearchAction","target":{"@type":"EntryPoint","urlTemplate":"https:\/\/products.act.com\/fr-ca\/?s={search_term_string}"},"query-input":"required name=search_term_string"}],"inLanguage":"fr-CA"},{"@type":"Organization","@id":"https:\/\/products.act.com\/fr-ca\/#organization","name":"Act!","url":"https:\/\/products.act.com\/fr-ca\/","logo":{"@type":"ImageObject","inLanguage":"fr-CA","@id":"https:\/\/products.act.com\/fr-ca\/#\/schema\/logo\/image\/","url":"https:\/\/products.act.com\/wp-content\/uploads\/2021\/07\/logo_fe5000.png","contentUrl":"https:\/\/products.act.com\/wp-content\/uploads\/2021\/07\/logo_fe5000.png","width":120,"height":120,"caption":"Act!"},"image":{"@id":"https:\/\/products.act.com\/fr-ca\/#\/schema\/logo\/image\/"}}]}},"_links":{"self":[{"href":"https:\/\/products.act.com\/fr-ca\/wp-json\/wp\/v2\/pages\/40583"}],"collection":[{"href":"https:\/\/products.act.com\/fr-ca\/wp-json\/wp\/v2\/pages"}],"about":[{"href":"https:\/\/products.act.com\/fr-ca\/wp-json\/wp\/v2\/types\/page"}],"author":[{"embeddable":true,"href":"https:\/\/products.act.com\/fr-ca\/wp-json\/wp\/v2\/users\/4"}],"replies":[{"embeddable":true,"href":"https:\/\/products.act.com\/fr-ca\/wp-json\/wp\/v2\/comments?post=40583"}],"version-history":[{"count":0,"href":"https:\/\/products.act.com\/fr-ca\/wp-json\/wp\/v2\/pages\/40583\/revisions"}],"wp:attachment":[{"href":"https:\/\/products.act.com\/fr-ca\/wp-json\/wp\/v2\/media?parent=40583"}],"wp:term":[{"taxonomy":"category","embeddable":true,"href":"https:\/\/products.act.com\/fr-ca\/wp-json\/wp\/v2\/categories?post=40583"},{"taxonomy":"post_tag","embeddable":true,"href":"https:\/\/products.act.com\/fr-ca\/wp-json\/wp\/v2\/tags?post=40583"},{"taxonomy":"folder","embeddable":true,"href":"https:\/\/products.act.com\/fr-ca\/wp-json\/wp\/v2\/folder?post=40583"}],"curies":[{"name":"wp","href":"https:\/\/api.w.org\/{rel}","templated":true}]}}