{"id":70778,"date":"2022-12-14T17:47:18","date_gmt":"2022-12-15T00:47:18","guid":{"rendered":"https:\/\/www.act.com\/welcome-drawer-us-trial\/"},"modified":"2025-06-04T07:32:20","modified_gmt":"2025-06-04T14:32:20","slug":"welcome-drawer-de-trial","status":"publish","type":"page","link":"https:\/\/products.act.com\/de\/inproduct\/welcome-drawer-de-trial\/","title":{"rendered":"Inproduct DE Welcome Page Drawer &#8211; Trial"},"content":{"rendered":"\t\t<div data-elementor-type=\"wp-page\" data-elementor-id=\"70778\" class=\"elementor elementor-70778 elementor-70677\" data-elementor-post-type=\"page\">\n\t\t\t\t\t\t<section class=\"elementor-section elementor-top-section elementor-element elementor-element-045ec06 elementor-section-boxed elementor-section-height-default elementor-section-height-default\" data-id=\"045ec06\" data-element_type=\"section\" data-settings=\"{&quot;background_background&quot;:&quot;classic&quot;}\">\n\t\t\t\t\t\t<div class=\"elementor-container elementor-column-gap-default\">\n\t\t\t\t\t<div class=\"elementor-column elementor-col-100 elementor-top-column elementor-element elementor-element-3c4a0d5\" data-id=\"3c4a0d5\" data-element_type=\"column\">\n\t\t\t<div class=\"elementor-widget-wrap elementor-element-populated\">\n\t\t\t\t\t\t<div class=\"elementor-element elementor-element-d2139dd elementor-widget elementor-widget-heading\" data-id=\"d2139dd\" data-element_type=\"widget\" data-widget_type=\"heading.default\">\n\t\t\t\t<div class=\"elementor-widget-container\">\n\t\t\t<style>\/*! elementor - v3.20.0 - 26-03-2024 *\/\n.elementor-heading-title{padding:0;margin:0;line-height:1}.elementor-widget-heading .elementor-heading-title[class*=elementor-size-]>a{color:inherit;font-size:inherit;line-height:inherit}.elementor-widget-heading .elementor-heading-title.elementor-size-small{font-size:15px}.elementor-widget-heading .elementor-heading-title.elementor-size-medium{font-size:19px}.elementor-widget-heading .elementor-heading-title.elementor-size-large{font-size:29px}.elementor-widget-heading .elementor-heading-title.elementor-size-xl{font-size:39px}.elementor-widget-heading .elementor-heading-title.elementor-size-xxl{font-size:59px}<\/style><h2 class=\"elementor-heading-title elementor-size-default\">Was gibt es Neues?<\/h2>\t\t<\/div>\n\t\t\t\t<\/div>\n\t\t\t\t<section class=\"elementor-section elementor-inner-section elementor-element elementor-element-bd90ca7 elementor-section-boxed elementor-section-height-default elementor-section-height-default\" data-id=\"bd90ca7\" data-element_type=\"section\" data-settings=\"{&quot;background_background&quot;:&quot;classic&quot;}\">\n\t\t\t\t\t\t<div class=\"elementor-container elementor-column-gap-default\">\n\t\t\t\t\t<div class=\"elementor-column elementor-col-100 elementor-inner-column elementor-element elementor-element-f304a67\" data-id=\"f304a67\" data-element_type=\"column\">\n\t\t\t<div class=\"elementor-widget-wrap elementor-element-populated\">\n\t\t\t\t\t\t<div class=\"elementor-element elementor-element-2c913bb elementor-widget elementor-widget-heading\" data-id=\"2c913bb\" data-element_type=\"widget\" data-widget_type=\"heading.default\">\n\t\t\t\t<div class=\"elementor-widget-container\">\n\t\t\t<h2 class=\"elementor-heading-title elementor-size-default\">Willkommen bei Act!<\/h2>\t\t<\/div>\n\t\t\t\t<\/div>\n\t\t\t\t<div class=\"elementor-element elementor-element-c91f560 elementor-widget elementor-widget-text-editor\" data-id=\"c91f560\" data-element_type=\"widget\" data-widget_type=\"text-editor.default\">\n\t\t\t\t<div class=\"elementor-widget-container\">\n\t\t\t<style>\/*! elementor - v3.20.0 - 26-03-2024 *\/\n.elementor-widget-text-editor.elementor-drop-cap-view-stacked .elementor-drop-cap{background-color:#69727d;color:#fff}.elementor-widget-text-editor.elementor-drop-cap-view-framed .elementor-drop-cap{color:#69727d;border:3px solid;background-color:transparent}.elementor-widget-text-editor:not(.elementor-drop-cap-view-default) .elementor-drop-cap{margin-top:8px}.elementor-widget-text-editor:not(.elementor-drop-cap-view-default) .elementor-drop-cap-letter{width:1em;height:1em}.elementor-widget-text-editor .elementor-drop-cap{float:left;text-align:center;line-height:1;font-size:50px}.elementor-widget-text-editor .elementor-drop-cap-letter{display:inline-block}<\/style>\t\t\t\t<p>Wir freuen uns, dass Sie hier sind! Hier ist ein kurzes Video mit einigen Tipps, die Ihnen den Einstieg erleichtern (deutsche Untertitel verf\u00fcgbar).<\/p>\t\t\t\t\t\t<\/div>\n\t\t\t\t<\/div>\n\t\t\t\t<div class=\"elementor-element elementor-element-d23086b elementor-widget elementor-widget-image\" data-id=\"d23086b\" data-element_type=\"widget\" data-widget_type=\"image.default\">\n\t\t\t\t<div class=\"elementor-widget-container\">\n\t\t\t<style>\/*! elementor - v3.20.0 - 26-03-2024 *\/\n.elementor-widget-image{text-align:center}.elementor-widget-image a{display:inline-block}.elementor-widget-image a img[src$=\".svg\"]{width:48px}.elementor-widget-image img{vertical-align:middle;display:inline-block}<\/style>\t\t\t\t\t\t\t\t\t\t\t<a href=\"https:\/\/training-act.com\/act\/act-lib-cloud\/?courseId=getting_started&#038;videoId=1\" target=\"_blank\">\n\t\t\t\t\t\t\t<img fetchpriority=\"high\" decoding=\"async\" width=\"800\" height=\"450\" src=\"https:\/\/products.act.com\/wp-content\/uploads\/vidThumb_DiscoveringActCloud.png\" class=\"attachment-large size-large wp-image-70754\" alt=\"thumbnail of video &quot;Discovering Act! Cloud&quot; with an act logo in the center\" srcset=\"https:\/\/products.act.com\/wp-content\/uploads\/vidThumb_DiscoveringActCloud.png 800w, https:\/\/products.act.com\/wp-content\/uploads\/vidThumb_DiscoveringActCloud-300x169.png 300w, https:\/\/products.act.com\/wp-content\/uploads\/vidThumb_DiscoveringActCloud-768x432.png 768w\" sizes=\"(max-width: 800px) 100vw, 800px\" \/>\t\t\t\t\t\t\t\t<\/a>\n\t\t\t\t\t\t\t\t\t\t\t\t\t<\/div>\n\t\t\t\t<\/div>\n\t\t\t\t<div class=\"elementor-element elementor-element-4e353f5 elementor-widget elementor-widget-text-editor\" data-id=\"4e353f5\" data-element_type=\"widget\" data-widget_type=\"text-editor.default\">\n\t\t\t\t<div class=\"elementor-widget-container\">\n\t\t\t\t\t\t\t<p>Au\u00dferdem finden Sie hier eine <strong><a href=\"https:\/\/www.act.com\/de\/hilfsmittel\/kurzanleitung\/\" target=\"_blank\" rel=\"noopener\">Kurzanleitung<\/a><\/strong> mit Schritt-f\u00fcr-Schritt-Anweisungen f\u00fcr den Einstieg. Scrollen Sie weiter, um weitere Ressourcen zu finden, die Ihnen helfen, die Testversion bestm\u00f6glich zu nutzen.<\/p>\t\t\t\t\t\t<\/div>\n\t\t\t\t<\/div>\n\t\t\t\t\t<\/div>\n\t\t<\/div>\n\t\t\t\t\t<\/div>\n\t\t<\/section>\n\t\t\t\t<section class=\"elementor-section elementor-inner-section elementor-element elementor-element-78759a3 elementor-section-boxed elementor-section-height-default elementor-section-height-default\" data-id=\"78759a3\" data-element_type=\"section\" data-settings=\"{&quot;background_background&quot;:&quot;classic&quot;}\">\n\t\t\t\t\t\t<div class=\"elementor-container elementor-column-gap-default\">\n\t\t\t\t\t<div class=\"elementor-column elementor-col-100 elementor-inner-column elementor-element elementor-element-dff0894\" data-id=\"dff0894\" data-element_type=\"column\">\n\t\t\t<div class=\"elementor-widget-wrap elementor-element-populated\">\n\t\t\t\t\t\t<div class=\"elementor-element elementor-element-a23d7e0 elementor-widget elementor-widget-heading\" data-id=\"a23d7e0\" data-element_type=\"widget\" data-widget_type=\"heading.default\">\n\t\t\t\t<div class=\"elementor-widget-container\">\n\t\t\t<h2 class=\"elementor-heading-title elementor-size-default\">Daten in Act! importieren<\/h2>\t\t<\/div>\n\t\t\t\t<\/div>\n\t\t\t\t<div class=\"elementor-element elementor-element-97315e1 elementor-widget elementor-widget-image\" data-id=\"97315e1\" data-element_type=\"widget\" data-widget_type=\"image.default\">\n\t\t\t\t<div class=\"elementor-widget-container\">\n\t\t\t\t\t\t\t\t\t\t\t\t\t\t<a href=\"https:\/\/www.youtube.com\/watch?v=L210oE_s7fs&#038;feature=youtu.be\" target=\"_blank\">\n\t\t\t\t\t\t\t<img decoding=\"async\" width=\"800\" height=\"450\" src=\"https:\/\/products.act.com\/wp-content\/uploads\/vidThumb_ImportingData.png\" class=\"attachment-large size-large wp-image-70761\" alt=\"thumbnail of importing data video with an act! logo in the center\" srcset=\"https:\/\/products.act.com\/wp-content\/uploads\/vidThumb_ImportingData.png 800w, https:\/\/products.act.com\/wp-content\/uploads\/vidThumb_ImportingData-300x169.png 300w, https:\/\/products.act.com\/wp-content\/uploads\/vidThumb_ImportingData-768x432.png 768w\" sizes=\"(max-width: 800px) 100vw, 800px\" \/>\t\t\t\t\t\t\t\t<\/a>\n\t\t\t\t\t\t\t\t\t\t\t\t\t<\/div>\n\t\t\t\t<\/div>\n\t\t\t\t<div class=\"elementor-element elementor-element-25292a9 elementor-widget elementor-widget-text-editor\" data-id=\"25292a9\" data-element_type=\"widget\" data-widget_type=\"text-editor.default\">\n\t\t\t\t<div class=\"elementor-widget-container\">\n\t\t\t\t\t\t\t<p>Sie m\u00f6chten Kontaktdaten aus einer CSV- oder Excel-Datei importieren? Hier finden Sie ein Video-Tutorial, das Sie Schritt f\u00fcr Schritt durch den Prozess f\u00fchrt (deutsche Untertitel verf\u00fcgbar). Wenn Sie eine bestehende Act! Datenbank hochladen m\u00f6chten, klicken Sie bitte <strong><a href=\"https:\/\/support.act.com\/s\/article\/How-do-I-Work-With-Multiple-Databases-When-Using-Act-CRM?language=de\" target=\"_blank\" rel=\"noopener\">hier<\/a><\/strong> f\u00fcr weitere Anweisungen.<\/p>\t\t\t\t\t\t<\/div>\n\t\t\t\t<\/div>\n\t\t\t\t\t<\/div>\n\t\t<\/div>\n\t\t\t\t\t<\/div>\n\t\t<\/section>\n\t\t\t\t<section class=\"elementor-section elementor-inner-section elementor-element elementor-element-ad0224b elementor-section-boxed elementor-section-height-default elementor-section-height-default\" data-id=\"ad0224b\" data-element_type=\"section\" data-settings=\"{&quot;background_background&quot;:&quot;classic&quot;}\">\n\t\t\t\t\t\t<div class=\"elementor-container elementor-column-gap-default\">\n\t\t\t\t\t<div class=\"elementor-column elementor-col-100 elementor-inner-column elementor-element elementor-element-d1ae566\" data-id=\"d1ae566\" data-element_type=\"column\">\n\t\t\t<div class=\"elementor-widget-wrap elementor-element-populated\">\n\t\t\t\t\t\t<div class=\"elementor-element elementor-element-6e54802 elementor-widget elementor-widget-heading\" data-id=\"6e54802\" data-element_type=\"widget\" data-widget_type=\"heading.default\">\n\t\t\t\t<div class=\"elementor-widget-container\">\n\t\t\t<h2 class=\"elementor-heading-title elementor-size-default\">Ben\u00f6tigen Sie Hilfe?<\/h2>\t\t<\/div>\n\t\t\t\t<\/div>\n\t\t\t\t<div class=\"elementor-element elementor-element-8263ffb elementor-widget elementor-widget-text-editor\" data-id=\"8263ffb\" data-element_type=\"widget\" data-widget_type=\"text-editor.default\">\n\t\t\t\t<div class=\"elementor-widget-container\">\n\t\t\t\t\t\t\t<p>Hier finden Sie zus\u00e4tzliche Ressourcen f\u00fcr die Nutzung von Act!:<\/p><ul><li><a href=\"https:\/\/support.act.com\/s\/?language=de\" target=\"_blank\" rel=\"noopener\">Act! Knowledgebase<\/a><\/li><li><a href=\"https:\/\/support.act.com\/s\/topic\/0TO3j00000126JxGAI\/getting-started?language=de\" target=\"_blank\" rel=\"noopener\">Artikel zum Einstieg<\/a><\/li><li><a href=\"https:\/\/www.act.com\/de\/hilfsmittel\/erste-schritte\/\" target=\"_blank\" rel=\"noopener\">Ressourcen-Center f\u00fcr den Einstieg<\/a><\/li><li><a href=\"https:\/\/training-act.com\/act\/act-lib-cloud\/?courseId=getting_started&amp;\" target=\"_blank\" rel=\"noopener\">Schulungsvideos<\/a><\/li><li><a href=\"https:\/\/www.act.com\/de\/hilfsmittel\/so-gehts\/\" target=\"_blank\" rel=\"noopener\">So-geht&#8217;s-Artikel<\/a><\/li><\/ul>\t\t\t\t\t\t<\/div>\n\t\t\t\t<\/div>\n\t\t\t\t\t<\/div>\n\t\t<\/div>\n\t\t\t\t\t<\/div>\n\t\t<\/section>\n\t\t\t\t<section class=\"elementor-section elementor-inner-section elementor-element elementor-element-34c901b elementor-section-boxed elementor-section-height-default elementor-section-height-default\" data-id=\"34c901b\" data-element_type=\"section\" data-settings=\"{&quot;background_background&quot;:&quot;classic&quot;}\">\n\t\t\t\t\t\t<div class=\"elementor-container elementor-column-gap-default\">\n\t\t\t\t\t<div class=\"elementor-column elementor-col-100 elementor-inner-column elementor-element elementor-element-e347557\" data-id=\"e347557\" data-element_type=\"column\">\n\t\t\t<div class=\"elementor-widget-wrap elementor-element-populated\">\n\t\t\t\t\t\t<div class=\"elementor-element elementor-element-68d76b7 elementor-widget elementor-widget-heading\" data-id=\"68d76b7\" data-element_type=\"widget\" data-widget_type=\"heading.default\">\n\t\t\t\t<div class=\"elementor-widget-container\">\n\t\t\t<h2 class=\"elementor-heading-title elementor-size-default\">Bereit zum Kauf?<\/h2>\t\t<\/div>\n\t\t\t\t<\/div>\n\t\t\t\t<div class=\"elementor-element elementor-element-5c1cd27 elementor-widget elementor-widget-text-editor\" data-id=\"5c1cd27\" data-element_type=\"widget\" data-widget_type=\"text-editor.default\">\n\t\t\t\t<div class=\"elementor-widget-container\">\n\t\t\t\t\t\t\t<p>Wenn Sie Fragen zu Act! haben oder bereit sind, den n\u00e4chsten Schritt zu tun, senden Sie uns bitte eine E-Mail an <a href=\"mailto:vertrieb@act.com\" target=\"_blank\" rel=\"noopener\">vertrieb@act.com<\/a>\u00a0oder kontaktieren Sie Ihren Act! Certified Consultant.<\/p>\t\t\t\t\t\t<\/div>\n\t\t\t\t<\/div>\n\t\t\t\t\t<\/div>\n\t\t<\/div>\n\t\t\t\t\t<\/div>\n\t\t<\/section>\n\t\t\t\t\t<\/div>\n\t\t<\/div>\n\t\t\t\t\t<\/div>\n\t\t<\/section>\n\t\t\t\t<\/div>\n\t\t","protected":false},"excerpt":{"rendered":"<p>Was gibt es Neues? Willkommen bei Act! Wir freuen uns, dass Sie hier sind! Hier ist ein kurzes Video mit einigen Tipps, die Ihnen den Einstieg erleichtern (deutsche Untertitel verf\u00fcgbar). Au\u00dferdem finden Sie hier eine Kurzanleitung mit Schritt-f\u00fcr-Schritt-Anweisungen f\u00fcr den Einstieg. Scrollen Sie weiter, um weitere Ressourcen zu finden, die Ihnen helfen, die Testversion bestm\u00f6glich [&hellip;]<\/p>\n","protected":false},"author":9,"featured_media":0,"parent":43436,"menu_order":0,"comment_status":"closed","ping_status":"closed","template":"templates\/landing.php","meta":{"_acf_changed":false,"content-type":"","inline_featured_image":false,"footnotes":""},"categories":[],"tags":[],"folder":[],"acf":[],"yoast_head":"<!-- This site is optimized with the Yoast SEO Premium plugin v22.2 (Yoast SEO v22.4) - https:\/\/yoast.com\/wordpress\/plugins\/seo\/ -->\n<title>Inproduct DE Welcome Page Drawer - Trial - Act!<\/title>\n<meta name=\"robots\" content=\"noindex, nofollow\" \/>\n<meta property=\"og:locale\" content=\"de_DE\" \/>\n<meta property=\"og:type\" content=\"article\" \/>\n<meta property=\"og:title\" content=\"Inproduct DE Welcome Page Drawer - Trial\" \/>\n<meta property=\"og:description\" content=\"Was gibt es Neues? Willkommen bei Act! Wir freuen uns, dass Sie hier sind! Hier ist ein kurzes Video mit einigen Tipps, die Ihnen den Einstieg erleichtern (deutsche Untertitel verf\u00fcgbar). Au\u00dferdem finden Sie hier eine Kurzanleitung mit Schritt-f\u00fcr-Schritt-Anweisungen f\u00fcr den Einstieg. Scrollen Sie weiter, um weitere Ressourcen zu finden, die Ihnen helfen, die Testversion bestm\u00f6glich [&hellip;]\" \/>\n<meta property=\"og:url\" content=\"https:\/\/products.act.com\/de\/inproduct\/welcome-drawer-de-trial\/\" \/>\n<meta property=\"og:site_name\" content=\"Act!\" \/>\n<meta property=\"article:modified_time\" content=\"2025-06-04T14:32:20+00:00\" \/>\n<meta property=\"og:image\" content=\"https:\/\/products.act.com\/wp-content\/uploads\/vidThumb_DiscoveringActCloud.png\" \/>\n<meta name=\"twitter:card\" content=\"summary_large_image\" \/>\n<meta name=\"twitter:label1\" content=\"Est. reading time\" \/>\n\t<meta name=\"twitter:data1\" content=\"2 minutes\" \/>\n<script type=\"application\/ld+json\" class=\"yoast-schema-graph\">{\"@context\":\"https:\/\/schema.org\",\"@graph\":[{\"@type\":\"WebPage\",\"@id\":\"https:\/\/products.act.com\/de\/inproduct\/welcome-drawer-de-trial\/\",\"url\":\"https:\/\/products.act.com\/de\/inproduct\/welcome-drawer-de-trial\/\",\"name\":\"Inproduct DE Welcome Page Drawer - Trial - Act!\",\"isPartOf\":{\"@id\":\"https:\/\/products.act.com\/de\/#website\"},\"primaryImageOfPage\":{\"@id\":\"https:\/\/products.act.com\/de\/inproduct\/welcome-drawer-de-trial\/#primaryimage\"},\"image\":{\"@id\":\"https:\/\/products.act.com\/de\/inproduct\/welcome-drawer-de-trial\/#primaryimage\"},\"thumbnailUrl\":\"https:\/\/products.act.com\/wp-content\/uploads\/vidThumb_DiscoveringActCloud.png\",\"datePublished\":\"2022-12-15T00:47:18+00:00\",\"dateModified\":\"2025-06-04T14:32:20+00:00\",\"breadcrumb\":{\"@id\":\"https:\/\/products.act.com\/de\/inproduct\/welcome-drawer-de-trial\/#breadcrumb\"},\"inLanguage\":\"de-DE\",\"potentialAction\":[{\"@type\":\"ReadAction\",\"target\":[\"https:\/\/products.act.com\/de\/inproduct\/welcome-drawer-de-trial\/\"]}]},{\"@type\":\"ImageObject\",\"inLanguage\":\"de-DE\",\"@id\":\"https:\/\/products.act.com\/de\/inproduct\/welcome-drawer-de-trial\/#primaryimage\",\"url\":\"https:\/\/products.act.com\/wp-content\/uploads\/vidThumb_DiscoveringActCloud.png\",\"contentUrl\":\"https:\/\/products.act.com\/wp-content\/uploads\/vidThumb_DiscoveringActCloud.png\"},{\"@type\":\"BreadcrumbList\",\"@id\":\"https:\/\/products.act.com\/de\/inproduct\/welcome-drawer-de-trial\/#breadcrumb\",\"itemListElement\":[{\"@type\":\"ListItem\",\"position\":1,\"name\":\"Home\",\"item\":\"https:\/\/products.act.com\/de\/\"},{\"@type\":\"ListItem\",\"position\":2,\"name\":\"Inproduct &#8211; Act!\",\"item\":\"https:\/\/products.act.com\/de\/inproduct\/\"},{\"@type\":\"ListItem\",\"position\":3,\"name\":\"Inproduct DE Welcome Page Drawer &#8211; Trial\"}]},{\"@type\":\"WebSite\",\"@id\":\"https:\/\/products.act.com\/de\/#website\",\"url\":\"https:\/\/products.act.com\/de\/\",\"name\":\"Act!\",\"description\":\"CRM &amp; Marketing Automation in One\",\"publisher\":{\"@id\":\"https:\/\/products.act.com\/de\/#organization\"},\"potentialAction\":[{\"@type\":\"SearchAction\",\"target\":{\"@type\":\"EntryPoint\",\"urlTemplate\":\"https:\/\/products.act.com\/de\/?s={search_term_string}\"},\"query-input\":\"required name=search_term_string\"}],\"inLanguage\":\"de-DE\"},{\"@type\":\"Organization\",\"@id\":\"https:\/\/products.act.com\/de\/#organization\",\"name\":\"Act!\",\"url\":\"https:\/\/products.act.com\/de\/\",\"logo\":{\"@type\":\"ImageObject\",\"inLanguage\":\"de-DE\",\"@id\":\"https:\/\/products.act.com\/de\/#\/schema\/logo\/image\/\",\"url\":\"https:\/\/products.act.com\/wp-content\/uploads\/2021\/07\/logo_fe5000.png\",\"contentUrl\":\"https:\/\/products.act.com\/wp-content\/uploads\/2021\/07\/logo_fe5000.png\",\"width\":120,\"height\":120,\"caption\":\"Act!\"},\"image\":{\"@id\":\"https:\/\/products.act.com\/de\/#\/schema\/logo\/image\/\"}}]}<\/script>\n<!-- \/ Yoast SEO Premium plugin. -->","yoast_head_json":{"title":"Inproduct DE Welcome Page Drawer - Trial - Act!","robots":{"index":"noindex","follow":"nofollow"},"og_locale":"de_DE","og_type":"article","og_title":"Inproduct DE Welcome Page Drawer - Trial","og_description":"Was gibt es Neues? Willkommen bei Act! Wir freuen uns, dass Sie hier sind! Hier ist ein kurzes Video mit einigen Tipps, die Ihnen den Einstieg erleichtern (deutsche Untertitel verf\u00fcgbar). Au\u00dferdem finden Sie hier eine Kurzanleitung mit Schritt-f\u00fcr-Schritt-Anweisungen f\u00fcr den Einstieg. Scrollen Sie weiter, um weitere Ressourcen zu finden, die Ihnen helfen, die Testversion bestm\u00f6glich [&hellip;]","og_url":"https:\/\/products.act.com\/de\/inproduct\/welcome-drawer-de-trial\/","og_site_name":"Act!","article_modified_time":"2025-06-04T14:32:20+00:00","og_image":[{"url":"https:\/\/products.act.com\/wp-content\/uploads\/vidThumb_DiscoveringActCloud.png"}],"twitter_card":"summary_large_image","twitter_misc":{"Est. reading time":"2 minutes"},"schema":{"@context":"https:\/\/schema.org","@graph":[{"@type":"WebPage","@id":"https:\/\/products.act.com\/de\/inproduct\/welcome-drawer-de-trial\/","url":"https:\/\/products.act.com\/de\/inproduct\/welcome-drawer-de-trial\/","name":"Inproduct DE Welcome Page Drawer - Trial - Act!","isPartOf":{"@id":"https:\/\/products.act.com\/de\/#website"},"primaryImageOfPage":{"@id":"https:\/\/products.act.com\/de\/inproduct\/welcome-drawer-de-trial\/#primaryimage"},"image":{"@id":"https:\/\/products.act.com\/de\/inproduct\/welcome-drawer-de-trial\/#primaryimage"},"thumbnailUrl":"https:\/\/products.act.com\/wp-content\/uploads\/vidThumb_DiscoveringActCloud.png","datePublished":"2022-12-15T00:47:18+00:00","dateModified":"2025-06-04T14:32:20+00:00","breadcrumb":{"@id":"https:\/\/products.act.com\/de\/inproduct\/welcome-drawer-de-trial\/#breadcrumb"},"inLanguage":"de-DE","potentialAction":[{"@type":"ReadAction","target":["https:\/\/products.act.com\/de\/inproduct\/welcome-drawer-de-trial\/"]}]},{"@type":"ImageObject","inLanguage":"de-DE","@id":"https:\/\/products.act.com\/de\/inproduct\/welcome-drawer-de-trial\/#primaryimage","url":"https:\/\/products.act.com\/wp-content\/uploads\/vidThumb_DiscoveringActCloud.png","contentUrl":"https:\/\/products.act.com\/wp-content\/uploads\/vidThumb_DiscoveringActCloud.png"},{"@type":"BreadcrumbList","@id":"https:\/\/products.act.com\/de\/inproduct\/welcome-drawer-de-trial\/#breadcrumb","itemListElement":[{"@type":"ListItem","position":1,"name":"Home","item":"https:\/\/products.act.com\/de\/"},{"@type":"ListItem","position":2,"name":"Inproduct &#8211; Act!","item":"https:\/\/products.act.com\/de\/inproduct\/"},{"@type":"ListItem","position":3,"name":"Inproduct DE Welcome Page Drawer &#8211; Trial"}]},{"@type":"WebSite","@id":"https:\/\/products.act.com\/de\/#website","url":"https:\/\/products.act.com\/de\/","name":"Act!","description":"CRM &amp; Marketing Automation in One","publisher":{"@id":"https:\/\/products.act.com\/de\/#organization"},"potentialAction":[{"@type":"SearchAction","target":{"@type":"EntryPoint","urlTemplate":"https:\/\/products.act.com\/de\/?s={search_term_string}"},"query-input":"required name=search_term_string"}],"inLanguage":"de-DE"},{"@type":"Organization","@id":"https:\/\/products.act.com\/de\/#organization","name":"Act!","url":"https:\/\/products.act.com\/de\/","logo":{"@type":"ImageObject","inLanguage":"de-DE","@id":"https:\/\/products.act.com\/de\/#\/schema\/logo\/image\/","url":"https:\/\/products.act.com\/wp-content\/uploads\/2021\/07\/logo_fe5000.png","contentUrl":"https:\/\/products.act.com\/wp-content\/uploads\/2021\/07\/logo_fe5000.png","width":120,"height":120,"caption":"Act!"},"image":{"@id":"https:\/\/products.act.com\/de\/#\/schema\/logo\/image\/"}}]}},"_links":{"self":[{"href":"https:\/\/products.act.com\/de\/wp-json\/wp\/v2\/pages\/70778"}],"collection":[{"href":"https:\/\/products.act.com\/de\/wp-json\/wp\/v2\/pages"}],"about":[{"href":"https:\/\/products.act.com\/de\/wp-json\/wp\/v2\/types\/page"}],"author":[{"embeddable":true,"href":"https:\/\/products.act.com\/de\/wp-json\/wp\/v2\/users\/9"}],"replies":[{"embeddable":true,"href":"https:\/\/products.act.com\/de\/wp-json\/wp\/v2\/comments?post=70778"}],"version-history":[{"count":6,"href":"https:\/\/products.act.com\/de\/wp-json\/wp\/v2\/pages\/70778\/revisions"}],"predecessor-version":[{"id":86323,"href":"https:\/\/products.act.com\/de\/wp-json\/wp\/v2\/pages\/70778\/revisions\/86323"}],"up":[{"embeddable":true,"href":"https:\/\/products.act.com\/de\/wp-json\/wp\/v2\/pages\/43436"}],"wp:attachment":[{"href":"https:\/\/products.act.com\/de\/wp-json\/wp\/v2\/media?parent=70778"}],"wp:term":[{"taxonomy":"category","embeddable":true,"href":"https:\/\/products.act.com\/de\/wp-json\/wp\/v2\/categories?post=70778"},{"taxonomy":"post_tag","embeddable":true,"href":"https:\/\/products.act.com\/de\/wp-json\/wp\/v2\/tags?post=70778"},{"taxonomy":"folder","embeddable":true,"href":"https:\/\/products.act.com\/de\/wp-json\/wp\/v2\/folder?post=70778"}],"curies":[{"name":"wp","href":"https:\/\/api.w.org\/{rel}","templated":true}]}}