{"id":45208,"date":"2022-01-18T19:36:17","date_gmt":"2022-01-18T12:36:17","guid":{"rendered":"https:\/\/act.com\/?page_id=45208"},"modified":"2023-01-23T11:49:07","modified_gmt":"2023-01-23T18:49:07","slug":"kundeninformation-zur-installation-von-act","status":"publish","type":"page","link":"https:\/\/products.act.com\/de\/lp\/kundeninformation-zur-installation-von-act\/","title":{"rendered":"Kundeninformation zur Installation von Act!"},"content":{"rendered":"\t\t<div data-elementor-type=\"wp-page\" data-elementor-id=\"45208\" class=\"elementor elementor-45208\" data-elementor-post-type=\"page\">\n\t\t\t\t\t\t<section class=\"elementor-section elementor-top-section elementor-element elementor-element-7b0bc675 topSctGlb elementor-section-boxed elementor-section-height-default elementor-section-height-default\" data-id=\"7b0bc675\" data-element_type=\"section\" data-settings=\"{&quot;background_background&quot;:&quot;gradient&quot;}\">\n\t\t\t\t\t\t<div class=\"elementor-container elementor-column-gap-default\">\n\t\t\t\t\t<div class=\"elementor-column elementor-col-100 elementor-top-column elementor-element elementor-element-48923452\" data-id=\"48923452\" data-element_type=\"column\">\n\t\t\t<div class=\"elementor-widget-wrap elementor-element-populated\">\n\t\t\t\t\t\t<div class=\"elementor-element elementor-element-2b8b6a1a elementor-widget elementor-widget-heading\" data-id=\"2b8b6a1a\" data-element_type=\"widget\" data-widget_type=\"heading.default\">\n\t\t\t\t<div class=\"elementor-widget-container\">\n\t\t\t<style>\/*! elementor - v3.20.0 - 26-03-2024 *\/\n.elementor-heading-title{padding:0;margin:0;line-height:1}.elementor-widget-heading .elementor-heading-title[class*=elementor-size-]>a{color:inherit;font-size:inherit;line-height:inherit}.elementor-widget-heading .elementor-heading-title.elementor-size-small{font-size:15px}.elementor-widget-heading .elementor-heading-title.elementor-size-medium{font-size:19px}.elementor-widget-heading .elementor-heading-title.elementor-size-large{font-size:29px}.elementor-widget-heading .elementor-heading-title.elementor-size-xl{font-size:39px}.elementor-widget-heading .elementor-heading-title.elementor-size-xxl{font-size:59px}<\/style><h2 class=\"elementor-heading-title elementor-size-default\">Kundeninformation zur Installation von Act!<\/h2>\t\t<\/div>\n\t\t\t\t<\/div>\n\t\t\t\t\t<\/div>\n\t\t<\/div>\n\t\t\t\t\t<\/div>\n\t\t<\/section>\n\t\t\t\t<section class=\"elementor-section elementor-top-section elementor-element elementor-element-77b23552 elementor-section-boxed elementor-section-height-default elementor-section-height-default\" data-id=\"77b23552\" data-element_type=\"section\">\n\t\t\t\t\t\t<div class=\"elementor-container elementor-column-gap-default\">\n\t\t\t\t\t<div class=\"elementor-column elementor-col-100 elementor-top-column elementor-element elementor-element-5ba0db79\" data-id=\"5ba0db79\" data-element_type=\"column\">\n\t\t\t<div class=\"elementor-widget-wrap elementor-element-populated\">\n\t\t\t\t\t\t<div class=\"elementor-element elementor-element-6d833c58 elementor-widget elementor-widget-text-editor\" data-id=\"6d833c58\" data-element_type=\"widget\" data-widget_type=\"text-editor.default\">\n\t\t\t\t<div class=\"elementor-widget-container\">\n\t\t\t<style>\/*! elementor - v3.20.0 - 26-03-2024 *\/\n.elementor-widget-text-editor.elementor-drop-cap-view-stacked .elementor-drop-cap{background-color:#69727d;color:#fff}.elementor-widget-text-editor.elementor-drop-cap-view-framed .elementor-drop-cap{color:#69727d;border:3px solid;background-color:transparent}.elementor-widget-text-editor:not(.elementor-drop-cap-view-default) .elementor-drop-cap{margin-top:8px}.elementor-widget-text-editor:not(.elementor-drop-cap-view-default) .elementor-drop-cap-letter{width:1em;height:1em}.elementor-widget-text-editor .elementor-drop-cap{float:left;text-align:center;line-height:1;font-size:50px}.elementor-widget-text-editor .elementor-drop-cap-letter{display:inline-block}<\/style>\t\t\t\t<p>Wir empfehlen, f\u00fcr die Installation und Registrierung eine stabile und zuverl\u00e4ssige Internetverbindung zu nutzen. So k\u00f6nnen Sie mit Ihrer neuen Act! Anwendung Ihre Seriennummer und Act! Versionsnummer ohne Probleme registrieren und validieren.<\/p><p>Warum erfasst Act! diese Informationen?<\/p><ul><li>Es wird gepr\u00fcft, ob Ihre Seriennummer oder Ihr Lizenzschl\u00fcssel g\u00fcltig sind. Ohne eine solche Validierung der Act! Anwendung wird die Software 30 Tage nach der Installation deaktiviert.<\/li><li>Mit einer Validierung werden Sie von Act! \u00fcber kritische Updates informiert, die f\u00fcr Ihre spezifische Act! Anwendung durchgef\u00fchrt werden m\u00fcssen. Dies gilt vor allem f\u00fcr sicherheitsrelevante Updates. Wir stellen au\u00dferdem sicher, dass Sie nur E-Mail-Nachrichten zu Wartungsarbeiten oder Updates erhalten, die sich auf Ihre spezifische Act! Version beziehen.<\/li><li>Registrierungs-\/Aktivierungsdaten: Ihre Daten, darunter Ihre Registrierungsdaten, werden wie in dieser Vereinbarung vorgesehen und in \u00dcbereinstimmung mit unseren Datenschutzrichtlinien (siehe\u00a0<a href=\"https:\/\/www.act.com\/legal\/privacy-policy\/\">https:\/\/www.act.com\/de-de\/datenschutzbestimmungen<\/a>) erfasst und verarbeitet.<\/li><\/ul>\t\t\t\t\t\t<\/div>\n\t\t\t\t<\/div>\n\t\t\t\t<div class=\"elementor-element elementor-element-2c4a1496 elementor-widget elementor-widget-heading\" data-id=\"2c4a1496\" data-element_type=\"widget\" data-widget_type=\"heading.default\">\n\t\t\t\t<div class=\"elementor-widget-container\">\n\t\t\t<h4 class=\"elementor-heading-title elementor-size-default\">Um Ihr Produkt nutzen zu k\u00f6nnen, m\u00fcssen Sie es installieren und registrieren. Mit der Installation und Registrierung Ihrer neuen Version von Act! stimmen Sie der Erfassung dieser Daten durch Act! zu.<\/h4>\t\t<\/div>\n\t\t\t\t<\/div>\n\t\t\t\t<div class=\"elementor-element elementor-element-65cec07f elementor-widget elementor-widget-text-editor\" data-id=\"65cec07f\" data-element_type=\"widget\" data-widget_type=\"text-editor.default\">\n\t\t\t\t<div class=\"elementor-widget-container\">\n\t\t\t\t\t\t\t<p>Act! erfasst ausschlie\u00dflich folgende Daten:<\/p><ul><li>Die Registrierungs- oder Seriennummer<\/li><li>Die Nummer der Act! Version, die installiert wird<\/li><li>Die eindeutige\u00a0MAC-Adresse des Computers<\/li><\/ul>\t\t\t\t\t\t<\/div>\n\t\t\t\t<\/div>\n\t\t\t\t\t<\/div>\n\t\t<\/div>\n\t\t\t\t\t<\/div>\n\t\t<\/section>\n\t\t\t\t<section class=\"elementor-section elementor-top-section elementor-element elementor-element-7394fee2 elementor-section-boxed elementor-section-height-default elementor-section-height-default\" data-id=\"7394fee2\" data-element_type=\"section\" data-settings=\"{&quot;background_background&quot;:&quot;gradient&quot;}\">\n\t\t\t\t\t\t<div class=\"elementor-container elementor-column-gap-default\">\n\t\t\t\t\t<div class=\"elementor-column elementor-col-100 elementor-top-column elementor-element elementor-element-2c6040cd\" data-id=\"2c6040cd\" data-element_type=\"column\">\n\t\t\t<div class=\"elementor-widget-wrap elementor-element-populated\">\n\t\t\t\t\t\t<div class=\"elementor-element elementor-element-241f1c86 elementor-widget elementor-widget-heading\" data-id=\"241f1c86\" data-element_type=\"widget\" data-widget_type=\"heading.default\">\n\t\t\t\t<div class=\"elementor-widget-container\">\n\t\t\t<h2 class=\"elementor-heading-title elementor-size-default\">Gro\u00dfe Resultate. Geringe Investition.<\/h2>\t\t<\/div>\n\t\t\t\t<\/div>\n\t\t\t\t<div class=\"elementor-element elementor-element-339bcd1 elementor-widget elementor-widget-text-editor\" data-id=\"339bcd1\" data-element_type=\"widget\" data-widget_type=\"text-editor.default\">\n\t\t\t\t<div class=\"elementor-widget-container\">\n\t\t\t\t\t\t\t<p>Sind Sie bereit f\u00fcr den n\u00e4chsten Schritt in Richtung Wachstum?<\/p>\t\t\t\t\t\t<\/div>\n\t\t\t\t<\/div>\n\t\t\t\t<div class=\"elementor-element elementor-element-44947951 elementor-align-center elementor-widget elementor-widget-button\" data-id=\"44947951\" data-element_type=\"widget\" data-widget_type=\"button.default\">\n\t\t\t\t<div class=\"elementor-widget-container\">\n\t\t\t\t\t<div class=\"elementor-button-wrapper\">\n\t\t\t<a class=\"elementor-button elementor-button-link elementor-size-sm\" href=\"https:\/\/www.act.com\/de\/test\/act\/\" target=\"_blank\">\n\t\t\t\t\t\t<span class=\"elementor-button-content-wrapper\">\n\t\t\t\t\t\t<span class=\"elementor-button-text\">Act! kostenlos testen<\/span>\n\t\t<\/span>\n\t\t\t\t\t<\/a>\n\t\t<\/div>\n\t\t\t\t<\/div>\n\t\t\t\t<\/div>\n\t\t\t\t\t<\/div>\n\t\t<\/div>\n\t\t\t\t\t<\/div>\n\t\t<\/section>\n\t\t\t\t<\/div>\n\t\t","protected":false},"excerpt":{"rendered":"<p>Kundeninformation zur Installation von Act! Wir empfehlen, f\u00fcr die Installation und Registrierung eine stabile und zuverl\u00e4ssige Internetverbindung zu nutzen. So k\u00f6nnen Sie mit Ihrer neuen Act! Anwendung Ihre Seriennummer und Act! Versionsnummer ohne Probleme registrieren und validieren. Warum erfasst Act! diese Informationen? Es wird gepr\u00fcft, ob Ihre Seriennummer oder Ihr Lizenzschl\u00fcssel g\u00fcltig sind. Ohne eine [&hellip;]<\/p>\n","protected":false},"author":4,"featured_media":0,"parent":44414,"menu_order":0,"comment_status":"closed","ping_status":"closed","template":"elementor_header_footer","meta":{"_acf_changed":false,"content-type":"","inline_featured_image":false,"footnotes":""},"categories":[],"tags":[],"folder":[],"acf":[],"yoast_head":"<!-- This site is optimized with the Yoast SEO Premium plugin v22.2 (Yoast SEO v22.4) - https:\/\/yoast.com\/wordpress\/plugins\/seo\/ -->\n<title>Kundeninformation zur Installation von Act!<\/title>\n<meta name=\"robots\" content=\"noindex, follow, max-snippet:-1, max-image-preview:large, max-video-preview:-1\" \/>\n<meta property=\"og:locale\" content=\"de_DE\" \/>\n<meta property=\"og:type\" content=\"article\" \/>\n<meta property=\"og:title\" content=\"Kundeninformation zur Installation von Act!\" \/>\n<meta property=\"og:description\" content=\"Kundeninformation zur Installation von Act! Wir empfehlen, f\u00fcr die Installation und Registrierung eine stabile und zuverl\u00e4ssige Internetverbindung zu nutzen. So k\u00f6nnen Sie mit Ihrer neuen Act! Anwendung Ihre Seriennummer und Act! Versionsnummer ohne Probleme registrieren und validieren. Warum erfasst Act! diese Informationen? Es wird gepr\u00fcft, ob Ihre Seriennummer oder Ihr Lizenzschl\u00fcssel g\u00fcltig sind. Ohne eine [&hellip;]\" \/>\n<meta property=\"og:url\" content=\"https:\/\/products.act.com\/de\/lp\/kundeninformation-zur-installation-von-act\/\" \/>\n<meta property=\"og:site_name\" content=\"Act!\" \/>\n<meta property=\"article:modified_time\" content=\"2023-01-23T18:49:07+00:00\" \/>\n<meta name=\"twitter:card\" content=\"summary_large_image\" \/>\n<meta name=\"twitter:label1\" content=\"Est. reading time\" \/>\n\t<meta name=\"twitter:data1\" content=\"2 minutes\" \/>\n<script type=\"application\/ld+json\" class=\"yoast-schema-graph\">{\"@context\":\"https:\/\/schema.org\",\"@graph\":[{\"@type\":\"WebPage\",\"@id\":\"https:\/\/products.act.com\/de\/lp\/kundeninformation-zur-installation-von-act\/\",\"url\":\"https:\/\/products.act.com\/de\/lp\/kundeninformation-zur-installation-von-act\/\",\"name\":\"Kundeninformation zur Installation von Act!\",\"isPartOf\":{\"@id\":\"https:\/\/products.act.com\/de\/#website\"},\"datePublished\":\"2022-01-18T12:36:17+00:00\",\"dateModified\":\"2023-01-23T18:49:07+00:00\",\"breadcrumb\":{\"@id\":\"https:\/\/products.act.com\/de\/lp\/kundeninformation-zur-installation-von-act\/#breadcrumb\"},\"inLanguage\":\"de-DE\",\"potentialAction\":[{\"@type\":\"ReadAction\",\"target\":[\"https:\/\/products.act.com\/de\/lp\/kundeninformation-zur-installation-von-act\/\"]}]},{\"@type\":\"BreadcrumbList\",\"@id\":\"https:\/\/products.act.com\/de\/lp\/kundeninformation-zur-installation-von-act\/#breadcrumb\",\"itemListElement\":[{\"@type\":\"ListItem\",\"position\":1,\"name\":\"Home\",\"item\":\"https:\/\/products.act.com\/de\/\"},{\"@type\":\"ListItem\",\"position\":2,\"name\":\"lp\",\"item\":\"http:\/\/products.act.com\/de\/lp\/\"},{\"@type\":\"ListItem\",\"position\":3,\"name\":\"Kundeninformation zur Installation von Act!\"}]},{\"@type\":\"WebSite\",\"@id\":\"https:\/\/products.act.com\/de\/#website\",\"url\":\"https:\/\/products.act.com\/de\/\",\"name\":\"Act!\",\"description\":\"CRM &amp; Marketing Automation in One\",\"publisher\":{\"@id\":\"https:\/\/products.act.com\/de\/#organization\"},\"potentialAction\":[{\"@type\":\"SearchAction\",\"target\":{\"@type\":\"EntryPoint\",\"urlTemplate\":\"https:\/\/products.act.com\/de\/?s={search_term_string}\"},\"query-input\":\"required name=search_term_string\"}],\"inLanguage\":\"de-DE\"},{\"@type\":\"Organization\",\"@id\":\"https:\/\/products.act.com\/de\/#organization\",\"name\":\"Act!\",\"url\":\"https:\/\/products.act.com\/de\/\",\"logo\":{\"@type\":\"ImageObject\",\"inLanguage\":\"de-DE\",\"@id\":\"https:\/\/products.act.com\/de\/#\/schema\/logo\/image\/\",\"url\":\"https:\/\/products.act.com\/wp-content\/uploads\/2021\/07\/logo_fe5000.png\",\"contentUrl\":\"https:\/\/products.act.com\/wp-content\/uploads\/2021\/07\/logo_fe5000.png\",\"width\":120,\"height\":120,\"caption\":\"Act!\"},\"image\":{\"@id\":\"https:\/\/products.act.com\/de\/#\/schema\/logo\/image\/\"}}]}<\/script>\n<!-- \/ Yoast SEO Premium plugin. -->","yoast_head_json":{"title":"Kundeninformation zur Installation von Act!","robots":{"index":"noindex","follow":"follow","max-snippet":"max-snippet:-1","max-image-preview":"max-image-preview:large","max-video-preview":"max-video-preview:-1"},"og_locale":"de_DE","og_type":"article","og_title":"Kundeninformation zur Installation von Act!","og_description":"Kundeninformation zur Installation von Act! Wir empfehlen, f\u00fcr die Installation und Registrierung eine stabile und zuverl\u00e4ssige Internetverbindung zu nutzen. So k\u00f6nnen Sie mit Ihrer neuen Act! Anwendung Ihre Seriennummer und Act! Versionsnummer ohne Probleme registrieren und validieren. Warum erfasst Act! diese Informationen? Es wird gepr\u00fcft, ob Ihre Seriennummer oder Ihr Lizenzschl\u00fcssel g\u00fcltig sind. Ohne eine [&hellip;]","og_url":"https:\/\/products.act.com\/de\/lp\/kundeninformation-zur-installation-von-act\/","og_site_name":"Act!","article_modified_time":"2023-01-23T18:49:07+00:00","twitter_card":"summary_large_image","twitter_misc":{"Est. reading time":"2 minutes"},"schema":{"@context":"https:\/\/schema.org","@graph":[{"@type":"WebPage","@id":"https:\/\/products.act.com\/de\/lp\/kundeninformation-zur-installation-von-act\/","url":"https:\/\/products.act.com\/de\/lp\/kundeninformation-zur-installation-von-act\/","name":"Kundeninformation zur Installation von Act!","isPartOf":{"@id":"https:\/\/products.act.com\/de\/#website"},"datePublished":"2022-01-18T12:36:17+00:00","dateModified":"2023-01-23T18:49:07+00:00","breadcrumb":{"@id":"https:\/\/products.act.com\/de\/lp\/kundeninformation-zur-installation-von-act\/#breadcrumb"},"inLanguage":"de-DE","potentialAction":[{"@type":"ReadAction","target":["https:\/\/products.act.com\/de\/lp\/kundeninformation-zur-installation-von-act\/"]}]},{"@type":"BreadcrumbList","@id":"https:\/\/products.act.com\/de\/lp\/kundeninformation-zur-installation-von-act\/#breadcrumb","itemListElement":[{"@type":"ListItem","position":1,"name":"Home","item":"https:\/\/products.act.com\/de\/"},{"@type":"ListItem","position":2,"name":"lp","item":"http:\/\/products.act.com\/de\/lp\/"},{"@type":"ListItem","position":3,"name":"Kundeninformation zur Installation von Act!"}]},{"@type":"WebSite","@id":"https:\/\/products.act.com\/de\/#website","url":"https:\/\/products.act.com\/de\/","name":"Act!","description":"CRM &amp; Marketing Automation in One","publisher":{"@id":"https:\/\/products.act.com\/de\/#organization"},"potentialAction":[{"@type":"SearchAction","target":{"@type":"EntryPoint","urlTemplate":"https:\/\/products.act.com\/de\/?s={search_term_string}"},"query-input":"required name=search_term_string"}],"inLanguage":"de-DE"},{"@type":"Organization","@id":"https:\/\/products.act.com\/de\/#organization","name":"Act!","url":"https:\/\/products.act.com\/de\/","logo":{"@type":"ImageObject","inLanguage":"de-DE","@id":"https:\/\/products.act.com\/de\/#\/schema\/logo\/image\/","url":"https:\/\/products.act.com\/wp-content\/uploads\/2021\/07\/logo_fe5000.png","contentUrl":"https:\/\/products.act.com\/wp-content\/uploads\/2021\/07\/logo_fe5000.png","width":120,"height":120,"caption":"Act!"},"image":{"@id":"https:\/\/products.act.com\/de\/#\/schema\/logo\/image\/"}}]}},"_links":{"self":[{"href":"https:\/\/products.act.com\/de\/wp-json\/wp\/v2\/pages\/45208"}],"collection":[{"href":"https:\/\/products.act.com\/de\/wp-json\/wp\/v2\/pages"}],"about":[{"href":"https:\/\/products.act.com\/de\/wp-json\/wp\/v2\/types\/page"}],"author":[{"embeddable":true,"href":"https:\/\/products.act.com\/de\/wp-json\/wp\/v2\/users\/4"}],"replies":[{"embeddable":true,"href":"https:\/\/products.act.com\/de\/wp-json\/wp\/v2\/comments?post=45208"}],"version-history":[{"count":0,"href":"https:\/\/products.act.com\/de\/wp-json\/wp\/v2\/pages\/45208\/revisions"}],"up":[{"embeddable":true,"href":"https:\/\/products.act.com\/de\/wp-json\/wp\/v2\/pages\/44414"}],"wp:attachment":[{"href":"https:\/\/products.act.com\/de\/wp-json\/wp\/v2\/media?parent=45208"}],"wp:term":[{"taxonomy":"category","embeddable":true,"href":"https:\/\/products.act.com\/de\/wp-json\/wp\/v2\/categories?post=45208"},{"taxonomy":"post_tag","embeddable":true,"href":"https:\/\/products.act.com\/de\/wp-json\/wp\/v2\/tags?post=45208"},{"taxonomy":"folder","embeddable":true,"href":"https:\/\/products.act.com\/de\/wp-json\/wp\/v2\/folder?post=45208"}],"curies":[{"name":"wp","href":"https:\/\/api.w.org\/{rel}","templated":true}]}}