{"id":44538,"date":"2022-01-10T14:31:08","date_gmt":"2022-01-10T07:31:08","guid":{"rendered":"https:\/\/act.com\/?page_id=44538"},"modified":"2024-04-02T01:52:18","modified_gmt":"2024-04-02T08:52:18","slug":"welcome","status":"publish","type":"page","link":"https:\/\/products.act.com\/de\/inproduct\/v20\/welcome\/","title":{"rendered":"Willkommen bei Act!"},"content":{"rendered":"\t\t<div data-elementor-type=\"wp-page\" data-elementor-id=\"44538\" class=\"elementor elementor-44538\" data-elementor-post-type=\"page\">\n\t\t\t\t\t\t<section class=\"elementor-section elementor-top-section elementor-element elementor-element-4c54588 elementor-section-boxed elementor-section-height-default elementor-section-height-default\" data-id=\"4c54588\" data-element_type=\"section\" data-settings=\"{&quot;background_background&quot;:&quot;classic&quot;}\">\n\t\t\t\t\t\t<div class=\"elementor-container elementor-column-gap-default\">\n\t\t\t\t\t<div class=\"elementor-column elementor-col-50 elementor-top-column elementor-element elementor-element-5f7969d\" data-id=\"5f7969d\" data-element_type=\"column\" data-settings=\"{&quot;background_background&quot;:&quot;classic&quot;}\">\n\t\t\t<div class=\"elementor-widget-wrap elementor-element-populated\">\n\t\t\t\t\t\t<section class=\"elementor-section elementor-inner-section elementor-element elementor-element-d2fd3f9 elementor-section-boxed elementor-section-height-default elementor-section-height-default\" data-id=\"d2fd3f9\" data-element_type=\"section\">\n\t\t\t\t\t\t<div class=\"elementor-container elementor-column-gap-default\">\n\t\t\t\t\t<div class=\"elementor-column elementor-col-50 elementor-inner-column elementor-element elementor-element-60e9772\" data-id=\"60e9772\" data-element_type=\"column\">\n\t\t\t<div class=\"elementor-widget-wrap elementor-element-populated\">\n\t\t\t\t\t\t<div class=\"elementor-element elementor-element-7e09458 elementor-widget elementor-widget-heading\" data-id=\"7e09458\" data-element_type=\"widget\" data-widget_type=\"heading.default\">\n\t\t\t\t<div class=\"elementor-widget-container\">\n\t\t\t<style>\/*! elementor - v3.20.0 - 26-03-2024 *\/\n.elementor-heading-title{padding:0;margin:0;line-height:1}.elementor-widget-heading .elementor-heading-title[class*=elementor-size-]>a{color:inherit;font-size:inherit;line-height:inherit}.elementor-widget-heading .elementor-heading-title.elementor-size-small{font-size:15px}.elementor-widget-heading .elementor-heading-title.elementor-size-medium{font-size:19px}.elementor-widget-heading .elementor-heading-title.elementor-size-large{font-size:29px}.elementor-widget-heading .elementor-heading-title.elementor-size-xl{font-size:39px}.elementor-widget-heading .elementor-heading-title.elementor-size-xxl{font-size:59px}<\/style><h2 class=\"elementor-heading-title elementor-size-default\">Willkommen bei Act!<\/h2>\t\t<\/div>\n\t\t\t\t<\/div>\n\t\t\t\t\t<\/div>\n\t\t<\/div>\n\t\t\t\t<div class=\"elementor-column elementor-col-50 elementor-inner-column elementor-element elementor-element-94d6dbe\" data-id=\"94d6dbe\" data-element_type=\"column\">\n\t\t\t<div class=\"elementor-widget-wrap elementor-element-populated\">\n\t\t\t\t\t\t<div class=\"elementor-element elementor-element-5c927e7 elementor-view-default elementor-widget elementor-widget-icon\" data-id=\"5c927e7\" data-element_type=\"widget\" data-widget_type=\"icon.default\">\n\t\t\t\t<div class=\"elementor-widget-container\">\n\t\t\t\t\t<div class=\"elementor-icon-wrapper\">\n\t\t\t<a class=\"elementor-icon\" href=\"\/de\/inproduct\/v20\/welcome\/#\" target=\"_blank\">\n\t\t\t<svg aria-hidden=\"true\" class=\"e-font-icon-svg e-fas-external-link-alt\" viewBox=\"0 0 512 512\" xmlns=\"http:\/\/www.w3.org\/2000\/svg\"><path d=\"M432,320H400a16,16,0,0,0-16,16V448H64V128H208a16,16,0,0,0,16-16V80a16,16,0,0,0-16-16H48A48,48,0,0,0,0,112V464a48,48,0,0,0,48,48H400a48,48,0,0,0,48-48V336A16,16,0,0,0,432,320ZM488,0h-128c-21.37,0-32.05,25.91-17,41l35.73,35.73L135,320.37a24,24,0,0,0,0,34L157.67,377a24,24,0,0,0,34,0L435.28,133.32,471,169c15,15,41,4.5,41-17V24A24,24,0,0,0,488,0Z\"><\/path><\/svg>\t\t\t<\/a>\n\t\t<\/div>\n\t\t\t\t<\/div>\n\t\t\t\t<\/div>\n\t\t\t\t\t<\/div>\n\t\t<\/div>\n\t\t\t\t\t<\/div>\n\t\t<\/section>\n\t\t\t\t<section class=\"elementor-section elementor-inner-section elementor-element elementor-element-c28b70f elementor-section-boxed elementor-section-height-default elementor-section-height-default\" data-id=\"c28b70f\" data-element_type=\"section\">\n\t\t\t\t\t\t<div class=\"elementor-container elementor-column-gap-default\">\n\t\t\t\t\t<div class=\"elementor-column elementor-col-50 elementor-inner-column elementor-element elementor-element-aa47a86\" data-id=\"aa47a86\" data-element_type=\"column\">\n\t\t\t<div class=\"elementor-widget-wrap elementor-element-populated\">\n\t\t\t\t\t\t<div class=\"elementor-element elementor-element-6a72a3e elementor-widget elementor-widget-heading\" data-id=\"6a72a3e\" data-element_type=\"widget\" data-widget_type=\"heading.default\">\n\t\t\t\t<div class=\"elementor-widget-container\">\n\t\t\t<h2 class=\"elementor-heading-title elementor-size-default\">Ressourcen, die Ihnen den Einstieg erleichtern:<\/h2>\t\t<\/div>\n\t\t\t\t<\/div>\n\t\t\t\t<div class=\"elementor-element elementor-element-774922b elementor-widget elementor-widget-text-editor\" data-id=\"774922b\" data-element_type=\"widget\" data-widget_type=\"text-editor.default\">\n\t\t\t\t<div class=\"elementor-widget-container\">\n\t\t\t<style>\/*! elementor - v3.20.0 - 26-03-2024 *\/\n.elementor-widget-text-editor.elementor-drop-cap-view-stacked .elementor-drop-cap{background-color:#69727d;color:#fff}.elementor-widget-text-editor.elementor-drop-cap-view-framed .elementor-drop-cap{color:#69727d;border:3px solid;background-color:transparent}.elementor-widget-text-editor:not(.elementor-drop-cap-view-default) .elementor-drop-cap{margin-top:8px}.elementor-widget-text-editor:not(.elementor-drop-cap-view-default) .elementor-drop-cap-letter{width:1em;height:1em}.elementor-widget-text-editor .elementor-drop-cap{float:left;text-align:center;line-height:1;font-size:50px}.elementor-widget-text-editor .elementor-drop-cap-letter{display:inline-block}<\/style>\t\t\t\t<ul><li>Besuchen Sie unser\u00a0<a href=\"\/de\/hilfsmittel\/\" target=\"_blank\" rel=\"noopener\">Support-Center<\/a>, in dem Sie alle Act! Ressourcen und Hilfsmittel finden.<\/li><li>Informieren Sie sich \u00fcber die beliebtesten Act! Themen und lesen Sie unsere druckfreundlichen\u00a0<a href=\"\/de\/hilfsmittel\/dokumentation\/\" target=\"_blank\" rel=\"noopener\">Guides<\/a>.<\/li><li>In unserer\u00a0<a href=\"https:\/\/help.act.com\/s\/?language=en_US\/\" target=\"_blank\" rel=\"noopener\">Knowledgebase<\/a>\u00a0finden Sie Antworten auf all Ihre Fragen.<\/li><\/ul>\t\t\t\t\t\t<\/div>\n\t\t\t\t<\/div>\n\t\t\t\t\t<\/div>\n\t\t<\/div>\n\t\t\t\t<div class=\"elementor-column elementor-col-50 elementor-inner-column elementor-element elementor-element-04cbf1b\" data-id=\"04cbf1b\" data-element_type=\"column\">\n\t\t\t<div class=\"elementor-widget-wrap elementor-element-populated\">\n\t\t\t\t\t\t<div class=\"elementor-element elementor-element-2a437d1 elementor-widget elementor-widget-heading\" data-id=\"2a437d1\" data-element_type=\"widget\" data-widget_type=\"heading.default\">\n\t\t\t\t<div class=\"elementor-widget-container\">\n\t\t\t<h2 class=\"elementor-heading-title elementor-size-default\">Das neue Act!<\/h2>\t\t<\/div>\n\t\t\t\t<\/div>\n\t\t\t\t<div class=\"elementor-element elementor-element-0890521 elementor-widget elementor-widget-text-editor\" data-id=\"0890521\" data-element_type=\"widget\" data-widget_type=\"text-editor.default\">\n\t\t\t\t<div class=\"elementor-widget-container\">\n\t\t\t\t\t\t\t<p>Mit Act! v25 steigern Sie die Effektivit\u00e4t Ihres Gesch\u00e4fts: Neu ist unter anderem der erweiterte Dashboard-Builder. Erstellen Sie ganz einfach neue Reporting-Dashboards, um aus Ihren Daten aussagekr\u00e4ftige Erkenntnisse zu gewinnen. So k\u00f6nnen Sie schneller auf sich \u00e4ndernde Gesch\u00e4ftsbedingungen reagieren. All das macht die Kommunikation mit Ihren Kunden noch effizienter als je zuvor.<\/p>\t\t\t\t\t\t<\/div>\n\t\t\t\t<\/div>\n\t\t\t\t<div class=\"elementor-element elementor-element-40f760e elementor-widget elementor-widget-button\" data-id=\"40f760e\" data-element_type=\"widget\" data-widget_type=\"button.default\">\n\t\t\t\t<div class=\"elementor-widget-container\">\n\t\t\t\t\t<div class=\"elementor-button-wrapper\">\n\t\t\t<a class=\"elementor-button elementor-button-link elementor-size-sm\" href=\"https:\/\/www.act.com\/de\/das-ist-neu-in-act-v25\/\" target=\"_blank\">\n\t\t\t\t\t\t<span class=\"elementor-button-content-wrapper\">\n\t\t\t\t\t\t<span class=\"elementor-button-text\">Mehr erfahren<\/span>\n\t\t<\/span>\n\t\t\t\t\t<\/a>\n\t\t<\/div>\n\t\t\t\t<\/div>\n\t\t\t\t<\/div>\n\t\t\t\t\t<\/div>\n\t\t<\/div>\n\t\t\t\t\t<\/div>\n\t\t<\/section>\n\t\t\t\t<section class=\"elementor-section elementor-inner-section elementor-element elementor-element-b018a09 elementor-section-boxed elementor-section-height-default elementor-section-height-default\" data-id=\"b018a09\" data-element_type=\"section\" data-settings=\"{&quot;background_background&quot;:&quot;classic&quot;}\">\n\t\t\t\t\t\t<div class=\"elementor-container elementor-column-gap-default\">\n\t\t\t\t\t<div class=\"elementor-column elementor-col-50 elementor-inner-column elementor-element elementor-element-fdd4e59\" data-id=\"fdd4e59\" data-element_type=\"column\">\n\t\t\t<div class=\"elementor-widget-wrap elementor-element-populated\">\n\t\t\t\t\t\t<div class=\"elementor-element elementor-element-9989e23 elementor-widget elementor-widget-image\" data-id=\"9989e23\" data-element_type=\"widget\" data-widget_type=\"image.default\">\n\t\t\t\t<div class=\"elementor-widget-container\">\n\t\t\t<style>\/*! elementor - v3.20.0 - 26-03-2024 *\/\n.elementor-widget-image{text-align:center}.elementor-widget-image a{display:inline-block}.elementor-widget-image a img[src$=\".svg\"]{width:48px}.elementor-widget-image img{vertical-align:middle;display:inline-block}<\/style>\t\t\t\t\t\t\t\t\t\t<img decoding=\"async\" width=\"128\" height=\"128\" src=\"https:\/\/products.act.com\/wp-content\/uploads\/2021\/09\/important-warning-wht.png\" class=\"attachment-large size-large wp-image-12461\" alt=\"caution white logo\" \/>\t\t\t\t\t\t\t\t\t\t\t\t\t<\/div>\n\t\t\t\t<\/div>\n\t\t\t\t\t<\/div>\n\t\t<\/div>\n\t\t\t\t<div class=\"elementor-column elementor-col-50 elementor-inner-column elementor-element elementor-element-edd0205\" data-id=\"edd0205\" data-element_type=\"column\">\n\t\t\t<div class=\"elementor-widget-wrap elementor-element-populated\">\n\t\t\t\t\t\t<div class=\"elementor-element elementor-element-81ea31e elementor-widget elementor-widget-heading\" data-id=\"81ea31e\" data-element_type=\"widget\" data-widget_type=\"heading.default\">\n\t\t\t\t<div class=\"elementor-widget-container\">\n\t\t\t<h2 class=\"elementor-heading-title elementor-size-default\">Wichtiger Hinweis<\/h2>\t\t<\/div>\n\t\t\t\t<\/div>\n\t\t\t\t<div class=\"elementor-element elementor-element-6a220bd elementor-widget elementor-widget-text-editor\" data-id=\"6a220bd\" data-element_type=\"widget\" data-widget_type=\"text-editor.default\">\n\t\t\t\t<div class=\"elementor-widget-container\">\n\t\t\t\t\t\t\t<p>Wichtiger Hinweis: Ihre Version von Act! wurde vom Markt genommen, und Sie erhalten keine kritischen Updates mehr, die einen reibungslosen Zugriff auf Act! gew\u00e4hrleisten. Es wird dringend empfohlen, so bald wie m\u00f6glich ein Upgrade auf eine unterst\u00fctzte Version durchzuf\u00fchren.&nbsp;&nbsp;<\/p>\t\t\t\t\t\t<\/div>\n\t\t\t\t<\/div>\n\t\t\t\t\t<\/div>\n\t\t<\/div>\n\t\t\t\t\t<\/div>\n\t\t<\/section>\n\t\t\t\t\t<\/div>\n\t\t<\/div>\n\t\t\t\t<div class=\"elementor-column elementor-col-50 elementor-top-column elementor-element elementor-element-79e7a48\" data-id=\"79e7a48\" data-element_type=\"column\" data-settings=\"{&quot;background_background&quot;:&quot;classic&quot;}\">\n\t\t\t<div class=\"elementor-widget-wrap elementor-element-populated\">\n\t\t\t\t\t\t<section class=\"elementor-section elementor-inner-section elementor-element elementor-element-6b4183e elementor-section-boxed elementor-section-height-default elementor-section-height-default\" data-id=\"6b4183e\" data-element_type=\"section\" data-settings=\"{&quot;background_background&quot;:&quot;classic&quot;}\">\n\t\t\t\t\t\t<div class=\"elementor-container elementor-column-gap-default\">\n\t\t\t\t\t<div class=\"elementor-column elementor-col-100 elementor-inner-column elementor-element elementor-element-c4280e8\" data-id=\"c4280e8\" data-element_type=\"column\">\n\t\t\t<div class=\"elementor-widget-wrap elementor-element-populated\">\n\t\t\t\t\t\t<div class=\"elementor-element elementor-element-4e186bc elementor-widget elementor-widget-heading\" data-id=\"4e186bc\" data-element_type=\"widget\" data-widget_type=\"heading.default\">\n\t\t\t\t<div class=\"elementor-widget-container\">\n\t\t\t<h3 class=\"elementor-heading-title elementor-size-default\">Ben\u00f6tigen Sie mehr Hilfe?<\/h3>\t\t<\/div>\n\t\t\t\t<\/div>\n\t\t\t\t<div class=\"elementor-element elementor-element-c7c8138 v17-au-a elementor-widget elementor-widget-text-editor\" data-id=\"c7c8138\" data-element_type=\"widget\" data-widget_type=\"text-editor.default\">\n\t\t\t\t<div class=\"elementor-widget-container\">\n\t\t\t\t\t\t\t<p>Unser weltweites Netz aus erfahrenen Act! Certified Consultants unterst\u00fctzt Sie bei der Ersteinrichtung, Anpassung und Integration des Systems und bietet personalisierte Schulungen an, damit Sie Act! bestm\u00f6glich in Ihrem Unternehmen einsetzen k\u00f6nnen.<\/p>\t\t\t\t\t\t<\/div>\n\t\t\t\t<\/div>\n\t\t\t\t<div class=\"elementor-element elementor-element-13c4036 elementor-widget elementor-widget-button\" data-id=\"13c4036\" data-element_type=\"widget\" data-widget_type=\"button.default\">\n\t\t\t\t<div class=\"elementor-widget-container\">\n\t\t\t\t\t<div class=\"elementor-button-wrapper\">\n\t\t\t<a class=\"elementor-button elementor-button-link elementor-size-sm\" href=\"https:\/\/www.act.com\/de\/partner\/channel-partner-suchen\/\" target=\"_blank\">\n\t\t\t\t\t\t<span class=\"elementor-button-content-wrapper\">\n\t\t\t\t\t\t<span class=\"elementor-button-text\">Consultant finden<\/span>\n\t\t<\/span>\n\t\t\t\t\t<\/a>\n\t\t<\/div>\n\t\t\t\t<\/div>\n\t\t\t\t<\/div>\n\t\t\t\t\t<\/div>\n\t\t<\/div>\n\t\t\t\t\t<\/div>\n\t\t<\/section>\n\t\t\t\t\t<\/div>\n\t\t<\/div>\n\t\t\t\t\t<\/div>\n\t\t<\/section>\n\t\t\t\t<\/div>\n\t\t","protected":false},"excerpt":{"rendered":"<p>Willkommen bei Act! Ressourcen, die Ihnen den Einstieg erleichtern: Besuchen Sie unser\u00a0Support-Center, in dem Sie alle Act! Ressourcen und Hilfsmittel finden. Informieren Sie sich \u00fcber die beliebtesten Act! Themen und lesen Sie unsere druckfreundlichen\u00a0Guides. In unserer\u00a0Knowledgebase\u00a0finden Sie Antworten auf all Ihre Fragen. Das neue Act! Mit Act! v25 steigern Sie die Effektivit\u00e4t Ihres Gesch\u00e4fts: Neu [&hellip;]<\/p>\n","protected":false},"author":4,"featured_media":0,"parent":44537,"menu_order":0,"comment_status":"closed","ping_status":"closed","template":"elementor_header_footer","meta":{"_acf_changed":false,"content-type":"","inline_featured_image":false,"footnotes":""},"categories":[],"tags":[],"folder":[],"acf":[],"yoast_head":"<!-- This site is optimized with the Yoast SEO Premium plugin v22.2 (Yoast SEO v22.4) - https:\/\/yoast.com\/wordpress\/plugins\/seo\/ -->\n<title>Willkommen bei Act!<\/title>\n<meta name=\"robots\" content=\"noindex, follow, max-snippet:-1, max-image-preview:large, max-video-preview:-1\" \/>\n<meta property=\"og:locale\" content=\"de_DE\" \/>\n<meta property=\"og:type\" content=\"article\" \/>\n<meta property=\"og:title\" content=\"Willkommen bei Act!\" \/>\n<meta property=\"og:description\" content=\"Willkommen bei Act! Ressourcen, die Ihnen den Einstieg erleichtern: Besuchen Sie unser\u00a0Support-Center, in dem Sie alle Act! Ressourcen und Hilfsmittel finden. Informieren Sie sich \u00fcber die beliebtesten Act! Themen und lesen Sie unsere druckfreundlichen\u00a0Guides. In unserer\u00a0Knowledgebase\u00a0finden Sie Antworten auf all Ihre Fragen. Das neue Act! Mit Act! v25 steigern Sie die Effektivit\u00e4t Ihres Gesch\u00e4fts: Neu [&hellip;]\" \/>\n<meta property=\"og:url\" content=\"https:\/\/products.act.com\/de\/inproduct\/v20\/welcome\/\" \/>\n<meta property=\"og:site_name\" content=\"Act!\" \/>\n<meta property=\"article:modified_time\" content=\"2024-04-02T08:52:18+00:00\" \/>\n<meta property=\"og:image\" content=\"https:\/\/dev-inproduct.pantheonsite.io\/wp-content\/uploads\/2021\/09\/important-warning-wht.png\" \/>\n<meta name=\"twitter:card\" content=\"summary_large_image\" \/>\n<meta name=\"twitter:label1\" content=\"Est. reading time\" \/>\n\t<meta name=\"twitter:data1\" content=\"2 minutes\" \/>\n<script type=\"application\/ld+json\" class=\"yoast-schema-graph\">{\"@context\":\"https:\/\/schema.org\",\"@graph\":[{\"@type\":\"WebPage\",\"@id\":\"https:\/\/products.act.com\/de\/inproduct\/v20\/welcome\/\",\"url\":\"https:\/\/products.act.com\/de\/inproduct\/v20\/welcome\/\",\"name\":\"Willkommen bei Act!\",\"isPartOf\":{\"@id\":\"https:\/\/products.act.com\/de\/#website\"},\"primaryImageOfPage\":{\"@id\":\"https:\/\/products.act.com\/de\/inproduct\/v20\/welcome\/#primaryimage\"},\"image\":{\"@id\":\"https:\/\/products.act.com\/de\/inproduct\/v20\/welcome\/#primaryimage\"},\"thumbnailUrl\":\"https:\/\/dev-inproduct.pantheonsite.io\/wp-content\/uploads\/2021\/09\/important-warning-wht.png\",\"datePublished\":\"2022-01-10T07:31:08+00:00\",\"dateModified\":\"2024-04-02T08:52:18+00:00\",\"breadcrumb\":{\"@id\":\"https:\/\/products.act.com\/de\/inproduct\/v20\/welcome\/#breadcrumb\"},\"inLanguage\":\"de-DE\",\"potentialAction\":[{\"@type\":\"ReadAction\",\"target\":[\"https:\/\/products.act.com\/de\/inproduct\/v20\/welcome\/\"]}]},{\"@type\":\"ImageObject\",\"inLanguage\":\"de-DE\",\"@id\":\"https:\/\/products.act.com\/de\/inproduct\/v20\/welcome\/#primaryimage\",\"url\":\"https:\/\/dev-inproduct.pantheonsite.io\/wp-content\/uploads\/2021\/09\/important-warning-wht.png\",\"contentUrl\":\"https:\/\/dev-inproduct.pantheonsite.io\/wp-content\/uploads\/2021\/09\/important-warning-wht.png\"},{\"@type\":\"BreadcrumbList\",\"@id\":\"https:\/\/products.act.com\/de\/inproduct\/v20\/welcome\/#breadcrumb\",\"itemListElement\":[{\"@type\":\"ListItem\",\"position\":1,\"name\":\"Home\",\"item\":\"https:\/\/products.act.com\/de\/\"},{\"@type\":\"ListItem\",\"position\":2,\"name\":\"Inproduct &#8211; Act!\",\"item\":\"https:\/\/products.act.com\/de\/inproduct\/\"},{\"@type\":\"ListItem\",\"position\":3,\"name\":\"v20\",\"item\":\"https:\/\/products.act.com\/de\/inproduct\/v20\/\"},{\"@type\":\"ListItem\",\"position\":4,\"name\":\"Willkommen bei Act!\"}]},{\"@type\":\"WebSite\",\"@id\":\"https:\/\/products.act.com\/de\/#website\",\"url\":\"https:\/\/products.act.com\/de\/\",\"name\":\"Act!\",\"description\":\"CRM &amp; Marketing Automation in One\",\"publisher\":{\"@id\":\"https:\/\/products.act.com\/de\/#organization\"},\"potentialAction\":[{\"@type\":\"SearchAction\",\"target\":{\"@type\":\"EntryPoint\",\"urlTemplate\":\"https:\/\/products.act.com\/de\/?s={search_term_string}\"},\"query-input\":\"required name=search_term_string\"}],\"inLanguage\":\"de-DE\"},{\"@type\":\"Organization\",\"@id\":\"https:\/\/products.act.com\/de\/#organization\",\"name\":\"Act!\",\"url\":\"https:\/\/products.act.com\/de\/\",\"logo\":{\"@type\":\"ImageObject\",\"inLanguage\":\"de-DE\",\"@id\":\"https:\/\/products.act.com\/de\/#\/schema\/logo\/image\/\",\"url\":\"https:\/\/products.act.com\/wp-content\/uploads\/2021\/07\/logo_fe5000.png\",\"contentUrl\":\"https:\/\/products.act.com\/wp-content\/uploads\/2021\/07\/logo_fe5000.png\",\"width\":120,\"height\":120,\"caption\":\"Act!\"},\"image\":{\"@id\":\"https:\/\/products.act.com\/de\/#\/schema\/logo\/image\/\"}}]}<\/script>\n<!-- \/ Yoast SEO Premium plugin. -->","yoast_head_json":{"title":"Willkommen bei Act!","robots":{"index":"noindex","follow":"follow","max-snippet":"max-snippet:-1","max-image-preview":"max-image-preview:large","max-video-preview":"max-video-preview:-1"},"og_locale":"de_DE","og_type":"article","og_title":"Willkommen bei Act!","og_description":"Willkommen bei Act! Ressourcen, die Ihnen den Einstieg erleichtern: Besuchen Sie unser\u00a0Support-Center, in dem Sie alle Act! Ressourcen und Hilfsmittel finden. Informieren Sie sich \u00fcber die beliebtesten Act! Themen und lesen Sie unsere druckfreundlichen\u00a0Guides. In unserer\u00a0Knowledgebase\u00a0finden Sie Antworten auf all Ihre Fragen. Das neue Act! Mit Act! v25 steigern Sie die Effektivit\u00e4t Ihres Gesch\u00e4fts: Neu [&hellip;]","og_url":"https:\/\/products.act.com\/de\/inproduct\/v20\/welcome\/","og_site_name":"Act!","article_modified_time":"2024-04-02T08:52:18+00:00","og_image":[{"url":"https:\/\/dev-inproduct.pantheonsite.io\/wp-content\/uploads\/2021\/09\/important-warning-wht.png"}],"twitter_card":"summary_large_image","twitter_misc":{"Est. reading time":"2 minutes"},"schema":{"@context":"https:\/\/schema.org","@graph":[{"@type":"WebPage","@id":"https:\/\/products.act.com\/de\/inproduct\/v20\/welcome\/","url":"https:\/\/products.act.com\/de\/inproduct\/v20\/welcome\/","name":"Willkommen bei Act!","isPartOf":{"@id":"https:\/\/products.act.com\/de\/#website"},"primaryImageOfPage":{"@id":"https:\/\/products.act.com\/de\/inproduct\/v20\/welcome\/#primaryimage"},"image":{"@id":"https:\/\/products.act.com\/de\/inproduct\/v20\/welcome\/#primaryimage"},"thumbnailUrl":"https:\/\/dev-inproduct.pantheonsite.io\/wp-content\/uploads\/2021\/09\/important-warning-wht.png","datePublished":"2022-01-10T07:31:08+00:00","dateModified":"2024-04-02T08:52:18+00:00","breadcrumb":{"@id":"https:\/\/products.act.com\/de\/inproduct\/v20\/welcome\/#breadcrumb"},"inLanguage":"de-DE","potentialAction":[{"@type":"ReadAction","target":["https:\/\/products.act.com\/de\/inproduct\/v20\/welcome\/"]}]},{"@type":"ImageObject","inLanguage":"de-DE","@id":"https:\/\/products.act.com\/de\/inproduct\/v20\/welcome\/#primaryimage","url":"https:\/\/dev-inproduct.pantheonsite.io\/wp-content\/uploads\/2021\/09\/important-warning-wht.png","contentUrl":"https:\/\/dev-inproduct.pantheonsite.io\/wp-content\/uploads\/2021\/09\/important-warning-wht.png"},{"@type":"BreadcrumbList","@id":"https:\/\/products.act.com\/de\/inproduct\/v20\/welcome\/#breadcrumb","itemListElement":[{"@type":"ListItem","position":1,"name":"Home","item":"https:\/\/products.act.com\/de\/"},{"@type":"ListItem","position":2,"name":"Inproduct &#8211; Act!","item":"https:\/\/products.act.com\/de\/inproduct\/"},{"@type":"ListItem","position":3,"name":"v20","item":"https:\/\/products.act.com\/de\/inproduct\/v20\/"},{"@type":"ListItem","position":4,"name":"Willkommen bei Act!"}]},{"@type":"WebSite","@id":"https:\/\/products.act.com\/de\/#website","url":"https:\/\/products.act.com\/de\/","name":"Act!","description":"CRM &amp; Marketing Automation in One","publisher":{"@id":"https:\/\/products.act.com\/de\/#organization"},"potentialAction":[{"@type":"SearchAction","target":{"@type":"EntryPoint","urlTemplate":"https:\/\/products.act.com\/de\/?s={search_term_string}"},"query-input":"required name=search_term_string"}],"inLanguage":"de-DE"},{"@type":"Organization","@id":"https:\/\/products.act.com\/de\/#organization","name":"Act!","url":"https:\/\/products.act.com\/de\/","logo":{"@type":"ImageObject","inLanguage":"de-DE","@id":"https:\/\/products.act.com\/de\/#\/schema\/logo\/image\/","url":"https:\/\/products.act.com\/wp-content\/uploads\/2021\/07\/logo_fe5000.png","contentUrl":"https:\/\/products.act.com\/wp-content\/uploads\/2021\/07\/logo_fe5000.png","width":120,"height":120,"caption":"Act!"},"image":{"@id":"https:\/\/products.act.com\/de\/#\/schema\/logo\/image\/"}}]}},"_links":{"self":[{"href":"https:\/\/products.act.com\/de\/wp-json\/wp\/v2\/pages\/44538"}],"collection":[{"href":"https:\/\/products.act.com\/de\/wp-json\/wp\/v2\/pages"}],"about":[{"href":"https:\/\/products.act.com\/de\/wp-json\/wp\/v2\/types\/page"}],"author":[{"embeddable":true,"href":"https:\/\/products.act.com\/de\/wp-json\/wp\/v2\/users\/4"}],"replies":[{"embeddable":true,"href":"https:\/\/products.act.com\/de\/wp-json\/wp\/v2\/comments?post=44538"}],"version-history":[{"count":3,"href":"https:\/\/products.act.com\/de\/wp-json\/wp\/v2\/pages\/44538\/revisions"}],"predecessor-version":[{"id":83237,"href":"https:\/\/products.act.com\/de\/wp-json\/wp\/v2\/pages\/44538\/revisions\/83237"}],"up":[{"embeddable":true,"href":"https:\/\/products.act.com\/de\/wp-json\/wp\/v2\/pages\/44537"}],"wp:attachment":[{"href":"https:\/\/products.act.com\/de\/wp-json\/wp\/v2\/media?parent=44538"}],"wp:term":[{"taxonomy":"category","embeddable":true,"href":"https:\/\/products.act.com\/de\/wp-json\/wp\/v2\/categories?post=44538"},{"taxonomy":"post_tag","embeddable":true,"href":"https:\/\/products.act.com\/de\/wp-json\/wp\/v2\/tags?post=44538"},{"taxonomy":"folder","embeddable":true,"href":"https:\/\/products.act.com\/de\/wp-json\/wp\/v2\/folder?post=44538"}],"curies":[{"name":"wp","href":"https:\/\/api.w.org\/{rel}","templated":true}]}}