{"id":44422,"date":"2022-01-07T18:57:46","date_gmt":"2022-01-07T11:57:46","guid":{"rendered":"https:\/\/act.com\/?page_id=44422"},"modified":"2022-11-23T11:59:28","modified_gmt":"2022-11-23T18:59:28","slug":"v19","status":"publish","type":"page","link":"https:\/\/products.act.com\/de\/rechtlich-vertraglich\/eula\/v19\/","title":{"rendered":"Effizienter Arbeiten mit Act!"},"content":{"rendered":"\t\t<div data-elementor-type=\"wp-page\" data-elementor-id=\"44422\" class=\"elementor elementor-44422\" data-elementor-post-type=\"page\">\n\t\t\t\t\t\t<section class=\"elementor-section elementor-top-section elementor-element elementor-element-3c37bdce topSctGlb elementor-section-boxed elementor-section-height-default elementor-section-height-default\" data-id=\"3c37bdce\" data-element_type=\"section\" data-settings=\"{&quot;background_background&quot;:&quot;gradient&quot;}\">\n\t\t\t\t\t\t\t<div class=\"elementor-background-overlay\"><\/div>\n\t\t\t\t\t\t\t<div class=\"elementor-container elementor-column-gap-default\">\n\t\t\t\t\t<div class=\"elementor-column elementor-col-100 elementor-top-column elementor-element elementor-element-19413d0d\" data-id=\"19413d0d\" data-element_type=\"column\" data-settings=\"{&quot;background_background&quot;:&quot;classic&quot;}\">\n\t\t\t<div class=\"elementor-widget-wrap elementor-element-populated\">\n\t\t\t\t\t\t<div class=\"elementor-element elementor-element-3596c3d2 elementor-widget elementor-widget-heading\" data-id=\"3596c3d2\" data-element_type=\"widget\" data-widget_type=\"heading.default\">\n\t\t\t\t<div class=\"elementor-widget-container\">\n\t\t\t<style>\/*! elementor - v3.20.0 - 26-03-2024 *\/\n.elementor-heading-title{padding:0;margin:0;line-height:1}.elementor-widget-heading .elementor-heading-title[class*=elementor-size-]>a{color:inherit;font-size:inherit;line-height:inherit}.elementor-widget-heading .elementor-heading-title.elementor-size-small{font-size:15px}.elementor-widget-heading .elementor-heading-title.elementor-size-medium{font-size:19px}.elementor-widget-heading .elementor-heading-title.elementor-size-large{font-size:29px}.elementor-widget-heading .elementor-heading-title.elementor-size-xl{font-size:39px}.elementor-widget-heading .elementor-heading-title.elementor-size-xxl{font-size:59px}<\/style><h1 class=\"elementor-heading-title elementor-size-default\">Act! v19 EULA - DE<\/h1>\t\t<\/div>\n\t\t\t\t<\/div>\n\t\t\t\t\t<\/div>\n\t\t<\/div>\n\t\t\t\t\t<\/div>\n\t\t<\/section>\n\t\t\t\t<section class=\"elementor-section elementor-top-section elementor-element elementor-element-1ed535c elementor-section-boxed elementor-section-height-default elementor-section-height-default\" data-id=\"1ed535c\" data-element_type=\"section\">\n\t\t\t\t\t\t<div class=\"elementor-container elementor-column-gap-default\">\n\t\t\t\t\t<div class=\"elementor-column elementor-col-100 elementor-top-column elementor-element elementor-element-c2b724c\" data-id=\"c2b724c\" data-element_type=\"column\">\n\t\t\t<div class=\"elementor-widget-wrap elementor-element-populated\">\n\t\t\t\t\t\t<section class=\"elementor-section elementor-inner-section elementor-element elementor-element-0a8899a elementor-section-boxed elementor-section-height-default elementor-section-height-default\" data-id=\"0a8899a\" data-element_type=\"section\">\n\t\t\t\t\t\t<div class=\"elementor-container elementor-column-gap-default\">\n\t\t\t\t\t<div class=\"elementor-column elementor-col-100 elementor-inner-column elementor-element elementor-element-2fc229c\" data-id=\"2fc229c\" data-element_type=\"column\">\n\t\t\t<div class=\"elementor-widget-wrap elementor-element-populated\">\n\t\t\t\t\t\t<div class=\"elementor-element elementor-element-06ebaed elementor-widget elementor-widget-text-editor\" data-id=\"06ebaed\" data-element_type=\"widget\" data-widget_type=\"text-editor.default\">\n\t\t\t\t<div class=\"elementor-widget-container\">\n\t\t\t<style>\/*! elementor - v3.20.0 - 26-03-2024 *\/\n.elementor-widget-text-editor.elementor-drop-cap-view-stacked .elementor-drop-cap{background-color:#69727d;color:#fff}.elementor-widget-text-editor.elementor-drop-cap-view-framed .elementor-drop-cap{color:#69727d;border:3px solid;background-color:transparent}.elementor-widget-text-editor:not(.elementor-drop-cap-view-default) .elementor-drop-cap{margin-top:8px}.elementor-widget-text-editor:not(.elementor-drop-cap-view-default) .elementor-drop-cap-letter{width:1em;height:1em}.elementor-widget-text-editor .elementor-drop-cap{float:left;text-align:center;line-height:1;font-size:50px}.elementor-widget-text-editor .elementor-drop-cap-letter{display:inline-block}<\/style>\t\t\t\t<p><strong>Software-Lizenzvertrag f\u00fcr Einzellizenz-Anwender der Swiftpage International-Limited f\u00fcr die Produkte Act!<\/strong><br \/>.<\/p><h3>1. Vertragsgegenstand<\/h3><p>Swiftpage International Limited (&#8216;Swiftpage&#8217;) r\u00e4umt dem Anwender das nicht ausschlie\u00dfliche Recht als Miete ein, die gemietete Software, n\u00e4mlich die Produkte Act! verbundene Plug-ins und Erweiterungen(&#8216;Software&#8217;) zu den Bedingungen dieses Vertrages zu nutzen. Im \u00dcbrigen verbleiben alle Rechte an der Software und der Dokumentation bei Swiftpage und deren Lizenzgebern.<br \/>.<\/p><h3>2. Nutzungs- und Verwertungsrechte des Anwenders<\/h3><p>2.1 Das Mietverh\u00e4ltnis an der Software zwischen Swiftpage und dem Anwender beginnt mit \u00dcbergabe oder Freischaltung durch Swiftpage an den Anwender. Das Mietverh\u00e4ltnis l\u00e4uft auf unbestimmte Zeit und kann zum Ende eines Kalenderjahres mit einer K\u00fcndigungsfrist von drei Monaten gek\u00fcndigt werden, soweit die K\u00fcndigung nicht ausgeschlossen wurde oder eine Beendigung des Mietverh\u00e4ltnisses kalenderm\u00e4\u00dfig bestimmt wurde.<br \/>.<br \/>2.2 Der Anwender ist berechtigt, die Software als Einplatzversion auf einem einzigen Personal- Computer sowie f\u00fcr einen einzigen Nutzer zu installieren. Bei Miete einer Mehrplatz- Lizenz gilt das Nutzungsrecht f\u00fcr die vereinbarte Anzahl von Anwendern. Eine \u00fcber den vereinbarten Umfang hinausgehende Nutzung der Software ist unzul\u00e4ssig. Der Einsatz der Software auf einem Server ist nur erlaubt, wenn sichergestellt ist, dass eine Nutzung von mehr als der vereinbarten Anzahl von Anwendern ausgeschlossen ist. Weitere Einzelheiten hinsichtlich der Lizenzierungsmatrix (z.B. named user, Fillialregelung, sonstige Einschr\u00e4nkungen) ergeben sich aus der zum Zeitpunkt des Mietvertrages g\u00fcltigen Preisliste von Swiftpage, die auf der Webseite von Swiftpage sowie auf Anfrage erh\u00e4ltlich ist. Aus dieser ergibt sich auch die j\u00e4hrliche Miete. Die Miete ist j\u00e4hrlich nebst der aktuellen Umsatzsteuer im Voraus f\u00e4llig und der Anwender wird Swiftpage erm\u00e4chtigen, die Miete nebst Umsatzsteuer im Lastschrifteinzugsverfahren gem\u00e4\u00df den in der Rechnung festgelegten Zeitpunkten einzuziehen und f\u00fcr eine erforderliche Deckung des belasteten Kontos sorgen.<br \/>.<br \/>2.3 Der Anwender darf die Software auf der Festplatte speichern und im Rahmen der aus der Leistungsbeschreibung ersichtlichen bestimmungsgem\u00e4\u00dfen Ausf\u00fchrung der Anwendung vervielf\u00e4ltigen und bis zu zwei Mal, nach der Erstinstallation, installieren. Er ist weiter berechtigt, notwendige Sicherungskopien zu erstellen. Hat der Anwender einen Mietvertrag f\u00fcr eine Einplatzversion abgeschlossen, dienen die Originaldatentr\u00e4ger (CD Rom, Disketten etc.) als Sicherungskopie. Eine Vervielf\u00e4ltigung des Benutzerhandbuchs und der sonstigen Dokumentation ist nicht zul\u00e4ssig. Die Software muss in der von Swiftpage freigegebenen Betriebssystemumgebung und unter den empfohlenen Hardwarevoraussetzungen eingesetzt werden. Diese k\u00f6nnen im Dokument Systemvoraussetzungen eingesehen werden das auf der Produktwebseite von Swiftpage oder auf Anforderung bei Swiftpage erh\u00e4ltlich ist.<br \/>.<br \/>2.4 Der Anwender ist nicht berechtigt, die Software zu \u00fcbersetzen, zu bearbeiten, zu dekompilieren, zu reverse-engineeren oder zu disassemblieren. Ben\u00f6tigt der Anwender Informationen, die zur Herstellung der Interoperabilit\u00e4t der Software mit unabh\u00e4ngig geschaffenen anderen Computerprogrammen unerl\u00e4sslich sind hat er eine dahingehende Anfrage an Swiftpage zu richten, sofern nicht solche Ver\u00e4nderungen schon gem\u00e4\u00df der Produktinformationen oder mitgelieferter Daten gestattet sind. Swiftpage beh\u00e4lt sich vor, die erforderlichen Informationen zur Verf\u00fcgung zu stellen oder zu verweigern.<br \/>.<br \/>2.5 Der Anwender ist nicht berechtigt, selbst oder durch Dritte \u00c4nderungen oder Eingriffe an der Software vorzunehmen, auch nicht, um m\u00f6gliche Programmfehler zu beseitigen. Dies gilt nicht, wenn Swiftpage die Vornahme dieser \u00c4nderungen der Programmfehler abgelehnt hat. Swiftpage nimmt diese \u00c4nderungen nur gegen eine angemessene Verg\u00fctung, z.B. im Rahmen eines Softwarewartungs- und\/oder \u2013pflegevertrags oder kostenlos im Rahmen etwaig bestehender Pflichten zur M\u00e4ngelbeseitigung vor.<br \/>.<br \/>2.6 Die Untervermietung der Software, die Erteilung von Unterlizenzen, sowie die Nutzung der Software innerhalb eines Application Service Provider (ASP), Outsourcing oder Service B\u00fcro darf ebenso wie jegliche Nutzung zugunsten Dritter (z.B. durch Verarbeitung Daten Dritter zu deren Gunsten) nur nach ausdr\u00fccklicher Zustimmung durch Swiftpage erfolgen.<br \/>.<br \/>2.7 Der Anwender ist nicht berechtigt, die vollst\u00e4ndige Software einschlie\u00dflich Anwenderdokumentation unter gleichzeitiger \u00dcbertragung der vorstehend aufgef\u00fchrten Nutzungsrechte an Endanwender weiterzuver\u00e4u\u00dfern.<br \/>.<\/p><h3>3. M\u00e4ngelanspr\u00fcche (Anwendbar nur bei direktem Erwerb von Swiftpage)<\/h3><p>3.1 M\u00e4ngel an der \u00fcberlassenen Software einschlie\u00dflich der Handb\u00fccher werden von Swiftpage nach entsprechender Mitteilung durch den Anwender innerhalb angemessener Zeit behoben. Die M\u00e4ngelbeseitigung erfolgt nach Wahl von Swiftpage durch kostenfreie Nachbesserung oder Ersatzlieferung. Swiftpage ist berechtigt, M\u00e4ngel durch \u00dcberlassung eines neuen Releases zu beheben oder ohne zus\u00e4tzliche Kosten f\u00fcr den Anwender solche \u00c4nderungen an dem Produkt durchzuf\u00fchren, die aufgrund von M\u00e4ngeln erforderlich werden, soweit dadurch die vertragsgegenst\u00e4ndliche Leistung nicht mehr als nur unerheblich ver\u00e4ndert wird.<br \/>.<br \/>3.2 Die vertragsgegenst\u00e4ndliche Software ist f\u00fcr eine Vielzahl von Anwendungsm\u00f6glichkeiten konzipiert worden und kann nicht jeden denkbaren Anwendungsfall in allen Einzelheiten ber\u00fccksichtigen. Swiftpage haftet ausschlie\u00dflich daf\u00fcr, dass die Software mit der Leistungsbeschreibung \u00fcbereinstimmt.<br \/>.<br \/>3.3 Gegenstand der M\u00e4ngelanspr\u00fcche ist die Software ausschlie\u00dflich in der von Swiftpage ausgelieferten Version. Fehler an der Software, die auf nachtr\u00e4gliche Eingriffe des Anwenders zur\u00fcckzuf\u00fchren sind, sind ebenso wenig Gegenstand der Gew\u00e4hrleistung wie Fehler am Betriebssystem des Anwenders oder Drittprodukten. Der Anwender hat keinen Anspruch auf Vornahme von Programmerweiterungen oder Programm\u00e4nderungen nach Gefahr\u00fcbergang, auch nicht, wenn diese aufgrund gesetzlicher \u00c4nderungen notwendig werden. Eine Support wird von Swiftpage nicht kostenfrei angeboten.<br \/>.<br \/>3.4 Der Anwender darf eine Mietminderung nicht durch Abzug von der vereinbarten Miete durchsetzen. Bereicherungs- und Schadenersatzanspr\u00fcche bleiben hiervon unber\u00fchrt. Das K\u00fcndigungsrecht des Anwenders wegen Nichtgew\u00e4hrung des Gebrauchs ist ausgeschlossen, sofern die Nachbesserung oder Ersatzlieferung nicht als fehlgeschlagen anzusehen ist.<br \/>.<br \/>3.5 Der Anwender ist f\u00fcr die regelm\u00e4\u00dfige Sicherung und Wartung seiner individuellen Daten verantwortlich. Swiftpage weist darauf hin, dass eine Datensicherung insbesondere im Falle der Geltendmachung von M\u00e4ngelanspr\u00fcchen erforderlich und diese vollst\u00e4ndig an Swiftpage herauszugeben ist damit Swiftpage eine Problemanalyse vornehmen kann.<br \/>.<br \/>3.6 Der Anwender hat Swiftpage bei der Lokalisierung eines Mangels in zumutbarer Weise, beispielsweise durch zur Verf\u00fcgung stellen von Papierausdrucken oder Systembeschreibungen zu unterst\u00fctzen.<br \/>.<\/p><h3>4. Haftung Swiftpage<\/h3><p>4.1 Swiftpage haftet uneingeschr\u00e4nkt nur f\u00fcr Vorsatz und grobe Fahrl\u00e4ssigkeit Swiftpages, ihrer gesetzlichen Vertreter oder Erf\u00fcllungsgehilfen sowie f\u00fcr Sch\u00e4den aus der Verletzung des Lebens, des K\u00f6rpers oder der Gesundheit, die auf einer Pflichtverletzung beruhen, die Swiftpage, ihre gesetzlichen Vertreter oder Erf\u00fcllungsgehilfen zu vertreten haben.<br \/>.<br \/>4.2 F\u00fcr sonstige schuldhafte Verletzung wesentlicher Vertragspflichten haftet Swiftpage, gleich aus welchem Rechtsgrund, dem Grunde nach. Unber\u00fchrt bleibt das gesetzliche R\u00fccktrittsrecht des Vertragspartners, jedoch haftet Swiftpage im \u00dcbrigen nur in H\u00f6he des typischerweise vorhersehbaren Schadens bzw. der typischerweise vorhersehbaren Aufwendungen.<br \/>.<br \/>4.3 Im \u00dcbrigen ist die Haftung ausgeschlossen.<br \/>.<br \/>4.4 Soweit Swiftpage nach Ziffer 4.2 haftet, ist die Haftung auf die Deckungssumme der Betriebshaftpflichtversicherung von Swiftpage beschr\u00e4nkt.<br \/>.<br \/>4.5 Swiftpage haftet nicht f\u00fcr Sch\u00e4den, sofern und soweit der Anwender deren Eintritt durch ihm zumutbare Ma\u00dfnahmen \u2013 insbesondere Programm- und Datensicherung \u2013 h\u00e4tte verhindern k\u00f6nnen.<br \/>.<br \/>4.6 Die Regelungen dieser Ziffer 4. gelten auch zugunsten der Angestellten und sonstigen Erf\u00fcllungsgehilfen von Swiftpage.<br \/>.<br \/>4.7 Die Bestimmungen des Produkthaftungsgesetzes bleiben unber\u00fchrt.<br \/>.<br \/>4.8 Die verschuldensunabh\u00e4ngige Haftung von Swiftpage f\u00fcr bereits bei Vertragsabschluss vorhandene Fehler wird ausdr\u00fccklich ausgeschlossen.<br \/>.<\/p><h3>5. Au\u00dferordentliches K\u00fcndigungsrecht<\/h3><p>Swiftpage ist berechtigt, diesen Lizenzvertrag bei schwerwiegender Missachtung ihrer Urheberrechte an der Software durch den Anwender oder bei Nichtzahlung der Miete aus wichtigem Grund zu k\u00fcndigen. Mit Zugang der K\u00fcndigung erl\u00f6schen s\u00e4mtliche Nutzungsrechte des Anwenders. Die Software ist zur\u00fcckzugeben und alle vorhandenen Softwarekopien sind zu vernichten.<br \/>.<\/p><h3>6. Nutzung von Kundendaten<\/h3><p>Swiftpage wird die im Zusammenhang mit der Gesch\u00e4ftsbeziehung mitgeteilten Kundendaten nach Ma\u00dfgabe der einschl\u00e4gigen datenschutzrechtlichen Vorschriften behandeln. Die Swiftpage International Limited erhebt diese zum Teil personenbezogenen Daten und der Anwender erteilt hierf\u00fcr sowie die darauffolgende Verarbeitung zu den folgend beschriebenen Zwecken seine jederzeit widerrufliche und ausdr\u00fcckliche Einwilligung:<br \/>.<br \/>a. um seinen Auftrag, Bestellungen, Lizenzerteilung oder Dienstleistungen, evtl. unter Einbeziehung von Dienstleistern, abzuwickeln,<br \/>b. ihn \u00fcber weitere eigene, \u00e4hnliche Produkte oder Dienstleistungen per E-Mail (auch mittels Newsletter) zu informieren,<br \/>c. ihn bei Interesse an weitergehenden Informationen \u00fcber spezielle Angebote oder neue Produkte und Dienstleistungen, mittels E-Mail oder per Telefon (wenn vorher hierzu die ausdr\u00fcckliche Einwilligung erteilt wurde) zu informieren. Die Einwilligung hierzu kann der Anwender jederzeit schriftlich per Post oder mittels E-Mail mit Wirkung f\u00fcr die Zukunft widerrufen, ohne dass hierf\u00fcr andere als die \u00dcbermittlungskosten nach den jeweiligen Trafifen des \u00dcbermittlungsmediums entstehen.<br \/>.<br \/>.<\/p><h3>7. Schlussbestimmungen<\/h3><p>7.1 M\u00fcndliche Nebenabreden sind nicht getroffen. \u00c4nderungen dieses Vertrags bed\u00fcrfen der Schriftform, das gilt auch f\u00fcr die Ab\u00e4nderung dieses Schriftformerfordernisses. Sind oder werden einzelne Bestimmungen dieser Vereinbarung unwirksam, so wird dadurch die Wirksamkeit der \u00fcbrigen Bestimmungen nicht ber\u00fchrt.<br \/>.<br \/>7.2 Falls der Kunde im Sinne der gesetzlichen Bestimmungen Kaufmann ist wird als ausschlie\u00dflicher Gerichtsstand Frankfurt am Main, Bundesrepublik Deutschland vereinbart.<br \/>.<br \/>7.3 Swiftpage ist aber auch berechtigt, den Anwender an seinem allgemeinen Gerichtsstand zu verklagen.<br \/>.<br \/>7.4 Es gilt das Recht der Bundesrepublik Deutschland mit Ausnahme des UN- Kaufrechts.<br \/>.<br \/>DE &#8211; 2017-02-02.1<\/p>\t\t\t\t\t\t<\/div>\n\t\t\t\t<\/div>\n\t\t\t\t\t<\/div>\n\t\t<\/div>\n\t\t\t\t\t<\/div>\n\t\t<\/section>\n\t\t\t\t\t<\/div>\n\t\t<\/div>\n\t\t\t\t\t<\/div>\n\t\t<\/section>\n\t\t\t\t<\/div>\n\t\t","protected":false},"excerpt":{"rendered":"<p>Act! v19 EULA &#8211; DE Software-Lizenzvertrag f\u00fcr Einzellizenz-Anwender der Swiftpage International-Limited f\u00fcr die Produkte Act!. 1. Vertragsgegenstand Swiftpage International Limited (&#8216;Swiftpage&#8217;) r\u00e4umt dem Anwender das nicht ausschlie\u00dfliche Recht als Miete ein, die gemietete Software, n\u00e4mlich die Produkte Act! verbundene Plug-ins und Erweiterungen(&#8216;Software&#8217;) zu den Bedingungen dieses Vertrages zu nutzen. Im \u00dcbrigen verbleiben alle Rechte an [&hellip;]<\/p>\n","protected":false},"author":4,"featured_media":0,"parent":44421,"menu_order":0,"comment_status":"closed","ping_status":"closed","template":"elementor_header_footer","meta":{"_acf_changed":false,"content-type":"","inline_featured_image":false,"footnotes":""},"categories":[],"tags":[],"folder":[],"acf":[],"yoast_head":"<!-- This site is optimized with the Yoast SEO Premium plugin v22.2 (Yoast SEO v22.4) - https:\/\/yoast.com\/wordpress\/plugins\/seo\/ -->\n<title>Effizienter Arbeiten mit Act! - Act!<\/title>\n<meta name=\"robots\" content=\"noindex, follow, max-snippet:-1, max-image-preview:large, max-video-preview:-1\" \/>\n<meta property=\"og:locale\" content=\"de_DE\" \/>\n<meta property=\"og:type\" content=\"article\" \/>\n<meta property=\"og:title\" content=\"Effizienter Arbeiten mit Act!\" \/>\n<meta property=\"og:description\" content=\"Act! v19 EULA &#8211; DE Software-Lizenzvertrag f\u00fcr Einzellizenz-Anwender der Swiftpage International-Limited f\u00fcr die Produkte Act!. 1. Vertragsgegenstand Swiftpage International Limited (&#8216;Swiftpage&#8217;) r\u00e4umt dem Anwender das nicht ausschlie\u00dfliche Recht als Miete ein, die gemietete Software, n\u00e4mlich die Produkte Act! verbundene Plug-ins und Erweiterungen(&#8216;Software&#8217;) zu den Bedingungen dieses Vertrages zu nutzen. Im \u00dcbrigen verbleiben alle Rechte an [&hellip;]\" \/>\n<meta property=\"og:url\" content=\"https:\/\/products.act.com\/de\/rechtlich-vertraglich\/eula\/v19\/\" \/>\n<meta property=\"og:site_name\" content=\"Act!\" \/>\n<meta property=\"article:modified_time\" content=\"2022-11-23T18:59:28+00:00\" \/>\n<meta name=\"twitter:card\" content=\"summary_large_image\" \/>\n<meta name=\"twitter:label1\" content=\"Est. reading time\" \/>\n\t<meta name=\"twitter:data1\" content=\"8 minutes\" \/>\n<script type=\"application\/ld+json\" class=\"yoast-schema-graph\">{\"@context\":\"https:\/\/schema.org\",\"@graph\":[{\"@type\":\"WebPage\",\"@id\":\"https:\/\/products.act.com\/de\/rechtlich-vertraglich\/eula\/v19\/\",\"url\":\"https:\/\/products.act.com\/de\/rechtlich-vertraglich\/eula\/v19\/\",\"name\":\"Effizienter Arbeiten mit Act! - Act!\",\"isPartOf\":{\"@id\":\"https:\/\/products.act.com\/de\/#website\"},\"datePublished\":\"2022-01-07T11:57:46+00:00\",\"dateModified\":\"2022-11-23T18:59:28+00:00\",\"breadcrumb\":{\"@id\":\"https:\/\/products.act.com\/de\/rechtlich-vertraglich\/eula\/v19\/#breadcrumb\"},\"inLanguage\":\"de-DE\",\"potentialAction\":[{\"@type\":\"ReadAction\",\"target\":[\"https:\/\/products.act.com\/de\/rechtlich-vertraglich\/eula\/v19\/\"]}]},{\"@type\":\"BreadcrumbList\",\"@id\":\"https:\/\/products.act.com\/de\/rechtlich-vertraglich\/eula\/v19\/#breadcrumb\",\"itemListElement\":[{\"@type\":\"ListItem\",\"position\":1,\"name\":\"Home\",\"item\":\"https:\/\/products.act.com\/de\/\"},{\"@type\":\"ListItem\",\"position\":2,\"name\":\"Rechtliche und vertragliche Informationen\",\"item\":\"http:\/\/products.act.com\/de\/legal\/\"},{\"@type\":\"ListItem\",\"position\":3,\"name\":\"Effizienter Arbeiten mit Act!\",\"item\":\"http:\/\/products.act.com\/de\/rechtlich-vertraglich\/eula\/\"},{\"@type\":\"ListItem\",\"position\":4,\"name\":\"Effizienter Arbeiten mit Act!\"}]},{\"@type\":\"WebSite\",\"@id\":\"https:\/\/products.act.com\/de\/#website\",\"url\":\"https:\/\/products.act.com\/de\/\",\"name\":\"Act!\",\"description\":\"CRM &amp; Marketing Automation in One\",\"publisher\":{\"@id\":\"https:\/\/products.act.com\/de\/#organization\"},\"potentialAction\":[{\"@type\":\"SearchAction\",\"target\":{\"@type\":\"EntryPoint\",\"urlTemplate\":\"https:\/\/products.act.com\/de\/?s={search_term_string}\"},\"query-input\":\"required name=search_term_string\"}],\"inLanguage\":\"de-DE\"},{\"@type\":\"Organization\",\"@id\":\"https:\/\/products.act.com\/de\/#organization\",\"name\":\"Act!\",\"url\":\"https:\/\/products.act.com\/de\/\",\"logo\":{\"@type\":\"ImageObject\",\"inLanguage\":\"de-DE\",\"@id\":\"https:\/\/products.act.com\/de\/#\/schema\/logo\/image\/\",\"url\":\"https:\/\/products.act.com\/wp-content\/uploads\/2021\/07\/logo_fe5000.png\",\"contentUrl\":\"https:\/\/products.act.com\/wp-content\/uploads\/2021\/07\/logo_fe5000.png\",\"width\":120,\"height\":120,\"caption\":\"Act!\"},\"image\":{\"@id\":\"https:\/\/products.act.com\/de\/#\/schema\/logo\/image\/\"}}]}<\/script>\n<!-- \/ Yoast SEO Premium plugin. -->","yoast_head_json":{"title":"Effizienter Arbeiten mit Act! - Act!","robots":{"index":"noindex","follow":"follow","max-snippet":"max-snippet:-1","max-image-preview":"max-image-preview:large","max-video-preview":"max-video-preview:-1"},"og_locale":"de_DE","og_type":"article","og_title":"Effizienter Arbeiten mit Act!","og_description":"Act! v19 EULA &#8211; DE Software-Lizenzvertrag f\u00fcr Einzellizenz-Anwender der Swiftpage International-Limited f\u00fcr die Produkte Act!. 1. Vertragsgegenstand Swiftpage International Limited (&#8216;Swiftpage&#8217;) r\u00e4umt dem Anwender das nicht ausschlie\u00dfliche Recht als Miete ein, die gemietete Software, n\u00e4mlich die Produkte Act! verbundene Plug-ins und Erweiterungen(&#8216;Software&#8217;) zu den Bedingungen dieses Vertrages zu nutzen. Im \u00dcbrigen verbleiben alle Rechte an [&hellip;]","og_url":"https:\/\/products.act.com\/de\/rechtlich-vertraglich\/eula\/v19\/","og_site_name":"Act!","article_modified_time":"2022-11-23T18:59:28+00:00","twitter_card":"summary_large_image","twitter_misc":{"Est. reading time":"8 minutes"},"schema":{"@context":"https:\/\/schema.org","@graph":[{"@type":"WebPage","@id":"https:\/\/products.act.com\/de\/rechtlich-vertraglich\/eula\/v19\/","url":"https:\/\/products.act.com\/de\/rechtlich-vertraglich\/eula\/v19\/","name":"Effizienter Arbeiten mit Act! - Act!","isPartOf":{"@id":"https:\/\/products.act.com\/de\/#website"},"datePublished":"2022-01-07T11:57:46+00:00","dateModified":"2022-11-23T18:59:28+00:00","breadcrumb":{"@id":"https:\/\/products.act.com\/de\/rechtlich-vertraglich\/eula\/v19\/#breadcrumb"},"inLanguage":"de-DE","potentialAction":[{"@type":"ReadAction","target":["https:\/\/products.act.com\/de\/rechtlich-vertraglich\/eula\/v19\/"]}]},{"@type":"BreadcrumbList","@id":"https:\/\/products.act.com\/de\/rechtlich-vertraglich\/eula\/v19\/#breadcrumb","itemListElement":[{"@type":"ListItem","position":1,"name":"Home","item":"https:\/\/products.act.com\/de\/"},{"@type":"ListItem","position":2,"name":"Rechtliche und vertragliche Informationen","item":"http:\/\/products.act.com\/de\/legal\/"},{"@type":"ListItem","position":3,"name":"Effizienter Arbeiten mit Act!","item":"http:\/\/products.act.com\/de\/rechtlich-vertraglich\/eula\/"},{"@type":"ListItem","position":4,"name":"Effizienter Arbeiten mit Act!"}]},{"@type":"WebSite","@id":"https:\/\/products.act.com\/de\/#website","url":"https:\/\/products.act.com\/de\/","name":"Act!","description":"CRM &amp; Marketing Automation in One","publisher":{"@id":"https:\/\/products.act.com\/de\/#organization"},"potentialAction":[{"@type":"SearchAction","target":{"@type":"EntryPoint","urlTemplate":"https:\/\/products.act.com\/de\/?s={search_term_string}"},"query-input":"required name=search_term_string"}],"inLanguage":"de-DE"},{"@type":"Organization","@id":"https:\/\/products.act.com\/de\/#organization","name":"Act!","url":"https:\/\/products.act.com\/de\/","logo":{"@type":"ImageObject","inLanguage":"de-DE","@id":"https:\/\/products.act.com\/de\/#\/schema\/logo\/image\/","url":"https:\/\/products.act.com\/wp-content\/uploads\/2021\/07\/logo_fe5000.png","contentUrl":"https:\/\/products.act.com\/wp-content\/uploads\/2021\/07\/logo_fe5000.png","width":120,"height":120,"caption":"Act!"},"image":{"@id":"https:\/\/products.act.com\/de\/#\/schema\/logo\/image\/"}}]}},"_links":{"self":[{"href":"https:\/\/products.act.com\/de\/wp-json\/wp\/v2\/pages\/44422"}],"collection":[{"href":"https:\/\/products.act.com\/de\/wp-json\/wp\/v2\/pages"}],"about":[{"href":"https:\/\/products.act.com\/de\/wp-json\/wp\/v2\/types\/page"}],"author":[{"embeddable":true,"href":"https:\/\/products.act.com\/de\/wp-json\/wp\/v2\/users\/4"}],"replies":[{"embeddable":true,"href":"https:\/\/products.act.com\/de\/wp-json\/wp\/v2\/comments?post=44422"}],"version-history":[{"count":0,"href":"https:\/\/products.act.com\/de\/wp-json\/wp\/v2\/pages\/44422\/revisions"}],"up":[{"embeddable":true,"href":"https:\/\/products.act.com\/de\/wp-json\/wp\/v2\/pages\/44421"}],"wp:attachment":[{"href":"https:\/\/products.act.com\/de\/wp-json\/wp\/v2\/media?parent=44422"}],"wp:term":[{"taxonomy":"category","embeddable":true,"href":"https:\/\/products.act.com\/de\/wp-json\/wp\/v2\/categories?post=44422"},{"taxonomy":"post_tag","embeddable":true,"href":"https:\/\/products.act.com\/de\/wp-json\/wp\/v2\/tags?post=44422"},{"taxonomy":"folder","embeddable":true,"href":"https:\/\/products.act.com\/de\/wp-json\/wp\/v2\/folder?post=44422"}],"curies":[{"name":"wp","href":"https:\/\/api.w.org\/{rel}","templated":true}]}}