{"id":44394,"date":"2021-12-28T07:47:30","date_gmt":"2021-12-28T07:47:30","guid":{"rendered":"https:\/\/act.com\/insight-non-subscriber\/"},"modified":"2023-01-23T10:38:03","modified_gmt":"2023-01-23T17:38:03","slug":"insight-non-subscriber","status":"publish","type":"page","link":"https:\/\/products.act.com\/de\/in-product-pages\/welcome-pages\/insight-non-subscriber\/","title":{"rendered":"Insight &#8211; DE Non-Subscriber Windows\/Web"},"content":{"rendered":"\t\t<div data-elementor-type=\"wp-page\" data-elementor-id=\"44394\" class=\"elementor elementor-44394\" data-elementor-post-type=\"page\">\n\t\t\t\t\t\t<section class=\"elementor-section elementor-top-section elementor-element elementor-element-2a8f55c elementor-section-boxed elementor-section-height-default elementor-section-height-default\" data-id=\"2a8f55c\" data-element_type=\"section\" data-settings=\"{&quot;background_background&quot;:&quot;classic&quot;}\">\n\t\t\t\t\t\t<div class=\"elementor-container elementor-column-gap-default\">\n\t\t\t\t\t<div class=\"elementor-column elementor-col-100 elementor-top-column elementor-element elementor-element-3d283fe\" data-id=\"3d283fe\" data-element_type=\"column\" data-settings=\"{&quot;background_background&quot;:&quot;classic&quot;}\">\n\t\t\t<div class=\"elementor-widget-wrap elementor-element-populated\">\n\t\t\t\t\t\t<section class=\"elementor-section elementor-inner-section elementor-element elementor-element-23c5526 elementor-section-boxed elementor-section-height-default elementor-section-height-default\" data-id=\"23c5526\" data-element_type=\"section\" data-settings=\"{&quot;background_background&quot;:&quot;classic&quot;}\">\n\t\t\t\t\t\t<div class=\"elementor-container elementor-column-gap-default\">\n\t\t\t\t\t<div class=\"elementor-column elementor-col-100 elementor-inner-column elementor-element elementor-element-82cfb13\" data-id=\"82cfb13\" data-element_type=\"column\">\n\t\t\t<div class=\"elementor-widget-wrap elementor-element-populated\">\n\t\t\t\t\t\t<div class=\"elementor-element elementor-element-1a80d89 elementor-widget elementor-widget-heading\" data-id=\"1a80d89\" data-element_type=\"widget\" data-widget_type=\"heading.default\">\n\t\t\t\t<div class=\"elementor-widget-container\">\n\t\t\t<style>\/*! elementor - v3.20.0 - 26-03-2024 *\/\n.elementor-heading-title{padding:0;margin:0;line-height:1}.elementor-widget-heading .elementor-heading-title[class*=elementor-size-]>a{color:inherit;font-size:inherit;line-height:inherit}.elementor-widget-heading .elementor-heading-title.elementor-size-small{font-size:15px}.elementor-widget-heading .elementor-heading-title.elementor-size-medium{font-size:19px}.elementor-widget-heading .elementor-heading-title.elementor-size-large{font-size:29px}.elementor-widget-heading .elementor-heading-title.elementor-size-xl{font-size:39px}.elementor-widget-heading .elementor-heading-title.elementor-size-xxl{font-size:59px}<\/style><h4 class=\"elementor-heading-title elementor-size-default\">Achtung!<\/h4>\t\t<\/div>\n\t\t\t\t<\/div>\n\t\t\t\t\t<\/div>\n\t\t<\/div>\n\t\t\t\t\t<\/div>\n\t\t<\/section>\n\t\t\t\t<section class=\"elementor-section elementor-inner-section elementor-element elementor-element-db0fb92 elementor-section-boxed elementor-section-height-default elementor-section-height-default\" data-id=\"db0fb92\" data-element_type=\"section\">\n\t\t\t\t\t\t<div class=\"elementor-container elementor-column-gap-default\">\n\t\t\t\t\t<div class=\"elementor-column elementor-col-100 elementor-inner-column elementor-element elementor-element-388e985\" data-id=\"388e985\" data-element_type=\"column\">\n\t\t\t<div class=\"elementor-widget-wrap elementor-element-populated\">\n\t\t\t\t\t\t<div class=\"elementor-element elementor-element-bd4de8b elementor-widget elementor-widget-heading\" data-id=\"bd4de8b\" data-element_type=\"widget\" data-widget_type=\"heading.default\">\n\t\t\t\t<div class=\"elementor-widget-container\">\n\t\t\t<h3 class=\"elementor-heading-title elementor-size-default\">F\u00fcr den Zugang zu Act! Insight ist ein aktives Act! Abonnement erforderlich.<\/h3>\t\t<\/div>\n\t\t\t\t<\/div>\n\t\t\t\t<div class=\"elementor-element elementor-element-9e154e3 elementor-widget elementor-widget-text-editor\" data-id=\"9e154e3\" data-element_type=\"widget\" data-widget_type=\"text-editor.default\">\n\t\t\t\t<div class=\"elementor-widget-container\">\n\t\t\t<style>\/*! elementor - v3.20.0 - 26-03-2024 *\/\n.elementor-widget-text-editor.elementor-drop-cap-view-stacked .elementor-drop-cap{background-color:#69727d;color:#fff}.elementor-widget-text-editor.elementor-drop-cap-view-framed .elementor-drop-cap{color:#69727d;border:3px solid;background-color:transparent}.elementor-widget-text-editor:not(.elementor-drop-cap-view-default) .elementor-drop-cap{margin-top:8px}.elementor-widget-text-editor:not(.elementor-drop-cap-view-default) .elementor-drop-cap-letter{width:1em;height:1em}.elementor-widget-text-editor .elementor-drop-cap{float:left;text-align:center;line-height:1;font-size:50px}.elementor-widget-text-editor .elementor-drop-cap-letter{display:inline-block}<\/style>\t\t\t\t<p>Act! Insight hilft Ihnen dabei, fundierte Entscheidungen zu treffen, denn Sie k\u00f6nnen sich dynamische Momentaufnahmen wichtiger Kennzahlen zur Leistung von Mitarbeitern, des Teams und des Unternehmens anzeigen lassen.<br \/><br \/>Um Act! Insight nutzen zu k\u00f6nnen, w\u00e4hlen Sie bitte eine der unten aufgef\u00fchrten Optionen.<\/p>\t\t\t\t\t\t<\/div>\n\t\t\t\t<\/div>\n\t\t\t\t\t<\/div>\n\t\t<\/div>\n\t\t\t\t\t<\/div>\n\t\t<\/section>\n\t\t\t\t<section class=\"elementor-section elementor-inner-section elementor-element elementor-element-1a59f32 elementor-section-boxed elementor-section-height-default elementor-section-height-default\" data-id=\"1a59f32\" data-element_type=\"section\">\n\t\t\t\t\t\t<div class=\"elementor-container elementor-column-gap-default\">\n\t\t\t\t\t<div class=\"elementor-column elementor-col-100 elementor-inner-column elementor-element elementor-element-93a008f\" data-id=\"93a008f\" data-element_type=\"column\">\n\t\t\t<div class=\"elementor-widget-wrap elementor-element-populated\">\n\t\t\t\t\t\t<div class=\"elementor-element elementor-element-d504560 elementor-widget elementor-widget-oew-buttons\" data-id=\"d504560\" data-element_type=\"widget\" data-widget_type=\"oew-buttons.default\">\n\t\t\t\t<div class=\"elementor-widget-container\">\n\t\t\t\n\t\t<ul class=\"oew-buttons\">\n\t\t\t\n\t\t\t\t<li class=\"oew-button-inner elementor-repeater-item-fbb6243\">\n\t\t\t\t\t<a href=\"\/pricing\/\" target=\"_blank\">\n\t\t\t\t\t\t\n\t\t\t\t\t\t<span>Abonnieren<\/span>\n\n\t\t\t\t\t\t\t\t\t\t\t<\/a>\n\t\t\t\t<\/li>\n\t\t\t\n\t\t\t\t<li class=\"oew-button-inner elementor-repeater-item-612a29e\">\n\t\t\t\t\t<a href=\"tel:08001812014\" target=\"_blank\">\n\t\t\t\t\t\t\n\t\t\t\t\t\t<span>0800 1812014<\/span>\n\n\t\t\t\t\t\t\t\t\t\t\t<\/a>\n\t\t\t\t<\/li>\n\t\t\t\t\t<\/ul>\n\n\t\t\t<\/div>\n\t\t\t\t<\/div>\n\t\t\t\t\t<\/div>\n\t\t<\/div>\n\t\t\t\t\t<\/div>\n\t\t<\/section>\n\t\t\t\t\t<\/div>\n\t\t<\/div>\n\t\t\t\t\t<\/div>\n\t\t<\/section>\n\t\t\t\t<\/div>\n\t\t","protected":false},"excerpt":{"rendered":"<p>Achtung! F\u00fcr den Zugang zu Act! Insight ist ein aktives Act! Abonnement erforderlich. Act! Insight hilft Ihnen dabei, fundierte Entscheidungen zu treffen, denn Sie k\u00f6nnen sich dynamische Momentaufnahmen wichtiger Kennzahlen zur Leistung von Mitarbeitern, des Teams und des Unternehmens anzeigen lassen. Um Act! Insight nutzen zu k\u00f6nnen, w\u00e4hlen Sie bitte eine der unten aufgef\u00fchrten Optionen. [&hellip;]<\/p>\n","protected":false},"author":4,"featured_media":0,"parent":44395,"menu_order":0,"comment_status":"closed","ping_status":"closed","template":"elementor_header_footer","meta":{"_acf_changed":false,"content-type":"","inline_featured_image":false,"footnotes":""},"categories":[],"tags":[],"folder":[],"acf":[],"yoast_head":"<!-- This site is optimized with the Yoast SEO Premium plugin v22.2 (Yoast SEO v22.4) - https:\/\/yoast.com\/wordpress\/plugins\/seo\/ -->\n<title>Insight - DE Non-Subscriber Windows\/Web<\/title>\n<meta name=\"robots\" content=\"noindex, follow, max-snippet:-1, max-image-preview:large, max-video-preview:-1\" \/>\n<meta property=\"og:locale\" content=\"de_DE\" \/>\n<meta property=\"og:type\" content=\"article\" \/>\n<meta property=\"og:title\" content=\"Insight - DE Non-Subscriber Windows\/Web\" \/>\n<meta property=\"og:description\" content=\"Achtung! F\u00fcr den Zugang zu Act! Insight ist ein aktives Act! Abonnement erforderlich. Act! Insight hilft Ihnen dabei, fundierte Entscheidungen zu treffen, denn Sie k\u00f6nnen sich dynamische Momentaufnahmen wichtiger Kennzahlen zur Leistung von Mitarbeitern, des Teams und des Unternehmens anzeigen lassen. Um Act! Insight nutzen zu k\u00f6nnen, w\u00e4hlen Sie bitte eine der unten aufgef\u00fchrten Optionen. [&hellip;]\" \/>\n<meta property=\"og:url\" content=\"https:\/\/products.act.com\/de\/in-product-pages\/welcome-pages\/insight-non-subscriber\/\" \/>\n<meta property=\"og:site_name\" content=\"Act!\" \/>\n<meta property=\"article:modified_time\" content=\"2023-01-23T17:38:03+00:00\" \/>\n<meta name=\"twitter:card\" content=\"summary_large_image\" \/>\n<meta name=\"twitter:label1\" content=\"Est. reading time\" \/>\n\t<meta name=\"twitter:data1\" content=\"1 minute\" \/>\n<script type=\"application\/ld+json\" class=\"yoast-schema-graph\">{\"@context\":\"https:\/\/schema.org\",\"@graph\":[{\"@type\":\"WebPage\",\"@id\":\"https:\/\/products.act.com\/de\/in-product-pages\/welcome-pages\/insight-non-subscriber\/\",\"url\":\"https:\/\/products.act.com\/de\/in-product-pages\/welcome-pages\/insight-non-subscriber\/\",\"name\":\"Insight - DE Non-Subscriber Windows\/Web\",\"isPartOf\":{\"@id\":\"https:\/\/products.act.com\/de\/#website\"},\"datePublished\":\"2021-12-28T07:47:30+00:00\",\"dateModified\":\"2023-01-23T17:38:03+00:00\",\"breadcrumb\":{\"@id\":\"https:\/\/products.act.com\/de\/in-product-pages\/welcome-pages\/insight-non-subscriber\/#breadcrumb\"},\"inLanguage\":\"de-DE\",\"potentialAction\":[{\"@type\":\"ReadAction\",\"target\":[\"https:\/\/products.act.com\/de\/in-product-pages\/welcome-pages\/insight-non-subscriber\/\"]}]},{\"@type\":\"BreadcrumbList\",\"@id\":\"https:\/\/products.act.com\/de\/in-product-pages\/welcome-pages\/insight-non-subscriber\/#breadcrumb\",\"itemListElement\":[{\"@type\":\"ListItem\",\"position\":1,\"name\":\"Home\",\"item\":\"https:\/\/products.act.com\/de\/\"},{\"@type\":\"ListItem\",\"position\":2,\"name\":\"Connections\",\"item\":\"https:\/\/products.act.com\/de\/in-product-pages\/\"},{\"@type\":\"ListItem\",\"position\":3,\"name\":\"Welcome pages\",\"item\":\"https:\/\/products.act.com\/de\/in-product-pages\/welcome-pages\/\"},{\"@type\":\"ListItem\",\"position\":4,\"name\":\"Insight &#8211; DE Non-Subscriber Windows\/Web\"}]},{\"@type\":\"WebSite\",\"@id\":\"https:\/\/products.act.com\/de\/#website\",\"url\":\"https:\/\/products.act.com\/de\/\",\"name\":\"Act!\",\"description\":\"CRM &amp; Marketing Automation in One\",\"publisher\":{\"@id\":\"https:\/\/products.act.com\/de\/#organization\"},\"potentialAction\":[{\"@type\":\"SearchAction\",\"target\":{\"@type\":\"EntryPoint\",\"urlTemplate\":\"https:\/\/products.act.com\/de\/?s={search_term_string}\"},\"query-input\":\"required name=search_term_string\"}],\"inLanguage\":\"de-DE\"},{\"@type\":\"Organization\",\"@id\":\"https:\/\/products.act.com\/de\/#organization\",\"name\":\"Act!\",\"url\":\"https:\/\/products.act.com\/de\/\",\"logo\":{\"@type\":\"ImageObject\",\"inLanguage\":\"de-DE\",\"@id\":\"https:\/\/products.act.com\/de\/#\/schema\/logo\/image\/\",\"url\":\"https:\/\/products.act.com\/wp-content\/uploads\/2021\/07\/logo_fe5000.png\",\"contentUrl\":\"https:\/\/products.act.com\/wp-content\/uploads\/2021\/07\/logo_fe5000.png\",\"width\":120,\"height\":120,\"caption\":\"Act!\"},\"image\":{\"@id\":\"https:\/\/products.act.com\/de\/#\/schema\/logo\/image\/\"}}]}<\/script>\n<!-- \/ Yoast SEO Premium plugin. -->","yoast_head_json":{"title":"Insight - DE Non-Subscriber Windows\/Web","robots":{"index":"noindex","follow":"follow","max-snippet":"max-snippet:-1","max-image-preview":"max-image-preview:large","max-video-preview":"max-video-preview:-1"},"og_locale":"de_DE","og_type":"article","og_title":"Insight - DE Non-Subscriber Windows\/Web","og_description":"Achtung! F\u00fcr den Zugang zu Act! Insight ist ein aktives Act! Abonnement erforderlich. Act! Insight hilft Ihnen dabei, fundierte Entscheidungen zu treffen, denn Sie k\u00f6nnen sich dynamische Momentaufnahmen wichtiger Kennzahlen zur Leistung von Mitarbeitern, des Teams und des Unternehmens anzeigen lassen. Um Act! Insight nutzen zu k\u00f6nnen, w\u00e4hlen Sie bitte eine der unten aufgef\u00fchrten Optionen. [&hellip;]","og_url":"https:\/\/products.act.com\/de\/in-product-pages\/welcome-pages\/insight-non-subscriber\/","og_site_name":"Act!","article_modified_time":"2023-01-23T17:38:03+00:00","twitter_card":"summary_large_image","twitter_misc":{"Est. reading time":"1 minute"},"schema":{"@context":"https:\/\/schema.org","@graph":[{"@type":"WebPage","@id":"https:\/\/products.act.com\/de\/in-product-pages\/welcome-pages\/insight-non-subscriber\/","url":"https:\/\/products.act.com\/de\/in-product-pages\/welcome-pages\/insight-non-subscriber\/","name":"Insight - DE Non-Subscriber Windows\/Web","isPartOf":{"@id":"https:\/\/products.act.com\/de\/#website"},"datePublished":"2021-12-28T07:47:30+00:00","dateModified":"2023-01-23T17:38:03+00:00","breadcrumb":{"@id":"https:\/\/products.act.com\/de\/in-product-pages\/welcome-pages\/insight-non-subscriber\/#breadcrumb"},"inLanguage":"de-DE","potentialAction":[{"@type":"ReadAction","target":["https:\/\/products.act.com\/de\/in-product-pages\/welcome-pages\/insight-non-subscriber\/"]}]},{"@type":"BreadcrumbList","@id":"https:\/\/products.act.com\/de\/in-product-pages\/welcome-pages\/insight-non-subscriber\/#breadcrumb","itemListElement":[{"@type":"ListItem","position":1,"name":"Home","item":"https:\/\/products.act.com\/de\/"},{"@type":"ListItem","position":2,"name":"Connections","item":"https:\/\/products.act.com\/de\/in-product-pages\/"},{"@type":"ListItem","position":3,"name":"Welcome pages","item":"https:\/\/products.act.com\/de\/in-product-pages\/welcome-pages\/"},{"@type":"ListItem","position":4,"name":"Insight &#8211; DE Non-Subscriber Windows\/Web"}]},{"@type":"WebSite","@id":"https:\/\/products.act.com\/de\/#website","url":"https:\/\/products.act.com\/de\/","name":"Act!","description":"CRM &amp; Marketing Automation in One","publisher":{"@id":"https:\/\/products.act.com\/de\/#organization"},"potentialAction":[{"@type":"SearchAction","target":{"@type":"EntryPoint","urlTemplate":"https:\/\/products.act.com\/de\/?s={search_term_string}"},"query-input":"required name=search_term_string"}],"inLanguage":"de-DE"},{"@type":"Organization","@id":"https:\/\/products.act.com\/de\/#organization","name":"Act!","url":"https:\/\/products.act.com\/de\/","logo":{"@type":"ImageObject","inLanguage":"de-DE","@id":"https:\/\/products.act.com\/de\/#\/schema\/logo\/image\/","url":"https:\/\/products.act.com\/wp-content\/uploads\/2021\/07\/logo_fe5000.png","contentUrl":"https:\/\/products.act.com\/wp-content\/uploads\/2021\/07\/logo_fe5000.png","width":120,"height":120,"caption":"Act!"},"image":{"@id":"https:\/\/products.act.com\/de\/#\/schema\/logo\/image\/"}}]}},"_links":{"self":[{"href":"https:\/\/products.act.com\/de\/wp-json\/wp\/v2\/pages\/44394"}],"collection":[{"href":"https:\/\/products.act.com\/de\/wp-json\/wp\/v2\/pages"}],"about":[{"href":"https:\/\/products.act.com\/de\/wp-json\/wp\/v2\/types\/page"}],"author":[{"embeddable":true,"href":"https:\/\/products.act.com\/de\/wp-json\/wp\/v2\/users\/4"}],"replies":[{"embeddable":true,"href":"https:\/\/products.act.com\/de\/wp-json\/wp\/v2\/comments?post=44394"}],"version-history":[{"count":0,"href":"https:\/\/products.act.com\/de\/wp-json\/wp\/v2\/pages\/44394\/revisions"}],"up":[{"embeddable":true,"href":"https:\/\/products.act.com\/de\/wp-json\/wp\/v2\/pages\/44395"}],"wp:attachment":[{"href":"https:\/\/products.act.com\/de\/wp-json\/wp\/v2\/media?parent=44394"}],"wp:term":[{"taxonomy":"category","embeddable":true,"href":"https:\/\/products.act.com\/de\/wp-json\/wp\/v2\/categories?post=44394"},{"taxonomy":"post_tag","embeddable":true,"href":"https:\/\/products.act.com\/de\/wp-json\/wp\/v2\/tags?post=44394"},{"taxonomy":"folder","embeddable":true,"href":"https:\/\/products.act.com\/de\/wp-json\/wp\/v2\/folder?post=44394"}],"curies":[{"name":"wp","href":"https:\/\/api.w.org\/{rel}","templated":true}]}}