{"id":44362,"date":"2022-01-07T16:52:14","date_gmt":"2022-01-07T09:52:14","guid":{"rendered":"https:\/\/act.com\/?page_id=44362"},"modified":"2023-10-25T12:04:13","modified_gmt":"2023-10-25T19:04:13","slug":"obsoleszenz-regelungen","status":"publish","type":"page","link":"https:\/\/products.act.com\/de\/hilfsmittel\/obsoleszenz-regelungen\/","title":{"rendered":"Act! Obsolescence regulations"},"content":{"rendered":"\t\t<div data-elementor-type=\"wp-page\" data-elementor-id=\"44362\" class=\"elementor elementor-44362\" data-elementor-post-type=\"page\">\n\t\t\t\t\t\t<section class=\"elementor-section elementor-top-section elementor-element elementor-element-9e66163 topSctGlb elementor-section-boxed elementor-section-height-default elementor-section-height-default\" data-id=\"9e66163\" data-element_type=\"section\" data-settings=\"{&quot;background_background&quot;:&quot;gradient&quot;}\">\n\t\t\t\t\t\t\t<div class=\"elementor-background-overlay\"><\/div>\n\t\t\t\t\t\t\t<div class=\"elementor-container elementor-column-gap-default\">\n\t\t\t\t\t<div class=\"elementor-column elementor-col-100 elementor-top-column elementor-element elementor-element-704e377\" data-id=\"704e377\" data-element_type=\"column\" data-settings=\"{&quot;background_background&quot;:&quot;classic&quot;}\">\n\t\t\t<div class=\"elementor-widget-wrap elementor-element-populated\">\n\t\t\t\t\t\t<div class=\"elementor-element elementor-element-ba822eb elementor-widget elementor-widget-heading\" data-id=\"ba822eb\" data-element_type=\"widget\" data-widget_type=\"heading.default\">\n\t\t\t\t<div class=\"elementor-widget-container\">\n\t\t\t<style>\/*! elementor - v3.20.0 - 26-03-2024 *\/\n.elementor-heading-title{padding:0;margin:0;line-height:1}.elementor-widget-heading .elementor-heading-title[class*=elementor-size-]>a{color:inherit;font-size:inherit;line-height:inherit}.elementor-widget-heading .elementor-heading-title.elementor-size-small{font-size:15px}.elementor-widget-heading .elementor-heading-title.elementor-size-medium{font-size:19px}.elementor-widget-heading .elementor-heading-title.elementor-size-large{font-size:29px}.elementor-widget-heading .elementor-heading-title.elementor-size-xl{font-size:39px}.elementor-widget-heading .elementor-heading-title.elementor-size-xxl{font-size:59px}<\/style><h1 class=\"elementor-heading-title elementor-size-default\">Obsoleszenz-Regelungen<\/h1>\t\t<\/div>\n\t\t\t\t<\/div>\n\t\t\t\t<div class=\"elementor-element elementor-element-fc9672b elementor-widget elementor-widget-heading\" data-id=\"fc9672b\" data-element_type=\"widget\" data-widget_type=\"heading.default\">\n\t\t\t\t<div class=\"elementor-widget-container\">\n\t\t\t<p class=\"elementor-heading-title elementor-size-default\">Diese Regelungen gelten f\u00fcr Deutschland, \u00d6sterreich und die Schweiz. F\u00fcr andere Regionen gelten unterschiedliche Obsoleszenz-Regelungen.<\/p>\t\t<\/div>\n\t\t\t\t<\/div>\n\t\t\t\t<div class=\"elementor-element elementor-element-ed3d4a7 elementor-widget elementor-widget-text-editor\" data-id=\"ed3d4a7\" data-element_type=\"widget\" data-widget_type=\"text-editor.default\">\n\t\t\t\t<div class=\"elementor-widget-container\">\n\t\t\t<style>\/*! elementor - v3.20.0 - 26-03-2024 *\/\n.elementor-widget-text-editor.elementor-drop-cap-view-stacked .elementor-drop-cap{background-color:#69727d;color:#fff}.elementor-widget-text-editor.elementor-drop-cap-view-framed .elementor-drop-cap{color:#69727d;border:3px solid;background-color:transparent}.elementor-widget-text-editor:not(.elementor-drop-cap-view-default) .elementor-drop-cap{margin-top:8px}.elementor-widget-text-editor:not(.elementor-drop-cap-view-default) .elementor-drop-cap-letter{width:1em;height:1em}.elementor-widget-text-editor .elementor-drop-cap{float:left;text-align:center;line-height:1;font-size:50px}.elementor-widget-text-editor .elementor-drop-cap-letter{display:inline-block}<\/style>\t\t\t\t<ul class=\"country_list\"><li><a href=\"\/fr\/ressources\/obsolescence\" target=\"_blank\" rel=\"noopener\">Frankreich und Belgien<\/a><\/li><li><a href=\"\/en-gb\/resources\/obsolescence-policy\" target=\"_blank\" rel=\"noopener\">Vereinigtes K\u00f6nigreich, Irland, S\u00fcdafrika und andere Regionen<\/a><\/li><li><a href=\"\/resources\/obsolescence-policy\" target=\"_blank\" rel=\"noopener\">Nordamerika, S\u00fcdamerika, Australien und Neuseeland<\/a><\/li><\/ul>\t\t\t\t\t\t<\/div>\n\t\t\t\t<\/div>\n\t\t\t\t\t<\/div>\n\t\t<\/div>\n\t\t\t\t\t<\/div>\n\t\t<\/section>\n\t\t\t\t<section class=\"elementor-section elementor-top-section elementor-element elementor-element-2205ba3 elementor-section-boxed elementor-section-height-default elementor-section-height-default\" data-id=\"2205ba3\" data-element_type=\"section\">\n\t\t\t\t\t\t<div class=\"elementor-container elementor-column-gap-default\">\n\t\t\t\t\t<div class=\"elementor-column elementor-col-100 elementor-top-column elementor-element elementor-element-fa3b4b5\" data-id=\"fa3b4b5\" data-element_type=\"column\">\n\t\t\t<div class=\"elementor-widget-wrap elementor-element-populated\">\n\t\t\t\t\t\t<section class=\"elementor-section elementor-inner-section elementor-element elementor-element-cf5c1a0 elementor-section-boxed elementor-section-height-default elementor-section-height-default\" data-id=\"cf5c1a0\" data-element_type=\"section\">\n\t\t\t\t\t\t<div class=\"elementor-container elementor-column-gap-default\">\n\t\t\t\t\t<div class=\"elementor-column elementor-col-100 elementor-inner-column elementor-element elementor-element-89303ad\" data-id=\"89303ad\" data-element_type=\"column\">\n\t\t\t<div class=\"elementor-widget-wrap elementor-element-populated\">\n\t\t\t\t\t\t<div class=\"elementor-element elementor-element-ba7ba6b elementor-widget elementor-widget-heading\" data-id=\"ba7ba6b\" data-element_type=\"widget\" data-widget_type=\"heading.default\">\n\t\t\t\t<div class=\"elementor-widget-container\">\n\t\t\t<h2 class=\"elementor-heading-title elementor-size-default\">Obsoleszenz-Regelung f\u00fcr den Support<\/h2>\t\t<\/div>\n\t\t\t\t<\/div>\n\t\t\t\t<div class=\"elementor-element elementor-element-d5c3653 elementor-widget elementor-widget-text-editor\" data-id=\"d5c3653\" data-element_type=\"widget\" data-widget_type=\"text-editor.default\">\n\t\t\t\t<div class=\"elementor-widget-container\">\n\t\t\t\t\t\t\t<p>Die Act! Obsoleszenz-Regelung f\u00fcr den Support gilt f\u00fcr die aktuelle Version und bestimmte, vor kurzem ver\u00f6ffentlichte Act! Produkte.<\/p>\n<p>Die aktuelle Version erh\u00e4lt alle Funktionserweiterungen, Service-Pakete, Hotfixes, Sicherheitsverbesserungen und Kompatibilit\u00e4tsupdates. Andere unterst\u00fctzte Versionen erhalten diese Elemente ausschlie\u00dflich, um Probleme zu beheben, die m\u00f6glicherweise zu Datenverlust oder Datenbesch\u00e4digung aufgrund von Produktfehlern f\u00fchren, mit Ausnahme der von Drittparteien verursachten Besch\u00e4digungen oder aufgrund von Fahrl\u00e4ssigkeit des Benutzers.<\/p>\n<p>F\u00fcr nicht mehr unterst\u00fctzte Versionen erhalten Sie keine Updates und k\u00f6nnen daher keine Sicherheitsverbesserungen, Kompatibilit\u00e4tsupdates oder technischen Support in Anspruch nehmen.&nbsp;Der technische Support umfasst Installation, Registrierung, Aktivierung, Wartung, Konfiguration und andere von Act! angebotene Supportleistungen.<\/p>\n<p>Um technischen Support f\u00fcr eine unterst\u00fctze Version in Anspruch nehmen zu k\u00f6nnen, m\u00fcssen Sie \u00fcber ein aktives Abonnement verf\u00fcgen.<br><\/p>\t\t\t\t\t\t<\/div>\n\t\t\t\t<\/div>\n\t\t\t\t<div class=\"elementor-element elementor-element-65d4da7 elementor-widget elementor-widget-text-editor\" data-id=\"65d4da7\" data-element_type=\"widget\" data-widget_type=\"text-editor.default\">\n\t\t\t\t<div class=\"elementor-widget-container\">\n\t\t\t\t\t\t\t<p><strong>Wichtiger Hinweis zu einer Sicherheitsschwachstelle in Act!. F\u00fcr unterst\u00fctzte Versionen werden Updates zur Verf\u00fcgung gestellt. <a href=\"https:\/\/www.act.com\/de\/hinweise\/\"><span style=\"text-decoration: underline;\">Details und Anweisungen ansehen<\/span>.<\/a><\/strong><\/p>\t\t\t\t\t\t<\/div>\n\t\t\t\t<\/div>\n\t\t\t\t\t<\/div>\n\t\t<\/div>\n\t\t\t\t\t<\/div>\n\t\t<\/section>\n\t\t\t\t<div class=\"elementor-element elementor-element-f778445 elementor-widget elementor-widget-html\" data-id=\"f778445\" data-element_type=\"widget\" data-widget_type=\"html.default\">\n\t\t\t\t<div class=\"elementor-widget-container\">\n\t\t\t<table class=\"documentation\">\n    <tbody>\n      <tr>\n            <th>Act! Premium v25, Act! Growth Suite v25<\/th>\n            <td class=\"importantnotice\">Bis 31.07.25<\/td>\n        <\/tr>\n        <tr>\n            <th>Act! Premium v24, Act! Growth Suite v24<\/th>\n            <td class=\"importantnotice\">Bis 31.07.24<\/td>\n        <\/tr>\n        <tr>\n            <th>Act! Premium v23, Act! Growth Suite v23<p>Hinweis: Act! Premium Cloud Kunden (gehostet von Act!), die v23 nutzen, werden bis zum 31.12.23 unterst\u00fctzt.\n\n<\/P<\/p><\/th>\n            <td class=\"importantnotice\">Bis 31.07.23<\/td>\n        <\/tr>\n        <tr>\n            <th>Act! Premium v22, Act! Growth Suite v22&nbsp;<\/th>\n            <td class=\"importantnotice\">Bis 31.03.22<\/td>\n        <\/tr>\n        <tr class=\"even\">\n            <th>Act! Premium v21, Act! Growth Suite v21<\/th>\n            <td>Bis 30.11.21<\/td>\n        <\/tr>\n        <tr class=\"even\">\n            <th>Act! Pro v21, &amp; Act! Pro v22<\/th>\n            <td>Bis 30.11.21<\/td>\n        <\/tr>\n        <tr>\n            <th>Act! v20 Produkte<br>\n            <\/th>\n            <td>Bis 30.11.20<\/td>\n        <\/tr>\n        <tr class=\"even\">\n            <th>Act! v19 Produkte<\/th>\n            <td>Bis 30.11.19<\/td>\n        <\/tr>\n        <tr>\n            <th>Act! v18 Produkte<\/th>\n            <td>Bis 30.11.18<\/td>\n        <\/tr>\n        <tr class=\"even\">\n            <th> Act! v17 Produkte<br>\n            <\/th>\n            <td>Bis 30.11.17<\/td>\n        <\/tr>\n        <tr>\n            <th> Act! v16&nbsp;Produkte <\/th>\n            <td>Bis 31.03.17<\/td>\n        <\/tr>\n        <tr class=\"even\">\n            <th> Sage ACT! 2013 (15.x) Produkte <\/th>\n            <td>Bis 30.11.16 <\/td>\n        <\/tr>\n        <tr>\n            <th> Sage ACT! 2012 (14.x) Produkte<\/th>\n            <td>Bis 31.06.16<\/td>\n        <\/tr>\n        <tr class=\"even\">\n            <th>Sage ACT! 2011 (13.x) Produkte<\/th>\n            <td>Bis 30.09.15 <\/td>\n        <\/tr>\n        <tr>\n            <th> ACT! by Sage 2010 (12.x) Produkte<\/th>\n            <td>Bis 31.10.15 <\/td>\n        <\/tr>\n        <tr class=\"even\">\n            <th> ACT! by Sage 2009 (11.x)<\/th>\n            <td>Bis 31.10.13 <\/td>\n        <\/tr>\n        <tr>\n            <th> ACT! by Sage 2008 (10.x) Produkte<\/th>\n            <td>Bis 31.10.13 <\/td>\n        <\/tr>\n        <tr class=\"even\">\n            <th> ACT! by Sage 2007 (9.x) Produkte<\/th>\n            <td>Bis 31.10.13 <\/td>\n        <\/tr>\n        <tr>\n            <th>ACT! 2006 (8.x) Produkte<br>\n            <\/th>\n            <td>Bis 31.10.13 <\/td>\n        <\/tr>\n        <tr class=\"even\">\n            <th> ACT! 2005 (7.x) Produkte<br>\n            <\/th>\n            <td>Bis 31.10.13 <\/td>\n        <\/tr>\n        <tr>\n            <th> ACT! v6&nbsp;Produkte <\/th>\n            <td>Bis 30.09.08<\/td>\n        <\/tr>\n    <\/tbody>\n<\/table>\t\t<\/div>\n\t\t\t\t<\/div>\n\t\t\t\t\t<\/div>\n\t\t<\/div>\n\t\t\t\t\t<\/div>\n\t\t<\/section>\n\t\t\t\t<section class=\"elementor-section elementor-top-section elementor-element elementor-element-75e3e18c elementor-section-boxed elementor-section-height-default elementor-section-height-default\" data-id=\"75e3e18c\" data-element_type=\"section\" data-settings=\"{&quot;background_background&quot;:&quot;gradient&quot;}\">\n\t\t\t\t\t\t<div class=\"elementor-container elementor-column-gap-default\">\n\t\t\t\t\t<div class=\"elementor-column elementor-col-100 elementor-top-column elementor-element elementor-element-240a56cb\" data-id=\"240a56cb\" data-element_type=\"column\">\n\t\t\t<div class=\"elementor-widget-wrap elementor-element-populated\">\n\t\t\t\t\t\t<div class=\"elementor-element elementor-element-41783441 elementor-widget elementor-widget-heading\" data-id=\"41783441\" data-element_type=\"widget\" data-widget_type=\"heading.default\">\n\t\t\t\t<div class=\"elementor-widget-container\">\n\t\t\t<h2 class=\"elementor-heading-title elementor-size-default\">Gro\u00dfe Resultate. Geringe Investition.<\/h2>\t\t<\/div>\n\t\t\t\t<\/div>\n\t\t\t\t<div class=\"elementor-element elementor-element-54100817 elementor-widget elementor-widget-text-editor\" data-id=\"54100817\" data-element_type=\"widget\" data-widget_type=\"text-editor.default\">\n\t\t\t\t<div class=\"elementor-widget-container\">\n\t\t\t\t\t\t\t<p>Sind Sie bereit f\u00fcr den n\u00e4chsten Schritt in Richtung Wachstum?<\/p>\t\t\t\t\t\t<\/div>\n\t\t\t\t<\/div>\n\t\t\t\t<div class=\"elementor-element elementor-element-7a20adc2 elementor-align-center elementor-widget elementor-widget-button\" data-id=\"7a20adc2\" data-element_type=\"widget\" data-widget_type=\"button.default\">\n\t\t\t\t<div class=\"elementor-widget-container\">\n\t\t\t\t\t<div class=\"elementor-button-wrapper\">\n\t\t\t<a class=\"elementor-button elementor-button-link elementor-size-sm\" href=\"https:\/\/www.act.com\/de\/test\/act\/\" target=\"_blank\">\n\t\t\t\t\t\t<span class=\"elementor-button-content-wrapper\">\n\t\t\t\t\t\t<span class=\"elementor-button-text\">Act! kostenlos testen<\/span>\n\t\t<\/span>\n\t\t\t\t\t<\/a>\n\t\t<\/div>\n\t\t\t\t<\/div>\n\t\t\t\t<\/div>\n\t\t\t\t\t<\/div>\n\t\t<\/div>\n\t\t\t\t\t<\/div>\n\t\t<\/section>\n\t\t\t\t<\/div>\n\t\t","protected":false},"excerpt":{"rendered":"<p>Obsoleszenz-Regelungen Diese Regelungen gelten f\u00fcr Deutschland, \u00d6sterreich und die Schweiz. F\u00fcr andere Regionen gelten unterschiedliche Obsoleszenz-Regelungen. Frankreich und Belgien Vereinigtes K\u00f6nigreich, Irland, S\u00fcdafrika und andere Regionen Nordamerika, S\u00fcdamerika, Australien und Neuseeland Obsoleszenz-Regelung f\u00fcr den Support Die Act! Obsoleszenz-Regelung f\u00fcr den Support gilt f\u00fcr die aktuelle Version und bestimmte, vor kurzem ver\u00f6ffentlichte Act! Produkte. Die aktuelle [&hellip;]<\/p>\n","protected":false},"author":4,"featured_media":0,"parent":44079,"menu_order":0,"comment_status":"closed","ping_status":"closed","template":"elementor_header_footer","meta":{"_acf_changed":false,"content-type":"","inline_featured_image":false,"footnotes":""},"categories":[],"tags":[],"folder":[],"acf":[],"yoast_head":"<!-- This site is optimized with the Yoast SEO Premium plugin v22.2 (Yoast SEO v22.4) - https:\/\/yoast.com\/wordpress\/plugins\/seo\/ -->\n<title>Act! Obsoleszenz-Regelungen<\/title>\n<meta name=\"description\" content=\"Hier sehen Sie die Act! Obsoleszenz-Regelungen im \u00dcberblick.\" \/>\n<meta name=\"robots\" content=\"noindex, follow, max-snippet:-1, max-image-preview:large, max-video-preview:-1\" \/>\n<meta property=\"og:locale\" content=\"de_DE\" \/>\n<meta property=\"og:type\" content=\"article\" \/>\n<meta property=\"og:title\" content=\"Act! Obsolescence regulations\" \/>\n<meta property=\"og:description\" content=\"Hier sehen Sie die Act! Obsoleszenz-Regelungen im \u00dcberblick.\" \/>\n<meta property=\"og:url\" content=\"https:\/\/products.act.com\/de\/hilfsmittel\/obsoleszenz-regelungen\/\" \/>\n<meta property=\"og:site_name\" content=\"Act!\" \/>\n<meta property=\"article:modified_time\" content=\"2023-10-25T19:04:13+00:00\" \/>\n<meta name=\"twitter:card\" content=\"summary_large_image\" \/>\n<meta name=\"twitter:label1\" content=\"Est. reading time\" \/>\n\t<meta name=\"twitter:data1\" content=\"2 minutes\" \/>\n<script type=\"application\/ld+json\" class=\"yoast-schema-graph\">{\"@context\":\"https:\/\/schema.org\",\"@graph\":[{\"@type\":\"WebPage\",\"@id\":\"https:\/\/products.act.com\/de\/hilfsmittel\/obsoleszenz-regelungen\/\",\"url\":\"https:\/\/products.act.com\/de\/hilfsmittel\/obsoleszenz-regelungen\/\",\"name\":\"Act! Obsoleszenz-Regelungen\",\"isPartOf\":{\"@id\":\"https:\/\/products.act.com\/de\/#website\"},\"datePublished\":\"2022-01-07T09:52:14+00:00\",\"dateModified\":\"2023-10-25T19:04:13+00:00\",\"description\":\"Hier sehen Sie die Act! Obsoleszenz-Regelungen im \u00dcberblick.\",\"breadcrumb\":{\"@id\":\"https:\/\/products.act.com\/de\/hilfsmittel\/obsoleszenz-regelungen\/#breadcrumb\"},\"inLanguage\":\"de-DE\",\"potentialAction\":[{\"@type\":\"ReadAction\",\"target\":[\"https:\/\/products.act.com\/de\/hilfsmittel\/obsoleszenz-regelungen\/\"]}]},{\"@type\":\"BreadcrumbList\",\"@id\":\"https:\/\/products.act.com\/de\/hilfsmittel\/obsoleszenz-regelungen\/#breadcrumb\",\"itemListElement\":[{\"@type\":\"ListItem\",\"position\":1,\"name\":\"Home\",\"item\":\"https:\/\/products.act.com\/de\/\"},{\"@type\":\"ListItem\",\"position\":2,\"name\":\"Hilfsmittel\",\"item\":\"http:\/\/products.act.com\/de\/hilfsmittel\/\"},{\"@type\":\"ListItem\",\"position\":3,\"name\":\"Act! Obsolescence regulations\"}]},{\"@type\":\"WebSite\",\"@id\":\"https:\/\/products.act.com\/de\/#website\",\"url\":\"https:\/\/products.act.com\/de\/\",\"name\":\"Act!\",\"description\":\"CRM &amp; Marketing Automation in One\",\"publisher\":{\"@id\":\"https:\/\/products.act.com\/de\/#organization\"},\"potentialAction\":[{\"@type\":\"SearchAction\",\"target\":{\"@type\":\"EntryPoint\",\"urlTemplate\":\"https:\/\/products.act.com\/de\/?s={search_term_string}\"},\"query-input\":\"required name=search_term_string\"}],\"inLanguage\":\"de-DE\"},{\"@type\":\"Organization\",\"@id\":\"https:\/\/products.act.com\/de\/#organization\",\"name\":\"Act!\",\"url\":\"https:\/\/products.act.com\/de\/\",\"logo\":{\"@type\":\"ImageObject\",\"inLanguage\":\"de-DE\",\"@id\":\"https:\/\/products.act.com\/de\/#\/schema\/logo\/image\/\",\"url\":\"https:\/\/products.act.com\/wp-content\/uploads\/2021\/07\/logo_fe5000.png\",\"contentUrl\":\"https:\/\/products.act.com\/wp-content\/uploads\/2021\/07\/logo_fe5000.png\",\"width\":120,\"height\":120,\"caption\":\"Act!\"},\"image\":{\"@id\":\"https:\/\/products.act.com\/de\/#\/schema\/logo\/image\/\"}}]}<\/script>\n<!-- \/ Yoast SEO Premium plugin. -->","yoast_head_json":{"title":"Act! Obsoleszenz-Regelungen","description":"Hier sehen Sie die Act! Obsoleszenz-Regelungen im \u00dcberblick.","robots":{"index":"noindex","follow":"follow","max-snippet":"max-snippet:-1","max-image-preview":"max-image-preview:large","max-video-preview":"max-video-preview:-1"},"og_locale":"de_DE","og_type":"article","og_title":"Act! Obsolescence regulations","og_description":"Hier sehen Sie die Act! Obsoleszenz-Regelungen im \u00dcberblick.","og_url":"https:\/\/products.act.com\/de\/hilfsmittel\/obsoleszenz-regelungen\/","og_site_name":"Act!","article_modified_time":"2023-10-25T19:04:13+00:00","twitter_card":"summary_large_image","twitter_misc":{"Est. reading time":"2 minutes"},"schema":{"@context":"https:\/\/schema.org","@graph":[{"@type":"WebPage","@id":"https:\/\/products.act.com\/de\/hilfsmittel\/obsoleszenz-regelungen\/","url":"https:\/\/products.act.com\/de\/hilfsmittel\/obsoleszenz-regelungen\/","name":"Act! Obsoleszenz-Regelungen","isPartOf":{"@id":"https:\/\/products.act.com\/de\/#website"},"datePublished":"2022-01-07T09:52:14+00:00","dateModified":"2023-10-25T19:04:13+00:00","description":"Hier sehen Sie die Act! Obsoleszenz-Regelungen im \u00dcberblick.","breadcrumb":{"@id":"https:\/\/products.act.com\/de\/hilfsmittel\/obsoleszenz-regelungen\/#breadcrumb"},"inLanguage":"de-DE","potentialAction":[{"@type":"ReadAction","target":["https:\/\/products.act.com\/de\/hilfsmittel\/obsoleszenz-regelungen\/"]}]},{"@type":"BreadcrumbList","@id":"https:\/\/products.act.com\/de\/hilfsmittel\/obsoleszenz-regelungen\/#breadcrumb","itemListElement":[{"@type":"ListItem","position":1,"name":"Home","item":"https:\/\/products.act.com\/de\/"},{"@type":"ListItem","position":2,"name":"Hilfsmittel","item":"http:\/\/products.act.com\/de\/hilfsmittel\/"},{"@type":"ListItem","position":3,"name":"Act! Obsolescence regulations"}]},{"@type":"WebSite","@id":"https:\/\/products.act.com\/de\/#website","url":"https:\/\/products.act.com\/de\/","name":"Act!","description":"CRM &amp; Marketing Automation in One","publisher":{"@id":"https:\/\/products.act.com\/de\/#organization"},"potentialAction":[{"@type":"SearchAction","target":{"@type":"EntryPoint","urlTemplate":"https:\/\/products.act.com\/de\/?s={search_term_string}"},"query-input":"required name=search_term_string"}],"inLanguage":"de-DE"},{"@type":"Organization","@id":"https:\/\/products.act.com\/de\/#organization","name":"Act!","url":"https:\/\/products.act.com\/de\/","logo":{"@type":"ImageObject","inLanguage":"de-DE","@id":"https:\/\/products.act.com\/de\/#\/schema\/logo\/image\/","url":"https:\/\/products.act.com\/wp-content\/uploads\/2021\/07\/logo_fe5000.png","contentUrl":"https:\/\/products.act.com\/wp-content\/uploads\/2021\/07\/logo_fe5000.png","width":120,"height":120,"caption":"Act!"},"image":{"@id":"https:\/\/products.act.com\/de\/#\/schema\/logo\/image\/"}}]}},"_links":{"self":[{"href":"https:\/\/products.act.com\/de\/wp-json\/wp\/v2\/pages\/44362"}],"collection":[{"href":"https:\/\/products.act.com\/de\/wp-json\/wp\/v2\/pages"}],"about":[{"href":"https:\/\/products.act.com\/de\/wp-json\/wp\/v2\/types\/page"}],"author":[{"embeddable":true,"href":"https:\/\/products.act.com\/de\/wp-json\/wp\/v2\/users\/4"}],"replies":[{"embeddable":true,"href":"https:\/\/products.act.com\/de\/wp-json\/wp\/v2\/comments?post=44362"}],"version-history":[{"count":0,"href":"https:\/\/products.act.com\/de\/wp-json\/wp\/v2\/pages\/44362\/revisions"}],"up":[{"embeddable":true,"href":"https:\/\/products.act.com\/de\/wp-json\/wp\/v2\/pages\/44079"}],"wp:attachment":[{"href":"https:\/\/products.act.com\/de\/wp-json\/wp\/v2\/media?parent=44362"}],"wp:term":[{"taxonomy":"category","embeddable":true,"href":"https:\/\/products.act.com\/de\/wp-json\/wp\/v2\/categories?post=44362"},{"taxonomy":"post_tag","embeddable":true,"href":"https:\/\/products.act.com\/de\/wp-json\/wp\/v2\/tags?post=44362"},{"taxonomy":"folder","embeddable":true,"href":"https:\/\/products.act.com\/de\/wp-json\/wp\/v2\/folder?post=44362"}],"curies":[{"name":"wp","href":"https:\/\/api.w.org\/{rel}","templated":true}]}}