{"id":44350,"date":"2022-01-07T15:25:44","date_gmt":"2022-01-07T08:25:44","guid":{"rendered":"https:\/\/act.com\/?page_id=44350"},"modified":"2022-11-18T12:33:07","modified_gmt":"2022-11-18T19:33:07","slug":"erfolg","status":"publish","type":"page","link":"https:\/\/products.act.com\/de\/hilfsmittel\/kontakt\/erfolg\/","title":{"rendered":"Act! Kundensupport-Ticket &#8211;  Erfolg"},"content":{"rendered":"\t\t<div data-elementor-type=\"wp-page\" data-elementor-id=\"44350\" class=\"elementor elementor-44350\" data-elementor-post-type=\"page\">\n\t\t\t\t\t\t<section class=\"elementor-section elementor-top-section elementor-element elementor-element-5e9786a6 topSctGlb elementor-section-boxed elementor-section-height-default elementor-section-height-default\" data-id=\"5e9786a6\" data-element_type=\"section\" data-settings=\"{&quot;background_background&quot;:&quot;gradient&quot;}\">\n\t\t\t\t\t\t<div class=\"elementor-container elementor-column-gap-default\">\n\t\t\t\t\t<div class=\"elementor-column elementor-col-100 elementor-top-column elementor-element elementor-element-12f67e31\" data-id=\"12f67e31\" data-element_type=\"column\">\n\t\t\t<div class=\"elementor-widget-wrap elementor-element-populated\">\n\t\t\t\t\t\t<div class=\"elementor-element elementor-element-3abec7c0 elementor-widget elementor-widget-heading\" data-id=\"3abec7c0\" data-element_type=\"widget\" data-widget_type=\"heading.default\">\n\t\t\t\t<div class=\"elementor-widget-container\">\n\t\t\t<style>\/*! elementor - v3.20.0 - 26-03-2024 *\/\n.elementor-heading-title{padding:0;margin:0;line-height:1}.elementor-widget-heading .elementor-heading-title[class*=elementor-size-]>a{color:inherit;font-size:inherit;line-height:inherit}.elementor-widget-heading .elementor-heading-title.elementor-size-small{font-size:15px}.elementor-widget-heading .elementor-heading-title.elementor-size-medium{font-size:19px}.elementor-widget-heading .elementor-heading-title.elementor-size-large{font-size:29px}.elementor-widget-heading .elementor-heading-title.elementor-size-xl{font-size:39px}.elementor-widget-heading .elementor-heading-title.elementor-size-xxl{font-size:59px}<\/style><h2 class=\"elementor-heading-title elementor-size-default\">Erfolg!<\/h2>\t\t<\/div>\n\t\t\t\t<\/div>\n\t\t\t\t\t<\/div>\n\t\t<\/div>\n\t\t\t\t\t<\/div>\n\t\t<\/section>\n\t\t\t\t<section class=\"elementor-section elementor-top-section elementor-element elementor-element-7077fd22 elementor-section-boxed elementor-section-height-default elementor-section-height-default\" data-id=\"7077fd22\" data-element_type=\"section\">\n\t\t\t\t\t\t<div class=\"elementor-container elementor-column-gap-default\">\n\t\t\t\t\t<div class=\"elementor-column elementor-col-100 elementor-top-column elementor-element elementor-element-11064ca3\" data-id=\"11064ca3\" data-element_type=\"column\">\n\t\t\t<div class=\"elementor-widget-wrap elementor-element-populated\">\n\t\t\t\t\t\t<div class=\"elementor-element elementor-element-1cdfbe9b elementor-widget elementor-widget-text-editor\" data-id=\"1cdfbe9b\" data-element_type=\"widget\" data-widget_type=\"text-editor.default\">\n\t\t\t\t<div class=\"elementor-widget-container\">\n\t\t\t<style>\/*! elementor - v3.20.0 - 26-03-2024 *\/\n.elementor-widget-text-editor.elementor-drop-cap-view-stacked .elementor-drop-cap{background-color:#69727d;color:#fff}.elementor-widget-text-editor.elementor-drop-cap-view-framed .elementor-drop-cap{color:#69727d;border:3px solid;background-color:transparent}.elementor-widget-text-editor:not(.elementor-drop-cap-view-default) .elementor-drop-cap{margin-top:8px}.elementor-widget-text-editor:not(.elementor-drop-cap-view-default) .elementor-drop-cap-letter{width:1em;height:1em}.elementor-widget-text-editor .elementor-drop-cap{float:left;text-align:center;line-height:1;font-size:50px}.elementor-widget-text-editor .elementor-drop-cap-letter{display:inline-block}<\/style>\t\t\t\t<p>Vielen Dank, dass Sie ein Support-Ticket f\u00fcr das Act! Team eingereicht haben. Sie erhalten in K\u00fcrze eine Best\u00e4tigungsmail mit der Fall-ID und ein Mitglied unseres Support-Teams wird sich mit Ihnen in Verbindung setzen.<\/p>\t\t\t\t\t\t<\/div>\n\t\t\t\t<\/div>\n\t\t\t\t\t<\/div>\n\t\t<\/div>\n\t\t\t\t\t<\/div>\n\t\t<\/section>\n\t\t\t\t<section class=\"elementor-section elementor-top-section elementor-element elementor-element-485d192a elementor-section-boxed elementor-section-height-default elementor-section-height-default\" data-id=\"485d192a\" data-element_type=\"section\" data-settings=\"{&quot;background_background&quot;:&quot;gradient&quot;}\">\n\t\t\t\t\t\t<div class=\"elementor-container elementor-column-gap-default\">\n\t\t\t\t\t<div class=\"elementor-column elementor-col-100 elementor-top-column elementor-element elementor-element-6eeac5da\" data-id=\"6eeac5da\" data-element_type=\"column\">\n\t\t\t<div class=\"elementor-widget-wrap elementor-element-populated\">\n\t\t\t\t\t\t<div class=\"elementor-element elementor-element-2937cbf3 elementor-widget elementor-widget-heading\" data-id=\"2937cbf3\" data-element_type=\"widget\" data-widget_type=\"heading.default\">\n\t\t\t\t<div class=\"elementor-widget-container\">\n\t\t\t<h2 class=\"elementor-heading-title elementor-size-default\">Gro\u00dfe Resultate. Geringe Investition.<\/h2>\t\t<\/div>\n\t\t\t\t<\/div>\n\t\t\t\t<div class=\"elementor-element elementor-element-22630c06 elementor-widget elementor-widget-text-editor\" data-id=\"22630c06\" data-element_type=\"widget\" data-widget_type=\"text-editor.default\">\n\t\t\t\t<div class=\"elementor-widget-container\">\n\t\t\t\t\t\t\t<p>Sind Sie bereit f\u00fcr den n\u00e4chsten Schritt in Richtung Wachstum?<\/p>\t\t\t\t\t\t<\/div>\n\t\t\t\t<\/div>\n\t\t\t\t<div class=\"elementor-element elementor-element-4d28210a elementor-align-center elementor-widget elementor-widget-button\" data-id=\"4d28210a\" data-element_type=\"widget\" data-widget_type=\"button.default\">\n\t\t\t\t<div class=\"elementor-widget-container\">\n\t\t\t\t\t<div class=\"elementor-button-wrapper\">\n\t\t\t<a class=\"elementor-button elementor-button-link elementor-size-sm\" href=\"https:\/\/www.act.com\/de\/test\/act\/\" target=\"_blank\">\n\t\t\t\t\t\t<span class=\"elementor-button-content-wrapper\">\n\t\t\t\t\t\t<span class=\"elementor-button-text\">Act! kostenlos testen<\/span>\n\t\t<\/span>\n\t\t\t\t\t<\/a>\n\t\t<\/div>\n\t\t\t\t<\/div>\n\t\t\t\t<\/div>\n\t\t\t\t\t<\/div>\n\t\t<\/div>\n\t\t\t\t\t<\/div>\n\t\t<\/section>\n\t\t\t\t<\/div>\n\t\t","protected":false},"excerpt":{"rendered":"<p>Erfolg! Vielen Dank, dass Sie ein Support-Ticket f\u00fcr das Act! Team eingereicht haben. Sie erhalten in K\u00fcrze eine Best\u00e4tigungsmail mit der Fall-ID und ein Mitglied unseres Support-Teams wird sich mit Ihnen in Verbindung setzen. Gro\u00dfe Resultate. Geringe Investition. Sind Sie bereit f\u00fcr den n\u00e4chsten Schritt in Richtung Wachstum? Act! kostenlos testen<\/p>\n","protected":false},"author":4,"featured_media":0,"parent":44346,"menu_order":0,"comment_status":"closed","ping_status":"closed","template":"elementor_header_footer","meta":{"_acf_changed":false,"content-type":"","inline_featured_image":false,"footnotes":""},"categories":[],"tags":[],"folder":[],"acf":[],"yoast_head":"<!-- This site is optimized with the Yoast SEO Premium plugin v22.2 (Yoast SEO v22.4) - https:\/\/yoast.com\/wordpress\/plugins\/seo\/ -->\n<title>Act! Kundensupport-Ticket - Erfolg<\/title>\n<meta name=\"robots\" content=\"noindex, follow, max-snippet:-1, max-image-preview:large, max-video-preview:-1\" \/>\n<meta property=\"og:locale\" content=\"de_DE\" \/>\n<meta property=\"og:type\" content=\"article\" \/>\n<meta property=\"og:title\" content=\"Act! Kundensupport-Ticket - Erfolg\" \/>\n<meta property=\"og:description\" content=\"Erfolg! Vielen Dank, dass Sie ein Support-Ticket f\u00fcr das Act! Team eingereicht haben. Sie erhalten in K\u00fcrze eine Best\u00e4tigungsmail mit der Fall-ID und ein Mitglied unseres Support-Teams wird sich mit Ihnen in Verbindung setzen. Gro\u00dfe Resultate. Geringe Investition. Sind Sie bereit f\u00fcr den n\u00e4chsten Schritt in Richtung Wachstum? Act! kostenlos testen\" \/>\n<meta property=\"og:url\" content=\"https:\/\/products.act.com\/de\/hilfsmittel\/kontakt\/erfolg\/\" \/>\n<meta property=\"og:site_name\" content=\"Act!\" \/>\n<meta property=\"article:modified_time\" content=\"2022-11-18T19:33:07+00:00\" \/>\n<meta name=\"twitter:card\" content=\"summary_large_image\" \/>\n<meta name=\"twitter:label1\" content=\"Est. reading time\" \/>\n\t<meta name=\"twitter:data1\" content=\"1 minute\" \/>\n<script type=\"application\/ld+json\" class=\"yoast-schema-graph\">{\"@context\":\"https:\/\/schema.org\",\"@graph\":[{\"@type\":\"WebPage\",\"@id\":\"https:\/\/products.act.com\/de\/hilfsmittel\/kontakt\/erfolg\/\",\"url\":\"https:\/\/products.act.com\/de\/hilfsmittel\/kontakt\/erfolg\/\",\"name\":\"Act! Kundensupport-Ticket - Erfolg\",\"isPartOf\":{\"@id\":\"https:\/\/products.act.com\/de\/#website\"},\"datePublished\":\"2022-01-07T08:25:44+00:00\",\"dateModified\":\"2022-11-18T19:33:07+00:00\",\"breadcrumb\":{\"@id\":\"https:\/\/products.act.com\/de\/hilfsmittel\/kontakt\/erfolg\/#breadcrumb\"},\"inLanguage\":\"de-DE\",\"potentialAction\":[{\"@type\":\"ReadAction\",\"target\":[\"https:\/\/products.act.com\/de\/hilfsmittel\/kontakt\/erfolg\/\"]}]},{\"@type\":\"BreadcrumbList\",\"@id\":\"https:\/\/products.act.com\/de\/hilfsmittel\/kontakt\/erfolg\/#breadcrumb\",\"itemListElement\":[{\"@type\":\"ListItem\",\"position\":1,\"name\":\"Home\",\"item\":\"https:\/\/products.act.com\/de\/\"},{\"@type\":\"ListItem\",\"position\":2,\"name\":\"Hilfsmittel\",\"item\":\"http:\/\/products.act.com\/de\/hilfsmittel\/\"},{\"@type\":\"ListItem\",\"position\":3,\"name\":\"Act! Kundensupport-Ticket\",\"item\":\"http:\/\/products.act.com\/de\/hilfsmittel\/kontakt\/\"},{\"@type\":\"ListItem\",\"position\":4,\"name\":\"Act! Kundensupport-Ticket &#8211; Erfolg\"}]},{\"@type\":\"WebSite\",\"@id\":\"https:\/\/products.act.com\/de\/#website\",\"url\":\"https:\/\/products.act.com\/de\/\",\"name\":\"Act!\",\"description\":\"CRM &amp; Marketing Automation in One\",\"publisher\":{\"@id\":\"https:\/\/products.act.com\/de\/#organization\"},\"potentialAction\":[{\"@type\":\"SearchAction\",\"target\":{\"@type\":\"EntryPoint\",\"urlTemplate\":\"https:\/\/products.act.com\/de\/?s={search_term_string}\"},\"query-input\":\"required name=search_term_string\"}],\"inLanguage\":\"de-DE\"},{\"@type\":\"Organization\",\"@id\":\"https:\/\/products.act.com\/de\/#organization\",\"name\":\"Act!\",\"url\":\"https:\/\/products.act.com\/de\/\",\"logo\":{\"@type\":\"ImageObject\",\"inLanguage\":\"de-DE\",\"@id\":\"https:\/\/products.act.com\/de\/#\/schema\/logo\/image\/\",\"url\":\"https:\/\/products.act.com\/wp-content\/uploads\/2021\/07\/logo_fe5000.png\",\"contentUrl\":\"https:\/\/products.act.com\/wp-content\/uploads\/2021\/07\/logo_fe5000.png\",\"width\":120,\"height\":120,\"caption\":\"Act!\"},\"image\":{\"@id\":\"https:\/\/products.act.com\/de\/#\/schema\/logo\/image\/\"}}]}<\/script>\n<!-- \/ Yoast SEO Premium plugin. -->","yoast_head_json":{"title":"Act! Kundensupport-Ticket - Erfolg","robots":{"index":"noindex","follow":"follow","max-snippet":"max-snippet:-1","max-image-preview":"max-image-preview:large","max-video-preview":"max-video-preview:-1"},"og_locale":"de_DE","og_type":"article","og_title":"Act! Kundensupport-Ticket - Erfolg","og_description":"Erfolg! Vielen Dank, dass Sie ein Support-Ticket f\u00fcr das Act! Team eingereicht haben. Sie erhalten in K\u00fcrze eine Best\u00e4tigungsmail mit der Fall-ID und ein Mitglied unseres Support-Teams wird sich mit Ihnen in Verbindung setzen. Gro\u00dfe Resultate. Geringe Investition. Sind Sie bereit f\u00fcr den n\u00e4chsten Schritt in Richtung Wachstum? Act! kostenlos testen","og_url":"https:\/\/products.act.com\/de\/hilfsmittel\/kontakt\/erfolg\/","og_site_name":"Act!","article_modified_time":"2022-11-18T19:33:07+00:00","twitter_card":"summary_large_image","twitter_misc":{"Est. reading time":"1 minute"},"schema":{"@context":"https:\/\/schema.org","@graph":[{"@type":"WebPage","@id":"https:\/\/products.act.com\/de\/hilfsmittel\/kontakt\/erfolg\/","url":"https:\/\/products.act.com\/de\/hilfsmittel\/kontakt\/erfolg\/","name":"Act! Kundensupport-Ticket - Erfolg","isPartOf":{"@id":"https:\/\/products.act.com\/de\/#website"},"datePublished":"2022-01-07T08:25:44+00:00","dateModified":"2022-11-18T19:33:07+00:00","breadcrumb":{"@id":"https:\/\/products.act.com\/de\/hilfsmittel\/kontakt\/erfolg\/#breadcrumb"},"inLanguage":"de-DE","potentialAction":[{"@type":"ReadAction","target":["https:\/\/products.act.com\/de\/hilfsmittel\/kontakt\/erfolg\/"]}]},{"@type":"BreadcrumbList","@id":"https:\/\/products.act.com\/de\/hilfsmittel\/kontakt\/erfolg\/#breadcrumb","itemListElement":[{"@type":"ListItem","position":1,"name":"Home","item":"https:\/\/products.act.com\/de\/"},{"@type":"ListItem","position":2,"name":"Hilfsmittel","item":"http:\/\/products.act.com\/de\/hilfsmittel\/"},{"@type":"ListItem","position":3,"name":"Act! Kundensupport-Ticket","item":"http:\/\/products.act.com\/de\/hilfsmittel\/kontakt\/"},{"@type":"ListItem","position":4,"name":"Act! Kundensupport-Ticket &#8211; Erfolg"}]},{"@type":"WebSite","@id":"https:\/\/products.act.com\/de\/#website","url":"https:\/\/products.act.com\/de\/","name":"Act!","description":"CRM &amp; Marketing Automation in One","publisher":{"@id":"https:\/\/products.act.com\/de\/#organization"},"potentialAction":[{"@type":"SearchAction","target":{"@type":"EntryPoint","urlTemplate":"https:\/\/products.act.com\/de\/?s={search_term_string}"},"query-input":"required name=search_term_string"}],"inLanguage":"de-DE"},{"@type":"Organization","@id":"https:\/\/products.act.com\/de\/#organization","name":"Act!","url":"https:\/\/products.act.com\/de\/","logo":{"@type":"ImageObject","inLanguage":"de-DE","@id":"https:\/\/products.act.com\/de\/#\/schema\/logo\/image\/","url":"https:\/\/products.act.com\/wp-content\/uploads\/2021\/07\/logo_fe5000.png","contentUrl":"https:\/\/products.act.com\/wp-content\/uploads\/2021\/07\/logo_fe5000.png","width":120,"height":120,"caption":"Act!"},"image":{"@id":"https:\/\/products.act.com\/de\/#\/schema\/logo\/image\/"}}]}},"_links":{"self":[{"href":"https:\/\/products.act.com\/de\/wp-json\/wp\/v2\/pages\/44350"}],"collection":[{"href":"https:\/\/products.act.com\/de\/wp-json\/wp\/v2\/pages"}],"about":[{"href":"https:\/\/products.act.com\/de\/wp-json\/wp\/v2\/types\/page"}],"author":[{"embeddable":true,"href":"https:\/\/products.act.com\/de\/wp-json\/wp\/v2\/users\/4"}],"replies":[{"embeddable":true,"href":"https:\/\/products.act.com\/de\/wp-json\/wp\/v2\/comments?post=44350"}],"version-history":[{"count":0,"href":"https:\/\/products.act.com\/de\/wp-json\/wp\/v2\/pages\/44350\/revisions"}],"up":[{"embeddable":true,"href":"https:\/\/products.act.com\/de\/wp-json\/wp\/v2\/pages\/44346"}],"wp:attachment":[{"href":"https:\/\/products.act.com\/de\/wp-json\/wp\/v2\/media?parent=44350"}],"wp:term":[{"taxonomy":"category","embeddable":true,"href":"https:\/\/products.act.com\/de\/wp-json\/wp\/v2\/categories?post=44350"},{"taxonomy":"post_tag","embeddable":true,"href":"https:\/\/products.act.com\/de\/wp-json\/wp\/v2\/tags?post=44350"},{"taxonomy":"folder","embeddable":true,"href":"https:\/\/products.act.com\/de\/wp-json\/wp\/v2\/folder?post=44350"}],"curies":[{"name":"wp","href":"https:\/\/api.w.org\/{rel}","templated":true}]}}