{"id":44315,"date":"2022-01-07T13:26:21","date_gmt":"2022-01-07T06:26:21","guid":{"rendered":"https:\/\/act.com\/?page_id=44315"},"modified":"2023-09-06T11:17:30","modified_gmt":"2023-09-06T18:17:30","slug":"act-v22-downloads","status":"publish","type":"page","link":"https:\/\/products.act.com\/de\/hilfsmittel\/downloads\/act-v22-downloads\/","title":{"rendered":"Act! v22 Downloads | Deutsch"},"content":{"rendered":"\t\t<div data-elementor-type=\"wp-page\" data-elementor-id=\"44315\" class=\"elementor elementor-44315\" data-elementor-post-type=\"page\">\n\t\t\t\t\t\t<section class=\"elementor-section elementor-top-section elementor-element elementor-element-72607e89 topSctGlb elementor-section-boxed elementor-section-height-default elementor-section-height-default\" data-id=\"72607e89\" data-element_type=\"section\" data-settings=\"{&quot;background_background&quot;:&quot;gradient&quot;}\">\n\t\t\t\t\t\t\t<div class=\"elementor-background-overlay\"><\/div>\n\t\t\t\t\t\t\t<div class=\"elementor-container elementor-column-gap-default\">\n\t\t\t\t\t<div class=\"elementor-column elementor-col-100 elementor-top-column elementor-element elementor-element-53c769ed\" data-id=\"53c769ed\" data-element_type=\"column\" data-settings=\"{&quot;background_background&quot;:&quot;classic&quot;}\">\n\t\t\t<div class=\"elementor-widget-wrap elementor-element-populated\">\n\t\t\t\t\t\t<section class=\"elementor-section elementor-inner-section elementor-element elementor-element-2fdd3acb elementor-section-boxed elementor-section-height-default elementor-section-height-default\" data-id=\"2fdd3acb\" data-element_type=\"section\">\n\t\t\t\t\t\t<div class=\"elementor-container elementor-column-gap-default\">\n\t\t\t\t\t<div class=\"elementor-column elementor-col-100 elementor-inner-column elementor-element elementor-element-52cb4070\" data-id=\"52cb4070\" data-element_type=\"column\">\n\t\t\t<div class=\"elementor-widget-wrap elementor-element-populated\">\n\t\t\t\t\t\t<div class=\"elementor-element elementor-element-68922845 elementor-widget elementor-widget-heading\" data-id=\"68922845\" data-element_type=\"widget\" data-widget_type=\"heading.default\">\n\t\t\t\t<div class=\"elementor-widget-container\">\n\t\t\t<style>\/*! elementor - v3.20.0 - 26-03-2024 *\/\n.elementor-heading-title{padding:0;margin:0;line-height:1}.elementor-widget-heading .elementor-heading-title[class*=elementor-size-]>a{color:inherit;font-size:inherit;line-height:inherit}.elementor-widget-heading .elementor-heading-title.elementor-size-small{font-size:15px}.elementor-widget-heading .elementor-heading-title.elementor-size-medium{font-size:19px}.elementor-widget-heading .elementor-heading-title.elementor-size-large{font-size:29px}.elementor-widget-heading .elementor-heading-title.elementor-size-xl{font-size:39px}.elementor-widget-heading .elementor-heading-title.elementor-size-xxl{font-size:59px}<\/style><h1 class=\"elementor-heading-title elementor-size-default\">Act! v22 Produkt-Downloads (Deutsch)<\/h1>\t\t<\/div>\n\t\t\t\t<\/div>\n\t\t\t\t\t<\/div>\n\t\t<\/div>\n\t\t\t\t\t<\/div>\n\t\t<\/section>\n\t\t\t\t\t<\/div>\n\t\t<\/div>\n\t\t\t\t\t<\/div>\n\t\t<\/section>\n\t\t\t\t<section class=\"elementor-section elementor-top-section elementor-element elementor-element-13d92997 elementor-section-boxed elementor-section-height-default elementor-section-height-default\" data-id=\"13d92997\" data-element_type=\"section\">\n\t\t\t\t\t\t<div class=\"elementor-container elementor-column-gap-default\">\n\t\t\t\t\t<div class=\"elementor-column elementor-col-100 elementor-top-column elementor-element elementor-element-7f15277a\" data-id=\"7f15277a\" data-element_type=\"column\">\n\t\t\t<div class=\"elementor-widget-wrap elementor-element-populated\">\n\t\t\t\t\t\t<div class=\"elementor-element elementor-element-3752f6df elementor-hidden-desktop elementor-hidden-tablet elementor-hidden-mobile elementor-widget elementor-widget-breadcrumbs\" data-id=\"3752f6df\" data-element_type=\"widget\" data-widget_type=\"breadcrumbs.default\">\n\t\t\t\t<div class=\"elementor-widget-container\">\n\t\t\t<link rel=\"stylesheet\" href=\"https:\/\/products.act.com\/wp-content\/plugins\/elementor-pro\/assets\/css\/widget-theme-elements.min.css\"><p id=\"breadcrumbs\"><span><span><a href=\"https:\/\/products.act.com\/de\/\">Home<\/a><\/span><\/span><\/p>\t\t<\/div>\n\t\t\t\t<\/div>\n\t\t\t\t<div class=\"elementor-element elementor-element-7af1b74e elementor-widget elementor-widget-text-editor\" data-id=\"7af1b74e\" data-element_type=\"widget\" data-widget_type=\"text-editor.default\">\n\t\t\t\t<div class=\"elementor-widget-container\">\n\t\t\t<style>\/*! elementor - v3.20.0 - 26-03-2024 *\/\n.elementor-widget-text-editor.elementor-drop-cap-view-stacked .elementor-drop-cap{background-color:#69727d;color:#fff}.elementor-widget-text-editor.elementor-drop-cap-view-framed .elementor-drop-cap{color:#69727d;border:3px solid;background-color:transparent}.elementor-widget-text-editor:not(.elementor-drop-cap-view-default) .elementor-drop-cap{margin-top:8px}.elementor-widget-text-editor:not(.elementor-drop-cap-view-default) .elementor-drop-cap-letter{width:1em;height:1em}.elementor-widget-text-editor .elementor-drop-cap{float:left;text-align:center;line-height:1;font-size:50px}.elementor-widget-text-editor .elementor-drop-cap-letter{display:inline-block}<\/style>\t\t\t\t<p><strong>Hinweis:<\/strong>\u00a0Die Hotfixes f\u00fcr Act! v22 gelten f\u00fcr die Act! Growth Suite, Act! in the Cloud und Act! Pro Versionen der Software. Updates sind kumulativ; installieren Sie einfach die neueste Aktualisierungsdatei, um Ihre Kopie von Act! auf den neuesten Stand zu bringen.<\/p><p><strong>Hinweis: Einige Outlook-Integrationsfunktionen, die in fr\u00fcheren Versionen von Act! verf\u00fcgbar waren, sind in Act! v22.1 nicht mehr enthalten:<\/strong>\u00a0Bitte lesen Sie\u00a0<a href=\"https:\/\/help.act.com\/login?startURL=%2Fhc%2Fde%2Farticles%2F360050478694%3F_ga%3D2.23585914.1320094036.1668620118-27862068.1668620118%26_gac%3D1.15284932.1667330538.CjwKCAjwh4ObBhAzEiwAHzZYU5ezeZQgPWcvx_i-jecG-yqJ9TGe-lrR4MoP5zgYBMMZSR1vAbGAGBoCU8AQAvD_BwE\/\" target=\"_blank\" rel=\"noopener\">folgenden Artikel<\/a>\u00a0f\u00fcr zus\u00e4tzliche Informationen und Anweisungen, falls Sie von einer fr\u00fcheren Version von Act! upgraden m\u00f6chten, und bevor Sie Act! v22.1 installieren. Bei Fragen wenden Sie sich bitte an unser\u00a0<a href=\"\/de\/kontakt\/\" target=\"_blank\" rel=\"noopener\">Support-Team<\/a>.<\/p>\t\t\t\t\t\t<\/div>\n\t\t\t\t<\/div>\n\t\t\t\t<div class=\"elementor-element elementor-element-e5ed4c7 elementor-widget elementor-widget-heading\" data-id=\"e5ed4c7\" data-element_type=\"widget\" data-widget_type=\"heading.default\">\n\t\t\t\t<div class=\"elementor-widget-container\">\n\t\t\t<h2 class=\"elementor-heading-title elementor-size-default\">Updates<\/h2>\t\t<\/div>\n\t\t\t\t<\/div>\n\t\t\t\t<div class=\"elementor-element elementor-element-716861b6 elementor-widget elementor-widget-text-editor\" data-id=\"716861b6\" data-element_type=\"widget\" data-widget_type=\"text-editor.default\">\n\t\t\t\t<div class=\"elementor-widget-container\">\n\t\t\t\t\t\t\t<p>Wenn Sie die Act! Software auf Windows Vista oder Windows Server 2008 verwenden, klicken Sie bitte\u00a0folgenden Link\u00a0um das Update zu installieren, das Installationen die mit SHA2-Typ Zertifikaten signiert sind, unterst\u00fctzt.<\/p>\t\t\t\t\t\t<\/div>\n\t\t\t\t<\/div>\n\t\t\t\t<div class=\"elementor-element elementor-element-767e0c5b elementor-widget elementor-widget-html\" data-id=\"767e0c5b\" data-element_type=\"widget\" data-widget_type=\"html.default\">\n\t\t\t\t<div class=\"elementor-widget-container\">\n\t\t\t<table class=\"downloadTable\" cellpadding=\"0\" cellspacing=\"0\" border=\"0\">\n        <tbody><tr>\n          <th>Datum<\/th>\n          <th>Bezeichnung<\/th>\n          <th>Dateiname<\/th>\n          <th>Dateigr\u00f6\u00dfe<\/th>\n          <th><\/th>\n        <\/tr>\n       \n        <tr>\n          <td>28.04.2022<\/td>\n          <td>Act! v22.1 Update 5<\/td>\n          <td>act2210update5.exe<\/td>\n          <td>107 MB<\/td>\n            <td><a href=\"https:\/\/cdn.updates.swiftpage.act.com\/updates\/22.1\/act2210update5.exe\" class=\"button btnDefault\">Download<\/a><\/td>\n      \t<\/tr>\n            \n        <tr>\n          <td>21.08.2020<\/td>\n          <td>Act! v22.1 Update 4<\/td>\n          <td>act2210update4.exe<\/td>\n          <td>101 MB<\/td>\n            <td><a href=\"https:\/\/CDN.updates.swiftpage.act.com\/updates\/22.1\/act2210update4.exe\"><span class=\"button btnDefault\">Download<\/span><\/a><\/td>\n      \t<\/tr>\n    \n        <tr>\n          <td>10.07.2020<\/td>\n          <td>Act! v22.1 Update 3<\/td>\n          <td>act2210update3.exe<\/td>\n          <td>35.4 MB<\/td>\n            <td><a href=\"https:\/\/cdn.updates.swiftpage.act.com\/updates\/22.1\/act2210update3.exe\"><span class=\"button btnDefault\">Download<\/span><\/a><\/td>\n      \t<\/tr>\n    \n        <tr>\n          <td>16.06.2020<\/td>\n          <td>Act! v22.1 Update 2<\/td>\n          <td>act2210update2.exe<\/td>\n          <td>35.2 MB<\/td>\n            <td><a href=\"https:\/\/cdn.updates.swiftpage.act.com\/updates\/22.1\/act2210update2.exe\"><span class=\"button btnDefault\">Download<\/span><\/a><\/td>\n      \t<\/tr>\n    \n        <tr>\n          <td>03.06.2020<\/td>\n          <td>Act! v22.1 Update 1<\/td>\n          <td>act2210update1.exe<\/td>\n          <td>13.3 MB<\/td>\n            <td><a href=\"https:\/\/CDN.updates.swiftpage.act.com\/updates\/22.1\/act2210update1.exe\"><span class=\"button btnDefault\">Download<\/span><\/a><\/td>\n      \t<\/tr>\n    \n        <tr>\n          <td>03.03.2020<\/td>\n          <td>Act! v22 Update 4<\/td>\n          <td>act2200update4.exe<\/td>\n          <td>158 MB<\/td>\n            <td><a href=\"https:\/\/cdn.updates.swiftpage.act.com\/updates\/22.0\/act2200update4.exe\"><span class=\"button btnDefault\">Download<\/span><\/a><\/td>\n      \t<\/tr>\n    \n        <tr>\n          <td>20.01.2020<\/td>\n          <td>Act! v22 Update 3<\/td>\n          <td>act2200update3.exe<\/td>\n          <td>150 MB<\/td>\n            <td><a href=\"https:\/\/CDN.updates.swiftpage.act.com\/updates\/22.0\/act2200update3.exe\"><span class=\"button btnDefault\">Download<\/span><\/a><\/td>\n      \t<\/tr>\n    \n        <tr>\n          <td>06.12.2019<\/td>\n          <td>Act! v22 Update 2<\/td>\n          <td>act2200update2.exe<\/td>\n          <td>83 MB<\/td>\n            <td><a href=\"https:\/\/cdn.updates.swiftpage.act.com\/updates\/22.0\/act2200update2.exe\"><span class=\"button btnDefault\">Download<\/span><\/a><\/td>\n      \t<\/tr>\n    \n        <tr>\n          <td>04.12.2019<\/td>\n          <td>Act! v22 Update 1<\/td>\n          <td>act2200update1.exe<\/td>\n          <td>66 MB<\/td>\n            <td><a href=\"https:\/\/cdn.updates.swiftpage.act.com\/updates\/22.0\/act2200update1.exe\"><span class=\"button btnDefault\">Download<\/span><\/a><\/td>\n      \t<\/tr>\n    \n      <\/tbody><\/table>\t\t<\/div>\n\t\t\t\t<\/div>\n\t\t\t\t\t<\/div>\n\t\t<\/div>\n\t\t\t\t\t<\/div>\n\t\t<\/section>\n\t\t\t\t<\/div>\n\t\t","protected":false},"excerpt":{"rendered":"<p>Act! v22 Produkt-Downloads (Deutsch) Hinweis:\u00a0Die Hotfixes f\u00fcr Act! v22 gelten f\u00fcr die Act! Growth Suite, Act! in the Cloud und Act! Pro Versionen der Software. Updates sind kumulativ; installieren Sie einfach die neueste Aktualisierungsdatei, um Ihre Kopie von Act! auf den neuesten Stand zu bringen. Hinweis: Einige Outlook-Integrationsfunktionen, die in fr\u00fcheren Versionen von Act! verf\u00fcgbar [&hellip;]<\/p>\n","protected":false},"author":4,"featured_media":0,"parent":44203,"menu_order":0,"comment_status":"closed","ping_status":"closed","template":"elementor_header_footer","meta":{"_acf_changed":false,"content-type":"","inline_featured_image":false,"footnotes":""},"categories":[],"tags":[],"folder":[],"acf":[],"yoast_head":"<!-- This site is optimized with the Yoast SEO Premium plugin v22.2 (Yoast SEO v22.4) - https:\/\/yoast.com\/wordpress\/plugins\/seo\/ -->\n<title>Act! v22 Downloads | Deutsch<\/title>\n<meta name=\"description\" content=\"Laden Sie hier Ihre Act! Premium v21 CRM Software herunter heute.\" \/>\n<meta name=\"robots\" content=\"noindex, follow, max-snippet:-1, max-image-preview:large, max-video-preview:-1\" \/>\n<meta property=\"og:locale\" content=\"de_DE\" \/>\n<meta property=\"og:type\" content=\"article\" \/>\n<meta property=\"og:title\" content=\"Act! v22 Downloads | Deutsch\" \/>\n<meta property=\"og:description\" content=\"Laden Sie hier Ihre Act! Premium v21 CRM Software herunter heute.\" \/>\n<meta property=\"og:url\" content=\"https:\/\/products.act.com\/de\/hilfsmittel\/downloads\/act-v22-downloads\/\" \/>\n<meta property=\"og:site_name\" content=\"Act!\" \/>\n<meta property=\"article:modified_time\" content=\"2023-09-06T18:17:30+00:00\" \/>\n<meta name=\"twitter:card\" content=\"summary_large_image\" \/>\n<meta name=\"twitter:label1\" content=\"Est. reading time\" \/>\n\t<meta name=\"twitter:data1\" content=\"2 minutes\" \/>\n<script type=\"application\/ld+json\" class=\"yoast-schema-graph\">{\"@context\":\"https:\/\/schema.org\",\"@graph\":[{\"@type\":\"WebPage\",\"@id\":\"https:\/\/products.act.com\/de\/hilfsmittel\/downloads\/act-v22-downloads\/\",\"url\":\"https:\/\/products.act.com\/de\/hilfsmittel\/downloads\/act-v22-downloads\/\",\"name\":\"Act! v22 Downloads | Deutsch\",\"isPartOf\":{\"@id\":\"https:\/\/products.act.com\/de\/#website\"},\"datePublished\":\"2022-01-07T06:26:21+00:00\",\"dateModified\":\"2023-09-06T18:17:30+00:00\",\"description\":\"Laden Sie hier Ihre Act! Premium v21 CRM Software herunter heute.\",\"breadcrumb\":{\"@id\":\"https:\/\/products.act.com\/de\/hilfsmittel\/downloads\/act-v22-downloads\/#breadcrumb\"},\"inLanguage\":\"de-DE\",\"potentialAction\":[{\"@type\":\"ReadAction\",\"target\":[\"https:\/\/products.act.com\/de\/hilfsmittel\/downloads\/act-v22-downloads\/\"]}]},{\"@type\":\"BreadcrumbList\",\"@id\":\"https:\/\/products.act.com\/de\/hilfsmittel\/downloads\/act-v22-downloads\/#breadcrumb\",\"itemListElement\":[{\"@type\":\"ListItem\",\"position\":1,\"name\":\"Home\",\"item\":\"https:\/\/products.act.com\/de\/\"},{\"@type\":\"ListItem\",\"position\":2,\"name\":\"Hilfsmittel\",\"item\":\"http:\/\/products.act.com\/de\/hilfsmittel\/\"},{\"@type\":\"ListItem\",\"position\":3,\"name\":\"Act! Premium | Downloads Deutsch\",\"item\":\"http:\/\/products.act.com\/de\/resources\/downloads\/\"},{\"@type\":\"ListItem\",\"position\":4,\"name\":\"Act! v22 Downloads | Deutsch\"}]},{\"@type\":\"WebSite\",\"@id\":\"https:\/\/products.act.com\/de\/#website\",\"url\":\"https:\/\/products.act.com\/de\/\",\"name\":\"Act!\",\"description\":\"CRM &amp; Marketing Automation in One\",\"publisher\":{\"@id\":\"https:\/\/products.act.com\/de\/#organization\"},\"potentialAction\":[{\"@type\":\"SearchAction\",\"target\":{\"@type\":\"EntryPoint\",\"urlTemplate\":\"https:\/\/products.act.com\/de\/?s={search_term_string}\"},\"query-input\":\"required name=search_term_string\"}],\"inLanguage\":\"de-DE\"},{\"@type\":\"Organization\",\"@id\":\"https:\/\/products.act.com\/de\/#organization\",\"name\":\"Act!\",\"url\":\"https:\/\/products.act.com\/de\/\",\"logo\":{\"@type\":\"ImageObject\",\"inLanguage\":\"de-DE\",\"@id\":\"https:\/\/products.act.com\/de\/#\/schema\/logo\/image\/\",\"url\":\"https:\/\/products.act.com\/wp-content\/uploads\/2021\/07\/logo_fe5000.png\",\"contentUrl\":\"https:\/\/products.act.com\/wp-content\/uploads\/2021\/07\/logo_fe5000.png\",\"width\":120,\"height\":120,\"caption\":\"Act!\"},\"image\":{\"@id\":\"https:\/\/products.act.com\/de\/#\/schema\/logo\/image\/\"}}]}<\/script>\n<!-- \/ Yoast SEO Premium plugin. -->","yoast_head_json":{"title":"Act! v22 Downloads | Deutsch","description":"Laden Sie hier Ihre Act! Premium v21 CRM Software herunter heute.","robots":{"index":"noindex","follow":"follow","max-snippet":"max-snippet:-1","max-image-preview":"max-image-preview:large","max-video-preview":"max-video-preview:-1"},"og_locale":"de_DE","og_type":"article","og_title":"Act! v22 Downloads | Deutsch","og_description":"Laden Sie hier Ihre Act! Premium v21 CRM Software herunter heute.","og_url":"https:\/\/products.act.com\/de\/hilfsmittel\/downloads\/act-v22-downloads\/","og_site_name":"Act!","article_modified_time":"2023-09-06T18:17:30+00:00","twitter_card":"summary_large_image","twitter_misc":{"Est. reading time":"2 minutes"},"schema":{"@context":"https:\/\/schema.org","@graph":[{"@type":"WebPage","@id":"https:\/\/products.act.com\/de\/hilfsmittel\/downloads\/act-v22-downloads\/","url":"https:\/\/products.act.com\/de\/hilfsmittel\/downloads\/act-v22-downloads\/","name":"Act! v22 Downloads | Deutsch","isPartOf":{"@id":"https:\/\/products.act.com\/de\/#website"},"datePublished":"2022-01-07T06:26:21+00:00","dateModified":"2023-09-06T18:17:30+00:00","description":"Laden Sie hier Ihre Act! Premium v21 CRM Software herunter heute.","breadcrumb":{"@id":"https:\/\/products.act.com\/de\/hilfsmittel\/downloads\/act-v22-downloads\/#breadcrumb"},"inLanguage":"de-DE","potentialAction":[{"@type":"ReadAction","target":["https:\/\/products.act.com\/de\/hilfsmittel\/downloads\/act-v22-downloads\/"]}]},{"@type":"BreadcrumbList","@id":"https:\/\/products.act.com\/de\/hilfsmittel\/downloads\/act-v22-downloads\/#breadcrumb","itemListElement":[{"@type":"ListItem","position":1,"name":"Home","item":"https:\/\/products.act.com\/de\/"},{"@type":"ListItem","position":2,"name":"Hilfsmittel","item":"http:\/\/products.act.com\/de\/hilfsmittel\/"},{"@type":"ListItem","position":3,"name":"Act! Premium | Downloads Deutsch","item":"http:\/\/products.act.com\/de\/resources\/downloads\/"},{"@type":"ListItem","position":4,"name":"Act! v22 Downloads | Deutsch"}]},{"@type":"WebSite","@id":"https:\/\/products.act.com\/de\/#website","url":"https:\/\/products.act.com\/de\/","name":"Act!","description":"CRM &amp; Marketing Automation in One","publisher":{"@id":"https:\/\/products.act.com\/de\/#organization"},"potentialAction":[{"@type":"SearchAction","target":{"@type":"EntryPoint","urlTemplate":"https:\/\/products.act.com\/de\/?s={search_term_string}"},"query-input":"required name=search_term_string"}],"inLanguage":"de-DE"},{"@type":"Organization","@id":"https:\/\/products.act.com\/de\/#organization","name":"Act!","url":"https:\/\/products.act.com\/de\/","logo":{"@type":"ImageObject","inLanguage":"de-DE","@id":"https:\/\/products.act.com\/de\/#\/schema\/logo\/image\/","url":"https:\/\/products.act.com\/wp-content\/uploads\/2021\/07\/logo_fe5000.png","contentUrl":"https:\/\/products.act.com\/wp-content\/uploads\/2021\/07\/logo_fe5000.png","width":120,"height":120,"caption":"Act!"},"image":{"@id":"https:\/\/products.act.com\/de\/#\/schema\/logo\/image\/"}}]}},"_links":{"self":[{"href":"https:\/\/products.act.com\/de\/wp-json\/wp\/v2\/pages\/44315"}],"collection":[{"href":"https:\/\/products.act.com\/de\/wp-json\/wp\/v2\/pages"}],"about":[{"href":"https:\/\/products.act.com\/de\/wp-json\/wp\/v2\/types\/page"}],"author":[{"embeddable":true,"href":"https:\/\/products.act.com\/de\/wp-json\/wp\/v2\/users\/4"}],"replies":[{"embeddable":true,"href":"https:\/\/products.act.com\/de\/wp-json\/wp\/v2\/comments?post=44315"}],"version-history":[{"count":0,"href":"https:\/\/products.act.com\/de\/wp-json\/wp\/v2\/pages\/44315\/revisions"}],"up":[{"embeddable":true,"href":"https:\/\/products.act.com\/de\/wp-json\/wp\/v2\/pages\/44203"}],"wp:attachment":[{"href":"https:\/\/products.act.com\/de\/wp-json\/wp\/v2\/media?parent=44315"}],"wp:term":[{"taxonomy":"category","embeddable":true,"href":"https:\/\/products.act.com\/de\/wp-json\/wp\/v2\/categories?post=44315"},{"taxonomy":"post_tag","embeddable":true,"href":"https:\/\/products.act.com\/de\/wp-json\/wp\/v2\/tags?post=44315"},{"taxonomy":"folder","embeddable":true,"href":"https:\/\/products.act.com\/de\/wp-json\/wp\/v2\/folder?post=44315"}],"curies":[{"name":"wp","href":"https:\/\/api.w.org\/{rel}","templated":true}]}}