{"id":44309,"date":"2022-01-07T13:01:55","date_gmt":"2022-01-07T06:01:55","guid":{"rendered":"https:\/\/act.com\/?page_id=44309"},"modified":"2023-09-06T11:12:53","modified_gmt":"2023-09-06T18:12:53","slug":"act-pro-v18","status":"publish","type":"page","link":"https:\/\/products.act.com\/de\/hilfsmittel\/downloads\/act-pro-v18\/","title":{"rendered":"Act! Pro v18 Download | Deutsch"},"content":{"rendered":"\t\t<div data-elementor-type=\"wp-page\" data-elementor-id=\"44309\" class=\"elementor elementor-44309\" data-elementor-post-type=\"page\">\n\t\t\t\t\t\t<section class=\"elementor-section elementor-top-section elementor-element elementor-element-6d0eb9cb topSctGlb elementor-section-boxed elementor-section-height-default elementor-section-height-default\" data-id=\"6d0eb9cb\" data-element_type=\"section\" data-settings=\"{&quot;background_background&quot;:&quot;gradient&quot;}\">\n\t\t\t\t\t\t\t<div class=\"elementor-background-overlay\"><\/div>\n\t\t\t\t\t\t\t<div class=\"elementor-container elementor-column-gap-default\">\n\t\t\t\t\t<div class=\"elementor-column elementor-col-100 elementor-top-column elementor-element elementor-element-5744884d\" data-id=\"5744884d\" data-element_type=\"column\" data-settings=\"{&quot;background_background&quot;:&quot;classic&quot;}\">\n\t\t\t<div class=\"elementor-widget-wrap elementor-element-populated\">\n\t\t\t\t\t\t<section class=\"elementor-section elementor-inner-section elementor-element elementor-element-3804d362 elementor-section-boxed elementor-section-height-default elementor-section-height-default\" data-id=\"3804d362\" data-element_type=\"section\">\n\t\t\t\t\t\t<div class=\"elementor-container elementor-column-gap-default\">\n\t\t\t\t\t<div class=\"elementor-column elementor-col-100 elementor-inner-column elementor-element elementor-element-64c7e14e\" data-id=\"64c7e14e\" data-element_type=\"column\">\n\t\t\t<div class=\"elementor-widget-wrap elementor-element-populated\">\n\t\t\t\t\t\t<div class=\"elementor-element elementor-element-2af8847a elementor-widget elementor-widget-heading\" data-id=\"2af8847a\" data-element_type=\"widget\" data-widget_type=\"heading.default\">\n\t\t\t\t<div class=\"elementor-widget-container\">\n\t\t\t<style>\/*! elementor - v3.20.0 - 26-03-2024 *\/\n.elementor-heading-title{padding:0;margin:0;line-height:1}.elementor-widget-heading .elementor-heading-title[class*=elementor-size-]>a{color:inherit;font-size:inherit;line-height:inherit}.elementor-widget-heading .elementor-heading-title.elementor-size-small{font-size:15px}.elementor-widget-heading .elementor-heading-title.elementor-size-medium{font-size:19px}.elementor-widget-heading .elementor-heading-title.elementor-size-large{font-size:29px}.elementor-widget-heading .elementor-heading-title.elementor-size-xl{font-size:39px}.elementor-widget-heading .elementor-heading-title.elementor-size-xxl{font-size:59px}<\/style><h1 class=\"elementor-heading-title elementor-size-default\">Act! Pro v18 Produkt-Downloads (Deutsch)<\/h1>\t\t<\/div>\n\t\t\t\t<\/div>\n\t\t\t\t\t<\/div>\n\t\t<\/div>\n\t\t\t\t\t<\/div>\n\t\t<\/section>\n\t\t\t\t\t<\/div>\n\t\t<\/div>\n\t\t\t\t\t<\/div>\n\t\t<\/section>\n\t\t\t\t<section class=\"elementor-section elementor-top-section elementor-element elementor-element-465fc4e elementor-section-boxed elementor-section-height-default elementor-section-height-default\" data-id=\"465fc4e\" data-element_type=\"section\">\n\t\t\t\t\t\t<div class=\"elementor-container elementor-column-gap-default\">\n\t\t\t\t\t<div class=\"elementor-column elementor-col-100 elementor-top-column elementor-element elementor-element-74d30c62\" data-id=\"74d30c62\" data-element_type=\"column\">\n\t\t\t<div class=\"elementor-widget-wrap elementor-element-populated\">\n\t\t\t\t\t\t<div class=\"elementor-element elementor-element-204adf6e elementor-hidden-desktop elementor-hidden-tablet elementor-hidden-mobile elementor-widget elementor-widget-breadcrumbs\" data-id=\"204adf6e\" data-element_type=\"widget\" data-widget_type=\"breadcrumbs.default\">\n\t\t\t\t<div class=\"elementor-widget-container\">\n\t\t\t<link rel=\"stylesheet\" href=\"https:\/\/products.act.com\/wp-content\/plugins\/elementor-pro\/assets\/css\/widget-theme-elements.min.css\"><p id=\"breadcrumbs\"><span><span><a href=\"https:\/\/products.act.com\/de\/\">Home<\/a><\/span><\/span><\/p>\t\t<\/div>\n\t\t\t\t<\/div>\n\t\t\t\t<div class=\"elementor-element elementor-element-7f049050 elementor-widget elementor-widget-text-editor\" data-id=\"7f049050\" data-element_type=\"widget\" data-widget_type=\"text-editor.default\">\n\t\t\t\t<div class=\"elementor-widget-container\">\n\t\t\t<style>\/*! elementor - v3.20.0 - 26-03-2024 *\/\n.elementor-widget-text-editor.elementor-drop-cap-view-stacked .elementor-drop-cap{background-color:#69727d;color:#fff}.elementor-widget-text-editor.elementor-drop-cap-view-framed .elementor-drop-cap{color:#69727d;border:3px solid;background-color:transparent}.elementor-widget-text-editor:not(.elementor-drop-cap-view-default) .elementor-drop-cap{margin-top:8px}.elementor-widget-text-editor:not(.elementor-drop-cap-view-default) .elementor-drop-cap-letter{width:1em;height:1em}.elementor-widget-text-editor .elementor-drop-cap{float:left;text-align:center;line-height:1;font-size:50px}.elementor-widget-text-editor .elementor-drop-cap-letter{display:inline-block}<\/style>\t\t\t\t<p><strong>Wichtiger Hinweis:<\/strong>\u00a0Die Hot Fixes und Updates f\u00fcr Act! v18 gelten f\u00fcr die Act! Pro, Act! Premium und Act! Premium Web Versionen der Software.<br \/>N\u00e4here Details zu den einzelnen Hot Fixes und Updates finden Sie in der\u00a0<a href=\"https:\/\/help.act.com\/s\/article\/What-Issues-Have-Been-Fixed-in-Act-Updates-prem?language=de\/\" target=\"_blank\" rel=\"noopener\">Act! Knowledgebase<\/a>\u00a0(derzeit nur in englischer Sprache verf\u00fcgbar).<\/p>\t\t\t\t\t\t<\/div>\n\t\t\t\t<\/div>\n\t\t\t\t<div class=\"elementor-element elementor-element-594f719b elementor-widget elementor-widget-heading\" data-id=\"594f719b\" data-element_type=\"widget\" data-widget_type=\"heading.default\">\n\t\t\t\t<div class=\"elementor-widget-container\">\n\t\t\t<h2 class=\"elementor-heading-title elementor-size-default\">Updates<\/h2>\t\t<\/div>\n\t\t\t\t<\/div>\n\t\t\t\t<div class=\"elementor-element elementor-element-64b242c0 elementor-widget elementor-widget-text-editor\" data-id=\"64b242c0\" data-element_type=\"widget\" data-widget_type=\"text-editor.default\">\n\t\t\t\t<div class=\"elementor-widget-container\">\n\t\t\t\t\t\t\t<p><strong>Wenn Sie die Act! Software auf Windows Vista oder Windows Server 2008 verwenden, klicken Sie bitte<\/strong>\u00a0folgenden Link\u00a0um das Update zu installieren, das Installationen die mit SHA2-Typ Zertifikaten signiert sind, unterst\u00fctzt.<\/p>\t\t\t\t\t\t<\/div>\n\t\t\t\t<\/div>\n\t\t\t\t<div class=\"elementor-element elementor-element-1168dbb6 elementor-widget elementor-widget-html\" data-id=\"1168dbb6\" data-element_type=\"widget\" data-widget_type=\"html.default\">\n\t\t\t\t<div class=\"elementor-widget-container\">\n\t\t\t<table class=\"downloadTable\" cellpadding=\"0\" cellspacing=\"0\" border=\"0\">\n        <tbody><tr>\n          <th>Datum<\/th>\n          <th>Bezeichnung<\/th>\n          <th>Dateiname<\/th>\n          <th>Dateigr\u00f6\u00dfe<\/th>\n          <th><\/th>\n        <\/tr>\n       \n        <tr>\n          <td>09.01.2019<\/td>\n          <td>Act! v18.2 Update 7<\/td>\n          <td>Act1820update7.exe<\/td>\n          <td>15.6 MB<\/td>\n            <td><a href=\"http:\/\/CDN.updates.swiftpage.act.com\/updates\/18.2\/act1820update7.exe\"><span class=\"button btnDefault\">Download<\/span><\/a><\/td>\n      \t<\/tr>\n    \n        <tr>\n          <td>14.07.2017<\/td>\n          <td>Act! 18.2 Update 6<\/td>\n          <td>act1820update6.exe<\/td>\n          <td>11.7 MB<\/td>\n            <td><a href=\"http:\/\/cdn.updates.swiftpage.act.com\/updates\/18.2\/act1820update6.exe\"><span class=\"button btnDefault\">Download<\/span><\/a><\/td>\n      \t<\/tr>\n    \n        <tr>\n          <td>02.05.2017<\/td>\n          <td>Act! 18.2 Update 5<\/td>\n          <td>act1820update5.exe<\/td>\n          <td>11.6 MB<\/td>\n            <td><a href=\"http:\/\/cdn.updates.swiftpage.act.com\/updates\/18.2\/act1820update5.exe\"><span class=\"button btnDefault\">Download<\/span><\/a><\/td>\n      \t<\/tr>\n    \n        <tr>\n          <td>11.08.2016<\/td>\n          <td>Act! 18.1 Update 5<\/td>\n          <td>act1810update5.exe<\/td>\n          <td>316 MB<\/td>\n            <td><a href=\"http:\/\/cdn.updates.swiftpage.act.com\/updates\/18.1\/act1810update5.exe\"><span class=\"button btnDefault\">Download<\/span><\/a><\/td>\n      \t<\/tr>\n    \n        <tr>\n          <td>11.08.2016<\/td>\n          <td>Act! 18.2 Update 2<\/td>\n          <td>act1820update2.exe<\/td>\n          <td>11.4 MB<\/td>\n            <td><a href=\"http:\/\/cdn.updates.swiftpage.act.com\/updates\/18.2\/act1820update2.exe\"><span class=\"button btnDefault\">Download<\/span><\/a><\/td>\n      \t<\/tr>\n    \n        <tr>\n          <td>23.09.2016<\/td>\n          <td>Act! 18.2 Update 4<\/td>\n          <td>act1820update4.exe<\/td>\n          <td>11.7 MB<\/td>\n            <td><a href=\"http:\/\/cdn.updates.swiftpage.act.com\/updates\/18.2\/act1820update4.exe\"><span class=\"button btnDefault\">Download<\/span><\/a><\/td>\n      \t<\/tr>\n    \n        <tr>\n          <td>22.07.2016<\/td>\n          <td>Act! Pro v18 SP2 Update - DE<\/td>\n          <td>actpro_1820x53_DE_updt.exe<\/td>\n          <td>398 MB<\/td>\n            <td><a href=\"http:\/\/dl.act.com\/182\/DE\/actpro_1820x53_DE_updt.exe\"><span class=\"button btnDefault\">Download<\/span><\/a><\/td>\n      \t<\/tr>\n    \n      <\/tbody><\/table>\t\t<\/div>\n\t\t\t\t<\/div>\n\t\t\t\t\t<\/div>\n\t\t<\/div>\n\t\t\t\t\t<\/div>\n\t\t<\/section>\n\t\t\t\t<\/div>\n\t\t","protected":false},"excerpt":{"rendered":"<p>Act! Pro v18 Produkt-Downloads (Deutsch) Wichtiger Hinweis:\u00a0Die Hot Fixes und Updates f\u00fcr Act! v18 gelten f\u00fcr die Act! Pro, Act! Premium und Act! Premium Web Versionen der Software.N\u00e4here Details zu den einzelnen Hot Fixes und Updates finden Sie in der\u00a0Act! Knowledgebase\u00a0(derzeit nur in englischer Sprache verf\u00fcgbar). Updates Wenn Sie die Act! Software auf Windows Vista [&hellip;]<\/p>\n","protected":false},"author":4,"featured_media":0,"parent":44203,"menu_order":0,"comment_status":"closed","ping_status":"closed","template":"elementor_header_footer","meta":{"_acf_changed":false,"content-type":"","inline_featured_image":false,"footnotes":""},"categories":[],"tags":[],"folder":[],"acf":[],"yoast_head":"<!-- This site is optimized with the Yoast SEO Premium plugin v22.2 (Yoast SEO v22.4) - https:\/\/yoast.com\/wordpress\/plugins\/seo\/ -->\n<title>Act! Pro v18 Download | Deutsch<\/title>\n<meta name=\"description\" content=\"Laden Sie hier Ihre Act! Pro v18 CRM Software herunter.\" \/>\n<meta name=\"robots\" content=\"noindex, follow, max-snippet:-1, max-image-preview:large, max-video-preview:-1\" \/>\n<meta property=\"og:locale\" content=\"de_DE\" \/>\n<meta property=\"og:type\" content=\"article\" \/>\n<meta property=\"og:title\" content=\"Act! Pro v18 Download | Deutsch\" \/>\n<meta property=\"og:description\" content=\"Laden Sie hier Ihre Act! Pro v18 CRM Software herunter.\" \/>\n<meta property=\"og:url\" content=\"https:\/\/products.act.com\/de\/hilfsmittel\/downloads\/act-pro-v18\/\" \/>\n<meta property=\"og:site_name\" content=\"Act!\" \/>\n<meta property=\"article:modified_time\" content=\"2023-09-06T18:12:53+00:00\" \/>\n<meta name=\"twitter:card\" content=\"summary_large_image\" \/>\n<meta name=\"twitter:label1\" content=\"Est. reading time\" \/>\n\t<meta name=\"twitter:data1\" content=\"1 minute\" \/>\n<script type=\"application\/ld+json\" class=\"yoast-schema-graph\">{\"@context\":\"https:\/\/schema.org\",\"@graph\":[{\"@type\":\"WebPage\",\"@id\":\"https:\/\/products.act.com\/de\/hilfsmittel\/downloads\/act-pro-v18\/\",\"url\":\"https:\/\/products.act.com\/de\/hilfsmittel\/downloads\/act-pro-v18\/\",\"name\":\"Act! Pro v18 Download | Deutsch\",\"isPartOf\":{\"@id\":\"https:\/\/products.act.com\/de\/#website\"},\"datePublished\":\"2022-01-07T06:01:55+00:00\",\"dateModified\":\"2023-09-06T18:12:53+00:00\",\"description\":\"Laden Sie hier Ihre Act! Pro v18 CRM Software herunter.\",\"breadcrumb\":{\"@id\":\"https:\/\/products.act.com\/de\/hilfsmittel\/downloads\/act-pro-v18\/#breadcrumb\"},\"inLanguage\":\"de-DE\",\"potentialAction\":[{\"@type\":\"ReadAction\",\"target\":[\"https:\/\/products.act.com\/de\/hilfsmittel\/downloads\/act-pro-v18\/\"]}]},{\"@type\":\"BreadcrumbList\",\"@id\":\"https:\/\/products.act.com\/de\/hilfsmittel\/downloads\/act-pro-v18\/#breadcrumb\",\"itemListElement\":[{\"@type\":\"ListItem\",\"position\":1,\"name\":\"Home\",\"item\":\"https:\/\/products.act.com\/de\/\"},{\"@type\":\"ListItem\",\"position\":2,\"name\":\"Hilfsmittel\",\"item\":\"http:\/\/products.act.com\/de\/hilfsmittel\/\"},{\"@type\":\"ListItem\",\"position\":3,\"name\":\"Act! Premium | Downloads Deutsch\",\"item\":\"http:\/\/products.act.com\/de\/resources\/downloads\/\"},{\"@type\":\"ListItem\",\"position\":4,\"name\":\"Act! Pro v18 Download | Deutsch\"}]},{\"@type\":\"WebSite\",\"@id\":\"https:\/\/products.act.com\/de\/#website\",\"url\":\"https:\/\/products.act.com\/de\/\",\"name\":\"Act!\",\"description\":\"CRM &amp; Marketing Automation in One\",\"publisher\":{\"@id\":\"https:\/\/products.act.com\/de\/#organization\"},\"potentialAction\":[{\"@type\":\"SearchAction\",\"target\":{\"@type\":\"EntryPoint\",\"urlTemplate\":\"https:\/\/products.act.com\/de\/?s={search_term_string}\"},\"query-input\":\"required name=search_term_string\"}],\"inLanguage\":\"de-DE\"},{\"@type\":\"Organization\",\"@id\":\"https:\/\/products.act.com\/de\/#organization\",\"name\":\"Act!\",\"url\":\"https:\/\/products.act.com\/de\/\",\"logo\":{\"@type\":\"ImageObject\",\"inLanguage\":\"de-DE\",\"@id\":\"https:\/\/products.act.com\/de\/#\/schema\/logo\/image\/\",\"url\":\"https:\/\/products.act.com\/wp-content\/uploads\/2021\/07\/logo_fe5000.png\",\"contentUrl\":\"https:\/\/products.act.com\/wp-content\/uploads\/2021\/07\/logo_fe5000.png\",\"width\":120,\"height\":120,\"caption\":\"Act!\"},\"image\":{\"@id\":\"https:\/\/products.act.com\/de\/#\/schema\/logo\/image\/\"}}]}<\/script>\n<!-- \/ Yoast SEO Premium plugin. -->","yoast_head_json":{"title":"Act! Pro v18 Download | Deutsch","description":"Laden Sie hier Ihre Act! Pro v18 CRM Software herunter.","robots":{"index":"noindex","follow":"follow","max-snippet":"max-snippet:-1","max-image-preview":"max-image-preview:large","max-video-preview":"max-video-preview:-1"},"og_locale":"de_DE","og_type":"article","og_title":"Act! Pro v18 Download | Deutsch","og_description":"Laden Sie hier Ihre Act! Pro v18 CRM Software herunter.","og_url":"https:\/\/products.act.com\/de\/hilfsmittel\/downloads\/act-pro-v18\/","og_site_name":"Act!","article_modified_time":"2023-09-06T18:12:53+00:00","twitter_card":"summary_large_image","twitter_misc":{"Est. reading time":"1 minute"},"schema":{"@context":"https:\/\/schema.org","@graph":[{"@type":"WebPage","@id":"https:\/\/products.act.com\/de\/hilfsmittel\/downloads\/act-pro-v18\/","url":"https:\/\/products.act.com\/de\/hilfsmittel\/downloads\/act-pro-v18\/","name":"Act! Pro v18 Download | Deutsch","isPartOf":{"@id":"https:\/\/products.act.com\/de\/#website"},"datePublished":"2022-01-07T06:01:55+00:00","dateModified":"2023-09-06T18:12:53+00:00","description":"Laden Sie hier Ihre Act! Pro v18 CRM Software herunter.","breadcrumb":{"@id":"https:\/\/products.act.com\/de\/hilfsmittel\/downloads\/act-pro-v18\/#breadcrumb"},"inLanguage":"de-DE","potentialAction":[{"@type":"ReadAction","target":["https:\/\/products.act.com\/de\/hilfsmittel\/downloads\/act-pro-v18\/"]}]},{"@type":"BreadcrumbList","@id":"https:\/\/products.act.com\/de\/hilfsmittel\/downloads\/act-pro-v18\/#breadcrumb","itemListElement":[{"@type":"ListItem","position":1,"name":"Home","item":"https:\/\/products.act.com\/de\/"},{"@type":"ListItem","position":2,"name":"Hilfsmittel","item":"http:\/\/products.act.com\/de\/hilfsmittel\/"},{"@type":"ListItem","position":3,"name":"Act! Premium | Downloads Deutsch","item":"http:\/\/products.act.com\/de\/resources\/downloads\/"},{"@type":"ListItem","position":4,"name":"Act! Pro v18 Download | Deutsch"}]},{"@type":"WebSite","@id":"https:\/\/products.act.com\/de\/#website","url":"https:\/\/products.act.com\/de\/","name":"Act!","description":"CRM &amp; Marketing Automation in One","publisher":{"@id":"https:\/\/products.act.com\/de\/#organization"},"potentialAction":[{"@type":"SearchAction","target":{"@type":"EntryPoint","urlTemplate":"https:\/\/products.act.com\/de\/?s={search_term_string}"},"query-input":"required name=search_term_string"}],"inLanguage":"de-DE"},{"@type":"Organization","@id":"https:\/\/products.act.com\/de\/#organization","name":"Act!","url":"https:\/\/products.act.com\/de\/","logo":{"@type":"ImageObject","inLanguage":"de-DE","@id":"https:\/\/products.act.com\/de\/#\/schema\/logo\/image\/","url":"https:\/\/products.act.com\/wp-content\/uploads\/2021\/07\/logo_fe5000.png","contentUrl":"https:\/\/products.act.com\/wp-content\/uploads\/2021\/07\/logo_fe5000.png","width":120,"height":120,"caption":"Act!"},"image":{"@id":"https:\/\/products.act.com\/de\/#\/schema\/logo\/image\/"}}]}},"_links":{"self":[{"href":"https:\/\/products.act.com\/de\/wp-json\/wp\/v2\/pages\/44309"}],"collection":[{"href":"https:\/\/products.act.com\/de\/wp-json\/wp\/v2\/pages"}],"about":[{"href":"https:\/\/products.act.com\/de\/wp-json\/wp\/v2\/types\/page"}],"author":[{"embeddable":true,"href":"https:\/\/products.act.com\/de\/wp-json\/wp\/v2\/users\/4"}],"replies":[{"embeddable":true,"href":"https:\/\/products.act.com\/de\/wp-json\/wp\/v2\/comments?post=44309"}],"version-history":[{"count":0,"href":"https:\/\/products.act.com\/de\/wp-json\/wp\/v2\/pages\/44309\/revisions"}],"up":[{"embeddable":true,"href":"https:\/\/products.act.com\/de\/wp-json\/wp\/v2\/pages\/44203"}],"wp:attachment":[{"href":"https:\/\/products.act.com\/de\/wp-json\/wp\/v2\/media?parent=44309"}],"wp:term":[{"taxonomy":"category","embeddable":true,"href":"https:\/\/products.act.com\/de\/wp-json\/wp\/v2\/categories?post=44309"},{"taxonomy":"post_tag","embeddable":true,"href":"https:\/\/products.act.com\/de\/wp-json\/wp\/v2\/tags?post=44309"},{"taxonomy":"folder","embeddable":true,"href":"https:\/\/products.act.com\/de\/wp-json\/wp\/v2\/folder?post=44309"}],"curies":[{"name":"wp","href":"https:\/\/api.w.org\/{rel}","templated":true}]}}