{"id":44281,"date":"2022-01-07T12:48:26","date_gmt":"2022-01-07T05:48:26","guid":{"rendered":"https:\/\/act.com\/?page_id=44281"},"modified":"2022-11-18T11:36:48","modified_gmt":"2022-11-18T18:36:48","slug":"act-pro-v16","status":"publish","type":"page","link":"https:\/\/products.act.com\/de\/hilfsmittel\/downloads\/act-pro-v16\/","title":{"rendered":"Act! Pro v16 Download | Deutsch"},"content":{"rendered":"\t\t<div data-elementor-type=\"wp-page\" data-elementor-id=\"44281\" class=\"elementor elementor-44281\" data-elementor-post-type=\"page\">\n\t\t\t\t\t\t<section class=\"elementor-section elementor-top-section elementor-element elementor-element-1b39ec86 topSctGlb elementor-section-boxed elementor-section-height-default elementor-section-height-default\" data-id=\"1b39ec86\" data-element_type=\"section\" data-settings=\"{&quot;background_background&quot;:&quot;gradient&quot;}\">\n\t\t\t\t\t\t\t<div class=\"elementor-background-overlay\"><\/div>\n\t\t\t\t\t\t\t<div class=\"elementor-container elementor-column-gap-default\">\n\t\t\t\t\t<div class=\"elementor-column elementor-col-100 elementor-top-column elementor-element elementor-element-3c2679a5\" data-id=\"3c2679a5\" data-element_type=\"column\" data-settings=\"{&quot;background_background&quot;:&quot;classic&quot;}\">\n\t\t\t<div class=\"elementor-widget-wrap elementor-element-populated\">\n\t\t\t\t\t\t<section class=\"elementor-section elementor-inner-section elementor-element elementor-element-3d9bf519 elementor-section-boxed elementor-section-height-default elementor-section-height-default\" data-id=\"3d9bf519\" data-element_type=\"section\">\n\t\t\t\t\t\t<div class=\"elementor-container elementor-column-gap-default\">\n\t\t\t\t\t<div class=\"elementor-column elementor-col-100 elementor-inner-column elementor-element elementor-element-5882dd98\" data-id=\"5882dd98\" data-element_type=\"column\">\n\t\t\t<div class=\"elementor-widget-wrap elementor-element-populated\">\n\t\t\t\t\t\t<div class=\"elementor-element elementor-element-611798e6 elementor-widget elementor-widget-heading\" data-id=\"611798e6\" data-element_type=\"widget\" data-widget_type=\"heading.default\">\n\t\t\t\t<div class=\"elementor-widget-container\">\n\t\t\t<style>\/*! elementor - v3.20.0 - 26-03-2024 *\/\n.elementor-heading-title{padding:0;margin:0;line-height:1}.elementor-widget-heading .elementor-heading-title[class*=elementor-size-]>a{color:inherit;font-size:inherit;line-height:inherit}.elementor-widget-heading .elementor-heading-title.elementor-size-small{font-size:15px}.elementor-widget-heading .elementor-heading-title.elementor-size-medium{font-size:19px}.elementor-widget-heading .elementor-heading-title.elementor-size-large{font-size:29px}.elementor-widget-heading .elementor-heading-title.elementor-size-xl{font-size:39px}.elementor-widget-heading .elementor-heading-title.elementor-size-xxl{font-size:59px}<\/style><h1 class=\"elementor-heading-title elementor-size-default\">Act! Pro v16 Produkt-Downloads (Deutsch)<\/h1>\t\t<\/div>\n\t\t\t\t<\/div>\n\t\t\t\t\t<\/div>\n\t\t<\/div>\n\t\t\t\t\t<\/div>\n\t\t<\/section>\n\t\t\t\t\t<\/div>\n\t\t<\/div>\n\t\t\t\t\t<\/div>\n\t\t<\/section>\n\t\t\t\t<section class=\"elementor-section elementor-top-section elementor-element elementor-element-108545ff elementor-section-boxed elementor-section-height-default elementor-section-height-default\" data-id=\"108545ff\" data-element_type=\"section\">\n\t\t\t\t\t\t<div class=\"elementor-container elementor-column-gap-default\">\n\t\t\t\t\t<div class=\"elementor-column elementor-col-100 elementor-top-column elementor-element elementor-element-7ea2366\" data-id=\"7ea2366\" data-element_type=\"column\">\n\t\t\t<div class=\"elementor-widget-wrap elementor-element-populated\">\n\t\t\t\t\t\t<div class=\"elementor-element elementor-element-54b79a60 elementor-hidden-desktop elementor-hidden-tablet elementor-hidden-mobile elementor-widget elementor-widget-breadcrumbs\" data-id=\"54b79a60\" data-element_type=\"widget\" data-widget_type=\"breadcrumbs.default\">\n\t\t\t\t<div class=\"elementor-widget-container\">\n\t\t\t<link rel=\"stylesheet\" href=\"https:\/\/products.act.com\/wp-content\/plugins\/elementor-pro\/assets\/css\/widget-theme-elements.min.css\"><p id=\"breadcrumbs\"><span><span><a href=\"https:\/\/products.act.com\/de\/\">Home<\/a><\/span><\/span><\/p>\t\t<\/div>\n\t\t\t\t<\/div>\n\t\t\t\t<div class=\"elementor-element elementor-element-34b021ec elementor-widget elementor-widget-text-editor\" data-id=\"34b021ec\" data-element_type=\"widget\" data-widget_type=\"text-editor.default\">\n\t\t\t\t<div class=\"elementor-widget-container\">\n\t\t\t<style>\/*! elementor - v3.20.0 - 26-03-2024 *\/\n.elementor-widget-text-editor.elementor-drop-cap-view-stacked .elementor-drop-cap{background-color:#69727d;color:#fff}.elementor-widget-text-editor.elementor-drop-cap-view-framed .elementor-drop-cap{color:#69727d;border:3px solid;background-color:transparent}.elementor-widget-text-editor:not(.elementor-drop-cap-view-default) .elementor-drop-cap{margin-top:8px}.elementor-widget-text-editor:not(.elementor-drop-cap-view-default) .elementor-drop-cap-letter{width:1em;height:1em}.elementor-widget-text-editor .elementor-drop-cap{float:left;text-align:center;line-height:1;font-size:50px}.elementor-widget-text-editor .elementor-drop-cap-letter{display:inline-block}<\/style>\t\t\t\t<p><strong>Wichtiger Hinweis:<\/strong>\u00a0Die Hot Fixes und Updates f\u00fcr Act! v16 gelten f\u00fcr die Act! Pro, Act! Premium und Act! Premium Web Versionen der Software.<br \/>N\u00e4here Details zu den einzelnen Hot Fixes und Updates finden Sie in der<a href=\"https:\/\/help.act.com\/s\/article\/What-Issues-Have-Been-Fixed-in-Act-Updates-prem?language=de\/\" target=\"_blank\" rel=\"noopener\">Act! Knowledgebase<\/a>\u00a0(derzeit nur in englischer Sprache verf\u00fcgbar).<\/p>\t\t\t\t\t\t<\/div>\n\t\t\t\t<\/div>\n\t\t\t\t<div class=\"elementor-element elementor-element-50407077 elementor-widget elementor-widget-heading\" data-id=\"50407077\" data-element_type=\"widget\" data-widget_type=\"heading.default\">\n\t\t\t\t<div class=\"elementor-widget-container\">\n\t\t\t<h2 class=\"elementor-heading-title elementor-size-default\">\u200bHot Fixes<\/h2>\t\t<\/div>\n\t\t\t\t<\/div>\n\t\t\t\t<div class=\"elementor-element elementor-element-69b38c09 elementor-widget elementor-widget-html\" data-id=\"69b38c09\" data-element_type=\"widget\" data-widget_type=\"html.default\">\n\t\t\t\t<div class=\"elementor-widget-container\">\n\t\t\t<table class=\"downloadTable\" cellpadding=\"0\" cellspacing=\"0\" border=\"0\">\n        <tbody><tr>\n          <th>Datum<\/th>\n          <th>Bezeichnung<\/th>\n          <th>Dateiname<\/th>\n          <th>Dateigr\u00f6\u00dfe<\/th>\n          <th><\/th>\n        <\/tr>\n       \n        <tr>\n          <td>16.09.2013<\/td>\n          <td>Act! v16 Hot Fix 1<\/td>\n          <td>ACT16HF1.exe<\/td>\n          <td>309 KB<\/td>\n            <td><a href=\"http:\/\/download.act.com\/hotfix\/ACT16HF1.exe\"><span class=\"button btnDefault\">Download<\/span><\/a><\/td>\n      \t<\/tr>\n    \n        <tr>\n          <td>25.09.2013<\/td>\n          <td>Act! v16 Hot Fix 2<\/td>\n          <td>ACT16HF2.exe<\/td>\n          <td>4,025 KB<\/td>\n            <td><a href=\"http:\/\/cdn.act.dlm.swiftpage.com\/2915\/act16hf2.exe\"><span class=\"button btnDefault\">Download<\/span><\/a><\/td>\n      \t<\/tr>\n    \n        <tr>\n          <td>07.11.2013<\/td>\n          <td>Act! v16 Hot Fix 4<\/td>\n          <td>ACT16HF4.exe<\/td>\n          <td>17.2 MB<\/td>\n            <td><a href=\"http:\/\/cdn.act.dlm.swiftpage.com\/2946\/act16hf4.exe\"><span class=\"button btnDefault\">Download<\/span><\/a><\/td>\n      \t<\/tr>\n    \n        <tr>\n          <td>30.01.2014<\/td>\n          <td>Act! v16 Hot Fix 5<\/td>\n          <td>ACT16HF5.exe<\/td>\n          <td>17.2 MB<\/td>\n            <td><a href=\"http:\/\/cdn.act.dlm.swiftpage.com\/3003\/act16hf5.exe\"><span class=\"button btnDefault\">Download<\/span><\/a><\/td>\n      \t<\/tr>\n    \n        <tr>\n          <td>21.08.2014<\/td>\n          <td>Act! v16 SP1 Hot Fix 3<\/td>\n          <td>ACT16SP1HF3.exe<\/td>\n          <td>1590 KB<\/td>\n            <td><a href=\"http:\/\/cdn.act.dlm.swiftpage.com\/3324\/act16sp1hf3.exe\"><span class=\"button btnDefault\">Download<\/span><\/a><\/td>\n      \t<\/tr>\n    \n        <tr>\n          <td>09.03.2016<\/td>\n          <td>Act! v16.3 Hotfix 1<\/td>\n          <td>act16sp3hf1frde.exe<\/td>\n          <td>2.1 MB<\/td>\n            <td><a href=\"http:\/\/cdn.updates.swiftpage.act.com\/updates\/act16sp3hf1frde.exe\"><span class=\"button btnDefault\">Download<\/span><\/a><\/td>\n      \t<\/tr>\n    \n      <\/tbody><\/table>\t\t<\/div>\n\t\t\t\t<\/div>\n\t\t\t\t<div class=\"elementor-element elementor-element-e5a49dd elementor-widget elementor-widget-heading\" data-id=\"e5a49dd\" data-element_type=\"widget\" data-widget_type=\"heading.default\">\n\t\t\t\t<div class=\"elementor-widget-container\">\n\t\t\t<h2 class=\"elementor-heading-title elementor-size-default\">Updates<\/h2>\t\t<\/div>\n\t\t\t\t<\/div>\n\t\t\t\t<div class=\"elementor-element elementor-element-3f80e04 elementor-widget elementor-widget-html\" data-id=\"3f80e04\" data-element_type=\"widget\" data-widget_type=\"html.default\">\n\t\t\t\t<div class=\"elementor-widget-container\">\n\t\t\t<table class=\"downloadTable\" cellpadding=\"0\" cellspacing=\"0\" border=\"0\">\n        <tbody><tr>\n          <th>Datum<\/th>\n          <th>Bezeichnung<\/th>\n          <th>Dateiname<\/th>\n          <th>Dateigr\u00f6\u00dfe<\/th>\n          <th><\/th>\n        <\/tr>\n       \n        <tr>\n          <td>18.07.2014<\/td>\n          <td>Act! Pro v16 SP1 Update - DE (inkl.Funktionspaket 1 &amp; 2)<\/td>\n          <td>actpro161_de_update.exe<\/td>\n          <td>422 MB<\/td>\n            <td><a href=\"http:\/\/cdn.act.dlm.swiftpage.com\/3261\/actpro161_de_update.exe\"><span class=\"button btnDefault\">Download<\/span><\/a><\/td>\n      \t<\/tr>\n    \n        <tr>\n          <td>15.12.2014<\/td>\n          <td>Act! Pro v16 SP2 Update - DE<\/td>\n          <td>act_pro_16_sp2_de_update.exe<\/td>\n          <td>422 MB<\/td>\n            <td><a href=\"http:\/\/cdn.act.dlm.swiftpage.com\/3530\/act_pro_16_sp2_de_update.exe\"><span class=\"button btnDefault\">Download<\/span><\/a><\/td>\n      \t<\/tr>\n    \n        <tr>\n          <td>17.03.2015<\/td>\n          <td>Act! Pro v16 SP3 Update - DE<\/td>\n          <td>actpro_v163x13_de_updt.exe<\/td>\n          <td>423 MB<\/td>\n            <td><a href=\"http:\/\/cdn.act.dlm.swiftpage.com\/3725\/actpro_v163x13_de_updt.exe\"><span class=\"button btnDefault\">Download<\/span><\/a><\/td>\n      \t<\/tr>\n    \n      <\/tbody><\/table>\t\t<\/div>\n\t\t\t\t<\/div>\n\t\t\t\t\t<\/div>\n\t\t<\/div>\n\t\t\t\t\t<\/div>\n\t\t<\/section>\n\t\t\t\t<\/div>\n\t\t","protected":false},"excerpt":{"rendered":"<p>Act! Pro v16 Produkt-Downloads (Deutsch) Wichtiger Hinweis:\u00a0Die Hot Fixes und Updates f\u00fcr Act! v16 gelten f\u00fcr die Act! Pro, Act! Premium und Act! Premium Web Versionen der Software.N\u00e4here Details zu den einzelnen Hot Fixes und Updates finden Sie in derAct! Knowledgebase\u00a0(derzeit nur in englischer Sprache verf\u00fcgbar). \u200bHot Fixes Datum Bezeichnung Dateiname Dateigr\u00f6\u00dfe 16.09.2013 Act! v16 [&hellip;]<\/p>\n","protected":false},"author":4,"featured_media":0,"parent":44203,"menu_order":0,"comment_status":"closed","ping_status":"closed","template":"elementor_header_footer","meta":{"_acf_changed":false,"content-type":"","inline_featured_image":false,"footnotes":""},"categories":[],"tags":[],"folder":[],"acf":[],"yoast_head":"<!-- This site is optimized with the Yoast SEO Premium plugin v22.2 (Yoast SEO v22.4) - https:\/\/yoast.com\/wordpress\/plugins\/seo\/ -->\n<title>Act! Pro v16 Download | Deutsch<\/title>\n<meta name=\"description\" content=\"Laden Sie hier Ihre Act! Pro v16 CRM Software herunter.\" \/>\n<meta name=\"robots\" content=\"noindex, follow, max-snippet:-1, max-image-preview:large, max-video-preview:-1\" \/>\n<meta property=\"og:locale\" content=\"de_DE\" \/>\n<meta property=\"og:type\" content=\"article\" \/>\n<meta property=\"og:title\" content=\"Act! Pro v16 Download | Deutsch\" \/>\n<meta property=\"og:description\" content=\"Laden Sie hier Ihre Act! Pro v16 CRM Software herunter.\" \/>\n<meta property=\"og:url\" content=\"https:\/\/products.act.com\/de\/hilfsmittel\/downloads\/act-pro-v16\/\" \/>\n<meta property=\"og:site_name\" content=\"Act!\" \/>\n<meta property=\"article:modified_time\" content=\"2022-11-18T18:36:48+00:00\" \/>\n<meta name=\"twitter:card\" content=\"summary_large_image\" \/>\n<meta name=\"twitter:label1\" content=\"Est. reading time\" \/>\n\t<meta name=\"twitter:data1\" content=\"1 minute\" \/>\n<script type=\"application\/ld+json\" class=\"yoast-schema-graph\">{\"@context\":\"https:\/\/schema.org\",\"@graph\":[{\"@type\":\"WebPage\",\"@id\":\"https:\/\/products.act.com\/de\/hilfsmittel\/downloads\/act-pro-v16\/\",\"url\":\"https:\/\/products.act.com\/de\/hilfsmittel\/downloads\/act-pro-v16\/\",\"name\":\"Act! Pro v16 Download | Deutsch\",\"isPartOf\":{\"@id\":\"https:\/\/products.act.com\/de\/#website\"},\"datePublished\":\"2022-01-07T05:48:26+00:00\",\"dateModified\":\"2022-11-18T18:36:48+00:00\",\"description\":\"Laden Sie hier Ihre Act! Pro v16 CRM Software herunter.\",\"breadcrumb\":{\"@id\":\"https:\/\/products.act.com\/de\/hilfsmittel\/downloads\/act-pro-v16\/#breadcrumb\"},\"inLanguage\":\"de-DE\",\"potentialAction\":[{\"@type\":\"ReadAction\",\"target\":[\"https:\/\/products.act.com\/de\/hilfsmittel\/downloads\/act-pro-v16\/\"]}]},{\"@type\":\"BreadcrumbList\",\"@id\":\"https:\/\/products.act.com\/de\/hilfsmittel\/downloads\/act-pro-v16\/#breadcrumb\",\"itemListElement\":[{\"@type\":\"ListItem\",\"position\":1,\"name\":\"Home\",\"item\":\"https:\/\/products.act.com\/de\/\"},{\"@type\":\"ListItem\",\"position\":2,\"name\":\"Hilfsmittel\",\"item\":\"http:\/\/products.act.com\/de\/hilfsmittel\/\"},{\"@type\":\"ListItem\",\"position\":3,\"name\":\"Act! Premium | Downloads Deutsch\",\"item\":\"http:\/\/products.act.com\/de\/resources\/downloads\/\"},{\"@type\":\"ListItem\",\"position\":4,\"name\":\"Act! Pro v16 Download | Deutsch\"}]},{\"@type\":\"WebSite\",\"@id\":\"https:\/\/products.act.com\/de\/#website\",\"url\":\"https:\/\/products.act.com\/de\/\",\"name\":\"Act!\",\"description\":\"CRM &amp; Marketing Automation in One\",\"publisher\":{\"@id\":\"https:\/\/products.act.com\/de\/#organization\"},\"potentialAction\":[{\"@type\":\"SearchAction\",\"target\":{\"@type\":\"EntryPoint\",\"urlTemplate\":\"https:\/\/products.act.com\/de\/?s={search_term_string}\"},\"query-input\":\"required name=search_term_string\"}],\"inLanguage\":\"de-DE\"},{\"@type\":\"Organization\",\"@id\":\"https:\/\/products.act.com\/de\/#organization\",\"name\":\"Act!\",\"url\":\"https:\/\/products.act.com\/de\/\",\"logo\":{\"@type\":\"ImageObject\",\"inLanguage\":\"de-DE\",\"@id\":\"https:\/\/products.act.com\/de\/#\/schema\/logo\/image\/\",\"url\":\"https:\/\/products.act.com\/wp-content\/uploads\/2021\/07\/logo_fe5000.png\",\"contentUrl\":\"https:\/\/products.act.com\/wp-content\/uploads\/2021\/07\/logo_fe5000.png\",\"width\":120,\"height\":120,\"caption\":\"Act!\"},\"image\":{\"@id\":\"https:\/\/products.act.com\/de\/#\/schema\/logo\/image\/\"}}]}<\/script>\n<!-- \/ Yoast SEO Premium plugin. -->","yoast_head_json":{"title":"Act! Pro v16 Download | Deutsch","description":"Laden Sie hier Ihre Act! Pro v16 CRM Software herunter.","robots":{"index":"noindex","follow":"follow","max-snippet":"max-snippet:-1","max-image-preview":"max-image-preview:large","max-video-preview":"max-video-preview:-1"},"og_locale":"de_DE","og_type":"article","og_title":"Act! Pro v16 Download | Deutsch","og_description":"Laden Sie hier Ihre Act! Pro v16 CRM Software herunter.","og_url":"https:\/\/products.act.com\/de\/hilfsmittel\/downloads\/act-pro-v16\/","og_site_name":"Act!","article_modified_time":"2022-11-18T18:36:48+00:00","twitter_card":"summary_large_image","twitter_misc":{"Est. reading time":"1 minute"},"schema":{"@context":"https:\/\/schema.org","@graph":[{"@type":"WebPage","@id":"https:\/\/products.act.com\/de\/hilfsmittel\/downloads\/act-pro-v16\/","url":"https:\/\/products.act.com\/de\/hilfsmittel\/downloads\/act-pro-v16\/","name":"Act! Pro v16 Download | Deutsch","isPartOf":{"@id":"https:\/\/products.act.com\/de\/#website"},"datePublished":"2022-01-07T05:48:26+00:00","dateModified":"2022-11-18T18:36:48+00:00","description":"Laden Sie hier Ihre Act! Pro v16 CRM Software herunter.","breadcrumb":{"@id":"https:\/\/products.act.com\/de\/hilfsmittel\/downloads\/act-pro-v16\/#breadcrumb"},"inLanguage":"de-DE","potentialAction":[{"@type":"ReadAction","target":["https:\/\/products.act.com\/de\/hilfsmittel\/downloads\/act-pro-v16\/"]}]},{"@type":"BreadcrumbList","@id":"https:\/\/products.act.com\/de\/hilfsmittel\/downloads\/act-pro-v16\/#breadcrumb","itemListElement":[{"@type":"ListItem","position":1,"name":"Home","item":"https:\/\/products.act.com\/de\/"},{"@type":"ListItem","position":2,"name":"Hilfsmittel","item":"http:\/\/products.act.com\/de\/hilfsmittel\/"},{"@type":"ListItem","position":3,"name":"Act! Premium | Downloads Deutsch","item":"http:\/\/products.act.com\/de\/resources\/downloads\/"},{"@type":"ListItem","position":4,"name":"Act! Pro v16 Download | Deutsch"}]},{"@type":"WebSite","@id":"https:\/\/products.act.com\/de\/#website","url":"https:\/\/products.act.com\/de\/","name":"Act!","description":"CRM &amp; Marketing Automation in One","publisher":{"@id":"https:\/\/products.act.com\/de\/#organization"},"potentialAction":[{"@type":"SearchAction","target":{"@type":"EntryPoint","urlTemplate":"https:\/\/products.act.com\/de\/?s={search_term_string}"},"query-input":"required name=search_term_string"}],"inLanguage":"de-DE"},{"@type":"Organization","@id":"https:\/\/products.act.com\/de\/#organization","name":"Act!","url":"https:\/\/products.act.com\/de\/","logo":{"@type":"ImageObject","inLanguage":"de-DE","@id":"https:\/\/products.act.com\/de\/#\/schema\/logo\/image\/","url":"https:\/\/products.act.com\/wp-content\/uploads\/2021\/07\/logo_fe5000.png","contentUrl":"https:\/\/products.act.com\/wp-content\/uploads\/2021\/07\/logo_fe5000.png","width":120,"height":120,"caption":"Act!"},"image":{"@id":"https:\/\/products.act.com\/de\/#\/schema\/logo\/image\/"}}]}},"_links":{"self":[{"href":"https:\/\/products.act.com\/de\/wp-json\/wp\/v2\/pages\/44281"}],"collection":[{"href":"https:\/\/products.act.com\/de\/wp-json\/wp\/v2\/pages"}],"about":[{"href":"https:\/\/products.act.com\/de\/wp-json\/wp\/v2\/types\/page"}],"author":[{"embeddable":true,"href":"https:\/\/products.act.com\/de\/wp-json\/wp\/v2\/users\/4"}],"replies":[{"embeddable":true,"href":"https:\/\/products.act.com\/de\/wp-json\/wp\/v2\/comments?post=44281"}],"version-history":[{"count":0,"href":"https:\/\/products.act.com\/de\/wp-json\/wp\/v2\/pages\/44281\/revisions"}],"up":[{"embeddable":true,"href":"https:\/\/products.act.com\/de\/wp-json\/wp\/v2\/pages\/44203"}],"wp:attachment":[{"href":"https:\/\/products.act.com\/de\/wp-json\/wp\/v2\/media?parent=44281"}],"wp:term":[{"taxonomy":"category","embeddable":true,"href":"https:\/\/products.act.com\/de\/wp-json\/wp\/v2\/categories?post=44281"},{"taxonomy":"post_tag","embeddable":true,"href":"https:\/\/products.act.com\/de\/wp-json\/wp\/v2\/tags?post=44281"},{"taxonomy":"folder","embeddable":true,"href":"https:\/\/products.act.com\/de\/wp-json\/wp\/v2\/folder?post=44281"}],"curies":[{"name":"wp","href":"https:\/\/api.w.org\/{rel}","templated":true}]}}