{"id":44195,"date":"2021-08-27T08:22:13","date_gmt":"2021-08-27T08:22:13","guid":{"rendered":"https:\/\/act.com\/act-connect-link\/"},"modified":"2022-11-23T14:30:54","modified_gmt":"2022-11-23T21:30:54","slug":"act-connect-link","status":"publish","type":"page","link":"https:\/\/products.act.com\/de\/produkte\/act-connect-link\/","title":{"rendered":"Act! Connect Link &#8211; Verbindung mit den Act! Premium Desktop-Nutzern"},"content":{"rendered":"\t\t<div data-elementor-type=\"wp-page\" data-elementor-id=\"44195\" class=\"elementor elementor-44195 elementor-9248\" data-elementor-post-type=\"page\">\n\t\t\t\t\t\t<section class=\"elementor-section elementor-top-section elementor-element elementor-element-578ccacc topSctGlb elementor-section-boxed elementor-section-height-default elementor-section-height-default\" data-id=\"578ccacc\" data-element_type=\"section\">\n\t\t\t\t\t\t\t<div class=\"elementor-background-overlay\"><\/div>\n\t\t\t\t\t\t\t<div class=\"elementor-container elementor-column-gap-default\">\n\t\t\t\t\t<div class=\"elementor-column elementor-col-100 elementor-top-column elementor-element elementor-element-2271ea3a\" data-id=\"2271ea3a\" data-element_type=\"column\" data-settings=\"{&quot;background_background&quot;:&quot;classic&quot;}\">\n\t\t\t<div class=\"elementor-widget-wrap elementor-element-populated\">\n\t\t\t\t\t\t<section class=\"elementor-section elementor-inner-section elementor-element elementor-element-e0db774 elementor-section-boxed elementor-section-height-default elementor-section-height-default\" data-id=\"e0db774\" data-element_type=\"section\">\n\t\t\t\t\t\t<div class=\"elementor-container elementor-column-gap-default\">\n\t\t\t\t\t<div class=\"elementor-column elementor-col-50 elementor-inner-column elementor-element elementor-element-4fc0b7e\" data-id=\"4fc0b7e\" data-element_type=\"column\">\n\t\t\t<div class=\"elementor-widget-wrap elementor-element-populated\">\n\t\t\t\t\t\t<div class=\"elementor-element elementor-element-856be6d elementor-widget elementor-widget-image\" data-id=\"856be6d\" data-element_type=\"widget\" data-widget_type=\"image.default\">\n\t\t\t\t<div class=\"elementor-widget-container\">\n\t\t\t<style>\/*! elementor - v3.20.0 - 26-03-2024 *\/\n.elementor-widget-image{text-align:center}.elementor-widget-image a{display:inline-block}.elementor-widget-image a img[src$=\".svg\"]{width:48px}.elementor-widget-image img{vertical-align:middle;display:inline-block}<\/style>\t\t\t\t\t\t\t\t\t\t<img decoding=\"async\" src=\"https:\/\/products.act.com\/wp-content\/uploads\/elementor\/thumbs\/vp_connections-qn90i3d1k22w8ou6hffpa9pmnqvpawj8dngo10qalc.png\" title=\"vp_connections\" alt=\"icon of a mobile phone with various nodes coming out of it\" loading=\"lazy\" \/>\t\t\t\t\t\t\t\t\t\t\t\t\t<\/div>\n\t\t\t\t<\/div>\n\t\t\t\t\t<\/div>\n\t\t<\/div>\n\t\t\t\t<div class=\"elementor-column elementor-col-50 elementor-inner-column elementor-element elementor-element-aa54483\" data-id=\"aa54483\" data-element_type=\"column\">\n\t\t\t<div class=\"elementor-widget-wrap elementor-element-populated\">\n\t\t\t\t\t\t<div class=\"elementor-element elementor-element-9b89657 elementor-widget elementor-widget-heading\" data-id=\"9b89657\" data-element_type=\"widget\" data-widget_type=\"heading.default\">\n\t\t\t\t<div class=\"elementor-widget-container\">\n\t\t\t<style>\/*! elementor - v3.20.0 - 26-03-2024 *\/\n.elementor-heading-title{padding:0;margin:0;line-height:1}.elementor-widget-heading .elementor-heading-title[class*=elementor-size-]>a{color:inherit;font-size:inherit;line-height:inherit}.elementor-widget-heading .elementor-heading-title.elementor-size-small{font-size:15px}.elementor-widget-heading .elementor-heading-title.elementor-size-medium{font-size:19px}.elementor-widget-heading .elementor-heading-title.elementor-size-large{font-size:29px}.elementor-widget-heading .elementor-heading-title.elementor-size-xl{font-size:39px}.elementor-widget-heading .elementor-heading-title.elementor-size-xxl{font-size:59px}<\/style><h1 class=\"elementor-heading-title elementor-size-default\">Act! Connect Link<\/h1>\t\t<\/div>\n\t\t\t\t<\/div>\n\t\t\t\t<div class=\"elementor-element elementor-element-397fde4 elementor-widget elementor-widget-text-editor\" data-id=\"397fde4\" data-element_type=\"widget\" data-widget_type=\"text-editor.default\">\n\t\t\t\t<div class=\"elementor-widget-container\">\n\t\t\t<style>\/*! elementor - v3.20.0 - 26-03-2024 *\/\n.elementor-widget-text-editor.elementor-drop-cap-view-stacked .elementor-drop-cap{background-color:#69727d;color:#fff}.elementor-widget-text-editor.elementor-drop-cap-view-framed .elementor-drop-cap{color:#69727d;border:3px solid;background-color:transparent}.elementor-widget-text-editor:not(.elementor-drop-cap-view-default) .elementor-drop-cap{margin-top:8px}.elementor-widget-text-editor:not(.elementor-drop-cap-view-default) .elementor-drop-cap-letter{width:1em;height:1em}.elementor-widget-text-editor .elementor-drop-cap{float:left;text-align:center;line-height:1;font-size:50px}.elementor-widget-text-editor .elementor-drop-cap-letter{display:inline-block}<\/style>\t\t\t\t<p>Der neue Act! Connect Link verbindet die Act! Connect Integrationsplattform mit den Act! Desktop-Nutzern. Die Einrichtung von Act! Connect ist v\u00f6llig unkompliziert, einfach installieren und starten! Mit Act! Connect ist die Integration in die beliebtesten Business-Apps einfacher denn je, unabh\u00e4ngig davon, ob Sie die Web-, Cloud- oder Desktop-Version von Act! verwenden.\u00a0<a href=\"\/de\/produkte\/act-connections\/\">Erfahren Sie mehr \u00fcber Act! Connect<\/a>.<\/p>\t\t\t\t\t\t<\/div>\n\t\t\t\t<\/div>\n\t\t\t\t\t<\/div>\n\t\t<\/div>\n\t\t\t\t\t<\/div>\n\t\t<\/section>\n\t\t\t\t\t<\/div>\n\t\t<\/div>\n\t\t\t\t\t<\/div>\n\t\t<\/section>\n\t\t\t\t<section class=\"elementor-section elementor-top-section elementor-element elementor-element-133ac81 elementor-section-boxed elementor-section-height-default elementor-section-height-default\" data-id=\"133ac81\" data-element_type=\"section\" data-settings=\"{&quot;background_background&quot;:&quot;classic&quot;}\">\n\t\t\t\t\t\t<div class=\"elementor-container elementor-column-gap-default\">\n\t\t\t\t\t<div class=\"elementor-column elementor-col-100 elementor-top-column elementor-element elementor-element-9f43439\" data-id=\"9f43439\" data-element_type=\"column\">\n\t\t\t<div class=\"elementor-widget-wrap elementor-element-populated\">\n\t\t\t\t\t\t<section class=\"elementor-section elementor-inner-section elementor-element elementor-element-3f15659 elementor-section-boxed elementor-section-height-default elementor-section-height-default\" data-id=\"3f15659\" data-element_type=\"section\">\n\t\t\t\t\t\t<div class=\"elementor-container elementor-column-gap-default\">\n\t\t\t\t\t<div class=\"elementor-column elementor-col-50 elementor-inner-column elementor-element elementor-element-d5e8952\" data-id=\"d5e8952\" data-element_type=\"column\">\n\t\t\t<div class=\"elementor-widget-wrap elementor-element-populated\">\n\t\t\t\t\t\t<div class=\"elementor-element elementor-element-eeba1b8 elementor-widget elementor-widget-text-editor\" data-id=\"eeba1b8\" data-element_type=\"widget\" data-widget_type=\"text-editor.default\">\n\t\t\t\t<div class=\"elementor-widget-container\">\n\t\t\t\t\t\t\t<p><strong>F\u00fcr wen ist Act! Connect Link gedacht?<\/strong>\u00a0F\u00fcr Act! Abonnenten mit der Desktop-Version (Windows\u00ae) von Act! (v18.2 oder h\u00f6here Version).<\/p><p>Wo erhalten Sie Act! Connect Link? Act! Abonnenten m\u00fcssen \u00fcber Act! v18.2 (oder eine h\u00f6here Version) verf\u00fcgen und bei der Installation die Option zum Installieren von Act! Connect Link ausw\u00e4hlen.\u00a0<\/p>\t\t\t\t\t\t<\/div>\n\t\t\t\t<\/div>\n\t\t\t\t<div class=\"elementor-element elementor-element-dc0653b elementor-widget elementor-widget-button\" data-id=\"dc0653b\" data-element_type=\"widget\" data-widget_type=\"button.default\">\n\t\t\t\t<div class=\"elementor-widget-container\">\n\t\t\t\t\t<div class=\"elementor-button-wrapper\">\n\t\t\t<a class=\"elementor-button elementor-button-link elementor-size-sm\" href=\"\/de\/hilfsmittel\/downloads\/\">\n\t\t\t\t\t\t<span class=\"elementor-button-content-wrapper\">\n\t\t\t\t\t\t<span class=\"elementor-button-text\">Auf aktuelle Version aktualisieren<\/span>\n\t\t<\/span>\n\t\t\t\t\t<\/a>\n\t\t<\/div>\n\t\t\t\t<\/div>\n\t\t\t\t<\/div>\n\t\t\t\t\t<\/div>\n\t\t<\/div>\n\t\t\t\t<div class=\"elementor-column elementor-col-50 elementor-inner-column elementor-element elementor-element-1de4e91\" data-id=\"1de4e91\" data-element_type=\"column\">\n\t\t\t<div class=\"elementor-widget-wrap elementor-element-populated\">\n\t\t\t\t\t\t<div class=\"elementor-element elementor-element-f6aabb8 elementor-widget elementor-widget-text-editor\" data-id=\"f6aabb8\" data-element_type=\"widget\" data-widget_type=\"text-editor.default\">\n\t\t\t\t<div class=\"elementor-widget-container\">\n\t\t\t\t\t\t\t<p><strong>Sie haben bereits Act! v18.2 (oder eine h\u00f6here Version) installiert\u00a0<\/strong>und m\u00f6chten nun Act! Connect Link installieren? Klicken Sie dazu auf die Schaltfl\u00e4che unten, um die Installation (91,2\u00a0MB) zu starten.<\/p>\t\t\t\t\t\t<\/div>\n\t\t\t\t<\/div>\n\t\t\t\t<div class=\"elementor-element elementor-element-2824732 elementor-widget elementor-widget-button\" data-id=\"2824732\" data-element_type=\"widget\" data-widget_type=\"button.default\">\n\t\t\t\t<div class=\"elementor-widget-container\">\n\t\t\t\t\t<div class=\"elementor-button-wrapper\">\n\t\t\t<a class=\"elementor-button elementor-button-link elementor-size-sm\" href=\"https:\/\/www.act.com\/inproduct\/ie\/acl_install\/\">\n\t\t\t\t\t\t<span class=\"elementor-button-content-wrapper\">\n\t\t\t\t\t\t<span class=\"elementor-button-text\">Act! Connect Link installieren<\/span>\n\t\t<\/span>\n\t\t\t\t\t<\/a>\n\t\t<\/div>\n\t\t\t\t<\/div>\n\t\t\t\t<\/div>\n\t\t\t\t\t<\/div>\n\t\t<\/div>\n\t\t\t\t\t<\/div>\n\t\t<\/section>\n\t\t\t\t\t<\/div>\n\t\t<\/div>\n\t\t\t\t\t<\/div>\n\t\t<\/section>\n\t\t\t\t<\/div>\n\t\t","protected":false},"excerpt":{"rendered":"<p>Act! Connect Link Der neue Act! Connect Link verbindet die Act! Connect Integrationsplattform mit den Act! Desktop-Nutzern. Die Einrichtung von Act! Connect ist v\u00f6llig unkompliziert, einfach installieren und starten! Mit Act! Connect ist die Integration in die beliebtesten Business-Apps einfacher denn je, unabh\u00e4ngig davon, ob Sie die Web-, Cloud- oder Desktop-Version von Act! verwenden.\u00a0Erfahren Sie [&hellip;]<\/p>\n","protected":false},"author":4,"featured_media":0,"parent":43951,"menu_order":0,"comment_status":"closed","ping_status":"closed","template":"elementor_header_footer","meta":{"_acf_changed":false,"content-type":"","inline_featured_image":false,"footnotes":""},"categories":[],"tags":[],"folder":[],"acf":[],"yoast_head":"<!-- This site is optimized with the Yoast SEO Premium plugin v22.2 (Yoast SEO v22.4) - https:\/\/yoast.com\/wordpress\/plugins\/seo\/ -->\n<title>Act! Connect Link - Verbindung mit den Act! Premium Desktop-Nutzern<\/title>\n<meta name=\"description\" content=\"Mit Act! Connect ist die Integration in die beliebtesten Business-Apps einfacher denn je.\" \/>\n<meta name=\"robots\" content=\"noindex, follow, max-snippet:-1, max-image-preview:large, max-video-preview:-1\" \/>\n<meta property=\"og:locale\" content=\"de_DE\" \/>\n<meta property=\"og:type\" content=\"article\" \/>\n<meta property=\"og:title\" content=\"Act! Connect Link - Verbindung mit den Act! Premium Desktop-Nutzern\" \/>\n<meta property=\"og:description\" content=\"Mit Act! Connect ist die Integration in die beliebtesten Business-Apps einfacher denn je.\" \/>\n<meta property=\"og:url\" content=\"https:\/\/products.act.com\/de\/produkte\/act-connect-link\/\" \/>\n<meta property=\"og:site_name\" content=\"Act!\" \/>\n<meta property=\"article:modified_time\" content=\"2022-11-23T21:30:54+00:00\" \/>\n<meta property=\"og:image\" content=\"https:\/\/dev-inproduct.pantheonsite.io\/uploads\/elementor\/thumbs\/vp_connections-pkcxsdp6api38605pb5c8y3pql5dtre1rtb0gokqow.png\" \/>\n<meta name=\"twitter:card\" content=\"summary_large_image\" \/>\n<meta name=\"twitter:label1\" content=\"Est. reading time\" \/>\n\t<meta name=\"twitter:data1\" content=\"2 minutes\" \/>\n<script type=\"application\/ld+json\" class=\"yoast-schema-graph\">{\"@context\":\"https:\/\/schema.org\",\"@graph\":[{\"@type\":\"WebPage\",\"@id\":\"https:\/\/products.act.com\/de\/produkte\/act-connect-link\/\",\"url\":\"https:\/\/products.act.com\/de\/produkte\/act-connect-link\/\",\"name\":\"Act! Connect Link - Verbindung mit den Act! Premium Desktop-Nutzern\",\"isPartOf\":{\"@id\":\"https:\/\/products.act.com\/de\/#website\"},\"primaryImageOfPage\":{\"@id\":\"https:\/\/products.act.com\/de\/produkte\/act-connect-link\/#primaryimage\"},\"image\":{\"@id\":\"https:\/\/products.act.com\/de\/produkte\/act-connect-link\/#primaryimage\"},\"thumbnailUrl\":\"https:\/\/dev-inproduct.pantheonsite.io\/uploads\/elementor\/thumbs\/vp_connections-pkcxsdp6api38605pb5c8y3pql5dtre1rtb0gokqow.png\",\"datePublished\":\"2021-08-27T08:22:13+00:00\",\"dateModified\":\"2022-11-23T21:30:54+00:00\",\"description\":\"Mit Act! Connect ist die Integration in die beliebtesten Business-Apps einfacher denn je.\",\"breadcrumb\":{\"@id\":\"https:\/\/products.act.com\/de\/produkte\/act-connect-link\/#breadcrumb\"},\"inLanguage\":\"de-DE\",\"potentialAction\":[{\"@type\":\"ReadAction\",\"target\":[\"https:\/\/products.act.com\/de\/produkte\/act-connect-link\/\"]}]},{\"@type\":\"ImageObject\",\"inLanguage\":\"de-DE\",\"@id\":\"https:\/\/products.act.com\/de\/produkte\/act-connect-link\/#primaryimage\",\"url\":\"https:\/\/dev-inproduct.pantheonsite.io\/uploads\/elementor\/thumbs\/vp_connections-pkcxsdp6api38605pb5c8y3pql5dtre1rtb0gokqow.png\",\"contentUrl\":\"https:\/\/dev-inproduct.pantheonsite.io\/uploads\/elementor\/thumbs\/vp_connections-pkcxsdp6api38605pb5c8y3pql5dtre1rtb0gokqow.png\"},{\"@type\":\"BreadcrumbList\",\"@id\":\"https:\/\/products.act.com\/de\/produkte\/act-connect-link\/#breadcrumb\",\"itemListElement\":[{\"@type\":\"ListItem\",\"position\":1,\"name\":\"Home\",\"item\":\"https:\/\/products.act.com\/de\/\"},{\"@type\":\"ListItem\",\"position\":2,\"name\":\"CRM-Funktionen | CRM und Marketing Automation | Vertriebssoftware\",\"item\":\"http:\/\/products.act.com\/de\/produkte\/\"},{\"@type\":\"ListItem\",\"position\":3,\"name\":\"Act! Connect Link &#8211; Verbindung mit den Act! Premium Desktop-Nutzern\"}]},{\"@type\":\"WebSite\",\"@id\":\"https:\/\/products.act.com\/de\/#website\",\"url\":\"https:\/\/products.act.com\/de\/\",\"name\":\"Act!\",\"description\":\"CRM &amp; Marketing Automation in One\",\"publisher\":{\"@id\":\"https:\/\/products.act.com\/de\/#organization\"},\"potentialAction\":[{\"@type\":\"SearchAction\",\"target\":{\"@type\":\"EntryPoint\",\"urlTemplate\":\"https:\/\/products.act.com\/de\/?s={search_term_string}\"},\"query-input\":\"required name=search_term_string\"}],\"inLanguage\":\"de-DE\"},{\"@type\":\"Organization\",\"@id\":\"https:\/\/products.act.com\/de\/#organization\",\"name\":\"Act!\",\"url\":\"https:\/\/products.act.com\/de\/\",\"logo\":{\"@type\":\"ImageObject\",\"inLanguage\":\"de-DE\",\"@id\":\"https:\/\/products.act.com\/de\/#\/schema\/logo\/image\/\",\"url\":\"https:\/\/products.act.com\/wp-content\/uploads\/2021\/07\/logo_fe5000.png\",\"contentUrl\":\"https:\/\/products.act.com\/wp-content\/uploads\/2021\/07\/logo_fe5000.png\",\"width\":120,\"height\":120,\"caption\":\"Act!\"},\"image\":{\"@id\":\"https:\/\/products.act.com\/de\/#\/schema\/logo\/image\/\"}}]}<\/script>\n<!-- \/ Yoast SEO Premium plugin. -->","yoast_head_json":{"title":"Act! Connect Link - Verbindung mit den Act! Premium Desktop-Nutzern","description":"Mit Act! Connect ist die Integration in die beliebtesten Business-Apps einfacher denn je.","robots":{"index":"noindex","follow":"follow","max-snippet":"max-snippet:-1","max-image-preview":"max-image-preview:large","max-video-preview":"max-video-preview:-1"},"og_locale":"de_DE","og_type":"article","og_title":"Act! Connect Link - Verbindung mit den Act! Premium Desktop-Nutzern","og_description":"Mit Act! Connect ist die Integration in die beliebtesten Business-Apps einfacher denn je.","og_url":"https:\/\/products.act.com\/de\/produkte\/act-connect-link\/","og_site_name":"Act!","article_modified_time":"2022-11-23T21:30:54+00:00","og_image":[{"url":"https:\/\/dev-inproduct.pantheonsite.io\/uploads\/elementor\/thumbs\/vp_connections-pkcxsdp6api38605pb5c8y3pql5dtre1rtb0gokqow.png"}],"twitter_card":"summary_large_image","twitter_misc":{"Est. reading time":"2 minutes"},"schema":{"@context":"https:\/\/schema.org","@graph":[{"@type":"WebPage","@id":"https:\/\/products.act.com\/de\/produkte\/act-connect-link\/","url":"https:\/\/products.act.com\/de\/produkte\/act-connect-link\/","name":"Act! Connect Link - Verbindung mit den Act! Premium Desktop-Nutzern","isPartOf":{"@id":"https:\/\/products.act.com\/de\/#website"},"primaryImageOfPage":{"@id":"https:\/\/products.act.com\/de\/produkte\/act-connect-link\/#primaryimage"},"image":{"@id":"https:\/\/products.act.com\/de\/produkte\/act-connect-link\/#primaryimage"},"thumbnailUrl":"https:\/\/dev-inproduct.pantheonsite.io\/uploads\/elementor\/thumbs\/vp_connections-pkcxsdp6api38605pb5c8y3pql5dtre1rtb0gokqow.png","datePublished":"2021-08-27T08:22:13+00:00","dateModified":"2022-11-23T21:30:54+00:00","description":"Mit Act! Connect ist die Integration in die beliebtesten Business-Apps einfacher denn je.","breadcrumb":{"@id":"https:\/\/products.act.com\/de\/produkte\/act-connect-link\/#breadcrumb"},"inLanguage":"de-DE","potentialAction":[{"@type":"ReadAction","target":["https:\/\/products.act.com\/de\/produkte\/act-connect-link\/"]}]},{"@type":"ImageObject","inLanguage":"de-DE","@id":"https:\/\/products.act.com\/de\/produkte\/act-connect-link\/#primaryimage","url":"https:\/\/dev-inproduct.pantheonsite.io\/uploads\/elementor\/thumbs\/vp_connections-pkcxsdp6api38605pb5c8y3pql5dtre1rtb0gokqow.png","contentUrl":"https:\/\/dev-inproduct.pantheonsite.io\/uploads\/elementor\/thumbs\/vp_connections-pkcxsdp6api38605pb5c8y3pql5dtre1rtb0gokqow.png"},{"@type":"BreadcrumbList","@id":"https:\/\/products.act.com\/de\/produkte\/act-connect-link\/#breadcrumb","itemListElement":[{"@type":"ListItem","position":1,"name":"Home","item":"https:\/\/products.act.com\/de\/"},{"@type":"ListItem","position":2,"name":"CRM-Funktionen | CRM und Marketing Automation | Vertriebssoftware","item":"http:\/\/products.act.com\/de\/produkte\/"},{"@type":"ListItem","position":3,"name":"Act! Connect Link &#8211; Verbindung mit den Act! Premium Desktop-Nutzern"}]},{"@type":"WebSite","@id":"https:\/\/products.act.com\/de\/#website","url":"https:\/\/products.act.com\/de\/","name":"Act!","description":"CRM &amp; Marketing Automation in One","publisher":{"@id":"https:\/\/products.act.com\/de\/#organization"},"potentialAction":[{"@type":"SearchAction","target":{"@type":"EntryPoint","urlTemplate":"https:\/\/products.act.com\/de\/?s={search_term_string}"},"query-input":"required name=search_term_string"}],"inLanguage":"de-DE"},{"@type":"Organization","@id":"https:\/\/products.act.com\/de\/#organization","name":"Act!","url":"https:\/\/products.act.com\/de\/","logo":{"@type":"ImageObject","inLanguage":"de-DE","@id":"https:\/\/products.act.com\/de\/#\/schema\/logo\/image\/","url":"https:\/\/products.act.com\/wp-content\/uploads\/2021\/07\/logo_fe5000.png","contentUrl":"https:\/\/products.act.com\/wp-content\/uploads\/2021\/07\/logo_fe5000.png","width":120,"height":120,"caption":"Act!"},"image":{"@id":"https:\/\/products.act.com\/de\/#\/schema\/logo\/image\/"}}]}},"_links":{"self":[{"href":"https:\/\/products.act.com\/de\/wp-json\/wp\/v2\/pages\/44195"}],"collection":[{"href":"https:\/\/products.act.com\/de\/wp-json\/wp\/v2\/pages"}],"about":[{"href":"https:\/\/products.act.com\/de\/wp-json\/wp\/v2\/types\/page"}],"author":[{"embeddable":true,"href":"https:\/\/products.act.com\/de\/wp-json\/wp\/v2\/users\/4"}],"replies":[{"embeddable":true,"href":"https:\/\/products.act.com\/de\/wp-json\/wp\/v2\/comments?post=44195"}],"version-history":[{"count":0,"href":"https:\/\/products.act.com\/de\/wp-json\/wp\/v2\/pages\/44195\/revisions"}],"up":[{"embeddable":true,"href":"https:\/\/products.act.com\/de\/wp-json\/wp\/v2\/pages\/43951"}],"wp:attachment":[{"href":"https:\/\/products.act.com\/de\/wp-json\/wp\/v2\/media?parent=44195"}],"wp:term":[{"taxonomy":"category","embeddable":true,"href":"https:\/\/products.act.com\/de\/wp-json\/wp\/v2\/categories?post=44195"},{"taxonomy":"post_tag","embeddable":true,"href":"https:\/\/products.act.com\/de\/wp-json\/wp\/v2\/tags?post=44195"},{"taxonomy":"folder","embeddable":true,"href":"https:\/\/products.act.com\/de\/wp-json\/wp\/v2\/folder?post=44195"}],"curies":[{"name":"wp","href":"https:\/\/api.w.org\/{rel}","templated":true}]}}