{"id":44047,"date":"2022-01-05T20:05:55","date_gmt":"2022-01-05T13:05:55","guid":{"rendered":"https:\/\/act.com\/?page_id=44047"},"modified":"2022-11-17T12:40:06","modified_gmt":"2022-11-17T19:40:06","slug":"umstieg-auf-eine-cloud-loesung","status":"publish","type":"page","link":"https:\/\/products.act.com\/de\/guides\/umstieg-auf-eine-cloud-loesung\/","title":{"rendered":"umstieg auf eine cloud l\u00f6sung"},"content":{"rendered":"\t\t<div data-elementor-type=\"wp-page\" data-elementor-id=\"44047\" class=\"elementor elementor-44047\" data-elementor-post-type=\"page\">\n\t\t\t\t\t\t<section class=\"elementor-section elementor-top-section elementor-element elementor-element-69d312bc topSctGlb elementor-section-boxed elementor-section-height-default elementor-section-height-default\" data-id=\"69d312bc\" data-element_type=\"section\" data-settings=\"{&quot;background_background&quot;:&quot;gradient&quot;}\">\n\t\t\t\t\t\t\t<div class=\"elementor-background-overlay\"><\/div>\n\t\t\t\t\t\t\t<div class=\"elementor-container elementor-column-gap-default\">\n\t\t\t\t\t<div class=\"elementor-column elementor-col-100 elementor-top-column elementor-element elementor-element-4b66bab0\" data-id=\"4b66bab0\" data-element_type=\"column\" data-settings=\"{&quot;background_background&quot;:&quot;classic&quot;}\">\n\t\t\t<div class=\"elementor-widget-wrap elementor-element-populated\">\n\t\t\t\t\t\t<div class=\"elementor-element elementor-element-730c834e elementor-widget elementor-widget-heading\" data-id=\"730c834e\" data-element_type=\"widget\" data-widget_type=\"heading.default\">\n\t\t\t\t<div class=\"elementor-widget-container\">\n\t\t\t<style>\/*! elementor - v3.20.0 - 26-03-2024 *\/\n.elementor-heading-title{padding:0;margin:0;line-height:1}.elementor-widget-heading .elementor-heading-title[class*=elementor-size-]>a{color:inherit;font-size:inherit;line-height:inherit}.elementor-widget-heading .elementor-heading-title.elementor-size-small{font-size:15px}.elementor-widget-heading .elementor-heading-title.elementor-size-medium{font-size:19px}.elementor-widget-heading .elementor-heading-title.elementor-size-large{font-size:29px}.elementor-widget-heading .elementor-heading-title.elementor-size-xl{font-size:39px}.elementor-widget-heading .elementor-heading-title.elementor-size-xxl{font-size:59px}<\/style><h1 class=\"elementor-heading-title elementor-size-default\">Sie erw\u00e4gen einen Umstieg auf<br>\neine Cloud-L\u00f6sung?<\/h1>\t\t<\/div>\n\t\t\t\t<\/div>\n\t\t\t\t<div class=\"elementor-element elementor-element-b26397b elementor-widget elementor-widget-text-editor\" data-id=\"b26397b\" data-element_type=\"widget\" data-widget_type=\"text-editor.default\">\n\t\t\t\t<div class=\"elementor-widget-container\">\n\t\t\t<style>\/*! elementor - v3.20.0 - 26-03-2024 *\/\n.elementor-widget-text-editor.elementor-drop-cap-view-stacked .elementor-drop-cap{background-color:#69727d;color:#fff}.elementor-widget-text-editor.elementor-drop-cap-view-framed .elementor-drop-cap{color:#69727d;border:3px solid;background-color:transparent}.elementor-widget-text-editor:not(.elementor-drop-cap-view-default) .elementor-drop-cap{margin-top:8px}.elementor-widget-text-editor:not(.elementor-drop-cap-view-default) .elementor-drop-cap-letter{width:1em;height:1em}.elementor-widget-text-editor .elementor-drop-cap{float:left;text-align:center;line-height:1;font-size:50px}.elementor-widget-text-editor .elementor-drop-cap-letter{display:inline-block}<\/style>\t\t\t\t<p>35 Fragen f\u00fcr Sie und Ihren Cloud-Anbieter<\/p>\t\t\t\t\t\t<\/div>\n\t\t\t\t<\/div>\n\t\t\t\t\t<\/div>\n\t\t<\/div>\n\t\t\t\t\t<\/div>\n\t\t<\/section>\n\t\t\t\t<section class=\"elementor-section elementor-top-section elementor-element elementor-element-6cb4608d elementor-section-boxed elementor-section-height-default elementor-section-height-default\" data-id=\"6cb4608d\" data-element_type=\"section\">\n\t\t\t\t\t\t<div class=\"elementor-container elementor-column-gap-default\">\n\t\t\t\t\t<div class=\"elementor-column elementor-col-100 elementor-top-column elementor-element elementor-element-4470a3c9\" data-id=\"4470a3c9\" data-element_type=\"column\">\n\t\t\t<div class=\"elementor-widget-wrap elementor-element-populated\">\n\t\t\t\t\t\t<section class=\"elementor-section elementor-inner-section elementor-element elementor-element-7ab1a36a elementor-section-boxed elementor-section-height-default elementor-section-height-default\" data-id=\"7ab1a36a\" data-element_type=\"section\">\n\t\t\t\t\t\t<div class=\"elementor-container elementor-column-gap-default\">\n\t\t\t\t\t<div class=\"elementor-column elementor-col-50 elementor-inner-column elementor-element elementor-element-76eae7f7\" data-id=\"76eae7f7\" data-element_type=\"column\">\n\t\t\t<div class=\"elementor-widget-wrap elementor-element-populated\">\n\t\t\t\t\t\t<div class=\"elementor-element elementor-element-bc96df4 elementor-widget elementor-widget-text-editor\" data-id=\"bc96df4\" data-element_type=\"widget\" data-widget_type=\"text-editor.default\">\n\t\t\t\t<div class=\"elementor-widget-container\">\n\t\t\t\t\t\t\t<div class=\"sfContentBlock\"><div class=\"sfContentBlock\"><h2>\u00dcber dieses eBook<\/h2><p>Jedes Jahr werden sich immer mehr Unternehmen der Vorteile der Cloud bewusst und wechseln von lokalen Installationen und Desktopsystemen zum sogenannten Software-as-a-Service-Modell (SaaS).<\/p><p>In diesem eBook schlagen wir Ihnen 35 Fragen in neun Themenbereichen vor, die Sie sich selbst und Ihrem Cloud-Anbieter stellen sollten, bevor Sie sich endg\u00fcltig f\u00fcr ein Produkt bzw. einen Anbieter entscheiden.<\/p><\/div><\/div>\t\t\t\t\t\t<\/div>\n\t\t\t\t<\/div>\n\t\t\t\t<div class=\"elementor-element elementor-element-608ed385 elementor-widget elementor-widget-image\" data-id=\"608ed385\" data-element_type=\"widget\" data-widget_type=\"image.default\">\n\t\t\t\t<div class=\"elementor-widget-container\">\n\t\t\t<style>\/*! elementor - v3.20.0 - 26-03-2024 *\/\n.elementor-widget-image{text-align:center}.elementor-widget-image a{display:inline-block}.elementor-widget-image a img[src$=\".svg\"]{width:48px}.elementor-widget-image img{vertical-align:middle;display:inline-block}<\/style>\t\t\t\t\t\t\t\t\t\t<img fetchpriority=\"high\" decoding=\"async\" width=\"428\" height=\"434\" src=\"https:\/\/products.act.com\/wp-content\/uploads\/2022\/01\/actincloud_lp_banner_de.png\" class=\"attachment-large size-large wp-image-44048\" alt=\"\" srcset=\"https:\/\/products.act.com\/wp-content\/uploads\/2022\/01\/actincloud_lp_banner_de.png 428w, https:\/\/products.act.com\/wp-content\/uploads\/2022\/01\/actincloud_lp_banner_de-296x300.png 296w\" sizes=\"(max-width: 428px) 100vw, 428px\" \/>\t\t\t\t\t\t\t\t\t\t\t\t\t<\/div>\n\t\t\t\t<\/div>\n\t\t\t\t\t<\/div>\n\t\t<\/div>\n\t\t\t\t<div class=\"elementor-column elementor-col-50 elementor-inner-column elementor-element elementor-element-476ca60e\" data-id=\"476ca60e\" data-element_type=\"column\" data-settings=\"{&quot;background_background&quot;:&quot;classic&quot;}\">\n\t\t\t<div class=\"elementor-widget-wrap elementor-element-populated\">\n\t\t\t\t\t\t<div class=\"elementor-element elementor-element-12618047 elementor-widget elementor-widget-shortcode\" data-id=\"12618047\" data-element_type=\"widget\" data-widget_type=\"shortcode.default\">\n\t\t\t\t<div class=\"elementor-widget-container\">\n\t\t\t\t\t<div class=\"elementor-shortcode\">\n\t\t\t\t\t<script>\n\t\t\t\t\t\twindow.hsFormsOnReady = window.hsFormsOnReady || [];\n\t\t\t\t\t\twindow.hsFormsOnReady.push(()=>{\n\t\t\t\t\t\t\thbspt.forms.create({\n\t\t\t\t\t\t\t\tportalId: 8376032,\n\t\t\t\t\t\t\t\tformId: \"bc19d799-753d-4484-ac34-225a44bee63a\",\n\t\t\t\t\t\t\t\ttarget: \"#hbspt-form-1776624008000-3977741836\",\n\t\t\t\t\t\t\t\tregion: \"na1\",\n\t\t\t\t\t\t\t\t\n\t\t\t\t\t\t})});\n\t\t\t\t\t<\/script>\n\t\t\t\t\t<div class=\"hbspt-form\" id=\"hbspt-form-1776624008000-3977741836\"><\/div><\/div>\n\t\t\t\t<\/div>\n\t\t\t\t<\/div>\n\t\t\t\t\t<\/div>\n\t\t<\/div>\n\t\t\t\t\t<\/div>\n\t\t<\/section>\n\t\t\t\t\t<\/div>\n\t\t<\/div>\n\t\t\t\t\t<\/div>\n\t\t<\/section>\n\t\t\t\t<section class=\"elementor-section elementor-top-section elementor-element elementor-element-229393e7 elementor-section-boxed elementor-section-height-default elementor-section-height-default\" data-id=\"229393e7\" data-element_type=\"section\" data-settings=\"{&quot;background_background&quot;:&quot;classic&quot;}\" data-e-bg-lazyload=\"\">\n\t\t\t\t\t\t<div class=\"elementor-container elementor-column-gap-default\">\n\t\t\t\t\t<div class=\"elementor-column elementor-col-100 elementor-top-column elementor-element elementor-element-565c023d\" data-id=\"565c023d\" data-element_type=\"column\">\n\t\t\t<div class=\"elementor-widget-wrap elementor-element-populated\">\n\t\t\t\t\t\t<div class=\"elementor-element elementor-element-5c916b03 elementor-widget elementor-widget-spacer\" data-id=\"5c916b03\" data-element_type=\"widget\" data-widget_type=\"spacer.default\">\n\t\t\t\t<div class=\"elementor-widget-container\">\n\t\t\t<style>\/*! elementor - v3.20.0 - 26-03-2024 *\/\n.elementor-column .elementor-spacer-inner{height:var(--spacer-size)}.e-con{--container-widget-width:100%}.e-con-inner>.elementor-widget-spacer,.e-con>.elementor-widget-spacer{width:var(--container-widget-width,var(--spacer-size));--align-self:var(--container-widget-align-self,initial);--flex-shrink:0}.e-con-inner>.elementor-widget-spacer>.elementor-widget-container,.e-con>.elementor-widget-spacer>.elementor-widget-container{height:100%;width:100%}.e-con-inner>.elementor-widget-spacer>.elementor-widget-container>.elementor-spacer,.e-con>.elementor-widget-spacer>.elementor-widget-container>.elementor-spacer{height:100%}.e-con-inner>.elementor-widget-spacer>.elementor-widget-container>.elementor-spacer>.elementor-spacer-inner,.e-con>.elementor-widget-spacer>.elementor-widget-container>.elementor-spacer>.elementor-spacer-inner{height:var(--container-widget-height,var(--spacer-size))}.e-con-inner>.elementor-widget-spacer.elementor-widget-empty,.e-con>.elementor-widget-spacer.elementor-widget-empty{position:relative;min-height:22px;min-width:22px}.e-con-inner>.elementor-widget-spacer.elementor-widget-empty .elementor-widget-empty-icon,.e-con>.elementor-widget-spacer.elementor-widget-empty .elementor-widget-empty-icon{position:absolute;top:0;bottom:0;left:0;right:0;margin:auto;padding:0;width:22px;height:22px}<\/style>\t\t<div class=\"elementor-spacer\">\n\t\t\t<div class=\"elementor-spacer-inner\"><\/div>\n\t\t<\/div>\n\t\t\t\t<\/div>\n\t\t\t\t<\/div>\n\t\t\t\t\t<\/div>\n\t\t<\/div>\n\t\t\t\t\t<\/div>\n\t\t<\/section>\n\t\t\t\t<section class=\"elementor-section elementor-top-section elementor-element elementor-element-6a43ba8b elementor-section-boxed elementor-section-height-default elementor-section-height-default\" data-id=\"6a43ba8b\" data-element_type=\"section\" data-settings=\"{&quot;background_background&quot;:&quot;classic&quot;}\">\n\t\t\t\t\t\t<div class=\"elementor-container elementor-column-gap-default\">\n\t\t\t\t\t<div class=\"elementor-column elementor-col-100 elementor-top-column elementor-element elementor-element-1409cffd\" data-id=\"1409cffd\" data-element_type=\"column\">\n\t\t\t<div class=\"elementor-widget-wrap elementor-element-populated\">\n\t\t\t\t\t\t<section class=\"elementor-section elementor-inner-section elementor-element elementor-element-40d1fe51 elementor-section-boxed elementor-section-height-default elementor-section-height-default\" data-id=\"40d1fe51\" data-element_type=\"section\">\n\t\t\t\t\t\t<div class=\"elementor-container elementor-column-gap-default\">\n\t\t\t\t\t<div class=\"elementor-column elementor-col-100 elementor-inner-column elementor-element elementor-element-1ee6b9b9\" data-id=\"1ee6b9b9\" data-element_type=\"column\">\n\t\t\t<div class=\"elementor-widget-wrap elementor-element-populated\">\n\t\t\t\t\t\t<div class=\"elementor-element elementor-element-135753dc elementor-testimonial--layout-image_left elementor-testimonial--align-left quotetestimonial_sect_DE elementor-testimonial--skin-default elementor-arrows-yes elementor-pagination-type-bullets elementor-widget elementor-widget-testimonial-carousel\" data-id=\"135753dc\" data-element_type=\"widget\" data-settings=\"{&quot;space_between&quot;:{&quot;unit&quot;:&quot;px&quot;,&quot;size&quot;:&quot;&quot;,&quot;sizes&quot;:[]},&quot;show_arrows&quot;:&quot;yes&quot;,&quot;pagination&quot;:&quot;bullets&quot;,&quot;speed&quot;:500,&quot;autoplay&quot;:&quot;yes&quot;,&quot;autoplay_speed&quot;:5000,&quot;loop&quot;:&quot;yes&quot;,&quot;pause_on_hover&quot;:&quot;yes&quot;,&quot;pause_on_interaction&quot;:&quot;yes&quot;,&quot;space_between_tablet&quot;:{&quot;unit&quot;:&quot;px&quot;,&quot;size&quot;:10,&quot;sizes&quot;:[]},&quot;space_between_mobile&quot;:{&quot;unit&quot;:&quot;px&quot;,&quot;size&quot;:10,&quot;sizes&quot;:[]}}\" data-widget_type=\"testimonial-carousel.default\">\n\t\t\t\t<div class=\"elementor-widget-container\">\n\t\t\t<link rel=\"stylesheet\" href=\"https:\/\/products.act.com\/wp-content\/plugins\/elementor-pro\/assets\/css\/widget-carousel.min.css\">\t\t<div class=\"elementor-swiper\">\n\t\t\t<div class=\"elementor-main-swiper swiper\">\n\t\t\t\t<div class=\"swiper-wrapper\">\n\t\t\t\t\t\t\t\t\t\t\t<div class=\"swiper-slide\">\n\t\t\t\t\t\t\t\t\t<div class=\"elementor-testimonial\">\n\t\t\t\t\t\t\t<div class=\"elementor-testimonial__content\">\n\t\t\t\t\t<div class=\"elementor-testimonial__text\">\n\t\t\t\t\t\tAct! verschafft mir einen \u00dcberblick \u00fcber meine Aufgaben. Ich komme ins B\u00fcro und mein Arbeitstag ist bereits geplant und strukturiert. Ich wei\u00df, welche Kunden ich wann anrufen muss, und ich kenne den Verlauf der Kundenbeziehungen genau.\u201c\t\t\t\t\t<\/div>\n\t\t\t\t\t<cite class=\"elementor-testimonial__cite\"><span class=\"elementor-testimonial__name\">Brent Sullivan, Loan Officer<\/span><span class=\"elementor-testimonial__title\">Homeowner's Financial Group<\/span><\/cite>\t\t\t\t<\/div>\n\t\t\t\t\t\t<div class=\"elementor-testimonial__footer\">\n\t\t\t\t\t\t\t\t\t<div class=\"elementor-testimonial__image\">\n\t\t\t\t\t\t<img decoding=\"async\" src=\"https:\/\/products.act.com\/wp-content\/uploads\/2021\/08\/homeowners-financial_bsullivan_thumb_101119.png\" alt=\"Brent Sullivan, Loan Officer\">\n\t\t\t\t\t\t\t\t\t\t\t<\/div>\n\t\t\t\t\t\t\t\t\t\t\t<\/div>\n\t\t<\/div>\n\t\t\t\t\t\t\t\t<\/div>\n\t\t\t\t\t\t\t\t\t<\/div>\n\t\t\t\t\t\t\t<\/div>\n\t\t<\/div>\n\t\t\t\t<\/div>\n\t\t\t\t<\/div>\n\t\t\t\t\t<\/div>\n\t\t<\/div>\n\t\t\t\t\t<\/div>\n\t\t<\/section>\n\t\t\t\t\t<\/div>\n\t\t<\/div>\n\t\t\t\t\t<\/div>\n\t\t<\/section>\n\t\t\t\t<section class=\"elementor-section elementor-top-section elementor-element elementor-element-5d8c2553 elementor-section-boxed elementor-section-height-default elementor-section-height-default\" data-id=\"5d8c2553\" data-element_type=\"section\" data-settings=\"{&quot;background_background&quot;:&quot;gradient&quot;}\">\n\t\t\t\t\t\t<div class=\"elementor-container elementor-column-gap-default\">\n\t\t\t\t\t<div class=\"elementor-column elementor-col-100 elementor-top-column elementor-element elementor-element-6cfdceeb\" data-id=\"6cfdceeb\" data-element_type=\"column\">\n\t\t\t<div class=\"elementor-widget-wrap elementor-element-populated\">\n\t\t\t\t\t\t<div class=\"elementor-element elementor-element-1b5dca60 elementor-widget elementor-widget-heading\" data-id=\"1b5dca60\" data-element_type=\"widget\" data-widget_type=\"heading.default\">\n\t\t\t\t<div class=\"elementor-widget-container\">\n\t\t\t<h2 class=\"elementor-heading-title elementor-size-default\">Gro\u00dfe Resultate. Geringe Investition.<\/h2>\t\t<\/div>\n\t\t\t\t<\/div>\n\t\t\t\t<div class=\"elementor-element elementor-element-7a05c391 elementor-widget elementor-widget-text-editor\" data-id=\"7a05c391\" data-element_type=\"widget\" data-widget_type=\"text-editor.default\">\n\t\t\t\t<div class=\"elementor-widget-container\">\n\t\t\t\t\t\t\t<p>Sind Sie bereit f\u00fcr den n\u00e4chsten Schritt in Richtung Wachstum?<\/p>\t\t\t\t\t\t<\/div>\n\t\t\t\t<\/div>\n\t\t\t\t<div class=\"elementor-element elementor-element-74b046a2 elementor-align-center elementor-widget elementor-widget-button\" data-id=\"74b046a2\" data-element_type=\"widget\" data-widget_type=\"button.default\">\n\t\t\t\t<div class=\"elementor-widget-container\">\n\t\t\t\t\t<div class=\"elementor-button-wrapper\">\n\t\t\t<a class=\"elementor-button elementor-button-link elementor-size-sm\" href=\"https:\/\/www.act.com\/de\/test\/act\/\" target=\"_blank\">\n\t\t\t\t\t\t<span class=\"elementor-button-content-wrapper\">\n\t\t\t\t\t\t<span class=\"elementor-button-text\">Act! kostenlos testen<\/span>\n\t\t<\/span>\n\t\t\t\t\t<\/a>\n\t\t<\/div>\n\t\t\t\t<\/div>\n\t\t\t\t<\/div>\n\t\t\t\t\t<\/div>\n\t\t<\/div>\n\t\t\t\t\t<\/div>\n\t\t<\/section>\n\t\t\t\t<\/div>\n\t\t","protected":false},"excerpt":{"rendered":"<p>Sie erw\u00e4gen einen Umstieg auf eine Cloud-L\u00f6sung? 35 Fragen f\u00fcr Sie und Ihren Cloud-Anbieter \u00dcber dieses eBook Jedes Jahr werden sich immer mehr Unternehmen der Vorteile der Cloud bewusst und wechseln von lokalen Installationen und Desktopsystemen zum sogenannten Software-as-a-Service-Modell (SaaS). In diesem eBook schlagen wir Ihnen 35 Fragen in neun Themenbereichen vor, die Sie sich [&hellip;]<\/p>\n","protected":false},"author":4,"featured_media":0,"parent":43853,"menu_order":0,"comment_status":"closed","ping_status":"closed","template":"elementor_header_footer","meta":{"_acf_changed":false,"content-type":"","inline_featured_image":false,"footnotes":""},"categories":[],"tags":[],"folder":[],"acf":[],"yoast_head":"<!-- This site is optimized with the Yoast SEO Premium plugin v22.2 (Yoast SEO v22.4) - https:\/\/yoast.com\/wordpress\/plugins\/seo\/ -->\n<title>Leitfaden - 35 Fragen f\u00fcr Sie und Ihren Cloud-Anbieter<\/title>\n<meta name=\"description\" content=\"In diesem eBook schlagen wir Ihnen 35 Fragen in neun Themenbereichen vor, die Sie sich selbst und Ihrem Cloud-Anbieter stellen sollten.\" \/>\n<meta name=\"robots\" content=\"noindex, follow, max-snippet:-1, max-image-preview:large, max-video-preview:-1\" \/>\n<meta property=\"og:locale\" content=\"de_DE\" \/>\n<meta property=\"og:type\" content=\"article\" \/>\n<meta property=\"og:title\" content=\"umstieg auf eine cloud l\u00f6sung\" \/>\n<meta property=\"og:description\" content=\"In diesem eBook schlagen wir Ihnen 35 Fragen in neun Themenbereichen vor, die Sie sich selbst und Ihrem Cloud-Anbieter stellen sollten.\" \/>\n<meta property=\"og:url\" content=\"https:\/\/products.act.com\/de\/guides\/umstieg-auf-eine-cloud-loesung\/\" \/>\n<meta property=\"og:site_name\" content=\"Act!\" \/>\n<meta property=\"article:modified_time\" content=\"2022-11-17T19:40:06+00:00\" \/>\n<meta property=\"og:image\" content=\"https:\/\/dev-inproduct.pantheonsite.io\/uploads\/2022\/01\/actincloud_lp_banner_de.png\" \/>\n<meta name=\"twitter:card\" content=\"summary_large_image\" \/>\n<meta name=\"twitter:label1\" content=\"Est. reading time\" \/>\n\t<meta name=\"twitter:data1\" content=\"2 minutes\" \/>\n<script type=\"application\/ld+json\" class=\"yoast-schema-graph\">{\"@context\":\"https:\/\/schema.org\",\"@graph\":[{\"@type\":\"WebPage\",\"@id\":\"https:\/\/products.act.com\/de\/guides\/umstieg-auf-eine-cloud-loesung\/\",\"url\":\"https:\/\/products.act.com\/de\/guides\/umstieg-auf-eine-cloud-loesung\/\",\"name\":\"Leitfaden - 35 Fragen f\u00fcr Sie und Ihren Cloud-Anbieter\",\"isPartOf\":{\"@id\":\"https:\/\/products.act.com\/de\/#website\"},\"primaryImageOfPage\":{\"@id\":\"https:\/\/products.act.com\/de\/guides\/umstieg-auf-eine-cloud-loesung\/#primaryimage\"},\"image\":{\"@id\":\"https:\/\/products.act.com\/de\/guides\/umstieg-auf-eine-cloud-loesung\/#primaryimage\"},\"thumbnailUrl\":\"https:\/\/dev-inproduct.pantheonsite.io\/uploads\/2022\/01\/actincloud_lp_banner_de.png\",\"datePublished\":\"2022-01-05T13:05:55+00:00\",\"dateModified\":\"2022-11-17T19:40:06+00:00\",\"description\":\"In diesem eBook schlagen wir Ihnen 35 Fragen in neun Themenbereichen vor, die Sie sich selbst und Ihrem Cloud-Anbieter stellen sollten.\",\"breadcrumb\":{\"@id\":\"https:\/\/products.act.com\/de\/guides\/umstieg-auf-eine-cloud-loesung\/#breadcrumb\"},\"inLanguage\":\"de-DE\",\"potentialAction\":[{\"@type\":\"ReadAction\",\"target\":[\"https:\/\/products.act.com\/de\/guides\/umstieg-auf-eine-cloud-loesung\/\"]}]},{\"@type\":\"ImageObject\",\"inLanguage\":\"de-DE\",\"@id\":\"https:\/\/products.act.com\/de\/guides\/umstieg-auf-eine-cloud-loesung\/#primaryimage\",\"url\":\"https:\/\/dev-inproduct.pantheonsite.io\/uploads\/2022\/01\/actincloud_lp_banner_de.png\",\"contentUrl\":\"https:\/\/dev-inproduct.pantheonsite.io\/uploads\/2022\/01\/actincloud_lp_banner_de.png\"},{\"@type\":\"BreadcrumbList\",\"@id\":\"https:\/\/products.act.com\/de\/guides\/umstieg-auf-eine-cloud-loesung\/#breadcrumb\",\"itemListElement\":[{\"@type\":\"ListItem\",\"position\":1,\"name\":\"Home\",\"item\":\"https:\/\/products.act.com\/de\/\"},{\"@type\":\"ListItem\",\"position\":2,\"name\":\"Guides\",\"item\":\"http:\/\/products.act.com\/de\/?page_id=43853\"},{\"@type\":\"ListItem\",\"position\":3,\"name\":\"umstieg auf eine cloud l\u00f6sung\"}]},{\"@type\":\"WebSite\",\"@id\":\"https:\/\/products.act.com\/de\/#website\",\"url\":\"https:\/\/products.act.com\/de\/\",\"name\":\"Act!\",\"description\":\"CRM &amp; Marketing Automation in One\",\"publisher\":{\"@id\":\"https:\/\/products.act.com\/de\/#organization\"},\"potentialAction\":[{\"@type\":\"SearchAction\",\"target\":{\"@type\":\"EntryPoint\",\"urlTemplate\":\"https:\/\/products.act.com\/de\/?s={search_term_string}\"},\"query-input\":\"required name=search_term_string\"}],\"inLanguage\":\"de-DE\"},{\"@type\":\"Organization\",\"@id\":\"https:\/\/products.act.com\/de\/#organization\",\"name\":\"Act!\",\"url\":\"https:\/\/products.act.com\/de\/\",\"logo\":{\"@type\":\"ImageObject\",\"inLanguage\":\"de-DE\",\"@id\":\"https:\/\/products.act.com\/de\/#\/schema\/logo\/image\/\",\"url\":\"https:\/\/products.act.com\/wp-content\/uploads\/2021\/07\/logo_fe5000.png\",\"contentUrl\":\"https:\/\/products.act.com\/wp-content\/uploads\/2021\/07\/logo_fe5000.png\",\"width\":120,\"height\":120,\"caption\":\"Act!\"},\"image\":{\"@id\":\"https:\/\/products.act.com\/de\/#\/schema\/logo\/image\/\"}}]}<\/script>\n<!-- \/ Yoast SEO Premium plugin. -->","yoast_head_json":{"title":"Leitfaden - 35 Fragen f\u00fcr Sie und Ihren Cloud-Anbieter","description":"In diesem eBook schlagen wir Ihnen 35 Fragen in neun Themenbereichen vor, die Sie sich selbst und Ihrem Cloud-Anbieter stellen sollten.","robots":{"index":"noindex","follow":"follow","max-snippet":"max-snippet:-1","max-image-preview":"max-image-preview:large","max-video-preview":"max-video-preview:-1"},"og_locale":"de_DE","og_type":"article","og_title":"umstieg auf eine cloud l\u00f6sung","og_description":"In diesem eBook schlagen wir Ihnen 35 Fragen in neun Themenbereichen vor, die Sie sich selbst und Ihrem Cloud-Anbieter stellen sollten.","og_url":"https:\/\/products.act.com\/de\/guides\/umstieg-auf-eine-cloud-loesung\/","og_site_name":"Act!","article_modified_time":"2022-11-17T19:40:06+00:00","og_image":[{"url":"https:\/\/dev-inproduct.pantheonsite.io\/uploads\/2022\/01\/actincloud_lp_banner_de.png"}],"twitter_card":"summary_large_image","twitter_misc":{"Est. reading time":"2 minutes"},"schema":{"@context":"https:\/\/schema.org","@graph":[{"@type":"WebPage","@id":"https:\/\/products.act.com\/de\/guides\/umstieg-auf-eine-cloud-loesung\/","url":"https:\/\/products.act.com\/de\/guides\/umstieg-auf-eine-cloud-loesung\/","name":"Leitfaden - 35 Fragen f\u00fcr Sie und Ihren Cloud-Anbieter","isPartOf":{"@id":"https:\/\/products.act.com\/de\/#website"},"primaryImageOfPage":{"@id":"https:\/\/products.act.com\/de\/guides\/umstieg-auf-eine-cloud-loesung\/#primaryimage"},"image":{"@id":"https:\/\/products.act.com\/de\/guides\/umstieg-auf-eine-cloud-loesung\/#primaryimage"},"thumbnailUrl":"https:\/\/dev-inproduct.pantheonsite.io\/uploads\/2022\/01\/actincloud_lp_banner_de.png","datePublished":"2022-01-05T13:05:55+00:00","dateModified":"2022-11-17T19:40:06+00:00","description":"In diesem eBook schlagen wir Ihnen 35 Fragen in neun Themenbereichen vor, die Sie sich selbst und Ihrem Cloud-Anbieter stellen sollten.","breadcrumb":{"@id":"https:\/\/products.act.com\/de\/guides\/umstieg-auf-eine-cloud-loesung\/#breadcrumb"},"inLanguage":"de-DE","potentialAction":[{"@type":"ReadAction","target":["https:\/\/products.act.com\/de\/guides\/umstieg-auf-eine-cloud-loesung\/"]}]},{"@type":"ImageObject","inLanguage":"de-DE","@id":"https:\/\/products.act.com\/de\/guides\/umstieg-auf-eine-cloud-loesung\/#primaryimage","url":"https:\/\/dev-inproduct.pantheonsite.io\/uploads\/2022\/01\/actincloud_lp_banner_de.png","contentUrl":"https:\/\/dev-inproduct.pantheonsite.io\/uploads\/2022\/01\/actincloud_lp_banner_de.png"},{"@type":"BreadcrumbList","@id":"https:\/\/products.act.com\/de\/guides\/umstieg-auf-eine-cloud-loesung\/#breadcrumb","itemListElement":[{"@type":"ListItem","position":1,"name":"Home","item":"https:\/\/products.act.com\/de\/"},{"@type":"ListItem","position":2,"name":"Guides","item":"http:\/\/products.act.com\/de\/?page_id=43853"},{"@type":"ListItem","position":3,"name":"umstieg auf eine cloud l\u00f6sung"}]},{"@type":"WebSite","@id":"https:\/\/products.act.com\/de\/#website","url":"https:\/\/products.act.com\/de\/","name":"Act!","description":"CRM &amp; Marketing Automation in One","publisher":{"@id":"https:\/\/products.act.com\/de\/#organization"},"potentialAction":[{"@type":"SearchAction","target":{"@type":"EntryPoint","urlTemplate":"https:\/\/products.act.com\/de\/?s={search_term_string}"},"query-input":"required name=search_term_string"}],"inLanguage":"de-DE"},{"@type":"Organization","@id":"https:\/\/products.act.com\/de\/#organization","name":"Act!","url":"https:\/\/products.act.com\/de\/","logo":{"@type":"ImageObject","inLanguage":"de-DE","@id":"https:\/\/products.act.com\/de\/#\/schema\/logo\/image\/","url":"https:\/\/products.act.com\/wp-content\/uploads\/2021\/07\/logo_fe5000.png","contentUrl":"https:\/\/products.act.com\/wp-content\/uploads\/2021\/07\/logo_fe5000.png","width":120,"height":120,"caption":"Act!"},"image":{"@id":"https:\/\/products.act.com\/de\/#\/schema\/logo\/image\/"}}]}},"_links":{"self":[{"href":"https:\/\/products.act.com\/de\/wp-json\/wp\/v2\/pages\/44047"}],"collection":[{"href":"https:\/\/products.act.com\/de\/wp-json\/wp\/v2\/pages"}],"about":[{"href":"https:\/\/products.act.com\/de\/wp-json\/wp\/v2\/types\/page"}],"author":[{"embeddable":true,"href":"https:\/\/products.act.com\/de\/wp-json\/wp\/v2\/users\/4"}],"replies":[{"embeddable":true,"href":"https:\/\/products.act.com\/de\/wp-json\/wp\/v2\/comments?post=44047"}],"version-history":[{"count":0,"href":"https:\/\/products.act.com\/de\/wp-json\/wp\/v2\/pages\/44047\/revisions"}],"up":[{"embeddable":true,"href":"https:\/\/products.act.com\/de\/wp-json\/wp\/v2\/pages\/43853"}],"wp:attachment":[{"href":"https:\/\/products.act.com\/de\/wp-json\/wp\/v2\/media?parent=44047"}],"wp:term":[{"taxonomy":"category","embeddable":true,"href":"https:\/\/products.act.com\/de\/wp-json\/wp\/v2\/categories?post=44047"},{"taxonomy":"post_tag","embeddable":true,"href":"https:\/\/products.act.com\/de\/wp-json\/wp\/v2\/tags?post=44047"},{"taxonomy":"folder","embeddable":true,"href":"https:\/\/products.act.com\/de\/wp-json\/wp\/v2\/folder?post=44047"}],"curies":[{"name":"wp","href":"https:\/\/api.w.org\/{rel}","templated":true}]}}