{"id":43939,"date":"2022-01-05T16:37:07","date_gmt":"2022-01-05T09:37:07","guid":{"rendered":"https:\/\/act.com\/?page_id=43939"},"modified":"2022-11-17T11:07:49","modified_gmt":"2022-11-17T18:07:49","slug":"ebook-customer-journey","status":"publish","type":"page","link":"https:\/\/products.act.com\/de\/guides\/ebook-customer-journey\/","title":{"rendered":"Ebook customer journey"},"content":{"rendered":"\t\t<div data-elementor-type=\"wp-page\" data-elementor-id=\"43939\" class=\"elementor elementor-43939\" data-elementor-post-type=\"page\">\n\t\t\t\t\t\t<section class=\"elementor-section elementor-top-section elementor-element elementor-element-51454c69 topSctGlb elementor-section-boxed elementor-section-height-default elementor-section-height-default\" data-id=\"51454c69\" data-element_type=\"section\" data-settings=\"{&quot;background_background&quot;:&quot;gradient&quot;}\">\n\t\t\t\t\t\t\t<div class=\"elementor-background-overlay\"><\/div>\n\t\t\t\t\t\t\t<div class=\"elementor-container elementor-column-gap-default\">\n\t\t\t\t\t<div class=\"elementor-column elementor-col-100 elementor-top-column elementor-element elementor-element-7d914b96\" data-id=\"7d914b96\" data-element_type=\"column\" data-settings=\"{&quot;background_background&quot;:&quot;classic&quot;}\">\n\t\t\t<div class=\"elementor-widget-wrap elementor-element-populated\">\n\t\t\t\t\t\t<div class=\"elementor-element elementor-element-5796062b elementor-widget elementor-widget-heading\" data-id=\"5796062b\" data-element_type=\"widget\" data-widget_type=\"heading.default\">\n\t\t\t\t<div class=\"elementor-widget-container\">\n\t\t\t<style>\/*! elementor - v3.20.0 - 26-03-2024 *\/\n.elementor-heading-title{padding:0;margin:0;line-height:1}.elementor-widget-heading .elementor-heading-title[class*=elementor-size-]>a{color:inherit;font-size:inherit;line-height:inherit}.elementor-widget-heading .elementor-heading-title.elementor-size-small{font-size:15px}.elementor-widget-heading .elementor-heading-title.elementor-size-medium{font-size:19px}.elementor-widget-heading .elementor-heading-title.elementor-size-large{font-size:29px}.elementor-widget-heading .elementor-heading-title.elementor-size-xl{font-size:39px}.elementor-widget-heading .elementor-heading-title.elementor-size-xxl{font-size:59px}<\/style><h1 class=\"elementor-heading-title elementor-size-default\">Schritt fu\u0308r Schritt zur perfekten Customer<br> Journey<\/h1>\t\t<\/div>\n\t\t\t\t<\/div>\n\t\t\t\t<div class=\"elementor-element elementor-element-9ff1dd0 elementor-widget elementor-widget-text-editor\" data-id=\"9ff1dd0\" data-element_type=\"widget\" data-widget_type=\"text-editor.default\">\n\t\t\t\t<div class=\"elementor-widget-container\">\n\t\t\t<style>\/*! elementor - v3.20.0 - 26-03-2024 *\/\n.elementor-widget-text-editor.elementor-drop-cap-view-stacked .elementor-drop-cap{background-color:#69727d;color:#fff}.elementor-widget-text-editor.elementor-drop-cap-view-framed .elementor-drop-cap{color:#69727d;border:3px solid;background-color:transparent}.elementor-widget-text-editor:not(.elementor-drop-cap-view-default) .elementor-drop-cap{margin-top:8px}.elementor-widget-text-editor:not(.elementor-drop-cap-view-default) .elementor-drop-cap-letter{width:1em;height:1em}.elementor-widget-text-editor .elementor-drop-cap{float:left;text-align:center;line-height:1;font-size:50px}.elementor-widget-text-editor .elementor-drop-cap-letter{display:inline-block}<\/style>\t\t\t\t<p>Ein Guide speziell f\u00fcr F\u00fchrungskr\u00e4fte, die die Customer Journey optimieren und ihre Verkaufszahlen maximieren m\u00f6chten.<\/p>\t\t\t\t\t\t<\/div>\n\t\t\t\t<\/div>\n\t\t\t\t\t<\/div>\n\t\t<\/div>\n\t\t\t\t\t<\/div>\n\t\t<\/section>\n\t\t\t\t<section class=\"elementor-section elementor-top-section elementor-element elementor-element-4bcf6701 elementor-section-boxed elementor-section-height-default elementor-section-height-default\" data-id=\"4bcf6701\" data-element_type=\"section\">\n\t\t\t\t\t\t<div class=\"elementor-container elementor-column-gap-default\">\n\t\t\t\t\t<div class=\"elementor-column elementor-col-100 elementor-top-column elementor-element elementor-element-3e220dde\" data-id=\"3e220dde\" data-element_type=\"column\">\n\t\t\t<div class=\"elementor-widget-wrap elementor-element-populated\">\n\t\t\t\t\t\t<section class=\"elementor-section elementor-inner-section elementor-element elementor-element-6d22c8f8 elementor-section-boxed elementor-section-height-default elementor-section-height-default\" data-id=\"6d22c8f8\" data-element_type=\"section\">\n\t\t\t\t\t\t<div class=\"elementor-container elementor-column-gap-default\">\n\t\t\t\t\t<div class=\"elementor-column elementor-col-50 elementor-inner-column elementor-element elementor-element-679d7c98\" data-id=\"679d7c98\" data-element_type=\"column\">\n\t\t\t<div class=\"elementor-widget-wrap elementor-element-populated\">\n\t\t\t\t\t\t<div class=\"elementor-element elementor-element-5934f6e2 elementor-widget elementor-widget-text-editor\" data-id=\"5934f6e2\" data-element_type=\"widget\" data-widget_type=\"text-editor.default\">\n\t\t\t\t<div class=\"elementor-widget-container\">\n\t\t\t\t\t\t\t<div class=\"sfContentBlock\"><div class=\"sfContentBlock\"><h2>\u00dcber dieses eBook<\/h2><p>Definitionsgem\u00e4\u00df versteht man unter einer Customer Journey den von einem Kunden durchlaufenen Prozess: Er wird von einem Unternehmen ab dem Moment, in dem er erstmals Interesse zeigt, durch die Sales Pipeline und letztendlich zum Kaufabschluss gefu\u0308hrt \u2013 oder, was noch besser ist, in einen treuen Kunden konvertiert.<\/p><p>In diesem Leitfahren besprechen wir, wie wichtig die Customer Journey ist und wie sie sich am besten veranschaulichen und pr\u00e4sentieren l\u00e4sst. Daru\u0308ber hinaus unterteilen wir die Customer Journey in ihre Einzelteile und stellen clevere Strategien und Tipps vor, damit Sie m\u00f6glichst viele Kunden gewinnen k\u00f6nnen.<\/p><\/div><\/div>\t\t\t\t\t\t<\/div>\n\t\t\t\t<\/div>\n\t\t\t\t<div class=\"elementor-element elementor-element-57828a32 elementor-widget elementor-widget-image\" data-id=\"57828a32\" data-element_type=\"widget\" data-widget_type=\"image.default\">\n\t\t\t\t<div class=\"elementor-widget-container\">\n\t\t\t<style>\/*! elementor - v3.20.0 - 26-03-2024 *\/\n.elementor-widget-image{text-align:center}.elementor-widget-image a{display:inline-block}.elementor-widget-image a img[src$=\".svg\"]{width:48px}.elementor-widget-image img{vertical-align:middle;display:inline-block}<\/style>\t\t\t\t\t\t\t\t\t\t<img fetchpriority=\"high\" decoding=\"async\" width=\"428\" height=\"417\" src=\"https:\/\/products.act.com\/wp-content\/uploads\/2022\/01\/custjourney_lp_banner_de.png\" class=\"attachment-large size-large wp-image-43940\" alt=\"\" srcset=\"https:\/\/products.act.com\/wp-content\/uploads\/2022\/01\/custjourney_lp_banner_de.png 428w, https:\/\/products.act.com\/wp-content\/uploads\/2022\/01\/custjourney_lp_banner_de-300x292.png 300w\" sizes=\"(max-width: 428px) 100vw, 428px\" \/>\t\t\t\t\t\t\t\t\t\t\t\t\t<\/div>\n\t\t\t\t<\/div>\n\t\t\t\t\t<\/div>\n\t\t<\/div>\n\t\t\t\t<div class=\"elementor-column elementor-col-50 elementor-inner-column elementor-element elementor-element-7ae3b12b\" data-id=\"7ae3b12b\" data-element_type=\"column\" data-settings=\"{&quot;background_background&quot;:&quot;classic&quot;}\">\n\t\t\t<div class=\"elementor-widget-wrap elementor-element-populated\">\n\t\t\t\t\t\t<div class=\"elementor-element elementor-element-1d4b7a1c elementor-widget elementor-widget-shortcode\" data-id=\"1d4b7a1c\" data-element_type=\"widget\" data-widget_type=\"shortcode.default\">\n\t\t\t\t<div class=\"elementor-widget-container\">\n\t\t\t\t\t<div class=\"elementor-shortcode\">\n\t\t\t\t\t<script>\n\t\t\t\t\t\twindow.hsFormsOnReady = window.hsFormsOnReady || [];\n\t\t\t\t\t\twindow.hsFormsOnReady.push(()=>{\n\t\t\t\t\t\t\thbspt.forms.create({\n\t\t\t\t\t\t\t\tportalId: 8376032,\n\t\t\t\t\t\t\t\tformId: \"1701f19e-1862-4bb7-bc7f-6244a23b408b\",\n\t\t\t\t\t\t\t\ttarget: \"#hbspt-form-1777638991000-7336400505\",\n\t\t\t\t\t\t\t\tregion: \"na1\",\n\t\t\t\t\t\t\t\t\n\t\t\t\t\t\t})});\n\t\t\t\t\t<\/script>\n\t\t\t\t\t<div class=\"hbspt-form\" id=\"hbspt-form-1777638991000-7336400505\"><\/div><\/div>\n\t\t\t\t<\/div>\n\t\t\t\t<\/div>\n\t\t\t\t\t<\/div>\n\t\t<\/div>\n\t\t\t\t\t<\/div>\n\t\t<\/section>\n\t\t\t\t\t<\/div>\n\t\t<\/div>\n\t\t\t\t\t<\/div>\n\t\t<\/section>\n\t\t\t\t<section class=\"elementor-section elementor-top-section elementor-element elementor-element-15d765b8 elementor-section-boxed elementor-section-height-default elementor-section-height-default\" data-id=\"15d765b8\" data-element_type=\"section\" data-settings=\"{&quot;background_background&quot;:&quot;classic&quot;}\" data-e-bg-lazyload=\"\">\n\t\t\t\t\t\t<div class=\"elementor-container elementor-column-gap-default\">\n\t\t\t\t\t<div class=\"elementor-column elementor-col-100 elementor-top-column elementor-element elementor-element-70d8005b\" data-id=\"70d8005b\" data-element_type=\"column\">\n\t\t\t<div class=\"elementor-widget-wrap elementor-element-populated\">\n\t\t\t\t\t\t<div class=\"elementor-element elementor-element-10245c9a elementor-widget elementor-widget-spacer\" data-id=\"10245c9a\" data-element_type=\"widget\" data-widget_type=\"spacer.default\">\n\t\t\t\t<div class=\"elementor-widget-container\">\n\t\t\t<style>\/*! elementor - v3.20.0 - 26-03-2024 *\/\n.elementor-column .elementor-spacer-inner{height:var(--spacer-size)}.e-con{--container-widget-width:100%}.e-con-inner>.elementor-widget-spacer,.e-con>.elementor-widget-spacer{width:var(--container-widget-width,var(--spacer-size));--align-self:var(--container-widget-align-self,initial);--flex-shrink:0}.e-con-inner>.elementor-widget-spacer>.elementor-widget-container,.e-con>.elementor-widget-spacer>.elementor-widget-container{height:100%;width:100%}.e-con-inner>.elementor-widget-spacer>.elementor-widget-container>.elementor-spacer,.e-con>.elementor-widget-spacer>.elementor-widget-container>.elementor-spacer{height:100%}.e-con-inner>.elementor-widget-spacer>.elementor-widget-container>.elementor-spacer>.elementor-spacer-inner,.e-con>.elementor-widget-spacer>.elementor-widget-container>.elementor-spacer>.elementor-spacer-inner{height:var(--container-widget-height,var(--spacer-size))}.e-con-inner>.elementor-widget-spacer.elementor-widget-empty,.e-con>.elementor-widget-spacer.elementor-widget-empty{position:relative;min-height:22px;min-width:22px}.e-con-inner>.elementor-widget-spacer.elementor-widget-empty .elementor-widget-empty-icon,.e-con>.elementor-widget-spacer.elementor-widget-empty .elementor-widget-empty-icon{position:absolute;top:0;bottom:0;left:0;right:0;margin:auto;padding:0;width:22px;height:22px}<\/style>\t\t<div class=\"elementor-spacer\">\n\t\t\t<div class=\"elementor-spacer-inner\"><\/div>\n\t\t<\/div>\n\t\t\t\t<\/div>\n\t\t\t\t<\/div>\n\t\t\t\t\t<\/div>\n\t\t<\/div>\n\t\t\t\t\t<\/div>\n\t\t<\/section>\n\t\t\t\t<section class=\"elementor-section elementor-top-section elementor-element elementor-element-56726805 elementor-section-boxed elementor-section-height-default elementor-section-height-default\" data-id=\"56726805\" data-element_type=\"section\" data-settings=\"{&quot;background_background&quot;:&quot;classic&quot;}\">\n\t\t\t\t\t\t<div class=\"elementor-container elementor-column-gap-default\">\n\t\t\t\t\t<div class=\"elementor-column elementor-col-100 elementor-top-column elementor-element elementor-element-11a0c1ec\" data-id=\"11a0c1ec\" data-element_type=\"column\">\n\t\t\t<div class=\"elementor-widget-wrap elementor-element-populated\">\n\t\t\t\t\t\t<section class=\"elementor-section elementor-inner-section elementor-element elementor-element-7e6ae3b5 elementor-section-boxed elementor-section-height-default elementor-section-height-default\" data-id=\"7e6ae3b5\" data-element_type=\"section\">\n\t\t\t\t\t\t<div class=\"elementor-container elementor-column-gap-default\">\n\t\t\t\t\t<div class=\"elementor-column elementor-col-100 elementor-inner-column elementor-element elementor-element-6b28e47b\" data-id=\"6b28e47b\" data-element_type=\"column\">\n\t\t\t<div class=\"elementor-widget-wrap elementor-element-populated\">\n\t\t\t\t\t\t<div class=\"elementor-element elementor-element-50bed3b9 elementor-testimonial--layout-image_left elementor-testimonial--align-left quotetestimonial_sect_DE elementor-testimonial--skin-default elementor-arrows-yes elementor-pagination-type-bullets elementor-widget elementor-widget-testimonial-carousel\" data-id=\"50bed3b9\" data-element_type=\"widget\" data-settings=\"{&quot;space_between&quot;:{&quot;unit&quot;:&quot;px&quot;,&quot;size&quot;:&quot;&quot;,&quot;sizes&quot;:[]},&quot;show_arrows&quot;:&quot;yes&quot;,&quot;pagination&quot;:&quot;bullets&quot;,&quot;speed&quot;:500,&quot;autoplay&quot;:&quot;yes&quot;,&quot;autoplay_speed&quot;:5000,&quot;loop&quot;:&quot;yes&quot;,&quot;pause_on_hover&quot;:&quot;yes&quot;,&quot;pause_on_interaction&quot;:&quot;yes&quot;,&quot;space_between_tablet&quot;:{&quot;unit&quot;:&quot;px&quot;,&quot;size&quot;:10,&quot;sizes&quot;:[]},&quot;space_between_mobile&quot;:{&quot;unit&quot;:&quot;px&quot;,&quot;size&quot;:10,&quot;sizes&quot;:[]}}\" data-widget_type=\"testimonial-carousel.default\">\n\t\t\t\t<div class=\"elementor-widget-container\">\n\t\t\t<link rel=\"stylesheet\" href=\"https:\/\/products.act.com\/wp-content\/plugins\/elementor-pro\/assets\/css\/widget-carousel.min.css\">\t\t<div class=\"elementor-swiper\">\n\t\t\t<div class=\"elementor-main-swiper swiper\">\n\t\t\t\t<div class=\"swiper-wrapper\">\n\t\t\t\t\t\t\t\t\t\t\t<div class=\"swiper-slide\">\n\t\t\t\t\t\t\t\t\t<div class=\"elementor-testimonial\">\n\t\t\t\t\t\t\t<div class=\"elementor-testimonial__content\">\n\t\t\t\t\t<div class=\"elementor-testimonial__text\">\n\t\t\t\t\t\tAct! verschafft mir einen \u00dcberblick \u00fcber meine Aufgaben. Ich komme ins B\u00fcro und mein Arbeitstag ist bereits geplant und strukturiert. Ich wei\u00df, welche Kunden ich wann anrufen muss, und ich kenne den Verlauf der Kundenbeziehungen genau.\u201c\t\t\t\t\t<\/div>\n\t\t\t\t\t<cite class=\"elementor-testimonial__cite\"><span class=\"elementor-testimonial__name\">Brent Sullivan, Loan Officer<\/span><span class=\"elementor-testimonial__title\">Homeowner's Financial Group<\/span><\/cite>\t\t\t\t<\/div>\n\t\t\t\t\t\t<div class=\"elementor-testimonial__footer\">\n\t\t\t\t\t\t\t\t\t<div class=\"elementor-testimonial__image\">\n\t\t\t\t\t\t<img decoding=\"async\" src=\"https:\/\/products.act.com\/wp-content\/uploads\/2021\/08\/homeowners-financial_bsullivan_thumb_101119.png\" alt=\"Brent Sullivan, Loan Officer\">\n\t\t\t\t\t\t\t\t\t\t\t<\/div>\n\t\t\t\t\t\t\t\t\t\t\t<\/div>\n\t\t<\/div>\n\t\t\t\t\t\t\t\t<\/div>\n\t\t\t\t\t\t\t\t\t<\/div>\n\t\t\t\t\t\t\t<\/div>\n\t\t<\/div>\n\t\t\t\t<\/div>\n\t\t\t\t<\/div>\n\t\t\t\t\t<\/div>\n\t\t<\/div>\n\t\t\t\t\t<\/div>\n\t\t<\/section>\n\t\t\t\t\t<\/div>\n\t\t<\/div>\n\t\t\t\t\t<\/div>\n\t\t<\/section>\n\t\t\t\t<section class=\"elementor-section elementor-top-section elementor-element elementor-element-83749f6 elementor-section-boxed elementor-section-height-default elementor-section-height-default\" data-id=\"83749f6\" data-element_type=\"section\" data-settings=\"{&quot;background_background&quot;:&quot;gradient&quot;}\">\n\t\t\t\t\t\t<div class=\"elementor-container elementor-column-gap-default\">\n\t\t\t\t\t<div class=\"elementor-column elementor-col-100 elementor-top-column elementor-element elementor-element-33dfb461\" data-id=\"33dfb461\" data-element_type=\"column\">\n\t\t\t<div class=\"elementor-widget-wrap elementor-element-populated\">\n\t\t\t\t\t\t<div class=\"elementor-element elementor-element-6ab58221 elementor-widget elementor-widget-heading\" data-id=\"6ab58221\" data-element_type=\"widget\" data-widget_type=\"heading.default\">\n\t\t\t\t<div class=\"elementor-widget-container\">\n\t\t\t<h2 class=\"elementor-heading-title elementor-size-default\">Gro\u00dfe Resultate. Geringe Investition.<\/h2>\t\t<\/div>\n\t\t\t\t<\/div>\n\t\t\t\t<div class=\"elementor-element elementor-element-31286d02 elementor-widget elementor-widget-text-editor\" data-id=\"31286d02\" data-element_type=\"widget\" data-widget_type=\"text-editor.default\">\n\t\t\t\t<div class=\"elementor-widget-container\">\n\t\t\t\t\t\t\t<p>Sind Sie bereit f\u00fcr den n\u00e4chsten Schritt in Richtung Wachstum?<\/p>\t\t\t\t\t\t<\/div>\n\t\t\t\t<\/div>\n\t\t\t\t<div class=\"elementor-element elementor-element-1eeb1555 elementor-align-center elementor-widget elementor-widget-button\" data-id=\"1eeb1555\" data-element_type=\"widget\" data-widget_type=\"button.default\">\n\t\t\t\t<div class=\"elementor-widget-container\">\n\t\t\t\t\t<div class=\"elementor-button-wrapper\">\n\t\t\t<a class=\"elementor-button elementor-button-link elementor-size-sm\" href=\"https:\/\/www.act.com\/de\/test\/act\/\" target=\"_blank\">\n\t\t\t\t\t\t<span class=\"elementor-button-content-wrapper\">\n\t\t\t\t\t\t<span class=\"elementor-button-text\">Act! kostenlos testen<\/span>\n\t\t<\/span>\n\t\t\t\t\t<\/a>\n\t\t<\/div>\n\t\t\t\t<\/div>\n\t\t\t\t<\/div>\n\t\t\t\t\t<\/div>\n\t\t<\/div>\n\t\t\t\t\t<\/div>\n\t\t<\/section>\n\t\t\t\t<\/div>\n\t\t","protected":false},"excerpt":{"rendered":"<p>Schritt fu\u0308r Schritt zur perfekten Customer Journey Ein Guide speziell f\u00fcr F\u00fchrungskr\u00e4fte, die die Customer Journey optimieren und ihre Verkaufszahlen maximieren m\u00f6chten. \u00dcber dieses eBook Definitionsgem\u00e4\u00df versteht man unter einer Customer Journey den von einem Kunden durchlaufenen Prozess: Er wird von einem Unternehmen ab dem Moment, in dem er erstmals Interesse zeigt, durch die Sales [&hellip;]<\/p>\n","protected":false},"author":4,"featured_media":0,"parent":43853,"menu_order":0,"comment_status":"closed","ping_status":"closed","template":"elementor_header_footer","meta":{"_acf_changed":false,"content-type":"","inline_featured_image":false,"footnotes":""},"categories":[],"tags":[],"folder":[],"acf":[],"yoast_head":"<!-- This site is optimized with the Yoast SEO Premium plugin v22.2 (Yoast SEO v22.4) - https:\/\/yoast.com\/wordpress\/plugins\/seo\/ -->\n<title>Schritt fu\u0308r Schritt zur perfekten Customer Journey | eBook von Act!<\/title>\n<meta name=\"description\" content=\"Ein Guide speziell fu\u0308r Fu\u0308hrungskr\u00e4fte, die die Customer Journey optimieren und ihre Verkaufszahlen maximieren m\u00f6chten.\" \/>\n<meta name=\"robots\" content=\"noindex, follow, max-snippet:-1, max-image-preview:large, max-video-preview:-1\" \/>\n<meta property=\"og:locale\" content=\"de_DE\" \/>\n<meta property=\"og:type\" content=\"article\" \/>\n<meta property=\"og:title\" content=\"Ebook customer journey\" \/>\n<meta property=\"og:description\" content=\"Ein Guide speziell fu\u0308r Fu\u0308hrungskr\u00e4fte, die die Customer Journey optimieren und ihre Verkaufszahlen maximieren m\u00f6chten.\" \/>\n<meta property=\"og:url\" content=\"https:\/\/products.act.com\/de\/guides\/ebook-customer-journey\/\" \/>\n<meta property=\"og:site_name\" content=\"Act!\" \/>\n<meta property=\"article:modified_time\" content=\"2022-11-17T18:07:49+00:00\" \/>\n<meta property=\"og:image\" content=\"https:\/\/dev-inproduct.pantheonsite.io\/uploads\/2022\/01\/custjourney_lp_banner_de.png\" \/>\n<meta name=\"twitter:card\" content=\"summary_large_image\" \/>\n<meta name=\"twitter:label1\" content=\"Est. reading time\" \/>\n\t<meta name=\"twitter:data1\" content=\"2 minutes\" \/>\n<script type=\"application\/ld+json\" class=\"yoast-schema-graph\">{\"@context\":\"https:\/\/schema.org\",\"@graph\":[{\"@type\":\"WebPage\",\"@id\":\"https:\/\/products.act.com\/de\/guides\/ebook-customer-journey\/\",\"url\":\"https:\/\/products.act.com\/de\/guides\/ebook-customer-journey\/\",\"name\":\"Schritt fu\u0308r Schritt zur perfekten Customer Journey | eBook von Act!\",\"isPartOf\":{\"@id\":\"https:\/\/products.act.com\/de\/#website\"},\"primaryImageOfPage\":{\"@id\":\"https:\/\/products.act.com\/de\/guides\/ebook-customer-journey\/#primaryimage\"},\"image\":{\"@id\":\"https:\/\/products.act.com\/de\/guides\/ebook-customer-journey\/#primaryimage\"},\"thumbnailUrl\":\"https:\/\/dev-inproduct.pantheonsite.io\/uploads\/2022\/01\/custjourney_lp_banner_de.png\",\"datePublished\":\"2022-01-05T09:37:07+00:00\",\"dateModified\":\"2022-11-17T18:07:49+00:00\",\"description\":\"Ein Guide speziell fu\u0308r Fu\u0308hrungskr\u00e4fte, die die Customer Journey optimieren und ihre Verkaufszahlen maximieren m\u00f6chten.\",\"breadcrumb\":{\"@id\":\"https:\/\/products.act.com\/de\/guides\/ebook-customer-journey\/#breadcrumb\"},\"inLanguage\":\"de-DE\",\"potentialAction\":[{\"@type\":\"ReadAction\",\"target\":[\"https:\/\/products.act.com\/de\/guides\/ebook-customer-journey\/\"]}]},{\"@type\":\"ImageObject\",\"inLanguage\":\"de-DE\",\"@id\":\"https:\/\/products.act.com\/de\/guides\/ebook-customer-journey\/#primaryimage\",\"url\":\"https:\/\/dev-inproduct.pantheonsite.io\/uploads\/2022\/01\/custjourney_lp_banner_de.png\",\"contentUrl\":\"https:\/\/dev-inproduct.pantheonsite.io\/uploads\/2022\/01\/custjourney_lp_banner_de.png\"},{\"@type\":\"BreadcrumbList\",\"@id\":\"https:\/\/products.act.com\/de\/guides\/ebook-customer-journey\/#breadcrumb\",\"itemListElement\":[{\"@type\":\"ListItem\",\"position\":1,\"name\":\"Home\",\"item\":\"https:\/\/products.act.com\/de\/\"},{\"@type\":\"ListItem\",\"position\":2,\"name\":\"Guides\",\"item\":\"http:\/\/products.act.com\/de\/?page_id=43853\"},{\"@type\":\"ListItem\",\"position\":3,\"name\":\"Ebook customer journey\"}]},{\"@type\":\"WebSite\",\"@id\":\"https:\/\/products.act.com\/de\/#website\",\"url\":\"https:\/\/products.act.com\/de\/\",\"name\":\"Act!\",\"description\":\"CRM &amp; Marketing Automation in One\",\"publisher\":{\"@id\":\"https:\/\/products.act.com\/de\/#organization\"},\"potentialAction\":[{\"@type\":\"SearchAction\",\"target\":{\"@type\":\"EntryPoint\",\"urlTemplate\":\"https:\/\/products.act.com\/de\/?s={search_term_string}\"},\"query-input\":\"required name=search_term_string\"}],\"inLanguage\":\"de-DE\"},{\"@type\":\"Organization\",\"@id\":\"https:\/\/products.act.com\/de\/#organization\",\"name\":\"Act!\",\"url\":\"https:\/\/products.act.com\/de\/\",\"logo\":{\"@type\":\"ImageObject\",\"inLanguage\":\"de-DE\",\"@id\":\"https:\/\/products.act.com\/de\/#\/schema\/logo\/image\/\",\"url\":\"https:\/\/products.act.com\/wp-content\/uploads\/2021\/07\/logo_fe5000.png\",\"contentUrl\":\"https:\/\/products.act.com\/wp-content\/uploads\/2021\/07\/logo_fe5000.png\",\"width\":120,\"height\":120,\"caption\":\"Act!\"},\"image\":{\"@id\":\"https:\/\/products.act.com\/de\/#\/schema\/logo\/image\/\"}}]}<\/script>\n<!-- \/ Yoast SEO Premium plugin. -->","yoast_head_json":{"title":"Schritt fu\u0308r Schritt zur perfekten Customer Journey | eBook von Act!","description":"Ein Guide speziell fu\u0308r Fu\u0308hrungskr\u00e4fte, die die Customer Journey optimieren und ihre Verkaufszahlen maximieren m\u00f6chten.","robots":{"index":"noindex","follow":"follow","max-snippet":"max-snippet:-1","max-image-preview":"max-image-preview:large","max-video-preview":"max-video-preview:-1"},"og_locale":"de_DE","og_type":"article","og_title":"Ebook customer journey","og_description":"Ein Guide speziell fu\u0308r Fu\u0308hrungskr\u00e4fte, die die Customer Journey optimieren und ihre Verkaufszahlen maximieren m\u00f6chten.","og_url":"https:\/\/products.act.com\/de\/guides\/ebook-customer-journey\/","og_site_name":"Act!","article_modified_time":"2022-11-17T18:07:49+00:00","og_image":[{"url":"https:\/\/dev-inproduct.pantheonsite.io\/uploads\/2022\/01\/custjourney_lp_banner_de.png"}],"twitter_card":"summary_large_image","twitter_misc":{"Est. reading time":"2 minutes"},"schema":{"@context":"https:\/\/schema.org","@graph":[{"@type":"WebPage","@id":"https:\/\/products.act.com\/de\/guides\/ebook-customer-journey\/","url":"https:\/\/products.act.com\/de\/guides\/ebook-customer-journey\/","name":"Schritt fu\u0308r Schritt zur perfekten Customer Journey | eBook von Act!","isPartOf":{"@id":"https:\/\/products.act.com\/de\/#website"},"primaryImageOfPage":{"@id":"https:\/\/products.act.com\/de\/guides\/ebook-customer-journey\/#primaryimage"},"image":{"@id":"https:\/\/products.act.com\/de\/guides\/ebook-customer-journey\/#primaryimage"},"thumbnailUrl":"https:\/\/dev-inproduct.pantheonsite.io\/uploads\/2022\/01\/custjourney_lp_banner_de.png","datePublished":"2022-01-05T09:37:07+00:00","dateModified":"2022-11-17T18:07:49+00:00","description":"Ein Guide speziell fu\u0308r Fu\u0308hrungskr\u00e4fte, die die Customer Journey optimieren und ihre Verkaufszahlen maximieren m\u00f6chten.","breadcrumb":{"@id":"https:\/\/products.act.com\/de\/guides\/ebook-customer-journey\/#breadcrumb"},"inLanguage":"de-DE","potentialAction":[{"@type":"ReadAction","target":["https:\/\/products.act.com\/de\/guides\/ebook-customer-journey\/"]}]},{"@type":"ImageObject","inLanguage":"de-DE","@id":"https:\/\/products.act.com\/de\/guides\/ebook-customer-journey\/#primaryimage","url":"https:\/\/dev-inproduct.pantheonsite.io\/uploads\/2022\/01\/custjourney_lp_banner_de.png","contentUrl":"https:\/\/dev-inproduct.pantheonsite.io\/uploads\/2022\/01\/custjourney_lp_banner_de.png"},{"@type":"BreadcrumbList","@id":"https:\/\/products.act.com\/de\/guides\/ebook-customer-journey\/#breadcrumb","itemListElement":[{"@type":"ListItem","position":1,"name":"Home","item":"https:\/\/products.act.com\/de\/"},{"@type":"ListItem","position":2,"name":"Guides","item":"http:\/\/products.act.com\/de\/?page_id=43853"},{"@type":"ListItem","position":3,"name":"Ebook customer journey"}]},{"@type":"WebSite","@id":"https:\/\/products.act.com\/de\/#website","url":"https:\/\/products.act.com\/de\/","name":"Act!","description":"CRM &amp; Marketing Automation in One","publisher":{"@id":"https:\/\/products.act.com\/de\/#organization"},"potentialAction":[{"@type":"SearchAction","target":{"@type":"EntryPoint","urlTemplate":"https:\/\/products.act.com\/de\/?s={search_term_string}"},"query-input":"required name=search_term_string"}],"inLanguage":"de-DE"},{"@type":"Organization","@id":"https:\/\/products.act.com\/de\/#organization","name":"Act!","url":"https:\/\/products.act.com\/de\/","logo":{"@type":"ImageObject","inLanguage":"de-DE","@id":"https:\/\/products.act.com\/de\/#\/schema\/logo\/image\/","url":"https:\/\/products.act.com\/wp-content\/uploads\/2021\/07\/logo_fe5000.png","contentUrl":"https:\/\/products.act.com\/wp-content\/uploads\/2021\/07\/logo_fe5000.png","width":120,"height":120,"caption":"Act!"},"image":{"@id":"https:\/\/products.act.com\/de\/#\/schema\/logo\/image\/"}}]}},"_links":{"self":[{"href":"https:\/\/products.act.com\/de\/wp-json\/wp\/v2\/pages\/43939"}],"collection":[{"href":"https:\/\/products.act.com\/de\/wp-json\/wp\/v2\/pages"}],"about":[{"href":"https:\/\/products.act.com\/de\/wp-json\/wp\/v2\/types\/page"}],"author":[{"embeddable":true,"href":"https:\/\/products.act.com\/de\/wp-json\/wp\/v2\/users\/4"}],"replies":[{"embeddable":true,"href":"https:\/\/products.act.com\/de\/wp-json\/wp\/v2\/comments?post=43939"}],"version-history":[{"count":0,"href":"https:\/\/products.act.com\/de\/wp-json\/wp\/v2\/pages\/43939\/revisions"}],"up":[{"embeddable":true,"href":"https:\/\/products.act.com\/de\/wp-json\/wp\/v2\/pages\/43853"}],"wp:attachment":[{"href":"https:\/\/products.act.com\/de\/wp-json\/wp\/v2\/media?parent=43939"}],"wp:term":[{"taxonomy":"category","embeddable":true,"href":"https:\/\/products.act.com\/de\/wp-json\/wp\/v2\/categories?post=43939"},{"taxonomy":"post_tag","embeddable":true,"href":"https:\/\/products.act.com\/de\/wp-json\/wp\/v2\/tags?post=43939"},{"taxonomy":"folder","embeddable":true,"href":"https:\/\/products.act.com\/de\/wp-json\/wp\/v2\/folder?post=43939"}],"curies":[{"name":"wp","href":"https:\/\/api.w.org\/{rel}","templated":true}]}}