{"id":43808,"date":"2022-01-05T12:23:42","date_gmt":"2022-01-05T05:23:42","guid":{"rendered":"https:\/\/act.com\/?page_id=43808"},"modified":"2022-11-25T16:42:05","modified_gmt":"2022-11-25T23:42:05","slug":"social-media-marketing-definition","status":"publish","type":"page","link":"https:\/\/products.act.com\/de\/social-media-marketing-definition\/","title":{"rendered":"Social Media Marketing Definition |  What is social media marketing"},"content":{"rendered":"\t\t<div data-elementor-type=\"wp-page\" data-elementor-id=\"43808\" class=\"elementor elementor-43808\" data-elementor-post-type=\"page\">\n\t\t\t\t\t\t<section class=\"elementor-section elementor-top-section elementor-element elementor-element-09c27e7 topSctGlb elementor-section-boxed elementor-section-height-default elementor-section-height-default\" data-id=\"09c27e7\" data-element_type=\"section\" data-settings=\"{&quot;background_background&quot;:&quot;gradient&quot;}\">\n\t\t\t\t\t\t\t<div class=\"elementor-background-overlay\"><\/div>\n\t\t\t\t\t\t\t<div class=\"elementor-container elementor-column-gap-default\">\n\t\t\t\t\t<div class=\"elementor-column elementor-col-100 elementor-top-column elementor-element elementor-element-9901582\" data-id=\"9901582\" data-element_type=\"column\" data-settings=\"{&quot;background_background&quot;:&quot;classic&quot;}\">\n\t\t\t<div class=\"elementor-widget-wrap elementor-element-populated\">\n\t\t\t\t\t\t<div class=\"elementor-element elementor-element-97b0844 elementor-widget elementor-widget-heading\" data-id=\"97b0844\" data-element_type=\"widget\" data-widget_type=\"heading.default\">\n\t\t\t\t<div class=\"elementor-widget-container\">\n\t\t\t<style>\/*! elementor - v3.20.0 - 26-03-2024 *\/\n.elementor-heading-title{padding:0;margin:0;line-height:1}.elementor-widget-heading .elementor-heading-title[class*=elementor-size-]>a{color:inherit;font-size:inherit;line-height:inherit}.elementor-widget-heading .elementor-heading-title.elementor-size-small{font-size:15px}.elementor-widget-heading .elementor-heading-title.elementor-size-medium{font-size:19px}.elementor-widget-heading .elementor-heading-title.elementor-size-large{font-size:29px}.elementor-widget-heading .elementor-heading-title.elementor-size-xl{font-size:39px}.elementor-widget-heading .elementor-heading-title.elementor-size-xxl{font-size:59px}<\/style><h1 class=\"elementor-heading-title elementor-size-default\">Was ist Social-Media-Marketing und warum ist es f\u00fcr Ihr Kleinunternehmen wichtig?<\/h1>\t\t<\/div>\n\t\t\t\t<\/div>\n\t\t\t\t\t<\/div>\n\t\t<\/div>\n\t\t\t\t\t<\/div>\n\t\t<\/section>\n\t\t\t\t<section class=\"elementor-section elementor-top-section elementor-element elementor-element-8e357dc elementor-section-boxed elementor-section-height-default elementor-section-height-default\" data-id=\"8e357dc\" data-element_type=\"section\">\n\t\t\t\t\t\t<div class=\"elementor-container elementor-column-gap-default\">\n\t\t\t\t\t<div class=\"elementor-column elementor-col-100 elementor-top-column elementor-element elementor-element-20bc93a\" data-id=\"20bc93a\" data-element_type=\"column\">\n\t\t\t<div class=\"elementor-widget-wrap elementor-element-populated\">\n\t\t\t\t\t\t<div class=\"elementor-element elementor-element-400b6c9 elementor-widget elementor-widget-text-editor\" data-id=\"400b6c9\" data-element_type=\"widget\" data-widget_type=\"text-editor.default\">\n\t\t\t\t<div class=\"elementor-widget-container\">\n\t\t\t<style>\/*! elementor - v3.20.0 - 26-03-2024 *\/\n.elementor-widget-text-editor.elementor-drop-cap-view-stacked .elementor-drop-cap{background-color:#69727d;color:#fff}.elementor-widget-text-editor.elementor-drop-cap-view-framed .elementor-drop-cap{color:#69727d;border:3px solid;background-color:transparent}.elementor-widget-text-editor:not(.elementor-drop-cap-view-default) .elementor-drop-cap{margin-top:8px}.elementor-widget-text-editor:not(.elementor-drop-cap-view-default) .elementor-drop-cap-letter{width:1em;height:1em}.elementor-widget-text-editor .elementor-drop-cap{float:left;text-align:center;line-height:1;font-size:50px}.elementor-widget-text-editor .elementor-drop-cap-letter{display:inline-block}<\/style>\t\t\t\t<p><strong>Sie betreten mit Social-Media-Marketing Neuland?<\/strong> Vielleicht nutzen Sie Facebook, um mit Freunden in Kontakt zu bleiben, oder sehen sich gerne lustige Videos auf Instagram an. Social Media f\u00fcr Unternehmen ist jedoch ein ganz anderes Paar Schuhe. Dazu geh\u00f6ren strategisches Denken, Recherchen, Planung und die richtigen Tools. Aber der Auftrieb, den es Ihrem Unternehmen geben kann, ist die M\u00fche auf jeden Fall wert.<\/p><p>Lesen Sie weiter, um mehr \u00fcber das Thema Social-Media-Marketing zu erfahren. Warum ist es f\u00fcr die Marketingaktivit\u00e4ten Ihres Kleinunternehmens so wichtig?<\/p>\t\t\t\t\t\t<\/div>\n\t\t\t\t<\/div>\n\t\t\t\t<div class=\"elementor-element elementor-element-0657195 elementor-widget elementor-widget-heading\" data-id=\"0657195\" data-element_type=\"widget\" data-widget_type=\"heading.default\">\n\t\t\t\t<div class=\"elementor-widget-container\">\n\t\t\t<h2 class=\"elementor-heading-title elementor-size-default\">Was ist Social-Media-Marketing?<\/h2>\t\t<\/div>\n\t\t\t\t<\/div>\n\t\t\t\t<div class=\"elementor-element elementor-element-ff4c919 elementor-widget elementor-widget-text-editor\" data-id=\"ff4c919\" data-element_type=\"widget\" data-widget_type=\"text-editor.default\">\n\t\t\t\t<div class=\"elementor-widget-container\">\n\t\t\t\t\t\t\t<p>Beginnen wir mit einer Social-Media-Marketing-Definition. Wie Sie sich wahrscheinlich denken k\u00f6nnen, bezieht sich Social-Media-Marketing auf alle Arten von Marketingaktivit\u00e4ten, die in sozialen Medien stattfinden. Bei der genauen Vorgehensweise gibt es allerdings gro\u00dfe Unterschiede \u2013 abh\u00e4ngig von der verwendeten Plattform, dem Zielpublikum, Ihren Zielen, Ihrem Budget und mehr. Hier einige der beliebtesten Plattformen f\u00fcr Social-Media-Marketing:<\/p><ul><li>Facebook<\/li><li>Twitter<\/li><li>LinkedIn<\/li><li>Instagram<\/li><li>Snapchat<\/li><\/ul><p>Mit Hilfe von Social Media lassen sich die verschiedensten gesch\u00e4ftlichen Ziele erreichen. Ihre Ziele haben einen gro\u00dfen Einfluss auf die verfolgte Strategie: Ein Unternehmen, das neu auf dem Markt ist, k\u00f6nnte Social-Media-Marketing beispielsweise zur F\u00f6rderung seiner Markenbekanntheit einsetzen. Etabliertere Unternehmen nutzen es vielleicht, um mehr Besucher auf ihre Website zu leiten und sie in weiterer Folge als Kunden zu gewinnen. Abgesehen vom Social-Media-Marketing k\u00f6nnen soziale Netzwerke nat\u00fcrlich auch als effektive <a href=\"https:\/\/www.businessnewsdaily.com\/5917-social-media-customer-service.html\" target=\"_blank\" rel=\"noopener\">Plattform f\u00fcr den Kundenservice<\/a> dienen.<\/p>\t\t\t\t\t\t<\/div>\n\t\t\t\t<\/div>\n\t\t\t\t<div class=\"elementor-element elementor-element-cb48ed9 elementor-widget elementor-widget-heading\" data-id=\"cb48ed9\" data-element_type=\"widget\" data-widget_type=\"heading.default\">\n\t\t\t\t<div class=\"elementor-widget-container\">\n\t\t\t<h2 class=\"elementor-heading-title elementor-size-default\">Welche Vorteile bietet Social-Media-Marketing?<\/h2>\t\t<\/div>\n\t\t\t\t<\/div>\n\t\t\t\t<div class=\"elementor-element elementor-element-5ad423b elementor-widget elementor-widget-text-editor\" data-id=\"5ad423b\" data-element_type=\"widget\" data-widget_type=\"text-editor.default\">\n\t\t\t\t<div class=\"elementor-widget-container\">\n\t\t\t\t\t\t\t<p>Nachdem wir uns mit der Frage \u201eWas ist Social-Media-Marketing?\u201c befasst haben, beleuchten wir nun, warum es so wichtig ist. Heutzutage kommt kein Unternehmen mehr um eine Onlinepr\u00e4senz herum. Ihr Internetauftritt zeigt, dass Sie als Unternehmen aktiv sind, und erm\u00f6glicht es Leuten, mehr \u00fcber Ihre Marke und Ihre Produkte zu erfahren. Dies gilt f\u00fcr Kleinunternehmen genauso wie f\u00fcr gro\u00dfe Konzerne.<\/p><p>Noch dazu k\u00f6nnen gerade Kleinunternehmen sehr viel aus dem Social-Media-Marketing herausholen. Es bietet unter anderem folgende Vorteile:<\/p>\t\t\t\t\t\t<\/div>\n\t\t\t\t<\/div>\n\t\t\t\t<div class=\"elementor-element elementor-element-dea0b09 elementor-widget elementor-widget-heading\" data-id=\"dea0b09\" data-element_type=\"widget\" data-widget_type=\"heading.default\">\n\t\t\t\t<div class=\"elementor-widget-container\">\n\t\t\t<h2 class=\"elementor-heading-title elementor-size-default\">Social-Media-Marketing kostet nicht viel<\/h2>\t\t<\/div>\n\t\t\t\t<\/div>\n\t\t\t\t<div class=\"elementor-element elementor-element-004f376 elementor-widget elementor-widget-text-editor\" data-id=\"004f376\" data-element_type=\"widget\" data-widget_type=\"text-editor.default\">\n\t\t\t\t<div class=\"elementor-widget-container\">\n\t\t\t\t\t\t\t<p>Social-Media-Marketing ist perfekt f\u00fcr neue Unternehmen, da es \u00fcberhaupt kein Budget erfordert. Sie m\u00fcssen einfach nur Zeit in die Erstellung von Profilen investieren und dann auf den Plattformen Ihrer Wahl Content ver\u00f6ffentlichen. Machen Sie sich also keine Sorgen, falls Ihr Marketingbudget anfangs null Euro umfasst.<\/p>\t\t\t\t\t\t<\/div>\n\t\t\t\t<\/div>\n\t\t\t\t<div class=\"elementor-element elementor-element-0fd6714 elementor-widget elementor-widget-heading\" data-id=\"0fd6714\" data-element_type=\"widget\" data-widget_type=\"heading.default\">\n\t\t\t\t<div class=\"elementor-widget-container\">\n\t\t\t<h2 class=\"elementor-heading-title elementor-size-default\">Sie erreichen viele Personen<\/h2>\t\t<\/div>\n\t\t\t\t<\/div>\n\t\t\t\t<div class=\"elementor-element elementor-element-ec3b8c4 elementor-widget elementor-widget-text-editor\" data-id=\"ec3b8c4\" data-element_type=\"widget\" data-widget_type=\"text-editor.default\">\n\t\t\t\t<div class=\"elementor-widget-container\">\n\t\t\t\t\t\t\t<p>2019 gibt es \u00fcber die verschiedenen Kan\u00e4le verteilt fast <a href=\"https:\/\/www.smartinsights.com\/social-media-marketing\/social-media-strategy\/new-global-social-media-research\/\" target=\"_blank\" rel=\"noopener\">3,5 Milliarden aktive Social-Media-Nutzer<\/a>. Das ist ein riesiges Zielpublikum, das Ihren Content sehen und Ihre Marke besser kennenlernen k\u00f6nnte, wenn Sie Social-Media-Marketing betreiben. Je pr\u00e4senter Ihre Marke in den Anfangsphasen nach der Unternehmensgr\u00fcndung ist, desto besser.<\/p>\t\t\t\t\t\t<\/div>\n\t\t\t\t<\/div>\n\t\t\t\t<div class=\"elementor-element elementor-element-b56afc3 elementor-widget elementor-widget-heading\" data-id=\"b56afc3\" data-element_type=\"widget\" data-widget_type=\"heading.default\">\n\t\t\t\t<div class=\"elementor-widget-container\">\n\t\t\t<h2 class=\"elementor-heading-title elementor-size-default\">Und k\u00f6nnen kleinere Nischen gezielt ansprechen<\/h2>\t\t<\/div>\n\t\t\t\t<\/div>\n\t\t\t\t<div class=\"elementor-element elementor-element-a0d363f elementor-widget elementor-widget-text-editor\" data-id=\"a0d363f\" data-element_type=\"widget\" data-widget_type=\"text-editor.default\">\n\t\t\t\t<div class=\"elementor-widget-container\">\n\t\t\t\t\t\t\t<p>Es w\u00e4re allerdings kontraproduktiv, zu versuchen, ein Produkt oder eine Dienstleistung 3,5 Milliarden Menschen zu verkaufen. Teil einer guten <a href=\"https:\/\/www.act.com\/blog\/de\/marketingstrategie\/\">Marketingstrategie<\/a> ist es, sich auf kleinere Nischen zu konzentrieren, die an Ihrem Angebot interessiert sind. Auf diese Weise k\u00f6nnen Sie Ihre Zeit und Ihr Budget in User investieren, die dann tats\u00e4chlich einen Kauf t\u00e4tigen. Halten Sie beispielsweise nach Benutzern Ausschau, die \u00e4hnlichen Marken wie Ihrer folgen oder f\u00fcr Ihre Branche relevante Beitr\u00e4ge posten. Auf den meisten Plattformen ist es zudem \u00e4u\u00dferst einfach, seine Social-Media-Werbung auf bestimmte Zielgruppen auszurichten.<\/p>\t\t\t\t\t\t<\/div>\n\t\t\t\t<\/div>\n\t\t\t\t<div class=\"elementor-element elementor-element-a4a9558 elementor-widget elementor-widget-heading\" data-id=\"a4a9558\" data-element_type=\"widget\" data-widget_type=\"heading.default\">\n\t\t\t\t<div class=\"elementor-widget-container\">\n\t\t\t<h2 class=\"elementor-heading-title elementor-size-default\">Sie gewinnen mehr Besucher und Leads<\/h2>\t\t<\/div>\n\t\t\t\t<\/div>\n\t\t\t\t<div class=\"elementor-element elementor-element-890e1a2 elementor-widget elementor-widget-text-editor\" data-id=\"890e1a2\" data-element_type=\"widget\" data-widget_type=\"text-editor.default\">\n\t\t\t\t<div class=\"elementor-widget-container\">\n\t\t\t\t\t\t\t<p>Wenn Sie gerade erst eine Website f\u00fcr Ihr Unternehmen erstellt haben, f\u00e4llt es Ihnen vielleicht schwer, Besucher auf Ihre Website zu leiten. Soziale Medien sind ein gutes Mittel dazu. Teilen Sie am besten Links zu von Ihnen ver\u00f6ffentlichten Blogbeitr\u00e4gen oder anderen Seiten Ihrer Website. Jeder Klick ist ein neuer Website-Besucher, der sich vielleicht als Kunde gewinnen l\u00e4sst.<\/p><p>Was auch immer Ihre Gesch\u00e4ftsziele sind \u2013 Social-Media-Marketing kann Ihnen helfen, sie zu erreichen. Wenn Sie gerne bei den ersten Schritten Unterst\u00fctzung h\u00e4tten, finden Sie <a href=\"https:\/\/www.act.com\/de\/10-tipps-um-mit-social-media-ihre-markenbekanntheit-zu-steigern\/\">hier einige Tipps<\/a> zur Nutzung von Social Media f\u00fcr Ihr Kleinunternehmen.<\/p>\t\t\t\t\t\t<\/div>\n\t\t\t\t<\/div>\n\t\t\t\t<div class=\"elementor-element elementor-element-09d8689 elementor-widget elementor-widget-text-editor\" data-id=\"09d8689\" data-element_type=\"widget\" id=\"text-links-blue\" data-widget_type=\"text-editor.default\">\n\t\t\t\t<div class=\"elementor-widget-container\">\n\t\t\t\t\t\t\t\t\t\t\t\t\t<\/div>\n\t\t\t\t<\/div>\n\t\t\t\t<div class=\"elementor-element elementor-element-75f28fa elementor-widget elementor-widget-image\" data-id=\"75f28fa\" data-element_type=\"widget\" data-widget_type=\"image.default\">\n\t\t\t\t<div class=\"elementor-widget-container\">\n\t\t\t<style>\/*! elementor - v3.20.0 - 26-03-2024 *\/\n.elementor-widget-image{text-align:center}.elementor-widget-image a{display:inline-block}.elementor-widget-image a img[src$=\".svg\"]{width:48px}.elementor-widget-image img{vertical-align:middle;display:inline-block}<\/style>\t\t\t\t\t\t\t\t\t\t\t<a href=\"\/de\/guides\/ebook-marketing-automatisierung\/\">\n\t\t\t\t\t\t\t<img fetchpriority=\"high\" decoding=\"async\" width=\"1024\" height=\"241\" src=\"https:\/\/products.act.com\/wp-content\/uploads\/2022\/01\/marketing-automatisierung-ebook-1.png\" class=\"attachment-large size-large wp-image-43816\" alt=\"\" srcset=\"https:\/\/products.act.com\/wp-content\/uploads\/2022\/01\/marketing-automatisierung-ebook-1.png 1024w, https:\/\/products.act.com\/wp-content\/uploads\/2022\/01\/marketing-automatisierung-ebook-1-300x71.png 300w, https:\/\/products.act.com\/wp-content\/uploads\/2022\/01\/marketing-automatisierung-ebook-1-768x181.png 768w\" sizes=\"(max-width: 1024px) 100vw, 1024px\" \/>\t\t\t\t\t\t\t\t<\/a>\n\t\t\t\t\t\t\t\t\t\t\t\t\t<\/div>\n\t\t\t\t<\/div>\n\t\t\t\t\t<\/div>\n\t\t<\/div>\n\t\t\t\t\t<\/div>\n\t\t<\/section>\n\t\t\t\t<section class=\"elementor-section elementor-top-section elementor-element elementor-element-64b2760 elementor-section-boxed elementor-section-height-default elementor-section-height-default\" data-id=\"64b2760\" data-element_type=\"section\" data-settings=\"{&quot;background_background&quot;:&quot;gradient&quot;}\">\n\t\t\t\t\t\t<div class=\"elementor-container elementor-column-gap-default\">\n\t\t\t\t\t<div class=\"elementor-column elementor-col-100 elementor-top-column elementor-element elementor-element-a4a0441\" data-id=\"a4a0441\" data-element_type=\"column\">\n\t\t\t<div class=\"elementor-widget-wrap elementor-element-populated\">\n\t\t\t\t\t\t<div class=\"elementor-element elementor-element-45dd30a elementor-widget elementor-widget-heading\" data-id=\"45dd30a\" data-element_type=\"widget\" data-widget_type=\"heading.default\">\n\t\t\t\t<div class=\"elementor-widget-container\">\n\t\t\t<h2 class=\"elementor-heading-title elementor-size-default\">Gro\u00dfe Resultate. Geringe Investition.<\/h2>\t\t<\/div>\n\t\t\t\t<\/div>\n\t\t\t\t<div class=\"elementor-element elementor-element-0b61288 elementor-widget elementor-widget-text-editor\" data-id=\"0b61288\" data-element_type=\"widget\" data-widget_type=\"text-editor.default\">\n\t\t\t\t<div class=\"elementor-widget-container\">\n\t\t\t\t\t\t\t<p>Sind Sie bereit f\u00fcr den n\u00e4chsten Schritt in Richtung Wachstum?<\/p>\t\t\t\t\t\t<\/div>\n\t\t\t\t<\/div>\n\t\t\t\t<div class=\"elementor-element elementor-element-6f295f7 elementor-align-center elementor-widget elementor-widget-button\" data-id=\"6f295f7\" data-element_type=\"widget\" data-widget_type=\"button.default\">\n\t\t\t\t<div class=\"elementor-widget-container\">\n\t\t\t\t\t<div class=\"elementor-button-wrapper\">\n\t\t\t<a class=\"elementor-button elementor-button-link elementor-size-sm\" href=\"https:\/\/www.act.com\/de\/test\/act\/\">\n\t\t\t\t\t\t<span class=\"elementor-button-content-wrapper\">\n\t\t\t\t\t\t<span class=\"elementor-button-text\">Act! kostenlos testen<\/span>\n\t\t<\/span>\n\t\t\t\t\t<\/a>\n\t\t<\/div>\n\t\t\t\t<\/div>\n\t\t\t\t<\/div>\n\t\t\t\t\t<\/div>\n\t\t<\/div>\n\t\t\t\t\t<\/div>\n\t\t<\/section>\n\t\t\t\t<\/div>\n\t\t","protected":false},"excerpt":{"rendered":"<p>Was ist Social-Media-Marketing und warum ist es f\u00fcr Ihr Kleinunternehmen wichtig? Sie betreten mit Social-Media-Marketing Neuland? Vielleicht nutzen Sie Facebook, um mit Freunden in Kontakt zu bleiben, oder sehen sich gerne lustige Videos auf Instagram an. Social Media f\u00fcr Unternehmen ist jedoch ein ganz anderes Paar Schuhe. Dazu geh\u00f6ren strategisches Denken, Recherchen, Planung und die [&hellip;]<\/p>\n","protected":false},"author":4,"featured_media":0,"parent":0,"menu_order":0,"comment_status":"closed","ping_status":"closed","template":"elementor_header_footer","meta":{"_acf_changed":false,"content-type":"","inline_featured_image":false,"footnotes":""},"categories":[],"tags":[],"folder":[],"acf":[],"yoast_head":"<!-- This site is optimized with the Yoast SEO Premium plugin v22.2 (Yoast SEO v22.4) - https:\/\/yoast.com\/wordpress\/plugins\/seo\/ -->\n<title>Social-Media-Marketing-Definition | Was ist Social-Media-Marketing<\/title>\n<meta name=\"description\" content=\"Was ist Social-Media-Marketing? Erfahren Sie mehr \u00fcber Social-Media-Marketing und warum es eine wichtige Marketingstrategie ist.\" \/>\n<meta name=\"robots\" content=\"noindex, follow, max-snippet:-1, max-image-preview:large, max-video-preview:-1\" \/>\n<meta property=\"og:locale\" content=\"de_DE\" \/>\n<meta property=\"og:type\" content=\"article\" \/>\n<meta property=\"og:title\" content=\"Social Media Marketing Definition | What is social media marketing\" \/>\n<meta property=\"og:description\" content=\"Was ist Social-Media-Marketing? Erfahren Sie mehr \u00fcber Social-Media-Marketing und warum es eine wichtige Marketingstrategie ist.\" \/>\n<meta property=\"og:url\" content=\"https:\/\/products.act.com\/de\/social-media-marketing-definition\/\" \/>\n<meta property=\"og:site_name\" content=\"Act!\" \/>\n<meta property=\"article:modified_time\" content=\"2022-11-25T23:42:05+00:00\" \/>\n<meta property=\"og:image\" content=\"https:\/\/dev-inproduct.pantheonsite.io\/uploads\/2022\/01\/marketing-automatisierung-ebook-1.png\" \/>\n<meta name=\"twitter:card\" content=\"summary_large_image\" \/>\n<meta name=\"twitter:label1\" content=\"Est. reading time\" \/>\n\t<meta name=\"twitter:data1\" content=\"4 minutes\" \/>\n<script type=\"application\/ld+json\" class=\"yoast-schema-graph\">{\"@context\":\"https:\/\/schema.org\",\"@graph\":[{\"@type\":\"WebPage\",\"@id\":\"https:\/\/products.act.com\/de\/social-media-marketing-definition\/\",\"url\":\"https:\/\/products.act.com\/de\/social-media-marketing-definition\/\",\"name\":\"Social-Media-Marketing-Definition | Was ist Social-Media-Marketing\",\"isPartOf\":{\"@id\":\"https:\/\/products.act.com\/de\/#website\"},\"primaryImageOfPage\":{\"@id\":\"https:\/\/products.act.com\/de\/social-media-marketing-definition\/#primaryimage\"},\"image\":{\"@id\":\"https:\/\/products.act.com\/de\/social-media-marketing-definition\/#primaryimage\"},\"thumbnailUrl\":\"https:\/\/dev-inproduct.pantheonsite.io\/uploads\/2022\/01\/marketing-automatisierung-ebook-1.png\",\"datePublished\":\"2022-01-05T05:23:42+00:00\",\"dateModified\":\"2022-11-25T23:42:05+00:00\",\"description\":\"Was ist Social-Media-Marketing? Erfahren Sie mehr \u00fcber Social-Media-Marketing und warum es eine wichtige Marketingstrategie ist.\",\"breadcrumb\":{\"@id\":\"https:\/\/products.act.com\/de\/social-media-marketing-definition\/#breadcrumb\"},\"inLanguage\":\"de-DE\",\"potentialAction\":[{\"@type\":\"ReadAction\",\"target\":[\"https:\/\/products.act.com\/de\/social-media-marketing-definition\/\"]}]},{\"@type\":\"ImageObject\",\"inLanguage\":\"de-DE\",\"@id\":\"https:\/\/products.act.com\/de\/social-media-marketing-definition\/#primaryimage\",\"url\":\"https:\/\/dev-inproduct.pantheonsite.io\/uploads\/2022\/01\/marketing-automatisierung-ebook-1.png\",\"contentUrl\":\"https:\/\/dev-inproduct.pantheonsite.io\/uploads\/2022\/01\/marketing-automatisierung-ebook-1.png\"},{\"@type\":\"BreadcrumbList\",\"@id\":\"https:\/\/products.act.com\/de\/social-media-marketing-definition\/#breadcrumb\",\"itemListElement\":[{\"@type\":\"ListItem\",\"position\":1,\"name\":\"Home\",\"item\":\"https:\/\/products.act.com\/de\/\"},{\"@type\":\"ListItem\",\"position\":2,\"name\":\"Social Media Marketing Definition | What is social media marketing\"}]},{\"@type\":\"WebSite\",\"@id\":\"https:\/\/products.act.com\/de\/#website\",\"url\":\"https:\/\/products.act.com\/de\/\",\"name\":\"Act!\",\"description\":\"CRM &amp; Marketing Automation in One\",\"publisher\":{\"@id\":\"https:\/\/products.act.com\/de\/#organization\"},\"potentialAction\":[{\"@type\":\"SearchAction\",\"target\":{\"@type\":\"EntryPoint\",\"urlTemplate\":\"https:\/\/products.act.com\/de\/?s={search_term_string}\"},\"query-input\":\"required name=search_term_string\"}],\"inLanguage\":\"de-DE\"},{\"@type\":\"Organization\",\"@id\":\"https:\/\/products.act.com\/de\/#organization\",\"name\":\"Act!\",\"url\":\"https:\/\/products.act.com\/de\/\",\"logo\":{\"@type\":\"ImageObject\",\"inLanguage\":\"de-DE\",\"@id\":\"https:\/\/products.act.com\/de\/#\/schema\/logo\/image\/\",\"url\":\"https:\/\/products.act.com\/wp-content\/uploads\/2021\/07\/logo_fe5000.png\",\"contentUrl\":\"https:\/\/products.act.com\/wp-content\/uploads\/2021\/07\/logo_fe5000.png\",\"width\":120,\"height\":120,\"caption\":\"Act!\"},\"image\":{\"@id\":\"https:\/\/products.act.com\/de\/#\/schema\/logo\/image\/\"}}]}<\/script>\n<!-- \/ Yoast SEO Premium plugin. -->","yoast_head_json":{"title":"Social-Media-Marketing-Definition | Was ist Social-Media-Marketing","description":"Was ist Social-Media-Marketing? Erfahren Sie mehr \u00fcber Social-Media-Marketing und warum es eine wichtige Marketingstrategie ist.","robots":{"index":"noindex","follow":"follow","max-snippet":"max-snippet:-1","max-image-preview":"max-image-preview:large","max-video-preview":"max-video-preview:-1"},"og_locale":"de_DE","og_type":"article","og_title":"Social Media Marketing Definition | What is social media marketing","og_description":"Was ist Social-Media-Marketing? Erfahren Sie mehr \u00fcber Social-Media-Marketing und warum es eine wichtige Marketingstrategie ist.","og_url":"https:\/\/products.act.com\/de\/social-media-marketing-definition\/","og_site_name":"Act!","article_modified_time":"2022-11-25T23:42:05+00:00","og_image":[{"url":"https:\/\/dev-inproduct.pantheonsite.io\/uploads\/2022\/01\/marketing-automatisierung-ebook-1.png"}],"twitter_card":"summary_large_image","twitter_misc":{"Est. reading time":"4 minutes"},"schema":{"@context":"https:\/\/schema.org","@graph":[{"@type":"WebPage","@id":"https:\/\/products.act.com\/de\/social-media-marketing-definition\/","url":"https:\/\/products.act.com\/de\/social-media-marketing-definition\/","name":"Social-Media-Marketing-Definition | Was ist Social-Media-Marketing","isPartOf":{"@id":"https:\/\/products.act.com\/de\/#website"},"primaryImageOfPage":{"@id":"https:\/\/products.act.com\/de\/social-media-marketing-definition\/#primaryimage"},"image":{"@id":"https:\/\/products.act.com\/de\/social-media-marketing-definition\/#primaryimage"},"thumbnailUrl":"https:\/\/dev-inproduct.pantheonsite.io\/uploads\/2022\/01\/marketing-automatisierung-ebook-1.png","datePublished":"2022-01-05T05:23:42+00:00","dateModified":"2022-11-25T23:42:05+00:00","description":"Was ist Social-Media-Marketing? Erfahren Sie mehr \u00fcber Social-Media-Marketing und warum es eine wichtige Marketingstrategie ist.","breadcrumb":{"@id":"https:\/\/products.act.com\/de\/social-media-marketing-definition\/#breadcrumb"},"inLanguage":"de-DE","potentialAction":[{"@type":"ReadAction","target":["https:\/\/products.act.com\/de\/social-media-marketing-definition\/"]}]},{"@type":"ImageObject","inLanguage":"de-DE","@id":"https:\/\/products.act.com\/de\/social-media-marketing-definition\/#primaryimage","url":"https:\/\/dev-inproduct.pantheonsite.io\/uploads\/2022\/01\/marketing-automatisierung-ebook-1.png","contentUrl":"https:\/\/dev-inproduct.pantheonsite.io\/uploads\/2022\/01\/marketing-automatisierung-ebook-1.png"},{"@type":"BreadcrumbList","@id":"https:\/\/products.act.com\/de\/social-media-marketing-definition\/#breadcrumb","itemListElement":[{"@type":"ListItem","position":1,"name":"Home","item":"https:\/\/products.act.com\/de\/"},{"@type":"ListItem","position":2,"name":"Social Media Marketing Definition | What is social media marketing"}]},{"@type":"WebSite","@id":"https:\/\/products.act.com\/de\/#website","url":"https:\/\/products.act.com\/de\/","name":"Act!","description":"CRM &amp; Marketing Automation in One","publisher":{"@id":"https:\/\/products.act.com\/de\/#organization"},"potentialAction":[{"@type":"SearchAction","target":{"@type":"EntryPoint","urlTemplate":"https:\/\/products.act.com\/de\/?s={search_term_string}"},"query-input":"required name=search_term_string"}],"inLanguage":"de-DE"},{"@type":"Organization","@id":"https:\/\/products.act.com\/de\/#organization","name":"Act!","url":"https:\/\/products.act.com\/de\/","logo":{"@type":"ImageObject","inLanguage":"de-DE","@id":"https:\/\/products.act.com\/de\/#\/schema\/logo\/image\/","url":"https:\/\/products.act.com\/wp-content\/uploads\/2021\/07\/logo_fe5000.png","contentUrl":"https:\/\/products.act.com\/wp-content\/uploads\/2021\/07\/logo_fe5000.png","width":120,"height":120,"caption":"Act!"},"image":{"@id":"https:\/\/products.act.com\/de\/#\/schema\/logo\/image\/"}}]}},"_links":{"self":[{"href":"https:\/\/products.act.com\/de\/wp-json\/wp\/v2\/pages\/43808"}],"collection":[{"href":"https:\/\/products.act.com\/de\/wp-json\/wp\/v2\/pages"}],"about":[{"href":"https:\/\/products.act.com\/de\/wp-json\/wp\/v2\/types\/page"}],"author":[{"embeddable":true,"href":"https:\/\/products.act.com\/de\/wp-json\/wp\/v2\/users\/4"}],"replies":[{"embeddable":true,"href":"https:\/\/products.act.com\/de\/wp-json\/wp\/v2\/comments?post=43808"}],"version-history":[{"count":0,"href":"https:\/\/products.act.com\/de\/wp-json\/wp\/v2\/pages\/43808\/revisions"}],"wp:attachment":[{"href":"https:\/\/products.act.com\/de\/wp-json\/wp\/v2\/media?parent=43808"}],"wp:term":[{"taxonomy":"category","embeddable":true,"href":"https:\/\/products.act.com\/de\/wp-json\/wp\/v2\/categories?post=43808"},{"taxonomy":"post_tag","embeddable":true,"href":"https:\/\/products.act.com\/de\/wp-json\/wp\/v2\/tags?post=43808"},{"taxonomy":"folder","embeddable":true,"href":"https:\/\/products.act.com\/de\/wp-json\/wp\/v2\/folder?post=43808"}],"curies":[{"name":"wp","href":"https:\/\/api.w.org\/{rel}","templated":true}]}}