{"id":43569,"date":"2021-12-27T07:41:46","date_gmt":"2021-12-27T07:41:46","guid":{"rendered":"https:\/\/act.com\/lead-generation\/"},"modified":"2022-11-25T18:08:08","modified_gmt":"2022-11-26T01:08:08","slug":"was-ist-vertrieb","status":"publish","type":"page","link":"https:\/\/products.act.com\/de\/was-ist-vertrieb\/","title":{"rendered":"Was ist Vertrieb | Vertriebsdefinition von Act!"},"content":{"rendered":"\t\t<div data-elementor-type=\"wp-page\" data-elementor-id=\"43569\" class=\"elementor elementor-43569 elementor-42285\" data-elementor-post-type=\"page\">\n\t\t\t\t\t\t<section class=\"elementor-section elementor-top-section elementor-element elementor-element-b6e50aa topSctGlb elementor-section-boxed elementor-section-height-default elementor-section-height-default\" data-id=\"b6e50aa\" data-element_type=\"section\" data-settings=\"{&quot;background_background&quot;:&quot;gradient&quot;}\">\n\t\t\t\t\t\t\t<div class=\"elementor-background-overlay\"><\/div>\n\t\t\t\t\t\t\t<div class=\"elementor-container elementor-column-gap-default\">\n\t\t\t\t\t<div class=\"elementor-column elementor-col-100 elementor-top-column elementor-element elementor-element-4cbc5b0\" data-id=\"4cbc5b0\" data-element_type=\"column\" data-settings=\"{&quot;background_background&quot;:&quot;classic&quot;}\">\n\t\t\t<div class=\"elementor-widget-wrap elementor-element-populated\">\n\t\t\t\t\t\t<div class=\"elementor-element elementor-element-1ee925c elementor-widget elementor-widget-heading\" data-id=\"1ee925c\" data-element_type=\"widget\" data-widget_type=\"heading.default\">\n\t\t\t\t<div class=\"elementor-widget-container\">\n\t\t\t<style>\/*! elementor - v3.20.0 - 26-03-2024 *\/\n.elementor-heading-title{padding:0;margin:0;line-height:1}.elementor-widget-heading .elementor-heading-title[class*=elementor-size-]>a{color:inherit;font-size:inherit;line-height:inherit}.elementor-widget-heading .elementor-heading-title.elementor-size-small{font-size:15px}.elementor-widget-heading .elementor-heading-title.elementor-size-medium{font-size:19px}.elementor-widget-heading .elementor-heading-title.elementor-size-large{font-size:29px}.elementor-widget-heading .elementor-heading-title.elementor-size-xl{font-size:39px}.elementor-widget-heading .elementor-heading-title.elementor-size-xxl{font-size:59px}<\/style><h1 class=\"elementor-heading-title elementor-size-default\">Was ist Vertrieb? Die wahre Definition\nk\u00f6nnte der Schl\u00fcssel zum Erfolg sein!<\/h1>\t\t<\/div>\n\t\t\t\t<\/div>\n\t\t\t\t\t<\/div>\n\t\t<\/div>\n\t\t\t\t\t<\/div>\n\t\t<\/section>\n\t\t\t\t<section class=\"elementor-section elementor-top-section elementor-element elementor-element-c9f358b elementor-section-boxed elementor-section-height-default elementor-section-height-default\" data-id=\"c9f358b\" data-element_type=\"section\">\n\t\t\t\t\t\t<div class=\"elementor-container elementor-column-gap-default\">\n\t\t\t\t\t<div class=\"elementor-column elementor-col-100 elementor-top-column elementor-element elementor-element-5d7a1a3\" data-id=\"5d7a1a3\" data-element_type=\"column\">\n\t\t\t<div class=\"elementor-widget-wrap elementor-element-populated\">\n\t\t\t\t\t\t<div class=\"elementor-element elementor-element-f0f7aac elementor-widget elementor-widget-text-editor\" data-id=\"f0f7aac\" data-element_type=\"widget\" data-widget_type=\"text-editor.default\">\n\t\t\t\t<div class=\"elementor-widget-container\">\n\t\t\t<style>\/*! elementor - v3.20.0 - 26-03-2024 *\/\n.elementor-widget-text-editor.elementor-drop-cap-view-stacked .elementor-drop-cap{background-color:#69727d;color:#fff}.elementor-widget-text-editor.elementor-drop-cap-view-framed .elementor-drop-cap{color:#69727d;border:3px solid;background-color:transparent}.elementor-widget-text-editor:not(.elementor-drop-cap-view-default) .elementor-drop-cap{margin-top:8px}.elementor-widget-text-editor:not(.elementor-drop-cap-view-default) .elementor-drop-cap-letter{width:1em;height:1em}.elementor-widget-text-editor .elementor-drop-cap{float:left;text-align:center;line-height:1;font-size:50px}.elementor-widget-text-editor .elementor-drop-cap-letter{display:inline-block}<\/style>\t\t\t\t<p><strong>Das Wort \u201eVertrieb\u201c ist ein allt\u00e4gliches Wort in der Gesch\u00e4ftswelt, also denken wir gerne, dass wir seine Bedeutung kennen.<\/strong> Es gibt allerdings mehrere Definitionen: eine grundlegende und eine, die weiter in die Tiefe geht und auch n\u00fctzlicher f\u00fcr uns ist. Was ist Vertrieb also wirklich? Als Gesch\u00e4ftsinhaber m\u00fcssen Sie sich dar\u00fcber im Klaren sein, da sich Ihre Definition von Vertrieb in Ihrer Haltung gegen\u00fcber Kunden und in Ihren Gesch\u00e4ftsaktivit\u00e4ten widerspiegelt.<\/p><p>Wenn Sie Ihre Vertriebsaktivit\u00e4ten verbessern m\u00f6chten, empfiehlt es sich, der wahren Definition von Vertrieb auf den Grund zu gehen. Dadurch sehen Sie, ob Ihre Gesch\u00e4ftsaktivit\u00e4ten auf diese Definition abgestimmt sind, und k\u00f6nnen bei Bedarf \u00c4nderungen vornehmen. In diesem Artikel besch\u00e4ftigen wir uns mit der wahren Definition von Vertrieb aus gesch\u00e4ftlicher Sicht. Dar\u00fcber hinaus besprechen wir einige g\u00e4ngige Begriffe sowie Strategien zur Verbesserung Ihrer Vertriebsaktivit\u00e4ten.<\/p><h4>Was ist Vertrieb und was bedeutet Vertrieb f\u00fcr Ihr Unternehmen?<\/h4><p>Wenn Sie ein Wirtschaftslexikon aufschlagen, wird Vertrieb wahrscheinlich wie folgt definiert: <em>das Verkaufen von Produkten oder Dienstleistungen als gesch\u00e4ftliche Aktivit\u00e4t<\/em>.<\/p><p>Beim Vertrieb geht es allerdings um viel mehr. Nimmt man die Definition w\u00f6rtlich, so k\u00f6nnte dies zu aggressiven, unternehmenszentrierten Strategien f\u00fchren, bei denen der Kunde zweitrangig ist. Beim Vertrieb geht es nicht darum, potentielle Kunden zum Kauf zu \u00fcberreden oder m\u00f6glichst \u00fcberzeugende Taktiken zu entwickeln, damit sie sich von ihrem Geld trennen. Kunden erkennen, wenn dies Ihre Gesch\u00e4ftsstrategie ist, und werden dadurch abgeschreckt.<\/p><p>Beim Vertrieb geht es in Wirklichkeit darum, Interessenten zu dem zu verhelfen, was sie tats\u00e4chlich brauchen. Das bedeutet, ihnen aktiv zuzuh\u00f6ren und ihre <a href=\"https:\/\/www.forbes.com\/sites\/maryjuetten\/2018\/07\/24\/understanding-pain-points-the-key-to-success\/?sh=1df649dd7435\" target=\"_blank\" rel=\"noopener\">Problempunkte<\/a> (auch Pain Points genannt) und ihre individuellen Bed\u00fcrfnisse zu verstehen. Ziel ist es, ihnen zum richtigen Zeitpunkt und zum richtigen Preis eine L\u00f6sung zu bieten\u00a0\u2013 eine Win-win-Situation f\u00fcr alle Beteiligten.<\/p><p>Achtung: Falls Sie einem Interessenten nicht die richtige L\u00f6sung bieten k\u00f6nnen, sollten Sie es ihm ehrlich sagen. Dadurch gewinnen Sie seinen Respekt, und wer wei\u00df, vielleicht kommt er zu einem sp\u00e4teren Zeitpunkt zu Ihnen zur\u00fcck oder empfiehlt Sie weiter? Wenn Sie einen Interessenten an einen anderen Anbieter verweisen, haben Sie ihm trotzdem geholfen \u2013 und genau genommen f\u00e4llt das auch unter Vertrieb.<\/p><h4>Was ist ein Interessent?<\/h4><p>Die offizielle Definition eines Interessenten lautet: <em>jemand, der einen Kauf in Erw\u00e4gung zieht<\/em>.<\/p><p>Ein Interessent ist eine Person, die Kontakt zu Ihrem Unternehmen hatte und ein gewisses Ma\u00df an Interesse bezeugt hat. Anders ausgedr\u00fcckt: Bei einem Interessenten besteht eine h\u00f6here Kaufwahrscheinlichkeit, da Sie bereits einen Dialog mit ihm f\u00fchren.<\/p><p>Zwischen Interessenten und Leads gibt es einen Unterschied. Ein Lead hatte ebenfalls bereits Kontakt zu Ihrem Unternehmen, aber nur in eine Richtung (indem er sich z.\u00a0B. f\u00fcr eine Mailingliste registriert hat). Von einem Lead verf\u00fcgen Sie nur \u00fcber grundlegende Informationen, welche zu einem Kauf f\u00fchren k\u00f6nnen\u00a0\u2013 oder auch nicht.<\/p><h4>Was ist eine Sales Pipeline?<\/h4><p>Der Begriff Sales Pipeline bezieht sich auf die Phasen, die Ihre Interessenten durchlaufen: vom neuen Lead bis hin zum Kunden. Sie sieht etwa wie folgt aus, wobei der genaue Aufbau abh\u00e4ngig von der Art Ihres Unternehmens variieren kann:<\/p><ol><li><strong>Qualifizierung<\/strong>: Sie stellen Fragen, um die Bed\u00fcrfnisse Ihres Interessenten, sein Budget und die Kaufwahrscheinlichkeit zu ermitteln.<\/li><li><strong>Treffen\/Gespr\u00e4c<\/strong>h: Sie unterhalten sich mit Ihrem Interessenten \u00fcber m\u00f6gliche L\u00f6sungen, um die richtige f\u00fcr seine Zwecke zu finden.<\/li><li><strong>Angebot<\/strong>:\u00a0Sie lassen dem Interessenten ein detailliertes Angebot zukommen, das beschreibt, was Sie liefern werden, zu welchem Preis und wann.<\/li><li><strong>Gesch\u00e4ftsabschluss<\/strong>: In dieser Phase werden die Verhandlungen abgeschlossen und Vertr\u00e4ge aufgesetzt und unterzeichnet. Der Interessent ist nun Ihr Kunde.<\/li><\/ol><p>Da dies ein sehr wichtiges Thema ist, haben wir einige Ratschl\u00e4ge f\u00fcr die <a href=\"https:\/\/www.act.com\/de\/sales-pipeline-management\/\">effiziente Verwaltung Ihrer Sales Pipeline<\/a> zusammengestellt.<\/p><h4>Was ist ein Sales Funnel?<\/h4><p>Die Begriffe Sales Pipeline und <a href=\"https:\/\/www.act.com\/de\/sales-funnel-definition\/\">Sales Funnel<\/a> k\u00f6nnen verwirrend sein, da sich beide auf die Art und Weise beziehen, wie Interessenten zu Kunden werden. Es gibt jedoch einen Unterschied: Der Sales Funnel wird in Zahlen ausgedr\u00fcckt. Er gibt an, wie viele Interessenten die einzelnen Pipeline-Phasen durchlaufen und wie viele in jeder Phase konvertiert werden.<\/p><p>Eine <a href=\"\/de\/was-ist-crm\/\">gute CRM-Software<\/a> kann Pipeline- und Funnel-Berichte erstellen, sodass Sie auf einen Blick sehen, was in Ihrem Sales Funnel vor sich geht.<\/p><h4>Was ist ein Vertriebsplan?<\/h4><p>Ein Vertriebsplan ist ein Arbeitsdokument, das den besten Weg zur Absatz- und Umsatzsteigerung festlegt. Es beschreibt neben den Kundeneigenschaften auch Ihre aktuelle Marktposition und Ihre Vertriebsziele und geht n\u00e4her auf Ihre Tools, Kennzahlen und Budgets ein. Ihr <a href=\"\/de\/vertriebsplan-beispiel\/\">Vertriebsplan<\/a> definiert au\u00dferdem Ihre Vertriebsstrategien und enth\u00e4lt einen \u00fcberpr\u00fcfbaren Ma\u00dfnahmenplan. Dies gibt Ihren Teams eine praxisorientierte Basis und tr\u00e4gt dazu bei, dass sie im Einklang mit der Unternehmensvision und -mission arbeiten<\/p>\t\t\t\t\t\t<\/div>\n\t\t\t\t<\/div>\n\t\t\t\t<div class=\"elementor-element elementor-element-92991a7 elementor-widget elementor-widget-image\" data-id=\"92991a7\" data-element_type=\"widget\" data-widget_type=\"image.default\">\n\t\t\t\t<div class=\"elementor-widget-container\">\n\t\t\t<style>\/*! elementor - v3.20.0 - 26-03-2024 *\/\n.elementor-widget-image{text-align:center}.elementor-widget-image a{display:inline-block}.elementor-widget-image a img[src$=\".svg\"]{width:48px}.elementor-widget-image img{vertical-align:middle;display:inline-block}<\/style>\t\t\t\t\t\t\t\t\t\t\t<a href=\"\/de\/vertriebsplan\/\">\n\t\t\t\t\t\t\t<img fetchpriority=\"high\" decoding=\"async\" width=\"1024\" height=\"241\" src=\"https:\/\/products.act.com\/wp-content\/uploads\/2022\/01\/vertriebsplan-beispiel.png\" class=\"attachment-large size-large wp-image-43579\" alt=\"\" srcset=\"https:\/\/products.act.com\/wp-content\/uploads\/2022\/01\/vertriebsplan-beispiel.png 1024w, https:\/\/products.act.com\/wp-content\/uploads\/2022\/01\/vertriebsplan-beispiel-300x71.png 300w, https:\/\/products.act.com\/wp-content\/uploads\/2022\/01\/vertriebsplan-beispiel-768x181.png 768w\" sizes=\"(max-width: 1024px) 100vw, 1024px\" \/>\t\t\t\t\t\t\t\t<\/a>\n\t\t\t\t\t\t\t\t\t\t\t\t\t<\/div>\n\t\t\t\t<\/div>\n\t\t\t\t<div class=\"elementor-element elementor-element-6130bf6 elementor-widget elementor-widget-heading\" data-id=\"6130bf6\" data-element_type=\"widget\" data-widget_type=\"heading.default\">\n\t\t\t\t<div class=\"elementor-widget-container\">\n\t\t\t<h2 class=\"elementor-heading-title elementor-size-default\">Mehr zum Thema Vertrieb erfahren:<\/h2>\t\t<\/div>\n\t\t\t\t<\/div>\n\t\t\t\t<div class=\"elementor-element elementor-element-1acf981 elementor-widget elementor-widget-text-editor\" data-id=\"1acf981\" data-element_type=\"widget\" id=\"text-links-blue\" data-widget_type=\"text-editor.default\">\n\t\t\t\t<div class=\"elementor-widget-container\">\n\t\t\t\t\t\t\t<ul><li><a href=\"https:\/\/www.act.com\/de\/vertriebsstrategie\/\">In 7 Schritten eine effektive Vertriebsstrategie entwickeln <\/a><\/li><li><a href=\"https:\/\/www.act.com\/de\/verkaufstechniken\/\">Verkaufstechniken \u2013 mit bew\u00e4hrten Methoden zu h\u00f6herem Umsatz<\/a><\/li><li><a href=\"https:\/\/www.act.com\/de\/sales-cycle\/\">Die sieben Sales-Cycle-Phasen<\/a><\/li><li><a href=\"\/de\/sales-funnel-definition\/\">Ihr Leitfaden zum Thema Sales Funnel<\/a><\/li><li><a href=\"\/de\/kpi-vertrieb\/\">Die wichtigsten Vertriebs-KPIs f\u00fcr Ihr KMU<\/a><\/li><li><a href=\"\/de\/sales-forecast\/\">Das ABC der Sales-Forecasts: Verschiedene Prognoseverfahren im \u00dcberblick<\/a><\/li><li><a href=\"https:\/\/www.act.com\/de\/einwandbehandlung\/\">N\u00fctzliche Tipps zur effizienten Einwandbehandlung<\/a><\/li><li><a href=\"https:\/\/www.act.com\/de\/elevator-pitch\/\">Der optimale Elevator Pitch f\u00fcr Ihr KMU<\/a><\/li><\/ul>\t\t\t\t\t\t<\/div>\n\t\t\t\t<\/div>\n\t\t\t\t\t<\/div>\n\t\t<\/div>\n\t\t\t\t\t<\/div>\n\t\t<\/section>\n\t\t\t\t<section class=\"elementor-section elementor-top-section elementor-element elementor-element-4a711f0 elementor-section-boxed elementor-section-height-default elementor-section-height-default\" data-id=\"4a711f0\" data-element_type=\"section\" data-settings=\"{&quot;background_background&quot;:&quot;gradient&quot;}\">\n\t\t\t\t\t\t<div class=\"elementor-container elementor-column-gap-default\">\n\t\t\t\t\t<div class=\"elementor-column elementor-col-100 elementor-top-column elementor-element elementor-element-f9b3417\" data-id=\"f9b3417\" data-element_type=\"column\">\n\t\t\t<div class=\"elementor-widget-wrap elementor-element-populated\">\n\t\t\t\t\t\t<div class=\"elementor-element elementor-element-acff8a3 elementor-widget elementor-widget-heading\" data-id=\"acff8a3\" data-element_type=\"widget\" data-widget_type=\"heading.default\">\n\t\t\t\t<div class=\"elementor-widget-container\">\n\t\t\t<h2 class=\"elementor-heading-title elementor-size-default\">Gro\u00dfe Resultate. Geringe Investition.<\/h2>\t\t<\/div>\n\t\t\t\t<\/div>\n\t\t\t\t<div class=\"elementor-element elementor-element-c215d32 elementor-widget elementor-widget-text-editor\" data-id=\"c215d32\" data-element_type=\"widget\" data-widget_type=\"text-editor.default\">\n\t\t\t\t<div class=\"elementor-widget-container\">\n\t\t\t\t\t\t\t<p>Sind Sie bereit f\u00fcr den n\u00e4chsten Schritt in Richtung Wachstum?<\/p>\t\t\t\t\t\t<\/div>\n\t\t\t\t<\/div>\n\t\t\t\t<div class=\"elementor-element elementor-element-67d8be1 elementor-align-center elementor-widget elementor-widget-button\" data-id=\"67d8be1\" data-element_type=\"widget\" data-widget_type=\"button.default\">\n\t\t\t\t<div class=\"elementor-widget-container\">\n\t\t\t\t\t<div class=\"elementor-button-wrapper\">\n\t\t\t<a class=\"elementor-button elementor-button-link elementor-size-sm\" href=\"https:\/\/www.act.com\/de\/test\/act\/\">\n\t\t\t\t\t\t<span class=\"elementor-button-content-wrapper\">\n\t\t\t\t\t\t<span class=\"elementor-button-text\">Act! kostenlos testen<\/span>\n\t\t<\/span>\n\t\t\t\t\t<\/a>\n\t\t<\/div>\n\t\t\t\t<\/div>\n\t\t\t\t<\/div>\n\t\t\t\t\t<\/div>\n\t\t<\/div>\n\t\t\t\t\t<\/div>\n\t\t<\/section>\n\t\t\t\t<\/div>\n\t\t","protected":false},"excerpt":{"rendered":"<p>Was ist Vertrieb? Die wahre Definition k\u00f6nnte der Schl\u00fcssel zum Erfolg sein! Das Wort \u201eVertrieb\u201c ist ein allt\u00e4gliches Wort in der Gesch\u00e4ftswelt, also denken wir gerne, dass wir seine Bedeutung kennen. Es gibt allerdings mehrere Definitionen: eine grundlegende und eine, die weiter in die Tiefe geht und auch n\u00fctzlicher f\u00fcr uns ist. Was ist Vertrieb [&hellip;]<\/p>\n","protected":false},"author":4,"featured_media":0,"parent":0,"menu_order":0,"comment_status":"closed","ping_status":"closed","template":"elementor_header_footer","meta":{"_acf_changed":false,"content-type":"","inline_featured_image":false,"footnotes":""},"categories":[],"tags":[],"folder":[],"acf":[],"yoast_head":"<!-- This site is optimized with the Yoast SEO Premium plugin v22.2 (Yoast SEO v22.4) - https:\/\/yoast.com\/wordpress\/plugins\/seo\/ -->\n<title>Was ist Vertrieb | Vertriebsdefinition von Act!<\/title>\n<meta name=\"description\" content=\"Was ist Vertrieb? Das ist eine Frage, die Sie sich stellen sollten, wenn Sie Ihre Vertriebsaktivit\u00e4ten und Kundenbindung verbessern m\u00f6chten.\" \/>\n<meta name=\"robots\" content=\"noindex, follow, max-snippet:-1, max-image-preview:large, max-video-preview:-1\" \/>\n<meta property=\"og:locale\" content=\"de_DE\" \/>\n<meta property=\"og:type\" content=\"article\" \/>\n<meta property=\"og:title\" content=\"Was ist Vertrieb | Vertriebsdefinition von Act!\" \/>\n<meta property=\"og:description\" content=\"Was ist Vertrieb? Das ist eine Frage, die Sie sich stellen sollten, wenn Sie Ihre Vertriebsaktivit\u00e4ten und Kundenbindung verbessern m\u00f6chten.\" \/>\n<meta property=\"og:url\" content=\"https:\/\/products.act.com\/de\/was-ist-vertrieb\/\" \/>\n<meta property=\"og:site_name\" content=\"Act!\" \/>\n<meta property=\"article:modified_time\" content=\"2022-11-26T01:08:08+00:00\" \/>\n<meta property=\"og:image\" content=\"https:\/\/dev-inproduct.pantheonsite.io\/uploads\/2022\/01\/vertriebsplan-beispiel.png\" \/>\n<meta name=\"twitter:card\" content=\"summary_large_image\" \/>\n<meta name=\"twitter:label1\" content=\"Est. reading time\" \/>\n\t<meta name=\"twitter:data1\" content=\"5 minutes\" \/>\n<script type=\"application\/ld+json\" class=\"yoast-schema-graph\">{\"@context\":\"https:\/\/schema.org\",\"@graph\":[{\"@type\":\"WebPage\",\"@id\":\"https:\/\/products.act.com\/de\/was-ist-vertrieb\/\",\"url\":\"https:\/\/products.act.com\/de\/was-ist-vertrieb\/\",\"name\":\"Was ist Vertrieb | Vertriebsdefinition von Act!\",\"isPartOf\":{\"@id\":\"https:\/\/products.act.com\/de\/#website\"},\"primaryImageOfPage\":{\"@id\":\"https:\/\/products.act.com\/de\/was-ist-vertrieb\/#primaryimage\"},\"image\":{\"@id\":\"https:\/\/products.act.com\/de\/was-ist-vertrieb\/#primaryimage\"},\"thumbnailUrl\":\"https:\/\/dev-inproduct.pantheonsite.io\/uploads\/2022\/01\/vertriebsplan-beispiel.png\",\"datePublished\":\"2021-12-27T07:41:46+00:00\",\"dateModified\":\"2022-11-26T01:08:08+00:00\",\"description\":\"Was ist Vertrieb? Das ist eine Frage, die Sie sich stellen sollten, wenn Sie Ihre Vertriebsaktivit\u00e4ten und Kundenbindung verbessern m\u00f6chten.\",\"breadcrumb\":{\"@id\":\"https:\/\/products.act.com\/de\/was-ist-vertrieb\/#breadcrumb\"},\"inLanguage\":\"de-DE\",\"potentialAction\":[{\"@type\":\"ReadAction\",\"target\":[\"https:\/\/products.act.com\/de\/was-ist-vertrieb\/\"]}]},{\"@type\":\"ImageObject\",\"inLanguage\":\"de-DE\",\"@id\":\"https:\/\/products.act.com\/de\/was-ist-vertrieb\/#primaryimage\",\"url\":\"https:\/\/dev-inproduct.pantheonsite.io\/uploads\/2022\/01\/vertriebsplan-beispiel.png\",\"contentUrl\":\"https:\/\/dev-inproduct.pantheonsite.io\/uploads\/2022\/01\/vertriebsplan-beispiel.png\"},{\"@type\":\"BreadcrumbList\",\"@id\":\"https:\/\/products.act.com\/de\/was-ist-vertrieb\/#breadcrumb\",\"itemListElement\":[{\"@type\":\"ListItem\",\"position\":1,\"name\":\"Home\",\"item\":\"https:\/\/products.act.com\/de\/\"},{\"@type\":\"ListItem\",\"position\":2,\"name\":\"Was ist Vertrieb | Vertriebsdefinition von Act!\"}]},{\"@type\":\"WebSite\",\"@id\":\"https:\/\/products.act.com\/de\/#website\",\"url\":\"https:\/\/products.act.com\/de\/\",\"name\":\"Act!\",\"description\":\"CRM &amp; Marketing Automation in One\",\"publisher\":{\"@id\":\"https:\/\/products.act.com\/de\/#organization\"},\"potentialAction\":[{\"@type\":\"SearchAction\",\"target\":{\"@type\":\"EntryPoint\",\"urlTemplate\":\"https:\/\/products.act.com\/de\/?s={search_term_string}\"},\"query-input\":\"required name=search_term_string\"}],\"inLanguage\":\"de-DE\"},{\"@type\":\"Organization\",\"@id\":\"https:\/\/products.act.com\/de\/#organization\",\"name\":\"Act!\",\"url\":\"https:\/\/products.act.com\/de\/\",\"logo\":{\"@type\":\"ImageObject\",\"inLanguage\":\"de-DE\",\"@id\":\"https:\/\/products.act.com\/de\/#\/schema\/logo\/image\/\",\"url\":\"https:\/\/products.act.com\/wp-content\/uploads\/2021\/07\/logo_fe5000.png\",\"contentUrl\":\"https:\/\/products.act.com\/wp-content\/uploads\/2021\/07\/logo_fe5000.png\",\"width\":120,\"height\":120,\"caption\":\"Act!\"},\"image\":{\"@id\":\"https:\/\/products.act.com\/de\/#\/schema\/logo\/image\/\"}}]}<\/script>\n<!-- \/ Yoast SEO Premium plugin. -->","yoast_head_json":{"title":"Was ist Vertrieb | Vertriebsdefinition von Act!","description":"Was ist Vertrieb? Das ist eine Frage, die Sie sich stellen sollten, wenn Sie Ihre Vertriebsaktivit\u00e4ten und Kundenbindung verbessern m\u00f6chten.","robots":{"index":"noindex","follow":"follow","max-snippet":"max-snippet:-1","max-image-preview":"max-image-preview:large","max-video-preview":"max-video-preview:-1"},"og_locale":"de_DE","og_type":"article","og_title":"Was ist Vertrieb | Vertriebsdefinition von Act!","og_description":"Was ist Vertrieb? Das ist eine Frage, die Sie sich stellen sollten, wenn Sie Ihre Vertriebsaktivit\u00e4ten und Kundenbindung verbessern m\u00f6chten.","og_url":"https:\/\/products.act.com\/de\/was-ist-vertrieb\/","og_site_name":"Act!","article_modified_time":"2022-11-26T01:08:08+00:00","og_image":[{"url":"https:\/\/dev-inproduct.pantheonsite.io\/uploads\/2022\/01\/vertriebsplan-beispiel.png"}],"twitter_card":"summary_large_image","twitter_misc":{"Est. reading time":"5 minutes"},"schema":{"@context":"https:\/\/schema.org","@graph":[{"@type":"WebPage","@id":"https:\/\/products.act.com\/de\/was-ist-vertrieb\/","url":"https:\/\/products.act.com\/de\/was-ist-vertrieb\/","name":"Was ist Vertrieb | Vertriebsdefinition von Act!","isPartOf":{"@id":"https:\/\/products.act.com\/de\/#website"},"primaryImageOfPage":{"@id":"https:\/\/products.act.com\/de\/was-ist-vertrieb\/#primaryimage"},"image":{"@id":"https:\/\/products.act.com\/de\/was-ist-vertrieb\/#primaryimage"},"thumbnailUrl":"https:\/\/dev-inproduct.pantheonsite.io\/uploads\/2022\/01\/vertriebsplan-beispiel.png","datePublished":"2021-12-27T07:41:46+00:00","dateModified":"2022-11-26T01:08:08+00:00","description":"Was ist Vertrieb? Das ist eine Frage, die Sie sich stellen sollten, wenn Sie Ihre Vertriebsaktivit\u00e4ten und Kundenbindung verbessern m\u00f6chten.","breadcrumb":{"@id":"https:\/\/products.act.com\/de\/was-ist-vertrieb\/#breadcrumb"},"inLanguage":"de-DE","potentialAction":[{"@type":"ReadAction","target":["https:\/\/products.act.com\/de\/was-ist-vertrieb\/"]}]},{"@type":"ImageObject","inLanguage":"de-DE","@id":"https:\/\/products.act.com\/de\/was-ist-vertrieb\/#primaryimage","url":"https:\/\/dev-inproduct.pantheonsite.io\/uploads\/2022\/01\/vertriebsplan-beispiel.png","contentUrl":"https:\/\/dev-inproduct.pantheonsite.io\/uploads\/2022\/01\/vertriebsplan-beispiel.png"},{"@type":"BreadcrumbList","@id":"https:\/\/products.act.com\/de\/was-ist-vertrieb\/#breadcrumb","itemListElement":[{"@type":"ListItem","position":1,"name":"Home","item":"https:\/\/products.act.com\/de\/"},{"@type":"ListItem","position":2,"name":"Was ist Vertrieb | Vertriebsdefinition von Act!"}]},{"@type":"WebSite","@id":"https:\/\/products.act.com\/de\/#website","url":"https:\/\/products.act.com\/de\/","name":"Act!","description":"CRM &amp; Marketing Automation in One","publisher":{"@id":"https:\/\/products.act.com\/de\/#organization"},"potentialAction":[{"@type":"SearchAction","target":{"@type":"EntryPoint","urlTemplate":"https:\/\/products.act.com\/de\/?s={search_term_string}"},"query-input":"required name=search_term_string"}],"inLanguage":"de-DE"},{"@type":"Organization","@id":"https:\/\/products.act.com\/de\/#organization","name":"Act!","url":"https:\/\/products.act.com\/de\/","logo":{"@type":"ImageObject","inLanguage":"de-DE","@id":"https:\/\/products.act.com\/de\/#\/schema\/logo\/image\/","url":"https:\/\/products.act.com\/wp-content\/uploads\/2021\/07\/logo_fe5000.png","contentUrl":"https:\/\/products.act.com\/wp-content\/uploads\/2021\/07\/logo_fe5000.png","width":120,"height":120,"caption":"Act!"},"image":{"@id":"https:\/\/products.act.com\/de\/#\/schema\/logo\/image\/"}}]}},"_links":{"self":[{"href":"https:\/\/products.act.com\/de\/wp-json\/wp\/v2\/pages\/43569"}],"collection":[{"href":"https:\/\/products.act.com\/de\/wp-json\/wp\/v2\/pages"}],"about":[{"href":"https:\/\/products.act.com\/de\/wp-json\/wp\/v2\/types\/page"}],"author":[{"embeddable":true,"href":"https:\/\/products.act.com\/de\/wp-json\/wp\/v2\/users\/4"}],"replies":[{"embeddable":true,"href":"https:\/\/products.act.com\/de\/wp-json\/wp\/v2\/comments?post=43569"}],"version-history":[{"count":0,"href":"https:\/\/products.act.com\/de\/wp-json\/wp\/v2\/pages\/43569\/revisions"}],"wp:attachment":[{"href":"https:\/\/products.act.com\/de\/wp-json\/wp\/v2\/media?parent=43569"}],"wp:term":[{"taxonomy":"category","embeddable":true,"href":"https:\/\/products.act.com\/de\/wp-json\/wp\/v2\/categories?post=43569"},{"taxonomy":"post_tag","embeddable":true,"href":"https:\/\/products.act.com\/de\/wp-json\/wp\/v2\/tags?post=43569"},{"taxonomy":"folder","embeddable":true,"href":"https:\/\/products.act.com\/de\/wp-json\/wp\/v2\/folder?post=43569"}],"curies":[{"name":"wp","href":"https:\/\/api.w.org\/{rel}","templated":true}]}}