{"id":43551,"date":"2022-01-04T13:45:26","date_gmt":"2022-01-04T06:45:26","guid":{"rendered":"https:\/\/act.com\/?page_id=43551"},"modified":"2022-11-16T12:55:15","modified_gmt":"2022-11-16T19:55:15","slug":"crm-software-fur-mac","status":"publish","type":"page","link":"https:\/\/products.act.com\/de\/crm-software-fur-mac\/","title":{"rendered":"CRM software fur mac"},"content":{"rendered":"\t\t<div data-elementor-type=\"wp-page\" data-elementor-id=\"43551\" class=\"elementor elementor-43551\" data-elementor-post-type=\"page\">\n\t\t\t\t\t\t<section class=\"elementor-section elementor-top-section elementor-element elementor-element-1e302160 topSctGlb elementor-section-boxed elementor-section-height-default elementor-section-height-default\" data-id=\"1e302160\" data-element_type=\"section\" data-settings=\"{&quot;background_background&quot;:&quot;gradient&quot;}\">\n\t\t\t\t\t\t\t<div class=\"elementor-background-overlay\"><\/div>\n\t\t\t\t\t\t\t<div class=\"elementor-container elementor-column-gap-default\">\n\t\t\t\t\t<div class=\"elementor-column elementor-col-100 elementor-top-column elementor-element elementor-element-498e378a\" data-id=\"498e378a\" data-element_type=\"column\" data-settings=\"{&quot;background_background&quot;:&quot;classic&quot;}\">\n\t\t\t<div class=\"elementor-widget-wrap elementor-element-populated\">\n\t\t\t\t\t\t<div class=\"elementor-element elementor-element-18749d65 elementor-widget elementor-widget-heading\" data-id=\"18749d65\" data-element_type=\"widget\" data-widget_type=\"heading.default\">\n\t\t\t\t<div class=\"elementor-widget-container\">\n\t\t\t<style>\/*! elementor - v3.20.0 - 26-03-2024 *\/\n.elementor-heading-title{padding:0;margin:0;line-height:1}.elementor-widget-heading .elementor-heading-title[class*=elementor-size-]>a{color:inherit;font-size:inherit;line-height:inherit}.elementor-widget-heading .elementor-heading-title.elementor-size-small{font-size:15px}.elementor-widget-heading .elementor-heading-title.elementor-size-medium{font-size:19px}.elementor-widget-heading .elementor-heading-title.elementor-size-large{font-size:29px}.elementor-widget-heading .elementor-heading-title.elementor-size-xl{font-size:39px}.elementor-widget-heading .elementor-heading-title.elementor-size-xxl{font-size:59px}<\/style><h1 class=\"elementor-heading-title elementor-size-default\">CRM-Software f\u00fcr Mac<\/h1>\t\t<\/div>\n\t\t\t\t<\/div>\n\t\t\t\t\t<\/div>\n\t\t<\/div>\n\t\t\t\t\t<\/div>\n\t\t<\/section>\n\t\t\t\t<section class=\"elementor-section elementor-top-section elementor-element elementor-element-137fe2dd elementor-section-boxed elementor-section-height-default elementor-section-height-default\" data-id=\"137fe2dd\" data-element_type=\"section\">\n\t\t\t\t\t\t<div class=\"elementor-container elementor-column-gap-default\">\n\t\t\t\t\t<div class=\"elementor-column elementor-col-100 elementor-top-column elementor-element elementor-element-7e7c0c1b\" data-id=\"7e7c0c1b\" data-element_type=\"column\">\n\t\t\t<div class=\"elementor-widget-wrap elementor-element-populated\">\n\t\t\t\t\t\t<section class=\"elementor-section elementor-inner-section elementor-element elementor-element-78d8add4 elementor-section-boxed elementor-section-height-default elementor-section-height-default\" data-id=\"78d8add4\" data-element_type=\"section\">\n\t\t\t\t\t\t<div class=\"elementor-container elementor-column-gap-default\">\n\t\t\t\t\t<div class=\"elementor-column elementor-col-100 elementor-inner-column elementor-element elementor-element-61be1d0f\" data-id=\"61be1d0f\" data-element_type=\"column\">\n\t\t\t<div class=\"elementor-widget-wrap elementor-element-populated\">\n\t\t\t\t\t\t<div class=\"elementor-element elementor-element-4b8e6e92 elementor-widget elementor-widget-text-editor\" data-id=\"4b8e6e92\" data-element_type=\"widget\" data-widget_type=\"text-editor.default\">\n\t\t\t\t<div class=\"elementor-widget-container\">\n\t\t\t<style>\/*! elementor - v3.20.0 - 26-03-2024 *\/\n.elementor-widget-text-editor.elementor-drop-cap-view-stacked .elementor-drop-cap{background-color:#69727d;color:#fff}.elementor-widget-text-editor.elementor-drop-cap-view-framed .elementor-drop-cap{color:#69727d;border:3px solid;background-color:transparent}.elementor-widget-text-editor:not(.elementor-drop-cap-view-default) .elementor-drop-cap{margin-top:8px}.elementor-widget-text-editor:not(.elementor-drop-cap-view-default) .elementor-drop-cap-letter{width:1em;height:1em}.elementor-widget-text-editor .elementor-drop-cap{float:left;text-align:center;line-height:1;font-size:50px}.elementor-widget-text-editor .elementor-drop-cap-letter{display:inline-block}<\/style>\t\t\t\t<div class=\"sfContentBlock\"><p>Der Erfolg eines Unternehmens h\u00e4ngt in erster Linie von seinen Kunden ab. In der Gesch\u00e4ftswelt von heute m\u00fcssen Unternehmen weit \u00fcber die Erfassung von Kontaktdaten und fr\u00fcherer Verk\u00e4ufe hinausgehen. Wenn Sie langfristige Beziehungen zu Ihren Kunden aufbauen m\u00f6chten, dann m\u00fcssen Sie laufend mit ihnen in Dialog treten und dabei auf ihre individuellen Bed\u00fcrfnisse und Pr\u00e4ferenzen eingehen. Ein CRM-Tool erweist sich dabei als \u00e4u\u00dferst praktisch: Es hilft Ihnen, s\u00e4mtliche Interaktionen mit Kunden nachzuverfolgen und wichtige Marketing- und Kommunikationsentscheidungen zu treffen.<\/p><p>Apple \u2013 seit geraumer Zeit einer der Marktf\u00fchrer in der IT-Branche \u2013 hat mit seinen Ger\u00e4ten Ma\u00dfst\u00e4be gesetzt, an denen andere Hersteller oft gemessen werden. Obwohl wir Benutzer traditionell Windows-Laptops gegen\u00fcber MacBooks bevorzugen,\u00a0<a href=\"https:\/\/www.jamf.com\/resources\/e-books\/2016-survey-managing-apple-devices-in-the-enterprise\/\" target=\"_blank\" rel=\"noopener\">macht sich derzeit laut einer aktuellen Studie eine Trendwende bemerkbar<\/a>. Ob Smartphones und \u00e4hnliche Gadgets (iPhone, iPad) oder Laptops \u2013 die Anzahl der Apple-Anwender rund um den Globus\u00a0<a href=\"https:\/\/www.statista.com\/statistics\/263401\/global-apple-iphone-sales-since-3rd-quarter-2007\/\" target=\"_blank\" rel=\"noopener\">nimmt mit jedem Jahr exponentiell zu<\/a>. Viele CRM-Entwickler haben entt\u00e4uschenderweise jedoch immer noch keine f\u00fcr Mac-Betriebssysteme optimierten Tools im Angebot.<\/p><p><strong>Wahl eines CRM-Systems f\u00fcr Ihren Mac<\/strong><\/p><p>Obwohl das Angebot an CRM-Systemen f\u00fcr Macs nicht so gro\u00df ist wie das f\u00fcr Windows, gibt es doch einige nennenswerte Optionen auf dem Markt. Entscheiden Sie sich bei der Wahl einer CRM-Software f\u00fcr Ihren Mac f\u00fcr einen Hersteller, der ein f\u00fcr Ihr Betriebssystem optimiertes Tool entwickelt hat, das alle Kompatibilit\u00e4tsanforderungen erf\u00fcllt. Hier sind einige Dinge, die Sie bei der Entscheidungsfindung ber\u00fccksichtigen sollten:<\/p><p><strong>Hier sind einige Dinge, die Sie bei der Entscheidungsfindung ber\u00fccksichtigen sollten:<\/strong><\/p><ul><li>allgegenw\u00e4rtige Kompatibilit\u00e4t mit Cloud-basierten Umgebungen<\/li><li>nahtlose Integrierbarkeit in Tools und Anwendungen von Drittanbietern<\/li><li>Skalierbarkeit zur F\u00f6rderung des Unternehmenswachstums<\/li><li>einfacher Zugriff \u00fcber mobile Endger\u00e4te<\/li><li>Funktionen zur Vertriebsautomatisierung<\/li><\/ul><p><strong>Act! CRM f\u00fcr Mac<\/strong><\/p><p>Unser Act!\u00a0CRM verf\u00fcgt \u00fcber alle oben genannten Funktionen und ist eine gute Wahl f\u00fcr Mac-Benutzer, die sich ein modernes CRM-System w\u00fcnschen, das alle Bereiche abdeckt. Act!\u00a0CRM ist flexibel und l\u00e4sst sich \u00fcber\u00a0<a href=\"\/de\/produkte\/act-connections\">Act!\u00a0Connect<\/a>\u00a0in hunderte Anwendungen von Drittanbietern wie Google Kontakte, Zendesk und FreshBooks integrieren. Dar\u00fcber hinaus bietet es dank seiner sicheren Cloud-basierten Infrastruktur echte Mobilit\u00e4t \u2013 ganz zu schweigen vom gro\u00dfen Funktionsumfang, der von der Vertriebsautomatisierung bis hin zu einem Manager f\u00fcr benutzerdefinierte Tabellen reicht.<\/p><p>Die Act! Anwendung kann via Chrome auf Macs ausgef\u00fchrt werden, w\u00e4hrend die Act! Companion App auch mit mobilen Apple-Ger\u00e4ten wie dem iPhone und dem iPad kompatibel ist.<\/p><\/div>\t\t\t\t\t\t<\/div>\n\t\t\t\t<\/div>\n\t\t\t\t<div class=\"elementor-element elementor-element-1d3238f6 elementor-widget elementor-widget-text-editor\" data-id=\"1d3238f6\" data-element_type=\"widget\" data-widget_type=\"text-editor.default\">\n\t\t\t\t<div class=\"elementor-widget-container\">\n\t\t\t\t\t\t\t<h4><strong>Erfahren Sie mehr \u00fcber CRM:<\/strong><\/h4><ul><li><a href=\"\/de\/was-ist-crm\/\">Was ist CRM?<\/a><\/li><li><a href=\"\/de\/guides\/tipps-zur-wahl-eines-crm-systems\/\">Tipps zur Wahl des richtigen CRM-Systems f\u00fcr Ihr Unternehmen<\/a><\/li><li><a href=\"\/de\/kundenreferenzen\/alle\/\">Kundenreferenzen<\/a><\/li><\/ul>\t\t\t\t\t\t<\/div>\n\t\t\t\t<\/div>\n\t\t\t\t\t<\/div>\n\t\t<\/div>\n\t\t\t\t\t<\/div>\n\t\t<\/section>\n\t\t\t\t\t<\/div>\n\t\t<\/div>\n\t\t\t\t\t<\/div>\n\t\t<\/section>\n\t\t\t\t<section class=\"elementor-section elementor-top-section elementor-element elementor-element-3c57d186 elementor-section-boxed elementor-section-height-default elementor-section-height-default\" data-id=\"3c57d186\" data-element_type=\"section\">\n\t\t\t\t\t\t<div class=\"elementor-container elementor-column-gap-default\">\n\t\t\t\t\t<div class=\"elementor-column elementor-col-100 elementor-top-column elementor-element elementor-element-30f766f6\" data-id=\"30f766f6\" data-element_type=\"column\">\n\t\t\t<div class=\"elementor-widget-wrap elementor-element-populated\">\n\t\t\t\t\t\t<div class=\"elementor-element elementor-element-b0ab2bb elementor-widget elementor-widget-html\" data-id=\"b0ab2bb\" data-element_type=\"widget\" data-widget_type=\"html.default\">\n\t\t\t\t<div class=\"elementor-widget-container\">\n\t\t\t<script src=\"https:\/\/ajax.googleapis.com\/ajax\/libs\/jquery\/3.5.1\/jquery.min.js\"><\/script>\r\n<script>\r\n$(document).scroll(function () {\r\n    var y = $(this).scrollTop();\r\n    if (y > 200) {\r\n        $('.bottomMenu, .bottom_menu_close').fadeIn();\r\n    } else {\r\n        $('.bottomMenu, .bottom_menu_close').fadeOut();\r\n    }\r\n\r\n});\r\n$(document).ready(function(){\r\n    $(\".bottom_menu_close\").click(function(){\r\n$(\".bottomMenu\").hide();\r\n});\r\n});\r\n\r\n<\/script>\t\t<\/div>\n\t\t\t\t<\/div>\n\t\t\t\t\t<\/div>\n\t\t<\/div>\n\t\t\t\t\t<\/div>\n\t\t<\/section>\n\t\t\t\t<section class=\"elementor-section elementor-top-section elementor-element elementor-element-306ef755 elementor-section-boxed elementor-section-height-default elementor-section-height-default\" data-id=\"306ef755\" data-element_type=\"section\" data-settings=\"{&quot;background_background&quot;:&quot;gradient&quot;}\">\n\t\t\t\t\t\t\t<div class=\"elementor-background-overlay\"><\/div>\n\t\t\t\t\t\t\t<div class=\"elementor-container elementor-column-gap-default\">\n\t\t\t\t\t<div class=\"elementor-column elementor-col-100 elementor-top-column elementor-element elementor-element-7721567\" data-id=\"7721567\" data-element_type=\"column\" data-settings=\"{&quot;background_background&quot;:&quot;classic&quot;}\">\n\t\t\t<div class=\"elementor-widget-wrap elementor-element-populated\">\n\t\t\t\t\t\t<div class=\"elementor-element elementor-element-65c877ff elementor-widget elementor-widget-heading\" data-id=\"65c877ff\" data-element_type=\"widget\" data-widget_type=\"heading.default\">\n\t\t\t\t<div class=\"elementor-widget-container\">\n\t\t\t<h2 class=\"elementor-heading-title elementor-size-default\">Gro\u00dfe Resultate. Geringe Investition.<\/h2>\t\t<\/div>\n\t\t\t\t<\/div>\n\t\t\t\t<div class=\"elementor-element elementor-element-6e1c1b81 elementor-widget elementor-widget-text-editor\" data-id=\"6e1c1b81\" data-element_type=\"widget\" data-widget_type=\"text-editor.default\">\n\t\t\t\t<div class=\"elementor-widget-container\">\n\t\t\t\t\t\t\t<p class=\"lead\">Sind Sie bereit f\u00fcr den n\u00e4chsten Schritt in Richtung Wachstum?<\/p>\t\t\t\t\t\t<\/div>\n\t\t\t\t<\/div>\n\t\t\t\t<div class=\"elementor-element elementor-element-2dfa7980 elementor-align-center elementor-widget elementor-widget-button\" data-id=\"2dfa7980\" data-element_type=\"widget\" data-widget_type=\"button.default\">\n\t\t\t\t<div class=\"elementor-widget-container\">\n\t\t\t\t\t<div class=\"elementor-button-wrapper\">\n\t\t\t<a class=\"elementor-button elementor-button-link elementor-size-sm\" href=\"https:\/\/www.act.com\/de\/test\/act\/\" target=\"_blank\">\n\t\t\t\t\t\t<span class=\"elementor-button-content-wrapper\">\n\t\t\t\t\t\t<span class=\"elementor-button-text\">Act! kostenlos testen<\/span>\n\t\t<\/span>\n\t\t\t\t\t<\/a>\n\t\t<\/div>\n\t\t\t\t<\/div>\n\t\t\t\t<\/div>\n\t\t\t\t\t<\/div>\n\t\t<\/div>\n\t\t\t\t\t<\/div>\n\t\t<\/section>\n\t\t\t\t<section class=\"elementor-section elementor-top-section elementor-element elementor-element-7664d191 footer_custom elementor-hidden-desktop elementor-hidden-tablet elementor-hidden-mobile elementor-section-boxed elementor-section-height-default elementor-section-height-default\" data-id=\"7664d191\" data-element_type=\"section\" data-settings=\"{&quot;background_background&quot;:&quot;classic&quot;}\">\n\t\t\t\t\t\t<div class=\"elementor-container elementor-column-gap-default\">\n\t\t\t\t\t<div class=\"elementor-column elementor-col-100 elementor-top-column elementor-element elementor-element-2c2e2e3d\" data-id=\"2c2e2e3d\" data-element_type=\"column\">\n\t\t\t<div class=\"elementor-widget-wrap elementor-element-populated\">\n\t\t\t\t\t\t<section class=\"elementor-section elementor-inner-section elementor-element elementor-element-42bbbd1c elementor-section-boxed elementor-section-height-default elementor-section-height-default\" data-id=\"42bbbd1c\" data-element_type=\"section\">\n\t\t\t\t\t\t<div class=\"elementor-container elementor-column-gap-default\">\n\t\t\t\t\t<div class=\"elementor-column elementor-col-100 elementor-inner-column elementor-element elementor-element-23a4ada3\" data-id=\"23a4ada3\" data-element_type=\"column\">\n\t\t\t<div class=\"elementor-widget-wrap elementor-element-populated\">\n\t\t\t\t\t\t<div class=\"elementor-element elementor-element-6df4b3aa cross_footer_custom elementor-view-default elementor-widget elementor-widget-icon\" data-id=\"6df4b3aa\" data-element_type=\"widget\" data-widget_type=\"icon.default\">\n\t\t\t\t<div class=\"elementor-widget-container\">\n\t\t\t\t\t<div class=\"elementor-icon-wrapper\">\n\t\t\t<div class=\"elementor-icon\">\n\t\t\t<svg aria-hidden=\"true\" class=\"e-font-icon-svg e-far-times-circle\" viewBox=\"0 0 512 512\" xmlns=\"http:\/\/www.w3.org\/2000\/svg\"><path d=\"M256 8C119 8 8 119 8 256s111 248 248 248 248-111 248-248S393 8 256 8zm0 448c-110.5 0-200-89.5-200-200S145.5 56 256 56s200 89.5 200 200-89.5 200-200 200zm101.8-262.2L295.6 256l62.2 62.2c4.7 4.7 4.7 12.3 0 17l-22.6 22.6c-4.7 4.7-12.3 4.7-17 0L256 295.6l-62.2 62.2c-4.7 4.7-12.3 4.7-17 0l-22.6-22.6c-4.7-4.7-4.7-12.3 0-17l62.2-62.2-62.2-62.2c-4.7-4.7-4.7-12.3 0-17l22.6-22.6c4.7-4.7 12.3-4.7 17 0l62.2 62.2 62.2-62.2c4.7-4.7 12.3-4.7 17 0l22.6 22.6c4.7 4.7 4.7 12.3 0 17z\"><\/path><\/svg>\t\t\t<\/div>\n\t\t<\/div>\n\t\t\t\t<\/div>\n\t\t\t\t<\/div>\n\t\t\t\t<div class=\"elementor-element elementor-element-17dc1f6e elementor-widget elementor-widget-html\" data-id=\"17dc1f6e\" data-element_type=\"widget\" data-widget_type=\"html.default\">\n\t\t\t\t<div class=\"elementor-widget-container\">\n\t\t\t<script>\n    \njQuery(window).scroll( function(){\n     var y = jQuery(this).scrollTop();\n        if (y > 100) {\n            jQuery('.footer_custom').fadeIn();\n          } else {\n            jQuery('.footer_custom').fadeOut();\n          }\n});\njQuery('.cross_footer_custom').click(function(){\n\tjQuery('.footer_custom').remove();\n})\n<\/script>\t\t<\/div>\n\t\t\t\t<\/div>\n\t\t\t\t\t<\/div>\n\t\t<\/div>\n\t\t\t\t\t<\/div>\n\t\t<\/section>\n\t\t\t\t<section class=\"elementor-section elementor-inner-section elementor-element elementor-element-6052dc65 elementor-section-boxed elementor-section-height-default elementor-section-height-default\" data-id=\"6052dc65\" data-element_type=\"section\">\n\t\t\t\t\t\t<div class=\"elementor-container elementor-column-gap-default\">\n\t\t\t\t\t<div class=\"elementor-column elementor-col-33 elementor-inner-column elementor-element elementor-element-5977b44d\" data-id=\"5977b44d\" data-element_type=\"column\">\n\t\t\t<div class=\"elementor-widget-wrap elementor-element-populated\">\n\t\t\t\t\t\t<div class=\"elementor-element elementor-element-5f98a354 elementor-widget elementor-widget-heading\" data-id=\"5f98a354\" data-element_type=\"widget\" data-widget_type=\"heading.default\">\n\t\t\t\t<div class=\"elementor-widget-container\">\n\t\t\t<h2 class=\"elementor-heading-title elementor-size-default\">Act! CRM auf Ihrem Mac ausprobieren<\/h2>\t\t<\/div>\n\t\t\t\t<\/div>\n\t\t\t\t\t<\/div>\n\t\t<\/div>\n\t\t\t\t<div class=\"elementor-column elementor-col-33 elementor-inner-column elementor-element elementor-element-4cf7051c\" data-id=\"4cf7051c\" data-element_type=\"column\">\n\t\t\t<div class=\"elementor-widget-wrap elementor-element-populated\">\n\t\t\t\t\t\t<div class=\"elementor-element elementor-element-7b47e4e0 elementor-widget elementor-widget-heading\" data-id=\"7b47e4e0\" data-element_type=\"widget\" data-widget_type=\"heading.default\">\n\t\t\t\t<div class=\"elementor-widget-container\">\n\t\t\t<h2 class=\"elementor-heading-title elementor-size-default\">Testen Sie Act! CRM 14 Tage kostenlos.<\/h2>\t\t<\/div>\n\t\t\t\t<\/div>\n\t\t\t\t\t<\/div>\n\t\t<\/div>\n\t\t\t\t<div class=\"elementor-column elementor-col-33 elementor-inner-column elementor-element elementor-element-4c480671\" data-id=\"4c480671\" data-element_type=\"column\">\n\t\t\t<div class=\"elementor-widget-wrap elementor-element-populated\">\n\t\t\t\t\t\t<div class=\"elementor-element elementor-element-5e884253 elementor-align-center elementor-widget elementor-widget-button\" data-id=\"5e884253\" data-element_type=\"widget\" data-widget_type=\"button.default\">\n\t\t\t\t<div class=\"elementor-widget-container\">\n\t\t\t\t\t<div class=\"elementor-button-wrapper\">\n\t\t\t<a class=\"elementor-button elementor-button-link elementor-size-sm\" href=\"https:\/\/my.act.com\/de-de\/trial\" target=\"_blank\">\n\t\t\t\t\t\t<span class=\"elementor-button-content-wrapper\">\n\t\t\t\t\t\t<span class=\"elementor-button-text\">Kostenlos testen<\/span>\n\t\t<\/span>\n\t\t\t\t\t<\/a>\n\t\t<\/div>\n\t\t\t\t<\/div>\n\t\t\t\t<\/div>\n\t\t\t\t\t<\/div>\n\t\t<\/div>\n\t\t\t\t\t<\/div>\n\t\t<\/section>\n\t\t\t\t\t<\/div>\n\t\t<\/div>\n\t\t\t\t\t<\/div>\n\t\t<\/section>\n\t\t\t\t<\/div>\n\t\t","protected":false},"excerpt":{"rendered":"<p>CRM-Software f\u00fcr Mac Der Erfolg eines Unternehmens h\u00e4ngt in erster Linie von seinen Kunden ab. In der Gesch\u00e4ftswelt von heute m\u00fcssen Unternehmen weit \u00fcber die Erfassung von Kontaktdaten und fr\u00fcherer Verk\u00e4ufe hinausgehen. Wenn Sie langfristige Beziehungen zu Ihren Kunden aufbauen m\u00f6chten, dann m\u00fcssen Sie laufend mit ihnen in Dialog treten und dabei auf ihre individuellen [&hellip;]<\/p>\n","protected":false},"author":4,"featured_media":0,"parent":0,"menu_order":0,"comment_status":"closed","ping_status":"closed","template":"elementor_header_footer","meta":{"_acf_changed":false,"content-type":"","inline_featured_image":false,"footnotes":""},"categories":[],"tags":[],"folder":[],"acf":[],"yoast_head":"<!-- This site is optimized with the Yoast SEO Premium plugin v22.2 (Yoast SEO v22.4) - https:\/\/yoast.com\/wordpress\/plugins\/seo\/ -->\n<title>CRM-Software f\u00fcr Mac<\/title>\n<meta name=\"description\" content=\"Viele CRM-Anbieter optimieren ihre L\u00f6sungen nicht f\u00fcr Apple-Betriebssysteme; es gibt aber dennoch einige gute Optionen f\u00fcr Mac-Anwender auf dem Markt.\" \/>\n<meta name=\"robots\" content=\"noindex, follow, max-snippet:-1, max-image-preview:large, max-video-preview:-1\" \/>\n<meta property=\"og:locale\" content=\"de_DE\" \/>\n<meta property=\"og:type\" content=\"article\" \/>\n<meta property=\"og:title\" content=\"CRM software fur mac\" \/>\n<meta property=\"og:description\" content=\"Viele CRM-Anbieter optimieren ihre L\u00f6sungen nicht f\u00fcr Apple-Betriebssysteme; es gibt aber dennoch einige gute Optionen f\u00fcr Mac-Anwender auf dem Markt.\" \/>\n<meta property=\"og:url\" content=\"https:\/\/products.act.com\/de\/crm-software-fur-mac\/\" \/>\n<meta property=\"og:site_name\" content=\"Act!\" \/>\n<meta property=\"article:modified_time\" content=\"2022-11-16T19:55:15+00:00\" \/>\n<meta name=\"twitter:card\" content=\"summary_large_image\" \/>\n<meta name=\"twitter:label1\" content=\"Est. reading time\" \/>\n\t<meta name=\"twitter:data1\" content=\"3 minutes\" \/>\n<script type=\"application\/ld+json\" class=\"yoast-schema-graph\">{\"@context\":\"https:\/\/schema.org\",\"@graph\":[{\"@type\":\"WebPage\",\"@id\":\"https:\/\/products.act.com\/de\/crm-software-fur-mac\/\",\"url\":\"https:\/\/products.act.com\/de\/crm-software-fur-mac\/\",\"name\":\"CRM-Software f\u00fcr Mac\",\"isPartOf\":{\"@id\":\"https:\/\/products.act.com\/de\/#website\"},\"datePublished\":\"2022-01-04T06:45:26+00:00\",\"dateModified\":\"2022-11-16T19:55:15+00:00\",\"description\":\"Viele CRM-Anbieter optimieren ihre L\u00f6sungen nicht f\u00fcr Apple-Betriebssysteme; es gibt aber dennoch einige gute Optionen f\u00fcr Mac-Anwender auf dem Markt.\",\"breadcrumb\":{\"@id\":\"https:\/\/products.act.com\/de\/crm-software-fur-mac\/#breadcrumb\"},\"inLanguage\":\"de-DE\",\"potentialAction\":[{\"@type\":\"ReadAction\",\"target\":[\"https:\/\/products.act.com\/de\/crm-software-fur-mac\/\"]}]},{\"@type\":\"BreadcrumbList\",\"@id\":\"https:\/\/products.act.com\/de\/crm-software-fur-mac\/#breadcrumb\",\"itemListElement\":[{\"@type\":\"ListItem\",\"position\":1,\"name\":\"Home\",\"item\":\"https:\/\/products.act.com\/de\/\"},{\"@type\":\"ListItem\",\"position\":2,\"name\":\"CRM software fur mac\"}]},{\"@type\":\"WebSite\",\"@id\":\"https:\/\/products.act.com\/de\/#website\",\"url\":\"https:\/\/products.act.com\/de\/\",\"name\":\"Act!\",\"description\":\"CRM &amp; Marketing Automation in One\",\"publisher\":{\"@id\":\"https:\/\/products.act.com\/de\/#organization\"},\"potentialAction\":[{\"@type\":\"SearchAction\",\"target\":{\"@type\":\"EntryPoint\",\"urlTemplate\":\"https:\/\/products.act.com\/de\/?s={search_term_string}\"},\"query-input\":\"required name=search_term_string\"}],\"inLanguage\":\"de-DE\"},{\"@type\":\"Organization\",\"@id\":\"https:\/\/products.act.com\/de\/#organization\",\"name\":\"Act!\",\"url\":\"https:\/\/products.act.com\/de\/\",\"logo\":{\"@type\":\"ImageObject\",\"inLanguage\":\"de-DE\",\"@id\":\"https:\/\/products.act.com\/de\/#\/schema\/logo\/image\/\",\"url\":\"https:\/\/products.act.com\/wp-content\/uploads\/2021\/07\/logo_fe5000.png\",\"contentUrl\":\"https:\/\/products.act.com\/wp-content\/uploads\/2021\/07\/logo_fe5000.png\",\"width\":120,\"height\":120,\"caption\":\"Act!\"},\"image\":{\"@id\":\"https:\/\/products.act.com\/de\/#\/schema\/logo\/image\/\"}}]}<\/script>\n<!-- \/ Yoast SEO Premium plugin. -->","yoast_head_json":{"title":"CRM-Software f\u00fcr Mac","description":"Viele CRM-Anbieter optimieren ihre L\u00f6sungen nicht f\u00fcr Apple-Betriebssysteme; es gibt aber dennoch einige gute Optionen f\u00fcr Mac-Anwender auf dem Markt.","robots":{"index":"noindex","follow":"follow","max-snippet":"max-snippet:-1","max-image-preview":"max-image-preview:large","max-video-preview":"max-video-preview:-1"},"og_locale":"de_DE","og_type":"article","og_title":"CRM software fur mac","og_description":"Viele CRM-Anbieter optimieren ihre L\u00f6sungen nicht f\u00fcr Apple-Betriebssysteme; es gibt aber dennoch einige gute Optionen f\u00fcr Mac-Anwender auf dem Markt.","og_url":"https:\/\/products.act.com\/de\/crm-software-fur-mac\/","og_site_name":"Act!","article_modified_time":"2022-11-16T19:55:15+00:00","twitter_card":"summary_large_image","twitter_misc":{"Est. reading time":"3 minutes"},"schema":{"@context":"https:\/\/schema.org","@graph":[{"@type":"WebPage","@id":"https:\/\/products.act.com\/de\/crm-software-fur-mac\/","url":"https:\/\/products.act.com\/de\/crm-software-fur-mac\/","name":"CRM-Software f\u00fcr Mac","isPartOf":{"@id":"https:\/\/products.act.com\/de\/#website"},"datePublished":"2022-01-04T06:45:26+00:00","dateModified":"2022-11-16T19:55:15+00:00","description":"Viele CRM-Anbieter optimieren ihre L\u00f6sungen nicht f\u00fcr Apple-Betriebssysteme; es gibt aber dennoch einige gute Optionen f\u00fcr Mac-Anwender auf dem Markt.","breadcrumb":{"@id":"https:\/\/products.act.com\/de\/crm-software-fur-mac\/#breadcrumb"},"inLanguage":"de-DE","potentialAction":[{"@type":"ReadAction","target":["https:\/\/products.act.com\/de\/crm-software-fur-mac\/"]}]},{"@type":"BreadcrumbList","@id":"https:\/\/products.act.com\/de\/crm-software-fur-mac\/#breadcrumb","itemListElement":[{"@type":"ListItem","position":1,"name":"Home","item":"https:\/\/products.act.com\/de\/"},{"@type":"ListItem","position":2,"name":"CRM software fur mac"}]},{"@type":"WebSite","@id":"https:\/\/products.act.com\/de\/#website","url":"https:\/\/products.act.com\/de\/","name":"Act!","description":"CRM &amp; Marketing Automation in One","publisher":{"@id":"https:\/\/products.act.com\/de\/#organization"},"potentialAction":[{"@type":"SearchAction","target":{"@type":"EntryPoint","urlTemplate":"https:\/\/products.act.com\/de\/?s={search_term_string}"},"query-input":"required name=search_term_string"}],"inLanguage":"de-DE"},{"@type":"Organization","@id":"https:\/\/products.act.com\/de\/#organization","name":"Act!","url":"https:\/\/products.act.com\/de\/","logo":{"@type":"ImageObject","inLanguage":"de-DE","@id":"https:\/\/products.act.com\/de\/#\/schema\/logo\/image\/","url":"https:\/\/products.act.com\/wp-content\/uploads\/2021\/07\/logo_fe5000.png","contentUrl":"https:\/\/products.act.com\/wp-content\/uploads\/2021\/07\/logo_fe5000.png","width":120,"height":120,"caption":"Act!"},"image":{"@id":"https:\/\/products.act.com\/de\/#\/schema\/logo\/image\/"}}]}},"_links":{"self":[{"href":"https:\/\/products.act.com\/de\/wp-json\/wp\/v2\/pages\/43551"}],"collection":[{"href":"https:\/\/products.act.com\/de\/wp-json\/wp\/v2\/pages"}],"about":[{"href":"https:\/\/products.act.com\/de\/wp-json\/wp\/v2\/types\/page"}],"author":[{"embeddable":true,"href":"https:\/\/products.act.com\/de\/wp-json\/wp\/v2\/users\/4"}],"replies":[{"embeddable":true,"href":"https:\/\/products.act.com\/de\/wp-json\/wp\/v2\/comments?post=43551"}],"version-history":[{"count":0,"href":"https:\/\/products.act.com\/de\/wp-json\/wp\/v2\/pages\/43551\/revisions"}],"wp:attachment":[{"href":"https:\/\/products.act.com\/de\/wp-json\/wp\/v2\/media?parent=43551"}],"wp:term":[{"taxonomy":"category","embeddable":true,"href":"https:\/\/products.act.com\/de\/wp-json\/wp\/v2\/categories?post=43551"},{"taxonomy":"post_tag","embeddable":true,"href":"https:\/\/products.act.com\/de\/wp-json\/wp\/v2\/tags?post=43551"},{"taxonomy":"folder","embeddable":true,"href":"https:\/\/products.act.com\/de\/wp-json\/wp\/v2\/folder?post=43551"}],"curies":[{"name":"wp","href":"https:\/\/api.w.org\/{rel}","templated":true}]}}