{"id":43531,"date":"2021-07-25T10:20:40","date_gmt":"2021-07-25T10:20:40","guid":{"rendered":"https:\/\/act.com\/billing-cancellation\/"},"modified":"2022-11-25T18:21:22","modified_gmt":"2022-11-26T01:21:22","slug":"zahlungsinformation","status":"publish","type":"page","link":"https:\/\/products.act.com\/de\/zahlungsinformation\/","title":{"rendered":"Act! Zahlungsm\u00f6glichkeiten"},"content":{"rendered":"\t\t<div data-elementor-type=\"wp-page\" data-elementor-id=\"43531\" class=\"elementor elementor-43531\" data-elementor-post-type=\"page\">\n\t\t\t\t\t\t<section class=\"elementor-section elementor-top-section elementor-element elementor-element-558404a topSctGlb elementor-section-boxed elementor-section-height-default elementor-section-height-default\" data-id=\"558404a\" data-element_type=\"section\" data-settings=\"{&quot;background_background&quot;:&quot;gradient&quot;}\">\n\t\t\t\t\t\t\t<div class=\"elementor-background-overlay\"><\/div>\n\t\t\t\t\t\t\t<div class=\"elementor-container elementor-column-gap-default\">\n\t\t\t\t\t<div class=\"elementor-column elementor-col-100 elementor-top-column elementor-element elementor-element-aba4be2\" data-id=\"aba4be2\" data-element_type=\"column\" data-settings=\"{&quot;background_background&quot;:&quot;classic&quot;}\">\n\t\t\t<div class=\"elementor-widget-wrap elementor-element-populated\">\n\t\t\t\t\t\t<div class=\"elementor-element elementor-element-aa413cf elementor-widget elementor-widget-heading\" data-id=\"aa413cf\" data-element_type=\"widget\" data-widget_type=\"heading.default\">\n\t\t\t\t<div class=\"elementor-widget-container\">\n\t\t\t<style>\/*! elementor - v3.20.0 - 26-03-2024 *\/\n.elementor-heading-title{padding:0;margin:0;line-height:1}.elementor-widget-heading .elementor-heading-title[class*=elementor-size-]>a{color:inherit;font-size:inherit;line-height:inherit}.elementor-widget-heading .elementor-heading-title.elementor-size-small{font-size:15px}.elementor-widget-heading .elementor-heading-title.elementor-size-medium{font-size:19px}.elementor-widget-heading .elementor-heading-title.elementor-size-large{font-size:29px}.elementor-widget-heading .elementor-heading-title.elementor-size-xl{font-size:39px}.elementor-widget-heading .elementor-heading-title.elementor-size-xxl{font-size:59px}<\/style><h1 class=\"elementor-heading-title elementor-size-default\">Zahlungsm\u00f6glichkeiten<\/h1>\t\t<\/div>\n\t\t\t\t<\/div>\n\t\t\t\t\t<\/div>\n\t\t<\/div>\n\t\t\t\t\t<\/div>\n\t\t<\/section>\n\t\t\t\t<section class=\"elementor-section elementor-top-section elementor-element elementor-element-fbd9c67 elementor-section-boxed elementor-section-height-default elementor-section-height-default\" data-id=\"fbd9c67\" data-element_type=\"section\">\n\t\t\t\t\t\t<div class=\"elementor-container elementor-column-gap-default\">\n\t\t\t\t\t<div class=\"elementor-column elementor-col-100 elementor-top-column elementor-element elementor-element-3598ca4\" data-id=\"3598ca4\" data-element_type=\"column\">\n\t\t\t<div class=\"elementor-widget-wrap elementor-element-populated\">\n\t\t\t\t\t\t<div class=\"elementor-element elementor-element-a23fcce elementor-widget elementor-widget-heading\" data-id=\"a23fcce\" data-element_type=\"widget\" data-widget_type=\"heading.default\">\n\t\t\t\t<div class=\"elementor-widget-container\">\n\t\t\t<p class=\"elementor-heading-title elementor-size-default\">Im Folgenden finden Sie die Details zu den Zahlungsm\u00f6glichkeiten, die Sie f\u00fcr Ihre Zahlungen an Act! nutzen k\u00f6nnen. Zahlungen sind per Bank\u00fcberweisung oder Kreditkarte m\u00f6glich.<\/p>\t\t<\/div>\n\t\t\t\t<\/div>\n\t\t\t\t<div class=\"elementor-element elementor-element-0a58ffe elementor-widget elementor-widget-heading\" data-id=\"0a58ffe\" data-element_type=\"widget\" data-widget_type=\"heading.default\">\n\t\t\t\t<div class=\"elementor-widget-container\">\n\t\t\t<h3 class=\"elementor-heading-title elementor-size-default\">F\u00fcr Zahlungen in Euro nutzen Sie bitte folgende Bankverbindung:<\/h3>\t\t<\/div>\n\t\t\t\t<\/div>\n\t\t\t\t<div class=\"elementor-element elementor-element-e235a69 elementor-widget elementor-widget-text-editor\" data-id=\"e235a69\" data-element_type=\"widget\" data-widget_type=\"text-editor.default\">\n\t\t\t\t<div class=\"elementor-widget-container\">\n\t\t\t<style>\/*! elementor - v3.20.0 - 26-03-2024 *\/\n.elementor-widget-text-editor.elementor-drop-cap-view-stacked .elementor-drop-cap{background-color:#69727d;color:#fff}.elementor-widget-text-editor.elementor-drop-cap-view-framed .elementor-drop-cap{color:#69727d;border:3px solid;background-color:transparent}.elementor-widget-text-editor:not(.elementor-drop-cap-view-default) .elementor-drop-cap{margin-top:8px}.elementor-widget-text-editor:not(.elementor-drop-cap-view-default) .elementor-drop-cap-letter{width:1em;height:1em}.elementor-widget-text-editor .elementor-drop-cap{float:left;text-align:center;line-height:1;font-size:50px}.elementor-widget-text-editor .elementor-drop-cap-letter{display:inline-block}<\/style>\t\t\t\t<p>Bank: NatWest Bank Plc<br \/>13 Market Place, Reading, Berkshire, RG1 2EG<br \/>Kontoinhaber: Act! EUR Account<br \/>Kontonummer: 91521181<br \/>Bankleitzahl: 60-17-21<br \/>IBAN: GB92NWBK 607206 91521181<br \/>SWIFT\/BIC: NWBKGB2L<\/p>\t\t\t\t\t\t<\/div>\n\t\t\t\t<\/div>\n\t\t\t\t<div class=\"elementor-element elementor-element-2058fbc elementor-widget elementor-widget-heading\" data-id=\"2058fbc\" data-element_type=\"widget\" data-widget_type=\"heading.default\">\n\t\t\t\t<div class=\"elementor-widget-container\">\n\t\t\t<h3 class=\"elementor-heading-title elementor-size-default\">Bezahlung mit Kreditkarte*<\/h3>\t\t<\/div>\n\t\t\t\t<\/div>\n\t\t\t\t<div class=\"elementor-element elementor-element-a44a029 elementor-widget elementor-widget-text-editor\" data-id=\"a44a029\" data-element_type=\"widget\" data-widget_type=\"text-editor.default\">\n\t\t\t\t<div class=\"elementor-widget-container\">\n\t\t\t\t\t\t\t<p>Bitte kontaktieren Sie unsere Finanzabteilung unter folgender Nummer : 0800 1812014<\/p><p><em>*Bitte beachten Sie dass wir keine American Express Kreditkarten akzeptieren.<\/em><\/p>\t\t\t\t\t\t<\/div>\n\t\t\t\t<\/div>\n\t\t\t\t\t<\/div>\n\t\t<\/div>\n\t\t\t\t\t<\/div>\n\t\t<\/section>\n\t\t\t\t<\/div>\n\t\t","protected":false},"excerpt":{"rendered":"<p>Zahlungsm\u00f6glichkeiten Im Folgenden finden Sie die Details zu den Zahlungsm\u00f6glichkeiten, die Sie f\u00fcr Ihre Zahlungen an Act! nutzen k\u00f6nnen. Zahlungen sind per Bank\u00fcberweisung oder Kreditkarte m\u00f6glich. F\u00fcr Zahlungen in Euro nutzen Sie bitte folgende Bankverbindung: Bank: NatWest Bank Plc13 Market Place, Reading, Berkshire, RG1 2EGKontoinhaber: Act! EUR AccountKontonummer: 91521181Bankleitzahl: 60-17-21IBAN: GB92NWBK 607206 91521181SWIFT\/BIC: NWBKGB2L Bezahlung [&hellip;]<\/p>\n","protected":false},"author":4,"featured_media":0,"parent":0,"menu_order":0,"comment_status":"closed","ping_status":"closed","template":"elementor_header_footer","meta":{"_acf_changed":false,"content-type":"","inline_featured_image":false,"footnotes":""},"categories":[],"tags":[],"folder":[],"acf":[],"yoast_head":"<!-- This site is optimized with the Yoast SEO Premium plugin v22.2 (Yoast SEO v22.4) - https:\/\/yoast.com\/wordpress\/plugins\/seo\/ -->\n<title>Act! Zahlungsm\u00f6glichkeiten<\/title>\n<meta name=\"robots\" content=\"noindex, follow, max-snippet:-1, max-image-preview:large, max-video-preview:-1\" \/>\n<meta property=\"og:locale\" content=\"de_DE\" \/>\n<meta property=\"og:type\" content=\"article\" \/>\n<meta property=\"og:title\" content=\"Act! Zahlungsm\u00f6glichkeiten\" \/>\n<meta property=\"og:description\" content=\"Zahlungsm\u00f6glichkeiten Im Folgenden finden Sie die Details zu den Zahlungsm\u00f6glichkeiten, die Sie f\u00fcr Ihre Zahlungen an Act! nutzen k\u00f6nnen. Zahlungen sind per Bank\u00fcberweisung oder Kreditkarte m\u00f6glich. F\u00fcr Zahlungen in Euro nutzen Sie bitte folgende Bankverbindung: Bank: NatWest Bank Plc13 Market Place, Reading, Berkshire, RG1 2EGKontoinhaber: Act! EUR AccountKontonummer: 91521181Bankleitzahl: 60-17-21IBAN: GB92NWBK 607206 91521181SWIFT\/BIC: NWBKGB2L Bezahlung [&hellip;]\" \/>\n<meta property=\"og:url\" content=\"https:\/\/products.act.com\/de\/zahlungsinformation\/\" \/>\n<meta property=\"og:site_name\" content=\"Act!\" \/>\n<meta property=\"article:modified_time\" content=\"2022-11-26T01:21:22+00:00\" \/>\n<meta name=\"twitter:card\" content=\"summary_large_image\" \/>\n<meta name=\"twitter:label1\" content=\"Est. reading time\" \/>\n\t<meta name=\"twitter:data1\" content=\"1 minute\" \/>\n<script type=\"application\/ld+json\" class=\"yoast-schema-graph\">{\"@context\":\"https:\/\/schema.org\",\"@graph\":[{\"@type\":\"WebPage\",\"@id\":\"https:\/\/products.act.com\/de\/zahlungsinformation\/\",\"url\":\"https:\/\/products.act.com\/de\/zahlungsinformation\/\",\"name\":\"Act! Zahlungsm\u00f6glichkeiten\",\"isPartOf\":{\"@id\":\"https:\/\/products.act.com\/de\/#website\"},\"datePublished\":\"2021-07-25T10:20:40+00:00\",\"dateModified\":\"2022-11-26T01:21:22+00:00\",\"breadcrumb\":{\"@id\":\"https:\/\/products.act.com\/de\/zahlungsinformation\/#breadcrumb\"},\"inLanguage\":\"de-DE\",\"potentialAction\":[{\"@type\":\"ReadAction\",\"target\":[\"https:\/\/products.act.com\/de\/zahlungsinformation\/\"]}]},{\"@type\":\"BreadcrumbList\",\"@id\":\"https:\/\/products.act.com\/de\/zahlungsinformation\/#breadcrumb\",\"itemListElement\":[{\"@type\":\"ListItem\",\"position\":1,\"name\":\"Home\",\"item\":\"https:\/\/products.act.com\/de\/\"},{\"@type\":\"ListItem\",\"position\":2,\"name\":\"Act! Zahlungsm\u00f6glichkeiten\"}]},{\"@type\":\"WebSite\",\"@id\":\"https:\/\/products.act.com\/de\/#website\",\"url\":\"https:\/\/products.act.com\/de\/\",\"name\":\"Act!\",\"description\":\"CRM &amp; Marketing Automation in One\",\"publisher\":{\"@id\":\"https:\/\/products.act.com\/de\/#organization\"},\"potentialAction\":[{\"@type\":\"SearchAction\",\"target\":{\"@type\":\"EntryPoint\",\"urlTemplate\":\"https:\/\/products.act.com\/de\/?s={search_term_string}\"},\"query-input\":\"required name=search_term_string\"}],\"inLanguage\":\"de-DE\"},{\"@type\":\"Organization\",\"@id\":\"https:\/\/products.act.com\/de\/#organization\",\"name\":\"Act!\",\"url\":\"https:\/\/products.act.com\/de\/\",\"logo\":{\"@type\":\"ImageObject\",\"inLanguage\":\"de-DE\",\"@id\":\"https:\/\/products.act.com\/de\/#\/schema\/logo\/image\/\",\"url\":\"https:\/\/products.act.com\/wp-content\/uploads\/2021\/07\/logo_fe5000.png\",\"contentUrl\":\"https:\/\/products.act.com\/wp-content\/uploads\/2021\/07\/logo_fe5000.png\",\"width\":120,\"height\":120,\"caption\":\"Act!\"},\"image\":{\"@id\":\"https:\/\/products.act.com\/de\/#\/schema\/logo\/image\/\"}}]}<\/script>\n<!-- \/ Yoast SEO Premium plugin. -->","yoast_head_json":{"title":"Act! Zahlungsm\u00f6glichkeiten","robots":{"index":"noindex","follow":"follow","max-snippet":"max-snippet:-1","max-image-preview":"max-image-preview:large","max-video-preview":"max-video-preview:-1"},"og_locale":"de_DE","og_type":"article","og_title":"Act! Zahlungsm\u00f6glichkeiten","og_description":"Zahlungsm\u00f6glichkeiten Im Folgenden finden Sie die Details zu den Zahlungsm\u00f6glichkeiten, die Sie f\u00fcr Ihre Zahlungen an Act! nutzen k\u00f6nnen. Zahlungen sind per Bank\u00fcberweisung oder Kreditkarte m\u00f6glich. F\u00fcr Zahlungen in Euro nutzen Sie bitte folgende Bankverbindung: Bank: NatWest Bank Plc13 Market Place, Reading, Berkshire, RG1 2EGKontoinhaber: Act! EUR AccountKontonummer: 91521181Bankleitzahl: 60-17-21IBAN: GB92NWBK 607206 91521181SWIFT\/BIC: NWBKGB2L Bezahlung [&hellip;]","og_url":"https:\/\/products.act.com\/de\/zahlungsinformation\/","og_site_name":"Act!","article_modified_time":"2022-11-26T01:21:22+00:00","twitter_card":"summary_large_image","twitter_misc":{"Est. reading time":"1 minute"},"schema":{"@context":"https:\/\/schema.org","@graph":[{"@type":"WebPage","@id":"https:\/\/products.act.com\/de\/zahlungsinformation\/","url":"https:\/\/products.act.com\/de\/zahlungsinformation\/","name":"Act! Zahlungsm\u00f6glichkeiten","isPartOf":{"@id":"https:\/\/products.act.com\/de\/#website"},"datePublished":"2021-07-25T10:20:40+00:00","dateModified":"2022-11-26T01:21:22+00:00","breadcrumb":{"@id":"https:\/\/products.act.com\/de\/zahlungsinformation\/#breadcrumb"},"inLanguage":"de-DE","potentialAction":[{"@type":"ReadAction","target":["https:\/\/products.act.com\/de\/zahlungsinformation\/"]}]},{"@type":"BreadcrumbList","@id":"https:\/\/products.act.com\/de\/zahlungsinformation\/#breadcrumb","itemListElement":[{"@type":"ListItem","position":1,"name":"Home","item":"https:\/\/products.act.com\/de\/"},{"@type":"ListItem","position":2,"name":"Act! Zahlungsm\u00f6glichkeiten"}]},{"@type":"WebSite","@id":"https:\/\/products.act.com\/de\/#website","url":"https:\/\/products.act.com\/de\/","name":"Act!","description":"CRM &amp; Marketing Automation in One","publisher":{"@id":"https:\/\/products.act.com\/de\/#organization"},"potentialAction":[{"@type":"SearchAction","target":{"@type":"EntryPoint","urlTemplate":"https:\/\/products.act.com\/de\/?s={search_term_string}"},"query-input":"required name=search_term_string"}],"inLanguage":"de-DE"},{"@type":"Organization","@id":"https:\/\/products.act.com\/de\/#organization","name":"Act!","url":"https:\/\/products.act.com\/de\/","logo":{"@type":"ImageObject","inLanguage":"de-DE","@id":"https:\/\/products.act.com\/de\/#\/schema\/logo\/image\/","url":"https:\/\/products.act.com\/wp-content\/uploads\/2021\/07\/logo_fe5000.png","contentUrl":"https:\/\/products.act.com\/wp-content\/uploads\/2021\/07\/logo_fe5000.png","width":120,"height":120,"caption":"Act!"},"image":{"@id":"https:\/\/products.act.com\/de\/#\/schema\/logo\/image\/"}}]}},"_links":{"self":[{"href":"https:\/\/products.act.com\/de\/wp-json\/wp\/v2\/pages\/43531"}],"collection":[{"href":"https:\/\/products.act.com\/de\/wp-json\/wp\/v2\/pages"}],"about":[{"href":"https:\/\/products.act.com\/de\/wp-json\/wp\/v2\/types\/page"}],"author":[{"embeddable":true,"href":"https:\/\/products.act.com\/de\/wp-json\/wp\/v2\/users\/4"}],"replies":[{"embeddable":true,"href":"https:\/\/products.act.com\/de\/wp-json\/wp\/v2\/comments?post=43531"}],"version-history":[{"count":0,"href":"https:\/\/products.act.com\/de\/wp-json\/wp\/v2\/pages\/43531\/revisions"}],"wp:attachment":[{"href":"https:\/\/products.act.com\/de\/wp-json\/wp\/v2\/media?parent=43531"}],"wp:term":[{"taxonomy":"category","embeddable":true,"href":"https:\/\/products.act.com\/de\/wp-json\/wp\/v2\/categories?post=43531"},{"taxonomy":"post_tag","embeddable":true,"href":"https:\/\/products.act.com\/de\/wp-json\/wp\/v2\/tags?post=43531"},{"taxonomy":"folder","embeddable":true,"href":"https:\/\/products.act.com\/de\/wp-json\/wp\/v2\/folder?post=43531"}],"curies":[{"name":"wp","href":"https:\/\/api.w.org\/{rel}","templated":true}]}}