{"id":43455,"date":"2022-01-03T19:12:50","date_gmt":"2022-01-03T12:12:50","guid":{"rendered":"https:\/\/act.com\/?page_id=43455"},"modified":"2022-11-16T12:28:40","modified_gmt":"2022-11-16T19:28:40","slug":"cookie-richtlinien","status":"publish","type":"page","link":"https:\/\/products.act.com\/de\/cookie-richtlinien\/","title":{"rendered":"Cookie richtlinien"},"content":{"rendered":"\t\t<div data-elementor-type=\"wp-page\" data-elementor-id=\"43455\" class=\"elementor elementor-43455\" data-elementor-post-type=\"page\">\n\t\t\t\t\t\t<section class=\"elementor-section elementor-top-section elementor-element elementor-element-83ba5f7 topSctGlb elementor-section-boxed elementor-section-height-default elementor-section-height-default\" data-id=\"83ba5f7\" data-element_type=\"section\" data-settings=\"{&quot;background_background&quot;:&quot;gradient&quot;}\">\n\t\t\t\t\t\t<div class=\"elementor-container elementor-column-gap-default\">\n\t\t\t\t\t<div class=\"elementor-column elementor-col-100 elementor-top-column elementor-element elementor-element-078bb55\" data-id=\"078bb55\" data-element_type=\"column\">\n\t\t\t<div class=\"elementor-widget-wrap elementor-element-populated\">\n\t\t\t\t\t\t<div class=\"elementor-element elementor-element-f007b5f elementor-widget elementor-widget-heading\" data-id=\"f007b5f\" data-element_type=\"widget\" data-widget_type=\"heading.default\">\n\t\t\t\t<div class=\"elementor-widget-container\">\n\t\t\t<style>\/*! elementor - v3.20.0 - 26-03-2024 *\/\n.elementor-heading-title{padding:0;margin:0;line-height:1}.elementor-widget-heading .elementor-heading-title[class*=elementor-size-]>a{color:inherit;font-size:inherit;line-height:inherit}.elementor-widget-heading .elementor-heading-title.elementor-size-small{font-size:15px}.elementor-widget-heading .elementor-heading-title.elementor-size-medium{font-size:19px}.elementor-widget-heading .elementor-heading-title.elementor-size-large{font-size:29px}.elementor-widget-heading .elementor-heading-title.elementor-size-xl{font-size:39px}.elementor-widget-heading .elementor-heading-title.elementor-size-xxl{font-size:59px}<\/style><h2 class=\"elementor-heading-title elementor-size-default\">Cookie-Richtlinien<\/h2>\t\t<\/div>\n\t\t\t\t<\/div>\n\t\t\t\t\t<\/div>\n\t\t<\/div>\n\t\t\t\t\t<\/div>\n\t\t<\/section>\n\t\t\t\t<section class=\"elementor-section elementor-top-section elementor-element elementor-element-2bc6177 elementor-section-boxed elementor-section-height-default elementor-section-height-default\" data-id=\"2bc6177\" data-element_type=\"section\">\n\t\t\t\t\t\t<div class=\"elementor-container elementor-column-gap-default\">\n\t\t\t\t\t<div class=\"elementor-column elementor-col-100 elementor-top-column elementor-element elementor-element-d20a9b4\" data-id=\"d20a9b4\" data-element_type=\"column\">\n\t\t\t<div class=\"elementor-widget-wrap elementor-element-populated\">\n\t\t\t\t\t\t<div class=\"elementor-element elementor-element-3be1e34 elementor-widget elementor-widget-text-editor\" data-id=\"3be1e34\" data-element_type=\"widget\" data-widget_type=\"text-editor.default\">\n\t\t\t\t<div class=\"elementor-widget-container\">\n\t\t\t<style>\/*! elementor - v3.20.0 - 26-03-2024 *\/\n.elementor-widget-text-editor.elementor-drop-cap-view-stacked .elementor-drop-cap{background-color:#69727d;color:#fff}.elementor-widget-text-editor.elementor-drop-cap-view-framed .elementor-drop-cap{color:#69727d;border:3px solid;background-color:transparent}.elementor-widget-text-editor:not(.elementor-drop-cap-view-default) .elementor-drop-cap{margin-top:8px}.elementor-widget-text-editor:not(.elementor-drop-cap-view-default) .elementor-drop-cap-letter{width:1em;height:1em}.elementor-widget-text-editor .elementor-drop-cap{float:left;text-align:center;line-height:1;font-size:50px}.elementor-widget-text-editor .elementor-drop-cap-letter{display:inline-block}<\/style>\t\t\t\t<p>Unsere Website verwendet Cookies, um Sie von anderen Benutzern unserer Website zu unterscheiden. Das hilft uns, Ihnen einen besonderen Service zu bieten, wenn Sie unsere Website verwenden und erm\u00f6glicht uns die stetige Verbesserung unserer Website. Durch die weitere Nutzung unserer Website stimmen Sie unserer Verwendung von Cookies und der damit gegebenenfalls verbundenen Erhebung von Daten zu.<\/p>\t\t\t\t\t\t<\/div>\n\t\t\t\t<\/div>\n\t\t\t\t<div class=\"elementor-element elementor-element-d0a6ca4 elementor-widget elementor-widget-heading\" data-id=\"d0a6ca4\" data-element_type=\"widget\" data-widget_type=\"heading.default\">\n\t\t\t\t<div class=\"elementor-widget-container\">\n\t\t\t<h2 class=\"elementor-heading-title elementor-size-default\">Was sind Cookies?<\/h2>\t\t<\/div>\n\t\t\t\t<\/div>\n\t\t\t\t<div class=\"elementor-element elementor-element-9cb52ec elementor-widget elementor-widget-text-editor\" data-id=\"9cb52ec\" data-element_type=\"widget\" data-widget_type=\"text-editor.default\">\n\t\t\t\t<div class=\"elementor-widget-container\">\n\t\t\t\t\t\t\t<p>Wir wollen sicherstellen, dass Sie \u00fcber den Gebrauch dieser Technologie umfassend informiert sind und m\u00f6chten Ihnen diese im Folgenden erkl\u00e4ren. Ein Cookie ist eine kleine Datei, die Buchstaben und Zahlen in dem Browser, der Festplatte Ihres Computers, Tablet oder Mobiltelefons speichert. Cookies enthalten Informationen, die dazu beitragen, Ihr Ger\u00e4t zu identifizieren, wenn Sie unsere Website besuchen.<\/p>\t\t\t\t\t\t<\/div>\n\t\t\t\t<\/div>\n\t\t\t\t<div class=\"elementor-element elementor-element-46f9974 elementor-widget elementor-widget-heading\" data-id=\"46f9974\" data-element_type=\"widget\" data-widget_type=\"heading.default\">\n\t\t\t\t<div class=\"elementor-widget-container\">\n\t\t\t<h2 class=\"elementor-heading-title elementor-size-default\">Wie setzen wir Cookies ein?<\/h2>\t\t<\/div>\n\t\t\t\t<\/div>\n\t\t\t\t<div class=\"elementor-element elementor-element-92e58cd elementor-widget elementor-widget-text-editor\" data-id=\"92e58cd\" data-element_type=\"widget\" data-widget_type=\"text-editor.default\">\n\t\t\t\t<div class=\"elementor-widget-container\">\n\t\t\t\t\t\t\t<p>Wir verwenden die folgenden Cookies:<\/p><ul><li><strong>Erforderliche Cookies:<\/strong>\u00a0Diese Cookies sind f\u00fcr den Betrieb von unserer Website erforderlich. Dazu geh\u00f6ren zum Beispiel Cookies, die es Ihnen erm\u00f6glichen, unsere Produkte online zu kaufen.<\/li><li><strong>Leistungs-Cookies:<\/strong>\u00a0Diese Cookies erm\u00f6glichen uns, eine Analyse der Benutzer unserer Website und die Anzahl der Besucher durchzuf\u00fchren. Dies hilft uns, die Funktionalit\u00e4t unserer Website verbessern, zum Beispiel indem sichergestellt wird, dass die Nutzer leichter finden, was sie suchen.<\/li><li><strong>Funktionalit\u00e4ts-Cookies:<\/strong>\u00a0Diese Cookies werden verwendet, um Sie zu erkennen, wenn Sie auf unsere Webseite zur\u00fcckkehren. Dies erm\u00f6glicht uns, unsere Inhalte f\u00fcr Sie zu personalisieren und sich Ihre Pr\u00e4ferenzen zu merken (z.B. Wahl der Sprache oder Region).<\/li><li><strong>Werbe-Cookies:\u00a0<\/strong>\u00a0Diese Cookies erfassen Ihren Besuch auf unserer Website, die Seiten, die Sie besucht haben und die Links, denen Sie gefolgt sind. Wir k\u00f6nnen diese Informationen nutzen, um unsere Website und die Werbung auf Ihre Interessen zuzuschneiden. Wir k\u00f6nnen auch diese Informationen mit Dritten zu den gleichen Zwecken teilen.<\/li><li><strong>Sicherheits-Cookies:<\/strong>\u00a0Diese Cookies werden eingesetzt, wenn die Seite gesch\u00fctzte oder elektronische Gesundheitsinformationen enth\u00e4lt.<\/li><\/ul><p>Bitte beachten Sie, dass Dritte (einschlie\u00dflich beispielsweise Werbe-Netzwerke und Anbieter von Fremdleistungen wie Web-Traffic-Analyse-Dienste) auch Cookies verwenden k\u00f6nnen, \u00fcber die wir keine Kontrolle haben. Diese Cookies sind wahrscheinlich Leistungs-Cookies oder Werbe-Cookies.<\/p>\t\t\t\t\t\t<\/div>\n\t\t\t\t<\/div>\n\t\t\t\t<div class=\"elementor-element elementor-element-051afe1 elementor-widget elementor-widget-heading\" data-id=\"051afe1\" data-element_type=\"widget\" data-widget_type=\"heading.default\">\n\t\t\t\t<div class=\"elementor-widget-container\">\n\t\t\t<h2 class=\"elementor-heading-title elementor-size-default\">Kontrolle \u00fcber Cookies<\/h2>\t\t<\/div>\n\t\t\t\t<\/div>\n\t\t\t\t<div class=\"elementor-element elementor-element-faa8c36 elementor-widget elementor-widget-text-editor\" data-id=\"faa8c36\" data-element_type=\"widget\" data-widget_type=\"text-editor.default\">\n\t\t\t\t<div class=\"elementor-widget-container\">\n\t\t\t\t\t\t\t<p>Sie k\u00f6nnen Cookies durch eine Einstellung Ihres Browser einzeln oder komplett ablehnen und blockieren. Diese Funktion finden Sie \u00fcblicherweise in den Einstellungen des Browsers. Konsultieren Sie die Hilfefunktion oder den Support-Bereich Ihres Browsers, um mehr dar\u00fcber zu erfahren. Wenn Sie jedoch Ihre Browser-Einstellungen so einstellen, dass alle Cookies (einschlie\u00dflich der erforderlichen Cookies) blockiert werden, k\u00f6nnen Sie nicht auf alle Teile unserer Website zugreifen.<\/p><p>Sie k\u00f6nnen jederzeit mit der \u00c4nderung der Einstellungen in Ihrem Browser einige oder alle Cookies l\u00f6schen, ohne auf uns zur\u00fcckkommen zu m\u00fcssen.<\/p>\t\t\t\t\t\t<\/div>\n\t\t\t\t<\/div>\n\t\t\t\t\t<\/div>\n\t\t<\/div>\n\t\t\t\t\t<\/div>\n\t\t<\/section>\n\t\t\t\t<section class=\"elementor-section elementor-top-section elementor-element elementor-element-4c161bd3 elementor-section-boxed elementor-section-height-default elementor-section-height-default\" data-id=\"4c161bd3\" data-element_type=\"section\" data-settings=\"{&quot;background_background&quot;:&quot;gradient&quot;}\">\n\t\t\t\t\t\t<div class=\"elementor-container elementor-column-gap-default\">\n\t\t\t\t\t<div class=\"elementor-column elementor-col-100 elementor-top-column elementor-element elementor-element-7d71d8eb\" data-id=\"7d71d8eb\" data-element_type=\"column\">\n\t\t\t<div class=\"elementor-widget-wrap elementor-element-populated\">\n\t\t\t\t\t\t<div class=\"elementor-element elementor-element-37e0390e elementor-widget elementor-widget-heading\" data-id=\"37e0390e\" data-element_type=\"widget\" data-widget_type=\"heading.default\">\n\t\t\t\t<div class=\"elementor-widget-container\">\n\t\t\t<h2 class=\"elementor-heading-title elementor-size-default\">Gro\u00dfe Resultate. Geringe Investition.<\/h2>\t\t<\/div>\n\t\t\t\t<\/div>\n\t\t\t\t<div class=\"elementor-element elementor-element-1521d95d elementor-widget elementor-widget-text-editor\" data-id=\"1521d95d\" data-element_type=\"widget\" data-widget_type=\"text-editor.default\">\n\t\t\t\t<div class=\"elementor-widget-container\">\n\t\t\t\t\t\t\t<p>Sind Sie bereit f\u00fcr den n\u00e4chsten Schritt in Richtung Wachstum?<\/p>\t\t\t\t\t\t<\/div>\n\t\t\t\t<\/div>\n\t\t\t\t<div class=\"elementor-element elementor-element-3a62d087 elementor-align-center elementor-widget elementor-widget-button\" data-id=\"3a62d087\" data-element_type=\"widget\" data-widget_type=\"button.default\">\n\t\t\t\t<div class=\"elementor-widget-container\">\n\t\t\t\t\t<div class=\"elementor-button-wrapper\">\n\t\t\t<a class=\"elementor-button elementor-button-link elementor-size-sm\" href=\"https:\/\/www.act.com\/de\/test\/act\/\" target=\"_blank\">\n\t\t\t\t\t\t<span class=\"elementor-button-content-wrapper\">\n\t\t\t\t\t\t<span class=\"elementor-button-text\">Act! kostenlos testen<\/span>\n\t\t<\/span>\n\t\t\t\t\t<\/a>\n\t\t<\/div>\n\t\t\t\t<\/div>\n\t\t\t\t<\/div>\n\t\t\t\t\t<\/div>\n\t\t<\/div>\n\t\t\t\t\t<\/div>\n\t\t<\/section>\n\t\t\t\t<\/div>\n\t\t","protected":false},"excerpt":{"rendered":"<p>Cookie-Richtlinien Unsere Website verwendet Cookies, um Sie von anderen Benutzern unserer Website zu unterscheiden. Das hilft uns, Ihnen einen besonderen Service zu bieten, wenn Sie unsere Website verwenden und erm\u00f6glicht uns die stetige Verbesserung unserer Website. Durch die weitere Nutzung unserer Website stimmen Sie unserer Verwendung von Cookies und der damit gegebenenfalls verbundenen Erhebung von [&hellip;]<\/p>\n","protected":false},"author":4,"featured_media":0,"parent":0,"menu_order":0,"comment_status":"closed","ping_status":"closed","template":"elementor_header_footer","meta":{"_acf_changed":false,"content-type":"","inline_featured_image":false,"footnotes":""},"categories":[],"tags":[],"folder":[],"acf":[],"yoast_head":"<!-- This site is optimized with the Yoast SEO Premium plugin v22.2 (Yoast SEO v22.4) - https:\/\/yoast.com\/wordpress\/plugins\/seo\/ -->\n<title>Act! Cookie Richtlinien<\/title>\n<meta name=\"description\" content=\"Die Act! Cookie Richtlinien im \u00dcberblick.\" \/>\n<meta name=\"robots\" content=\"noindex, follow, max-snippet:-1, max-image-preview:large, max-video-preview:-1\" \/>\n<meta property=\"og:locale\" content=\"de_DE\" \/>\n<meta property=\"og:type\" content=\"article\" \/>\n<meta property=\"og:title\" content=\"Cookie richtlinien\" \/>\n<meta property=\"og:description\" content=\"Die Act! Cookie Richtlinien im \u00dcberblick.\" \/>\n<meta property=\"og:url\" content=\"https:\/\/products.act.com\/de\/cookie-richtlinien\/\" \/>\n<meta property=\"og:site_name\" content=\"Act!\" \/>\n<meta property=\"article:modified_time\" content=\"2022-11-16T19:28:40+00:00\" \/>\n<meta name=\"twitter:card\" content=\"summary_large_image\" \/>\n<meta name=\"twitter:label1\" content=\"Est. reading time\" \/>\n\t<meta name=\"twitter:data1\" content=\"3 minutes\" \/>\n<script type=\"application\/ld+json\" class=\"yoast-schema-graph\">{\"@context\":\"https:\/\/schema.org\",\"@graph\":[{\"@type\":\"WebPage\",\"@id\":\"https:\/\/products.act.com\/de\/cookie-richtlinien\/\",\"url\":\"https:\/\/products.act.com\/de\/cookie-richtlinien\/\",\"name\":\"Act! Cookie Richtlinien\",\"isPartOf\":{\"@id\":\"https:\/\/products.act.com\/de\/#website\"},\"datePublished\":\"2022-01-03T12:12:50+00:00\",\"dateModified\":\"2022-11-16T19:28:40+00:00\",\"description\":\"Die Act! Cookie Richtlinien im \u00dcberblick.\",\"breadcrumb\":{\"@id\":\"https:\/\/products.act.com\/de\/cookie-richtlinien\/#breadcrumb\"},\"inLanguage\":\"de-DE\",\"potentialAction\":[{\"@type\":\"ReadAction\",\"target\":[\"https:\/\/products.act.com\/de\/cookie-richtlinien\/\"]}]},{\"@type\":\"BreadcrumbList\",\"@id\":\"https:\/\/products.act.com\/de\/cookie-richtlinien\/#breadcrumb\",\"itemListElement\":[{\"@type\":\"ListItem\",\"position\":1,\"name\":\"Home\",\"item\":\"https:\/\/products.act.com\/de\/\"},{\"@type\":\"ListItem\",\"position\":2,\"name\":\"Cookie richtlinien\"}]},{\"@type\":\"WebSite\",\"@id\":\"https:\/\/products.act.com\/de\/#website\",\"url\":\"https:\/\/products.act.com\/de\/\",\"name\":\"Act!\",\"description\":\"CRM &amp; Marketing Automation in One\",\"publisher\":{\"@id\":\"https:\/\/products.act.com\/de\/#organization\"},\"potentialAction\":[{\"@type\":\"SearchAction\",\"target\":{\"@type\":\"EntryPoint\",\"urlTemplate\":\"https:\/\/products.act.com\/de\/?s={search_term_string}\"},\"query-input\":\"required name=search_term_string\"}],\"inLanguage\":\"de-DE\"},{\"@type\":\"Organization\",\"@id\":\"https:\/\/products.act.com\/de\/#organization\",\"name\":\"Act!\",\"url\":\"https:\/\/products.act.com\/de\/\",\"logo\":{\"@type\":\"ImageObject\",\"inLanguage\":\"de-DE\",\"@id\":\"https:\/\/products.act.com\/de\/#\/schema\/logo\/image\/\",\"url\":\"https:\/\/products.act.com\/wp-content\/uploads\/2021\/07\/logo_fe5000.png\",\"contentUrl\":\"https:\/\/products.act.com\/wp-content\/uploads\/2021\/07\/logo_fe5000.png\",\"width\":120,\"height\":120,\"caption\":\"Act!\"},\"image\":{\"@id\":\"https:\/\/products.act.com\/de\/#\/schema\/logo\/image\/\"}}]}<\/script>\n<!-- \/ Yoast SEO Premium plugin. -->","yoast_head_json":{"title":"Act! Cookie Richtlinien","description":"Die Act! Cookie Richtlinien im \u00dcberblick.","robots":{"index":"noindex","follow":"follow","max-snippet":"max-snippet:-1","max-image-preview":"max-image-preview:large","max-video-preview":"max-video-preview:-1"},"og_locale":"de_DE","og_type":"article","og_title":"Cookie richtlinien","og_description":"Die Act! Cookie Richtlinien im \u00dcberblick.","og_url":"https:\/\/products.act.com\/de\/cookie-richtlinien\/","og_site_name":"Act!","article_modified_time":"2022-11-16T19:28:40+00:00","twitter_card":"summary_large_image","twitter_misc":{"Est. reading time":"3 minutes"},"schema":{"@context":"https:\/\/schema.org","@graph":[{"@type":"WebPage","@id":"https:\/\/products.act.com\/de\/cookie-richtlinien\/","url":"https:\/\/products.act.com\/de\/cookie-richtlinien\/","name":"Act! Cookie Richtlinien","isPartOf":{"@id":"https:\/\/products.act.com\/de\/#website"},"datePublished":"2022-01-03T12:12:50+00:00","dateModified":"2022-11-16T19:28:40+00:00","description":"Die Act! Cookie Richtlinien im \u00dcberblick.","breadcrumb":{"@id":"https:\/\/products.act.com\/de\/cookie-richtlinien\/#breadcrumb"},"inLanguage":"de-DE","potentialAction":[{"@type":"ReadAction","target":["https:\/\/products.act.com\/de\/cookie-richtlinien\/"]}]},{"@type":"BreadcrumbList","@id":"https:\/\/products.act.com\/de\/cookie-richtlinien\/#breadcrumb","itemListElement":[{"@type":"ListItem","position":1,"name":"Home","item":"https:\/\/products.act.com\/de\/"},{"@type":"ListItem","position":2,"name":"Cookie richtlinien"}]},{"@type":"WebSite","@id":"https:\/\/products.act.com\/de\/#website","url":"https:\/\/products.act.com\/de\/","name":"Act!","description":"CRM &amp; Marketing Automation in One","publisher":{"@id":"https:\/\/products.act.com\/de\/#organization"},"potentialAction":[{"@type":"SearchAction","target":{"@type":"EntryPoint","urlTemplate":"https:\/\/products.act.com\/de\/?s={search_term_string}"},"query-input":"required name=search_term_string"}],"inLanguage":"de-DE"},{"@type":"Organization","@id":"https:\/\/products.act.com\/de\/#organization","name":"Act!","url":"https:\/\/products.act.com\/de\/","logo":{"@type":"ImageObject","inLanguage":"de-DE","@id":"https:\/\/products.act.com\/de\/#\/schema\/logo\/image\/","url":"https:\/\/products.act.com\/wp-content\/uploads\/2021\/07\/logo_fe5000.png","contentUrl":"https:\/\/products.act.com\/wp-content\/uploads\/2021\/07\/logo_fe5000.png","width":120,"height":120,"caption":"Act!"},"image":{"@id":"https:\/\/products.act.com\/de\/#\/schema\/logo\/image\/"}}]}},"_links":{"self":[{"href":"https:\/\/products.act.com\/de\/wp-json\/wp\/v2\/pages\/43455"}],"collection":[{"href":"https:\/\/products.act.com\/de\/wp-json\/wp\/v2\/pages"}],"about":[{"href":"https:\/\/products.act.com\/de\/wp-json\/wp\/v2\/types\/page"}],"author":[{"embeddable":true,"href":"https:\/\/products.act.com\/de\/wp-json\/wp\/v2\/users\/4"}],"replies":[{"embeddable":true,"href":"https:\/\/products.act.com\/de\/wp-json\/wp\/v2\/comments?post=43455"}],"version-history":[{"count":0,"href":"https:\/\/products.act.com\/de\/wp-json\/wp\/v2\/pages\/43455\/revisions"}],"wp:attachment":[{"href":"https:\/\/products.act.com\/de\/wp-json\/wp\/v2\/media?parent=43455"}],"wp:term":[{"taxonomy":"category","embeddable":true,"href":"https:\/\/products.act.com\/de\/wp-json\/wp\/v2\/categories?post=43455"},{"taxonomy":"post_tag","embeddable":true,"href":"https:\/\/products.act.com\/de\/wp-json\/wp\/v2\/tags?post=43455"},{"taxonomy":"folder","embeddable":true,"href":"https:\/\/products.act.com\/de\/wp-json\/wp\/v2\/folder?post=43455"}],"curies":[{"name":"wp","href":"https:\/\/api.w.org\/{rel}","templated":true}]}}